{"id":8699,"date":"1970-01-01T00:00:00","date_gmt":"1970-01-01T00:00:00","guid":{"rendered":"https:\/\/elfsight.com\/es\/?page_id=8699"},"modified":"2025-02-06T15:31:14","modified_gmt":"2025-02-06T15:31:14","slug":"jquery","status":"publish","type":"page","link":"https:\/\/elfsight.com\/es\/background-music-widget\/jquery\/","title":{"rendered":"Background Music &#8211; jQuery"},"content":{"rendered":"<div class=\"application-platform-content-item-description application-platform-content-item\" id=\"description\" data-nav-section=\"description\"> <h2>Descripci\u00f3n<\/h2> <p>Elfsight Background Audio es un widget sencillo para jQuery que le brinda la oportunidad de reproducir pistas de m\u00fasica directamente en las p\u00e1ginas de su sitio. La herramienta es sumamente personalizable: puede cambiar su posici\u00f3n, ubicarla en cualquier lugar de la p\u00e1gina, escalar su tama\u00f1o, cambiar el color del fondo y todas las dem\u00e1s partes para combinarlo con el dise\u00f1o de su sitio, aplicar un tema oscuro, mostrar portadas y mostrar u ocultar otros 4 componentes del reproductor, por ejemplo la barra de progreso, el encabezado y otros. Incluye tantas pistas como quieras para deleitar a tu audiencia, activa la reproducci\u00f3n autom\u00e1tica y no lo dudes: \u00a1tus visitantes no abandonar\u00e1n tu sitio inmediatamente!<\/p> <p><b>\u00a1Con el reproductor de m\u00fasica de fondo Elfsight, experimenta un s\u00f3lido desarrollo comercial y m\u00e1s ventas!<\/b><\/p> <\/div> <div class=\"application-platform-content-item-features application-platform-content-item\" id=\"features\" data-nav-section=\"features\"> <h2>Estos son solo algunos de los numerosos widgets caracter\u00edsticas:<\/h2> <ul><li>Alteraciones de color ilimitadas<\/li><li>Esquema de colores oscuros\/claros<\/li><li>Dise\u00f1o flexible<\/li><li>2 dise\u00f1os listos para usar<\/li><li>Una oportunidad para usar la imagen de fondo<\/li><\/ul><p><a href=\"#demo\">Puedes ver cu\u00e1ndo se ofrece el widget usando la demostraci\u00f3n<\/a><\/p> <\/div> <div class=\"application-platform-content-item-installation application-platform-content-item\" id=\"installation\" data-nav-section=\"installation\"> <h2>\u00bfC\u00f3mo agregar m\u00fasica de fondo a mi sitio web jQuery? <\/h2> <p>Simplemente siga las pautas a continuaci\u00f3n para agregar la herramienta. <\/p> <ol><li><b>Abre nuestro editor gratuito y comienza a darle forma a tu widget \u00fanico. <\/b><br> Elija el dise\u00f1o y las caracter\u00edsticas preferibles del widget y guarde las ediciones.<\/li> <li><b>Reciba el c\u00f3digo \u00fanico que aparece en el formulario especial en las aplicaciones Elfsight<\/b><br> Una vez completada la personalizaci\u00f3n de su complemento personal, copie el c\u00f3digo individual en el cuadro que aparece y gu\u00e1rdelo para futuras ocasiones.<\/li> <li><b>Ingrese al uso del audio de fondo en su p\u00e1gina web jQuery<\/b><br> Implemente el c\u00f3digo copiado anteriormente en su sitio web y aplique el modificaciones.<\/li> <li><b>\u00a1Listo! La integraci\u00f3n se ha realizado por completo<\/b><br> Visite su sitio web para examinar el funcionamiento del widget.<\/li><\/ol> <p>Si tiene alguna pregunta o tiene alguna dificultad, no dude en comunicarse con nuestro equipo de soporte. Nuestra gente desea ayudarle con todas las preguntas que pueda tener sobre el complemento.<\/p> <\/div>","protected":false},"excerpt":{"rendered":"","protected":false},"author":9,"featured_media":0,"parent":501,"menu_order":0,"comment_status":"closed","ping_status":"closed","template":"templates\/template-application-platform.php","meta":{"publish_to_discourse":"","publish_post_category":"","wpdc_auto_publish_overridden":"","wpdc_topic_tags":"","wpdc_pin_topic":"","wpdc_pin_until":"","discourse_post_id":"","discourse_permalink":"","wpdc_publishing_response":"","wpdc_publishing_error":"","footnotes":""},"class_list":["post-8699","page","type-page","status-publish","hentry"],"yoast_head":"<!-- This site is optimized with the Yoast SEO plugin v25.3.1 - https:\/\/yoast.com\/wordpress\/plugins\/seo\/ -->\n<title>Complemento del reproductor de m\u00fasica de fondo para el sitio web jQuery (f\u00e1cil y gratuito)<\/title>\n<meta name=\"description\" content=\"Agregue un complemento flexible de m\u00fasica de fondo a su sitio web jQuery. Utilice la demostraci\u00f3n manejable y cree su reproductor de audio en solo un par de minutos.\" \/>\n<meta name=\"robots\" content=\"index, follow, max-snippet:-1, max-image-preview:large, max-video-preview:-1\" \/>\n<link rel=\"canonical\" href=\"https:\/\/elfsight.com\/es\/background-music-widget\/jquery\/\" \/>\n<meta property=\"og:locale\" content=\"es_ES\" \/>\n<meta property=\"og:type\" content=\"article\" \/>\n<meta property=\"og:title\" content=\"Complemento del reproductor de m\u00fasica de fondo para el sitio web jQuery (f\u00e1cil y gratuito)\" \/>\n<meta property=\"og:description\" content=\"Agregue un complemento flexible de m\u00fasica de fondo a su sitio web jQuery. Utilice la demostraci\u00f3n manejable y cree su reproductor de audio en solo un par de minutos.\" \/>\n<meta property=\"og:url\" content=\"https:\/\/elfsight.com\/es\/background-music-widget\/jquery\/\" \/>\n<meta property=\"og:site_name\" content=\"Elfsight ES\" \/>\n<meta property=\"article:modified_time\" content=\"2025-02-06T15:31:14+00:00\" \/>\n<meta name=\"twitter:card\" content=\"summary_large_image\" \/>\n<meta name=\"twitter:label1\" content=\"Tiempo de lectura\" \/>\n\t<meta name=\"twitter:data1\" content=\"2 minutos\" \/>\n<!-- \/ Yoast SEO plugin. -->","yoast_head_json":{"title":"Complemento del reproductor de m\u00fasica de fondo para el sitio web jQuery (f\u00e1cil y gratuito)","description":"Agregue un complemento flexible de m\u00fasica de fondo a su sitio web jQuery. Utilice la demostraci\u00f3n manejable y cree su reproductor de audio en solo un par de minutos.","robots":{"index":"index","follow":"follow","max-snippet":"max-snippet:-1","max-image-preview":"max-image-preview:large","max-video-preview":"max-video-preview:-1"},"canonical":"https:\/\/elfsight.com\/es\/background-music-widget\/jquery\/","og_locale":"es_ES","og_type":"article","og_title":"Complemento del reproductor de m\u00fasica de fondo para el sitio web jQuery (f\u00e1cil y gratuito)","og_description":"Agregue un complemento flexible de m\u00fasica de fondo a su sitio web jQuery. Utilice la demostraci\u00f3n manejable y cree su reproductor de audio en solo un par de minutos.","og_url":"https:\/\/elfsight.com\/es\/background-music-widget\/jquery\/","og_site_name":"Elfsight ES","article_modified_time":"2025-02-06T15:31:14+00:00","twitter_card":"summary_large_image","twitter_misc":{"Tiempo de lectura":"2 minutos"},"schema":{"@context":"https:\/\/schema.org","@graph":[{"@type":"WebPage","@id":"https:\/\/elfsight.com\/es\/background-music-widget\/jquery\/","url":"https:\/\/elfsight.com\/es\/background-music-widget\/jquery\/","name":"Complemento del reproductor de m\u00fasica de fondo para el sitio web jQuery (f\u00e1cil y gratuito)","isPartOf":{"@id":"https:\/\/elfsight.com\/es\/#website"},"datePublished":"1970-01-01T00:00:00+00:00","dateModified":"2025-02-06T15:31:14+00:00","description":"Agregue un complemento flexible de m\u00fasica de fondo a su sitio web jQuery. Utilice la demostraci\u00f3n manejable y cree su reproductor de audio en solo un par de minutos.","breadcrumb":{"@id":"https:\/\/elfsight.com\/es\/background-music-widget\/jquery\/#breadcrumb"},"inLanguage":"es","potentialAction":[{"@type":"ReadAction","target":["https:\/\/elfsight.com\/es\/background-music-widget\/jquery\/"]}]},{"@type":"BreadcrumbList","@id":"https:\/\/elfsight.com\/es\/background-music-widget\/jquery\/#breadcrumb","itemListElement":[{"@type":"ListItem","position":1,"name":"Home","item":"https:\/\/elfsight.com\/es\/"},{"@type":"ListItem","position":2,"name":"Background Music","item":"https:\/\/elfsight.com\/es\/background-music-widget\/"},{"@type":"ListItem","position":3,"name":"Background Music &#8211; jQuery"}]},{"@type":"WebSite","@id":"https:\/\/elfsight.com\/es\/#website","url":"https:\/\/elfsight.com\/es\/","name":"Elfsight ES","description":"Just another Elfsight Sites site","potentialAction":[{"@type":"SearchAction","target":{"@type":"EntryPoint","urlTemplate":"https:\/\/elfsight.com\/es\/?s={search_term_string}"},"query-input":{"@type":"PropertyValueSpecification","valueRequired":true,"valueName":"search_term_string"}}],"inLanguage":"es"}]}},"meta_box":{"industry":"","seo_heading":"","heading":"","description":"","cta_heading":"","cta_description":"","application":"500","h1":"Complemento jQuery de m\u00fasica de fondo","h1_caption":"Implemente una opci\u00f3n entretenida en su sitio y obtenga m\u00e1s clientes agradecidos r\u00e1pidamente","application_category":[],"applications_title":"","applications_request_title":"","applications_request_button_text":"","hero_text":"","hero_video":"","hero_video_schema_markup":"","selling_points_title":"","selling_points_caption":"","selling_points":[],"selling_points_cta_text":"","features_title":"","features":"","ed_cta_examples_text":"","ed_cta_examples_hidden":"","ed_cta_demo_text":"","ed_cta_demo_hidden":"","why_caption":"","why_editor_title":"","why_editor_text":"","why_team_title":"","why_team_text":"","why_service_title":"","why_service_text":"","template_catalog_visible":"","template_catalog_title":"","template_catalog_text":"","template_catalog_categories_visible":"","demo_title":"Crea tu complemento de m\u00fasica de fondo","demo_caption":"\u00a1Configura tu m\u00fasica de fondo y agr\u00e9gala a tu sitio web jQuery gratis!","default_faq_hidden":"","app_template_category":[],"platform":"76","template_public_id":"","codecanyon_url":"","codecanyon_item_id":"","codecanyon_price":"","pricing_caption":"","pricing_elfsight_apps_hide_column":"","pricing_elfsight_apps_url":"","pricing_codecanyon_price_caption":"","integration_category":[],"integration_request_title":"","integration_request_cta":"","integration_platform":"","integrations":[],"platform_category":[],"video_schema_markup":"","price":"desde $0 \/ mes","trial":"","benefits":[{"text":"Ayuda de instalaci\u00f3n gratuita"},{"text":"Atenci\u00f3n al cliente experimentada"},{"text":"Garant\u00eda de reembolso de 14 d\u00edas"},{"text":"Actualizaciones gratuitas peri\u00f3dicas"}],"button_url":"#demo","button_target_blank":"","button_nofollow":"","attributes":[{"name":"Instalaciones","content":"10,000 - 100,000"},{"name":"Sensible","content":"S\u00ed"},{"name":"Navegadores compatibles","content":"Firefox, Safari, Opera, Chrome, Edge"}],"tags":[],"tags_disable_links":"","hide_more_platforms":"","video_object":"","demo_hide_cta":"","demo_hide_cloud_options":"","pricing_title":"","pricing":[{"pricing_icon":"platform","pricing_title":"Elfsight Apps","pricing_title_caption":"Soluci\u00f3n multiplataforma que se adapta a cualquier sitio.","pricing_price":"desde $0 \/ mes","pricing_price_caption":"comienza con un plan gratuito","pricing_benefits":[{"text":"Sitios web ilimitados"},{"text":"Soporte premium y bien documentado."},{"text":"Asistencia de instalaci\u00f3n gratuita"},{"text":"Dise\u00f1o flexible"}],"pricing_button_text":"A\u00f1adir al sitio web","pricing_button_url":"#demo"}],"related_apps_title":"","related_apps_hidden":"","author":"","image":[],"title":"","job":"","social_networks":[]},"_links":{"self":[{"href":"https:\/\/elfsight.com\/es\/wp-json\/wp\/v2\/pages\/8699","targetHints":{"allow":["GET"]}}],"collection":[{"href":"https:\/\/elfsight.com\/es\/wp-json\/wp\/v2\/pages"}],"about":[{"href":"https:\/\/elfsight.com\/es\/wp-json\/wp\/v2\/types\/page"}],"author":[{"embeddable":true,"href":"https:\/\/elfsight.com\/es\/wp-json\/wp\/v2\/users\/9"}],"replies":[{"embeddable":true,"href":"https:\/\/elfsight.com\/es\/wp-json\/wp\/v2\/comments?post=8699"}],"version-history":[{"count":2,"href":"https:\/\/elfsight.com\/es\/wp-json\/wp\/v2\/pages\/8699\/revisions"}],"predecessor-version":[{"id":18419,"href":"https:\/\/elfsight.com\/es\/wp-json\/wp\/v2\/pages\/8699\/revisions\/18419"}],"up":[{"embeddable":true,"href":"https:\/\/elfsight.com\/es\/wp-json\/wp\/v2\/pages\/501"}],"wp:attachment":[{"href":"https:\/\/elfsight.com\/es\/wp-json\/wp\/v2\/media?parent=8699"}],"curies":[{"name":"wp","href":"https:\/\/api.w.org\/{rel}","templated":true}]}}