{"id":8693,"date":"1970-01-01T00:00:00","date_gmt":"1970-01-01T00:00:00","guid":{"rendered":"https:\/\/elfsight.com\/es\/?page_id=8693"},"modified":"2025-02-06T15:31:22","modified_gmt":"2025-02-06T15:31:22","slug":"jimdo","status":"publish","type":"page","link":"https:\/\/elfsight.com\/es\/background-music-widget\/jimdo\/","title":{"rendered":"Background Music &#8211; Jimdo"},"content":{"rendered":"<div class=\"application-platform-content-item-description application-platform-content-item\" id=\"description\" data-nav-section=\"description\"> <h2>Descripci\u00f3n<\/h2> <p>El widget de m\u00fasica de fondo de Elfsight es un complemento sencillo que le permite reproducir pistas de audio directamente en su sitio web. El complemento es sumamente ajustable: puede alterar su posici\u00f3n, coloc\u00e1ndolo en cualquier lugar de la p\u00e1gina, escalar su tama\u00f1o, cambiar el color del fondo y otros elementos para mezclarlo con el dise\u00f1o de su sitio, emplear una combinaci\u00f3n de colores oscuros, revelar portadas y mostrar u ocultar 3 detalles adicionales del reproductor, por ejemplo, la barra de progreso y muchos m\u00e1s. Puede cargar tantas pistas como desee para atraer a sus usuarios, active la opci\u00f3n de reproducci\u00f3n autom\u00e1tica y aseg\u00farese de que sus visitantes no abandonen su sitio web apresuradamente. <\/p><p><b>\u00a1Integre m\u00fasica de fondo para simplificar los desaf\u00edos de su negocio! <\/b><\/p> <\/div> <div class=\"application-platform-content-item-features application-platform-content-item\" id=\"features\" data-nav-section=\"features\"> <h2>Estas son las caracter\u00edsticas centrales del widget: <\/h2> <ul><li>Numerosas variaciones de color<\/li><li>Esquema de color oscuro\/claro<\/li><li>Dise\u00f1o responsivo<\/li><li>2 dise\u00f1os aplicables<\/li><li>Posibilidad de usar una imagen de fondo<\/li><li>Un ilimitado n\u00famero de pistas<\/li><li>Posibilidad de formar su combinaci\u00f3n de colores personalizada<\/li><li>Formatos admitidos: mp3, ogv, HLS (mThreeu8), DASH (mpd), mp4, webm<\/li><li>Opci\u00f3n de reproducci\u00f3n autom\u00e1tica<\/li><li>Agregue pistas por URL o directamente desde su dispositivo<\/li><\/ul><p><a href=\"#demo\">Puede explorar todas las capacidades del widget en la demostraci\u00f3n a continuaci\u00f3n<\/a><\/p> <\/div> <div class=\"application-platform-content-item-installation application-platform-content-item\" id=\"installation\" data-nav-section=\"installation\"> <h2>\u00bfC\u00f3mo puedo a\u00f1adir m\u00fasica de fondo a mi p\u00e1gina web de Jimdo? <\/h2> <p>Simplemente siga las pautas a continuaci\u00f3n para insertar el widget. <\/p> <ol><li><b>Abre nuestro configurador gratuito y comienza a formar tu instrumento personalizado. <\/b><br> Determine el dise\u00f1o y los par\u00e1metros preferibles del widget y guarde las modificaciones. <\/li> <li><b>Obtenga el c\u00f3digo \u00fanico que se muestra en la ventana de Elfsight Apps. <\/b><br> Una vez finalizada la configuraci\u00f3n de su herramienta, copie el c\u00f3digo exclusivo en la ventana emergente que aparece y gu\u00e1rdelo para ocasiones posteriores. <\/li> <li><b>Empiece a utilizar el widget en el sitio web de Jimdo. <\/b><br>Integre el c\u00f3digo que ha guardado recientemente en su sitio web y guarde las ediciones. <\/li> <li><b>\u00a1Ya terminaste! La incrustaci\u00f3n se realiza con \u00e9xito. <\/b><br>Vaya a su p\u00e1gina para ver c\u00f3mo funciona la herramienta. <\/li><\/ol> <p>En caso de tener dudas o encontrarse con algunas complicaciones, no dude en comunicarse con nuestro personal de atenci\u00f3n al cliente. Nuestros consultores est\u00e1n ansiosos por ayudarle con todas las preguntas que pueda tener sobre el producto. <\/p> <\/div>","protected":false},"excerpt":{"rendered":"","protected":false},"author":9,"featured_media":0,"parent":501,"menu_order":0,"comment_status":"closed","ping_status":"closed","template":"templates\/template-application-platform.php","meta":{"publish_to_discourse":"","publish_post_category":"","wpdc_auto_publish_overridden":"","wpdc_topic_tags":"","wpdc_pin_topic":"","wpdc_pin_until":"","discourse_post_id":"","discourse_permalink":"","wpdc_publishing_response":"","wpdc_publishing_error":"","footnotes":""},"class_list":["post-8693","page","type-page","status-publish","hentry"],"yoast_head":"<!-- This site is optimized with the Yoast SEO plugin v25.3.1 - https:\/\/yoast.com\/wordpress\/plugins\/seo\/ -->\n<title>Audio de fondo: a\u00f1ade m\u00fasica de fondo al sitio web de Jimdo<\/title>\n<meta name=\"description\" content=\"A\u00f1ade m\u00fasica de fondo al sitio web de Jimdo. Ejecute la \u00fatil demostraci\u00f3n de Elfsight y cree su widget de audio personalizado en solo un par de minutos.\" \/>\n<meta name=\"robots\" content=\"index, follow, max-snippet:-1, max-image-preview:large, max-video-preview:-1\" \/>\n<link rel=\"canonical\" href=\"https:\/\/elfsight.com\/es\/background-music-widget\/jimdo\/\" \/>\n<meta property=\"og:locale\" content=\"es_ES\" \/>\n<meta property=\"og:type\" content=\"article\" \/>\n<meta property=\"og:title\" content=\"Audio de fondo: a\u00f1ade m\u00fasica de fondo al sitio web de Jimdo\" \/>\n<meta property=\"og:description\" content=\"A\u00f1ade m\u00fasica de fondo al sitio web de Jimdo. Ejecute la \u00fatil demostraci\u00f3n de Elfsight y cree su widget de audio personalizado en solo un par de minutos.\" \/>\n<meta property=\"og:url\" content=\"https:\/\/elfsight.com\/es\/background-music-widget\/jimdo\/\" \/>\n<meta property=\"og:site_name\" content=\"Elfsight ES\" \/>\n<meta property=\"article:modified_time\" content=\"2025-02-06T15:31:22+00:00\" \/>\n<meta name=\"twitter:card\" content=\"summary_large_image\" \/>\n<meta name=\"twitter:label1\" content=\"Tiempo de lectura\" \/>\n\t<meta name=\"twitter:data1\" content=\"2 minutos\" \/>\n<!-- \/ Yoast SEO plugin. -->","yoast_head_json":{"title":"Audio de fondo: a\u00f1ade m\u00fasica de fondo al sitio web de Jimdo","description":"A\u00f1ade m\u00fasica de fondo al sitio web de Jimdo. Ejecute la \u00fatil demostraci\u00f3n de Elfsight y cree su widget de audio personalizado en solo un par de minutos.","robots":{"index":"index","follow":"follow","max-snippet":"max-snippet:-1","max-image-preview":"max-image-preview:large","max-video-preview":"max-video-preview:-1"},"canonical":"https:\/\/elfsight.com\/es\/background-music-widget\/jimdo\/","og_locale":"es_ES","og_type":"article","og_title":"Audio de fondo: a\u00f1ade m\u00fasica de fondo al sitio web de Jimdo","og_description":"A\u00f1ade m\u00fasica de fondo al sitio web de Jimdo. Ejecute la \u00fatil demostraci\u00f3n de Elfsight y cree su widget de audio personalizado en solo un par de minutos.","og_url":"https:\/\/elfsight.com\/es\/background-music-widget\/jimdo\/","og_site_name":"Elfsight ES","article_modified_time":"2025-02-06T15:31:22+00:00","twitter_card":"summary_large_image","twitter_misc":{"Tiempo de lectura":"2 minutos"},"schema":{"@context":"https:\/\/schema.org","@graph":[{"@type":"WebPage","@id":"https:\/\/elfsight.com\/es\/background-music-widget\/jimdo\/","url":"https:\/\/elfsight.com\/es\/background-music-widget\/jimdo\/","name":"Audio de fondo: a\u00f1ade m\u00fasica de fondo al sitio web de Jimdo","isPartOf":{"@id":"https:\/\/elfsight.com\/es\/#website"},"datePublished":"1970-01-01T00:00:00+00:00","dateModified":"2025-02-06T15:31:22+00:00","description":"A\u00f1ade m\u00fasica de fondo al sitio web de Jimdo. Ejecute la \u00fatil demostraci\u00f3n de Elfsight y cree su widget de audio personalizado en solo un par de minutos.","breadcrumb":{"@id":"https:\/\/elfsight.com\/es\/background-music-widget\/jimdo\/#breadcrumb"},"inLanguage":"es","potentialAction":[{"@type":"ReadAction","target":["https:\/\/elfsight.com\/es\/background-music-widget\/jimdo\/"]}]},{"@type":"BreadcrumbList","@id":"https:\/\/elfsight.com\/es\/background-music-widget\/jimdo\/#breadcrumb","itemListElement":[{"@type":"ListItem","position":1,"name":"Home","item":"https:\/\/elfsight.com\/es\/"},{"@type":"ListItem","position":2,"name":"Background Music","item":"https:\/\/elfsight.com\/es\/background-music-widget\/"},{"@type":"ListItem","position":3,"name":"Background Music &#8211; Jimdo"}]},{"@type":"WebSite","@id":"https:\/\/elfsight.com\/es\/#website","url":"https:\/\/elfsight.com\/es\/","name":"Elfsight ES","description":"Just another Elfsight Sites site","potentialAction":[{"@type":"SearchAction","target":{"@type":"EntryPoint","urlTemplate":"https:\/\/elfsight.com\/es\/?s={search_term_string}"},"query-input":{"@type":"PropertyValueSpecification","valueRequired":true,"valueName":"search_term_string"}}],"inLanguage":"es"}]}},"meta_box":{"industry":"","seo_heading":"","heading":"","description":"","cta_heading":"","cta_description":"","application":"500","h1":"Widget de m\u00fasica de fondo de Jimdo","h1_caption":"Agregue una opci\u00f3n atractiva a su sitio web y atraiga m\u00e1s clientes agradecidos r\u00e1pidamente","application_category":[],"applications_title":"","applications_request_title":"","applications_request_button_text":"","hero_text":"","hero_video":"","hero_video_schema_markup":"","selling_points_title":"","selling_points_caption":"","selling_points":[],"selling_points_cta_text":"","features_title":"","features":"","ed_cta_examples_text":"","ed_cta_examples_hidden":"","ed_cta_demo_text":"","ed_cta_demo_hidden":"","why_caption":"","why_editor_title":"","why_editor_text":"","why_team_title":"","why_team_text":"","why_service_title":"","why_service_text":"","template_catalog_visible":"","template_catalog_title":"","template_catalog_text":"","template_catalog_categories_visible":"","demo_title":"Crea tu widget de m\u00fasica de fondo","demo_caption":"\u00a1Configura tu m\u00fasica de fondo y a\u00f1\u00e1dela a tu sitio web Jimdo gratis!","default_faq_hidden":"","app_template_category":[],"platform":"2198","template_public_id":"","codecanyon_url":"","codecanyon_item_id":"","codecanyon_price":"","pricing_caption":"","pricing_elfsight_apps_hide_column":"","pricing_elfsight_apps_url":"","pricing_codecanyon_price_caption":"","integration_category":[],"integration_request_title":"","integration_request_cta":"","integration_platform":"","integrations":[],"platform_category":[],"video_schema_markup":"","price":"desde $0 \/ mes","trial":"","benefits":[{"text":"Servicio de instalaci\u00f3n gratuito"},{"text":"Servicio al cliente competente"},{"text":"Garant\u00eda de reembolso de 14 d\u00edas"},{"text":"Futuras actualizaciones gratuitas"}],"button_url":"#demo","button_target_blank":"","button_nofollow":"","attributes":[{"name":"Instalaciones","content":"10,000 - 100,000"},{"name":"Sensible","content":"S\u00ed"},{"name":"Navegadores compatibles","content":"Firefox, Safari, Opera, Chrome, Edge"}],"tags":[],"tags_disable_links":"","hide_more_platforms":"","video_object":"","demo_hide_cta":"","demo_hide_cloud_options":"","pricing_title":"","pricing":[{"pricing_icon":"platform","pricing_title":"Elfsight Apps","pricing_title_caption":"Soluci\u00f3n independiente de plataforma que funciona en cualquier sitio","pricing_price":"desde $0 \/ mes","pricing_price_caption":"comienza con un plan gratuito","pricing_benefits":[{"text":"Sitios web ilimitados"},{"text":"Atenci\u00f3n al cliente 24 horas al d\u00eda, 7 d\u00edas a la semana"},{"text":"Asistencia de instalaci\u00f3n gratuita"},{"text":"100% personalizable"}],"pricing_button_text":"A\u00f1adir al sitio web","pricing_button_url":"#demo"}],"related_apps_title":"","related_apps_hidden":"","author":"","image":[],"title":"","job":"","social_networks":[]},"_links":{"self":[{"href":"https:\/\/elfsight.com\/es\/wp-json\/wp\/v2\/pages\/8693","targetHints":{"allow":["GET"]}}],"collection":[{"href":"https:\/\/elfsight.com\/es\/wp-json\/wp\/v2\/pages"}],"about":[{"href":"https:\/\/elfsight.com\/es\/wp-json\/wp\/v2\/types\/page"}],"author":[{"embeddable":true,"href":"https:\/\/elfsight.com\/es\/wp-json\/wp\/v2\/users\/9"}],"replies":[{"embeddable":true,"href":"https:\/\/elfsight.com\/es\/wp-json\/wp\/v2\/comments?post=8693"}],"version-history":[{"count":2,"href":"https:\/\/elfsight.com\/es\/wp-json\/wp\/v2\/pages\/8693\/revisions"}],"predecessor-version":[{"id":18421,"href":"https:\/\/elfsight.com\/es\/wp-json\/wp\/v2\/pages\/8693\/revisions\/18421"}],"up":[{"embeddable":true,"href":"https:\/\/elfsight.com\/es\/wp-json\/wp\/v2\/pages\/501"}],"wp:attachment":[{"href":"https:\/\/elfsight.com\/es\/wp-json\/wp\/v2\/media?parent=8693"}],"curies":[{"name":"wp","href":"https:\/\/api.w.org\/{rel}","templated":true}]}}