{"id":8692,"date":"1970-01-01T00:00:00","date_gmt":"1970-01-01T00:00:00","guid":{"rendered":"https:\/\/elfsight.com\/es\/?page_id=8692"},"modified":"2025-02-06T15:31:22","modified_gmt":"2025-02-06T15:31:22","slug":"iframe","status":"publish","type":"page","link":"https:\/\/elfsight.com\/es\/background-music-widget\/iframe\/","title":{"rendered":"Background Music &#8211; iFrame"},"content":{"rendered":"<div class=\"application-platform-content-item-description application-platform-content-item\" id=\"description\" data-nav-section=\"description\"> <h2>Incrustar m\u00fasica de fondo en iFrame con el widget Elfsight<\/h2> <p>El reproductor de audio de fondo es una herramienta sencilla que le brinda la oportunidad de reproducir pistas de m\u00fasica directamente en sus p\u00e1ginas web utilizando el c\u00f3digo Elfsight iFrame. El widget es totalmente modificable: eres libre de alterar su posici\u00f3n, insertarlo en cualquier lugar de la p\u00e1gina, escalar su tama\u00f1o, modificar el fondo y otros elementos para mezclarlo con el estilo de tu sitio, usar tema oscuro, mostrar im\u00e1genes y mostrar u ocultar otros 4 detalles del reproductor, por ejemplo, barra de progreso, encabezado y otros. Agregue todas las pistas que desee para entretener a su audiencia, active la reproducci\u00f3n autom\u00e1tica y no tenga dudas: \u00a1sus visitantes no abandonar\u00e1n su p\u00e1gina web r\u00e1pidamente!<\/p> <p><b>\u00a1Integre el reproductor de m\u00fasica de fondo Elfsight para lograr sus objetivos comerciales m\u00e1s r\u00e1pido!<\/b><\/p> <\/div> <div class=\"application-platform-content-item-features application-platform-content-item\" id=\"features\" data-nav-section=\"features\"> <h2>Vea la lista de las funciones m\u00e1s valiosas: <\/h2> <ul><li>Varias variaciones de color<\/li><li>Tema de color oscuro\/claro<\/li><li>Dise\u00f1o maleable<\/li><li>Dos dise\u00f1os aplicables<\/li><li>Una opci\u00f3n para usar una imagen de fondo<\/li><\/ul><p><a href=\"#demo\">Puedes descubrir la funcionalidad completa del widget en la demostraci\u00f3n a continuaci\u00f3n<\/a><\/p> <\/div> <div class=\"application-platform-content-item-installation application-platform-content-item\" id=\"installation\" data-nav-section=\"installation\"> <h2>\u00bfC\u00f3mo agregar c\u00f3digo Iframe con m\u00fasica de fondo al sitio web?<\/h2> <p>Simplemente aplique las instrucciones a continuaci\u00f3n para activar el widget. <\/p> <ol><li><b>Administrando nuestro configurador gratuito comienza a crear tu propio widget. <\/b><br> Encuentre el aspecto y las opciones deseables del complemento y aplique las correcciones. <\/li> <li><b>Adquiera el c\u00f3digo individual que aparece en el formulario especial de Elfsight Apps<\/b><br> Cuando finalice la creaci\u00f3n de su herramienta personal, copie el c\u00f3digo exclusivo de la ventana que aparece y gu\u00e1rdelo para futuras ocasiones. <\/li> <li><b>Entra sobre el uso del audio de fondo en tu sitio web iFrame<\/b><br> Agrega el c\u00f3digo que has copiado recientemente en tu p\u00e1gina web y guarda las correcciones. <\/li> <li><b>\u00a1Listo! La configuraci\u00f3n est\u00e1 completamente realizada<\/b><br> Visite su p\u00e1gina para ver el funcionamiento del complemento.<\/li><\/ol> <p>Si tiene consultas o se encuentra con algunas complicaciones, no dude en comunicarse con nuestro personal de servicio al cliente. Nuestra gente estar\u00e1 encantada de ayudarle con todas las preguntas que pueda tener sobre el producto. <\/p> <div class=\"faq\" data-component=\"FAQ\"><div class=\"faq-item\">\r\n\t\t\t\t\t<div class=\"faq-item-question\">\r\n\t\t\t\t\t\t<h3 class=\"faq-item-question-text\">\u00bfC\u00f3mo puedo incrustar un widget de m\u00fasica de fondo iFrame en mi sitio web iFrame sin conocimientos de codificaci\u00f3n?<\/h3>\r\n\r\n\t\t\t\t\t\t<div class=\"faq-item-question-icon\"><\/div>\r\n\t\t\t\t\t<\/div>\r\n\r\n\t\t\t\t\t<div class=\"faq-item-answer\">\r\n\t\t\t\t\t\t<div class=\"faq-item-answer-text\"><p>Elfsight ofrece una soluci\u00f3n basada en la nube que permite a los usuarios incrustar un widget de m\u00fasica de fondo iFrame por su cuenta. Vea lo sencillo que es el proceso:<\/p><ul><li>Acceda al editor en l\u00ednea para generar una secci\u00f3n del widget de m\u00fasica de fondo iFrame que le gustar\u00eda integrar en su Squarespace. sitio.<\/li><li>Elija una de nuestras plantillas predise\u00f1adas y personalice la configuraci\u00f3n del widget de m\u00fasica de fondo iFrame, modifique el dise\u00f1o y la combinaci\u00f3n de colores, incluya su contenido sin necesidad de codificaci\u00f3n.<\/li><li>Guarde los ajustes que configur\u00f3 para el widget de m\u00fasica de fondo iFrame y obtenga el c\u00f3digo del widget para incrustarlo, que puede agregarse sin esfuerzo a su sitio de Squarespace sin costo alguno.<\/li><\/ul><p>Al trabajar en el editor f\u00e1cil de usar, cualquier usuario de Internet pueden crear una secci\u00f3n de widget de m\u00fasica de fondo iFrame e incrustarla en su sitio web de Squarespace. No es necesario realizar ning\u00fan pago ni revelar la informaci\u00f3n de su tarjeta para acceder al Editor de Elfsight. Si encuentra alguna dificultad en cualquier etapa, no dude en comunicarse con nuestro servicio de atenci\u00f3n al cliente.<\/p><\/div>\r\n\t\t\t\t\t<\/div>\r\n\t\t\t\t<\/div><\/div><\/div>","protected":false},"excerpt":{"rendered":"","protected":false},"author":9,"featured_media":0,"parent":501,"menu_order":0,"comment_status":"closed","ping_status":"closed","template":"templates\/template-application-platform.php","meta":{"publish_to_discourse":"","publish_post_category":"","wpdc_auto_publish_overridden":"","wpdc_topic_tags":"","wpdc_pin_topic":"","wpdc_pin_until":"","discourse_post_id":"","discourse_permalink":"","wpdc_publishing_response":"","wpdc_publishing_error":"","footnotes":""},"class_list":["post-8692","page","type-page","status-publish","hentry"],"yoast_head":"<!-- This site is optimized with the Yoast SEO plugin v25.3.1 - https:\/\/yoast.com\/wordpress\/plugins\/seo\/ -->\n<title>C\u00f3digo iFrame para el reproductor de m\u00fasica de fondo del sitio web (r\u00e1pido y gratuito)<\/title>\n<meta name=\"description\" content=\"Agregue un reproductor de m\u00fasica de fondo flexible a su sitio web iFrame. Utilice la pr\u00e1ctica demostraci\u00f3n de Elfsight y cree su widget de audio personalizado en solo 2 minutos.\" \/>\n<meta name=\"robots\" content=\"index, follow, max-snippet:-1, max-image-preview:large, max-video-preview:-1\" \/>\n<link rel=\"canonical\" href=\"https:\/\/elfsight.com\/es\/background-music-widget\/iframe\/\" \/>\n<meta property=\"og:locale\" content=\"es_ES\" \/>\n<meta property=\"og:type\" content=\"article\" \/>\n<meta property=\"og:title\" content=\"C\u00f3digo iFrame para el reproductor de m\u00fasica de fondo del sitio web (r\u00e1pido y gratuito)\" \/>\n<meta property=\"og:description\" content=\"Agregue un reproductor de m\u00fasica de fondo flexible a su sitio web iFrame. Utilice la pr\u00e1ctica demostraci\u00f3n de Elfsight y cree su widget de audio personalizado en solo 2 minutos.\" \/>\n<meta property=\"og:url\" content=\"https:\/\/elfsight.com\/es\/background-music-widget\/iframe\/\" \/>\n<meta property=\"og:site_name\" content=\"Elfsight ES\" \/>\n<meta property=\"article:modified_time\" content=\"2025-02-06T15:31:22+00:00\" \/>\n<meta name=\"twitter:card\" content=\"summary_large_image\" \/>\n<meta name=\"twitter:label1\" content=\"Tiempo de lectura\" \/>\n\t<meta name=\"twitter:data1\" content=\"3 minutos\" \/>\n<!-- \/ Yoast SEO plugin. -->","yoast_head_json":{"title":"C\u00f3digo iFrame para el reproductor de m\u00fasica de fondo del sitio web (r\u00e1pido y gratuito)","description":"Agregue un reproductor de m\u00fasica de fondo flexible a su sitio web iFrame. Utilice la pr\u00e1ctica demostraci\u00f3n de Elfsight y cree su widget de audio personalizado en solo 2 minutos.","robots":{"index":"index","follow":"follow","max-snippet":"max-snippet:-1","max-image-preview":"max-image-preview:large","max-video-preview":"max-video-preview:-1"},"canonical":"https:\/\/elfsight.com\/es\/background-music-widget\/iframe\/","og_locale":"es_ES","og_type":"article","og_title":"C\u00f3digo iFrame para el reproductor de m\u00fasica de fondo del sitio web (r\u00e1pido y gratuito)","og_description":"Agregue un reproductor de m\u00fasica de fondo flexible a su sitio web iFrame. Utilice la pr\u00e1ctica demostraci\u00f3n de Elfsight y cree su widget de audio personalizado en solo 2 minutos.","og_url":"https:\/\/elfsight.com\/es\/background-music-widget\/iframe\/","og_site_name":"Elfsight ES","article_modified_time":"2025-02-06T15:31:22+00:00","twitter_card":"summary_large_image","twitter_misc":{"Tiempo de lectura":"3 minutos"},"schema":{"@context":"https:\/\/schema.org","@graph":[{"@type":"WebPage","@id":"https:\/\/elfsight.com\/es\/background-music-widget\/iframe\/","url":"https:\/\/elfsight.com\/es\/background-music-widget\/iframe\/","name":"C\u00f3digo iFrame para el reproductor de m\u00fasica de fondo del sitio web (r\u00e1pido y gratuito)","isPartOf":{"@id":"https:\/\/elfsight.com\/es\/#website"},"datePublished":"1970-01-01T00:00:00+00:00","dateModified":"2025-02-06T15:31:22+00:00","description":"Agregue un reproductor de m\u00fasica de fondo flexible a su sitio web iFrame. Utilice la pr\u00e1ctica demostraci\u00f3n de Elfsight y cree su widget de audio personalizado en solo 2 minutos.","breadcrumb":{"@id":"https:\/\/elfsight.com\/es\/background-music-widget\/iframe\/#breadcrumb"},"inLanguage":"es","potentialAction":[{"@type":"ReadAction","target":["https:\/\/elfsight.com\/es\/background-music-widget\/iframe\/"]}]},{"@type":"BreadcrumbList","@id":"https:\/\/elfsight.com\/es\/background-music-widget\/iframe\/#breadcrumb","itemListElement":[{"@type":"ListItem","position":1,"name":"Home","item":"https:\/\/elfsight.com\/es\/"},{"@type":"ListItem","position":2,"name":"Background Music","item":"https:\/\/elfsight.com\/es\/background-music-widget\/"},{"@type":"ListItem","position":3,"name":"Background Music &#8211; iFrame"}]},{"@type":"WebSite","@id":"https:\/\/elfsight.com\/es\/#website","url":"https:\/\/elfsight.com\/es\/","name":"Elfsight ES","description":"Just another Elfsight Sites site","potentialAction":[{"@type":"SearchAction","target":{"@type":"EntryPoint","urlTemplate":"https:\/\/elfsight.com\/es\/?s={search_term_string}"},"query-input":{"@type":"PropertyValueSpecification","valueRequired":true,"valueName":"search_term_string"}}],"inLanguage":"es"}]}},"meta_box":{"industry":"","seo_heading":"","heading":"","description":"","cta_heading":"","cta_description":"","application":"500","h1":"C\u00f3digo de m\u00fasica de fondo iFrame","h1_caption":"Incorpore una opci\u00f3n atractiva en su p\u00e1gina de inicio y obtenga m\u00e1s clientes satisfechos r\u00e1pidamente","application_category":[],"applications_title":"","applications_request_title":"","applications_request_button_text":"","hero_text":"","hero_video":"","hero_video_schema_markup":"","selling_points_title":"","selling_points_caption":"","selling_points":[],"selling_points_cta_text":"","features_title":"","features":"","ed_cta_examples_text":"","ed_cta_examples_hidden":"","ed_cta_demo_text":"","ed_cta_demo_hidden":"","why_caption":"","why_editor_title":"","why_editor_text":"","why_team_title":"","why_team_text":"","why_service_title":"","why_service_text":"","template_catalog_visible":"","template_catalog_title":"","template_catalog_text":"","template_catalog_categories_visible":"","demo_title":"Crea tu widget de m\u00fasica de fondo","demo_caption":"\u00a1Configure su m\u00fasica de fondo y agr\u00e9guela a su sitio web iFrame gratis!","default_faq_hidden":"","app_template_category":[],"platform":"2192","template_public_id":"","codecanyon_url":"","codecanyon_item_id":"","codecanyon_price":"","pricing_caption":"","pricing_elfsight_apps_hide_column":"","pricing_elfsight_apps_url":"","pricing_codecanyon_price_caption":"","integration_category":[],"integration_request_title":"","integration_request_cta":"","integration_platform":"","integrations":[],"platform_category":[],"video_schema_markup":"","price":"desde $0 \/ mes","trial":"","benefits":[{"text":"Asistencia de instalaci\u00f3n gratuita"},{"text":"Servicio al cliente profesional"},{"text":"Garant\u00eda de devoluci\u00f3n de dinero de 14 d\u00edas"},{"text":"Mejoras continuas"}],"button_url":"#demo","button_target_blank":"","button_nofollow":"","attributes":[{"name":"Instalaciones","content":"10,000 - 100,000"},{"name":"Sensible","content":"S\u00ed"},{"name":"Navegadores compatibles","content":"Firefox, Safari, Edge, Opera, Chrome"}],"tags":[],"tags_disable_links":"","hide_more_platforms":"","video_object":"","demo_hide_cta":"","demo_hide_cloud_options":"","pricing_title":"","pricing":[{"pricing_icon":"platform","pricing_title":"Elfsight Apps","pricing_title_caption":"Versi\u00f3n independiente de plataforma que se adapta a cualquier sitio web","pricing_price":"desde $0 \/ mes","pricing_price_caption":"comienza con el plan gratuito","pricing_benefits":[{"text":"N\u00famero ilimitado de sitios web"},{"text":"Soporte dedicado"},{"text":"Ayuda de instalaci\u00f3n gratuita"},{"text":"Gran oferta para m\u00faltiples aplicaciones"}],"pricing_button_text":"A\u00f1adir al sitio web","pricing_button_url":"#demo"}],"related_apps_title":"","related_apps_hidden":"","author":"","image":[],"title":"","job":"","social_networks":[]},"_links":{"self":[{"href":"https:\/\/elfsight.com\/es\/wp-json\/wp\/v2\/pages\/8692","targetHints":{"allow":["GET"]}}],"collection":[{"href":"https:\/\/elfsight.com\/es\/wp-json\/wp\/v2\/pages"}],"about":[{"href":"https:\/\/elfsight.com\/es\/wp-json\/wp\/v2\/types\/page"}],"author":[{"embeddable":true,"href":"https:\/\/elfsight.com\/es\/wp-json\/wp\/v2\/users\/9"}],"replies":[{"embeddable":true,"href":"https:\/\/elfsight.com\/es\/wp-json\/wp\/v2\/comments?post=8692"}],"version-history":[{"count":2,"href":"https:\/\/elfsight.com\/es\/wp-json\/wp\/v2\/pages\/8692\/revisions"}],"predecessor-version":[{"id":18422,"href":"https:\/\/elfsight.com\/es\/wp-json\/wp\/v2\/pages\/8692\/revisions\/18422"}],"up":[{"embeddable":true,"href":"https:\/\/elfsight.com\/es\/wp-json\/wp\/v2\/pages\/501"}],"wp:attachment":[{"href":"https:\/\/elfsight.com\/es\/wp-json\/wp\/v2\/media?parent=8692"}],"curies":[{"name":"wp","href":"https:\/\/api.w.org\/{rel}","templated":true}]}}