{"id":8691,"date":"1970-01-01T00:00:00","date_gmt":"1970-01-01T00:00:00","guid":{"rendered":"https:\/\/elfsight.com\/es\/?page_id=8691"},"modified":"2025-02-06T15:31:22","modified_gmt":"2025-02-06T15:31:22","slug":"html","status":"publish","type":"page","link":"https:\/\/elfsight.com\/es\/background-music-widget\/html\/","title":{"rendered":"Background Music &#8211; HTML"},"content":{"rendered":"<div class=\"application-platform-content-item-description application-platform-content-item\" id=\"description\" data-nav-section=\"description\"> <h2>Descripci\u00f3n<\/h2> <p>El reproductor de audio de fondo Elfsight es un widget simple que le permite reproducir pistas de m\u00fasica en las p\u00e1ginas de su sitio web HTML. El complemento es enormemente personalizable: puede alterar su posici\u00f3n, colocarlo en cualquier lugar de la p\u00e1gina, cambiar su tama\u00f1o, modificar el fondo y otras partes para mezclarlo con el estilo de su sitio web, aplicar una combinaci\u00f3n de colores oscuros, revelar portadas y mostrar u ocultar otras cuatro partes del reproductor, por ejemplo, la barra de progreso, el t\u00edtulo y muchas m\u00e1s. Puedes subir tantas pistas como necesites para deleitar a tus usuarios, activar la m\u00fasica de fondo, la opci\u00f3n de reproducci\u00f3n autom\u00e1tica y estar seguro: \u00a1tu audiencia no abandonar\u00e1 tu p\u00e1gina de inicio inmediatamente!<\/p><p><b>Con el reproductor de m\u00fasica de fondo Elfsight, observa un crecimiento activo del negocio y mayores ventas <\/b><\/p> <\/div> <div class=\"application-platform-content-item-features application-platform-content-item\" id=\"features\" data-nav-section=\"features\"> <h2>Las funciones clave del widget incluyen<\/h2> <ul><li>Numerosas variaciones de color<\/li><li>Tema de color oscuro\/claro<\/li><li>Dise\u00f1o flexible<\/li><li>Dos dise\u00f1os listos para usar<\/li><li>Una opci\u00f3n para agregar una imagen de fondo<\/li><\/ul><p><a href=\"#demo\">Simplemente consulte esta demostraci\u00f3n para tener una idea completa<\/a><\/p> <\/div> <div class=\"application-platform-content-item-installation application-platform-content-item\" id=\"installation\" data-nav-section=\"installation\"> <h2>\u00bfC\u00f3mo agregar audio de fondo a un sitio web HTML?<\/h2> <div class=\"video-container\"><iframe width=\"720\" height=\"405\" src=\"https:\/\/www.youtube.com\/embed\/g8qZXC_W18s\" frameborder=\"0\"><\/iframe><\/div><p>Simplemente siga las siguientes pautas para comenzar a trabajar con el widget. <\/p> <ol><li><b>Abra nuestra demostraci\u00f3n gratuita y comience a crear su widget personalizado.<\/b><br> Elija el dise\u00f1o seleccionado y las caracter\u00edsticas funcionales del complemento y aplique las correcciones. <\/li> <li><b>Adquiera su c\u00f3digo \u00fanico expuesto en el formulario especial en Elfsight Apps<\/b><br> Cuando finalice la generaci\u00f3n de su widget personal, copie el c\u00f3digo exclusivo de la ventana que aparece y gu\u00e1rdelo para futuras necesidades. <\/li> <li><b>Comience a aplicar el audio de fondo en su sitio HTML<\/b><br> Agregue el c\u00f3digo copiado anteriormente en su sitio web y guarde las correcciones. <\/li> <li><b>La configuraci\u00f3n ha finalizado por completo<\/b><br> Vaya a su sitio para inspeccionar el funcionamiento de la herramienta.<\/li><\/ol> <p>Si tiene consultas o encuentra algunos problemas, no dude en comunicarse con nuestro equipo de atenci\u00f3n al cliente. Nuestros consultores desean resolver todos los problemas que pueda tener con el complemento. <\/p> <\/div><div class=\"faq\" data-component=\"FAQ\"><div class=\"faq-item\">\r\n\t\t\t\t\t<div class=\"faq-item-question\">\r\n\t\t\t\t\t\t<h3 class=\"faq-item-question-text\">\u00bfC\u00f3mo puedo incrustar una m\u00fasica de fondo en mi sitio HTML?<\/h3>\r\n\r\n\t\t\t\t\t\t<div class=\"faq-item-question-icon\"><\/div>\r\n\t\t\t\t\t<\/div>\r\n\r\n\t\t\t\t\t<div class=\"faq-item-answer\">\r\n\t\t\t\t\t\t<div class=\"faq-item-answer-text\"><p>La construcci\u00f3n de la herramienta se realiza dentro del sitio de Elfsight y no es necesario codificar. Vaya a nuestra demostraci\u00f3n en vivo para ajustar su propia aplicaci\u00f3n, adquirir el c\u00f3digo e incrustarlo en su sitio web. <\/p><\/div>\r\n\t\t\t\t\t<\/div>\r\n\t\t\t\t<\/div><div class=\"faq-item\">\r\n\t\t\t\t\t<div class=\"faq-item-question\">\r\n\t\t\t\t\t\t<h3 class=\"faq-item-question-text\">Los mejores ejemplos de uso de la integraci\u00f3n del reproductor de m\u00fasica<\/h3>\r\n\r\n\t\t\t\t\t\t<div class=\"faq-item-question-icon\"><\/div>\r\n\t\t\t\t\t<\/div>\r\n\r\n\t\t\t\t\t<div class=\"faq-item-answer\">\r\n\t\t\t\t\t\t<div class=\"faq-item-answer-text\"><p>Le proporcionaremos una gran cantidad de posibilidades de personalizaci\u00f3n: widgets de tama\u00f1o completo para agregar a la zona de contenido, widgets flotantes para opciones de desplazamiento, miniaturas para el pie de p\u00e1gina, la secci\u00f3n principal y todo tipo de opciones verticales para las barras laterales y los men\u00fas del sitio web. <\/p><\/div>\r\n\t\t\t\t\t<\/div>\r\n\t\t\t\t<\/div><div class=\"faq-item\">\r\n\t\t\t\t\t<div class=\"faq-item-question\">\r\n\t\t\t\t\t\t<h3 class=\"faq-item-question-text\">\u00bfExiste alguna opci\u00f3n para crear un reproductor de Navidad o de volumen con la ayuda de tu editor?<\/h3>\r\n\r\n\t\t\t\t\t\t<div class=\"faq-item-question-icon\"><\/div>\r\n\t\t\t\t\t<\/div>\r\n\r\n\t\t\t\t\t<div class=\"faq-item-answer\">\r\n\t\t\t\t\t\t<div class=\"faq-item-answer-text\"><p>Eres libre de crear cualquier modificaci\u00f3n del widget. Hay una gran cantidad de dise\u00f1os aplicables en el editor y todos ellos pueden ajustarse r\u00e1pidamente de la manera que necesite. <\/p><\/div>\r\n\t\t\t\t\t<\/div>\r\n\t\t\t\t<\/div><\/div>","protected":false},"excerpt":{"rendered":"","protected":false},"author":9,"featured_media":0,"parent":501,"menu_order":0,"comment_status":"closed","ping_status":"closed","template":"templates\/template-application-platform.php","meta":{"publish_to_discourse":"","publish_post_category":"","wpdc_auto_publish_overridden":"","wpdc_topic_tags":"","wpdc_pin_topic":"","wpdc_pin_until":"","discourse_post_id":"","discourse_permalink":"","wpdc_publishing_response":"","wpdc_publishing_error":"","footnotes":""},"class_list":["post-8691","page","type-page","status-publish","hentry"],"yoast_head":"<!-- This site is optimized with the Yoast SEO plugin v25.3.1 - https:\/\/yoast.com\/wordpress\/plugins\/seo\/ -->\n<title>Reproductor de m\u00fasica de fondo para sitio web HTML (gratis y sin codificaci\u00f3n)<\/title>\n<meta name=\"description\" content=\"Agregue m\u00fasica de fondo a la p\u00e1gina web HTML. Utilice la demostraci\u00f3n manejable de Elfsight y cree su widget personalizado en solo 2 minutos.\" \/>\n<meta name=\"robots\" content=\"index, follow, max-snippet:-1, max-image-preview:large, max-video-preview:-1\" \/>\n<link rel=\"canonical\" href=\"https:\/\/elfsight.com\/es\/background-music-widget\/html\/\" \/>\n<meta property=\"og:locale\" content=\"es_ES\" \/>\n<meta property=\"og:type\" content=\"article\" \/>\n<meta property=\"og:title\" content=\"Reproductor de m\u00fasica de fondo para sitio web HTML (gratis y sin codificaci\u00f3n)\" \/>\n<meta property=\"og:description\" content=\"Agregue m\u00fasica de fondo a la p\u00e1gina web HTML. Utilice la demostraci\u00f3n manejable de Elfsight y cree su widget personalizado en solo 2 minutos.\" \/>\n<meta property=\"og:url\" content=\"https:\/\/elfsight.com\/es\/background-music-widget\/html\/\" \/>\n<meta property=\"og:site_name\" content=\"Elfsight ES\" \/>\n<meta property=\"article:modified_time\" content=\"2025-02-06T15:31:22+00:00\" \/>\n<meta name=\"twitter:card\" content=\"summary_large_image\" \/>\n<meta name=\"twitter:label1\" content=\"Tiempo de lectura\" \/>\n\t<meta name=\"twitter:data1\" content=\"3 minutos\" \/>\n<!-- \/ Yoast SEO plugin. -->","yoast_head_json":{"title":"Reproductor de m\u00fasica de fondo para sitio web HTML (gratis y sin codificaci\u00f3n)","description":"Agregue m\u00fasica de fondo a la p\u00e1gina web HTML. Utilice la demostraci\u00f3n manejable de Elfsight y cree su widget personalizado en solo 2 minutos.","robots":{"index":"index","follow":"follow","max-snippet":"max-snippet:-1","max-image-preview":"max-image-preview:large","max-video-preview":"max-video-preview:-1"},"canonical":"https:\/\/elfsight.com\/es\/background-music-widget\/html\/","og_locale":"es_ES","og_type":"article","og_title":"Reproductor de m\u00fasica de fondo para sitio web HTML (gratis y sin codificaci\u00f3n)","og_description":"Agregue m\u00fasica de fondo a la p\u00e1gina web HTML. Utilice la demostraci\u00f3n manejable de Elfsight y cree su widget personalizado en solo 2 minutos.","og_url":"https:\/\/elfsight.com\/es\/background-music-widget\/html\/","og_site_name":"Elfsight ES","article_modified_time":"2025-02-06T15:31:22+00:00","twitter_card":"summary_large_image","twitter_misc":{"Tiempo de lectura":"3 minutos"},"schema":{"@context":"https:\/\/schema.org","@graph":[{"@type":"WebPage","@id":"https:\/\/elfsight.com\/es\/background-music-widget\/html\/","url":"https:\/\/elfsight.com\/es\/background-music-widget\/html\/","name":"Reproductor de m\u00fasica de fondo para sitio web HTML (gratis y sin codificaci\u00f3n)","isPartOf":{"@id":"https:\/\/elfsight.com\/es\/#website"},"datePublished":"1970-01-01T00:00:00+00:00","dateModified":"2025-02-06T15:31:22+00:00","description":"Agregue m\u00fasica de fondo a la p\u00e1gina web HTML. Utilice la demostraci\u00f3n manejable de Elfsight y cree su widget personalizado en solo 2 minutos.","breadcrumb":{"@id":"https:\/\/elfsight.com\/es\/background-music-widget\/html\/#breadcrumb"},"inLanguage":"es","potentialAction":[{"@type":"ReadAction","target":["https:\/\/elfsight.com\/es\/background-music-widget\/html\/"]}]},{"@type":"BreadcrumbList","@id":"https:\/\/elfsight.com\/es\/background-music-widget\/html\/#breadcrumb","itemListElement":[{"@type":"ListItem","position":1,"name":"Home","item":"https:\/\/elfsight.com\/es\/"},{"@type":"ListItem","position":2,"name":"Background Music","item":"https:\/\/elfsight.com\/es\/background-music-widget\/"},{"@type":"ListItem","position":3,"name":"Background Music &#8211; HTML"}]},{"@type":"WebSite","@id":"https:\/\/elfsight.com\/es\/#website","url":"https:\/\/elfsight.com\/es\/","name":"Elfsight ES","description":"Just another Elfsight Sites site","potentialAction":[{"@type":"SearchAction","target":{"@type":"EntryPoint","urlTemplate":"https:\/\/elfsight.com\/es\/?s={search_term_string}"},"query-input":{"@type":"PropertyValueSpecification","valueRequired":true,"valueName":"search_term_string"}}],"inLanguage":"es"}]}},"meta_box":{"industry":"","seo_heading":"","heading":"","description":"","cta_heading":"","cta_description":"","application":"500","h1":"Widget de m\u00fasica de fondo HTML","h1_caption":"Incorpore una opci\u00f3n atractiva en su p\u00e1gina web y consiga m\u00e1s clientes satisfechos r\u00e1pidamente","application_category":[],"applications_title":"","applications_request_title":"","applications_request_button_text":"","hero_text":"","hero_video":"","hero_video_schema_markup":"","selling_points_title":"","selling_points_caption":"","selling_points":[],"selling_points_cta_text":"","features_title":"","features":"","ed_cta_examples_text":"","ed_cta_examples_hidden":"","ed_cta_demo_text":"","ed_cta_demo_hidden":"","why_caption":"","why_editor_title":"","why_editor_text":"","why_team_title":"","why_team_text":"","why_service_title":"","why_service_text":"","template_catalog_visible":"","template_catalog_title":"","template_catalog_text":"","template_catalog_categories_visible":"","demo_title":"Crea tu widget de m\u00fasica de fondo","demo_caption":"\u00a1Configure su m\u00fasica de fondo y agr\u00e9guela a su sitio web HTML de forma gratuita!","default_faq_hidden":"","app_template_category":[],"platform":"70","template_public_id":"","codecanyon_url":"","codecanyon_item_id":"","codecanyon_price":"","pricing_caption":"","pricing_elfsight_apps_hide_column":"","pricing_elfsight_apps_url":"","pricing_codecanyon_price_caption":"","integration_category":[],"integration_request_title":"","integration_request_cta":"","integration_platform":"","integrations":[],"platform_category":[],"video_schema_markup":"","price":"desde $0 \/ mes","trial":"","benefits":[{"text":"Ayuda de instalaci\u00f3n gratuita"},{"text":"Soporte premium"},{"text":"Garant\u00eda de devoluci\u00f3n de dinero de 14 d\u00edas"},{"text":"Actualizaciones gratuitas continuas"}],"button_url":"#demo","button_target_blank":"","button_nofollow":"","attributes":[{"name":"Instalaciones","content":"10,000 - 100,000"},{"name":"Sensible","content":"S\u00ed"},{"name":"Navegadores compatibles","content":"Firefox, Safari, Opera, Chrome, Edge"}],"tags":[],"tags_disable_links":"","hide_more_platforms":"","video_object":"","demo_hide_cta":"","demo_hide_cloud_options":"","pricing_title":"","pricing":[{"pricing_icon":"platform","pricing_title":"Elfsight Apps","pricing_title_caption":"Soluci\u00f3n digital multiplataforma","pricing_price":"desde $0 \/ mes","pricing_price_caption":"comienza con el plan gratuito","pricing_benefits":[{"text":"Dominios ilimitados"},{"text":"Atenci\u00f3n al cliente 24 horas al d\u00eda, 7 d\u00edas a la semana"},{"text":"Servicio de instalaci\u00f3n gratuito"},{"text":"Oferta especial para m\u00faltiples aplicaciones."}],"pricing_button_text":"A\u00f1adir al sitio web","pricing_button_url":"#demo"}],"related_apps_title":"","related_apps_hidden":"","author":"","image":[],"title":"","job":"","social_networks":[]},"_links":{"self":[{"href":"https:\/\/elfsight.com\/es\/wp-json\/wp\/v2\/pages\/8691","targetHints":{"allow":["GET"]}}],"collection":[{"href":"https:\/\/elfsight.com\/es\/wp-json\/wp\/v2\/pages"}],"about":[{"href":"https:\/\/elfsight.com\/es\/wp-json\/wp\/v2\/types\/page"}],"author":[{"embeddable":true,"href":"https:\/\/elfsight.com\/es\/wp-json\/wp\/v2\/users\/9"}],"replies":[{"embeddable":true,"href":"https:\/\/elfsight.com\/es\/wp-json\/wp\/v2\/comments?post=8691"}],"version-history":[{"count":2,"href":"https:\/\/elfsight.com\/es\/wp-json\/wp\/v2\/pages\/8691\/revisions"}],"predecessor-version":[{"id":18423,"href":"https:\/\/elfsight.com\/es\/wp-json\/wp\/v2\/pages\/8691\/revisions\/18423"}],"up":[{"embeddable":true,"href":"https:\/\/elfsight.com\/es\/wp-json\/wp\/v2\/pages\/501"}],"wp:attachment":[{"href":"https:\/\/elfsight.com\/es\/wp-json\/wp\/v2\/media?parent=8691"}],"curies":[{"name":"wp","href":"https:\/\/api.w.org\/{rel}","templated":true}]}}