{"id":8690,"date":"1970-01-01T00:00:00","date_gmt":"1970-01-01T00:00:00","guid":{"rendered":"https:\/\/elfsight.com\/es\/?page_id=8690"},"modified":"2025-02-06T15:31:22","modified_gmt":"2025-02-06T15:31:22","slug":"google-sites","status":"publish","type":"page","link":"https:\/\/elfsight.com\/es\/background-music-widget\/google-sites\/","title":{"rendered":"Background Music &#8211; Google Sites"},"content":{"rendered":"<div class=\"application-platform-content-item-description application-platform-content-item\" id=\"description\" data-nav-section=\"description\"> <h2>Incorpore m\u00fasica de fondo en Google Sites con el widget Elfsight<\/h2> <p>Elfsight Background Audio es una herramienta sencilla para Google Site que le permite transmitir pistas de audio directamente en su sitio web. La herramienta es enormemente personalizable: puede alterar su posici\u00f3n, configurarla en cualquier lugar de la p\u00e1gina, escalar su tama\u00f1o, modificar el fondo y otras partes para combinarlo con el estilo de su sitio, emplear un tema oscuro, mostrar im\u00e1genes y mostrar u ocultar otros cuatro elementos del reproductor, por ejemplo, la barra de progreso, el t\u00edtulo y muchos m\u00e1s. A\u00f1ade tantas pistas como desees para deleitar a tus visitantes, activa la opci\u00f3n de reproducci\u00f3n autom\u00e1tica y no tengas dudas: \u00a1tu audiencia no abandonar\u00e1 tu sitio inmediatamente!<\/p><p><b>Con Elfsight Background Audio &amp; Gadget de m\u00fasica, vea un crecimiento empresarial s\u00f3lido y m\u00e1s ventas <\/b><\/p> <\/div> <div class=\"application-platform-content-item-features application-platform-content-item\" id=\"features\" data-nav-section=\"features\"> <h2>El widget incluye funciones poderosas y sencillas, vea algunas de ellas: <\/h2> <ul><li>Varias alteraciones de color<\/li><li>Tema de color oscuro\/claro<\/li><li>Dise\u00f1o maleable<\/li><li>2 dise\u00f1os disponible<\/li><li>Una opci\u00f3n para agregar una imagen de fondo<\/li><\/ul><p><a href=\"#demo\">Simplemente consulte esta demostraci\u00f3n para comprender la funcionalidad del widget<\/a><\/p> <\/div> <div class=\"application-platform-content-item-installation application-platform-content-item\" id=\"installation\" data-nav-section=\"installation\"> <h2>\u00bfC\u00f3mo incrusto m\u00fasica de fondo en mis sitios de Google? <\/h2> <p>Simplemente siga un par de pasos que se detallan a continuaci\u00f3n para insertar el widget. <\/p> <ol><li><b>Utilice nuestra demostraci\u00f3n gratuita y comience a crear su complemento personalizado. <\/b><br>Determine el dise\u00f1o seleccionado y las especificaciones de la herramienta y aplique las ediciones. <\/li> <li><b>Reciba su c\u00f3digo \u00fanico que aparece en el cuadro de Elfsight Apps<\/b><br> Inmediatamente despu\u00e9s de que finalice el establecimiento de su herramienta personal, copie el c\u00f3digo individual en la ventana que aparece y gu\u00e1rdelo para su uso posterior. <\/li> <li><b>Comience a utilizar el audio de fondo en el sitio web de Google<\/b><br> Pegue el c\u00f3digo copiado recientemente en su p\u00e1gina web y aplique las modificaciones. <\/li> <li><b>La configuraci\u00f3n se realiz\u00f3 exitosamente<\/b><br> Vaya a su sitio web para ver c\u00f3mo funciona la herramienta. <\/li><\/ol> <div class=\"tip-yellow tip\"><b>Debido a las peculiaridades del trabajo de Google Sites, el widget puede tener un aspecto diferente al de la demostraci\u00f3n en l\u00ednea. Nos disculpamos por cualquier inconveniente causado.<\/b><\/div><p>En caso de que tenga preguntas o enfrente alguna complicaci\u00f3n, no dude en comunicarse con nuestro personal de soporte. Nuestros especialistas estar\u00e1n encantados de resolver todas las dudas que puedas tener sobre el producto. <\/p><div class=\"faq\" data-component=\"FAQ\"><div class=\"faq-item\">\r\n\t\t\t\t\t<div class=\"faq-item-question\">\r\n\t\t\t\t\t\t<h3 class=\"faq-item-question-text\">\u00bfC\u00f3mo puedo insertar una galer\u00eda de videos de YouTube en mi sitio web de Squarespace sin conocimientos de codificaci\u00f3n?<\/h3>\r\n\r\n\t\t\t\t\t\t<div class=\"faq-item-question-icon\"><\/div>\r\n\t\t\t\t\t<\/div>\r\n\r\n\t\t\t\t\t<div class=\"faq-item-answer\">\r\n\t\t\t\t\t\t<div class=\"faq-item-answer-text\"><p>Elfsight ofrece una soluci\u00f3n basada en la nube que permite a los usuarios dise\u00f1ar una galer\u00eda de videos de YouTube de forma independiente. Observe lo sencillo que es el procedimiento:<\/p><ul><li>Abra el Editor en l\u00ednea para formar una secci\u00f3n para su Galer\u00eda de videos de YouTube que desea incluir en su sitio de Squarespace.<\/li><li>Seleccione una de nuestras plantillas preestructuradas y ajuste la configuraci\u00f3n de la Galer\u00eda de videos de YouTube, modifique el dise\u00f1o y la combinaci\u00f3n de colores, integre su contenido sin necesidad de codificaci\u00f3n.<\/li><li>Guarde las preferencias que ha configurado para su Galer\u00eda de videos de YouTube y obtenga el c\u00f3digo del widget para agregar, que puede ser insertado perfectamente en su sitio de Squarespace sin ning\u00fan cargo.<\/li><\/ul><p>Al operar dentro del Editor f\u00e1cil de usar, cualquier usuario web puede establecer una secci\u00f3n de Galer\u00eda de videos de YouTube e insertarla en su sitio web de Squarespace. No es necesario realizar ning\u00fan pago ni revelar la informaci\u00f3n de su tarjeta para comunicarse con el editor de Elfsight. Si encuentra alg\u00fan desaf\u00edo en cualquier fase, no dude en ponerse en contacto con nuestro servicio de atenci\u00f3n al cliente.<\/p><\/div>\r\n\t\t\t\t\t<\/div>\r\n\t\t\t\t<\/div><\/div> <\/div><p><\/p>","protected":false},"excerpt":{"rendered":"","protected":false},"author":9,"featured_media":0,"parent":501,"menu_order":0,"comment_status":"closed","ping_status":"closed","template":"templates\/template-application-platform.php","meta":{"publish_to_discourse":"","publish_post_category":"","wpdc_auto_publish_overridden":"","wpdc_topic_tags":"","wpdc_pin_topic":"","wpdc_pin_until":"","discourse_post_id":"","discourse_permalink":"","wpdc_publishing_response":"","wpdc_publishing_error":"","footnotes":""},"class_list":["post-8690","page","type-page","status-publish","hentry"],"yoast_head":"<!-- This site is optimized with the Yoast SEO plugin v25.3.1 - https:\/\/yoast.com\/wordpress\/plugins\/seo\/ -->\n<title>Complemento de m\u00fasica y audio de fondo para Google Sites (f\u00e1cil y r\u00e1pido)<\/title>\n<meta name=\"description\" content=\"Agregue una m\u00fasica de fondo flexible a su p\u00e1gina web de Google Sites. Utilice la demostraci\u00f3n manejable y cree su widget de audio en solo un par de minutos.\" \/>\n<meta name=\"robots\" content=\"index, follow, max-snippet:-1, max-image-preview:large, max-video-preview:-1\" \/>\n<link rel=\"canonical\" href=\"https:\/\/elfsight.com\/es\/background-music-widget\/google-sites\/\" \/>\n<meta property=\"og:locale\" content=\"es_ES\" \/>\n<meta property=\"og:type\" content=\"article\" \/>\n<meta property=\"og:title\" content=\"Complemento de m\u00fasica y audio de fondo para Google Sites (f\u00e1cil y r\u00e1pido)\" \/>\n<meta property=\"og:description\" content=\"Agregue una m\u00fasica de fondo flexible a su p\u00e1gina web de Google Sites. Utilice la demostraci\u00f3n manejable y cree su widget de audio en solo un par de minutos.\" \/>\n<meta property=\"og:url\" content=\"https:\/\/elfsight.com\/es\/background-music-widget\/google-sites\/\" \/>\n<meta property=\"og:site_name\" content=\"Elfsight ES\" \/>\n<meta property=\"article:modified_time\" content=\"2025-02-06T15:31:22+00:00\" \/>\n<meta name=\"twitter:card\" content=\"summary_large_image\" \/>\n<meta name=\"twitter:label1\" content=\"Tiempo de lectura\" \/>\n\t<meta name=\"twitter:data1\" content=\"3 minutos\" \/>\n<!-- \/ Yoast SEO plugin. -->","yoast_head_json":{"title":"Complemento de m\u00fasica y audio de fondo para Google Sites (f\u00e1cil y r\u00e1pido)","description":"Agregue una m\u00fasica de fondo flexible a su p\u00e1gina web de Google Sites. Utilice la demostraci\u00f3n manejable y cree su widget de audio en solo un par de minutos.","robots":{"index":"index","follow":"follow","max-snippet":"max-snippet:-1","max-image-preview":"max-image-preview:large","max-video-preview":"max-video-preview:-1"},"canonical":"https:\/\/elfsight.com\/es\/background-music-widget\/google-sites\/","og_locale":"es_ES","og_type":"article","og_title":"Complemento de m\u00fasica y audio de fondo para Google Sites (f\u00e1cil y r\u00e1pido)","og_description":"Agregue una m\u00fasica de fondo flexible a su p\u00e1gina web de Google Sites. Utilice la demostraci\u00f3n manejable y cree su widget de audio en solo un par de minutos.","og_url":"https:\/\/elfsight.com\/es\/background-music-widget\/google-sites\/","og_site_name":"Elfsight ES","article_modified_time":"2025-02-06T15:31:22+00:00","twitter_card":"summary_large_image","twitter_misc":{"Tiempo de lectura":"3 minutos"},"schema":{"@context":"https:\/\/schema.org","@graph":[{"@type":"WebPage","@id":"https:\/\/elfsight.com\/es\/background-music-widget\/google-sites\/","url":"https:\/\/elfsight.com\/es\/background-music-widget\/google-sites\/","name":"Complemento de m\u00fasica y audio de fondo para Google Sites (f\u00e1cil y r\u00e1pido)","isPartOf":{"@id":"https:\/\/elfsight.com\/es\/#website"},"datePublished":"1970-01-01T00:00:00+00:00","dateModified":"2025-02-06T15:31:22+00:00","description":"Agregue una m\u00fasica de fondo flexible a su p\u00e1gina web de Google Sites. Utilice la demostraci\u00f3n manejable y cree su widget de audio en solo un par de minutos.","breadcrumb":{"@id":"https:\/\/elfsight.com\/es\/background-music-widget\/google-sites\/#breadcrumb"},"inLanguage":"es","potentialAction":[{"@type":"ReadAction","target":["https:\/\/elfsight.com\/es\/background-music-widget\/google-sites\/"]}]},{"@type":"BreadcrumbList","@id":"https:\/\/elfsight.com\/es\/background-music-widget\/google-sites\/#breadcrumb","itemListElement":[{"@type":"ListItem","position":1,"name":"Home","item":"https:\/\/elfsight.com\/es\/"},{"@type":"ListItem","position":2,"name":"Background Music","item":"https:\/\/elfsight.com\/es\/background-music-widget\/"},{"@type":"ListItem","position":3,"name":"Background Music &#8211; Google Sites"}]},{"@type":"WebSite","@id":"https:\/\/elfsight.com\/es\/#website","url":"https:\/\/elfsight.com\/es\/","name":"Elfsight ES","description":"Just another Elfsight Sites site","potentialAction":[{"@type":"SearchAction","target":{"@type":"EntryPoint","urlTemplate":"https:\/\/elfsight.com\/es\/?s={search_term_string}"},"query-input":{"@type":"PropertyValueSpecification","valueRequired":true,"valueName":"search_term_string"}}],"inLanguage":"es"}]}},"meta_box":{"industry":"","seo_heading":"","heading":"","description":"","cta_heading":"","cta_description":"","application":"500","h1":"Complemento de m\u00fasica de fondo de Google Sites","h1_caption":"Incorpore una opci\u00f3n entretenida en su sitio y obtenga m\u00e1s clientes satisfechos r\u00e1pidamente","application_category":[],"applications_title":"","applications_request_title":"","applications_request_button_text":"","hero_text":"","hero_video":"","hero_video_schema_markup":"","selling_points_title":"","selling_points_caption":"","selling_points":[],"selling_points_cta_text":"","features_title":"","features":"","ed_cta_examples_text":"","ed_cta_examples_hidden":"","ed_cta_demo_text":"","ed_cta_demo_hidden":"","why_caption":"","why_editor_title":"","why_editor_text":"","why_team_title":"","why_team_text":"","why_service_title":"","why_service_text":"","template_catalog_visible":"","template_catalog_title":"","template_catalog_text":"","template_catalog_categories_visible":"","demo_title":"Crea tu widget de m\u00fasica de fondo","demo_caption":"\u00a1Configure su m\u00fasica de fondo y agr\u00e9guela a su sitio web de Google Sites de forma gratuita!","default_faq_hidden":"","app_template_category":[],"platform":"67","template_public_id":"","codecanyon_url":"","codecanyon_item_id":"","codecanyon_price":"","pricing_caption":"","pricing_elfsight_apps_hide_column":"","pricing_elfsight_apps_url":"","pricing_codecanyon_price_caption":"","integration_category":[],"integration_request_title":"","integration_request_cta":"","integration_platform":"","integrations":[],"platform_category":[],"video_schema_markup":"","price":"desde $0 \/ mes","trial":"","benefits":[{"text":"Ayuda de instalaci\u00f3n gratuita"},{"text":"Servicio al cliente eficaz"},{"text":"Garant\u00eda de reembolso de 14 d\u00edas"},{"text":"Actualizaciones continuas"}],"button_url":"#demo","button_target_blank":"","button_nofollow":"","attributes":[{"name":"Instalaciones","content":"10,000 - 100,000"},{"name":"Sensible","content":"Dise\u00f1o adaptativo"},{"name":"Navegadores compatibles","content":"Opera, Edge, Chrome, Firefox, Safari"}],"tags":[],"tags_disable_links":"","hide_more_platforms":"","video_object":"","demo_hide_cta":"","demo_hide_cloud_options":"","pricing_title":"","pricing":[{"pricing_icon":"platform","pricing_title":"Elfsight Apps","pricing_title_caption":"Software independiente de la plataforma","pricing_price":"desde $0 \/ mes","pricing_price_caption":"comienza con el plan gratuito","pricing_benefits":[{"text":"Dominios ilimitados"},{"text":"Soporte r\u00e1pido y puntual"},{"text":"Servicio de instalaci\u00f3n gratuito"},{"text":"Oferta especial para m\u00faltiples aplicaciones"}],"pricing_button_text":"A\u00f1adir al sitio web","pricing_button_url":"#demo"}],"related_apps_title":"","related_apps_hidden":"","author":"","image":[],"title":"","job":"","social_networks":[]},"_links":{"self":[{"href":"https:\/\/elfsight.com\/es\/wp-json\/wp\/v2\/pages\/8690","targetHints":{"allow":["GET"]}}],"collection":[{"href":"https:\/\/elfsight.com\/es\/wp-json\/wp\/v2\/pages"}],"about":[{"href":"https:\/\/elfsight.com\/es\/wp-json\/wp\/v2\/types\/page"}],"author":[{"embeddable":true,"href":"https:\/\/elfsight.com\/es\/wp-json\/wp\/v2\/users\/9"}],"replies":[{"embeddable":true,"href":"https:\/\/elfsight.com\/es\/wp-json\/wp\/v2\/comments?post=8690"}],"version-history":[{"count":2,"href":"https:\/\/elfsight.com\/es\/wp-json\/wp\/v2\/pages\/8690\/revisions"}],"predecessor-version":[{"id":18424,"href":"https:\/\/elfsight.com\/es\/wp-json\/wp\/v2\/pages\/8690\/revisions\/18424"}],"up":[{"embeddable":true,"href":"https:\/\/elfsight.com\/es\/wp-json\/wp\/v2\/pages\/501"}],"wp:attachment":[{"href":"https:\/\/elfsight.com\/es\/wp-json\/wp\/v2\/media?parent=8690"}],"curies":[{"name":"wp","href":"https:\/\/api.w.org\/{rel}","templated":true}]}}