{"id":8684,"date":"1970-01-01T00:00:00","date_gmt":"1970-01-01T00:00:00","guid":{"rendered":"https:\/\/elfsight.com\/es\/?page_id=8684"},"modified":"2025-02-06T15:33:42","modified_gmt":"2025-02-06T15:33:42","slug":"facebook","status":"publish","type":"page","link":"https:\/\/elfsight.com\/es\/background-music-widget\/facebook\/","title":{"rendered":"Background Music &#8211; Facebook"},"content":{"rendered":"<div class=\"application-platform-content-item-description application-platform-content-item\" id=\"description\" data-nav-section=\"description\"> <h2>Descripci\u00f3n<\/h2> <p>Elfsight Background Music es un complemento simple para Facebook que le brinda la oportunidad de transmitir pistas de audio directamente en su p\u00e1gina de inicio. La herramienta es altamente modificable: usted es libre de cambiar su posici\u00f3n, coloc\u00e1ndola en cualquier lugar de la p\u00e1gina, escalar su tama\u00f1o, volver a pintar el fondo y todos los dem\u00e1s elementos para combinarlos con el dise\u00f1o de su sitio, usar un tema oscuro, mostrar im\u00e1genes y mostrar u ocultar cuatro partes adicionales del reproductor, por ejemplo, la barra de progreso, el encabezado y muchas m\u00e1s. Sube todas las pistas que desees para entretener a tus visitantes, activa la reproducci\u00f3n autom\u00e1tica y no tengas ninguna duda: \u00a1tus usuarios no abandonar\u00e1n tu p\u00e1gina web inmediatamente!<\/p> <p><b>Con Elfsight Background Music, comienza un s\u00f3lido desarrollo empresarial y aumenta las ventas <\/b><\/p> <\/div> <div class=\"application-platform-content-item-features application-platform-content-item\" id=\"features\" data-nav-section=\"features\"> <h2>Estudia la lista de las funciones m\u00e1s \u00fatiles: <\/h2> <ul><li>Numerosas modificaciones de color<\/li><li>Tema de color oscuro\/claro<\/li><li>Dise\u00f1o responsivo<\/li><li>Dos dise\u00f1os disponibles<\/li><li>Una oportunidad para agregar una imagen de fondo<\/li><\/ul><p><a href=\"#demo\">Simplemente pruebe esta demostraci\u00f3n para ver cu\u00e1nto vale el widget<\/a><\/p> <\/div> <div class=\"application-platform-content-item-installation application-platform-content-item\" id=\"installation\" data-nav-section=\"installation\"> <h2>\u00bfC\u00f3mo puedo agregar m\u00fasica de fondo de Elfsight a mi sitio web de Facebook? <\/h2> <p>Simplemente aplique las instrucciones a continuaci\u00f3n para insertar el complemento. <\/p> <ol><li><b>Emplee nuestro editor gratuito y comience a crear su complemento personalizado. <\/b><br> Determine el aspecto y los aspectos preferibles del complemento y aplique las correcciones. <\/li> <li><b>Obtenga su c\u00f3digo \u00fanico emergente en el cuadro de Elfsight Apps<\/b><br> Tan pronto como finalice la personalizaci\u00f3n de su herramienta personal, copie el c\u00f3digo exclusivo de la ventana emergente y gu\u00e1rdelo para uso futuro. <\/li> <li><b>Comience a usar el widget en su p\u00e1gina web de Facebook<\/b><br> Implemente el c\u00f3digo copiado recientemente en su p\u00e1gina y aplique las modificaciones. <\/li> <li><b>\u00a1Listo! La integraci\u00f3n est\u00e1 totalmente lograda<\/b><br> Vaya a su sitio para ver en acci\u00f3n el funcionamiento del widget. <\/li><\/ol> <p>En caso de tener preguntas o encontrarse con algunas dificultades, comun\u00edquese con nuestro personal de soporte. Nuestros consultores est\u00e1n ansiosos por resolver todos los problemas que pueda tener con la herramienta. <\/p> <\/div>","protected":false},"excerpt":{"rendered":"","protected":false},"author":9,"featured_media":0,"parent":501,"menu_order":0,"comment_status":"closed","ping_status":"closed","template":"templates\/template-application-platform.php","meta":{"publish_to_discourse":"","publish_post_category":"","wpdc_auto_publish_overridden":"","wpdc_topic_tags":"","wpdc_pin_topic":"","wpdc_pin_until":"","discourse_post_id":"","discourse_permalink":"","wpdc_publishing_response":"","wpdc_publishing_error":"","footnotes":""},"class_list":["post-8684","page","type-page","status-publish","hentry"],"yoast_head":"<!-- This site is optimized with the Yoast SEO plugin v25.3.1 - https:\/\/yoast.com\/wordpress\/plugins\/seo\/ -->\n<title>Reproductor de m\u00fasica de fondo para la p\u00e1gina de Facebook (gratis y sin codificaci\u00f3n)<\/title>\n<meta name=\"description\" content=\"Integre un widget de audio de fondo impresionante en su p\u00e1gina de Facebook. Aplique la demostraci\u00f3n manejable de Elfsight y d\u00e9 forma a su propia herramienta en solo 2 minutos.\" \/>\n<meta name=\"robots\" content=\"index, follow, max-snippet:-1, max-image-preview:large, max-video-preview:-1\" \/>\n<link rel=\"canonical\" href=\"https:\/\/elfsight.com\/es\/background-music-widget\/facebook\/\" \/>\n<meta property=\"og:locale\" content=\"es_ES\" \/>\n<meta property=\"og:type\" content=\"article\" \/>\n<meta property=\"og:title\" content=\"Reproductor de m\u00fasica de fondo para la p\u00e1gina de Facebook (gratis y sin codificaci\u00f3n)\" \/>\n<meta property=\"og:description\" content=\"Integre un widget de audio de fondo impresionante en su p\u00e1gina de Facebook. Aplique la demostraci\u00f3n manejable de Elfsight y d\u00e9 forma a su propia herramienta en solo 2 minutos.\" \/>\n<meta property=\"og:url\" content=\"https:\/\/elfsight.com\/es\/background-music-widget\/facebook\/\" \/>\n<meta property=\"og:site_name\" content=\"Elfsight ES\" \/>\n<meta property=\"article:modified_time\" content=\"2025-02-06T15:33:42+00:00\" \/>\n<meta name=\"twitter:card\" content=\"summary_large_image\" \/>\n<meta name=\"twitter:label1\" content=\"Tiempo de lectura\" \/>\n\t<meta name=\"twitter:data1\" content=\"2 minutos\" \/>\n<!-- \/ Yoast SEO plugin. -->","yoast_head_json":{"title":"Reproductor de m\u00fasica de fondo para la p\u00e1gina de Facebook (gratis y sin codificaci\u00f3n)","description":"Integre un widget de audio de fondo impresionante en su p\u00e1gina de Facebook. Aplique la demostraci\u00f3n manejable de Elfsight y d\u00e9 forma a su propia herramienta en solo 2 minutos.","robots":{"index":"index","follow":"follow","max-snippet":"max-snippet:-1","max-image-preview":"max-image-preview:large","max-video-preview":"max-video-preview:-1"},"canonical":"https:\/\/elfsight.com\/es\/background-music-widget\/facebook\/","og_locale":"es_ES","og_type":"article","og_title":"Reproductor de m\u00fasica de fondo para la p\u00e1gina de Facebook (gratis y sin codificaci\u00f3n)","og_description":"Integre un widget de audio de fondo impresionante en su p\u00e1gina de Facebook. Aplique la demostraci\u00f3n manejable de Elfsight y d\u00e9 forma a su propia herramienta en solo 2 minutos.","og_url":"https:\/\/elfsight.com\/es\/background-music-widget\/facebook\/","og_site_name":"Elfsight ES","article_modified_time":"2025-02-06T15:33:42+00:00","twitter_card":"summary_large_image","twitter_misc":{"Tiempo de lectura":"2 minutos"},"schema":{"@context":"https:\/\/schema.org","@graph":[{"@type":"WebPage","@id":"https:\/\/elfsight.com\/es\/background-music-widget\/facebook\/","url":"https:\/\/elfsight.com\/es\/background-music-widget\/facebook\/","name":"Reproductor de m\u00fasica de fondo para la p\u00e1gina de Facebook (gratis y sin codificaci\u00f3n)","isPartOf":{"@id":"https:\/\/elfsight.com\/es\/#website"},"datePublished":"1970-01-01T00:00:00+00:00","dateModified":"2025-02-06T15:33:42+00:00","description":"Integre un widget de audio de fondo impresionante en su p\u00e1gina de Facebook. Aplique la demostraci\u00f3n manejable de Elfsight y d\u00e9 forma a su propia herramienta en solo 2 minutos.","breadcrumb":{"@id":"https:\/\/elfsight.com\/es\/background-music-widget\/facebook\/#breadcrumb"},"inLanguage":"es","potentialAction":[{"@type":"ReadAction","target":["https:\/\/elfsight.com\/es\/background-music-widget\/facebook\/"]}]},{"@type":"BreadcrumbList","@id":"https:\/\/elfsight.com\/es\/background-music-widget\/facebook\/#breadcrumb","itemListElement":[{"@type":"ListItem","position":1,"name":"Home","item":"https:\/\/elfsight.com\/es\/"},{"@type":"ListItem","position":2,"name":"Background Music","item":"https:\/\/elfsight.com\/es\/background-music-widget\/"},{"@type":"ListItem","position":3,"name":"Background Music &#8211; Facebook"}]},{"@type":"WebSite","@id":"https:\/\/elfsight.com\/es\/#website","url":"https:\/\/elfsight.com\/es\/","name":"Elfsight ES","description":"Just another Elfsight Sites site","potentialAction":[{"@type":"SearchAction","target":{"@type":"EntryPoint","urlTemplate":"https:\/\/elfsight.com\/es\/?s={search_term_string}"},"query-input":{"@type":"PropertyValueSpecification","valueRequired":true,"valueName":"search_term_string"}}],"inLanguage":"es"}]}},"meta_box":{"industry":"","seo_heading":"","heading":"","description":"","cta_heading":"","cta_description":"","application":"500","h1":"Widget de m\u00fasica de fondo de Facebook","h1_caption":"Inserte una opci\u00f3n atractiva en su p\u00e1gina web y atraiga m\u00e1s clientes agradecidos r\u00e1pidamente","application_category":[],"applications_title":"","applications_request_title":"","applications_request_button_text":"","hero_text":"","hero_video":"","hero_video_schema_markup":"","selling_points_title":"","selling_points_caption":"","selling_points":[],"selling_points_cta_text":"","features_title":"","features":"","ed_cta_examples_text":"","ed_cta_examples_hidden":"","ed_cta_demo_text":"","ed_cta_demo_hidden":"","why_caption":"","why_editor_title":"","why_editor_text":"","why_team_title":"","why_team_text":"","why_service_title":"","why_service_text":"","template_catalog_visible":"","template_catalog_title":"","template_catalog_text":"","template_catalog_categories_visible":"","demo_title":"Personalice el instrumento y agr\u00e9guelo a su sitio web utilizando una demostraci\u00f3n activa","demo_caption":"\u00a1Date prisa y crea m\u00fasica de fondo personalizada para Facebook Elfsight que estar\u00e1 extraordinariamente en congruencia con tu p\u00e1gina!","default_faq_hidden":"","app_template_category":[],"platform":"64","template_public_id":"","codecanyon_url":"","codecanyon_item_id":"","codecanyon_price":"","pricing_caption":"","pricing_elfsight_apps_hide_column":"","pricing_elfsight_apps_url":"","pricing_codecanyon_price_caption":"","integration_category":[],"integration_request_title":"","integration_request_cta":"","integration_platform":"","integrations":[],"platform_category":[],"video_schema_markup":"","price":"desde $0 \/ mes","trial":"","benefits":[{"text":"Servicio de instalaci\u00f3n gratuito"},{"text":"Atenci\u00f3n al cliente experimentada"},{"text":"Garant\u00eda de devoluci\u00f3n de dinero de 14 d\u00edas"},{"text":"Actualizaciones continuas"}],"button_url":"#demo","button_target_blank":"","button_nofollow":"","attributes":[{"name":"Instalaciones","content":"10,000 - 100,000"},{"name":"Sensible","content":"S\u00ed"},{"name":"Navegadores compatibles","content":"Edge, Opera, Safari, Firefox, Chrome"}],"tags":[],"tags_disable_links":"","hide_more_platforms":"","video_object":"","demo_hide_cta":"","demo_hide_cloud_options":"","pricing_title":"","pricing":[{"pricing_icon":"platform","pricing_title":"Elfsight Apps","pricing_title_caption":"Software independiente de la plataforma que funciona en cualquier sitio web","pricing_price":"desde $0 \/ mes","pricing_price_caption":"comienza con el plan gratuito","pricing_benefits":[{"text":"Sitios web ilimitados"},{"text":"Soporte profesional y puntual"},{"text":"Ayuda de instalaci\u00f3n gratuita"},{"text":"Totalmente personalizable"}],"pricing_button_text":"A\u00f1adir al sitio web","pricing_button_url":"#demo"}],"related_apps_title":"","related_apps_hidden":"","author":"","image":[],"title":"","job":"","social_networks":[]},"_links":{"self":[{"href":"https:\/\/elfsight.com\/es\/wp-json\/wp\/v2\/pages\/8684","targetHints":{"allow":["GET"]}}],"collection":[{"href":"https:\/\/elfsight.com\/es\/wp-json\/wp\/v2\/pages"}],"about":[{"href":"https:\/\/elfsight.com\/es\/wp-json\/wp\/v2\/types\/page"}],"author":[{"embeddable":true,"href":"https:\/\/elfsight.com\/es\/wp-json\/wp\/v2\/users\/9"}],"replies":[{"embeddable":true,"href":"https:\/\/elfsight.com\/es\/wp-json\/wp\/v2\/comments?post=8684"}],"version-history":[{"count":2,"href":"https:\/\/elfsight.com\/es\/wp-json\/wp\/v2\/pages\/8684\/revisions"}],"predecessor-version":[{"id":18426,"href":"https:\/\/elfsight.com\/es\/wp-json\/wp\/v2\/pages\/8684\/revisions\/18426"}],"up":[{"embeddable":true,"href":"https:\/\/elfsight.com\/es\/wp-json\/wp\/v2\/pages\/501"}],"wp:attachment":[{"href":"https:\/\/elfsight.com\/es\/wp-json\/wp\/v2\/media?parent=8684"}],"curies":[{"name":"wp","href":"https:\/\/api.w.org\/{rel}","templated":true}]}}