{"id":8677,"date":"1970-01-01T00:00:00","date_gmt":"1970-01-01T00:00:00","guid":{"rendered":"https:\/\/elfsight.com\/es\/?page_id=8677"},"modified":"2025-02-06T15:33:42","modified_gmt":"2025-02-06T15:33:42","slug":"blogger","status":"publish","type":"page","link":"https:\/\/elfsight.com\/es\/background-music-widget\/blogger\/","title":{"rendered":"Background Music &#8211; Blogger"},"content":{"rendered":"<div class=\"application-platform-content-item-description application-platform-content-item\" id=\"description\" data-nav-section=\"description\"> <h2>Descripci\u00f3n<\/h2> <p>Elfsight Background Music es un widget sencillo para los sitios web de Blogger que le brinda la oportunidad de transmitir pistas de audio directamente en las p\u00e1ginas de su sitio. El complemento es totalmente personalizable: puede modificar su ubicaci\u00f3n, insertarlo en cualquier lugar de la p\u00e1gina, cambiar su tama\u00f1o, cambiar el color del fondo y todos los dem\u00e1s elementos para combinarlos con el dise\u00f1o de su sitio, usar una combinaci\u00f3n de colores oscuros, mostrar im\u00e1genes y mostrar u ocultar otros 4 detalles del reproductor, por ejemplo, la barra de progreso, el encabezado y muchos m\u00e1s. Incluye tantas pistas como necesites para atraer a tus usuarios, activa la opci\u00f3n de reproducci\u00f3n autom\u00e1tica y aseg\u00farate de que tus usuarios no abandonar\u00e1n tu p\u00e1gina web apresuradamente. <\/p> <p><b>Con Elfsight Background Music, observe el desarrollo empresarial activo y aumente las ventas <\/b><\/p> <\/div> <div class=\"application-platform-content-item-features application-platform-content-item\" id=\"features\" data-nav-section=\"features\"> <h2>Las caracter\u00edsticas m\u00e1s valiosas del widget incluyen<\/h2> <ul><li>Varias variaciones de color<\/li><li>Esquema de colores oscuro\/claro<\/li><li>Dise\u00f1o flexible<\/li><li>2 dise\u00f1os disponible<\/li><li>Una opci\u00f3n para agregar una imagen de fondo<\/li><\/ul><p><a href=\"#demo\">Puedes sentir lo que ofrece el widget con la ayuda de la demostraci\u00f3n<\/a><\/p> <\/div> <div class=\"application-platform-content-item-installation application-platform-content-item\" id=\"installation\" data-nav-section=\"installation\"> <h2>\u00bfC\u00f3mo agregar m\u00fasica de fondo al sitio web de Blogger?<\/h2> <div class=\"video-container\"><iframe width=\"720\" height=\"405\" src=\"https:\/\/www.youtube.com\/embed\/46K2-X1_770\" frameborder=\"0\"><\/iframe><\/div><p>Simplemente siga un par de pasos que se presentan a continuaci\u00f3n para integrar el widget. <\/p> <ol><li><b>Utilice nuestra demostraci\u00f3n gratuita y comience a crear su propio complemento. <\/b><br> Elija la interfaz y las caracter\u00edsticas adecuadas de la herramienta y guarde las ediciones. <\/li> <li><b>Reciba el c\u00f3digo individual que se muestra en el cuadro de Elfsight Apps<\/b><br> Una vez finalizada la configuraci\u00f3n de su widget, copie el c\u00f3digo individual en el cuadro que aparece y gu\u00e1rdelo para su uso posterior. <\/li> <li><b>Comience a aplicar la herramienta en su p\u00e1gina web de Blogger<\/b><br> Pegue el c\u00f3digo guardado recientemente en su p\u00e1gina web y guarde las modificaciones. <\/li> <li><b>\u00a1Ya terminaste! La configuraci\u00f3n est\u00e1 completamente finalizada<\/b><br> Vaya a su sitio web para revisar c\u00f3mo funciona la herramienta. <\/li><\/ol> <p>En caso de que tenga preguntas o se enfrente a alg\u00fan obst\u00e1culo, no dude en ponerse en contacto con nuestro personal de atenci\u00f3n al cliente. Nuestros consultores est\u00e1n deseando resolver todas las dudas que puedas tener sobre la herramienta. <\/p> <\/div><p><\/p>","protected":false},"excerpt":{"rendered":"","protected":false},"author":9,"featured_media":0,"parent":501,"menu_order":0,"comment_status":"closed","ping_status":"closed","template":"templates\/template-application-platform.php","meta":{"publish_to_discourse":"","publish_post_category":"","wpdc_auto_publish_overridden":"","wpdc_topic_tags":"","wpdc_pin_topic":"","wpdc_pin_until":"","discourse_post_id":"","discourse_permalink":"","wpdc_publishing_response":"","wpdc_publishing_error":"","footnotes":""},"class_list":["post-8677","page","type-page","status-publish","hentry"],"yoast_head":"<!-- This site is optimized with the Yoast SEO plugin v25.3.1 - https:\/\/yoast.com\/wordpress\/plugins\/seo\/ -->\n<title>Reproductor de m\u00fasica de fondo para el sitio web de Blogger (gratis y sin codificaci\u00f3n)<\/title>\n<meta name=\"description\" content=\"Integre un reproductor de audio de fondo adaptable en su p\u00e1gina. A\u00f1ade m\u00fasica de fondo de reproducci\u00f3n autom\u00e1tica en Blogger. \u00a1Construye tu widget \u00fanico en solo un par de minutos!\" \/>\n<meta name=\"robots\" content=\"index, follow, max-snippet:-1, max-image-preview:large, max-video-preview:-1\" \/>\n<link rel=\"canonical\" href=\"https:\/\/elfsight.com\/es\/background-music-widget\/blogger\/\" \/>\n<meta property=\"og:locale\" content=\"es_ES\" \/>\n<meta property=\"og:type\" content=\"article\" \/>\n<meta property=\"og:title\" content=\"Reproductor de m\u00fasica de fondo para el sitio web de Blogger (gratis y sin codificaci\u00f3n)\" \/>\n<meta property=\"og:description\" content=\"Integre un reproductor de audio de fondo adaptable en su p\u00e1gina. A\u00f1ade m\u00fasica de fondo de reproducci\u00f3n autom\u00e1tica en Blogger. \u00a1Construye tu widget \u00fanico en solo un par de minutos!\" \/>\n<meta property=\"og:url\" content=\"https:\/\/elfsight.com\/es\/background-music-widget\/blogger\/\" \/>\n<meta property=\"og:site_name\" content=\"Elfsight ES\" \/>\n<meta property=\"article:modified_time\" content=\"2025-02-06T15:33:42+00:00\" \/>\n<meta name=\"twitter:card\" content=\"summary_large_image\" \/>\n<meta name=\"twitter:label1\" content=\"Tiempo de lectura\" \/>\n\t<meta name=\"twitter:data1\" content=\"2 minutos\" \/>\n<!-- \/ Yoast SEO plugin. -->","yoast_head_json":{"title":"Reproductor de m\u00fasica de fondo para el sitio web de Blogger (gratis y sin codificaci\u00f3n)","description":"Integre un reproductor de audio de fondo adaptable en su p\u00e1gina. A\u00f1ade m\u00fasica de fondo de reproducci\u00f3n autom\u00e1tica en Blogger. \u00a1Construye tu widget \u00fanico en solo un par de minutos!","robots":{"index":"index","follow":"follow","max-snippet":"max-snippet:-1","max-image-preview":"max-image-preview:large","max-video-preview":"max-video-preview:-1"},"canonical":"https:\/\/elfsight.com\/es\/background-music-widget\/blogger\/","og_locale":"es_ES","og_type":"article","og_title":"Reproductor de m\u00fasica de fondo para el sitio web de Blogger (gratis y sin codificaci\u00f3n)","og_description":"Integre un reproductor de audio de fondo adaptable en su p\u00e1gina. A\u00f1ade m\u00fasica de fondo de reproducci\u00f3n autom\u00e1tica en Blogger. \u00a1Construye tu widget \u00fanico en solo un par de minutos!","og_url":"https:\/\/elfsight.com\/es\/background-music-widget\/blogger\/","og_site_name":"Elfsight ES","article_modified_time":"2025-02-06T15:33:42+00:00","twitter_card":"summary_large_image","twitter_misc":{"Tiempo de lectura":"2 minutos"},"schema":{"@context":"https:\/\/schema.org","@graph":[{"@type":"WebPage","@id":"https:\/\/elfsight.com\/es\/background-music-widget\/blogger\/","url":"https:\/\/elfsight.com\/es\/background-music-widget\/blogger\/","name":"Reproductor de m\u00fasica de fondo para el sitio web de Blogger (gratis y sin codificaci\u00f3n)","isPartOf":{"@id":"https:\/\/elfsight.com\/es\/#website"},"datePublished":"1970-01-01T00:00:00+00:00","dateModified":"2025-02-06T15:33:42+00:00","description":"Integre un reproductor de audio de fondo adaptable en su p\u00e1gina. A\u00f1ade m\u00fasica de fondo de reproducci\u00f3n autom\u00e1tica en Blogger. \u00a1Construye tu widget \u00fanico en solo un par de minutos!","breadcrumb":{"@id":"https:\/\/elfsight.com\/es\/background-music-widget\/blogger\/#breadcrumb"},"inLanguage":"es","potentialAction":[{"@type":"ReadAction","target":["https:\/\/elfsight.com\/es\/background-music-widget\/blogger\/"]}]},{"@type":"BreadcrumbList","@id":"https:\/\/elfsight.com\/es\/background-music-widget\/blogger\/#breadcrumb","itemListElement":[{"@type":"ListItem","position":1,"name":"Home","item":"https:\/\/elfsight.com\/es\/"},{"@type":"ListItem","position":2,"name":"Background Music","item":"https:\/\/elfsight.com\/es\/background-music-widget\/"},{"@type":"ListItem","position":3,"name":"Background Music &#8211; Blogger"}]},{"@type":"WebSite","@id":"https:\/\/elfsight.com\/es\/#website","url":"https:\/\/elfsight.com\/es\/","name":"Elfsight ES","description":"Just another Elfsight Sites site","potentialAction":[{"@type":"SearchAction","target":{"@type":"EntryPoint","urlTemplate":"https:\/\/elfsight.com\/es\/?s={search_term_string}"},"query-input":{"@type":"PropertyValueSpecification","valueRequired":true,"valueName":"search_term_string"}}],"inLanguage":"es"}]}},"meta_box":{"industry":"","seo_heading":"","heading":"","description":"","cta_heading":"","cta_description":"","application":"500","h1":"Widget de m\u00fasica de fondo de Blogger","h1_caption":"Inserte una opci\u00f3n entretenida en su p\u00e1gina web y atraiga m\u00e1s clientes satisfechos con un clic","application_category":[],"applications_title":"","applications_request_title":"","applications_request_button_text":"","hero_text":"","hero_video":"","hero_video_schema_markup":"","selling_points_title":"","selling_points_caption":"","selling_points":[],"selling_points_cta_text":"","features_title":"","features":"","ed_cta_examples_text":"","ed_cta_examples_hidden":"","ed_cta_demo_text":"","ed_cta_demo_hidden":"","why_caption":"","why_editor_title":"","why_editor_text":"","why_team_title":"","why_team_text":"","why_service_title":"","why_service_text":"","template_catalog_visible":"","template_catalog_title":"","template_catalog_text":"","template_catalog_categories_visible":"","demo_title":"Crea tu widget de m\u00fasica de fondo","demo_caption":"\u00a1Configura tu m\u00fasica de fondo y agr\u00e9gala a tu sitio web de Blogger gratis!","default_faq_hidden":"","app_template_category":[],"platform":"39","template_public_id":"","codecanyon_url":"","codecanyon_item_id":"","codecanyon_price":"","pricing_caption":"","pricing_elfsight_apps_hide_column":"","pricing_elfsight_apps_url":"","pricing_codecanyon_price_caption":"","integration_category":[],"integration_request_title":"","integration_request_cta":"","integration_platform":"","integrations":[],"platform_category":[],"video_schema_markup":"","price":"desde $0 \/ mes","trial":"","benefits":[{"text":"Asistencia de instalaci\u00f3n gratuita"},{"text":"Soporte excepcional"},{"text":"Garant\u00eda de devoluci\u00f3n de dinero de 14 d\u00edas"},{"text":"Mejoras gratuitas de por vida"}],"button_url":"#demo","button_target_blank":"","button_nofollow":"","attributes":[{"name":"Instalaciones","content":"10,000 - 100,000"},{"name":"Sensible","content":"S\u00ed"},{"name":"Navegadores compatibles","content":"Firefox, Safari, Opera, Chrome, Edge"}],"tags":[],"tags_disable_links":"","hide_more_platforms":"","video_object":"","demo_hide_cta":"","demo_hide_cloud_options":"","pricing_title":"","pricing":[{"pricing_icon":"platform","pricing_title":"Elfsight Apps","pricing_title_caption":"Versi\u00f3n multiplataforma que se adapta a cualquier sitio.","pricing_price":"desde $0 \/ mes","pricing_price_caption":"comienza con un plan gratuito","pricing_benefits":[{"text":"Sitios web ilimitados"},{"text":"Soporte 24 horas al d\u00eda, 7 d\u00edas a la semana, puntual y bien documentado."},{"text":"Soporte de instalaci\u00f3n gratuito"},{"text":"Dise\u00f1o flexible"}],"pricing_button_text":"A\u00f1adir al sitio web","pricing_button_url":"#demo"}],"related_apps_title":"","related_apps_hidden":"","author":"","image":[],"title":"","job":"","social_networks":[]},"_links":{"self":[{"href":"https:\/\/elfsight.com\/es\/wp-json\/wp\/v2\/pages\/8677","targetHints":{"allow":["GET"]}}],"collection":[{"href":"https:\/\/elfsight.com\/es\/wp-json\/wp\/v2\/pages"}],"about":[{"href":"https:\/\/elfsight.com\/es\/wp-json\/wp\/v2\/types\/page"}],"author":[{"embeddable":true,"href":"https:\/\/elfsight.com\/es\/wp-json\/wp\/v2\/users\/9"}],"replies":[{"embeddable":true,"href":"https:\/\/elfsight.com\/es\/wp-json\/wp\/v2\/comments?post=8677"}],"version-history":[{"count":2,"href":"https:\/\/elfsight.com\/es\/wp-json\/wp\/v2\/pages\/8677\/revisions"}],"predecessor-version":[{"id":18429,"href":"https:\/\/elfsight.com\/es\/wp-json\/wp\/v2\/pages\/8677\/revisions\/18429"}],"up":[{"embeddable":true,"href":"https:\/\/elfsight.com\/es\/wp-json\/wp\/v2\/pages\/501"}],"wp:attachment":[{"href":"https:\/\/elfsight.com\/es\/wp-json\/wp\/v2\/media?parent=8677"}],"curies":[{"name":"wp","href":"https:\/\/api.w.org\/{rel}","templated":true}]}}