{"id":8676,"date":"1970-01-01T00:00:00","date_gmt":"1970-01-01T00:00:00","guid":{"rendered":"https:\/\/elfsight.com\/es\/?page_id=8676"},"modified":"2025-02-06T15:33:51","modified_gmt":"2025-02-06T15:33:51","slug":"bigcommerce","status":"publish","type":"page","link":"https:\/\/elfsight.com\/es\/background-music-widget\/bigcommerce\/","title":{"rendered":"Background Music &#8211; BigCommerce"},"content":{"rendered":"<div class=\"application-platform-content-item-description application-platform-content-item\" id=\"description\" data-nav-section=\"description\"> <h2>Descripci\u00f3n<\/h2> <p>Elfsight Background Music es un widget sencillo para los sitios web de BigCommerce que le brinda la oportunidad de transmitir pistas de audio directamente en las p\u00e1ginas de su sitio. El complemento es enormemente ajustable: puede alterar su posici\u00f3n, configurarlo en cualquier lugar de la p\u00e1gina, modificar su tama\u00f1o, cambiar el color del fondo y otros elementos para combinarlo con el dise\u00f1o de su sitio web, aplicar una combinaci\u00f3n de colores oscuros, mostrar portadas y mostrar u ocultar otros 4 detalles del reproductor, por ejemplo, la barra de progreso, el t\u00edtulo y muchos m\u00e1s. Sube tantas pistas como desees para entretener a tus usuarios, activa la opci\u00f3n de reproducci\u00f3n autom\u00e1tica y no lo dudes: \u00a1tu audiencia no abandonar\u00e1 tu sitio web r\u00e1pidamente!<\/p> <p><b>Haz que tu sitio web sea m\u00e1s eficaz para los objetivos de comercio electr\u00f3nico con la ayuda del reproductor de m\u00fasica de fondo<\/b><\/p> <\/div> <div class=\"application-platform-content-item-features application-platform-content-item\" id=\"features\" data-nav-section=\"features\"> <h2>Las funciones de widget m\u00e1s valiosas<\/h2> <ul><li>Variaciones de color ilimitadas<\/li><li>Tema de color oscuro\/claro<\/li><li>Dise\u00f1o responsivo<\/li><li>Dos dise\u00f1os disponibles<\/li><li>Una oportunidad para agregar una imagen de fondo<\/li><\/ul><p><a href=\"#demo\">Puedes descubrir la funcionalidad completa del widget en la demostraci\u00f3n a continuaci\u00f3n<\/a><\/p> <\/div> <div class=\"application-platform-content-item-installation application-platform-content-item\" id=\"installation\" data-nav-section=\"installation\"> <h2>\u00bfC\u00f3mo incrustar m\u00fasica de fondo de Elfsight en mi sitio web de BigCommerce? <\/h2> <div class=\"video-container\"><iframe width=\"720\" height=\"405\" src=\"https:\/\/www.youtube.com\/embed\/q5N8JmH1UGw\" frameborder=\"0\"><\/iframe><\/div><p>Simplemente aplique las instrucciones a continuaci\u00f3n para incrustar el widget. <\/p> <ol><li><b>Utilice nuestra demostraci\u00f3n gratuita y comience a darle forma a su widget personalizado. <\/b><br> Encuentre el dise\u00f1o y las caracter\u00edsticas adecuadas del widget y guarde todas las correcciones. <\/li> <li><b>Obtenga el c\u00f3digo individual revelado en la ventana de Elfsight Apps. <\/b><br> Cuando finalice la configuraci\u00f3n de su widget, copie el c\u00f3digo individual de la ventana que aparece y gu\u00e1rdelo para usarlo en el futuro. <\/li> <li><b>Comience a utilizar el widget en su sitio web de BigCommerce. <\/b><br>Coloca el c\u00f3digo que has guardado antes en tu p\u00e1gina y guarda las mejoras. <\/li> <li><b>La configuraci\u00f3n est\u00e1 completamente realizada. <\/b><br>Abre tu sitio para inspeccionar el funcionamiento del widget. <\/li><\/ol><p>Si tiene preguntas o se encuentra con algunos obst\u00e1culos, comun\u00edquese con nuestro equipo de soporte. Nuestros especialistas est\u00e1n deseando ayudarle con todas las dificultades que pueda tener con el producto. <\/p> <\/div>","protected":false},"excerpt":{"rendered":"","protected":false},"author":9,"featured_media":0,"parent":501,"menu_order":0,"comment_status":"closed","ping_status":"closed","template":"templates\/template-application-platform.php","meta":{"publish_to_discourse":"","publish_post_category":"","wpdc_auto_publish_overridden":"","wpdc_topic_tags":"","wpdc_pin_topic":"","wpdc_pin_until":"","discourse_post_id":"","discourse_permalink":"","wpdc_publishing_response":"","wpdc_publishing_error":"","footnotes":""},"class_list":["post-8676","page","type-page","status-publish","hentry"],"yoast_head":"<!-- This site is optimized with the Yoast SEO plugin v25.3.1 - https:\/\/yoast.com\/wordpress\/plugins\/seo\/ -->\n<title>Reproductor de m\u00fasica de fondo para el sitio web de BigCommerce (gratis y sin codificaci\u00f3n)<\/title>\n<meta name=\"description\" content=\"Incruste un widget de audio de fondo adaptable en su sitio BigCommerce. Utilice la demostraci\u00f3n manejable y cree su widget personalizado en solo 2 minutos.\" \/>\n<meta name=\"robots\" content=\"index, follow, max-snippet:-1, max-image-preview:large, max-video-preview:-1\" \/>\n<link rel=\"canonical\" href=\"https:\/\/elfsight.com\/es\/background-music-widget\/bigcommerce\/\" \/>\n<meta property=\"og:locale\" content=\"es_ES\" \/>\n<meta property=\"og:type\" content=\"article\" \/>\n<meta property=\"og:title\" content=\"Reproductor de m\u00fasica de fondo para el sitio web de BigCommerce (gratis y sin codificaci\u00f3n)\" \/>\n<meta property=\"og:description\" content=\"Incruste un widget de audio de fondo adaptable en su sitio BigCommerce. Utilice la demostraci\u00f3n manejable y cree su widget personalizado en solo 2 minutos.\" \/>\n<meta property=\"og:url\" content=\"https:\/\/elfsight.com\/es\/background-music-widget\/bigcommerce\/\" \/>\n<meta property=\"og:site_name\" content=\"Elfsight ES\" \/>\n<meta property=\"article:modified_time\" content=\"2025-02-06T15:33:51+00:00\" \/>\n<meta name=\"twitter:card\" content=\"summary_large_image\" \/>\n<meta name=\"twitter:label1\" content=\"Tiempo de lectura\" \/>\n\t<meta name=\"twitter:data1\" content=\"2 minutos\" \/>\n<!-- \/ Yoast SEO plugin. -->","yoast_head_json":{"title":"Reproductor de m\u00fasica de fondo para el sitio web de BigCommerce (gratis y sin codificaci\u00f3n)","description":"Incruste un widget de audio de fondo adaptable en su sitio BigCommerce. Utilice la demostraci\u00f3n manejable y cree su widget personalizado en solo 2 minutos.","robots":{"index":"index","follow":"follow","max-snippet":"max-snippet:-1","max-image-preview":"max-image-preview:large","max-video-preview":"max-video-preview:-1"},"canonical":"https:\/\/elfsight.com\/es\/background-music-widget\/bigcommerce\/","og_locale":"es_ES","og_type":"article","og_title":"Reproductor de m\u00fasica de fondo para el sitio web de BigCommerce (gratis y sin codificaci\u00f3n)","og_description":"Incruste un widget de audio de fondo adaptable en su sitio BigCommerce. Utilice la demostraci\u00f3n manejable y cree su widget personalizado en solo 2 minutos.","og_url":"https:\/\/elfsight.com\/es\/background-music-widget\/bigcommerce\/","og_site_name":"Elfsight ES","article_modified_time":"2025-02-06T15:33:51+00:00","twitter_card":"summary_large_image","twitter_misc":{"Tiempo de lectura":"2 minutos"},"schema":{"@context":"https:\/\/schema.org","@graph":[{"@type":"WebPage","@id":"https:\/\/elfsight.com\/es\/background-music-widget\/bigcommerce\/","url":"https:\/\/elfsight.com\/es\/background-music-widget\/bigcommerce\/","name":"Reproductor de m\u00fasica de fondo para el sitio web de BigCommerce (gratis y sin codificaci\u00f3n)","isPartOf":{"@id":"https:\/\/elfsight.com\/es\/#website"},"datePublished":"1970-01-01T00:00:00+00:00","dateModified":"2025-02-06T15:33:51+00:00","description":"Incruste un widget de audio de fondo adaptable en su sitio BigCommerce. Utilice la demostraci\u00f3n manejable y cree su widget personalizado en solo 2 minutos.","breadcrumb":{"@id":"https:\/\/elfsight.com\/es\/background-music-widget\/bigcommerce\/#breadcrumb"},"inLanguage":"es","potentialAction":[{"@type":"ReadAction","target":["https:\/\/elfsight.com\/es\/background-music-widget\/bigcommerce\/"]}]},{"@type":"BreadcrumbList","@id":"https:\/\/elfsight.com\/es\/background-music-widget\/bigcommerce\/#breadcrumb","itemListElement":[{"@type":"ListItem","position":1,"name":"Home","item":"https:\/\/elfsight.com\/es\/"},{"@type":"ListItem","position":2,"name":"Background Music","item":"https:\/\/elfsight.com\/es\/background-music-widget\/"},{"@type":"ListItem","position":3,"name":"Background Music &#8211; BigCommerce"}]},{"@type":"WebSite","@id":"https:\/\/elfsight.com\/es\/#website","url":"https:\/\/elfsight.com\/es\/","name":"Elfsight ES","description":"Just another Elfsight Sites site","potentialAction":[{"@type":"SearchAction","target":{"@type":"EntryPoint","urlTemplate":"https:\/\/elfsight.com\/es\/?s={search_term_string}"},"query-input":{"@type":"PropertyValueSpecification","valueRequired":true,"valueName":"search_term_string"}}],"inLanguage":"es"}]}},"meta_box":{"industry":"","seo_heading":"","heading":"","description":"","cta_heading":"","cta_description":"","application":"500","h1":"Aplicaci\u00f3n M\u00fasica de fondo de BigCommerce","h1_caption":"A\u00f1ade una opci\u00f3n entretenida a tu p\u00e1gina de inicio y consigue m\u00e1s clientes satisfechos r\u00e1pidamente","application_category":[],"applications_title":"","applications_request_title":"","applications_request_button_text":"","hero_text":"","hero_video":"","hero_video_schema_markup":"","selling_points_title":"","selling_points_caption":"","selling_points":[],"selling_points_cta_text":"","features_title":"","features":"","ed_cta_examples_text":"","ed_cta_examples_hidden":"","ed_cta_demo_text":"","ed_cta_demo_hidden":"","why_caption":"","why_editor_title":"","why_editor_text":"","why_team_title":"","why_team_text":"","why_service_title":"","why_service_text":"","template_catalog_visible":"","template_catalog_title":"","template_catalog_text":"","template_catalog_categories_visible":"","demo_title":"Crea tu aplicaci\u00f3n de M\u00fasica de Fondo","demo_caption":"\u00a1Configure su m\u00fasica de fondo y agr\u00e9guela a su sitio web BigCommerce gratis!","default_faq_hidden":"","app_template_category":[],"platform":"33","template_public_id":"","codecanyon_url":"","codecanyon_item_id":"","codecanyon_price":"","pricing_caption":"","pricing_elfsight_apps_hide_column":"","pricing_elfsight_apps_url":"","pricing_codecanyon_price_caption":"","integration_category":[],"integration_request_title":"","integration_request_cta":"","integration_platform":"","integrations":[],"platform_category":[],"video_schema_markup":"","price":"desde $0 \/ mes","trial":"","benefits":[{"text":"Ayuda de instalaci\u00f3n gratuita"},{"text":"Servicio al cliente profesional"},{"text":"Garant\u00eda de devoluci\u00f3n de dinero de 14 d\u00edas"},{"text":"Mejoras gratuitas de por vida"}],"button_url":"#demo","button_target_blank":"","button_nofollow":"","attributes":[{"name":"Instalaciones","content":"10,000 - 100,000"},{"name":"Sensible","content":"S\u00ed"},{"name":"Navegadores compatibles","content":"Firefox, Safari, Opera, Chrome, Edge"}],"tags":[],"tags_disable_links":"","hide_more_platforms":"","video_object":"","demo_hide_cta":"","demo_hide_cloud_options":"","pricing_title":"","pricing":[{"pricing_icon":"platform","pricing_title":"Elfsight Apps","pricing_title_caption":"Soluci\u00f3n digital independiente de plataforma que funciona en cualquier sitio web","pricing_price":"desde $0 \/ mes","pricing_price_caption":"comienza con el plan gratuito","pricing_benefits":[{"text":"Sitios web ilimitados"},{"text":"Atenci\u00f3n al cliente gratuita y bien documentada."},{"text":"Ayuda de instalaci\u00f3n gratuita"},{"text":"Totalmente personalizable"}],"pricing_button_text":"A\u00f1adir al sitio web","pricing_button_url":"#demo"}],"related_apps_title":"","related_apps_hidden":"","author":"","image":[],"title":"","job":"","social_networks":[]},"_links":{"self":[{"href":"https:\/\/elfsight.com\/es\/wp-json\/wp\/v2\/pages\/8676","targetHints":{"allow":["GET"]}}],"collection":[{"href":"https:\/\/elfsight.com\/es\/wp-json\/wp\/v2\/pages"}],"about":[{"href":"https:\/\/elfsight.com\/es\/wp-json\/wp\/v2\/types\/page"}],"author":[{"embeddable":true,"href":"https:\/\/elfsight.com\/es\/wp-json\/wp\/v2\/users\/9"}],"replies":[{"embeddable":true,"href":"https:\/\/elfsight.com\/es\/wp-json\/wp\/v2\/comments?post=8676"}],"version-history":[{"count":2,"href":"https:\/\/elfsight.com\/es\/wp-json\/wp\/v2\/pages\/8676\/revisions"}],"predecessor-version":[{"id":18430,"href":"https:\/\/elfsight.com\/es\/wp-json\/wp\/v2\/pages\/8676\/revisions\/18430"}],"up":[{"embeddable":true,"href":"https:\/\/elfsight.com\/es\/wp-json\/wp\/v2\/pages\/501"}],"wp:attachment":[{"href":"https:\/\/elfsight.com\/es\/wp-json\/wp\/v2\/media?parent=8676"}],"curies":[{"name":"wp","href":"https:\/\/api.w.org\/{rel}","templated":true}]}}