{"id":8666,"date":"1970-01-01T00:00:00","date_gmt":"1970-01-01T00:00:00","guid":{"rendered":"https:\/\/elfsight.com\/es\/?page_id=8666"},"modified":"2025-02-06T15:34:00","modified_gmt":"2025-02-06T15:34:00","slug":"webnode","status":"publish","type":"page","link":"https:\/\/elfsight.com\/es\/amazon-reviews-widget\/webnode\/","title":{"rendered":"Amazon Reviews &#8211; Webnode"},"content":{"rendered":"<div class=\"application-platform-content-item-description application-platform-content-item\" id=\"description\" data-nav-section=\"description\"><h2>Descripci\u00f3n<\/h2><p>El widget Elfsight de Amazon es el m\u00e9todo m\u00e1s sencillo para mejorar la representaci\u00f3n de su marca expresando comentarios de visitantes reales sobre sus productos. Muestre solo los mejores o m\u00e1s significativos puntos de vista y organ\u00edcelos como necesite. Obtenga pruebas sociales mostrando a los visitantes de su sitio web que se puede confiar en usted.<\/p><p><b>\u00a1Inspire a los usuarios a publicar nuevos comentarios sobre sus productos y fomente las conversaciones con los clientes!<\/b><\/p><\/div><div class=\"application-platform-content-item-features application-platform-content-item\" id=\"features\" data-nav-section=\"features\"><h2>Caracter\u00edsticas<\/h2><p>Para lograr una mejor percepci\u00f3n del widget, consulte la lista de sus caracter\u00edsticas esenciales. Hacen que nuestro widget sea incre\u00edblemente efectivo para su promoci\u00f3n:<\/p><ul><li>3 filtros listos para usar: por tipo, excluir por y cantidad de rese\u00f1as para mostrar;<\/li><li>4 variantes de dise\u00f1os: lista, cuadr\u00edcula, mamposter\u00eda y control deslizante;<\/li><li>Una oportunidad para activar\/desactivar el encabezado del widget;<\/li><li>El bot\u00f3n de solicitud de rese\u00f1a lleva a las personas a la p\u00e1gina de Amazon;<\/li><li>6 elementos personalizables de las rese\u00f1as: el nombre del autor y la foto, texto de recomendaci\u00f3n, fecha de publicaci\u00f3n, \u00edcono de Amazon y calificaci\u00f3n de estrellas;<\/li><li>Dos variantes de escenarios despu\u00e9s del rechazo de la solicitud de revisi\u00f3n: mostrar un mensaje personalizado u ocultar el bot\u00f3n;<\/li><\/ul><p><a href=\"#demo\">Descubra una lista completa de funciones en la demostraci\u00f3n<\/a><\/p><\/div><div class=\"application-platform-content-item-installation application-platform-content-item\" id=\"installation\" data-nav-section=\"installation\"><h2>C\u00f3mo agregar rese\u00f1as de Amazon a Sitio web de Webnode<\/h2><p>Los pasos siguientes son lo \u00fanico que necesitas para configurar Rese\u00f1as de Amazon en tu sitio. Le llevar\u00e1 solo tres minutos y no necesitar\u00e1 preocuparse por la codificaci\u00f3n.<\/p><ol><li><b>Dise\u00f1e su propio complemento de Amazon<\/b><br>Administrando nuestro editor gratuito, cree un complemento con una interfaz y funcionalidad preferibles.<\/li><li><b>Copia el c\u00f3digo individual para integrar el complemento<\/b><br>Despu\u00e9s de haber configurado su widget, obtendr\u00e1 el c\u00f3digo \u00fanico de la notificaci\u00f3n que aparece en Elfsight Apps. Copia este c\u00f3digo.<\/li><li><b>El complemento en tu sitio Webnode<\/b><br>Selecciona el \u00e1rea donde planeas agregar el complemento e inserta all\u00ed el c\u00f3digo copiado. Publica los cambios.<\/li><li><b>\u00a1La integraci\u00f3n es exitosa!<\/b><br>Ingresa a tu sitio web, para ver tu trabajo.<\/li><\/ol><p>\u00bfA\u00fan dudas de algo? \u00bfO tienes consultas? Simplemente env\u00ede una solicitud a nuestro equipo de atenci\u00f3n al cliente. Ellos te ayudar\u00e1n con cualquier problema que surja.<\/p><div class=\"faq\" data-component=\"FAQ\"> <div class=\"faq-item\">\r\n\t\t\t\t\t<div class=\"faq-item-question\">\r\n\t\t\t\t\t\t<h3 class=\"faq-item-question-text\">\u00bfC\u00f3mo agregar rese\u00f1as de Amazon a mi sitio web Webnode sin conocimientos de codificaci\u00f3n?<\/h3>\r\n\r\n\t\t\t\t\t\t<div class=\"faq-item-question-icon\"><\/div>\r\n\t\t\t\t\t<\/div>\r\n\r\n\t\t\t\t\t<div class=\"faq-item-answer\">\r\n\t\t\t\t\t\t<div class=\"faq-item-answer-text\"> <p>Elfsight proporciona una soluci\u00f3n SaaS que te permite crear un widget de rese\u00f1as de Amazon t\u00fa mismo. Mira lo f\u00e1cil que es el proceso: trabaja directamente en el editor en l\u00ednea para crear un widget de rese\u00f1as de Amazon que te gustar\u00eda ver en tu sitio web de Webnode. Elija una de las plantillas predise\u00f1adas y ajuste la configuraci\u00f3n de Rese\u00f1as de Amazon, agregue su contenido, cambie el dise\u00f1o y los colores sin conocimientos de codificaci\u00f3n. Guarda las Reviews de Amazon y copia su c\u00f3digo de instalaci\u00f3n, que podr\u00e1s incluir f\u00e1cilmente en tu sitio web Webnode sin necesidad de comprar una suscripci\u00f3n paga. Con nuestro intuitivo editor, cualquier usuario de Internet puede crear rese\u00f1as desde el widget de Amazon en l\u00ednea e incrustarlo f\u00e1cilmente en su sitio web Webnode. No es necesario pagar ni ingresar las credenciales de su tarjeta para acceder al servicio. Si tiene alg\u00fan problema en cualquier paso, no dude en ponerse en contacto con nuestro equipo de soporte t\u00e9cnico.<\/p> <\/div>\r\n\t\t\t\t\t<\/div>\r\n\t\t\t\t<\/div> <\/div> <\/div>","protected":false},"excerpt":{"rendered":"","protected":false},"author":9,"featured_media":0,"parent":521,"menu_order":0,"comment_status":"closed","ping_status":"closed","template":"templates\/template-application-platform.php","meta":{"publish_to_discourse":"","publish_post_category":"","wpdc_auto_publish_overridden":"","wpdc_topic_tags":"","wpdc_pin_topic":"","wpdc_pin_until":"","discourse_post_id":"","discourse_permalink":"","wpdc_publishing_response":"","wpdc_publishing_error":"","footnotes":""},"class_list":["post-8666","page","type-page","status-publish","hentry"],"yoast_head":"<!-- This site is optimized with the Yoast SEO plugin v25.3.1 - https:\/\/yoast.com\/wordpress\/plugins\/seo\/ -->\n<title>Insertar Reviews from Amazon en el sitio web de Webnode (gratis y r\u00e1pido)<\/title>\n<meta name=\"description\" content=\"Es muy f\u00e1cil crear tus rese\u00f1as de Amazon y agregarlas a tu sitio web Webnode. La atenci\u00f3n al cliente de Elfsight es gratuita y r\u00e1pida.\" \/>\n<meta name=\"robots\" content=\"index, follow, max-snippet:-1, max-image-preview:large, max-video-preview:-1\" \/>\n<link rel=\"canonical\" href=\"https:\/\/elfsight.com\/es\/amazon-reviews-widget\/webnode\/\" \/>\n<meta property=\"og:locale\" content=\"es_ES\" \/>\n<meta property=\"og:type\" content=\"article\" \/>\n<meta property=\"og:title\" content=\"Insertar Reviews from Amazon en el sitio web de Webnode (gratis y r\u00e1pido)\" \/>\n<meta property=\"og:description\" content=\"Es muy f\u00e1cil crear tus rese\u00f1as de Amazon y agregarlas a tu sitio web Webnode. La atenci\u00f3n al cliente de Elfsight es gratuita y r\u00e1pida.\" \/>\n<meta property=\"og:url\" content=\"https:\/\/elfsight.com\/es\/amazon-reviews-widget\/webnode\/\" \/>\n<meta property=\"og:site_name\" content=\"Elfsight ES\" \/>\n<meta property=\"article:modified_time\" content=\"2025-02-06T15:34:00+00:00\" \/>\n<meta name=\"twitter:card\" content=\"summary_large_image\" \/>\n<meta name=\"twitter:label1\" content=\"Tiempo de lectura\" \/>\n\t<meta name=\"twitter:data1\" content=\"3 minutos\" \/>\n<!-- \/ Yoast SEO plugin. -->","yoast_head_json":{"title":"Insertar Reviews from Amazon en el sitio web de Webnode (gratis y r\u00e1pido)","description":"Es muy f\u00e1cil crear tus rese\u00f1as de Amazon y agregarlas a tu sitio web Webnode. La atenci\u00f3n al cliente de Elfsight es gratuita y r\u00e1pida.","robots":{"index":"index","follow":"follow","max-snippet":"max-snippet:-1","max-image-preview":"max-image-preview:large","max-video-preview":"max-video-preview:-1"},"canonical":"https:\/\/elfsight.com\/es\/amazon-reviews-widget\/webnode\/","og_locale":"es_ES","og_type":"article","og_title":"Insertar Reviews from Amazon en el sitio web de Webnode (gratis y r\u00e1pido)","og_description":"Es muy f\u00e1cil crear tus rese\u00f1as de Amazon y agregarlas a tu sitio web Webnode. La atenci\u00f3n al cliente de Elfsight es gratuita y r\u00e1pida.","og_url":"https:\/\/elfsight.com\/es\/amazon-reviews-widget\/webnode\/","og_site_name":"Elfsight ES","article_modified_time":"2025-02-06T15:34:00+00:00","twitter_card":"summary_large_image","twitter_misc":{"Tiempo de lectura":"3 minutos"},"schema":{"@context":"https:\/\/schema.org","@graph":[{"@type":"WebPage","@id":"https:\/\/elfsight.com\/es\/amazon-reviews-widget\/webnode\/","url":"https:\/\/elfsight.com\/es\/amazon-reviews-widget\/webnode\/","name":"Insertar Reviews from Amazon en el sitio web de Webnode (gratis y r\u00e1pido)","isPartOf":{"@id":"https:\/\/elfsight.com\/es\/#website"},"datePublished":"1970-01-01T00:00:00+00:00","dateModified":"2025-02-06T15:34:00+00:00","description":"Es muy f\u00e1cil crear tus rese\u00f1as de Amazon y agregarlas a tu sitio web Webnode. La atenci\u00f3n al cliente de Elfsight es gratuita y r\u00e1pida.","breadcrumb":{"@id":"https:\/\/elfsight.com\/es\/amazon-reviews-widget\/webnode\/#breadcrumb"},"inLanguage":"es","potentialAction":[{"@type":"ReadAction","target":["https:\/\/elfsight.com\/es\/amazon-reviews-widget\/webnode\/"]}]},{"@type":"BreadcrumbList","@id":"https:\/\/elfsight.com\/es\/amazon-reviews-widget\/webnode\/#breadcrumb","itemListElement":[{"@type":"ListItem","position":1,"name":"Home","item":"https:\/\/elfsight.com\/es\/"},{"@type":"ListItem","position":2,"name":"Amazon Reviews","item":"https:\/\/elfsight.com\/es\/amazon-reviews-widget\/"},{"@type":"ListItem","position":3,"name":"Amazon Reviews &#8211; Webnode"}]},{"@type":"WebSite","@id":"https:\/\/elfsight.com\/es\/#website","url":"https:\/\/elfsight.com\/es\/","name":"Elfsight ES","description":"Just another Elfsight Sites site","potentialAction":[{"@type":"SearchAction","target":{"@type":"EntryPoint","urlTemplate":"https:\/\/elfsight.com\/es\/?s={search_term_string}"},"query-input":{"@type":"PropertyValueSpecification","valueRequired":true,"valueName":"search_term_string"}}],"inLanguage":"es"}]}},"meta_box":{"industry":"","seo_heading":"","heading":"","description":"","cta_heading":"","cta_description":"","application":"520","h1":"Rese\u00f1as de Amazon para Webnode","h1_caption":"Muestre rese\u00f1as de sus productos de Amazon en su sitio","application_category":[],"applications_title":"","applications_request_title":"","applications_request_button_text":"","hero_text":"","hero_video":"","hero_video_schema_markup":"","selling_points_title":"","selling_points_caption":"","selling_points":[],"selling_points_cta_text":"","features_title":"","features":"","ed_cta_examples_text":"","ed_cta_examples_hidden":"","ed_cta_demo_text":"","ed_cta_demo_hidden":"","why_caption":"","why_editor_title":"","why_editor_text":"","why_team_title":"","why_team_text":"","why_service_title":"","why_service_text":"","template_catalog_visible":"0","template_catalog_title":"","template_catalog_text":"","template_catalog_categories_visible":"","demo_title":"Crea tu widget de Rese\u00f1as de Amazon","demo_caption":"\u00a1Configura tus Rese\u00f1as de Amazon y agr\u00e9galas a tu sitio web Webnode gratis!","default_faq_hidden":"","app_template_category":[],"platform":"2302","template_public_id":"","codecanyon_url":"","codecanyon_item_id":"","codecanyon_price":"","pricing_caption":"","pricing_elfsight_apps_hide_column":"","pricing_elfsight_apps_url":"","pricing_codecanyon_price_caption":"","integration_category":[],"integration_request_title":"","integration_request_cta":"","integration_platform":"","integrations":[],"platform_category":[],"video_schema_markup":"","price":"desde $0 \/ mes","trial":"","benefits":[{"text":"Servicio de instalaci\u00f3n gratuito"},{"text":"Servicio al cliente profesional"},{"text":"Garant\u00eda de devoluci\u00f3n de dinero de 14 d\u00edas"},{"text":"Desarrollo continuo"}],"button_url":"#demo","button_target_blank":"0","button_nofollow":"0","attributes":[{"name":"Instalaciones","content":"10,000 - 100,000"},{"name":"Sensible","content":"S\u00ed"},{"name":"Navegadores compatibles","content":"Firefox, Safari, Opera, Chrome, Edge"}],"tags":[],"tags_disable_links":"0","hide_more_platforms":"","video_object":"","demo_hide_cta":"0","demo_hide_cloud_options":"0","pricing_title":"","pricing":[{"pricing_icon":"platform","pricing_title":"Elfsight Apps","pricing_title_caption":"Soluci\u00f3n independiente de plataforma que funciona en cualquier sitio","pricing_price":"desde $0 \/ mes","pricing_price_caption":"comienza con el plan gratuito","pricing_benefits":[{"text":"Dominios ilimitados"},{"text":"Soporte empresarial dedicado y bien documentado."},{"text":"Ayuda de instalaci\u00f3n gratuita"},{"text":"Oferta especial para m\u00faltiples aplicaciones."}],"pricing_button_text":"A\u00f1adir al sitio web","pricing_button_url":"#demo"}],"related_apps_title":"","related_apps_hidden":"0","author":"","image":[],"title":"","job":"","social_networks":[]},"_links":{"self":[{"href":"https:\/\/elfsight.com\/es\/wp-json\/wp\/v2\/pages\/8666","targetHints":{"allow":["GET"]}}],"collection":[{"href":"https:\/\/elfsight.com\/es\/wp-json\/wp\/v2\/pages"}],"about":[{"href":"https:\/\/elfsight.com\/es\/wp-json\/wp\/v2\/types\/page"}],"author":[{"embeddable":true,"href":"https:\/\/elfsight.com\/es\/wp-json\/wp\/v2\/users\/9"}],"replies":[{"embeddable":true,"href":"https:\/\/elfsight.com\/es\/wp-json\/wp\/v2\/comments?post=8666"}],"version-history":[{"count":3,"href":"https:\/\/elfsight.com\/es\/wp-json\/wp\/v2\/pages\/8666\/revisions"}],"predecessor-version":[{"id":18435,"href":"https:\/\/elfsight.com\/es\/wp-json\/wp\/v2\/pages\/8666\/revisions\/18435"}],"up":[{"embeddable":true,"href":"https:\/\/elfsight.com\/es\/wp-json\/wp\/v2\/pages\/521"}],"wp:attachment":[{"href":"https:\/\/elfsight.com\/es\/wp-json\/wp\/v2\/media?parent=8666"}],"curies":[{"name":"wp","href":"https:\/\/api.w.org\/{rel}","templated":true}]}}