{"id":8658,"date":"1970-01-01T00:00:00","date_gmt":"1970-01-01T00:00:00","guid":{"rendered":"https:\/\/elfsight.com\/es\/?page_id=8658"},"modified":"2025-02-06T15:34:09","modified_gmt":"2025-02-06T15:34:09","slug":"prestashop","status":"publish","type":"page","link":"https:\/\/elfsight.com\/es\/amazon-reviews-widget\/prestashop\/","title":{"rendered":"Amazon Reviews &#8211; PrestaShop"},"content":{"rendered":"<div class=\"application-platform-content-item-description application-platform-content-item\" id=\"description\" data-nav-section=\"description\"> <h2>Descripci\u00f3n<\/h2> <p>Rese\u00f1as de Amazon es una herramienta \u00fatil que le ofrece la oportunidad de mostrar testimonios sobre sus productos directamente en su sitio web desde todos los sitios de rese\u00f1as acreditados. Al utilizar nuestro complemento, podr\u00e1 utilizar filtros para ocultar los comentarios no deseados, presumir de su calificaci\u00f3n de estrellas y de cantidad de su cuenta en cualquier p\u00e1gina web de rese\u00f1as de negocios, agregar informaci\u00f3n sobre los creadores de las rese\u00f1as y adjuntar una llamada a la acci\u00f3n que motivar\u00e1 a los usuarios a publicar su opini\u00f3n. Nuestra herramienta Rese\u00f1as de Amazon lo ayudar\u00e1 a mostrar su excelente prueba social en el sitio web y comenzar a recibir m\u00e1s compras nuevas.<\/p> <p><b>Haga que su sitio web sea m\u00e1s efectivo para objetivos comerciales con Rese\u00f1as de Amazon.<\/b><\/p> <\/div> <div class=\"application-platform-content-item-features application-platform-content-item\" id=\"features\" data-nav-section=\"features\"> <h2>Consulte la lista de las caracter\u00edsticas m\u00e1s importantes: <\/h2> <ul><li>Incrustar rese\u00f1as de clientes de Amazon p\u00e1gina<\/li><li>Tres tipos de filtros: excluir por, cantidad de rese\u00f1as y por tipo<\/li><li>Cuatro tipos de dise\u00f1o: lista, mamposter\u00eda, control deslizante y cuadr\u00edcula<\/li><li>tipos de navegaci\u00f3n con flechas y arrastres en el dise\u00f1o deslizante<\/li><li>Establecer la velocidad de diapositiva y la velocidad de reproducci\u00f3n autom\u00e1tica<\/li><li>Seleccione el tipo de paginaci\u00f3n en el dise\u00f1o deslizante<\/li><li>Bot\u00f3n CTA para obtener rese\u00f1as de nuevos usuarios en la p\u00e1gina de Amazon<\/li><li>Tres plantillas de rese\u00f1as: Spotlight, Bubble, Cl\u00e1sico<\/li><li>6 elementos flexibles de las rese\u00f1as: \u00edcono y fecha de Amazon, recomendaci\u00f3n, nombre del autor, calificaci\u00f3n de estrellas y foto<\/li><li>Una opci\u00f3n para cambiar el tama\u00f1o de fuente del texto de la rese\u00f1a<\/li><\/ul><p><a href=\"#demo\">Puedes consultar todas las capacidades del widget en la demostraci\u00f3n aqu\u00ed mismo<\/a><\/p> <\/div> <div class=\"application-platform-content-item-installation application-platform-content-item\" id=\"installation\" data-nav-section=\"installation\"> <h2>\u00bfC\u00f3mo puedo \u00bfAgrego Rese\u00f1as de Amazon a mi sitio web PrestaShop? <\/h2> <p>Simplemente aplique las instrucciones a continuaci\u00f3n para integrar el complemento. <\/p> <ol><li><b>Administre nuestro editor gratuito y comience a crear su complemento personalizado. <\/b><br> Especifique el aspecto seleccionado y las caracter\u00edsticas del complemento y guarde las ediciones. <\/li> <li><b>Copia el c\u00f3digo \u00fanico que aparece en el formulario especial en Elfsight Apps. <\/b><br> Una vez finalizada la generaci\u00f3n de su complemento, copie el c\u00f3digo individual en la ventana que aparece y gu\u00e1rdelo para usarlo en el futuro. <\/li> <li><b>Inicie el empleo del complemento en su sitio web PrestaShop. <\/b><br>Coloca el c\u00f3digo guardado recientemente en tu sitio web y guarda las correcciones. <\/li> <li><b>La configuraci\u00f3n est\u00e1 completamente realizada. <\/b><br> Vaya a su sitio para ver en acci\u00f3n el rendimiento de la herramienta. <\/li><\/ol> <p>En caso de tener dudas o encontrar alg\u00fan obst\u00e1culo, no dude en ponerse en contacto con nuestro personal de atenci\u00f3n al cliente. Nuestros especialistas est\u00e1n deseando resolver todas las dificultades que pueda tener con la herramienta. <\/p> <div class=\"faq\" data-component=\"FAQ\"> <div class=\"faq-item\">\r\n\t\t\t\t\t<div class=\"faq-item-question\">\r\n\t\t\t\t\t\t<h3 class=\"faq-item-question-text\">\u00bfC\u00f3mo puedo agregar rese\u00f1as de Amazon a mi sitio web PrestaShop sin conocimientos de codificaci\u00f3n?<\/h3>\r\n\r\n\t\t\t\t\t\t<div class=\"faq-item-question-icon\"><\/div>\r\n\t\t\t\t\t<\/div>\r\n\r\n\t\t\t\t\t<div class=\"faq-item-answer\">\r\n\t\t\t\t\t\t<div class=\"faq-item-answer-text\"> <p>Elfsight proporciona una soluci\u00f3n SaaS que le permite crear un widget de rese\u00f1as de Amazon usted mismo. Vea lo f\u00e1cil que es el proceso: trabaje directamente en el editor en l\u00ednea para crear un widget de rese\u00f1as de Amazon que le gustar\u00eda ver en su sitio web de PrestaShop. Elija una de las plantillas predise\u00f1adas y ajuste la configuraci\u00f3n de Rese\u00f1as de Amazon, agregue su contenido, cambie el dise\u00f1o y la combinaci\u00f3n de colores sin conocimientos de codificaci\u00f3n. Guarda las Reviews de Amazon y copia su c\u00f3digo de instalaci\u00f3n, que podr\u00e1s a\u00f1adir en tu web PrestaShop sin necesidad de comprar una versi\u00f3n de pago. Con nuestro editor intuitivo, cualquier usuario de Internet puede crear un widget de Rese\u00f1as de Amazon en l\u00ednea e incrustarlo f\u00e1cilmente en su sitio web PrestaShop. No es necesario pagar ni ingresar las credenciales de su tarjeta para acceder al servicio. Si tiene alg\u00fan problema en cualquier paso, no dude en ponerse en contacto con nuestro equipo de soporte t\u00e9cnico.<\/p> <\/div>\r\n\t\t\t\t\t<\/div>\r\n\t\t\t\t<\/div> <\/div> <\/div>","protected":false},"excerpt":{"rendered":"","protected":false},"author":9,"featured_media":0,"parent":521,"menu_order":0,"comment_status":"closed","ping_status":"closed","template":"templates\/template-application-platform.php","meta":{"publish_to_discourse":"","publish_post_category":"","wpdc_auto_publish_overridden":"","wpdc_topic_tags":"","wpdc_pin_topic":"","wpdc_pin_until":"","discourse_post_id":"","discourse_permalink":"","wpdc_publishing_response":"","wpdc_publishing_error":"","footnotes":""},"class_list":["post-8658","page","type-page","status-publish","hentry"],"yoast_head":"<!-- This site is optimized with the Yoast SEO plugin v25.3.1 - https:\/\/yoast.com\/wordpress\/plugins\/seo\/ -->\n<title>Rese\u00f1as de Amazon | Agregue el complemento de Amazon en el sitio web de Squarespace<\/title>\n<meta name=\"description\" content=\"Cree su complemento Reviews from Amazon y col\u00f3quelo en el sitio web de Squarespace r\u00e1pidamente. Ofrecemos atenci\u00f3n al cliente gratuita y m\u00e1s bonificaciones.\" \/>\n<meta name=\"robots\" content=\"index, follow, max-snippet:-1, max-image-preview:large, max-video-preview:-1\" \/>\n<link rel=\"canonical\" href=\"https:\/\/elfsight.com\/es\/amazon-reviews-widget\/prestashop\/\" \/>\n<meta property=\"og:locale\" content=\"es_ES\" \/>\n<meta property=\"og:type\" content=\"article\" \/>\n<meta property=\"og:title\" content=\"Rese\u00f1as de Amazon | Agregue el complemento de Amazon en el sitio web de Squarespace\" \/>\n<meta property=\"og:description\" content=\"Cree su complemento Reviews from Amazon y col\u00f3quelo en el sitio web de Squarespace r\u00e1pidamente. Ofrecemos atenci\u00f3n al cliente gratuita y m\u00e1s bonificaciones.\" \/>\n<meta property=\"og:url\" content=\"https:\/\/elfsight.com\/es\/amazon-reviews-widget\/prestashop\/\" \/>\n<meta property=\"og:site_name\" content=\"Elfsight ES\" \/>\n<meta property=\"article:modified_time\" content=\"2025-02-06T15:34:09+00:00\" \/>\n<meta name=\"twitter:card\" content=\"summary_large_image\" \/>\n<meta name=\"twitter:label1\" content=\"Tiempo de lectura\" \/>\n\t<meta name=\"twitter:data1\" content=\"3 minutos\" \/>\n<!-- \/ Yoast SEO plugin. -->","yoast_head_json":{"title":"Rese\u00f1as de Amazon | Agregue el complemento de Amazon en el sitio web de Squarespace","description":"Cree su complemento Reviews from Amazon y col\u00f3quelo en el sitio web de Squarespace r\u00e1pidamente. Ofrecemos atenci\u00f3n al cliente gratuita y m\u00e1s bonificaciones.","robots":{"index":"index","follow":"follow","max-snippet":"max-snippet:-1","max-image-preview":"max-image-preview:large","max-video-preview":"max-video-preview:-1"},"canonical":"https:\/\/elfsight.com\/es\/amazon-reviews-widget\/prestashop\/","og_locale":"es_ES","og_type":"article","og_title":"Rese\u00f1as de Amazon | Agregue el complemento de Amazon en el sitio web de Squarespace","og_description":"Cree su complemento Reviews from Amazon y col\u00f3quelo en el sitio web de Squarespace r\u00e1pidamente. Ofrecemos atenci\u00f3n al cliente gratuita y m\u00e1s bonificaciones.","og_url":"https:\/\/elfsight.com\/es\/amazon-reviews-widget\/prestashop\/","og_site_name":"Elfsight ES","article_modified_time":"2025-02-06T15:34:09+00:00","twitter_card":"summary_large_image","twitter_misc":{"Tiempo de lectura":"3 minutos"},"schema":{"@context":"https:\/\/schema.org","@graph":[{"@type":"WebPage","@id":"https:\/\/elfsight.com\/es\/amazon-reviews-widget\/prestashop\/","url":"https:\/\/elfsight.com\/es\/amazon-reviews-widget\/prestashop\/","name":"Rese\u00f1as de Amazon | Agregue el complemento de Amazon en el sitio web de Squarespace","isPartOf":{"@id":"https:\/\/elfsight.com\/es\/#website"},"datePublished":"1970-01-01T00:00:00+00:00","dateModified":"2025-02-06T15:34:09+00:00","description":"Cree su complemento Reviews from Amazon y col\u00f3quelo en el sitio web de Squarespace r\u00e1pidamente. Ofrecemos atenci\u00f3n al cliente gratuita y m\u00e1s bonificaciones.","breadcrumb":{"@id":"https:\/\/elfsight.com\/es\/amazon-reviews-widget\/prestashop\/#breadcrumb"},"inLanguage":"es","potentialAction":[{"@type":"ReadAction","target":["https:\/\/elfsight.com\/es\/amazon-reviews-widget\/prestashop\/"]}]},{"@type":"BreadcrumbList","@id":"https:\/\/elfsight.com\/es\/amazon-reviews-widget\/prestashop\/#breadcrumb","itemListElement":[{"@type":"ListItem","position":1,"name":"Home","item":"https:\/\/elfsight.com\/es\/"},{"@type":"ListItem","position":2,"name":"Amazon Reviews","item":"https:\/\/elfsight.com\/es\/amazon-reviews-widget\/"},{"@type":"ListItem","position":3,"name":"Amazon Reviews &#8211; PrestaShop"}]},{"@type":"WebSite","@id":"https:\/\/elfsight.com\/es\/#website","url":"https:\/\/elfsight.com\/es\/","name":"Elfsight ES","description":"Just another Elfsight Sites site","potentialAction":[{"@type":"SearchAction","target":{"@type":"EntryPoint","urlTemplate":"https:\/\/elfsight.com\/es\/?s={search_term_string}"},"query-input":{"@type":"PropertyValueSpecification","valueRequired":true,"valueName":"search_term_string"}}],"inLanguage":"es"}]}},"meta_box":{"industry":"","seo_heading":"","heading":"","description":"","cta_heading":"","cta_description":"","application":"520","h1":"Rese\u00f1as del complemento de Amazon para Squarespace","h1_caption":"Muestre rese\u00f1as de su marca de Amazon en su sitio","application_category":[],"applications_title":"","applications_request_title":"","applications_request_button_text":"","hero_text":"","hero_video":"","hero_video_schema_markup":"","selling_points_title":"","selling_points_caption":"","selling_points":[],"selling_points_cta_text":"","features_title":"","features":"","ed_cta_examples_text":"","ed_cta_examples_hidden":"","ed_cta_demo_text":"","ed_cta_demo_hidden":"","why_caption":"","why_editor_title":"","why_editor_text":"","why_team_title":"","why_team_text":"","why_service_title":"","why_service_text":"","template_catalog_visible":"0","template_catalog_title":"","template_catalog_text":"","template_catalog_categories_visible":"","demo_title":"Crea tu complemento de Rese\u00f1as de Amazon","demo_caption":"\u00a1Configura tus Rese\u00f1as de Amazon y agr\u00e9galas a tu sitio web PrestaShop gratis!","default_faq_hidden":"","app_template_category":[],"platform":"2250","template_public_id":"","codecanyon_url":"","codecanyon_item_id":"","codecanyon_price":"","pricing_caption":"","pricing_elfsight_apps_hide_column":"","pricing_elfsight_apps_url":"","pricing_codecanyon_price_caption":"","integration_category":[],"integration_request_title":"","integration_request_cta":"","integration_platform":"","integrations":[],"platform_category":[],"video_schema_markup":"","price":"desde $0 \/ mes","trial":"","benefits":[{"text":"Asistencia de instalaci\u00f3n gratuita"},{"text":"Soporte excepcional"},{"text":"Garant\u00eda de devoluci\u00f3n de dinero de 14 d\u00edas"},{"text":"Actualizaciones gratuitas de por vida"}],"button_url":"#demo","button_target_blank":"0","button_nofollow":"0","attributes":[{"name":"Instalaciones","content":"10,000 - 100,000"},{"name":"Sensible","content":"S\u00ed"},{"name":"Navegadores compatibles","content":"Firefox, Safari, Opera, Chrome, Edge"}],"tags":[],"tags_disable_links":"0","hide_more_platforms":"","video_object":"","demo_hide_cta":"0","demo_hide_cloud_options":"0","pricing_title":"","pricing":[{"pricing_icon":"platform","pricing_title":"Elfsight Apps","pricing_title_caption":"Soluci\u00f3n digital multiplataforma","pricing_price":"desde $0 \/ mes","pricing_price_caption":"comienza con un plan gratuito","pricing_benefits":[{"text":"Sitios web ilimitados"},{"text":"Soporte gratuito de la empresa y bien documentado."},{"text":"Servicio de instalaci\u00f3n gratuito"},{"text":"Dise\u00f1o flexible"}],"pricing_button_text":"A\u00f1adir al sitio web","pricing_button_url":"#demo"}],"related_apps_title":"","related_apps_hidden":"0","author":"","image":[],"title":"","job":"","social_networks":[]},"_links":{"self":[{"href":"https:\/\/elfsight.com\/es\/wp-json\/wp\/v2\/pages\/8658","targetHints":{"allow":["GET"]}}],"collection":[{"href":"https:\/\/elfsight.com\/es\/wp-json\/wp\/v2\/pages"}],"about":[{"href":"https:\/\/elfsight.com\/es\/wp-json\/wp\/v2\/types\/page"}],"author":[{"embeddable":true,"href":"https:\/\/elfsight.com\/es\/wp-json\/wp\/v2\/users\/9"}],"replies":[{"embeddable":true,"href":"https:\/\/elfsight.com\/es\/wp-json\/wp\/v2\/comments?post=8658"}],"version-history":[{"count":3,"href":"https:\/\/elfsight.com\/es\/wp-json\/wp\/v2\/pages\/8658\/revisions"}],"predecessor-version":[{"id":18439,"href":"https:\/\/elfsight.com\/es\/wp-json\/wp\/v2\/pages\/8658\/revisions\/18439"}],"up":[{"embeddable":true,"href":"https:\/\/elfsight.com\/es\/wp-json\/wp\/v2\/pages\/521"}],"wp:attachment":[{"href":"https:\/\/elfsight.com\/es\/wp-json\/wp\/v2\/media?parent=8658"}],"curies":[{"name":"wp","href":"https:\/\/api.w.org\/{rel}","templated":true}]}}