{"id":8653,"date":"1970-01-01T00:00:00","date_gmt":"1970-01-01T00:00:00","guid":{"rendered":"https:\/\/elfsight.com\/es\/?page_id=8653"},"modified":"2025-02-06T15:34:09","modified_gmt":"2025-02-06T15:34:09","slug":"opencart","status":"publish","type":"page","link":"https:\/\/elfsight.com\/es\/amazon-reviews-widget\/opencart\/","title":{"rendered":"Amazon Reviews &#8211; OpenCart"},"content":{"rendered":"<div class=\"application-platform-content-item-description application-platform-content-item\" id=\"description\" data-nav-section=\"description\"><h2>Descripci\u00f3n<\/h2><p>La extensi\u00f3n Elfsight Amazon es el m\u00e9todo m\u00e1s sencillo para dar forma a la reputaci\u00f3n de su empresa mostrando opiniones de clientes reales sobre sus productos. Presuma s\u00f3lo de las mejores o m\u00e1s significativas reacciones y organ\u00edcelas como desee. Re\u00fana pruebas sociales mostr\u00e1ndoles a sus clientes que tiene credibilidad.<\/p><p><b>\u00a1Inspire a los usuarios a escribir nuevos comentarios sobre su marca y fomente las conversaciones con los clientes!<\/b><\/p><\/div><div class=\"application-platform-content-item-features application-platform-content-item\" id=\"features\" data-nav-section=\"features\"><h2>Caracter\u00edsticas<\/h2><p>Para formarse una idea completa del widget, consulte la lista de funciones principales. Hacen que este widget sea m\u00e1s efectivo para su sitio web:<\/p><ul><li>Tres filtros predefinidos: por tipo, excluir por y cantidad de rese\u00f1as para mostrar;<\/li><li>4 opciones de dise\u00f1os: Lista, Cuadr\u00edcula, Mamposter\u00eda y Control deslizante;<\/li><li>Encabezado intercambiable del widget;<\/li><li>El bot\u00f3n de solicitud de rese\u00f1a lleva a los usuarios a su p\u00e1gina de Amazon;<\/li><li>Seis elementos flexibles de la interfaz: nombre del autor y foto, texto de recomendaci\u00f3n, fecha de publicaci\u00f3n, Amazon icono y calificaci\u00f3n de estrellas;<\/li><li>Dos escenarios posibles despu\u00e9s del rechazo de la solicitud de revisi\u00f3n: revelar su mensaje o eliminar el bot\u00f3n;<\/li><\/ul><p><a href=\"#demo\">La demostraci\u00f3n en vivo le abrir\u00e1 todas las funciones<\/a><\/p><\/div><div class=\"application-platform-content-item-installation application-platform-content-item\" id=\"installation\" data-nav-section=\"installation\"><h2>C\u00f3mo agregar rese\u00f1as de la extensi\u00f3n de Amazon al sitio web de OpenCart<\/h2><p>El Los pasos a continuaci\u00f3n son lo \u00fanico que necesita seguir para agregar el widget en su sitio web.<\/p><ol><li><b>Abra nuestra demostraci\u00f3n gratuita y comience a darle forma a su extensi\u00f3n personalizada. <\/b><br> Determine el dise\u00f1o y la funcionalidad preferidos de la extensi\u00f3n y aplique todas las ediciones. <\/li> <li><b>Reciba su c\u00f3digo \u00fanico que se muestra en la ventana de Elfsight Apps. <\/b><br> Cuando finalice la personalizaci\u00f3n de su extensi\u00f3n Rese\u00f1as, copie el c\u00f3digo exclusivo en la ventana emergente que aparece y gu\u00e1rdelo para futuras necesidades. <\/li> <li><b>Comience a utilizar la extensi\u00f3n en el sitio web de OpenCart. <\/b><br>Coloca el c\u00f3digo copiado anteriormente en tu p\u00e1gina web y guarda las modificaciones. <\/li> <li><b>La instalaci\u00f3n finaliz\u00f3 exitosamente. <\/b><br> Vaya a su sitio para ver el rendimiento de la extensi\u00f3n. <\/li><\/ol><p>\u00bfA\u00fan tienes dudas? \u00bfO alguna consulta? Una sola solicitud a nuestro servicio de atenci\u00f3n al cliente resolver\u00e1 todos los problemas.<\/p><div class=\"faq\" data-component=\"FAQ\"> <div class=\"faq-item\">\r\n\t\t\t\t\t<div class=\"faq-item-question\">\r\n\t\t\t\t\t\t<h3 class=\"faq-item-question-text\">\u00bfC\u00f3mo agregar rese\u00f1as de Amazon a mi sitio web OpenCart sin conocimientos de codificaci\u00f3n?<\/h3>\r\n\r\n\t\t\t\t\t\t<div class=\"faq-item-question-icon\"><\/div>\r\n\t\t\t\t\t<\/div>\r\n\r\n\t\t\t\t\t<div class=\"faq-item-answer\">\r\n\t\t\t\t\t\t<div class=\"faq-item-answer-text\"> <p>Elfsight proporciona una soluci\u00f3n SaaS que le permite crear un widget de rese\u00f1as de Amazon usted mismo. Vea lo f\u00e1cil que es el proceso: trabaje directamente en el editor en l\u00ednea para crear un widget de rese\u00f1as de Amazon que le gustar\u00eda ver en su sitio web OpenCart. Elija una de las plantillas predise\u00f1adas y ajuste la configuraci\u00f3n de Rese\u00f1as de Amazon, agregue su contenido, cambie el dise\u00f1o y los colores sin conocimientos de codificaci\u00f3n. Guarde las Rese\u00f1as de Amazon y copie su c\u00f3digo de instalaci\u00f3n, que puede pegar f\u00e1cilmente en su sitio web OpenCart sin necesidad de comprar un plan pago. Con nuestro editor intuitivo, cualquier usuario de Internet puede crear rese\u00f1as desde el widget de Amazon en l\u00ednea e incrustarlo f\u00e1cilmente en su sitio web OpenCart. No es necesario pagar ni ingresar las credenciales de su tarjeta para acceder al servicio. Si tiene alg\u00fan problema en cualquier paso, no dude en ponerse en contacto con nuestro equipo de soporte t\u00e9cnico.<\/p> <\/div>\r\n\t\t\t\t\t<\/div>\r\n\t\t\t\t<\/div> <\/div> <\/div>","protected":false},"excerpt":{"rendered":"","protected":false},"author":9,"featured_media":0,"parent":521,"menu_order":0,"comment_status":"closed","ping_status":"closed","template":"templates\/template-application-platform.php","meta":{"publish_to_discourse":"","publish_post_category":"","wpdc_auto_publish_overridden":"","wpdc_topic_tags":"","wpdc_pin_topic":"","wpdc_pin_until":"","discourse_post_id":"","discourse_permalink":"","wpdc_publishing_response":"","wpdc_publishing_error":"","footnotes":""},"class_list":["post-8653","page","type-page","status-publish","hentry"],"yoast_head":"<!-- This site is optimized with the Yoast SEO plugin v25.3.1 - https:\/\/yoast.com\/wordpress\/plugins\/seo\/ -->\n<title>Rese\u00f1as de Amazon | Incrustar el widget de Amazon en el sitio web OpenCart<\/title>\n<meta name=\"description\" content=\"Con Elfsight, cree su extensi\u00f3n Reviews from Amazon y mu\u00e9strela en el sitio web de OpenCart con facilidad. Ofrecemos servicio al cliente gratuito y otros bonos.\" \/>\n<meta name=\"robots\" content=\"index, follow, max-snippet:-1, max-image-preview:large, max-video-preview:-1\" \/>\n<link rel=\"canonical\" href=\"https:\/\/elfsight.com\/es\/amazon-reviews-widget\/opencart\/\" \/>\n<meta property=\"og:locale\" content=\"es_ES\" \/>\n<meta property=\"og:type\" content=\"article\" \/>\n<meta property=\"og:title\" content=\"Rese\u00f1as de Amazon | Incrustar el widget de Amazon en el sitio web OpenCart\" \/>\n<meta property=\"og:description\" content=\"Con Elfsight, cree su extensi\u00f3n Reviews from Amazon y mu\u00e9strela en el sitio web de OpenCart con facilidad. Ofrecemos servicio al cliente gratuito y otros bonos.\" \/>\n<meta property=\"og:url\" content=\"https:\/\/elfsight.com\/es\/amazon-reviews-widget\/opencart\/\" \/>\n<meta property=\"og:site_name\" content=\"Elfsight ES\" \/>\n<meta property=\"article:modified_time\" content=\"2025-02-06T15:34:09+00:00\" \/>\n<meta name=\"twitter:card\" content=\"summary_large_image\" \/>\n<meta name=\"twitter:label1\" content=\"Tiempo de lectura\" \/>\n\t<meta name=\"twitter:data1\" content=\"3 minutos\" \/>\n<!-- \/ Yoast SEO plugin. -->","yoast_head_json":{"title":"Rese\u00f1as de Amazon | Incrustar el widget de Amazon en el sitio web OpenCart","description":"Con Elfsight, cree su extensi\u00f3n Reviews from Amazon y mu\u00e9strela en el sitio web de OpenCart con facilidad. Ofrecemos servicio al cliente gratuito y otros bonos.","robots":{"index":"index","follow":"follow","max-snippet":"max-snippet:-1","max-image-preview":"max-image-preview:large","max-video-preview":"max-video-preview:-1"},"canonical":"https:\/\/elfsight.com\/es\/amazon-reviews-widget\/opencart\/","og_locale":"es_ES","og_type":"article","og_title":"Rese\u00f1as de Amazon | Incrustar el widget de Amazon en el sitio web OpenCart","og_description":"Con Elfsight, cree su extensi\u00f3n Reviews from Amazon y mu\u00e9strela en el sitio web de OpenCart con facilidad. Ofrecemos servicio al cliente gratuito y otros bonos.","og_url":"https:\/\/elfsight.com\/es\/amazon-reviews-widget\/opencart\/","og_site_name":"Elfsight ES","article_modified_time":"2025-02-06T15:34:09+00:00","twitter_card":"summary_large_image","twitter_misc":{"Tiempo de lectura":"3 minutos"},"schema":{"@context":"https:\/\/schema.org","@graph":[{"@type":"WebPage","@id":"https:\/\/elfsight.com\/es\/amazon-reviews-widget\/opencart\/","url":"https:\/\/elfsight.com\/es\/amazon-reviews-widget\/opencart\/","name":"Rese\u00f1as de Amazon | Incrustar el widget de Amazon en el sitio web OpenCart","isPartOf":{"@id":"https:\/\/elfsight.com\/es\/#website"},"datePublished":"1970-01-01T00:00:00+00:00","dateModified":"2025-02-06T15:34:09+00:00","description":"Con Elfsight, cree su extensi\u00f3n Reviews from Amazon y mu\u00e9strela en el sitio web de OpenCart con facilidad. Ofrecemos servicio al cliente gratuito y otros bonos.","breadcrumb":{"@id":"https:\/\/elfsight.com\/es\/amazon-reviews-widget\/opencart\/#breadcrumb"},"inLanguage":"es","potentialAction":[{"@type":"ReadAction","target":["https:\/\/elfsight.com\/es\/amazon-reviews-widget\/opencart\/"]}]},{"@type":"BreadcrumbList","@id":"https:\/\/elfsight.com\/es\/amazon-reviews-widget\/opencart\/#breadcrumb","itemListElement":[{"@type":"ListItem","position":1,"name":"Home","item":"https:\/\/elfsight.com\/es\/"},{"@type":"ListItem","position":2,"name":"Amazon Reviews","item":"https:\/\/elfsight.com\/es\/amazon-reviews-widget\/"},{"@type":"ListItem","position":3,"name":"Amazon Reviews &#8211; OpenCart"}]},{"@type":"WebSite","@id":"https:\/\/elfsight.com\/es\/#website","url":"https:\/\/elfsight.com\/es\/","name":"Elfsight ES","description":"Just another Elfsight Sites site","potentialAction":[{"@type":"SearchAction","target":{"@type":"EntryPoint","urlTemplate":"https:\/\/elfsight.com\/es\/?s={search_term_string}"},"query-input":{"@type":"PropertyValueSpecification","valueRequired":true,"valueName":"search_term_string"}}],"inLanguage":"es"}]}},"meta_box":{"industry":"","seo_heading":"","heading":"","description":"","cta_heading":"","cta_description":"","application":"520","h1":"Rese\u00f1as de la extensi\u00f3n de Amazon para OpenCart","h1_caption":"Muestre rese\u00f1as de sus productos de Amazon en su p\u00e1gina web","application_category":[],"applications_title":"","applications_request_title":"","applications_request_button_text":"","hero_text":"","hero_video":"","hero_video_schema_markup":"","selling_points_title":"","selling_points_caption":"","selling_points":[],"selling_points_cta_text":"","features_title":"","features":"","ed_cta_examples_text":"","ed_cta_examples_hidden":"","ed_cta_demo_text":"","ed_cta_demo_hidden":"","why_caption":"","why_editor_title":"","why_editor_text":"","why_team_title":"","why_team_text":"","why_service_title":"","why_service_text":"","template_catalog_visible":"0","template_catalog_title":"","template_catalog_text":"","template_catalog_categories_visible":"","demo_title":"Crea tu extensi\u00f3n de Rese\u00f1as de Amazon","demo_caption":"\u00a1Configure sus rese\u00f1as de Amazon y agr\u00e9guelas a su sitio web OpenCart gratis!","default_faq_hidden":"","app_template_category":[],"platform":"88","template_public_id":"","codecanyon_url":"","codecanyon_item_id":"","codecanyon_price":"","pricing_caption":"","pricing_elfsight_apps_hide_column":"","pricing_elfsight_apps_url":"","pricing_codecanyon_price_caption":"","integration_category":[],"integration_request_title":"","integration_request_cta":"","integration_platform":"","integrations":[],"platform_category":[],"video_schema_markup":"","price":"desde $0 \/ mes","trial":"","benefits":[{"text":"Asistencia de instalaci\u00f3n gratuita"},{"text":"Atenci\u00f3n al cliente experimentada"},{"text":"Garant\u00eda de reembolso de 14 d\u00edas"},{"text":"Actualizaciones gratuitas continuas"}],"button_url":"#demo","button_target_blank":"0","button_nofollow":"0","attributes":[{"name":"Instalaciones","content":"10,000 - 100,000"},{"name":"Sensible","content":"S\u00ed"},{"name":"Navegadores compatibles","content":"Opera, Edge, Chrome, Safari, Firefox"}],"tags":[],"tags_disable_links":"0","hide_more_platforms":"","video_object":"","demo_hide_cta":"0","demo_hide_cloud_options":"0","pricing_title":"","pricing":[{"pricing_icon":"platform","pricing_title":"Elfsight Apps","pricing_title_caption":"Software multiplataforma que se adapta a cualquier sitio web","pricing_price":"desde $0 \/ mes","pricing_price_caption":"comienza con el plan gratuito","pricing_benefits":[{"text":"Sitios web ilimitados"},{"text":"Soporte premium"},{"text":"Servicio de instalaci\u00f3n gratuito"},{"text":"Totalmente personalizable"}],"pricing_button_text":"A\u00f1adir al sitio web","pricing_button_url":"#demo"}],"related_apps_title":"","related_apps_hidden":"0","author":"","image":[],"title":"","job":"","social_networks":[]},"_links":{"self":[{"href":"https:\/\/elfsight.com\/es\/wp-json\/wp\/v2\/pages\/8653","targetHints":{"allow":["GET"]}}],"collection":[{"href":"https:\/\/elfsight.com\/es\/wp-json\/wp\/v2\/pages"}],"about":[{"href":"https:\/\/elfsight.com\/es\/wp-json\/wp\/v2\/types\/page"}],"author":[{"embeddable":true,"href":"https:\/\/elfsight.com\/es\/wp-json\/wp\/v2\/users\/9"}],"replies":[{"embeddable":true,"href":"https:\/\/elfsight.com\/es\/wp-json\/wp\/v2\/comments?post=8653"}],"version-history":[{"count":3,"href":"https:\/\/elfsight.com\/es\/wp-json\/wp\/v2\/pages\/8653\/revisions"}],"predecessor-version":[{"id":18440,"href":"https:\/\/elfsight.com\/es\/wp-json\/wp\/v2\/pages\/8653\/revisions\/18440"}],"up":[{"embeddable":true,"href":"https:\/\/elfsight.com\/es\/wp-json\/wp\/v2\/pages\/521"}],"wp:attachment":[{"href":"https:\/\/elfsight.com\/es\/wp-json\/wp\/v2\/media?parent=8653"}],"curies":[{"name":"wp","href":"https:\/\/api.w.org\/{rel}","templated":true}]}}