{"id":8651,"date":"1970-01-01T00:00:00","date_gmt":"1970-01-01T00:00:00","guid":{"rendered":"https:\/\/elfsight.com\/es\/?page_id=8651"},"modified":"2025-02-06T15:34:18","modified_gmt":"2025-02-06T15:34:18","slug":"magento","status":"publish","type":"page","link":"https:\/\/elfsight.com\/es\/amazon-reviews-widget\/magento\/","title":{"rendered":"Amazon Reviews &#8211; Magento"},"content":{"rendered":"<div class=\"application-platform-content-item-description application-platform-content-item\" id=\"description\" data-nav-section=\"description\"><h2>Descripci\u00f3n<\/h2><p>Nuestro complemento de Amazon es el m\u00e9todo m\u00e1s sencillo para formar la imagen de su empresa mostrando opiniones reales de los visitantes sobre sus productos. Muestre solo las mejores rese\u00f1as o las m\u00e1s significativas y organ\u00edcelas de la manera que necesite. Obtenga pruebas sociales demostrando a los visitantes de su sitio web que se puede confiar en usted.<\/p><p><b>\u00a1Consiga que los usuarios escriban nuevos comentarios sobre sus productos y fomente las conversaciones con los clientes!<\/b><\/p><\/div><div class=\"application-platform-content-item-features application-platform-content-item\" id=\"features\" data-nav-section=\"features\"><h2>Caracter\u00edsticas<\/h2><p>Para comprender mejor el complemento Rese\u00f1as de Amazon, consulte la lista de sus caracter\u00edsticas principales. Hacen que el widget sea lo m\u00e1s beneficioso para usted:<\/p><ul><li>Tres filtros listos para usar: por tipo, excluir por y cantidad de rese\u00f1as para mostrar;<\/li><li>4 dise\u00f1os predefinidos: lista, cuadr\u00edcula, mamposter\u00eda y control deslizante;<\/li><li>Encabezado intercambiable del widget;<\/li><li>El bot\u00f3n de solicitud de rese\u00f1a lleva a los usuarios a su p\u00e1gina de Amazon;<\/li><li>Seis elementos ajustables del widget: nombre del autor y foto, recomendaci\u00f3n, fecha de publicaci\u00f3n, Icono de Amazon y calificaci\u00f3n de estrellas;<\/li><li>Dos alternativas de escenarios de rechazo de solicitud de revisi\u00f3n: mostrar un mensaje de texto u ocultar el bot\u00f3n;<\/li><\/ul><p><a href=\"#demo\">Para descubrir m\u00e1s funciones, vea la demostraci\u00f3n en vivo<\/a><\/p><\/div><div class=\"application-platform-content-item-installation application-platform-content-item\" id=\"installation\" data-nav-section=\"installation\"><h2>C\u00f3mo agregar la extensi\u00f3n de Amazon al sitio web de Magento<\/h2><p>Estos Lo \u00fanico que necesita son varios pasos para insertar.<\/p><ol><li><b>Emplee nuestro editor gratuito y comience a darle forma a su extensi\u00f3n personalizada. <\/b><br> Encuentre el aspecto y las opciones preferidos de la extensi\u00f3n Rese\u00f1as y aplique todas las correcciones. <\/li> <li><b>Obtenga su c\u00f3digo \u00fanico demostrado en la ventana de Elfsight Apps. <\/b><br> Cuando finalice la configuraci\u00f3n de su extensi\u00f3n personal, copie el c\u00f3digo individual en la ventana emergente que aparece y gu\u00e1rdelo para futuras ocasiones. <\/li> <li><b>Iniciar la aplicaci\u00f3n de la extensi\u00f3n en la p\u00e1gina web de Magento. <\/b><br>Incrusta el c\u00f3digo que guardaste anteriormente en tu sitio web y guarda las mejoras. <\/li> <li><b>La instalaci\u00f3n ha finalizado por completo. <\/b><br> Vaya a su sitio para ver en acci\u00f3n el rendimiento de la extensi\u00f3n. <\/li><\/ol><p>\u00bfA\u00fan no puedes decidirte? \u00bfO tropez\u00f3 con algo? Nuestro departamento de atenci\u00f3n al cliente resolver\u00e1 cualquier problema.<\/p><\/div><div class=\"faq\" data-component=\"FAQ\"><div class=\"faq-item\">\r\n\t\t\t\t\t<div class=\"faq-item-question\">\r\n\t\t\t\t\t\t<h3 class=\"faq-item-question-text\">\u00bfPuedo usar rese\u00f1as de clientes de Amazon en mi sitio Magento?<\/h3>\r\n\r\n\t\t\t\t\t\t<div class=\"faq-item-question-icon\"><\/div>\r\n\t\t\t\t\t<\/div>\r\n\r\n\t\t\t\t\t<div class=\"faq-item-answer\">\r\n\t\t\t\t\t\t<div class=\"faq-item-answer-text\"><p>Simplemente dise\u00f1e su herramienta, luego modifique su dise\u00f1o y guarde sus ajustes. Copie el c\u00f3digo de su tambi\u00e9n y agr\u00e9guelo al dise\u00f1o que est\u00e1 utilizando. <\/p><\/div>\r\n\t\t\t\t\t<\/div>\r\n\t\t\t\t<\/div><div class=\"faq-item\">\r\n\t\t\t\t\t<div class=\"faq-item-question\">\r\n\t\t\t\t\t\t<h3 class=\"faq-item-question-text\">\u00bfDe qu\u00e9 manera recopilo las rese\u00f1as de los clientes de Amazon para las p\u00e1ginas de mis productos?<\/h3>\r\n\r\n\t\t\t\t\t\t<div class=\"faq-item-question-icon\"><\/div>\r\n\t\t\t\t\t<\/div>\r\n\r\n\t\t\t\t\t<div class=\"faq-item-answer\">\r\n\t\t\t\t\t\t<div class=\"faq-item-answer-text\"><p>Puedes hacerlo f\u00e1cilmente a trav\u00e9s del bot\u00f3n CTA. Al hacer clic en \u00e9l, los usuarios ser\u00e1n transferidos directamente a su perfil. <\/p><\/div>\r\n\t\t\t\t\t<\/div>\r\n\t\t\t\t<\/div><div class=\"faq-item\">\r\n\t\t\t\t\t<div class=\"faq-item-question\">\r\n\t\t\t\t\t\t<h3 class=\"faq-item-question-text\">\u00bfDe qu\u00e9 manera le doy forma a mi widget de calificaci\u00f3n\/plantilla de insignia de Amazon?<\/h3>\r\n\r\n\t\t\t\t\t\t<div class=\"faq-item-question-icon\"><\/div>\r\n\t\t\t\t\t<\/div>\r\n\r\n\t\t\t\t\t<div class=\"faq-item-answer\">\r\n\t\t\t\t\t\t<div class=\"faq-item-answer-text\"><p>Completa los pasos del sencillo tutorial: <\/p><ol><li>Utiliza el configurador de Elfsight y comienza a darle forma a tu propio widget. <\/li> <li>Modifique los rasgos funcionales del widget y guarde las mejoras necesarias. <\/li><li>Obt\u00e9n el c\u00f3digo individual que aparece en la notificaci\u00f3n. <\/li> <li>Pegue el c\u00f3digo de la aplicaci\u00f3n en su p\u00e1gina web y presione el bot\u00f3n \u201cGuardar\u201d. <\/li><li>\u00a1Felicitaciones! Ha implementado sin problemas un nuevo complemento en el sitio. <\/li><\/div>\r\n\t\t\t\t\t<\/div>\r\n\t\t\t\t<\/div><div class=\"faq-item\">\r\n\t\t\t\t\t<div class=\"faq-item-question\">\r\n\t\t\t\t\t\t<h3 class=\"faq-item-question-text\">\u00bfC\u00f3mo puedo agregar Rese\u00f1as de Amazon a mi sitio web Magento sin conocimientos de codificaci\u00f3n?<\/h3>\r\n\r\n\t\t\t\t\t\t<div class=\"faq-item-question-icon\"><\/div>\r\n\t\t\t\t\t<\/div>\r\n\r\n\t\t\t\t\t<div class=\"faq-item-answer\">\r\n\t\t\t\t\t\t<div class=\"faq-item-answer-text\"><p>Elfsight proporciona una soluci\u00f3n SaaS que le permite crear un widget Rese\u00f1as de Amazon usted mismo. Vea lo f\u00e1cil que es el proceso: trabaje directamente en el editor en l\u00ednea para crear un widget Rese\u00f1as de Amazon que le gustar\u00eda ver en su sitio web Magento. Elija una de las plantillas predise\u00f1adas y ajuste la configuraci\u00f3n de Rese\u00f1as de Amazon, agregue su contenido, cambie el dise\u00f1o y la combinaci\u00f3n de colores sin conocimientos de codificaci\u00f3n. Guarde las rese\u00f1as de Amazon y copie su c\u00f3digo de instalaci\u00f3n, que puede pegar f\u00e1cilmente en su sitio web de Magento sin necesidad de comprar una suscripci\u00f3n paga. Con nuestro editor intuitivo, cualquier usuario de Internet puede crear rese\u00f1as desde el widget de Amazon en l\u00ednea e incrustarlo f\u00e1cilmente en su sitio web Magento. No es necesario pagar ni ingresar las credenciales de su tarjeta para acceder al servicio. Si tiene alg\u00fan problema en cualquier paso, no dude en ponerse en contacto con nuestro equipo de soporte t\u00e9cnico.<\/p><\/div>\r\n\t\t\t\t\t<\/div>\r\n\t\t\t\t<\/div><\/div>","protected":false},"excerpt":{"rendered":"","protected":false},"author":9,"featured_media":0,"parent":521,"menu_order":0,"comment_status":"closed","ping_status":"closed","template":"templates\/template-application-platform.php","meta":{"publish_to_discourse":"","publish_post_category":"","wpdc_auto_publish_overridden":"","wpdc_topic_tags":"","wpdc_pin_topic":"","wpdc_pin_until":"","discourse_post_id":"","discourse_permalink":"","wpdc_publishing_response":"","wpdc_publishing_error":"","footnotes":""},"class_list":["post-8651","page","type-page","status-publish","hentry"],"yoast_head":"<!-- This site is optimized with the Yoast SEO plugin v25.3.1 - https:\/\/yoast.com\/wordpress\/plugins\/seo\/ -->\n<title>Rese\u00f1as de Amazon | Insertar la extensi\u00f3n de Amazon en el sitio web de Magento<\/title>\n<meta name=\"description\" content=\"Cree su complemento de Amazon y mu\u00e9strelo en el sitio web de Magento de forma r\u00e1pida y gratuita. \u00a1Aumente la confianza del cliente con la ayuda de los widgets de Elfsight!\" \/>\n<meta name=\"robots\" content=\"index, follow, max-snippet:-1, max-image-preview:large, max-video-preview:-1\" \/>\n<link rel=\"canonical\" href=\"https:\/\/elfsight.com\/es\/amazon-reviews-widget\/magento\/\" \/>\n<meta property=\"og:locale\" content=\"es_ES\" \/>\n<meta property=\"og:type\" content=\"article\" \/>\n<meta property=\"og:title\" content=\"Rese\u00f1as de Amazon | Insertar la extensi\u00f3n de Amazon en el sitio web de Magento\" \/>\n<meta property=\"og:description\" content=\"Cree su complemento de Amazon y mu\u00e9strelo en el sitio web de Magento de forma r\u00e1pida y gratuita. \u00a1Aumente la confianza del cliente con la ayuda de los widgets de Elfsight!\" \/>\n<meta property=\"og:url\" content=\"https:\/\/elfsight.com\/es\/amazon-reviews-widget\/magento\/\" \/>\n<meta property=\"og:site_name\" content=\"Elfsight ES\" \/>\n<meta property=\"article:modified_time\" content=\"2025-02-06T15:34:18+00:00\" \/>\n<meta name=\"twitter:card\" content=\"summary_large_image\" \/>\n<meta name=\"twitter:label1\" content=\"Tiempo de lectura\" \/>\n\t<meta name=\"twitter:data1\" content=\"3 minutos\" \/>\n<!-- \/ Yoast SEO plugin. -->","yoast_head_json":{"title":"Rese\u00f1as de Amazon | Insertar la extensi\u00f3n de Amazon en el sitio web de Magento","description":"Cree su complemento de Amazon y mu\u00e9strelo en el sitio web de Magento de forma r\u00e1pida y gratuita. \u00a1Aumente la confianza del cliente con la ayuda de los widgets de Elfsight!","robots":{"index":"index","follow":"follow","max-snippet":"max-snippet:-1","max-image-preview":"max-image-preview:large","max-video-preview":"max-video-preview:-1"},"canonical":"https:\/\/elfsight.com\/es\/amazon-reviews-widget\/magento\/","og_locale":"es_ES","og_type":"article","og_title":"Rese\u00f1as de Amazon | Insertar la extensi\u00f3n de Amazon en el sitio web de Magento","og_description":"Cree su complemento de Amazon y mu\u00e9strelo en el sitio web de Magento de forma r\u00e1pida y gratuita. \u00a1Aumente la confianza del cliente con la ayuda de los widgets de Elfsight!","og_url":"https:\/\/elfsight.com\/es\/amazon-reviews-widget\/magento\/","og_site_name":"Elfsight ES","article_modified_time":"2025-02-06T15:34:18+00:00","twitter_card":"summary_large_image","twitter_misc":{"Tiempo de lectura":"3 minutos"},"schema":{"@context":"https:\/\/schema.org","@graph":[{"@type":"WebPage","@id":"https:\/\/elfsight.com\/es\/amazon-reviews-widget\/magento\/","url":"https:\/\/elfsight.com\/es\/amazon-reviews-widget\/magento\/","name":"Rese\u00f1as de Amazon | Insertar la extensi\u00f3n de Amazon en el sitio web de Magento","isPartOf":{"@id":"https:\/\/elfsight.com\/es\/#website"},"datePublished":"1970-01-01T00:00:00+00:00","dateModified":"2025-02-06T15:34:18+00:00","description":"Cree su complemento de Amazon y mu\u00e9strelo en el sitio web de Magento de forma r\u00e1pida y gratuita. \u00a1Aumente la confianza del cliente con la ayuda de los widgets de Elfsight!","breadcrumb":{"@id":"https:\/\/elfsight.com\/es\/amazon-reviews-widget\/magento\/#breadcrumb"},"inLanguage":"es","potentialAction":[{"@type":"ReadAction","target":["https:\/\/elfsight.com\/es\/amazon-reviews-widget\/magento\/"]}]},{"@type":"BreadcrumbList","@id":"https:\/\/elfsight.com\/es\/amazon-reviews-widget\/magento\/#breadcrumb","itemListElement":[{"@type":"ListItem","position":1,"name":"Home","item":"https:\/\/elfsight.com\/es\/"},{"@type":"ListItem","position":2,"name":"Amazon Reviews","item":"https:\/\/elfsight.com\/es\/amazon-reviews-widget\/"},{"@type":"ListItem","position":3,"name":"Amazon Reviews &#8211; Magento"}]},{"@type":"WebSite","@id":"https:\/\/elfsight.com\/es\/#website","url":"https:\/\/elfsight.com\/es\/","name":"Elfsight ES","description":"Just another Elfsight Sites site","potentialAction":[{"@type":"SearchAction","target":{"@type":"EntryPoint","urlTemplate":"https:\/\/elfsight.com\/es\/?s={search_term_string}"},"query-input":{"@type":"PropertyValueSpecification","valueRequired":true,"valueName":"search_term_string"}}],"inLanguage":"es"}]}},"meta_box":{"industry":"","seo_heading":"","heading":"","description":"","cta_heading":"","cta_description":"","application":"520","h1":"Rese\u00f1as de la extensi\u00f3n de Amazon para Magento","h1_caption":"Muestre rese\u00f1as de su marca desde Amazon directamente en su p\u00e1gina web","application_category":[],"applications_title":"","applications_request_title":"","applications_request_button_text":"","hero_text":"","hero_video":"","hero_video_schema_markup":"","selling_points_title":"","selling_points_caption":"","selling_points":[],"selling_points_cta_text":"","features_title":"","features":"","ed_cta_examples_text":"","ed_cta_examples_hidden":"","ed_cta_demo_text":"","ed_cta_demo_hidden":"","why_caption":"","why_editor_title":"","why_editor_text":"","why_team_title":"","why_team_text":"","why_service_title":"","why_service_text":"","template_catalog_visible":"0","template_catalog_title":"","template_catalog_text":"","template_catalog_categories_visible":"","demo_title":"Crea tu extensi\u00f3n de Rese\u00f1as de Amazon","demo_caption":"\u00a1Configure sus rese\u00f1as de Amazon y agr\u00e9guelas a su sitio web Magento gratis!","default_faq_hidden":"","app_template_category":[],"platform":"82","template_public_id":"","codecanyon_url":"","codecanyon_item_id":"","codecanyon_price":"","pricing_caption":"","pricing_elfsight_apps_hide_column":"","pricing_elfsight_apps_url":"","pricing_codecanyon_price_caption":"","integration_category":[],"integration_request_title":"","integration_request_cta":"","integration_platform":"","integrations":[],"platform_category":[],"video_schema_markup":"","price":"desde $0 \/ mes","trial":"","benefits":[{"text":"Asistencia de instalaci\u00f3n gratuita"},{"text":"Atenci\u00f3n al cliente experimentada"},{"text":"Garant\u00eda de reembolso de 14 d\u00edas"},{"text":"Desarrollo continuo"}],"button_url":"#demo","button_target_blank":"0","button_nofollow":"0","attributes":[{"name":"Instalaciones","content":"10,000 - 100,000"},{"name":"Sensible","content":"S\u00ed"},{"name":"Navegadores compatibles","content":"Firefox, Safari, Opera, Chrome, Edge"}],"tags":[],"tags_disable_links":"0","hide_more_platforms":"","video_object":"","demo_hide_cta":"0","demo_hide_cloud_options":"0","pricing_title":"","pricing":[{"pricing_icon":"platform","pricing_title":"Elfsight Apps","pricing_title_caption":"Software multiplataforma que se adapta a cualquier sitio","pricing_price":"desde $0 \/ mes","pricing_price_caption":"comienza con un plan gratuito","pricing_benefits":[{"text":"Dominios ilimitados"},{"text":"Soporte profesional"},{"text":"Servicio de instalaci\u00f3n gratuito"},{"text":"Dise\u00f1o flexible"}],"pricing_button_text":"A\u00f1adir al sitio web","pricing_button_url":"#demo"}],"related_apps_title":"","related_apps_hidden":"0","author":"","image":[],"title":"","job":"","social_networks":[]},"_links":{"self":[{"href":"https:\/\/elfsight.com\/es\/wp-json\/wp\/v2\/pages\/8651","targetHints":{"allow":["GET"]}}],"collection":[{"href":"https:\/\/elfsight.com\/es\/wp-json\/wp\/v2\/pages"}],"about":[{"href":"https:\/\/elfsight.com\/es\/wp-json\/wp\/v2\/types\/page"}],"author":[{"embeddable":true,"href":"https:\/\/elfsight.com\/es\/wp-json\/wp\/v2\/users\/9"}],"replies":[{"embeddable":true,"href":"https:\/\/elfsight.com\/es\/wp-json\/wp\/v2\/comments?post=8651"}],"version-history":[{"count":3,"href":"https:\/\/elfsight.com\/es\/wp-json\/wp\/v2\/pages\/8651\/revisions"}],"predecessor-version":[{"id":18442,"href":"https:\/\/elfsight.com\/es\/wp-json\/wp\/v2\/pages\/8651\/revisions\/18442"}],"up":[{"embeddable":true,"href":"https:\/\/elfsight.com\/es\/wp-json\/wp\/v2\/pages\/521"}],"wp:attachment":[{"href":"https:\/\/elfsight.com\/es\/wp-json\/wp\/v2\/media?parent=8651"}],"curies":[{"name":"wp","href":"https:\/\/api.w.org\/{rel}","templated":true}]}}