{"id":8645,"date":"1970-01-01T00:00:00","date_gmt":"1970-01-01T00:00:00","guid":{"rendered":"https:\/\/elfsight.com\/es\/?page_id=8645"},"modified":"2025-02-06T15:34:18","modified_gmt":"2025-02-06T15:34:18","slug":"jquery","status":"publish","type":"page","link":"https:\/\/elfsight.com\/es\/amazon-reviews-widget\/jquery\/","title":{"rendered":"Amazon Reviews &#8211; jQuery"},"content":{"rendered":"<div class=\"application-platform-content-item-description application-platform-content-item\" id=\"description\" data-nav-section=\"description\"><h2>Descripci\u00f3n<\/h2><p>El complemento Elfsight de Amazon para jQuery es la forma m\u00e1s sencilla de dar forma a la representaci\u00f3n de su empresa al demostrar la opini\u00f3n real de los visitantes sobre sus productos. Presume solo de las mejores o las m\u00e1s significativas rese\u00f1as y organ\u00edzalas como quieras. Obtenga pruebas sociales demostrando a los visitantes de su sitio web que usted es un socio confiable.<\/p><p><b>\u00a1Motive a los usuarios a escribir nuevas rese\u00f1as sobre su negocio y mejore las conversaciones con los clientes!<\/b><\/p><\/div><div class=\"application-platform-content-item-features application-platform-content-item\" id=\"features\" data-nav-section=\"features\"><h2>Caracter\u00edsticas<\/h2><p>Para formarse una percepci\u00f3n clara del widget, examine la lista de las caracter\u00edsticas principales. Hacen que este widget sea lo m\u00e1s beneficioso para su sitio web:<\/p><ul><li>Tres filtros listos para usar: por tipo, excluir por y cantidad de rese\u00f1as para mostrar;<\/li><li>Cuatro dise\u00f1os disponibles: Lista, Cuadr\u00edcula, Masoner\u00eda y Control deslizante;<\/li><li>Encabezado intercambiable del widget;<\/li><li>El bot\u00f3n activo para publicar una rese\u00f1a m\u00e1s lleva a los usuarios a la p\u00e1gina de Amazon;<\/li><li>6 elementos personalizables de la interfaz: el nombre del autor y foto, recomendaci\u00f3n, fecha, \u00edcono de Amazon y calificaci\u00f3n de estrellas;<\/li><li>Dos escenarios alternativos despu\u00e9s del rechazo de la solicitud de revisi\u00f3n: mostrar un mensaje personalizado o eliminar el bot\u00f3n;<\/li><\/ul><p><a href=\"#demo\">Para descubrir todas las funciones, vea la demostraci\u00f3n en vivo<\/a><\/p><\/div><div class=\"application-platform-content-item-installation application-platform-content-item\" id=\"installation\" data-nav-section=\"installation\"><h2>C\u00f3mo agregar rese\u00f1as de Amazon a jQuery sitio web<\/h2><p>Un par de pasos r\u00e1pidos es lo \u00fanico que necesita para tener el widget activo.<\/p><ol><li><b>Cree su complemento personalizado de Amazon<\/b><br>En nuestro configurador gratuito, configure un widget con una apariencia y funciones seleccionadas.<\/li><li><b>Copia el c\u00f3digo individual para agregar el complemento<\/b><br>Despu\u00e9s de haber generado su widget, obtendr\u00e1 el c\u00f3digo de instalaci\u00f3n en la ventana que aparece en Elfsight Apps. C\u00f3pialo para usarlo en el futuro.<\/li><li><b>Incrusta el complemento en tu sitio jQuery<\/b><br>Vaya al lugar donde desea mostrar el widget e inserte el c\u00f3digo copiado all\u00ed. Aplica los cambios.<\/li><li><b>\u00a1Listo!<\/b><br>Ve a tu sitio web para ver tu trabajo.<\/li><\/ol><p>\u00bfA\u00fan dudas de algo? \u00bfO tropez\u00f3 con algo? Simplemente dirija una solicitud a nuestro servicio de atenci\u00f3n al cliente para resolver cualquier problema.<\/p><div class=\"faq\" data-component=\"FAQ\"> <div class=\"faq-item\">\r\n\t\t\t\t\t<div class=\"faq-item-question\">\r\n\t\t\t\t\t\t<h3 class=\"faq-item-question-text\">\u00bfC\u00f3mo agregar rese\u00f1as de Amazon a mi sitio web jQuery sin conocimientos de codificaci\u00f3n?<\/h3>\r\n\r\n\t\t\t\t\t\t<div class=\"faq-item-question-icon\"><\/div>\r\n\t\t\t\t\t<\/div>\r\n\r\n\t\t\t\t\t<div class=\"faq-item-answer\">\r\n\t\t\t\t\t\t<div class=\"faq-item-answer-text\"> <p>Elfsight proporciona una soluci\u00f3n SaaS que le permite crear un widget de rese\u00f1as de Amazon usted mismo. Vea lo f\u00e1cil que es el proceso: trabaje directamente en el editor en l\u00ednea para crear un widget de rese\u00f1as de Amazon que le gustar\u00eda ver en su sitio web jQuery. Elija una de las plantillas predise\u00f1adas y ajuste la configuraci\u00f3n de Rese\u00f1as de Amazon, agregue su contenido, cambie el dise\u00f1o y los colores sin conocimientos de codificaci\u00f3n. Guarde las rese\u00f1as de Amazon y copie su c\u00f3digo de instalaci\u00f3n, que puede insertar f\u00e1cilmente en su sitio web jQuery sin necesidad de comprar un plan pago. Con nuestro editor intuitivo, cualquier usuario de Internet puede crear rese\u00f1as desde el widget de Amazon en l\u00ednea e incrustarlo f\u00e1cilmente en su sitio web jQuery. No es necesario pagar ni ingresar las credenciales de su tarjeta para acceder al servicio. Si tiene alg\u00fan problema en cualquier paso, no dude en ponerse en contacto con nuestro equipo de soporte t\u00e9cnico<\/p> <\/div>\r\n\t\t\t\t\t<\/div>\r\n\t\t\t\t<\/div> <\/div> <\/div>","protected":false},"excerpt":{"rendered":"","protected":false},"author":9,"featured_media":0,"parent":521,"menu_order":0,"comment_status":"closed","ping_status":"closed","template":"templates\/template-application-platform.php","meta":{"publish_to_discourse":"","publish_post_category":"","wpdc_auto_publish_overridden":"","wpdc_topic_tags":"","wpdc_pin_topic":"","wpdc_pin_until":"","discourse_post_id":"","discourse_permalink":"","wpdc_publishing_response":"","wpdc_publishing_error":"","footnotes":""},"class_list":["post-8645","page","type-page","status-publish","hentry"],"yoast_head":"<!-- This site is optimized with the Yoast SEO plugin v25.3.1 - https:\/\/yoast.com\/wordpress\/plugins\/seo\/ -->\n<title>Rese\u00f1as de Amazon | Agregue el complemento de Amazon en el sitio web jQuery (gratis y r\u00e1pido)<\/title>\n<meta name=\"description\" content=\"Es f\u00e1cil crear su complemento Reviews from Amazon y publicarlo en el sitio web de jQuery. El servicio al cliente de Elfsight es gratuito y r\u00e1pido.\" \/>\n<meta name=\"robots\" content=\"index, follow, max-snippet:-1, max-image-preview:large, max-video-preview:-1\" \/>\n<link rel=\"canonical\" href=\"https:\/\/elfsight.com\/es\/amazon-reviews-widget\/jquery\/\" \/>\n<meta property=\"og:locale\" content=\"es_ES\" \/>\n<meta property=\"og:type\" content=\"article\" \/>\n<meta property=\"og:title\" content=\"Rese\u00f1as de Amazon | Agregue el complemento de Amazon en el sitio web jQuery (gratis y r\u00e1pido)\" \/>\n<meta property=\"og:description\" content=\"Es f\u00e1cil crear su complemento Reviews from Amazon y publicarlo en el sitio web de jQuery. El servicio al cliente de Elfsight es gratuito y r\u00e1pido.\" \/>\n<meta property=\"og:url\" content=\"https:\/\/elfsight.com\/es\/amazon-reviews-widget\/jquery\/\" \/>\n<meta property=\"og:site_name\" content=\"Elfsight ES\" \/>\n<meta property=\"article:modified_time\" content=\"2025-02-06T15:34:18+00:00\" \/>\n<meta name=\"twitter:card\" content=\"summary_large_image\" \/>\n<meta name=\"twitter:label1\" content=\"Tiempo de lectura\" \/>\n\t<meta name=\"twitter:data1\" content=\"3 minutos\" \/>\n<!-- \/ Yoast SEO plugin. -->","yoast_head_json":{"title":"Rese\u00f1as de Amazon | Agregue el complemento de Amazon en el sitio web jQuery (gratis y r\u00e1pido)","description":"Es f\u00e1cil crear su complemento Reviews from Amazon y publicarlo en el sitio web de jQuery. El servicio al cliente de Elfsight es gratuito y r\u00e1pido.","robots":{"index":"index","follow":"follow","max-snippet":"max-snippet:-1","max-image-preview":"max-image-preview:large","max-video-preview":"max-video-preview:-1"},"canonical":"https:\/\/elfsight.com\/es\/amazon-reviews-widget\/jquery\/","og_locale":"es_ES","og_type":"article","og_title":"Rese\u00f1as de Amazon | Agregue el complemento de Amazon en el sitio web jQuery (gratis y r\u00e1pido)","og_description":"Es f\u00e1cil crear su complemento Reviews from Amazon y publicarlo en el sitio web de jQuery. El servicio al cliente de Elfsight es gratuito y r\u00e1pido.","og_url":"https:\/\/elfsight.com\/es\/amazon-reviews-widget\/jquery\/","og_site_name":"Elfsight ES","article_modified_time":"2025-02-06T15:34:18+00:00","twitter_card":"summary_large_image","twitter_misc":{"Tiempo de lectura":"3 minutos"},"schema":{"@context":"https:\/\/schema.org","@graph":[{"@type":"WebPage","@id":"https:\/\/elfsight.com\/es\/amazon-reviews-widget\/jquery\/","url":"https:\/\/elfsight.com\/es\/amazon-reviews-widget\/jquery\/","name":"Rese\u00f1as de Amazon | Agregue el complemento de Amazon en el sitio web jQuery (gratis y r\u00e1pido)","isPartOf":{"@id":"https:\/\/elfsight.com\/es\/#website"},"datePublished":"1970-01-01T00:00:00+00:00","dateModified":"2025-02-06T15:34:18+00:00","description":"Es f\u00e1cil crear su complemento Reviews from Amazon y publicarlo en el sitio web de jQuery. El servicio al cliente de Elfsight es gratuito y r\u00e1pido.","breadcrumb":{"@id":"https:\/\/elfsight.com\/es\/amazon-reviews-widget\/jquery\/#breadcrumb"},"inLanguage":"es","potentialAction":[{"@type":"ReadAction","target":["https:\/\/elfsight.com\/es\/amazon-reviews-widget\/jquery\/"]}]},{"@type":"BreadcrumbList","@id":"https:\/\/elfsight.com\/es\/amazon-reviews-widget\/jquery\/#breadcrumb","itemListElement":[{"@type":"ListItem","position":1,"name":"Home","item":"https:\/\/elfsight.com\/es\/"},{"@type":"ListItem","position":2,"name":"Amazon Reviews","item":"https:\/\/elfsight.com\/es\/amazon-reviews-widget\/"},{"@type":"ListItem","position":3,"name":"Amazon Reviews &#8211; jQuery"}]},{"@type":"WebSite","@id":"https:\/\/elfsight.com\/es\/#website","url":"https:\/\/elfsight.com\/es\/","name":"Elfsight ES","description":"Just another Elfsight Sites site","potentialAction":[{"@type":"SearchAction","target":{"@type":"EntryPoint","urlTemplate":"https:\/\/elfsight.com\/es\/?s={search_term_string}"},"query-input":{"@type":"PropertyValueSpecification","valueRequired":true,"valueName":"search_term_string"}}],"inLanguage":"es"}]}},"meta_box":{"industry":"","seo_heading":"","heading":"","description":"","cta_heading":"","cta_description":"","application":"520","h1":"Rese\u00f1as del complemento de Amazon para jQuery","h1_caption":"Muestre rese\u00f1as de sus productos de Amazon en su sitio","application_category":[],"applications_title":"","applications_request_title":"","applications_request_button_text":"","hero_text":"","hero_video":"","hero_video_schema_markup":"","selling_points_title":"","selling_points_caption":"","selling_points":[],"selling_points_cta_text":"","features_title":"","features":"","ed_cta_examples_text":"","ed_cta_examples_hidden":"","ed_cta_demo_text":"","ed_cta_demo_hidden":"","why_caption":"","why_editor_title":"","why_editor_text":"","why_team_title":"","why_team_text":"","why_service_title":"","why_service_text":"","template_catalog_visible":"0","template_catalog_title":"","template_catalog_text":"","template_catalog_categories_visible":"","demo_title":"Crea tu complemento de Rese\u00f1as de Amazon","demo_caption":"\u00a1Configure sus rese\u00f1as de Amazon y agr\u00e9guelas a su sitio web jQuery gratis!","default_faq_hidden":"","app_template_category":[],"platform":"76","template_public_id":"","codecanyon_url":"","codecanyon_item_id":"","codecanyon_price":"","pricing_caption":"","pricing_elfsight_apps_hide_column":"","pricing_elfsight_apps_url":"","pricing_codecanyon_price_caption":"","integration_category":[],"integration_request_title":"","integration_request_cta":"","integration_platform":"","integrations":[],"platform_category":[],"video_schema_markup":"","price":"desde $0 \/ mes","trial":"","benefits":[{"text":"Servicio de instalaci\u00f3n gratuito"},{"text":"Servicio al cliente competente"},{"text":"Garant\u00eda de reembolso de 14 d\u00edas"},{"text":"Actualizaciones gratuitas de por vida"}],"button_url":"#demo","button_target_blank":"0","button_nofollow":"0","attributes":[{"name":"Instalaciones","content":"10,000 - 100,000"},{"name":"Sensible","content":"S\u00ed"},{"name":"Navegadores compatibles","content":"Firefox, Safari, Opera, Chrome, Edge"}],"tags":[],"tags_disable_links":"0","hide_more_platforms":"","video_object":"","demo_hide_cta":"0","demo_hide_cloud_options":"0","pricing_title":"","pricing":[{"pricing_icon":"platform","pricing_title":"Elfsight Apps","pricing_title_caption":"Versi\u00f3n independiente de la plataforma","pricing_price":"desde $0 \/ mes","pricing_price_caption":"comienza con un plan gratuito","pricing_benefits":[{"text":"Sitios web ilimitados"},{"text":"Atenci\u00f3n al cliente profesional y bien documentada."},{"text":"Asistencia de instalaci\u00f3n gratuita"},{"text":"100% personalizable"}],"pricing_button_text":"A\u00f1adir al sitio web","pricing_button_url":"#demo"}],"related_apps_title":"","related_apps_hidden":"0","author":"","image":[],"title":"","job":"","social_networks":[]},"_links":{"self":[{"href":"https:\/\/elfsight.com\/es\/wp-json\/wp\/v2\/pages\/8645","targetHints":{"allow":["GET"]}}],"collection":[{"href":"https:\/\/elfsight.com\/es\/wp-json\/wp\/v2\/pages"}],"about":[{"href":"https:\/\/elfsight.com\/es\/wp-json\/wp\/v2\/types\/page"}],"author":[{"embeddable":true,"href":"https:\/\/elfsight.com\/es\/wp-json\/wp\/v2\/users\/9"}],"replies":[{"embeddable":true,"href":"https:\/\/elfsight.com\/es\/wp-json\/wp\/v2\/comments?post=8645"}],"version-history":[{"count":3,"href":"https:\/\/elfsight.com\/es\/wp-json\/wp\/v2\/pages\/8645\/revisions"}],"predecessor-version":[{"id":18444,"href":"https:\/\/elfsight.com\/es\/wp-json\/wp\/v2\/pages\/8645\/revisions\/18444"}],"up":[{"embeddable":true,"href":"https:\/\/elfsight.com\/es\/wp-json\/wp\/v2\/pages\/521"}],"wp:attachment":[{"href":"https:\/\/elfsight.com\/es\/wp-json\/wp\/v2\/media?parent=8645"}],"curies":[{"name":"wp","href":"https:\/\/api.w.org\/{rel}","templated":true}]}}