{"id":8642,"date":"1970-01-01T00:00:00","date_gmt":"1970-01-01T00:00:00","guid":{"rendered":"https:\/\/elfsight.com\/es\/?page_id=8642"},"modified":"2025-02-06T15:34:27","modified_gmt":"2025-02-06T15:34:27","slug":"iframe","status":"publish","type":"page","link":"https:\/\/elfsight.com\/es\/amazon-reviews-widget\/iframe\/","title":{"rendered":"Amazon Reviews &#8211; iFrame"},"content":{"rendered":"<div class=\"application-platform-content-item-description application-platform-content-item\" id=\"description\" data-nav-section=\"description\"><h2>Incorpore rese\u00f1as de Amazon en iFrame con el widget Elfsight<\/h2><p>Nuestro complemento Rese\u00f1as de Amazon es la forma m\u00e1s f\u00e1cil de dar forma a la reputaci\u00f3n de su marca expresando comentarios de clientes reales sobre sus productos. Muestre solo los mejores comentarios o los m\u00e1s significativos y ord\u00e9nelos como desee. Obtenga resultados con pruebas sociales demostrando a su audiencia que se puede confiar en usted.<\/p><p><b>\u00a1Inspire a los usuarios a publicar nuevas rese\u00f1as sobre sus productos y fomente las conversaciones con los clientes!<\/b><\/p><\/div><div class=\"application-platform-content-item-features application-platform-content-item\" id=\"features\" data-nav-section=\"features\"><h2>Caracter\u00edsticas principales del widget Rese\u00f1as de Amazon<\/h2><p>Para obtener un conocimiento claro de las Rese\u00f1as de Amazon, consulte la lista de las funciones m\u00e1s destacadas. Hacen que el widget sea realmente eficiente para usted:<\/p><ul><li>Tres filtros disponibles: por tipo, excluir por y cantidad de rese\u00f1as;<\/li><li>Cuatro dise\u00f1os predefinidos: Lista, Cuadr\u00edcula, Mamposter\u00eda y Control deslizante;<\/li><li>Una oportunidad para controlar la visualizaci\u00f3n del encabezado del widget;<\/li><li>El bot\u00f3n de solicitud de rese\u00f1a dirige a los visitantes a la p\u00e1gina de Amazon;<\/li><li>Seis elementos flexibles del widget: nombre y foto del autor, texto de recomendaci\u00f3n, fecha, \u00edcono de Amazon y estrella calificaci\u00f3n;<\/li><li>Dos opciones de escenarios despu\u00e9s del rechazo de la solicitud de revisi\u00f3n: revelar un mensaje de texto o eliminar el bot\u00f3n;<\/li><\/ul><p><a href=\"#demo\">Ver todas las funciones en la demostraci\u00f3n<\/a><\/p><\/div><div class=\"application-platform-content-item-installation application-platform-content-item\" id=\"installation\" data-nav-section=\"installation\"><h2>C\u00f3mo agregar rese\u00f1as de Amazon al sitio web iFrame<\/h2><p>Estos pasos son lo \u00fanico debe seguir para integrar el widget.<\/p><ol><li><b>Cree su propio complemento de Amazon<\/b><br>Utilizando nuestro editor gratuito, genere un widget con una composici\u00f3n y funciones preferidas.<\/li><li><b>Adquiera el c\u00f3digo individual para agregar el complemento<\/b><br>Despu\u00e9s de haber creado su widget, obtendr\u00e1 el c\u00f3digo individual de la ventana emergente en Elfsight Apps. Copie el c\u00f3digo para su uso posterior.<\/li><li><b>Agregue el complemento en su sitio iFrame<\/b><br>Vaya al \u00e1rea donde desea mostrar el widget y agregue all\u00ed el c\u00f3digo copiado. Publica las ediciones.<\/li><li><b>\u00a1Listo!<\/b><br>Visita tu sitio para comprobar tu trabajo.<\/li><\/ol><p>\u00bfA\u00fan tienes dudas? \u00bfO enfrenta alg\u00fan problema? Nuestro equipo de soporte le ayudar\u00e1 con cualquier tipo de pregunta.<\/p><div class=\"faq\" data-component=\"FAQ\"> <div class=\"faq-item\">\r\n\t\t\t\t\t<div class=\"faq-item-question\">\r\n\t\t\t\t\t\t<h3 class=\"faq-item-question-text\">\u00bfC\u00f3mo agregar rese\u00f1as de Amazon a mi sitio web iFrame sin conocimientos de codificaci\u00f3n?<\/h3>\r\n\r\n\t\t\t\t\t\t<div class=\"faq-item-question-icon\"><\/div>\r\n\t\t\t\t\t<\/div>\r\n\r\n\t\t\t\t\t<div class=\"faq-item-answer\">\r\n\t\t\t\t\t\t<div class=\"faq-item-answer-text\"> <p>Elfsight proporciona una soluci\u00f3n SaaS que le permite crear un widget de rese\u00f1as de Amazon usted mismo. Vea lo f\u00e1cil que es el proceso: trabaje directamente en el editor en l\u00ednea para crear un widget de rese\u00f1as de Amazon que le gustar\u00eda ver en su sitio web iFrame. Elija una de las plantillas predise\u00f1adas y ajuste la configuraci\u00f3n de Rese\u00f1as de Amazon, agregue su contenido, cambie el dise\u00f1o y la combinaci\u00f3n de colores sin conocimientos de codificaci\u00f3n. Guarde las rese\u00f1as de Amazon y copie su c\u00f3digo de instalaci\u00f3n, para que pueda simplemente agregarlas en su sitio web iFrame sin comprar un plan pago. Con nuestro editor intuitivo, cualquier usuario de Internet puede crear rese\u00f1as desde el widget de Amazon en l\u00ednea e incrustarlo f\u00e1cilmente en su sitio web iFrame. No es necesario pagar ni ingresar las credenciales de su tarjeta para acceder al servicio. Si tiene alg\u00fan problema en cualquier paso, no dude en ponerse en contacto con nuestro equipo de soporte t\u00e9cnico.<\/p> <\/div>\r\n\t\t\t\t\t<\/div>\r\n\t\t\t\t<\/div> <\/div> <\/div>","protected":false},"excerpt":{"rendered":"","protected":false},"author":9,"featured_media":0,"parent":521,"menu_order":0,"comment_status":"closed","ping_status":"closed","template":"templates\/template-application-platform.php","meta":{"publish_to_discourse":"","publish_post_category":"","wpdc_auto_publish_overridden":"","wpdc_topic_tags":"","wpdc_pin_topic":"","wpdc_pin_until":"","discourse_post_id":"","discourse_permalink":"","wpdc_publishing_response":"","wpdc_publishing_error":"","footnotes":""},"class_list":["post-8642","page","type-page","status-publish","hentry"],"yoast_head":"<!-- This site is optimized with the Yoast SEO plugin v25.3.1 - https:\/\/yoast.com\/wordpress\/plugins\/seo\/ -->\n<title>Incruste el widget Reviews from Amazon en el sitio web iFrame (gratis y r\u00e1pido)<\/title>\n<meta name=\"description\" content=\"Es muy f\u00e1cil crear su widget de Rese\u00f1as de Amazon y mostrarlo en su sitio web iFrame. El servicio al cliente de Elfsight es gratuito.\" \/>\n<meta name=\"robots\" content=\"index, follow, max-snippet:-1, max-image-preview:large, max-video-preview:-1\" \/>\n<link rel=\"canonical\" href=\"https:\/\/elfsight.com\/es\/amazon-reviews-widget\/iframe\/\" \/>\n<meta property=\"og:locale\" content=\"es_ES\" \/>\n<meta property=\"og:type\" content=\"article\" \/>\n<meta property=\"og:title\" content=\"Incruste el widget Reviews from Amazon en el sitio web iFrame (gratis y r\u00e1pido)\" \/>\n<meta property=\"og:description\" content=\"Es muy f\u00e1cil crear su widget de Rese\u00f1as de Amazon y mostrarlo en su sitio web iFrame. El servicio al cliente de Elfsight es gratuito.\" \/>\n<meta property=\"og:url\" content=\"https:\/\/elfsight.com\/es\/amazon-reviews-widget\/iframe\/\" \/>\n<meta property=\"og:site_name\" content=\"Elfsight ES\" \/>\n<meta property=\"article:modified_time\" content=\"2025-02-06T15:34:27+00:00\" \/>\n<meta name=\"twitter:card\" content=\"summary_large_image\" \/>\n<meta name=\"twitter:label1\" content=\"Tiempo de lectura\" \/>\n\t<meta name=\"twitter:data1\" content=\"3 minutos\" \/>\n<!-- \/ Yoast SEO plugin. -->","yoast_head_json":{"title":"Incruste el widget Reviews from Amazon en el sitio web iFrame (gratis y r\u00e1pido)","description":"Es muy f\u00e1cil crear su widget de Rese\u00f1as de Amazon y mostrarlo en su sitio web iFrame. El servicio al cliente de Elfsight es gratuito.","robots":{"index":"index","follow":"follow","max-snippet":"max-snippet:-1","max-image-preview":"max-image-preview:large","max-video-preview":"max-video-preview:-1"},"canonical":"https:\/\/elfsight.com\/es\/amazon-reviews-widget\/iframe\/","og_locale":"es_ES","og_type":"article","og_title":"Incruste el widget Reviews from Amazon en el sitio web iFrame (gratis y r\u00e1pido)","og_description":"Es muy f\u00e1cil crear su widget de Rese\u00f1as de Amazon y mostrarlo en su sitio web iFrame. El servicio al cliente de Elfsight es gratuito.","og_url":"https:\/\/elfsight.com\/es\/amazon-reviews-widget\/iframe\/","og_site_name":"Elfsight ES","article_modified_time":"2025-02-06T15:34:27+00:00","twitter_card":"summary_large_image","twitter_misc":{"Tiempo de lectura":"3 minutos"},"schema":{"@context":"https:\/\/schema.org","@graph":[{"@type":"WebPage","@id":"https:\/\/elfsight.com\/es\/amazon-reviews-widget\/iframe\/","url":"https:\/\/elfsight.com\/es\/amazon-reviews-widget\/iframe\/","name":"Incruste el widget Reviews from Amazon en el sitio web iFrame (gratis y r\u00e1pido)","isPartOf":{"@id":"https:\/\/elfsight.com\/es\/#website"},"datePublished":"1970-01-01T00:00:00+00:00","dateModified":"2025-02-06T15:34:27+00:00","description":"Es muy f\u00e1cil crear su widget de Rese\u00f1as de Amazon y mostrarlo en su sitio web iFrame. El servicio al cliente de Elfsight es gratuito.","breadcrumb":{"@id":"https:\/\/elfsight.com\/es\/amazon-reviews-widget\/iframe\/#breadcrumb"},"inLanguage":"es","potentialAction":[{"@type":"ReadAction","target":["https:\/\/elfsight.com\/es\/amazon-reviews-widget\/iframe\/"]}]},{"@type":"BreadcrumbList","@id":"https:\/\/elfsight.com\/es\/amazon-reviews-widget\/iframe\/#breadcrumb","itemListElement":[{"@type":"ListItem","position":1,"name":"Home","item":"https:\/\/elfsight.com\/es\/"},{"@type":"ListItem","position":2,"name":"Amazon Reviews","item":"https:\/\/elfsight.com\/es\/amazon-reviews-widget\/"},{"@type":"ListItem","position":3,"name":"Amazon Reviews &#8211; iFrame"}]},{"@type":"WebSite","@id":"https:\/\/elfsight.com\/es\/#website","url":"https:\/\/elfsight.com\/es\/","name":"Elfsight ES","description":"Just another Elfsight Sites site","potentialAction":[{"@type":"SearchAction","target":{"@type":"EntryPoint","urlTemplate":"https:\/\/elfsight.com\/es\/?s={search_term_string}"},"query-input":{"@type":"PropertyValueSpecification","valueRequired":true,"valueName":"search_term_string"}}],"inLanguage":"es"}]}},"meta_box":{"industry":"","seo_heading":"","heading":"","description":"","cta_heading":"","cta_description":"","application":"520","h1":"Rese\u00f1as del widget de Amazon para iFrame","h1_caption":"Muestre rese\u00f1as de sus productos de Amazon en su sitio web","application_category":[],"applications_title":"","applications_request_title":"","applications_request_button_text":"","hero_text":"","hero_video":"","hero_video_schema_markup":"","selling_points_title":"","selling_points_caption":"","selling_points":[],"selling_points_cta_text":"","features_title":"","features":"","ed_cta_examples_text":"","ed_cta_examples_hidden":"","ed_cta_demo_text":"","ed_cta_demo_hidden":"","why_caption":"","why_editor_title":"","why_editor_text":"","why_team_title":"","why_team_text":"","why_service_title":"","why_service_text":"","template_catalog_visible":"0","template_catalog_title":"","template_catalog_text":"","template_catalog_categories_visible":"","demo_title":"Crea tu widget de Rese\u00f1as de Amazon","demo_caption":"\u00a1Configure sus rese\u00f1as de Amazon y agr\u00e9guelas a su sitio web iFrame gratis!","default_faq_hidden":"","app_template_category":[],"platform":"2192","template_public_id":"","codecanyon_url":"","codecanyon_item_id":"","codecanyon_price":"","pricing_caption":"","pricing_elfsight_apps_hide_column":"","pricing_elfsight_apps_url":"","pricing_codecanyon_price_caption":"","integration_category":[],"integration_request_title":"","integration_request_cta":"","integration_platform":"","integrations":[],"platform_category":[],"video_schema_markup":"","price":"desde $0 \/ mes","trial":"","benefits":[{"text":"Servicio de instalaci\u00f3n gratuito"},{"text":"Servicio al cliente eficaz"},{"text":"Garant\u00eda de reembolso de 14 d\u00edas"},{"text":"Mejoras peri\u00f3dicas gratuitas"}],"button_url":"#demo","button_target_blank":"0","button_nofollow":"0","attributes":[{"name":"Instalaciones","content":"10,000 - 100,000"},{"name":"Sensible","content":"S\u00ed"},{"name":"Navegadores compatibles","content":"Opera, Safari, Chrome, Firefox, Edge"}],"tags":[],"tags_disable_links":"0","hide_more_platforms":"","video_object":"","demo_hide_cta":"0","demo_hide_cloud_options":"0","pricing_title":"","pricing":[{"pricing_icon":"platform","pricing_title":"Elfsight Apps","pricing_title_caption":"Soluci\u00f3n digital independiente de la plataforma","pricing_price":"desde $0 \/ mes","pricing_price_caption":"comienza con el plan gratuito","pricing_benefits":[{"text":"N\u00famero ilimitado de dominios"},{"text":"Soporte r\u00e1pido y puntual"},{"text":"Ayuda de instalaci\u00f3n gratuita"},{"text":"Precio especial para m\u00faltiples aplicaciones"}],"pricing_button_text":"A\u00f1adir al sitio web","pricing_button_url":"#demo"}],"related_apps_title":"","related_apps_hidden":"0","author":"","image":[],"title":"","job":"","social_networks":[]},"_links":{"self":[{"href":"https:\/\/elfsight.com\/es\/wp-json\/wp\/v2\/pages\/8642","targetHints":{"allow":["GET"]}}],"collection":[{"href":"https:\/\/elfsight.com\/es\/wp-json\/wp\/v2\/pages"}],"about":[{"href":"https:\/\/elfsight.com\/es\/wp-json\/wp\/v2\/types\/page"}],"author":[{"embeddable":true,"href":"https:\/\/elfsight.com\/es\/wp-json\/wp\/v2\/users\/9"}],"replies":[{"embeddable":true,"href":"https:\/\/elfsight.com\/es\/wp-json\/wp\/v2\/comments?post=8642"}],"version-history":[{"count":3,"href":"https:\/\/elfsight.com\/es\/wp-json\/wp\/v2\/pages\/8642\/revisions"}],"predecessor-version":[{"id":18447,"href":"https:\/\/elfsight.com\/es\/wp-json\/wp\/v2\/pages\/8642\/revisions\/18447"}],"up":[{"embeddable":true,"href":"https:\/\/elfsight.com\/es\/wp-json\/wp\/v2\/pages\/521"}],"wp:attachment":[{"href":"https:\/\/elfsight.com\/es\/wp-json\/wp\/v2\/media?parent=8642"}],"curies":[{"name":"wp","href":"https:\/\/api.w.org\/{rel}","templated":true}]}}