{"id":8636,"date":"1970-01-01T00:00:00","date_gmt":"1970-01-01T00:00:00","guid":{"rendered":"https:\/\/elfsight.com\/es\/?page_id=8636"},"modified":"2025-02-06T15:34:27","modified_gmt":"2025-02-06T15:34:27","slug":"google-sites","status":"publish","type":"page","link":"https:\/\/elfsight.com\/es\/amazon-reviews-widget\/google-sites\/","title":{"rendered":"Amazon Reviews &#8211; Google Sites"},"content":{"rendered":"<div class=\"application-platform-content-item-description application-platform-content-item\" id=\"description\" data-nav-section=\"description\"><h2>Incorporar rese\u00f1as de Amazon en Google Sites con el widget Elfsight<\/h2><p>El gadget Elfsight Reviews de Amazon para Google Sites es el m\u00e9todo m\u00e1s pr\u00e1ctico para mejorar la imagen de su marca mostrando a los visitantes comentarios reales sobre sus productos. Presume s\u00f3lo de las mejores o m\u00e1s significativas reacciones y organ\u00edzalas como quieras. Re\u00fana pruebas sociales mostrando a los visitantes de su sitio web que usted es un socio confiable.<\/p><p>\u00a1Motive a los usuarios a publicar nuevas rese\u00f1as sobre su marca y mejore las conversaciones con los clientes!<\/p><\/div><div class=\"application-platform-content-item-features application-platform-content-item\" id=\"features\" data-nav-section=\"features\"><h2>Caracter\u00edsticas principales del widget Rese\u00f1as de Amazon<\/h2><p>Para tener una idea clara de los testimonios de Amazon, vea la lista de las caracter\u00edsticas principales. Hacen que este widget sea incre\u00edblemente eficiente para usted:<\/p><ul><li>3 filtros listos para usar: por tipo, excluir por y cantidad de rese\u00f1as;<\/li><li>Cuatro dise\u00f1os predefinidos: Lista, Cuadr\u00edcula, Mamposter\u00eda y Control deslizante;<\/li><li>Encabezado del widget totalmente flexible;<\/li><li>El bot\u00f3n de solicitud de rese\u00f1a atrae visitantes a su p\u00e1gina de Amazon;<\/li><li>Seis elementos personalizables de las rese\u00f1as: el nombre del autor y la foto, recomendaci\u00f3n, fecha de publicaci\u00f3n, Amazon icono y calificaci\u00f3n de estrellas;<\/li><li>Dos escenarios posibles despu\u00e9s del rechazo de la solicitud de revisi\u00f3n: revelar un mensaje personalizado u ocultar el bot\u00f3n;<\/li><\/ul><p><a href=\"#demo\">Obtenga m\u00e1s funciones en la demostraci\u00f3n<\/a><\/p><\/div><div class=\"application-platform-content-item-installation application-platform-content-item\" id=\"installation\" data-nav-section=\"installation\"><h2>C\u00f3mo agregar rese\u00f1as del widget de Amazon al sitio de Google<\/h2><p>Los siguientes pasos son lo \u00fanico que necesitas para establecer el widget. Simplemente siga las pautas a continuaci\u00f3n para insertar el widget.<\/p><ol><li><b>Realice nuestro configurador gratuito y comience a crear su widget \u00fanico. <\/b><br> Busque la interfaz seleccionada y las especificaciones del widget y aplique las modificaciones. <\/li> <li><b>Reciba su c\u00f3digo personal que aparece en el formulario especial de Elfsight Apps. <\/b><br> Cuando finalice la creaci\u00f3n de su complemento, copie el c\u00f3digo personal de la ventana emergente que aparece y gu\u00e1rdelo para futuras necesidades. <\/li> <li><b>Iniciar la aplicaci\u00f3n de la p\u00e1gina web de Google Sites. <\/b><br> Inserta el c\u00f3digo que has copiado anteriormente en tu sitio web y aplica las mejoras. <\/li> <li><b>\u00a1Ya terminaste! La configuraci\u00f3n est\u00e1 completamente realizada. <\/b><br> Vaya a su p\u00e1gina web para ver en acci\u00f3n c\u00f3mo funciona el complemento. <\/li><\/ol><div class=\"tip-yellow tip\"><b>Debido a las peculiaridades del trabajo de Google Sites, el widget puede tener un aspecto diferente al de la demostraci\u00f3n en l\u00ednea. Nos disculpamos por cualquier inconveniente causado.<\/b><\/div><p>En caso de tener consultas o tener alguna complicaci\u00f3n, no dude en ponerse en contacto con nuestro personal de atenci\u00f3n al cliente. Nuestros consultores estar\u00e1n encantados de resolver todas las preguntas que pueda tener sobre el producto.<\/p> <div class=\"faq\" data-component=\"FAQ\"> <div class=\"faq-item\">\r\n\t\t\t\t\t<div class=\"faq-item-question\">\r\n\t\t\t\t\t\t<h3 class=\"faq-item-question-text\">\u00bfC\u00f3mo agregar Rese\u00f1as de Amazon a mi sitio web de Google Sites sin conocimientos de codificaci\u00f3n?<\/h3>\r\n\r\n\t\t\t\t\t\t<div class=\"faq-item-question-icon\"><\/div>\r\n\t\t\t\t\t<\/div>\r\n\r\n\t\t\t\t\t<div class=\"faq-item-answer\">\r\n\t\t\t\t\t\t<div class=\"faq-item-answer-text\"> <p>Elfsight proporciona una soluci\u00f3n SaaS que le permite crear un widget de Rese\u00f1as de Amazon usted mismo. Vea lo f\u00e1cil que es el proceso: trabaje directamente en el editor en l\u00ednea para crear un widget de Rese\u00f1as de Amazon que le gustar\u00eda ver en su sitio web de Google Sites. Elija una de las plantillas predise\u00f1adas y ajuste la configuraci\u00f3n de Rese\u00f1as de Amazon, agregue su contenido, cambie el dise\u00f1o y el color de los elementos sin conocimientos de codificaci\u00f3n. Guarde las Rese\u00f1as de Amazon y copie su c\u00f3digo de instalaci\u00f3n, que puede pegar f\u00e1cilmente en su sitio web de Google Sites sin comprar un plan pago. Con nuestro editor intuitivo, cualquier usuario de Internet puede crear rese\u00f1as desde el widget de Amazon en l\u00ednea e incrustarlo f\u00e1cilmente en su sitio web de Google Sites. No es necesario pagar ni ingresar las credenciales de su tarjeta para acceder al servicio. Si tiene alg\u00fan problema en cualquier paso, no dude en ponerse en contacto con nuestro equipo de soporte t\u00e9cnico.<\/p> <\/div>\r\n\t\t\t\t\t<\/div>\r\n\t\t\t\t<\/div> <\/div> <\/div>","protected":false},"excerpt":{"rendered":"","protected":false},"author":9,"featured_media":0,"parent":521,"menu_order":0,"comment_status":"closed","ping_status":"closed","template":"templates\/template-application-platform.php","meta":{"publish_to_discourse":"","publish_post_category":"","wpdc_auto_publish_overridden":"","wpdc_topic_tags":"","wpdc_pin_topic":"","wpdc_pin_until":"","discourse_post_id":"","discourse_permalink":"","wpdc_publishing_response":"","wpdc_publishing_error":"","footnotes":""},"class_list":["post-8636","page","type-page","status-publish","hentry"],"yoast_head":"<!-- This site is optimized with the Yoast SEO plugin v25.3.1 - https:\/\/yoast.com\/wordpress\/plugins\/seo\/ -->\n<title>Rese\u00f1as de Amazon: agregue el widget de Amazon a Google Sites (2025)<\/title>\n<meta name=\"description\" content=\"Incorpore un widget responsivo de Reviews from Amazon en su p\u00e1gina web de Google Sites y consiga plena confianza. Utilice la demostraci\u00f3n de Elfsight para crear su caracter\u00edstica \u00fanica.\" \/>\n<meta name=\"robots\" content=\"index, follow, max-snippet:-1, max-image-preview:large, max-video-preview:-1\" \/>\n<link rel=\"canonical\" href=\"https:\/\/elfsight.com\/es\/amazon-reviews-widget\/google-sites\/\" \/>\n<meta property=\"og:locale\" content=\"es_ES\" \/>\n<meta property=\"og:type\" content=\"article\" \/>\n<meta property=\"og:title\" content=\"Rese\u00f1as de Amazon: agregue el widget de Amazon a Google Sites (2025)\" \/>\n<meta property=\"og:description\" content=\"Incorpore un widget responsivo de Reviews from Amazon en su p\u00e1gina web de Google Sites y consiga plena confianza. Utilice la demostraci\u00f3n de Elfsight para crear su caracter\u00edstica \u00fanica.\" \/>\n<meta property=\"og:url\" content=\"https:\/\/elfsight.com\/es\/amazon-reviews-widget\/google-sites\/\" \/>\n<meta property=\"og:site_name\" content=\"Elfsight ES\" \/>\n<meta property=\"article:modified_time\" content=\"2025-02-06T15:34:27+00:00\" \/>\n<meta name=\"twitter:card\" content=\"summary_large_image\" \/>\n<meta name=\"twitter:label1\" content=\"Tiempo de lectura\" \/>\n\t<meta name=\"twitter:data1\" content=\"3 minutos\" \/>\n<!-- \/ Yoast SEO plugin. -->","yoast_head_json":{"title":"Rese\u00f1as de Amazon: agregue el widget de Amazon a Google Sites (2025)","description":"Incorpore un widget responsivo de Reviews from Amazon en su p\u00e1gina web de Google Sites y consiga plena confianza. Utilice la demostraci\u00f3n de Elfsight para crear su caracter\u00edstica \u00fanica.","robots":{"index":"index","follow":"follow","max-snippet":"max-snippet:-1","max-image-preview":"max-image-preview:large","max-video-preview":"max-video-preview:-1"},"canonical":"https:\/\/elfsight.com\/es\/amazon-reviews-widget\/google-sites\/","og_locale":"es_ES","og_type":"article","og_title":"Rese\u00f1as de Amazon: agregue el widget de Amazon a Google Sites (2025)","og_description":"Incorpore un widget responsivo de Reviews from Amazon en su p\u00e1gina web de Google Sites y consiga plena confianza. Utilice la demostraci\u00f3n de Elfsight para crear su caracter\u00edstica \u00fanica.","og_url":"https:\/\/elfsight.com\/es\/amazon-reviews-widget\/google-sites\/","og_site_name":"Elfsight ES","article_modified_time":"2025-02-06T15:34:27+00:00","twitter_card":"summary_large_image","twitter_misc":{"Tiempo de lectura":"3 minutos"},"schema":{"@context":"https:\/\/schema.org","@graph":[{"@type":"WebPage","@id":"https:\/\/elfsight.com\/es\/amazon-reviews-widget\/google-sites\/","url":"https:\/\/elfsight.com\/es\/amazon-reviews-widget\/google-sites\/","name":"Rese\u00f1as de Amazon: agregue el widget de Amazon a Google Sites (2025)","isPartOf":{"@id":"https:\/\/elfsight.com\/es\/#website"},"datePublished":"1970-01-01T00:00:00+00:00","dateModified":"2025-02-06T15:34:27+00:00","description":"Incorpore un widget responsivo de Reviews from Amazon en su p\u00e1gina web de Google Sites y consiga plena confianza. Utilice la demostraci\u00f3n de Elfsight para crear su caracter\u00edstica \u00fanica.","breadcrumb":{"@id":"https:\/\/elfsight.com\/es\/amazon-reviews-widget\/google-sites\/#breadcrumb"},"inLanguage":"es","potentialAction":[{"@type":"ReadAction","target":["https:\/\/elfsight.com\/es\/amazon-reviews-widget\/google-sites\/"]}]},{"@type":"BreadcrumbList","@id":"https:\/\/elfsight.com\/es\/amazon-reviews-widget\/google-sites\/#breadcrumb","itemListElement":[{"@type":"ListItem","position":1,"name":"Home","item":"https:\/\/elfsight.com\/es\/"},{"@type":"ListItem","position":2,"name":"Amazon Reviews","item":"https:\/\/elfsight.com\/es\/amazon-reviews-widget\/"},{"@type":"ListItem","position":3,"name":"Amazon Reviews &#8211; Google Sites"}]},{"@type":"WebSite","@id":"https:\/\/elfsight.com\/es\/#website","url":"https:\/\/elfsight.com\/es\/","name":"Elfsight ES","description":"Just another Elfsight Sites site","potentialAction":[{"@type":"SearchAction","target":{"@type":"EntryPoint","urlTemplate":"https:\/\/elfsight.com\/es\/?s={search_term_string}"},"query-input":{"@type":"PropertyValueSpecification","valueRequired":true,"valueName":"search_term_string"}}],"inLanguage":"es"}]}},"meta_box":{"industry":"","seo_heading":"","heading":"","description":"","cta_heading":"","cta_description":"","application":"520","h1":"Rese\u00f1as de sitios de Google desde el widget de Amazon","h1_caption":"Muestre testimonios sobre sus productos de Amazon directamente en su p\u00e1gina web","application_category":[],"applications_title":"","applications_request_title":"","applications_request_button_text":"","hero_text":"","hero_video":"","hero_video_schema_markup":"","selling_points_title":"","selling_points_caption":"","selling_points":[],"selling_points_cta_text":"","features_title":"","features":"","ed_cta_examples_text":"","ed_cta_examples_hidden":"","ed_cta_demo_text":"","ed_cta_demo_hidden":"","why_caption":"","why_editor_title":"","why_editor_text":"","why_team_title":"","why_team_text":"","why_service_title":"","why_service_text":"","template_catalog_visible":"0","template_catalog_title":"","template_catalog_text":"","template_catalog_categories_visible":"","demo_title":"Crea tu widget de Rese\u00f1as de Amazon","demo_caption":"\u00a1Configure sus rese\u00f1as de Amazon y agr\u00e9guelas a su sitio web de Google Sites de forma gratuita!","default_faq_hidden":"","app_template_category":[],"platform":"67","template_public_id":"","codecanyon_url":"","codecanyon_item_id":"","codecanyon_price":"","pricing_caption":"","pricing_elfsight_apps_hide_column":"","pricing_elfsight_apps_url":"","pricing_codecanyon_price_caption":"","integration_category":[],"integration_request_title":"","integration_request_cta":"","integration_platform":"","integrations":[],"platform_category":[],"video_schema_markup":"","price":"desde $0 \/ mes","trial":"","benefits":[{"text":"Asistencia de instalaci\u00f3n gratuita"},{"text":"Soporte premium"},{"text":"Garant\u00eda de devoluci\u00f3n de dinero de 14 d\u00edas"},{"text":"Mejoras continuas"}],"button_url":"#demo","button_target_blank":"0","button_nofollow":"0","attributes":[{"name":"Instalaciones","content":"10,000 - 100,000"},{"name":"Sensible","content":"S\u00ed"},{"name":"Navegadores compatibles","content":"Edge, Opera, Safari, Chrome, Firefox"}],"tags":[],"tags_disable_links":"0","hide_more_platforms":"","video_object":"","demo_hide_cta":"0","demo_hide_cloud_options":"0","pricing_title":"","pricing":[{"pricing_icon":"platform","pricing_title":"Elfsight Apps","pricing_title_caption":"Versi\u00f3n multiplataforma","pricing_price":"desde $0 \/ mes","pricing_price_caption":"comienza con el plan gratuito","pricing_benefits":[{"text":"Sitios web ilimitados"},{"text":"Soporte gratuito y puntual"},{"text":"Servicio de instalaci\u00f3n gratuito"},{"text":"Precio especial para m\u00faltiples aplicaciones"}],"pricing_button_text":"A\u00f1adir al sitio web","pricing_button_url":"#demo"}],"related_apps_title":"","related_apps_hidden":"0","author":"","image":[],"title":"","job":"","social_networks":[]},"_links":{"self":[{"href":"https:\/\/elfsight.com\/es\/wp-json\/wp\/v2\/pages\/8636","targetHints":{"allow":["GET"]}}],"collection":[{"href":"https:\/\/elfsight.com\/es\/wp-json\/wp\/v2\/pages"}],"about":[{"href":"https:\/\/elfsight.com\/es\/wp-json\/wp\/v2\/types\/page"}],"author":[{"embeddable":true,"href":"https:\/\/elfsight.com\/es\/wp-json\/wp\/v2\/users\/9"}],"replies":[{"embeddable":true,"href":"https:\/\/elfsight.com\/es\/wp-json\/wp\/v2\/comments?post=8636"}],"version-history":[{"count":3,"href":"https:\/\/elfsight.com\/es\/wp-json\/wp\/v2\/pages\/8636\/revisions"}],"predecessor-version":[{"id":18449,"href":"https:\/\/elfsight.com\/es\/wp-json\/wp\/v2\/pages\/8636\/revisions\/18449"}],"up":[{"embeddable":true,"href":"https:\/\/elfsight.com\/es\/wp-json\/wp\/v2\/pages\/521"}],"wp:attachment":[{"href":"https:\/\/elfsight.com\/es\/wp-json\/wp\/v2\/media?parent=8636"}],"curies":[{"name":"wp","href":"https:\/\/api.w.org\/{rel}","templated":true}]}}