{"id":8634,"date":"1970-01-01T00:00:00","date_gmt":"1970-01-01T00:00:00","guid":{"rendered":"https:\/\/elfsight.com\/es\/?page_id=8634"},"modified":"2025-02-06T15:34:35","modified_gmt":"2025-02-06T15:34:35","slug":"facebook","status":"publish","type":"page","link":"https:\/\/elfsight.com\/es\/amazon-reviews-widget\/facebook\/","title":{"rendered":"Amazon Reviews &#8211; Facebook Page"},"content":{"rendered":"<div class=\"application-platform-content-item-description application-platform-content-item\" id=\"description\" data-nav-section=\"description\"><h2>Descripci\u00f3n<\/h2><p>El widget Elfsight Reviews de Amazon es el m\u00e9todo m\u00e1s pr\u00e1ctico para dar forma a la reputaci\u00f3n de su marca mostrando opiniones de clientes reales sobre sus productos. Muestra s\u00f3lo las mejores o m\u00e1s significativas reacciones y organ\u00edzalas como quieras. Obtenga pruebas sociales demostrando a sus clientes que se puede confiar en usted.<\/p><p><b>\u00a1Motive a los usuarios a publicar nuevas rese\u00f1as sobre su marca y fomente las conversaciones con los clientes!<\/b><\/p><\/div> <div class=\"application-platform-content-item-features application-platform-content-item\" id=\"features\" data-nav-section=\"features\"><h2>Caracter\u00edsticas<\/h2><p>Examine la lista de funciones del widget. Lo hacen incre\u00edblemente efectivo para tu promoci\u00f3n:<\/p><ul><li>Tres filtros predefinidos: por tipo, excluir por y cantidad de rese\u00f1as;<\/li><li>Cuatro dise\u00f1os disponibles: Lista, Cuadr\u00edcula, Masoner\u00eda y Control deslizante;<\/li><li>Encabezado del widget totalmente flexible;<\/li><li>El bot\u00f3n activo para compartir una rese\u00f1a m\u00e1s lleva a las personas a tu p\u00e1gina de Amazon;<\/li><li>Seis elementos ajustables del widget: nombre e imagen del autor, recomendaci\u00f3n, fecha, \u00edcono de Amazon y estrella calificaci\u00f3n;<\/li><li>Dos posibles escenarios de rechazo de solicitud de revisi\u00f3n: mostrar un mensaje personalizado u ocultar el bot\u00f3n;<\/li><\/ul><p><a href=\"#demo\">La demostraci\u00f3n en vivo le mostrar\u00e1 m\u00e1s funciones<\/a><\/p><\/div> <div class=\"application-platform-content-item-installation application-platform-content-item\" id=\"installation\" data-nav-section=\"installation\"><h2>C\u00f3mo agregar Rese\u00f1as de la pesta\u00f1a Amazon a la p\u00e1gina comercial de Facebook<\/h2><p>Estos varios pasos son lo \u00fanico que necesitas para configurar Amazon en tu p\u00e1gina. Le llevar\u00e1 un minuto y ni una l\u00ednea de codificaci\u00f3n.<\/p><ol><li><b>Dise\u00f1e su widget de Amazon personalizado<\/b><br>Con la ayuda de nuestro configurador gratuito, configure un complemento con un dise\u00f1o seleccionado y elija las rese\u00f1as que desea mostrar.<\/li><li><b>Adquiera el c\u00f3digo individual para agregar el complemento<\/b><br>Despu\u00e9s de haber creado su widget, obtendr\u00e1 su c\u00f3digo personal de la notificaci\u00f3n que aparece en Elfsight Apps. C\u00f3pielo para su uso posterior.<\/li><li><b>Agregue la pesta\u00f1a de Amazon a la p\u00e1gina de Facebook<\/b><br> Cree su pesta\u00f1a de Facebook personalizada. Inserte el c\u00f3digo que recibi\u00f3 en las aplicaciones de elfsight en la pesta\u00f1a. Si tienes alg\u00fan problema, consulta nuestra gu\u00eda sobre <a href=\"https:\/\/elfsight.com\/blog\/how-to-add-custom-tab-to-facebook-page\/\" target=\"_blank\" rel=\"noopener noreferrer\">creaci\u00f3n de una pesta\u00f1a personalizada de Facebook<\/a><\/li><li><b>\u00a1Ya terminaste!<\/b><br>Ingresa a tu p\u00e1gina para ver tu trabajo.<\/li><\/ol><p>\u00bfA\u00fan no est\u00e1s resuelto? \u00bfO tropez\u00f3 con algo? Simplemente dirija una solicitud a nuestro equipo de soporte, ellos lo ayudar\u00e1n con cualquier tipo de problema.<\/p><\/div><div class=\"faq\" data-component=\"FAQ\"><div class=\"faq-item\">\r\n\t\t\t\t\t<div class=\"faq-item-question\">\r\n\t\t\t\t\t\t<h3 class=\"faq-item-question-text\">\u00bfPuedo insertar rese\u00f1as de Amazon en mi p\u00e1gina de Facebook?<\/h3>\r\n\r\n\t\t\t\t\t\t<div class=\"faq-item-question-icon\"><\/div>\r\n\t\t\t\t\t<\/div>\r\n\r\n\t\t\t\t\t<div class=\"faq-item-answer\">\r\n\t\t\t\t\t\t<div class=\"faq-item-answer-text\"><p>Todo lo que tiene que hacer es crear su herramienta, luego cambiar su dise\u00f1o y guardar los cambios. Luego toma el c\u00f3digo de tu widget e int\u00e9gralo en la plantilla que tienes actualmente. <\/p><\/div>\r\n\t\t\t\t\t<\/div>\r\n\t\t\t\t<\/div><div class=\"faq-item\">\r\n\t\t\t\t\t<div class=\"faq-item-question\">\r\n\t\t\t\t\t\t<h3 class=\"faq-item-question-text\">\u00bfC\u00f3mo obtener rese\u00f1as de los clientes de Amazon para las p\u00e1ginas de productos?<\/h3>\r\n\r\n\t\t\t\t\t\t<div class=\"faq-item-question-icon\"><\/div>\r\n\t\t\t\t\t<\/div>\r\n\r\n\t\t\t\t\t<div class=\"faq-item-answer\">\r\n\t\t\t\t\t\t<div class=\"faq-item-answer-text\"><p>Todo lo que necesita hacer es aplicar el bot\u00f3n Escribir una rese\u00f1a. Al hacer clic en \u00e9l, la audiencia del sitio web ser\u00e1 transferida directamente a su perfil. <\/p><\/div>\r\n\t\t\t\t\t<\/div>\r\n\t\t\t\t<\/div><div class=\"faq-item\">\r\n\t\t\t\t\t<div class=\"faq-item-question\">\r\n\t\t\t\t\t\t<h3 class=\"faq-item-question-text\">\u00bfC\u00f3mo creo mi widget de calificaci\u00f3n\/plantilla de insignia de Amazon?<\/h3>\r\n\r\n\t\t\t\t\t\t<div class=\"faq-item-question-icon\"><\/div>\r\n\t\t\t\t\t<\/div>\r\n\r\n\t\t\t\t\t<div class=\"faq-item-answer\">\r\n\t\t\t\t\t\t<div class=\"faq-item-answer-text\"><p>Aplique los puntos de la sencilla gu\u00eda a continuaci\u00f3n: <\/p><ol><li>Emplee nuestro configurador y comience a crear su herramienta personalizada. <\/li> <li>Personalice los aspectos del widget y guarde los ajustes. <\/li><li>Obtenga el c\u00f3digo individual revelado en la notificaci\u00f3n. <\/li> <li>Coloque el c\u00f3digo \u00fanico en su p\u00e1gina de inicio y guarde la p\u00e1gina. <\/li><li> Ha integrado correctamente la aplicaci\u00f3n Elfsight en su sitio. <\/li><\/div>\r\n\t\t\t\t\t<\/div>\r\n\t\t\t\t<\/div><\/div><\/ol>","protected":false},"excerpt":{"rendered":"","protected":false},"author":9,"featured_media":0,"parent":521,"menu_order":0,"comment_status":"closed","ping_status":"closed","template":"templates\/template-application-platform.php","meta":{"publish_to_discourse":"","publish_post_category":"","wpdc_auto_publish_overridden":"","wpdc_topic_tags":"","wpdc_pin_topic":"","wpdc_pin_until":"","discourse_post_id":"","discourse_permalink":"","wpdc_publishing_response":"","wpdc_publishing_error":"","footnotes":""},"class_list":["post-8634","page","type-page","status-publish","hentry"],"yoast_head":"<!-- This site is optimized with the Yoast SEO plugin v25.3.1 - https:\/\/yoast.com\/wordpress\/plugins\/seo\/ -->\n<title>Rese\u00f1as de Amazon | Agregue el complemento de Amazon en la p\u00e1gina de Facebook [2026]<\/title>\n<meta name=\"description\" content=\"Con Elfsight, cree su pesta\u00f1a Rese\u00f1as de Amazon y agr\u00e9guela a su p\u00e1gina comercial de Facebook con facilidad. Ofrecemos atenci\u00f3n al cliente gratuita y m\u00e1s bonificaciones.\" \/>\n<meta name=\"robots\" content=\"index, follow, max-snippet:-1, max-image-preview:large, max-video-preview:-1\" \/>\n<link rel=\"canonical\" href=\"https:\/\/elfsight.com\/es\/amazon-reviews-widget\/facebook\/\" \/>\n<meta property=\"og:locale\" content=\"es_ES\" \/>\n<meta property=\"og:type\" content=\"article\" \/>\n<meta property=\"og:title\" content=\"Rese\u00f1as de Amazon | Agregue el complemento de Amazon en la p\u00e1gina de Facebook [2026]\" \/>\n<meta property=\"og:description\" content=\"Con Elfsight, cree su pesta\u00f1a Rese\u00f1as de Amazon y agr\u00e9guela a su p\u00e1gina comercial de Facebook con facilidad. Ofrecemos atenci\u00f3n al cliente gratuita y m\u00e1s bonificaciones.\" \/>\n<meta property=\"og:url\" content=\"https:\/\/elfsight.com\/es\/amazon-reviews-widget\/facebook\/\" \/>\n<meta property=\"og:site_name\" content=\"Elfsight ES\" \/>\n<meta property=\"article:modified_time\" content=\"2025-02-06T15:34:35+00:00\" \/>\n<meta name=\"twitter:card\" content=\"summary_large_image\" \/>\n<meta name=\"twitter:label1\" content=\"Tiempo de lectura\" \/>\n\t<meta name=\"twitter:data1\" content=\"3 minutos\" \/>\n<!-- \/ Yoast SEO plugin. -->","yoast_head_json":{"title":"Rese\u00f1as de Amazon | Agregue el complemento de Amazon en la p\u00e1gina de Facebook [2026]","description":"Con Elfsight, cree su pesta\u00f1a Rese\u00f1as de Amazon y agr\u00e9guela a su p\u00e1gina comercial de Facebook con facilidad. Ofrecemos atenci\u00f3n al cliente gratuita y m\u00e1s bonificaciones.","robots":{"index":"index","follow":"follow","max-snippet":"max-snippet:-1","max-image-preview":"max-image-preview:large","max-video-preview":"max-video-preview:-1"},"canonical":"https:\/\/elfsight.com\/es\/amazon-reviews-widget\/facebook\/","og_locale":"es_ES","og_type":"article","og_title":"Rese\u00f1as de Amazon | Agregue el complemento de Amazon en la p\u00e1gina de Facebook [2026]","og_description":"Con Elfsight, cree su pesta\u00f1a Rese\u00f1as de Amazon y agr\u00e9guela a su p\u00e1gina comercial de Facebook con facilidad. Ofrecemos atenci\u00f3n al cliente gratuita y m\u00e1s bonificaciones.","og_url":"https:\/\/elfsight.com\/es\/amazon-reviews-widget\/facebook\/","og_site_name":"Elfsight ES","article_modified_time":"2025-02-06T15:34:35+00:00","twitter_card":"summary_large_image","twitter_misc":{"Tiempo de lectura":"3 minutos"},"schema":{"@context":"https:\/\/schema.org","@graph":[{"@type":"WebPage","@id":"https:\/\/elfsight.com\/es\/amazon-reviews-widget\/facebook\/","url":"https:\/\/elfsight.com\/es\/amazon-reviews-widget\/facebook\/","name":"Rese\u00f1as de Amazon | Agregue el complemento de Amazon en la p\u00e1gina de Facebook [2026]","isPartOf":{"@id":"https:\/\/elfsight.com\/es\/#website"},"datePublished":"1970-01-01T00:00:00+00:00","dateModified":"2025-02-06T15:34:35+00:00","description":"Con Elfsight, cree su pesta\u00f1a Rese\u00f1as de Amazon y agr\u00e9guela a su p\u00e1gina comercial de Facebook con facilidad. Ofrecemos atenci\u00f3n al cliente gratuita y m\u00e1s bonificaciones.","breadcrumb":{"@id":"https:\/\/elfsight.com\/es\/amazon-reviews-widget\/facebook\/#breadcrumb"},"inLanguage":"es","potentialAction":[{"@type":"ReadAction","target":["https:\/\/elfsight.com\/es\/amazon-reviews-widget\/facebook\/"]}]},{"@type":"BreadcrumbList","@id":"https:\/\/elfsight.com\/es\/amazon-reviews-widget\/facebook\/#breadcrumb","itemListElement":[{"@type":"ListItem","position":1,"name":"Home","item":"https:\/\/elfsight.com\/es\/"},{"@type":"ListItem","position":2,"name":"Amazon Reviews","item":"https:\/\/elfsight.com\/es\/amazon-reviews-widget\/"},{"@type":"ListItem","position":3,"name":"Amazon Reviews &#8211; Facebook Page"}]},{"@type":"WebSite","@id":"https:\/\/elfsight.com\/es\/#website","url":"https:\/\/elfsight.com\/es\/","name":"Elfsight ES","description":"Just another Elfsight Sites site","potentialAction":[{"@type":"SearchAction","target":{"@type":"EntryPoint","urlTemplate":"https:\/\/elfsight.com\/es\/?s={search_term_string}"},"query-input":{"@type":"PropertyValueSpecification","valueRequired":true,"valueName":"search_term_string"}}],"inLanguage":"es"}]}},"meta_box":{"industry":"","seo_heading":"","heading":"","description":"","cta_heading":"","cta_description":"","application":"520","h1":"Rese\u00f1as de Amazon para la p\u00e1gina de Facebook","h1_caption":"Muestre rese\u00f1as de sus productos de Amazon en la p\u00e1gina de su empresa.","application_category":[],"applications_title":"","applications_request_title":"","applications_request_button_text":"","hero_text":"","hero_video":"","hero_video_schema_markup":"","selling_points_title":"","selling_points_caption":"","selling_points":[],"selling_points_cta_text":"","features_title":"","features":"","ed_cta_examples_text":"","ed_cta_examples_hidden":"","ed_cta_demo_text":"","ed_cta_demo_hidden":"","why_caption":"","why_editor_title":"","why_editor_text":"","why_team_title":"","why_team_text":"","why_service_title":"","why_service_text":"","template_catalog_visible":"0","template_catalog_title":"","template_catalog_text":"","template_catalog_categories_visible":"","demo_title":"Crea tu widget de Rese\u00f1as de Amazon","demo_caption":"\u00a1Configure sus rese\u00f1as de Amazon y agr\u00e9guelas al sitio web de su p\u00e1gina de Facebook de forma gratuita!","default_faq_hidden":"","app_template_category":[],"platform":"64","template_public_id":"","codecanyon_url":"","codecanyon_item_id":"","codecanyon_price":"","pricing_caption":"","pricing_elfsight_apps_hide_column":"","pricing_elfsight_apps_url":"","pricing_codecanyon_price_caption":"","integration_category":[],"integration_request_title":"","integration_request_cta":"","integration_platform":"","integrations":[],"platform_category":[],"video_schema_markup":"","price":"desde $0 \/ mes","trial":"","benefits":[{"text":"Asistencia de instalaci\u00f3n gratuita"},{"text":"Servicio al cliente profesional"},{"text":"Garant\u00eda de devoluci\u00f3n de dinero de 14 d\u00edas"},{"text":"Actualizaciones de por vida"}],"button_url":"#demo","button_target_blank":"0","button_nofollow":"0","attributes":[{"name":"Instalaciones","content":"10,000 - 100,000"},{"name":"Sensible","content":"S\u00ed"},{"name":"Navegadores compatibles","content":"Chrome, Opera, Edge, Safari, Firefox"}],"tags":[],"tags_disable_links":"0","hide_more_platforms":"","video_object":"","demo_hide_cta":"0","demo_hide_cloud_options":"0","pricing_title":"","pricing":[{"pricing_icon":"platform","pricing_title":"Elfsight Apps","pricing_title_caption":"Soluci\u00f3n digital independiente de la plataforma","pricing_price":"desde $0 \/ mes","pricing_price_caption":"comienza con el plan gratuito","pricing_benefits":[{"text":"Dominios ilimitados"},{"text":"Atenci\u00f3n al cliente dedicada"},{"text":"Soporte de instalaci\u00f3n gratuito"},{"text":"Dise\u00f1o flexible"}],"pricing_button_text":"A\u00f1adir al sitio web","pricing_button_url":"#demo"}],"related_apps_title":"","related_apps_hidden":"0","author":"","image":[],"title":"","job":"","social_networks":[]},"_links":{"self":[{"href":"https:\/\/elfsight.com\/es\/wp-json\/wp\/v2\/pages\/8634","targetHints":{"allow":["GET"]}}],"collection":[{"href":"https:\/\/elfsight.com\/es\/wp-json\/wp\/v2\/pages"}],"about":[{"href":"https:\/\/elfsight.com\/es\/wp-json\/wp\/v2\/types\/page"}],"author":[{"embeddable":true,"href":"https:\/\/elfsight.com\/es\/wp-json\/wp\/v2\/users\/9"}],"replies":[{"embeddable":true,"href":"https:\/\/elfsight.com\/es\/wp-json\/wp\/v2\/comments?post=8634"}],"version-history":[{"count":3,"href":"https:\/\/elfsight.com\/es\/wp-json\/wp\/v2\/pages\/8634\/revisions"}],"predecessor-version":[{"id":18451,"href":"https:\/\/elfsight.com\/es\/wp-json\/wp\/v2\/pages\/8634\/revisions\/18451"}],"up":[{"embeddable":true,"href":"https:\/\/elfsight.com\/es\/wp-json\/wp\/v2\/pages\/521"}],"wp:attachment":[{"href":"https:\/\/elfsight.com\/es\/wp-json\/wp\/v2\/media?parent=8634"}],"curies":[{"name":"wp","href":"https:\/\/api.w.org\/{rel}","templated":true}]}}