{"id":8628,"date":"1970-01-01T00:00:00","date_gmt":"1970-01-01T00:00:00","guid":{"rendered":"https:\/\/elfsight.com\/es\/?page_id=8628"},"modified":"2025-02-06T15:34:35","modified_gmt":"2025-02-06T15:34:35","slug":"drupal","status":"publish","type":"page","link":"https:\/\/elfsight.com\/es\/amazon-reviews-widget\/drupal\/","title":{"rendered":"Amazon Reviews &#8211; Drupal"},"content":{"rendered":"<div class=\"application-platform-content-item-description application-platform-content-item\" id=\"description\" data-nav-section=\"description\"><h2>Descripci\u00f3n<\/h2><p>El m\u00f3dulo Elfsight de Amazon es el m\u00e9todo m\u00e1s sencillo para construir la representaci\u00f3n de su marca al demostrar la opini\u00f3n real de los visitantes sobre sus productos. Muestra solo las mejores o m\u00e1s significativas reacciones y organ\u00edzalas como quieras. Obtenga pruebas sociales mostr\u00e1ndole a su audiencia que es un socio confiable.<\/p><p><b>\u00a1Inspire a los usuarios a publicar nuevas rese\u00f1as sobre su negocio y mejore las conversaciones con los clientes!<\/b><\/p><\/div><div class=\"application-platform-content-item-features application-platform-content-item\" id=\"features\" data-nav-section=\"features\"><h2>Caracter\u00edsticas<\/h2><p>Para obtener una mejor percepci\u00f3n de las rese\u00f1as de Amazon, examine la lista de sus funciones principales. Hacen que nuestro widget sea realmente eficiente para usted:<\/p><ul><li>3 filtros predefinidos: por tipo, excluir por y cantidad de rese\u00f1as para mostrar;<\/li><li>Cuatro tipos de dise\u00f1os: Lista, Cuadr\u00edcula, Mamposter\u00eda y Control deslizante;<\/li><li>Una opci\u00f3n para controlar la visualizaci\u00f3n del encabezado del widget;<\/li><li>El bot\u00f3n para solicitar una rese\u00f1a lleva a los usuarios a su p\u00e1gina de Amazon;<\/li><li>Seis elementos ajustables de la interfaz: nombre y foto del autor, texto de recomendaci\u00f3n, fecha, Icono de Amazon y calificaci\u00f3n de estrellas;<\/li><li>Dos variantes de escenarios de rechazo de solicitud de revisi\u00f3n: revelar un mensaje de texto u ocultar el bot\u00f3n;<\/li><\/ul><p><a href=\"#demo\">Para ver m\u00e1s funciones, consulte nuestra demostraci\u00f3n<\/a><\/p><\/div><div class=\"application-platform-content-item-installation application-platform-content-item\" id=\"installation\" data-nav-section=\"installation\"><h2>C\u00f3mo agregar rese\u00f1as del m\u00f3dulo de Amazon a Drupal sitio web<\/h2><p>Simplemente siga las instrucciones a continuaci\u00f3n para activar la herramienta en Drupal.<\/p> <ol><li><b>Emplee nuestra demostraci\u00f3n gratuita y comience a crear sus rese\u00f1as personalizadas del m\u00f3dulo de Amazon. <\/b><br> Encuentre la forma seleccionada y las especificaciones de las Rese\u00f1as de Amazon y guarde las ediciones. <\/li> <li><b>Copia el c\u00f3digo personal que aparece en el formulario especial de Elfsight Apps. <\/b><br> Cuando finalice el establecimiento de su herramienta personal, copie el c\u00f3digo individual en el cuadro que aparece y gu\u00e1rdelo para usarlo en el futuro. <\/li> <li><b>Comience a usar el widget en su sitio Drupal. <\/b><br> Pega el c\u00f3digo que has copiado recientemente en tu p\u00e1gina y aplica las correcciones. <\/li> <li><b>\u00a1Listo! La incrustaci\u00f3n ha finalizado por completo. <\/b><br> Vaya a su sitio web para comprobar c\u00f3mo funciona el m\u00f3dulo. <\/li><\/ol><p>\u00bfA\u00fan no puedes decidirte? \u00bfO tienes preguntas? Simplemente dirija una solicitud a nuestro equipo de soporte; ellos resolver\u00e1n todas las preguntas.<\/p><div class=\"faq\" data-component=\"FAQ\"> <div class=\"faq-item\">\r\n\t\t\t\t\t<div class=\"faq-item-question\">\r\n\t\t\t\t\t\t<h3 class=\"faq-item-question-text\">\u00bfC\u00f3mo puedo agregar rese\u00f1as de Amazon a mi sitio web Drupal sin conocimientos de codificaci\u00f3n?<\/h3>\r\n\r\n\t\t\t\t\t\t<div class=\"faq-item-question-icon\"><\/div>\r\n\t\t\t\t\t<\/div>\r\n\r\n\t\t\t\t\t<div class=\"faq-item-answer\">\r\n\t\t\t\t\t\t<div class=\"faq-item-answer-text\"> <p>Elfsight proporciona una soluci\u00f3n SaaS que le permite crear un widget de rese\u00f1as de Amazon usted mismo. Vea lo f\u00e1cil que es el proceso: trabaje directamente en el editor en l\u00ednea para crear un widget de rese\u00f1as de Amazon que le gustar\u00eda ver en su sitio web Drupal. Elija una de las plantillas predise\u00f1adas y ajuste la configuraci\u00f3n de Rese\u00f1as de Amazon, agregue su contenido, cambie el dise\u00f1o y la combinaci\u00f3n de colores sin conocimientos de codificaci\u00f3n. Guarde las rese\u00f1as de Amazon y copie su c\u00f3digo de instalaci\u00f3n, que puede incluir f\u00e1cilmente en su sitio web Drupal sin comprar una versi\u00f3n paga. Con nuestro editor intuitivo, cualquier usuario de Internet puede crear rese\u00f1as desde el widget de Amazon en l\u00ednea e incrustarlo f\u00e1cilmente en su sitio web Drupal. No es necesario pagar ni ingresar las credenciales de su tarjeta para acceder al servicio. Si tiene alg\u00fan problema en cualquier paso, no dude en ponerse en contacto con nuestro equipo de soporte t\u00e9cnico.<\/p> <\/div>\r\n\t\t\t\t\t<\/div>\r\n\t\t\t\t<\/div> <\/div> <\/div>","protected":false},"excerpt":{"rendered":"","protected":false},"author":9,"featured_media":0,"parent":521,"menu_order":0,"comment_status":"closed","ping_status":"closed","template":"templates\/template-application-platform.php","meta":{"publish_to_discourse":"","publish_post_category":"","wpdc_auto_publish_overridden":"","wpdc_topic_tags":"","wpdc_pin_topic":"","wpdc_pin_until":"","discourse_post_id":"","discourse_permalink":"","wpdc_publishing_response":"","wpdc_publishing_error":"","footnotes":""},"class_list":["post-8628","page","type-page","status-publish","hentry"],"yoast_head":"<!-- This site is optimized with the Yoast SEO plugin v25.3.1 - https:\/\/yoast.com\/wordpress\/plugins\/seo\/ -->\n<title>Rese\u00f1as de Amazon | Incrustar el m\u00f3dulo de Amazon en el sitio web de Drupal<\/title>\n<meta name=\"description\" content=\"Cree su m\u00f3dulo Reviews from Amazon e ins\u00e9rtelo en el sitio web de Drupal en poco tiempo. Contamos con soporte al cliente gratuito y m\u00e1s bonos para los usuarios.\" \/>\n<meta name=\"robots\" content=\"index, follow, max-snippet:-1, max-image-preview:large, max-video-preview:-1\" \/>\n<link rel=\"canonical\" href=\"https:\/\/elfsight.com\/es\/amazon-reviews-widget\/drupal\/\" \/>\n<meta property=\"og:locale\" content=\"es_ES\" \/>\n<meta property=\"og:type\" content=\"article\" \/>\n<meta property=\"og:title\" content=\"Rese\u00f1as de Amazon | Incrustar el m\u00f3dulo de Amazon en el sitio web de Drupal\" \/>\n<meta property=\"og:description\" content=\"Cree su m\u00f3dulo Reviews from Amazon e ins\u00e9rtelo en el sitio web de Drupal en poco tiempo. Contamos con soporte al cliente gratuito y m\u00e1s bonos para los usuarios.\" \/>\n<meta property=\"og:url\" content=\"https:\/\/elfsight.com\/es\/amazon-reviews-widget\/drupal\/\" \/>\n<meta property=\"og:site_name\" content=\"Elfsight ES\" \/>\n<meta property=\"article:modified_time\" content=\"2025-02-06T15:34:35+00:00\" \/>\n<meta name=\"twitter:card\" content=\"summary_large_image\" \/>\n<meta name=\"twitter:label1\" content=\"Tiempo de lectura\" \/>\n\t<meta name=\"twitter:data1\" content=\"3 minutos\" \/>\n<!-- \/ Yoast SEO plugin. -->","yoast_head_json":{"title":"Rese\u00f1as de Amazon | Incrustar el m\u00f3dulo de Amazon en el sitio web de Drupal","description":"Cree su m\u00f3dulo Reviews from Amazon e ins\u00e9rtelo en el sitio web de Drupal en poco tiempo. Contamos con soporte al cliente gratuito y m\u00e1s bonos para los usuarios.","robots":{"index":"index","follow":"follow","max-snippet":"max-snippet:-1","max-image-preview":"max-image-preview:large","max-video-preview":"max-video-preview:-1"},"canonical":"https:\/\/elfsight.com\/es\/amazon-reviews-widget\/drupal\/","og_locale":"es_ES","og_type":"article","og_title":"Rese\u00f1as de Amazon | Incrustar el m\u00f3dulo de Amazon en el sitio web de Drupal","og_description":"Cree su m\u00f3dulo Reviews from Amazon e ins\u00e9rtelo en el sitio web de Drupal en poco tiempo. Contamos con soporte al cliente gratuito y m\u00e1s bonos para los usuarios.","og_url":"https:\/\/elfsight.com\/es\/amazon-reviews-widget\/drupal\/","og_site_name":"Elfsight ES","article_modified_time":"2025-02-06T15:34:35+00:00","twitter_card":"summary_large_image","twitter_misc":{"Tiempo de lectura":"3 minutos"},"schema":{"@context":"https:\/\/schema.org","@graph":[{"@type":"WebPage","@id":"https:\/\/elfsight.com\/es\/amazon-reviews-widget\/drupal\/","url":"https:\/\/elfsight.com\/es\/amazon-reviews-widget\/drupal\/","name":"Rese\u00f1as de Amazon | Incrustar el m\u00f3dulo de Amazon en el sitio web de Drupal","isPartOf":{"@id":"https:\/\/elfsight.com\/es\/#website"},"datePublished":"1970-01-01T00:00:00+00:00","dateModified":"2025-02-06T15:34:35+00:00","description":"Cree su m\u00f3dulo Reviews from Amazon e ins\u00e9rtelo en el sitio web de Drupal en poco tiempo. Contamos con soporte al cliente gratuito y m\u00e1s bonos para los usuarios.","breadcrumb":{"@id":"https:\/\/elfsight.com\/es\/amazon-reviews-widget\/drupal\/#breadcrumb"},"inLanguage":"es","potentialAction":[{"@type":"ReadAction","target":["https:\/\/elfsight.com\/es\/amazon-reviews-widget\/drupal\/"]}]},{"@type":"BreadcrumbList","@id":"https:\/\/elfsight.com\/es\/amazon-reviews-widget\/drupal\/#breadcrumb","itemListElement":[{"@type":"ListItem","position":1,"name":"Home","item":"https:\/\/elfsight.com\/es\/"},{"@type":"ListItem","position":2,"name":"Amazon Reviews","item":"https:\/\/elfsight.com\/es\/amazon-reviews-widget\/"},{"@type":"ListItem","position":3,"name":"Amazon Reviews &#8211; Drupal"}]},{"@type":"WebSite","@id":"https:\/\/elfsight.com\/es\/#website","url":"https:\/\/elfsight.com\/es\/","name":"Elfsight ES","description":"Just another Elfsight Sites site","potentialAction":[{"@type":"SearchAction","target":{"@type":"EntryPoint","urlTemplate":"https:\/\/elfsight.com\/es\/?s={search_term_string}"},"query-input":{"@type":"PropertyValueSpecification","valueRequired":true,"valueName":"search_term_string"}}],"inLanguage":"es"}]}},"meta_box":{"industry":"","seo_heading":"","heading":"","description":"","cta_heading":"","cta_description":"","application":"520","h1":"Rese\u00f1as del m\u00f3dulo de Amazon para Drupal","h1_caption":"Muestre rese\u00f1as de sus productos de Amazon directamente en su sitio","application_category":[],"applications_title":"","applications_request_title":"","applications_request_button_text":"","hero_text":"","hero_video":"","hero_video_schema_markup":"","selling_points_title":"","selling_points_caption":"","selling_points":[],"selling_points_cta_text":"","features_title":"","features":"","ed_cta_examples_text":"","ed_cta_examples_hidden":"","ed_cta_demo_text":"","ed_cta_demo_hidden":"","why_caption":"","why_editor_title":"","why_editor_text":"","why_team_title":"","why_team_text":"","why_service_title":"","why_service_text":"","template_catalog_visible":"0","template_catalog_title":"","template_catalog_text":"","template_catalog_categories_visible":"","demo_title":"Crea tu m\u00f3dulo de Rese\u00f1as de Amazon","demo_caption":"\u00a1Configure sus rese\u00f1as de Amazon y agr\u00e9guelas a su sitio web Drupal de forma gratuita!","default_faq_hidden":"","app_template_category":[],"platform":"2161","template_public_id":"","codecanyon_url":"","codecanyon_item_id":"","codecanyon_price":"","pricing_caption":"","pricing_elfsight_apps_hide_column":"","pricing_elfsight_apps_url":"","pricing_codecanyon_price_caption":"","integration_category":[],"integration_request_title":"","integration_request_cta":"","integration_platform":"","integrations":[],"platform_category":[],"video_schema_markup":"","price":"desde $0 \/ mes","trial":"","benefits":[{"text":"Servicio de instalaci\u00f3n gratuito"},{"text":"Atenci\u00f3n al cliente competente"},{"text":"Garant\u00eda de devoluci\u00f3n de dinero de 14 d\u00edas"},{"text":"Actualizaciones peri\u00f3dicas"}],"button_url":"#demo","button_target_blank":"0","button_nofollow":"0","attributes":[{"name":"Instalaciones","content":"10,000 - 100,000"},{"name":"Sensible","content":"S\u00ed"},{"name":"Navegadores compatibles","content":"Firefox, Safari, Opera, Chrome, Edge"}],"tags":[],"tags_disable_links":"0","hide_more_platforms":"","video_object":"","demo_hide_cta":"0","demo_hide_cloud_options":"0","pricing_title":"","pricing":[{"pricing_icon":"platform","pricing_title":"Elfsight Apps","pricing_title_caption":"Versi\u00f3n multiplataforma que se adapta a cualquier sitio web.","pricing_price":"desde $0 \/ mes","pricing_price_caption":"comienza con el plan gratuito","pricing_benefits":[{"text":"Sitios web ilimitados"},{"text":"Soporte empresarial dedicado"},{"text":"Ayuda de instalaci\u00f3n gratuita"},{"text":"Precio a alcanzar para m\u00faltiples aplicaciones"}],"pricing_button_text":"A\u00f1adir al sitio web","pricing_button_url":"#demo"}],"related_apps_title":"","related_apps_hidden":"0","author":"","image":[],"title":"","job":"","social_networks":[]},"_links":{"self":[{"href":"https:\/\/elfsight.com\/es\/wp-json\/wp\/v2\/pages\/8628","targetHints":{"allow":["GET"]}}],"collection":[{"href":"https:\/\/elfsight.com\/es\/wp-json\/wp\/v2\/pages"}],"about":[{"href":"https:\/\/elfsight.com\/es\/wp-json\/wp\/v2\/types\/page"}],"author":[{"embeddable":true,"href":"https:\/\/elfsight.com\/es\/wp-json\/wp\/v2\/users\/9"}],"replies":[{"embeddable":true,"href":"https:\/\/elfsight.com\/es\/wp-json\/wp\/v2\/comments?post=8628"}],"version-history":[{"count":3,"href":"https:\/\/elfsight.com\/es\/wp-json\/wp\/v2\/pages\/8628\/revisions"}],"predecessor-version":[{"id":18453,"href":"https:\/\/elfsight.com\/es\/wp-json\/wp\/v2\/pages\/8628\/revisions\/18453"}],"up":[{"embeddable":true,"href":"https:\/\/elfsight.com\/es\/wp-json\/wp\/v2\/pages\/521"}],"wp:attachment":[{"href":"https:\/\/elfsight.com\/es\/wp-json\/wp\/v2\/media?parent=8628"}],"curies":[{"name":"wp","href":"https:\/\/api.w.org\/{rel}","templated":true}]}}