{"id":8626,"date":"1970-01-01T00:00:00","date_gmt":"1970-01-01T00:00:00","guid":{"rendered":"https:\/\/elfsight.com\/es\/?page_id=8626"},"modified":"2025-02-06T15:34:43","modified_gmt":"2025-02-06T15:34:43","slug":"bigcommerce","status":"publish","type":"page","link":"https:\/\/elfsight.com\/es\/amazon-reviews-widget\/bigcommerce\/","title":{"rendered":"Amazon Reviews &#8211; BigCommerce"},"content":{"rendered":"<div class=\"application-platform-content-item-description application-platform-content-item\" id=\"description\" data-nav-section=\"description\"><h2>Descripci\u00f3n<\/h2><p>La aplicaci\u00f3n Elfsight Reviews de Amazon es la forma m\u00e1s sencilla de formar la imagen de su empresa al mostrar opiniones de clientes reales sobre sus productos. Muestre solo las mejores rese\u00f1as o las m\u00e1s significativas y organ\u00edcelas como desee. Obtenga resultados con pruebas sociales mostrando a sus clientes que es un socio confiable.<\/p><p><b>\u00a1Inspire a los usuarios a publicar nuevas rese\u00f1as sobre sus productos y mejore las conversaciones con los clientes!<\/b><\/p><div class=\"faq\" data-component=\"FAQ\"><div class=\"faq-item\">\r\n\t\t\t\t\t<div class=\"faq-item-question\">\r\n\t\t\t\t\t\t<h3 class=\"faq-item-question-text\">\u00bfPuedo insertar las rese\u00f1as de mis clientes de Amazon en mi sitio web de BigCommerce?<\/h3>\r\n\r\n\t\t\t\t\t\t<div class=\"faq-item-question-icon\"><\/div>\r\n\t\t\t\t\t<\/div>\r\n\r\n\t\t\t\t\t<div class=\"faq-item-answer\">\r\n\t\t\t\t\t\t<div class=\"faq-item-answer-text\"><p>Simplemente cree su complemento, luego modifique su estilo y guarde los cambios. Copie el c\u00f3digo del widget que acaba de crear y agr\u00e9guelo al dise\u00f1o que tiene actualmente. <\/p><\/div>\r\n\t\t\t\t\t<\/div>\r\n\t\t\t\t<\/div><div class=\"faq-item\">\r\n\t\t\t\t\t<div class=\"faq-item-question\">\r\n\t\t\t\t\t\t<h3 class=\"faq-item-question-text\">\u00bfC\u00f3mo obtengo rese\u00f1as de clientes de Amazon para las p\u00e1ginas de mis productos?<\/h3>\r\n\r\n\t\t\t\t\t\t<div class=\"faq-item-question-icon\"><\/div>\r\n\t\t\t\t\t<\/div>\r\n\r\n\t\t\t\t\t<div class=\"faq-item-answer\">\r\n\t\t\t\t\t\t<div class=\"faq-item-answer-text\"><p>Todo lo que necesitas hacer es a trav\u00e9s del bot\u00f3n Escribir una rese\u00f1a. Con un clic del rat\u00f3n, la audiencia del sitio web se transferir\u00e1 directamente a su perfil. <\/p><\/div>\r\n\t\t\t\t\t<\/div>\r\n\t\t\t\t<\/div><div class=\"faq-item\">\r\n\t\t\t\t\t<div class=\"faq-item-question\">\r\n\t\t\t\t\t\t<h3 class=\"faq-item-question-text\">\u00bfC\u00f3mo le doy forma a un complemento de calificaci\u00f3n\/plantilla de insignia de Amazon?<\/h3>\r\n\r\n\t\t\t\t\t\t<div class=\"faq-item-question-icon\"><\/div>\r\n\t\t\t\t\t<\/div>\r\n\r\n\t\t\t\t\t<div class=\"faq-item-answer\">\r\n\t\t\t\t\t\t<div class=\"faq-item-answer-text\"><p>Lea todos los puntos de la sencilla gu\u00eda a continuaci\u00f3n: <\/p><ol><li>Administre nuestro configurador y comience a crear su propio widget. <\/li> <li>Configure las funciones del widget y guarde los ajustes necesarios. <\/li><li>Adquiere tu c\u00f3digo individual que se muestra en la notificaci\u00f3n. <\/li> <li>Integre el c\u00f3digo del widget en su p\u00e1gina web y gu\u00e1rdelo. <\/li><li> Ha instalado sin problemas la herramienta en el sitio. <\/li><\/div>\r\n\t\t\t\t\t<\/div>\r\n\t\t\t\t<\/div><\/div><\/div><div class=\"application-platform-content-item-features application-platform-content-item\" id=\"features\" data-nav-section=\"features\"><h2>Caracter\u00edsticas<\/h2><p>Para comprender claramente las rese\u00f1as de Amazon, consulte la lista de las funciones m\u00e1s valiosas. Hacen que nuestro widget sea realmente efectivo para usted:<\/p><ul><li>3 filtros listos para usar: por tipo, excluir por y cantidad de rese\u00f1as para mostrar;<\/li><li>Cuatro dise\u00f1os disponibles: Lista, Cuadr\u00edcula, Mamposter\u00eda y Control deslizante;<\/li><li>Una oportunidad para mostrar u ocultar el encabezado del widget;<\/li><li>El bot\u00f3n para solicitar una rese\u00f1a lleva a las personas a su p\u00e1gina de Amazon;<\/li><li>Seis elementos flexibles de las rese\u00f1as: nombre e imagen del autor, recomendaci\u00f3n texto, fecha, icono de Amazon y calificaci\u00f3n de estrellas;<\/li><li>Dos escenarios posibles despu\u00e9s del rechazo de la solicitud de revisi\u00f3n: mostrar su mensaje o eliminar el bot\u00f3n;<\/li><\/ul><p><a href=\"#demo\">Consulte una lista completa de funciones en nuestra demostraci\u00f3n<\/a><\/p><\/div><div class=\"application-platform-content-item-installation application-platform-content-item\" id=\"installation\" data-nav-section=\"installation\"><h2>C\u00f3mo agregar rese\u00f1as de la aplicaci\u00f3n de Amazon a BigCommerce sitio web<\/h2><p>Simplemente siga las instrucciones a continuaci\u00f3n para comenzar a usar el widget en BigCommerce.<\/p> <ol><li><b>Emplee nuestro configurador gratuito y comience a crear su aplicaci\u00f3n personalizada. <\/b><br> Especifique la forma y las opciones deseadas de la herramienta y aplique las correcciones. <\/li> <li><b>Adquiera su c\u00f3digo individual revelado en la ventana de Elfsight Apps. <\/b><br> Inmediatamente despu\u00e9s de que se complete la generaci\u00f3n de su widget Rese\u00f1as de Amazon, copie el c\u00f3digo personal en el cuadro que aparece y gu\u00e1rdelo para futuras necesidades. <\/li> <li><b>Comience a utilizar el widget en su sitio web de BigCommerce. <\/b><br>Integre el c\u00f3digo guardado anteriormente en su sitio y aplique las mejoras. <\/li> <li><b>La instalaci\u00f3n ha finalizado por completo. <\/b><br> Visite su sitio para ver c\u00f3mo funciona el widget. <\/li><\/ol><p>\u00bfA\u00fan tienes dudas? \u00bfO tropez\u00f3 con algo? Simplemente env\u00ede una solicitud a nuestro servicio de atenci\u00f3n al cliente. Resolveremos cualquier problema.<\/p><\/div>","protected":false},"excerpt":{"rendered":"","protected":false},"author":9,"featured_media":0,"parent":521,"menu_order":0,"comment_status":"closed","ping_status":"closed","template":"templates\/template-application-platform.php","meta":{"publish_to_discourse":"","publish_post_category":"","wpdc_auto_publish_overridden":"","wpdc_topic_tags":"","wpdc_pin_topic":"","wpdc_pin_until":"","discourse_post_id":"","discourse_permalink":"","wpdc_publishing_response":"","wpdc_publishing_error":"","footnotes":""},"class_list":["post-8626","page","type-page","status-publish","hentry"],"yoast_head":"<!-- This site is optimized with the Yoast SEO plugin v25.3.1 - https:\/\/yoast.com\/wordpress\/plugins\/seo\/ -->\n<title>Rese\u00f1as de Amazon | Agregue la aplicaci\u00f3n Reviews from Amazon en el sitio web de BigCommerce<\/title>\n<meta name=\"description\" content=\"Con Elfsight, d\u00e9 forma a su widget de Rese\u00f1as de Amazon y publ\u00edquelo r\u00e1pidamente en su sitio web de BigCommerce. Ofrecemos atenci\u00f3n al cliente gratuita y otras bonificaciones.\" \/>\n<meta name=\"robots\" content=\"index, follow, max-snippet:-1, max-image-preview:large, max-video-preview:-1\" \/>\n<link rel=\"canonical\" href=\"https:\/\/elfsight.com\/es\/amazon-reviews-widget\/bigcommerce\/\" \/>\n<meta property=\"og:locale\" content=\"es_ES\" \/>\n<meta property=\"og:type\" content=\"article\" \/>\n<meta property=\"og:title\" content=\"Rese\u00f1as de Amazon | Agregue la aplicaci\u00f3n Reviews from Amazon en el sitio web de BigCommerce\" \/>\n<meta property=\"og:description\" content=\"Con Elfsight, d\u00e9 forma a su widget de Rese\u00f1as de Amazon y publ\u00edquelo r\u00e1pidamente en su sitio web de BigCommerce. Ofrecemos atenci\u00f3n al cliente gratuita y otras bonificaciones.\" \/>\n<meta property=\"og:url\" content=\"https:\/\/elfsight.com\/es\/amazon-reviews-widget\/bigcommerce\/\" \/>\n<meta property=\"og:site_name\" content=\"Elfsight ES\" \/>\n<meta property=\"article:modified_time\" content=\"2025-02-06T15:34:43+00:00\" \/>\n<meta name=\"twitter:card\" content=\"summary_large_image\" \/>\n<meta name=\"twitter:label1\" content=\"Tiempo de lectura\" \/>\n\t<meta name=\"twitter:data1\" content=\"3 minutos\" \/>\n<!-- \/ Yoast SEO plugin. -->","yoast_head_json":{"title":"Rese\u00f1as de Amazon | Agregue la aplicaci\u00f3n Reviews from Amazon en el sitio web de BigCommerce","description":"Con Elfsight, d\u00e9 forma a su widget de Rese\u00f1as de Amazon y publ\u00edquelo r\u00e1pidamente en su sitio web de BigCommerce. Ofrecemos atenci\u00f3n al cliente gratuita y otras bonificaciones.","robots":{"index":"index","follow":"follow","max-snippet":"max-snippet:-1","max-image-preview":"max-image-preview:large","max-video-preview":"max-video-preview:-1"},"canonical":"https:\/\/elfsight.com\/es\/amazon-reviews-widget\/bigcommerce\/","og_locale":"es_ES","og_type":"article","og_title":"Rese\u00f1as de Amazon | Agregue la aplicaci\u00f3n Reviews from Amazon en el sitio web de BigCommerce","og_description":"Con Elfsight, d\u00e9 forma a su widget de Rese\u00f1as de Amazon y publ\u00edquelo r\u00e1pidamente en su sitio web de BigCommerce. Ofrecemos atenci\u00f3n al cliente gratuita y otras bonificaciones.","og_url":"https:\/\/elfsight.com\/es\/amazon-reviews-widget\/bigcommerce\/","og_site_name":"Elfsight ES","article_modified_time":"2025-02-06T15:34:43+00:00","twitter_card":"summary_large_image","twitter_misc":{"Tiempo de lectura":"3 minutos"},"schema":{"@context":"https:\/\/schema.org","@graph":[{"@type":"WebPage","@id":"https:\/\/elfsight.com\/es\/amazon-reviews-widget\/bigcommerce\/","url":"https:\/\/elfsight.com\/es\/amazon-reviews-widget\/bigcommerce\/","name":"Rese\u00f1as de Amazon | Agregue la aplicaci\u00f3n Reviews from Amazon en el sitio web de BigCommerce","isPartOf":{"@id":"https:\/\/elfsight.com\/es\/#website"},"datePublished":"1970-01-01T00:00:00+00:00","dateModified":"2025-02-06T15:34:43+00:00","description":"Con Elfsight, d\u00e9 forma a su widget de Rese\u00f1as de Amazon y publ\u00edquelo r\u00e1pidamente en su sitio web de BigCommerce. Ofrecemos atenci\u00f3n al cliente gratuita y otras bonificaciones.","breadcrumb":{"@id":"https:\/\/elfsight.com\/es\/amazon-reviews-widget\/bigcommerce\/#breadcrumb"},"inLanguage":"es","potentialAction":[{"@type":"ReadAction","target":["https:\/\/elfsight.com\/es\/amazon-reviews-widget\/bigcommerce\/"]}]},{"@type":"BreadcrumbList","@id":"https:\/\/elfsight.com\/es\/amazon-reviews-widget\/bigcommerce\/#breadcrumb","itemListElement":[{"@type":"ListItem","position":1,"name":"Home","item":"https:\/\/elfsight.com\/es\/"},{"@type":"ListItem","position":2,"name":"Amazon Reviews","item":"https:\/\/elfsight.com\/es\/amazon-reviews-widget\/"},{"@type":"ListItem","position":3,"name":"Amazon Reviews &#8211; BigCommerce"}]},{"@type":"WebSite","@id":"https:\/\/elfsight.com\/es\/#website","url":"https:\/\/elfsight.com\/es\/","name":"Elfsight ES","description":"Just another Elfsight Sites site","potentialAction":[{"@type":"SearchAction","target":{"@type":"EntryPoint","urlTemplate":"https:\/\/elfsight.com\/es\/?s={search_term_string}"},"query-input":{"@type":"PropertyValueSpecification","valueRequired":true,"valueName":"search_term_string"}}],"inLanguage":"es"}]}},"meta_box":{"industry":"","seo_heading":"","heading":"","description":"","cta_heading":"","cta_description":"","application":"520","h1":"Rese\u00f1as de la aplicaci\u00f3n de Amazon para BigCommerce","h1_caption":"Muestre rese\u00f1as de sus productos de Amazon en su sitio","application_category":[],"applications_title":"","applications_request_title":"","applications_request_button_text":"","hero_text":"","hero_video":"","hero_video_schema_markup":"","selling_points_title":"","selling_points_caption":"","selling_points":[],"selling_points_cta_text":"","features_title":"","features":"","ed_cta_examples_text":"","ed_cta_examples_hidden":"","ed_cta_demo_text":"","ed_cta_demo_hidden":"","why_caption":"","why_editor_title":"","why_editor_text":"","why_team_title":"","why_team_text":"","why_service_title":"","why_service_text":"","template_catalog_visible":"0","template_catalog_title":"","template_catalog_text":"","template_catalog_categories_visible":"","demo_title":"Crea tu aplicaci\u00f3n de rese\u00f1as de Amazon","demo_caption":"\u00a1Configure sus rese\u00f1as de Amazon y agr\u00e9guelas a su sitio web de BigCommerce gratis!","default_faq_hidden":"","app_template_category":[],"platform":"33","template_public_id":"","codecanyon_url":"","codecanyon_item_id":"","codecanyon_price":"","pricing_caption":"","pricing_elfsight_apps_hide_column":"","pricing_elfsight_apps_url":"","pricing_codecanyon_price_caption":"","integration_category":[],"integration_request_title":"","integration_request_cta":"","integration_platform":"","integrations":[],"platform_category":[],"video_schema_markup":"","price":"desde $0 \/ mes","trial":"","benefits":[{"text":"Ayuda de instalaci\u00f3n gratuita"},{"text":"Atenci\u00f3n al cliente experimentada"},{"text":"Garant\u00eda de reembolso de 14 d\u00edas"},{"text":"Actualizaciones continuas"}],"button_url":"#demo","button_target_blank":"0","button_nofollow":"0","attributes":[{"name":"Instalaciones","content":"10,000 - 100,000"},{"name":"Sensible","content":"S\u00ed"},{"name":"Navegadores compatibles","content":"Firefox, Safari, Opera, Chrome, Edge"}],"tags":[],"tags_disable_links":"0","hide_more_platforms":"","video_object":"","demo_hide_cta":"0","demo_hide_cloud_options":"0","pricing_title":"","pricing":[{"pricing_icon":"platform","pricing_title":"Elfsight Apps","pricing_title_caption":"Soluci\u00f3n digital multiplataforma que se adapta a cualquier sitio web","pricing_price":"desde $0 \/ mes","pricing_price_caption":"comienza con el plan gratuito","pricing_benefits":[{"text":"Dominios ilimitados"},{"text":"Soporte r\u00e1pido y puntual"},{"text":"Servicio de instalaci\u00f3n gratuito"},{"text":"100% personalizable"}],"pricing_button_text":"A\u00f1adir al sitio web","pricing_button_url":"#demo"}],"related_apps_title":"","related_apps_hidden":"0","author":"","image":[],"title":"","job":"","social_networks":[]},"_links":{"self":[{"href":"https:\/\/elfsight.com\/es\/wp-json\/wp\/v2\/pages\/8626","targetHints":{"allow":["GET"]}}],"collection":[{"href":"https:\/\/elfsight.com\/es\/wp-json\/wp\/v2\/pages"}],"about":[{"href":"https:\/\/elfsight.com\/es\/wp-json\/wp\/v2\/types\/page"}],"author":[{"embeddable":true,"href":"https:\/\/elfsight.com\/es\/wp-json\/wp\/v2\/users\/9"}],"replies":[{"embeddable":true,"href":"https:\/\/elfsight.com\/es\/wp-json\/wp\/v2\/comments?post=8626"}],"version-history":[{"count":3,"href":"https:\/\/elfsight.com\/es\/wp-json\/wp\/v2\/pages\/8626\/revisions"}],"predecessor-version":[{"id":18455,"href":"https:\/\/elfsight.com\/es\/wp-json\/wp\/v2\/pages\/8626\/revisions\/18455"}],"up":[{"embeddable":true,"href":"https:\/\/elfsight.com\/es\/wp-json\/wp\/v2\/pages\/521"}],"wp:attachment":[{"href":"https:\/\/elfsight.com\/es\/wp-json\/wp\/v2\/media?parent=8626"}],"curies":[{"name":"wp","href":"https:\/\/api.w.org\/{rel}","templated":true}]}}