{"id":8619,"date":"1970-01-01T00:00:00","date_gmt":"1970-01-01T00:00:00","guid":{"rendered":"https:\/\/elfsight.com\/es\/?page_id=8619"},"modified":"2025-02-06T15:34:43","modified_gmt":"2025-02-06T15:34:43","slug":"woocommerce","status":"publish","type":"page","link":"https:\/\/elfsight.com\/es\/back-to-top-widget\/woocommerce\/","title":{"rendered":"Back to Top &#8211; WooCommerce"},"content":{"rendered":"<div class=\"application-platform-content-item-description application-platform-content-item\" id=\"description\" data-nav-section=\"description\"> <h2>Descripci\u00f3n<\/h2> <p> Volver al principio es un complemento sencillo para WooCommerce que permite a los visitantes del sitio regresar r\u00e1pida y f\u00e1cilmente a la parte superior de su sitio web despu\u00e9s de desplazarse por p\u00e1ginas largas. Los usuarios de su p\u00e1gina web ya no necesitar\u00e1n buscar el bot\u00f3n Inicio y arrastrar la barra de desplazamiento por la p\u00e1gina. La herramienta Volver al principio se puede personalizar seg\u00fan sus necesidades: h\u00e1gala cuadrada o redonda, cambie su color, tama\u00f1o y col\u00f3quela en cualquier lugar de su sitio web para mejorar la experiencia del usuario. El bot\u00f3n se puede demostrar en cualquier tipo de dispositivo, desde dispositivos m\u00f3viles hasta computadoras de escritorio. <\/p> <p><b>Utilice un widget m\u00e1s conveniente para volver al principio para mantener una experiencia de usuario maravillosa<\/b><\/p> <\/div> <div class=\"application-platform-content-item-features application-platform-content-item\" id=\"features\" data-nav-section=\"features\"> <h2>Estas son solo algunas de las muchas funciones del complemento: <\/h2> <ul><li>Cambiar el color del bot\u00f3n<\/li><li>Incrustar el widget en: todas las p\u00e1ginas, peculiares o excluidas ones<\/li><li>Establece la velocidad de desplazamiento<\/li><li>Ocho posiciones de botones para que elijas<\/li><li>2 grupos de botones: flotantes o incrustados<\/li><\/ul><p><a href=\"#demo\">Puedes conocer todas las capacidades del complemento en la demostraci\u00f3n de esta p\u00e1gina<\/a><\/p> <\/div> <div class=\"application-platform-content-item-installation application-platform-content-item\" id=\"installation\" data-nav-section=\"installation\"> <h2>C\u00f3mo incrustar \u00bfVolver al principio en mi sitio web WooCommerce? <\/h2> <p>Simplemente siga las pautas a continuaci\u00f3n para activar el widget. <\/p> <ol><li><b>Aplicando nuestra demostraci\u00f3n gratuita, comience a crear su complemento personalizado. <\/b><br> Elija la forma personalizada y los aspectos del complemento y aplique las ediciones. <\/li> <li><b>Reciba su c\u00f3digo personal que se muestra en la ventana de Elfsight Apps. <\/b><br> Inmediatamente despu\u00e9s de finalizar la configuraci\u00f3n de su complemento personal, copie el c\u00f3digo personal en el cuadro que aparece y gu\u00e1rdelo para futuras necesidades. <\/li> <li><b>Comience a utilizar la herramienta en el sitio WooCommerce. <\/b><br> Pegue el c\u00f3digo guardado anteriormente en su p\u00e1gina y guarde las correcciones. <\/li> <li><b>La instalaci\u00f3n ha finalizado por completo. <\/b><br>Vaya a su p\u00e1gina web para revisar el rendimiento del complemento. <\/li><\/ol> <p>Con la condici\u00f3n de resolver preguntas o superar cualquier obst\u00e1culo, no dudes en comunicarte con nuestro equipo de soporte. Nuestra gente est\u00e1 ansiosa por resolver todas las dudas que puedas tener con el widget. <\/p> <\/div><div class=\"faq\" data-component=\"FAQ\"><div class=\"faq-item\">\r\n\t\t\t\t\t<div class=\"faq-item-question\">\r\n\t\t\t\t\t\t<h3 class=\"faq-item-question-text\">\u00bfDe qu\u00e9 manera agrego un Volver al principio al sitio WooCommerce?<\/h3>\r\n\r\n\t\t\t\t\t\t<div class=\"faq-item-question-icon\"><\/div>\r\n\t\t\t\t\t<\/div>\r\n\r\n\t\t\t\t\t<div class=\"faq-item-answer\">\r\n\t\t\t\t\t\t<div class=\"faq-item-answer-text\"><p>La creaci\u00f3n del widget se lleva a cabo en las p\u00e1ginas de Elfsight y no es necesario aprender a codificar. Utilice la demostraci\u00f3n en l\u00ednea para crear su aplicaci\u00f3n personal, obtenga el c\u00f3digo e int\u00e9grelo en su sitio web. <\/p><\/div>\r\n\t\t\t\t\t<\/div>\r\n\t\t\t\t<\/div><div class=\"faq-item\">\r\n\t\t\t\t\t<div class=\"faq-item-question\">\r\n\t\t\t\t\t\t<h3 class=\"faq-item-question-text\">Los mejores ejemplos de uso de la integraci\u00f3n de desplazamiento hacia arriba<\/h3>\r\n\r\n\t\t\t\t\t\t<div class=\"faq-item-question-icon\"><\/div>\r\n\t\t\t\t\t<\/div>\r\n\r\n\t\t\t\t\t<div class=\"faq-item-answer\">\r\n\t\t\t\t\t\t<div class=\"faq-item-answer-text\"><p>Le brindamos una gran cantidad de oportunidades de personalizaci\u00f3n: widgets completos para implementar en la zona de contenido, widgets flotantes con funci\u00f3n de desplazamiento, miniaturas para el pie de p\u00e1gina de su sitio web, encabezado y todo tipo de opciones verticales para barras laterales y men\u00fas del sitio web. <\/p><\/div>\r\n\t\t\t\t\t<\/div>\r\n\t\t\t\t<\/div><div class=\"faq-item\">\r\n\t\t\t\t\t<div class=\"faq-item-question\">\r\n\t\t\t\t\t\t<h3 class=\"faq-item-question-text\">\u00bfC\u00f3mo creo un bot\u00f3n de desplazamiento superior o un enlace al bot\u00f3n superior a trav\u00e9s de la agencia de su editor?<\/h3>\r\n\r\n\t\t\t\t\t\t<div class=\"faq-item-question-icon\"><\/div>\r\n\t\t\t\t\t<\/div>\r\n\r\n\t\t\t\t\t<div class=\"faq-item-answer\">\r\n\t\t\t\t\t\t<div class=\"faq-item-answer-text\"><p>Puede realizar modificaciones en cualquier widget. Hay un mont\u00f3n de dise\u00f1os disponibles en el editor y todos ellos se pueden personalizar f\u00e1cilmente seg\u00fan sus necesidades. <\/p><\/div>\r\n\t\t\t\t\t<\/div>\r\n\t\t\t\t<\/div><\/div>","protected":false},"excerpt":{"rendered":"","protected":false},"author":9,"featured_media":0,"parent":543,"menu_order":0,"comment_status":"closed","ping_status":"closed","template":"templates\/template-application-platform.php","meta":{"publish_to_discourse":"","publish_post_category":"","wpdc_auto_publish_overridden":"","wpdc_topic_tags":"","wpdc_pin_topic":"","wpdc_pin_until":"","discourse_post_id":"","discourse_permalink":"","wpdc_publishing_response":"","wpdc_publishing_error":"","footnotes":""},"class_list":["post-8619","page","type-page","status-publish","hentry"],"yoast_head":"<!-- This site is optimized with the Yoast SEO plugin v25.3.1 - https:\/\/yoast.com\/wordpress\/plugins\/seo\/ -->\n<title>Volver al principio: agregue el bot\u00f3n Desplazarse hacia arriba a WooCommerce (gratis y r\u00e1pido)<\/title>\n<meta name=\"description\" content=\"Agregue un widget Volver al principio receptivo en su sitio web WooCommerce sin mucho esfuerzo. Utilice nuestra \u00fatil demostraci\u00f3n para construir su herramienta \u00fanica.\" \/>\n<meta name=\"robots\" content=\"index, follow, max-snippet:-1, max-image-preview:large, max-video-preview:-1\" \/>\n<link rel=\"canonical\" href=\"https:\/\/elfsight.com\/es\/back-to-top-widget\/woocommerce\/\" \/>\n<meta property=\"og:locale\" content=\"es_ES\" \/>\n<meta property=\"og:type\" content=\"article\" \/>\n<meta property=\"og:title\" content=\"Volver al principio: agregue el bot\u00f3n Desplazarse hacia arriba a WooCommerce (gratis y r\u00e1pido)\" \/>\n<meta property=\"og:description\" content=\"Agregue un widget Volver al principio receptivo en su sitio web WooCommerce sin mucho esfuerzo. Utilice nuestra \u00fatil demostraci\u00f3n para construir su herramienta \u00fanica.\" \/>\n<meta property=\"og:url\" content=\"https:\/\/elfsight.com\/es\/back-to-top-widget\/woocommerce\/\" \/>\n<meta property=\"og:site_name\" content=\"Elfsight ES\" \/>\n<meta property=\"article:modified_time\" content=\"2025-02-06T15:34:43+00:00\" \/>\n<meta name=\"twitter:card\" content=\"summary_large_image\" \/>\n<meta name=\"twitter:label1\" content=\"Tiempo de lectura\" \/>\n\t<meta name=\"twitter:data1\" content=\"3 minutos\" \/>\n<!-- \/ Yoast SEO plugin. -->","yoast_head_json":{"title":"Volver al principio: agregue el bot\u00f3n Desplazarse hacia arriba a WooCommerce (gratis y r\u00e1pido)","description":"Agregue un widget Volver al principio receptivo en su sitio web WooCommerce sin mucho esfuerzo. Utilice nuestra \u00fatil demostraci\u00f3n para construir su herramienta \u00fanica.","robots":{"index":"index","follow":"follow","max-snippet":"max-snippet:-1","max-image-preview":"max-image-preview:large","max-video-preview":"max-video-preview:-1"},"canonical":"https:\/\/elfsight.com\/es\/back-to-top-widget\/woocommerce\/","og_locale":"es_ES","og_type":"article","og_title":"Volver al principio: agregue el bot\u00f3n Desplazarse hacia arriba a WooCommerce (gratis y r\u00e1pido)","og_description":"Agregue un widget Volver al principio receptivo en su sitio web WooCommerce sin mucho esfuerzo. Utilice nuestra \u00fatil demostraci\u00f3n para construir su herramienta \u00fanica.","og_url":"https:\/\/elfsight.com\/es\/back-to-top-widget\/woocommerce\/","og_site_name":"Elfsight ES","article_modified_time":"2025-02-06T15:34:43+00:00","twitter_card":"summary_large_image","twitter_misc":{"Tiempo de lectura":"3 minutos"},"schema":{"@context":"https:\/\/schema.org","@graph":[{"@type":"WebPage","@id":"https:\/\/elfsight.com\/es\/back-to-top-widget\/woocommerce\/","url":"https:\/\/elfsight.com\/es\/back-to-top-widget\/woocommerce\/","name":"Volver al principio: agregue el bot\u00f3n Desplazarse hacia arriba a WooCommerce (gratis y r\u00e1pido)","isPartOf":{"@id":"https:\/\/elfsight.com\/es\/#website"},"datePublished":"1970-01-01T00:00:00+00:00","dateModified":"2025-02-06T15:34:43+00:00","description":"Agregue un widget Volver al principio receptivo en su sitio web WooCommerce sin mucho esfuerzo. Utilice nuestra \u00fatil demostraci\u00f3n para construir su herramienta \u00fanica.","breadcrumb":{"@id":"https:\/\/elfsight.com\/es\/back-to-top-widget\/woocommerce\/#breadcrumb"},"inLanguage":"es","potentialAction":[{"@type":"ReadAction","target":["https:\/\/elfsight.com\/es\/back-to-top-widget\/woocommerce\/"]}]},{"@type":"BreadcrumbList","@id":"https:\/\/elfsight.com\/es\/back-to-top-widget\/woocommerce\/#breadcrumb","itemListElement":[{"@type":"ListItem","position":1,"name":"Home","item":"https:\/\/elfsight.com\/es\/"},{"@type":"ListItem","position":2,"name":"Back to Top","item":"https:\/\/elfsight.com\/es\/back-to-top-widget\/"},{"@type":"ListItem","position":3,"name":"Back to Top &#8211; WooCommerce"}]},{"@type":"WebSite","@id":"https:\/\/elfsight.com\/es\/#website","url":"https:\/\/elfsight.com\/es\/","name":"Elfsight ES","description":"Just another Elfsight Sites site","potentialAction":[{"@type":"SearchAction","target":{"@type":"EntryPoint","urlTemplate":"https:\/\/elfsight.com\/es\/?s={search_term_string}"},"query-input":{"@type":"PropertyValueSpecification","valueRequired":true,"valueName":"search_term_string"}}],"inLanguage":"es"}]}},"meta_box":{"industry":"","seo_heading":"","heading":"","description":"","cta_heading":"","cta_description":"","application":"542","h1":"Complemento WooCommerce Volver al principio","h1_caption":"Ofrezca a sus visitantes otra caracter\u00edstica que mejorar\u00e1 el rendimiento de su p\u00e1gina web.","application_category":[],"applications_title":"","applications_request_title":"","applications_request_button_text":"","hero_text":"","hero_video":"","hero_video_schema_markup":"","selling_points_title":"","selling_points_caption":"","selling_points":[],"selling_points_cta_text":"","features_title":"","features":"","ed_cta_examples_text":"","ed_cta_examples_hidden":"","ed_cta_demo_text":"","ed_cta_demo_hidden":"","why_caption":"","why_editor_title":"","why_editor_text":"","why_team_title":"","why_team_text":"","why_service_title":"","why_service_text":"","template_catalog_visible":"","template_catalog_title":"","template_catalog_text":"","template_catalog_categories_visible":"","demo_title":"Crea tu aplicaci\u00f3n Volver al inicio","demo_caption":"\u00a1Configure su Volver al inicio y agr\u00e9guelo a su sitio web WooCommerce de forma gratuita!","default_faq_hidden":"","app_template_category":[],"platform":"2311","template_public_id":"","codecanyon_url":"","codecanyon_item_id":"","codecanyon_price":"","pricing_caption":"","pricing_elfsight_apps_hide_column":"","pricing_elfsight_apps_url":"","pricing_codecanyon_price_caption":"","integration_category":[],"integration_request_title":"","integration_request_cta":"","integration_platform":"","integrations":[],"platform_category":[],"video_schema_markup":"","price":"desde $0 \/ mes","trial":"","benefits":[{"text":"Servicio de instalaci\u00f3n gratuito"},{"text":"Soporte excepcional"},{"text":"Garant\u00eda de reembolso de 14 d\u00edas"},{"text":"Actualizando constantemente"}],"button_url":"#demo","button_target_blank":"","button_nofollow":"","attributes":[{"name":"Instalaciones","content":"10,000 - 100,000"},{"name":"Sensible","content":"S\u00ed"},{"name":"Navegadores compatibles","content":"Firefox, Safari, Opera, Chrome, Edge"}],"tags":[],"tags_disable_links":"","hide_more_platforms":"","video_object":"","demo_hide_cta":"","demo_hide_cloud_options":"","pricing_title":"","pricing":[{"pricing_icon":"platform","pricing_title":"Elfsight Apps","pricing_title_caption":"Versi\u00f3n multiplataforma que funciona en cualquier sitio web.","pricing_price":"desde $0 \/ mes","pricing_price_caption":"comienza con el plan gratuito","pricing_benefits":[{"text":"Sitios web ilimitados"},{"text":"Atenci\u00f3n al cliente premium"},{"text":"Soporte de instalaci\u00f3n gratuito"},{"text":"100% personalizable"}],"pricing_button_text":"A\u00f1adir al sitio web","pricing_button_url":"#demo"}],"related_apps_title":"","related_apps_hidden":"","author":"","image":[],"title":"","job":"","social_networks":[]},"_links":{"self":[{"href":"https:\/\/elfsight.com\/es\/wp-json\/wp\/v2\/pages\/8619","targetHints":{"allow":["GET"]}}],"collection":[{"href":"https:\/\/elfsight.com\/es\/wp-json\/wp\/v2\/pages"}],"about":[{"href":"https:\/\/elfsight.com\/es\/wp-json\/wp\/v2\/types\/page"}],"author":[{"embeddable":true,"href":"https:\/\/elfsight.com\/es\/wp-json\/wp\/v2\/users\/9"}],"replies":[{"embeddable":true,"href":"https:\/\/elfsight.com\/es\/wp-json\/wp\/v2\/comments?post=8619"}],"version-history":[{"count":2,"href":"https:\/\/elfsight.com\/es\/wp-json\/wp\/v2\/pages\/8619\/revisions"}],"predecessor-version":[{"id":18457,"href":"https:\/\/elfsight.com\/es\/wp-json\/wp\/v2\/pages\/8619\/revisions\/18457"}],"up":[{"embeddable":true,"href":"https:\/\/elfsight.com\/es\/wp-json\/wp\/v2\/pages\/543"}],"wp:attachment":[{"href":"https:\/\/elfsight.com\/es\/wp-json\/wp\/v2\/media?parent=8619"}],"curies":[{"name":"wp","href":"https:\/\/api.w.org\/{rel}","templated":true}]}}