{"id":8613,"date":"1970-01-01T00:00:00","date_gmt":"1970-01-01T00:00:00","guid":{"rendered":"https:\/\/elfsight.com\/es\/?page_id=8613"},"modified":"2025-02-06T15:34:52","modified_gmt":"2025-02-06T15:34:52","slug":"weebly","status":"publish","type":"page","link":"https:\/\/elfsight.com\/es\/back-to-top-widget\/weebly\/","title":{"rendered":"Back to Top &#8211; Weebly"},"content":{"rendered":"<div class=\"application-platform-content-item-description application-platform-content-item\" id=\"description\" data-nav-section=\"description\"> <h2>Descripci\u00f3n<\/h2> <p> Back to Top es una aplicaci\u00f3n sencilla para Weebly que permite a los usuarios volver inmediatamente y sin problemas a la parte superior de su p\u00e1gina web despu\u00e9s de desplazarse por p\u00e1ginas largas. Los usuarios de su sitio web ya no necesitar\u00e1n buscar el bot\u00f3n Inicio y arrastrar la barra de desplazamiento por toda la p\u00e1gina. Nuestro widget Volver al principio se puede personalizar de la forma que necesite: h\u00e1galo cuadrado o redondo, cambie su color, tama\u00f1o y config\u00farelo en cualquier lugar de la p\u00e1gina para mejorar la experiencia de usuario. El bot\u00f3n puede mostrarse en cualquier tipo de dispositivo, desde dispositivos m\u00f3viles hasta computadoras de escritorio. <\/p> <p><b>Utilice una herramienta m\u00e1s conveniente para desplazarse hacia la parte superior para mantener una experiencia de usuario admirable<\/b><\/p> <\/div> <div class=\"application-platform-content-item-features application-platform-content-item\" id=\"features\" data-nav-section=\"features\"> <h2>A continuaci\u00f3n se detallan las caracter\u00edsticas b\u00e1sicas de la aplicaci\u00f3n: <\/h2> <ul><li>Volver a pintar el bot\u00f3n<\/li><li>Coloque el widget en: todas las p\u00e1ginas, peculiares o excluidas ones<\/li><li>Indique la agilidad de desplazamiento<\/li><li>8 posiciones de botones para que usted elija<\/li><li>Dos tipos de botones: flotantes o incrustados<\/li><\/ul><p><a href=\"#demo\">Explore todas las opciones de personalizaci\u00f3n en una demostraci\u00f3n con todas las funciones<\/a><\/p> <\/div> <div class=\"application-platform-content-item-installation application-platform-content-item\" id=\"installation\" data-nav-section=\"installation\"> <h2>\u00bfC\u00f3mo lo hago? \u00bfIncrustar Volver arriba en mi p\u00e1gina web Weebly? <\/h2> <p>Simplemente siga un par de pasos que se describen a continuaci\u00f3n para comenzar a trabajar con el widget. <\/p> <ol><li><b>Administre nuestro configurador gratuito y comience a crear su aplicaci\u00f3n \u00fanica. <\/b><br> Determine la interfaz preferida y las especificaciones de la aplicaci\u00f3n y guarde todas las correcciones. <\/li> <li><b>Reciba su c\u00f3digo individual demostrado en el formulario especial en Elfsight Apps. <\/b><br> Inmediatamente despu\u00e9s de completar la personalizaci\u00f3n de su aplicaci\u00f3n, copie su c\u00f3digo de la ventana que aparece y gu\u00e1rdelo para usarlo m\u00e1s adelante. <\/li> <li><b>Comience a usar la aplicaci\u00f3n en su sitio Weebly. <\/b><br>Coloca el c\u00f3digo copiado recientemente en tu sitio y guarda las mejoras. <\/li> <li><b>\u00a1Ya terminaste! La integraci\u00f3n ha finalizado con \u00e9xito. <\/b><br>Vaya a su p\u00e1gina web para comprobar el funcionamiento de la aplicaci\u00f3n. <\/li><\/ol><p>Si enfrentas algunos obst\u00e1culos, escribe a nuestro equipo de atenci\u00f3n al cliente. Nuestros asesores estar\u00e1n encantados de ayudarte con todas las dudas que puedas tener sobre el producto. <\/p> <div class=\"faq\" data-component=\"FAQ\"><div class=\"faq-item\">\r\n\t\t\t\t\t<div class=\"faq-item-question\">\r\n\t\t\t\t\t\t<h3 class=\"faq-item-question-text\">\u00bfC\u00f3mo agregar Volver arriba a mi sitio web Weebly sin conocimientos de codificaci\u00f3n?<\/h3>\r\n\r\n\t\t\t\t\t\t<div class=\"faq-item-question-icon\"><\/div>\r\n\t\t\t\t\t<\/div>\r\n\r\n\t\t\t\t\t<div class=\"faq-item-answer\">\r\n\t\t\t\t\t\t<div class=\"faq-item-answer-text\"> <p>Elfsight proporciona una soluci\u00f3n SaaS que le permite crear un widget Volver arriba usted mismo. Vea lo f\u00e1cil que es el proceso: trabaje directamente en el editor en l\u00ednea para crear un widget Volver arriba que le gustar\u00eda ver en su sitio web Weebly. Elija una de las plantillas predise\u00f1adas y ajuste la configuraci\u00f3n de Volver al principio, agregue su contenido, cambie el dise\u00f1o y los colores sin conocimientos de codificaci\u00f3n. Guarde Volver arriba y copie su c\u00f3digo de instalaci\u00f3n, que puede incluir f\u00e1cilmente en su sitio web Weebly sin comprar una versi\u00f3n paga. Con nuestro editor intuitivo, cualquier usuario de Internet puede crear un widget Volver al principio en l\u00ednea e incrustarlo f\u00e1cilmente en su sitio web Weebly. No es necesario pagar ni ingresar las credenciales de su tarjeta para acceder al servicio. Si tiene alg\u00fan problema en cualquier paso, no dude en ponerse en contacto con nuestro equipo de soporte t\u00e9cnico.<\/p> <\/div>\r\n\t\t\t\t\t<\/div>\r\n\t\t\t\t<\/div> <\/div><\/div>","protected":false},"excerpt":{"rendered":"","protected":false},"author":9,"featured_media":0,"parent":543,"menu_order":0,"comment_status":"closed","ping_status":"closed","template":"templates\/template-application-platform.php","meta":{"publish_to_discourse":"","publish_post_category":"","wpdc_auto_publish_overridden":"","wpdc_topic_tags":"","wpdc_pin_topic":"","wpdc_pin_until":"","discourse_post_id":"","discourse_permalink":"","wpdc_publishing_response":"","wpdc_publishing_error":"","footnotes":""},"class_list":["post-8613","page","type-page","status-publish","hentry"],"yoast_head":"<!-- This site is optimized with the Yoast SEO plugin v25.3.1 - https:\/\/yoast.com\/wordpress\/plugins\/seo\/ -->\n<title>Volver al principio: agregue el bot\u00f3n Desplazarse al principio en Drupal (gratis y r\u00e1pido)<\/title>\n<meta name=\"description\" content=\"Implemente r\u00e1pidamente una aplicaci\u00f3n Volver al inicio accesible en su sitio Weebly. Aplique nuestra pr\u00e1ctica demostraci\u00f3n para crear su caracter\u00edstica \u00fanica en 1-2-3.\" \/>\n<meta name=\"robots\" content=\"index, follow, max-snippet:-1, max-image-preview:large, max-video-preview:-1\" \/>\n<link rel=\"canonical\" href=\"https:\/\/elfsight.com\/es\/back-to-top-widget\/weebly\/\" \/>\n<meta property=\"og:locale\" content=\"es_ES\" \/>\n<meta property=\"og:type\" content=\"article\" \/>\n<meta property=\"og:title\" content=\"Volver al principio: agregue el bot\u00f3n Desplazarse al principio en Drupal (gratis y r\u00e1pido)\" \/>\n<meta property=\"og:description\" content=\"Implemente r\u00e1pidamente una aplicaci\u00f3n Volver al inicio accesible en su sitio Weebly. Aplique nuestra pr\u00e1ctica demostraci\u00f3n para crear su caracter\u00edstica \u00fanica en 1-2-3.\" \/>\n<meta property=\"og:url\" content=\"https:\/\/elfsight.com\/es\/back-to-top-widget\/weebly\/\" \/>\n<meta property=\"og:site_name\" content=\"Elfsight ES\" \/>\n<meta property=\"article:modified_time\" content=\"2025-02-06T15:34:52+00:00\" \/>\n<meta name=\"twitter:card\" content=\"summary_large_image\" \/>\n<meta name=\"twitter:label1\" content=\"Tiempo de lectura\" \/>\n\t<meta name=\"twitter:data1\" content=\"3 minutos\" \/>\n<!-- \/ Yoast SEO plugin. -->","yoast_head_json":{"title":"Volver al principio: agregue el bot\u00f3n Desplazarse al principio en Drupal (gratis y r\u00e1pido)","description":"Implemente r\u00e1pidamente una aplicaci\u00f3n Volver al inicio accesible en su sitio Weebly. Aplique nuestra pr\u00e1ctica demostraci\u00f3n para crear su caracter\u00edstica \u00fanica en 1-2-3.","robots":{"index":"index","follow":"follow","max-snippet":"max-snippet:-1","max-image-preview":"max-image-preview:large","max-video-preview":"max-video-preview:-1"},"canonical":"https:\/\/elfsight.com\/es\/back-to-top-widget\/weebly\/","og_locale":"es_ES","og_type":"article","og_title":"Volver al principio: agregue el bot\u00f3n Desplazarse al principio en Drupal (gratis y r\u00e1pido)","og_description":"Implemente r\u00e1pidamente una aplicaci\u00f3n Volver al inicio accesible en su sitio Weebly. Aplique nuestra pr\u00e1ctica demostraci\u00f3n para crear su caracter\u00edstica \u00fanica en 1-2-3.","og_url":"https:\/\/elfsight.com\/es\/back-to-top-widget\/weebly\/","og_site_name":"Elfsight ES","article_modified_time":"2025-02-06T15:34:52+00:00","twitter_card":"summary_large_image","twitter_misc":{"Tiempo de lectura":"3 minutos"},"schema":{"@context":"https:\/\/schema.org","@graph":[{"@type":"WebPage","@id":"https:\/\/elfsight.com\/es\/back-to-top-widget\/weebly\/","url":"https:\/\/elfsight.com\/es\/back-to-top-widget\/weebly\/","name":"Volver al principio: agregue el bot\u00f3n Desplazarse al principio en Drupal (gratis y r\u00e1pido)","isPartOf":{"@id":"https:\/\/elfsight.com\/es\/#website"},"datePublished":"1970-01-01T00:00:00+00:00","dateModified":"2025-02-06T15:34:52+00:00","description":"Implemente r\u00e1pidamente una aplicaci\u00f3n Volver al inicio accesible en su sitio Weebly. Aplique nuestra pr\u00e1ctica demostraci\u00f3n para crear su caracter\u00edstica \u00fanica en 1-2-3.","breadcrumb":{"@id":"https:\/\/elfsight.com\/es\/back-to-top-widget\/weebly\/#breadcrumb"},"inLanguage":"es","potentialAction":[{"@type":"ReadAction","target":["https:\/\/elfsight.com\/es\/back-to-top-widget\/weebly\/"]}]},{"@type":"BreadcrumbList","@id":"https:\/\/elfsight.com\/es\/back-to-top-widget\/weebly\/#breadcrumb","itemListElement":[{"@type":"ListItem","position":1,"name":"Home","item":"https:\/\/elfsight.com\/es\/"},{"@type":"ListItem","position":2,"name":"Back to Top","item":"https:\/\/elfsight.com\/es\/back-to-top-widget\/"},{"@type":"ListItem","position":3,"name":"Back to Top &#8211; Weebly"}]},{"@type":"WebSite","@id":"https:\/\/elfsight.com\/es\/#website","url":"https:\/\/elfsight.com\/es\/","name":"Elfsight ES","description":"Just another Elfsight Sites site","potentialAction":[{"@type":"SearchAction","target":{"@type":"EntryPoint","urlTemplate":"https:\/\/elfsight.com\/es\/?s={search_term_string}"},"query-input":{"@type":"PropertyValueSpecification","valueRequired":true,"valueName":"search_term_string"}}],"inLanguage":"es"}]}},"meta_box":{"industry":"","seo_heading":"","heading":"","description":"","cta_heading":"","cta_description":"","application":"542","h1":"Aplicaci\u00f3n Weebly Volver al inicio","h1_caption":"Ofrezca a sus visitantes otra caracter\u00edstica que complementar\u00e1 el rendimiento general de su sitio.","application_category":[],"applications_title":"","applications_request_title":"","applications_request_button_text":"","hero_text":"","hero_video":"","hero_video_schema_markup":"","selling_points_title":"","selling_points_caption":"","selling_points":[],"selling_points_cta_text":"","features_title":"","features":"","ed_cta_examples_text":"","ed_cta_examples_hidden":"","ed_cta_demo_text":"","ed_cta_demo_hidden":"","why_caption":"","why_editor_title":"","why_editor_text":"","why_team_title":"","why_team_text":"","why_service_title":"","why_service_text":"","template_catalog_visible":"","template_catalog_title":"","template_catalog_text":"","template_catalog_categories_visible":"","demo_title":"Crea tu aplicaci\u00f3n Volver al inicio","demo_caption":"\u00a1Configura tu Volver al inicio y agr\u00e9galo a tu sitio web Weebly gratis!","default_faq_hidden":"","app_template_category":[],"platform":"109","template_public_id":"","codecanyon_url":"","codecanyon_item_id":"","codecanyon_price":"","pricing_caption":"","pricing_elfsight_apps_hide_column":"","pricing_elfsight_apps_url":"","pricing_codecanyon_price_caption":"","integration_category":[],"integration_request_title":"","integration_request_cta":"","integration_platform":"","integrations":[],"platform_category":[],"video_schema_markup":"","price":"desde $0 \/ mes","trial":"","benefits":[{"text":"Asistencia de instalaci\u00f3n gratuita"},{"text":"Soporte premium"},{"text":"Garant\u00eda de reembolso de 14 d\u00edas"},{"text":"Mejoras gratuitas de por vida"}],"button_url":"#demo","button_target_blank":"","button_nofollow":"","attributes":[{"name":"Instalaciones","content":"10,000 - 100,000"},{"name":"Sensible","content":"S\u00ed"},{"name":"Navegadores compatibles","content":"Firefox, Safari, Opera, Chrome, Edge"}],"tags":[],"tags_disable_links":"","hide_more_platforms":"","video_object":"","demo_hide_cta":"","demo_hide_cloud_options":"","pricing_title":"","pricing":[{"pricing_icon":"platform","pricing_title":"Elfsight Apps","pricing_title_caption":"Versi\u00f3n multiplataforma que se adapta a cualquier sitio web.","pricing_price":"desde $0 \/ mes","pricing_price_caption":"comienza con un plan gratuito","pricing_benefits":[{"text":"Sitios web ilimitados"},{"text":"Soporte empresarial dedicado y bien documentado."},{"text":"Ayuda de instalaci\u00f3n gratuita"},{"text":"Totalmente personalizable"}],"pricing_button_text":"A\u00f1adir al sitio web","pricing_button_url":"#demo"}],"related_apps_title":"","related_apps_hidden":"","author":"","image":[],"title":"","job":"","social_networks":[]},"_links":{"self":[{"href":"https:\/\/elfsight.com\/es\/wp-json\/wp\/v2\/pages\/8613","targetHints":{"allow":["GET"]}}],"collection":[{"href":"https:\/\/elfsight.com\/es\/wp-json\/wp\/v2\/pages"}],"about":[{"href":"https:\/\/elfsight.com\/es\/wp-json\/wp\/v2\/types\/page"}],"author":[{"embeddable":true,"href":"https:\/\/elfsight.com\/es\/wp-json\/wp\/v2\/users\/9"}],"replies":[{"embeddable":true,"href":"https:\/\/elfsight.com\/es\/wp-json\/wp\/v2\/comments?post=8613"}],"version-history":[{"count":2,"href":"https:\/\/elfsight.com\/es\/wp-json\/wp\/v2\/pages\/8613\/revisions"}],"predecessor-version":[{"id":18459,"href":"https:\/\/elfsight.com\/es\/wp-json\/wp\/v2\/pages\/8613\/revisions\/18459"}],"up":[{"embeddable":true,"href":"https:\/\/elfsight.com\/es\/wp-json\/wp\/v2\/pages\/543"}],"wp:attachment":[{"href":"https:\/\/elfsight.com\/es\/wp-json\/wp\/v2\/media?parent=8613"}],"curies":[{"name":"wp","href":"https:\/\/api.w.org\/{rel}","templated":true}]}}