{"id":8611,"date":"1970-01-01T00:00:00","date_gmt":"1970-01-01T00:00:00","guid":{"rendered":"https:\/\/elfsight.com\/es\/?page_id=8611"},"modified":"2025-02-06T15:34:52","modified_gmt":"2025-02-06T15:34:52","slug":"webflow","status":"publish","type":"page","link":"https:\/\/elfsight.com\/es\/back-to-top-widget\/webflow\/","title":{"rendered":"Back to Top &#8211; Webflow"},"content":{"rendered":"<div class=\"application-platform-content-item-description application-platform-content-item\" id=\"description\" data-nav-section=\"description\"> <h2>Insertar Volver al principio en Webflow con el widget Elfsight<\/h2> <p>Elfsight Volver al principio es una herramienta sencilla para Webflow que permite a los usuarios volver r\u00e1pida y suavemente a la parte superior de su p\u00e1gina web despu\u00e9s de desplazarse por p\u00e1ginas largas. Los usuarios de su sitio web ya no necesitar\u00e1n buscar la tecla Inicio y mover la barra de desplazamiento por la p\u00e1gina. El widget Volver al principio se puede personalizar de la manera que necesite: h\u00e1galo cuadrado o redondeado, cambie su color, tama\u00f1o y config\u00farelo en cualquier lugar de la p\u00e1gina para mejorar la experiencia de usuario. El bot\u00f3n se puede demostrar en cualquier dispositivo, desde el m\u00f3vil hasta el escritorio. <\/p> <p><b>Utilice otra herramienta de desplazamiento hacia la parte superior accesible para brindar una experiencia de usuario incre\u00edble<\/b><\/p> <\/div> <div class=\"application-platform-content-item-features application-platform-content-item\" id=\"features\" data-nav-section=\"features\"> <h2>Las caracter\u00edsticas fundamentales del widget incluyen<\/h2> <ul><li>Volver a colorear el bot\u00f3n<\/li><li>Agregar el bot\u00f3n en: cada p\u00e1gina, espec\u00edfica o excluida<\/li><li>Establecer el desplazamiento agilidad<\/li><li>8 posiciones de botones para que usted elija<\/li><li>2 tipos de botones: flotantes o integrados<\/li><\/ul><p><a href=\"#demo\">Simplemente pruebe esta demostraci\u00f3n para tener una idea completa<\/a><\/p> <\/div> <div class=\"application-platform-content-item-installation application-platform-content-item\" id=\"installation\" data-nav-section=\"installation\"> <h2>\u00bfC\u00f3mo agrego Volver al principio en mi sitio Webflow? <\/h2> <p>Simplemente siga los pasos que se describen a continuaci\u00f3n para comenzar a usar el widget. <\/p> <ol><li><b>Utilice nuestra demostraci\u00f3n gratuita y comience a crear su widget personalizado. <\/b><br> Busque la forma y la funcionalidad seleccionadas del widget y aplique las ediciones. <\/li> <li><b>Obtenga el c\u00f3digo personal que aparece en el formulario especial de Elfsight Apps. <\/b><br> Tan pronto como finalice la generaci\u00f3n de su widget, copie el c\u00f3digo personal en la ventana emergente que aparece y gu\u00e1rdelo para futuras ocasiones. <\/li> <li><b>Ingrese al uso del complemento en su p\u00e1gina de inicio de Webflow. <\/b><br> Inserta el c\u00f3digo guardado anteriormente en tu p\u00e1gina y aplica las mejoras. <\/li> <li><b>La configuraci\u00f3n se realiz\u00f3 exitosamente. <\/b><br> Visite su sitio web para examinar el rendimiento de la herramienta. <\/li><\/ol> <p>En caso de tener dudas o afrontar cualquier dificultad, no dude en ponerse en contacto con nuestro personal de atenci\u00f3n al cliente. Nuestros consultores estar\u00e1n encantados de resolver todos los problemas que pueda tener con el complemento. <\/p> <div class=\"faq\" data-component=\"FAQ\"><div class=\"faq-item\">\r\n\t\t\t\t\t<div class=\"faq-item-question\">\r\n\t\t\t\t\t\t<h3 class=\"faq-item-question-text\">\u00bfC\u00f3mo puedo agregar Volver arriba a mi sitio web Webflow sin conocimientos de codificaci\u00f3n?<\/h3>\r\n\r\n\t\t\t\t\t\t<div class=\"faq-item-question-icon\"><\/div>\r\n\t\t\t\t\t<\/div>\r\n\r\n\t\t\t\t\t<div class=\"faq-item-answer\">\r\n\t\t\t\t\t\t<div class=\"faq-item-answer-text\"> <p>Elfsight proporciona una soluci\u00f3n SaaS que le permite crear un widget Volver arriba usted mismo. Vea lo f\u00e1cil que es el proceso: trabaje directamente en el editor en l\u00ednea para crear un widget Volver arriba que le gustar\u00eda ver en su sitio web Webflow. Elija una de las plantillas predise\u00f1adas y ajuste la configuraci\u00f3n de Volver al principio, agregue su contenido, cambie el dise\u00f1o y los colores sin conocimientos de codificaci\u00f3n. Guarde Volver arriba y copie su c\u00f3digo de instalaci\u00f3n, que puede agregar en su sitio web Webflow sin necesidad de comprar una suscripci\u00f3n paga. Con nuestro editor intuitivo, cualquier usuario de Internet puede crear un widget Volver al principio en l\u00ednea e incrustarlo f\u00e1cilmente en su sitio web Webflow. No es necesario pagar ni ingresar las credenciales de su tarjeta para acceder al servicio. Si tiene alg\u00fan problema en cualquier paso, no dude en ponerse en contacto con nuestro equipo de soporte t\u00e9cnico.<\/p> <\/div>\r\n\t\t\t\t\t<\/div>\r\n\t\t\t\t<\/div> <\/div><\/div>","protected":false},"excerpt":{"rendered":"","protected":false},"author":9,"featured_media":0,"parent":543,"menu_order":0,"comment_status":"closed","ping_status":"closed","template":"templates\/template-application-platform.php","meta":{"publish_to_discourse":"","publish_post_category":"","wpdc_auto_publish_overridden":"","wpdc_topic_tags":"","wpdc_pin_topic":"","wpdc_pin_until":"","discourse_post_id":"","discourse_permalink":"","wpdc_publishing_response":"","wpdc_publishing_error":"","footnotes":""},"class_list":["post-8611","page","type-page","status-publish","hentry"],"yoast_head":"<!-- This site is optimized with the Yoast SEO plugin v25.3.1 - https:\/\/yoast.com\/wordpress\/plugins\/seo\/ -->\n<title>Volver al principio: agregue el bot\u00f3n Desplazarse al principio al flujo web (gratis y r\u00e1pido)<\/title>\n<meta name=\"description\" content=\"Agregue r\u00e1pidamente un widget Volver al principio receptivo en su sitio web Webflow. Utilice nuestra pr\u00e1ctica demostraci\u00f3n para darle forma a su herramienta \u00fanica con solo unos pocos clics.\" \/>\n<meta name=\"robots\" content=\"index, follow, max-snippet:-1, max-image-preview:large, max-video-preview:-1\" \/>\n<link rel=\"canonical\" href=\"https:\/\/elfsight.com\/es\/back-to-top-widget\/webflow\/\" \/>\n<meta property=\"og:locale\" content=\"es_ES\" \/>\n<meta property=\"og:type\" content=\"article\" \/>\n<meta property=\"og:title\" content=\"Volver al principio: agregue el bot\u00f3n Desplazarse al principio al flujo web (gratis y r\u00e1pido)\" \/>\n<meta property=\"og:description\" content=\"Agregue r\u00e1pidamente un widget Volver al principio receptivo en su sitio web Webflow. Utilice nuestra pr\u00e1ctica demostraci\u00f3n para darle forma a su herramienta \u00fanica con solo unos pocos clics.\" \/>\n<meta property=\"og:url\" content=\"https:\/\/elfsight.com\/es\/back-to-top-widget\/webflow\/\" \/>\n<meta property=\"og:site_name\" content=\"Elfsight ES\" \/>\n<meta property=\"article:modified_time\" content=\"2025-02-06T15:34:52+00:00\" \/>\n<meta name=\"twitter:card\" content=\"summary_large_image\" \/>\n<meta name=\"twitter:label1\" content=\"Tiempo de lectura\" \/>\n\t<meta name=\"twitter:data1\" content=\"3 minutos\" \/>\n<!-- \/ Yoast SEO plugin. -->","yoast_head_json":{"title":"Volver al principio: agregue el bot\u00f3n Desplazarse al principio al flujo web (gratis y r\u00e1pido)","description":"Agregue r\u00e1pidamente un widget Volver al principio receptivo en su sitio web Webflow. Utilice nuestra pr\u00e1ctica demostraci\u00f3n para darle forma a su herramienta \u00fanica con solo unos pocos clics.","robots":{"index":"index","follow":"follow","max-snippet":"max-snippet:-1","max-image-preview":"max-image-preview:large","max-video-preview":"max-video-preview:-1"},"canonical":"https:\/\/elfsight.com\/es\/back-to-top-widget\/webflow\/","og_locale":"es_ES","og_type":"article","og_title":"Volver al principio: agregue el bot\u00f3n Desplazarse al principio al flujo web (gratis y r\u00e1pido)","og_description":"Agregue r\u00e1pidamente un widget Volver al principio receptivo en su sitio web Webflow. Utilice nuestra pr\u00e1ctica demostraci\u00f3n para darle forma a su herramienta \u00fanica con solo unos pocos clics.","og_url":"https:\/\/elfsight.com\/es\/back-to-top-widget\/webflow\/","og_site_name":"Elfsight ES","article_modified_time":"2025-02-06T15:34:52+00:00","twitter_card":"summary_large_image","twitter_misc":{"Tiempo de lectura":"3 minutos"},"schema":{"@context":"https:\/\/schema.org","@graph":[{"@type":"WebPage","@id":"https:\/\/elfsight.com\/es\/back-to-top-widget\/webflow\/","url":"https:\/\/elfsight.com\/es\/back-to-top-widget\/webflow\/","name":"Volver al principio: agregue el bot\u00f3n Desplazarse al principio al flujo web (gratis y r\u00e1pido)","isPartOf":{"@id":"https:\/\/elfsight.com\/es\/#website"},"datePublished":"1970-01-01T00:00:00+00:00","dateModified":"2025-02-06T15:34:52+00:00","description":"Agregue r\u00e1pidamente un widget Volver al principio receptivo en su sitio web Webflow. Utilice nuestra pr\u00e1ctica demostraci\u00f3n para darle forma a su herramienta \u00fanica con solo unos pocos clics.","breadcrumb":{"@id":"https:\/\/elfsight.com\/es\/back-to-top-widget\/webflow\/#breadcrumb"},"inLanguage":"es","potentialAction":[{"@type":"ReadAction","target":["https:\/\/elfsight.com\/es\/back-to-top-widget\/webflow\/"]}]},{"@type":"BreadcrumbList","@id":"https:\/\/elfsight.com\/es\/back-to-top-widget\/webflow\/#breadcrumb","itemListElement":[{"@type":"ListItem","position":1,"name":"Home","item":"https:\/\/elfsight.com\/es\/"},{"@type":"ListItem","position":2,"name":"Back to Top","item":"https:\/\/elfsight.com\/es\/back-to-top-widget\/"},{"@type":"ListItem","position":3,"name":"Back to Top &#8211; Webflow"}]},{"@type":"WebSite","@id":"https:\/\/elfsight.com\/es\/#website","url":"https:\/\/elfsight.com\/es\/","name":"Elfsight ES","description":"Just another Elfsight Sites site","potentialAction":[{"@type":"SearchAction","target":{"@type":"EntryPoint","urlTemplate":"https:\/\/elfsight.com\/es\/?s={search_term_string}"},"query-input":{"@type":"PropertyValueSpecification","valueRequired":true,"valueName":"search_term_string"}}],"inLanguage":"es"}]}},"meta_box":{"industry":"","seo_heading":"","heading":"","description":"","cta_heading":"","cta_description":"","application":"542","h1":"Flujo web Volver al widget superior","h1_caption":"Ofrezca a sus visitantes una herramienta m\u00e1s que complementar\u00e1 el rendimiento de su p\u00e1gina web.","application_category":[],"applications_title":"","applications_request_title":"","applications_request_button_text":"","hero_text":"","hero_video":"","hero_video_schema_markup":"","selling_points_title":"","selling_points_caption":"","selling_points":[],"selling_points_cta_text":"","features_title":"","features":"","ed_cta_examples_text":"","ed_cta_examples_hidden":"","ed_cta_demo_text":"","ed_cta_demo_hidden":"","why_caption":"","why_editor_title":"","why_editor_text":"","why_team_title":"","why_team_text":"","why_service_title":"","why_service_text":"","template_catalog_visible":"","template_catalog_title":"","template_catalog_text":"","template_catalog_categories_visible":"","demo_title":"Crea tu widget Volver al principio","demo_caption":"\u00a1Configure su Volver al inicio y agr\u00e9guelo a su sitio web Webflow de forma gratuita!","default_faq_hidden":"","app_template_category":[],"platform":"106","template_public_id":"","codecanyon_url":"","codecanyon_item_id":"","codecanyon_price":"","pricing_caption":"","pricing_elfsight_apps_hide_column":"","pricing_elfsight_apps_url":"","pricing_codecanyon_price_caption":"","integration_category":[],"integration_request_title":"","integration_request_cta":"","integration_platform":"","integrations":[],"platform_category":[],"video_schema_markup":"","price":"desde $0 \/ mes","trial":"","benefits":[{"text":"Ayuda de instalaci\u00f3n gratuita"},{"text":"Atenci\u00f3n al cliente profesional"},{"text":"Garant\u00eda de devoluci\u00f3n de dinero de 14 d\u00edas"},{"text":"Actualizando constantemente"}],"button_url":"#demo","button_target_blank":"","button_nofollow":"","attributes":[{"name":"Instalaciones","content":"10,000 - 100,000"},{"name":"Sensible","content":"S\u00ed"},{"name":"Navegadores compatibles","content":"Opera, Chrome, Edge, Safari, Firefox"}],"tags":[],"tags_disable_links":"","hide_more_platforms":"","video_object":"","demo_hide_cta":"","demo_hide_cloud_options":"","pricing_title":"","pricing":[{"pricing_icon":"platform","pricing_title":"Elfsight Apps","pricing_title_caption":"Software multiplataforma","pricing_price":"desde $0 \/ mes","pricing_price_caption":"comienza con el plan gratuito","pricing_benefits":[{"text":"N\u00famero ilimitado de dominios"},{"text":"Atenci\u00f3n al cliente dedicada"},{"text":"Servicio de instalaci\u00f3n gratuito"},{"text":"Oferta especial para m\u00faltiples aplicaciones."}],"pricing_button_text":"A\u00f1adir al sitio web","pricing_button_url":"#demo"}],"related_apps_title":"","related_apps_hidden":"","author":"","image":[],"title":"","job":"","social_networks":[]},"_links":{"self":[{"href":"https:\/\/elfsight.com\/es\/wp-json\/wp\/v2\/pages\/8611","targetHints":{"allow":["GET"]}}],"collection":[{"href":"https:\/\/elfsight.com\/es\/wp-json\/wp\/v2\/pages"}],"about":[{"href":"https:\/\/elfsight.com\/es\/wp-json\/wp\/v2\/types\/page"}],"author":[{"embeddable":true,"href":"https:\/\/elfsight.com\/es\/wp-json\/wp\/v2\/users\/9"}],"replies":[{"embeddable":true,"href":"https:\/\/elfsight.com\/es\/wp-json\/wp\/v2\/comments?post=8611"}],"version-history":[{"count":2,"href":"https:\/\/elfsight.com\/es\/wp-json\/wp\/v2\/pages\/8611\/revisions"}],"predecessor-version":[{"id":18461,"href":"https:\/\/elfsight.com\/es\/wp-json\/wp\/v2\/pages\/8611\/revisions\/18461"}],"up":[{"embeddable":true,"href":"https:\/\/elfsight.com\/es\/wp-json\/wp\/v2\/pages\/543"}],"wp:attachment":[{"href":"https:\/\/elfsight.com\/es\/wp-json\/wp\/v2\/media?parent=8611"}],"curies":[{"name":"wp","href":"https:\/\/api.w.org\/{rel}","templated":true}]}}