{"id":8603,"date":"1970-01-01T00:00:00","date_gmt":"1970-01-01T00:00:00","guid":{"rendered":"https:\/\/elfsight.com\/es\/?page_id=8603"},"modified":"2025-02-06T15:35:03","modified_gmt":"2025-02-06T15:35:03","slug":"opencart","status":"publish","type":"page","link":"https:\/\/elfsight.com\/es\/back-to-top-widget\/opencart\/","title":{"rendered":"Back to Top &#8211; OpenCart"},"content":{"rendered":"<div class=\"application-platform-content-item-description application-platform-content-item\" id=\"description\" data-nav-section=\"description\"> <h2>Descripci\u00f3n<\/h2> <p> Volver al principio es una extensi\u00f3n sencilla para OpenCart que permite a los visitantes del sitio regresar inmediatamente y sin problemas a la parte superior de su p\u00e1gina web despu\u00e9s de desplazarse por p\u00e1ginas largas. Los visitantes de su p\u00e1gina web ya no necesitar\u00e1n buscar la tecla Inicio y arrastrar la barra de desplazamiento por toda la p\u00e1gina. El bot\u00f3n Volver al principio se puede personalizar como mejor le convenga: h\u00e1galo cuadrado o redondo, cambie su color, tama\u00f1o y col\u00f3quelo en cualquier lugar de la p\u00e1gina para mejorar la experiencia de usuario. El bot\u00f3n se puede mostrar en cualquier dispositivo, desde el m\u00f3vil hasta el escritorio. <\/p> <p><b>Utilice una herramienta m\u00e1s accesible para volver al principio para brindar una experiencia de usuario admirable<\/b><\/p> <\/div> <div class=\"application-platform-content-item-features application-platform-content-item\" id=\"features\" data-nav-section=\"features\"> <h2>Las caracter\u00edsticas esenciales del widget ofrecen<\/h2> <ul><li>Cambiar el color del bot\u00f3n<\/li><li>Agregar el bot\u00f3n en: todas las p\u00e1ginas, peculiares o excluidas<\/li><li>Establecer el desplazamiento agilidad<\/li><li>Ocho posiciones de botones para que usted elija<\/li><li>Dos tipos de botones: flotantes o integrados<\/li><\/ul><p><a href=\"#demo\">Puede ver cu\u00e1nto vale la extensi\u00f3n usando la demostraci\u00f3n<\/a><\/p> <\/div> <div class=\"application-platform-content-item-installation application-platform-content-item\" id=\"installation\" data-nav-section=\"installation\"> <h2>\u00bfC\u00f3mo puedo agregar Volver al principio en mi sitio OpenCart? <\/h2> <p>Simplemente siga estos pasos que se describen a continuaci\u00f3n para integrar la herramienta. <\/p> <ol><li><b>Abre nuestro configurador gratuito y comienza a formar tu extensi\u00f3n personalizada. <\/b><br> Especifique el aspecto y el rendimiento seleccionados de la extensi\u00f3n y guarde todas las modificaciones. <\/li> <li><b>Copia tu c\u00f3digo individual que aparece en la ventana de Elfsight Apps. <\/b><br> Inmediatamente despu\u00e9s de completar la creaci\u00f3n de su extensi\u00f3n, copie el c\u00f3digo individual en la ventana que aparece y gu\u00e1rdelo para futuras necesidades. <\/li> <li><b>Iniciar el uso de la extensi\u00f3n en el sitio OpenCart. <\/b><br> A\u00f1ade el c\u00f3digo guardado recientemente en tu sitio web y aplica las modificaciones. <\/li> <li><b>La configuraci\u00f3n se realiz\u00f3 correctamente. <\/b><br>Visite su sitio para ver el funcionamiento de la extensi\u00f3n. <\/li><\/ol><p>Si tienes alg\u00fan problema, no dudes en ponerte en contacto con nuestro equipo de soporte. Nuestros especialistas estar\u00e1n encantados de ayudarle con todos los problemas que pueda tener con el producto. <\/p> <div class=\"faq\" data-component=\"FAQ\"><div class=\"faq-item\">\r\n\t\t\t\t\t<div class=\"faq-item-question\">\r\n\t\t\t\t\t\t<h3 class=\"faq-item-question-text\">\u00bfC\u00f3mo agregar Volver arriba a mi sitio web OpenCart sin conocimientos de codificaci\u00f3n?<\/h3>\r\n\r\n\t\t\t\t\t\t<div class=\"faq-item-question-icon\"><\/div>\r\n\t\t\t\t\t<\/div>\r\n\r\n\t\t\t\t\t<div class=\"faq-item-answer\">\r\n\t\t\t\t\t\t<div class=\"faq-item-answer-text\"> <p>Elfsight proporciona una soluci\u00f3n SaaS que le permite crear un widget Volver arriba usted mismo. Vea lo f\u00e1cil que es el proceso: trabaje directamente en el editor en l\u00ednea para crear un widget Volver arriba que le gustar\u00eda ver en su sitio web OpenCart. Elija una de las plantillas predise\u00f1adas y ajuste la configuraci\u00f3n de Volver al principio, agregue su contenido, cambie el dise\u00f1o y los colores sin conocimientos de codificaci\u00f3n. Guarde Volver arriba y copie su c\u00f3digo de instalaci\u00f3n, que puede simplemente pegar en su sitio web OpenCart sin comprar un plan pago. Con nuestro editor intuitivo, cualquier usuario de Internet puede crear un widget Volver al principio en l\u00ednea e incrustarlo f\u00e1cilmente en su sitio web OpenCart. No es necesario pagar ni ingresar las credenciales de su tarjeta para acceder al servicio. Si tiene alg\u00fan problema en cualquier paso, no dude en ponerse en contacto con nuestro equipo de soporte t\u00e9cnico.<\/p> <\/div>\r\n\t\t\t\t\t<\/div>\r\n\t\t\t\t<\/div> <\/div><\/div>","protected":false},"excerpt":{"rendered":"","protected":false},"author":9,"featured_media":0,"parent":543,"menu_order":0,"comment_status":"closed","ping_status":"closed","template":"templates\/template-application-platform.php","meta":{"publish_to_discourse":"","publish_post_category":"","wpdc_auto_publish_overridden":"","wpdc_topic_tags":"","wpdc_pin_topic":"","wpdc_pin_until":"","discourse_post_id":"","discourse_permalink":"","wpdc_publishing_response":"","wpdc_publishing_error":"","footnotes":""},"class_list":["post-8603","page","type-page","status-publish","hentry"],"yoast_head":"<!-- This site is optimized with the Yoast SEO plugin v25.3.1 - https:\/\/yoast.com\/wordpress\/plugins\/seo\/ -->\n<title>Volver al principio: agregue el complemento Desplazarse al principio a OpenCart (gratis y r\u00e1pido)<\/title>\n<meta name=\"description\" content=\"Implemente sin problemas un bot\u00f3n Volver al inicio accesible en su sitio OpenCart. Utilice nuestra \u00fatil demostraci\u00f3n para crear su extensi\u00f3n \u00fanica.\" \/>\n<meta name=\"robots\" content=\"index, follow, max-snippet:-1, max-image-preview:large, max-video-preview:-1\" \/>\n<link rel=\"canonical\" href=\"https:\/\/elfsight.com\/es\/back-to-top-widget\/opencart\/\" \/>\n<meta property=\"og:locale\" content=\"es_ES\" \/>\n<meta property=\"og:type\" content=\"article\" \/>\n<meta property=\"og:title\" content=\"Volver al principio: agregue el complemento Desplazarse al principio a OpenCart (gratis y r\u00e1pido)\" \/>\n<meta property=\"og:description\" content=\"Implemente sin problemas un bot\u00f3n Volver al inicio accesible en su sitio OpenCart. Utilice nuestra \u00fatil demostraci\u00f3n para crear su extensi\u00f3n \u00fanica.\" \/>\n<meta property=\"og:url\" content=\"https:\/\/elfsight.com\/es\/back-to-top-widget\/opencart\/\" \/>\n<meta property=\"og:site_name\" content=\"Elfsight ES\" \/>\n<meta property=\"article:modified_time\" content=\"2025-02-06T15:35:03+00:00\" \/>\n<meta name=\"twitter:card\" content=\"summary_large_image\" \/>\n<meta name=\"twitter:label1\" content=\"Tiempo de lectura\" \/>\n\t<meta name=\"twitter:data1\" content=\"3 minutos\" \/>\n<!-- \/ Yoast SEO plugin. -->","yoast_head_json":{"title":"Volver al principio: agregue el complemento Desplazarse al principio a OpenCart (gratis y r\u00e1pido)","description":"Implemente sin problemas un bot\u00f3n Volver al inicio accesible en su sitio OpenCart. Utilice nuestra \u00fatil demostraci\u00f3n para crear su extensi\u00f3n \u00fanica.","robots":{"index":"index","follow":"follow","max-snippet":"max-snippet:-1","max-image-preview":"max-image-preview:large","max-video-preview":"max-video-preview:-1"},"canonical":"https:\/\/elfsight.com\/es\/back-to-top-widget\/opencart\/","og_locale":"es_ES","og_type":"article","og_title":"Volver al principio: agregue el complemento Desplazarse al principio a OpenCart (gratis y r\u00e1pido)","og_description":"Implemente sin problemas un bot\u00f3n Volver al inicio accesible en su sitio OpenCart. Utilice nuestra \u00fatil demostraci\u00f3n para crear su extensi\u00f3n \u00fanica.","og_url":"https:\/\/elfsight.com\/es\/back-to-top-widget\/opencart\/","og_site_name":"Elfsight ES","article_modified_time":"2025-02-06T15:35:03+00:00","twitter_card":"summary_large_image","twitter_misc":{"Tiempo de lectura":"3 minutos"},"schema":{"@context":"https:\/\/schema.org","@graph":[{"@type":"WebPage","@id":"https:\/\/elfsight.com\/es\/back-to-top-widget\/opencart\/","url":"https:\/\/elfsight.com\/es\/back-to-top-widget\/opencart\/","name":"Volver al principio: agregue el complemento Desplazarse al principio a OpenCart (gratis y r\u00e1pido)","isPartOf":{"@id":"https:\/\/elfsight.com\/es\/#website"},"datePublished":"1970-01-01T00:00:00+00:00","dateModified":"2025-02-06T15:35:03+00:00","description":"Implemente sin problemas un bot\u00f3n Volver al inicio accesible en su sitio OpenCart. Utilice nuestra \u00fatil demostraci\u00f3n para crear su extensi\u00f3n \u00fanica.","breadcrumb":{"@id":"https:\/\/elfsight.com\/es\/back-to-top-widget\/opencart\/#breadcrumb"},"inLanguage":"es","potentialAction":[{"@type":"ReadAction","target":["https:\/\/elfsight.com\/es\/back-to-top-widget\/opencart\/"]}]},{"@type":"BreadcrumbList","@id":"https:\/\/elfsight.com\/es\/back-to-top-widget\/opencart\/#breadcrumb","itemListElement":[{"@type":"ListItem","position":1,"name":"Home","item":"https:\/\/elfsight.com\/es\/"},{"@type":"ListItem","position":2,"name":"Back to Top","item":"https:\/\/elfsight.com\/es\/back-to-top-widget\/"},{"@type":"ListItem","position":3,"name":"Back to Top &#8211; OpenCart"}]},{"@type":"WebSite","@id":"https:\/\/elfsight.com\/es\/#website","url":"https:\/\/elfsight.com\/es\/","name":"Elfsight ES","description":"Just another Elfsight Sites site","potentialAction":[{"@type":"SearchAction","target":{"@type":"EntryPoint","urlTemplate":"https:\/\/elfsight.com\/es\/?s={search_term_string}"},"query-input":{"@type":"PropertyValueSpecification","valueRequired":true,"valueName":"search_term_string"}}],"inLanguage":"es"}]}},"meta_box":{"industry":"","seo_heading":"","heading":"","description":"","cta_heading":"","cta_description":"","application":"542","h1":"OpenCart Volver al principio extensi\u00f3n","h1_caption":"Proporcione a su audiencia una herramienta m\u00e1s que complementar\u00e1 el rendimiento de su p\u00e1gina web","application_category":[],"applications_title":"","applications_request_title":"","applications_request_button_text":"","hero_text":"","hero_video":"","hero_video_schema_markup":"","selling_points_title":"","selling_points_caption":"","selling_points":[],"selling_points_cta_text":"","features_title":"","features":"","ed_cta_examples_text":"","ed_cta_examples_hidden":"","ed_cta_demo_text":"","ed_cta_demo_hidden":"","why_caption":"","why_editor_title":"","why_editor_text":"","why_team_title":"","why_team_text":"","why_service_title":"","why_service_text":"","template_catalog_visible":"","template_catalog_title":"","template_catalog_text":"","template_catalog_categories_visible":"","demo_title":"Crea tu extensi\u00f3n Volver al inicio","demo_caption":"\u00a1Configure su Volver al inicio y agr\u00e9guelo a su sitio web OpenCart de forma gratuita!","default_faq_hidden":"","app_template_category":[],"platform":"88","template_public_id":"","codecanyon_url":"","codecanyon_item_id":"","codecanyon_price":"","pricing_caption":"","pricing_elfsight_apps_hide_column":"","pricing_elfsight_apps_url":"","pricing_codecanyon_price_caption":"","integration_category":[],"integration_request_title":"","integration_request_cta":"","integration_platform":"","integrations":[],"platform_category":[],"video_schema_markup":"","price":"desde $0 \/ mes","trial":"","benefits":[{"text":"Servicio de instalaci\u00f3n gratuito"},{"text":"Atenci\u00f3n al cliente experimentada"},{"text":"Garant\u00eda de devoluci\u00f3n de dinero de 14 d\u00edas"},{"text":"Actualizaciones gratuitas de por vida"}],"button_url":"#demo","button_target_blank":"","button_nofollow":"","attributes":[{"name":"Instalaciones","content":"10,000 - 100,000"},{"name":"Sensible","content":"S\u00ed"},{"name":"Navegadores compatibles","content":"Opera, Chrome, Firefox, Safari, Edge"}],"tags":[],"tags_disable_links":"","hide_more_platforms":"","video_object":"","demo_hide_cta":"","demo_hide_cloud_options":"","pricing_title":"","pricing":[{"pricing_icon":"platform","pricing_title":"Elfsight Apps","pricing_title_caption":"Versi\u00f3n independiente de la plataforma que funciona en cualquier sitio web","pricing_price":"desde $0 \/ mes","pricing_price_caption":"comienza con el plan gratuito","pricing_benefits":[{"text":"Dominios ilimitados"},{"text":"Atenci\u00f3n al cliente premium"},{"text":"Servicio de instalaci\u00f3n gratuito"},{"text":"Dise\u00f1o flexible"}],"pricing_button_text":"A\u00f1adir al sitio web","pricing_button_url":"#demo"}],"related_apps_title":"","related_apps_hidden":"","author":"","image":[],"title":"","job":"","social_networks":[]},"_links":{"self":[{"href":"https:\/\/elfsight.com\/es\/wp-json\/wp\/v2\/pages\/8603","targetHints":{"allow":["GET"]}}],"collection":[{"href":"https:\/\/elfsight.com\/es\/wp-json\/wp\/v2\/pages"}],"about":[{"href":"https:\/\/elfsight.com\/es\/wp-json\/wp\/v2\/types\/page"}],"author":[{"embeddable":true,"href":"https:\/\/elfsight.com\/es\/wp-json\/wp\/v2\/users\/9"}],"replies":[{"embeddable":true,"href":"https:\/\/elfsight.com\/es\/wp-json\/wp\/v2\/comments?post=8603"}],"version-history":[{"count":2,"href":"https:\/\/elfsight.com\/es\/wp-json\/wp\/v2\/pages\/8603\/revisions"}],"predecessor-version":[{"id":18465,"href":"https:\/\/elfsight.com\/es\/wp-json\/wp\/v2\/pages\/8603\/revisions\/18465"}],"up":[{"embeddable":true,"href":"https:\/\/elfsight.com\/es\/wp-json\/wp\/v2\/pages\/543"}],"wp:attachment":[{"href":"https:\/\/elfsight.com\/es\/wp-json\/wp\/v2\/media?parent=8603"}],"curies":[{"name":"wp","href":"https:\/\/api.w.org\/{rel}","templated":true}]}}