{"id":8595,"date":"1970-01-01T00:00:00","date_gmt":"1970-01-01T00:00:00","guid":{"rendered":"https:\/\/elfsight.com\/es\/?page_id=8595"},"modified":"2025-02-06T15:35:12","modified_gmt":"2025-02-06T15:35:12","slug":"jquery","status":"publish","type":"page","link":"https:\/\/elfsight.com\/es\/back-to-top-widget\/jquery\/","title":{"rendered":"Back to Top &#8211; jQuery"},"content":{"rendered":"<div class=\"application-platform-content-item-description application-platform-content-item\" id=\"description\" data-nav-section=\"description\"> <h2>Descripci\u00f3n<\/h2> <p>Elfsight Back to Top es una herramienta sencilla para jQuery que permite a los visitantes del sitio regresar r\u00e1pida y f\u00e1cilmente a la parte superior de su sitio web despu\u00e9s de desplazarse por p\u00e1ginas largas. Los visitantes de su sitio web ya no necesitar\u00e1n buscar el bot\u00f3n Inicio y mover la barra de desplazamiento por toda la p\u00e1gina. El widget Volver al principio se puede personalizar de la manera que necesite: h\u00e1galo cuadrado o redondeado, cambie su color, tama\u00f1o y col\u00f3quelo en cualquier lugar de su sitio web para mejorar la experiencia de usuario. El bot\u00f3n se puede demostrar en cualquier dispositivo, desde un tel\u00e9fono inteligente hasta una computadora de escritorio. <\/p> <p><b>Emplee una \u00fatil herramienta de desplazamiento a la parte superior de la p\u00e1gina para mantener una experiencia de usuario fant\u00e1stica<\/b><\/p> <\/div> <div class=\"application-platform-content-item-features application-platform-content-item\" id=\"features\" data-nav-section=\"features\"> <h2>El complemento ofrece funciones pr\u00e1cticas y sencillas, vea algunas de ellas: <\/h2> <ul><li>Recolorear el bot\u00f3n<\/li><li>Coloque el bot\u00f3n en: todas las p\u00e1ginas, peculiares o excluidas ones<\/li><li>Indique la velocidad de desplazamiento<\/li><li>Ocho posiciones de botones disponibles<\/li><li>Dos tipos de botones: flotante o incrustado<\/li><\/ul><p><a href=\"#demo\">Simplemente pruebe esta demostraci\u00f3n para ver cu\u00e1nto vale el complemento<\/a><\/p> <\/div> <div class=\"application-platform-content-item-installation application-platform-content-item\" id=\"installation\" data-nav-section=\"installation\"> <h2>C\u00f3mo incrustar Volver al principio a mi sitio web jQuery? <\/h2> <p>Simplemente siga las instrucciones a continuaci\u00f3n para activar el complemento. <\/p> <ol><li><b>Con nuestro editor gratuito, comience a crear su instrumento personalizado. <\/b><br> Elija el dise\u00f1o y las especificaciones preferidos del complemento y aplique las modificaciones. <\/li> <li><b>Copia tu c\u00f3digo individual expuesto en el formulario especial en Elfsight Apps. <\/b><br> Tan pronto como finalice la creaci\u00f3n de su complemento, copie el c\u00f3digo individual de la ventana que aparece y gu\u00e1rdelo para futuras ocasiones. <\/li> <li><b>Comience a usar el complemento en su p\u00e1gina de inicio de jQuery. <\/b><br>Incrusta el c\u00f3digo que has copiado anteriormente en tu sitio web y guarda las modificaciones. <\/li> <li><b>\u00a1Ya terminaste! La integraci\u00f3n se realiza por completo. <\/b><br> Vaya a su sitio web para examinar el rendimiento del widget. <\/li><\/ol> <p>Si experimenta alguna complicaci\u00f3n, no tema ponerse en contacto con nuestro equipo de soporte. Nuestros especialistas est\u00e1n ansiosos por ayudarle con todas las dificultades que pueda tener con el widget. <\/p> <div class=\"faq\" data-component=\"FAQ\"><div class=\"faq-item\">\r\n\t\t\t\t\t<div class=\"faq-item-question\">\r\n\t\t\t\t\t\t<h3 class=\"faq-item-question-text\">\u00bfC\u00f3mo puedo agregar Volver arriba a mi sitio web Joomla sin conocimientos de codificaci\u00f3n?<\/h3>\r\n\r\n\t\t\t\t\t\t<div class=\"faq-item-question-icon\"><\/div>\r\n\t\t\t\t\t<\/div>\r\n\r\n\t\t\t\t\t<div class=\"faq-item-answer\">\r\n\t\t\t\t\t\t<div class=\"faq-item-answer-text\"> <p>Elfsight proporciona una soluci\u00f3n SaaS que le permite crear un widget Volver arriba usted mismo. Vea lo f\u00e1cil que es el proceso: trabaje directamente en el editor en l\u00ednea para crear un widget Volver arriba que le gustar\u00eda ver en su sitio web Joomla. Elija una de las plantillas predise\u00f1adas y ajuste la configuraci\u00f3n de Volver al principio, agregue su contenido, cambie el dise\u00f1o y los colores sin conocimientos de codificaci\u00f3n. Guarde Volver arriba y copie su c\u00f3digo de instalaci\u00f3n, que puede simplemente pegar en su sitio web Joomla sin comprar una suscripci\u00f3n paga. Con nuestro editor intuitivo, cualquier usuario de Internet puede crear un widget Volver al principio en l\u00ednea e incrustarlo f\u00e1cilmente en su sitio web Joomla. No es necesario pagar ni ingresar las credenciales de su tarjeta para acceder al servicio. Si tiene alg\u00fan problema en cualquier paso, no dude en ponerse en contacto con nuestro equipo de soporte t\u00e9cnico.<\/p> <\/div>\r\n\t\t\t\t\t<\/div>\r\n\t\t\t\t<\/div> <\/div><\/div>","protected":false},"excerpt":{"rendered":"","protected":false},"author":9,"featured_media":0,"parent":543,"menu_order":0,"comment_status":"closed","ping_status":"closed","template":"templates\/template-application-platform.php","meta":{"publish_to_discourse":"","publish_post_category":"","wpdc_auto_publish_overridden":"","wpdc_topic_tags":"","wpdc_pin_topic":"","wpdc_pin_until":"","discourse_post_id":"","discourse_permalink":"","wpdc_publishing_response":"","wpdc_publishing_error":"","footnotes":""},"class_list":["post-8595","page","type-page","status-publish","hentry"],"yoast_head":"<!-- This site is optimized with the Yoast SEO plugin v25.3.1 - https:\/\/yoast.com\/wordpress\/plugins\/seo\/ -->\n<title>Volver al principio: agregue el bot\u00f3n Desplazarse al principio a jQuery (gratis y r\u00e1pido)<\/title>\n<meta name=\"description\" content=\"Incruste una herramienta Ir al principio accesible en su p\u00e1gina web jQuery sin mucho esfuerzo. Utilice nuestra \u00fatil demostraci\u00f3n para crear su caracter\u00edstica \u00fanica en 1-2-3.\" \/>\n<meta name=\"robots\" content=\"index, follow, max-snippet:-1, max-image-preview:large, max-video-preview:-1\" \/>\n<link rel=\"canonical\" href=\"https:\/\/elfsight.com\/es\/back-to-top-widget\/jquery\/\" \/>\n<meta property=\"og:locale\" content=\"es_ES\" \/>\n<meta property=\"og:type\" content=\"article\" \/>\n<meta property=\"og:title\" content=\"Volver al principio: agregue el bot\u00f3n Desplazarse al principio a jQuery (gratis y r\u00e1pido)\" \/>\n<meta property=\"og:description\" content=\"Incruste una herramienta Ir al principio accesible en su p\u00e1gina web jQuery sin mucho esfuerzo. Utilice nuestra \u00fatil demostraci\u00f3n para crear su caracter\u00edstica \u00fanica en 1-2-3.\" \/>\n<meta property=\"og:url\" content=\"https:\/\/elfsight.com\/es\/back-to-top-widget\/jquery\/\" \/>\n<meta property=\"og:site_name\" content=\"Elfsight ES\" \/>\n<meta property=\"article:modified_time\" content=\"2025-02-06T15:35:12+00:00\" \/>\n<meta name=\"twitter:card\" content=\"summary_large_image\" \/>\n<meta name=\"twitter:label1\" content=\"Tiempo de lectura\" \/>\n\t<meta name=\"twitter:data1\" content=\"3 minutos\" \/>\n<!-- \/ Yoast SEO plugin. -->","yoast_head_json":{"title":"Volver al principio: agregue el bot\u00f3n Desplazarse al principio a jQuery (gratis y r\u00e1pido)","description":"Incruste una herramienta Ir al principio accesible en su p\u00e1gina web jQuery sin mucho esfuerzo. Utilice nuestra \u00fatil demostraci\u00f3n para crear su caracter\u00edstica \u00fanica en 1-2-3.","robots":{"index":"index","follow":"follow","max-snippet":"max-snippet:-1","max-image-preview":"max-image-preview:large","max-video-preview":"max-video-preview:-1"},"canonical":"https:\/\/elfsight.com\/es\/back-to-top-widget\/jquery\/","og_locale":"es_ES","og_type":"article","og_title":"Volver al principio: agregue el bot\u00f3n Desplazarse al principio a jQuery (gratis y r\u00e1pido)","og_description":"Incruste una herramienta Ir al principio accesible en su p\u00e1gina web jQuery sin mucho esfuerzo. Utilice nuestra \u00fatil demostraci\u00f3n para crear su caracter\u00edstica \u00fanica en 1-2-3.","og_url":"https:\/\/elfsight.com\/es\/back-to-top-widget\/jquery\/","og_site_name":"Elfsight ES","article_modified_time":"2025-02-06T15:35:12+00:00","twitter_card":"summary_large_image","twitter_misc":{"Tiempo de lectura":"3 minutos"},"schema":{"@context":"https:\/\/schema.org","@graph":[{"@type":"WebPage","@id":"https:\/\/elfsight.com\/es\/back-to-top-widget\/jquery\/","url":"https:\/\/elfsight.com\/es\/back-to-top-widget\/jquery\/","name":"Volver al principio: agregue el bot\u00f3n Desplazarse al principio a jQuery (gratis y r\u00e1pido)","isPartOf":{"@id":"https:\/\/elfsight.com\/es\/#website"},"datePublished":"1970-01-01T00:00:00+00:00","dateModified":"2025-02-06T15:35:12+00:00","description":"Incruste una herramienta Ir al principio accesible en su p\u00e1gina web jQuery sin mucho esfuerzo. Utilice nuestra \u00fatil demostraci\u00f3n para crear su caracter\u00edstica \u00fanica en 1-2-3.","breadcrumb":{"@id":"https:\/\/elfsight.com\/es\/back-to-top-widget\/jquery\/#breadcrumb"},"inLanguage":"es","potentialAction":[{"@type":"ReadAction","target":["https:\/\/elfsight.com\/es\/back-to-top-widget\/jquery\/"]}]},{"@type":"BreadcrumbList","@id":"https:\/\/elfsight.com\/es\/back-to-top-widget\/jquery\/#breadcrumb","itemListElement":[{"@type":"ListItem","position":1,"name":"Home","item":"https:\/\/elfsight.com\/es\/"},{"@type":"ListItem","position":2,"name":"Back to Top","item":"https:\/\/elfsight.com\/es\/back-to-top-widget\/"},{"@type":"ListItem","position":3,"name":"Back to Top &#8211; jQuery"}]},{"@type":"WebSite","@id":"https:\/\/elfsight.com\/es\/#website","url":"https:\/\/elfsight.com\/es\/","name":"Elfsight ES","description":"Just another Elfsight Sites site","potentialAction":[{"@type":"SearchAction","target":{"@type":"EntryPoint","urlTemplate":"https:\/\/elfsight.com\/es\/?s={search_term_string}"},"query-input":{"@type":"PropertyValueSpecification","valueRequired":true,"valueName":"search_term_string"}}],"inLanguage":"es"}]}},"meta_box":{"industry":"","seo_heading":"","heading":"","description":"","cta_heading":"","cta_description":"","application":"542","h1":"Complemento jQuery Volver al principio","h1_caption":"Equipe a su audiencia con otra opci\u00f3n que complementar\u00e1 el rendimiento de su sitio.","application_category":[],"applications_title":"","applications_request_title":"","applications_request_button_text":"","hero_text":"","hero_video":"","hero_video_schema_markup":"","selling_points_title":"","selling_points_caption":"","selling_points":[],"selling_points_cta_text":"","features_title":"","features":"","ed_cta_examples_text":"","ed_cta_examples_hidden":"","ed_cta_demo_text":"","ed_cta_demo_hidden":"","why_caption":"","why_editor_title":"","why_editor_text":"","why_team_title":"","why_team_text":"","why_service_title":"","why_service_text":"","template_catalog_visible":"","template_catalog_title":"","template_catalog_text":"","template_catalog_categories_visible":"","demo_title":"Crea tu complemento Volver al inicio","demo_caption":"\u00a1Configure su Volver al inicio y agr\u00e9guelo a su sitio web jQuery gratis!","default_faq_hidden":"","app_template_category":[],"platform":"76","template_public_id":"","codecanyon_url":"","codecanyon_item_id":"","codecanyon_price":"","pricing_caption":"","pricing_elfsight_apps_hide_column":"","pricing_elfsight_apps_url":"","pricing_codecanyon_price_caption":"","integration_category":[],"integration_request_title":"","integration_request_cta":"","integration_platform":"","integrations":[],"platform_category":[],"video_schema_markup":"","price":"desde $0 \/ mes","trial":"","benefits":[{"text":"Servicio de instalaci\u00f3n gratuito"},{"text":"Soporte premium"},{"text":"Garant\u00eda de reembolso de 14 d\u00edas"},{"text":"Futuras mejoras gratuitas"}],"button_url":"#demo","button_target_blank":"","button_nofollow":"","attributes":[{"name":"Instalaciones","content":"10,000 - 100,000"},{"name":"Sensible","content":"S\u00ed"},{"name":"Navegadores compatibles","content":"Firefox, Safari, Opera, Chrome, Edge"}],"tags":[],"tags_disable_links":"","hide_more_platforms":"","video_object":"","demo_hide_cta":"","demo_hide_cloud_options":"","pricing_title":"","pricing":[{"pricing_icon":"platform","pricing_title":"Elfsight Apps","pricing_title_caption":"Versi\u00f3n multiplataforma que funciona en cualquier sitio web.","pricing_price":"desde $0 \/ mes","pricing_price_caption":"comienza con un plan gratuito","pricing_benefits":[{"text":"Dominios ilimitados"},{"text":"Atenci\u00f3n al cliente profesional y bien documentada."},{"text":"Asistencia de instalaci\u00f3n gratuita"},{"text":"Totalmente personalizable"}],"pricing_button_text":"A\u00f1adir al sitio web","pricing_button_url":"#demo"}],"related_apps_title":"","related_apps_hidden":"","author":"","image":[],"title":"","job":"","social_networks":[]},"_links":{"self":[{"href":"https:\/\/elfsight.com\/es\/wp-json\/wp\/v2\/pages\/8595","targetHints":{"allow":["GET"]}}],"collection":[{"href":"https:\/\/elfsight.com\/es\/wp-json\/wp\/v2\/pages"}],"about":[{"href":"https:\/\/elfsight.com\/es\/wp-json\/wp\/v2\/types\/page"}],"author":[{"embeddable":true,"href":"https:\/\/elfsight.com\/es\/wp-json\/wp\/v2\/users\/9"}],"replies":[{"embeddable":true,"href":"https:\/\/elfsight.com\/es\/wp-json\/wp\/v2\/comments?post=8595"}],"version-history":[{"count":2,"href":"https:\/\/elfsight.com\/es\/wp-json\/wp\/v2\/pages\/8595\/revisions"}],"predecessor-version":[{"id":18469,"href":"https:\/\/elfsight.com\/es\/wp-json\/wp\/v2\/pages\/8595\/revisions\/18469"}],"up":[{"embeddable":true,"href":"https:\/\/elfsight.com\/es\/wp-json\/wp\/v2\/pages\/543"}],"wp:attachment":[{"href":"https:\/\/elfsight.com\/es\/wp-json\/wp\/v2\/media?parent=8595"}],"curies":[{"name":"wp","href":"https:\/\/api.w.org\/{rel}","templated":true}]}}