{"id":8588,"date":"1970-01-01T00:00:00","date_gmt":"1970-01-01T00:00:00","guid":{"rendered":"https:\/\/elfsight.com\/es\/?page_id=8588"},"modified":"2025-02-06T15:35:20","modified_gmt":"2025-02-06T15:35:20","slug":"iframe","status":"publish","type":"page","link":"https:\/\/elfsight.com\/es\/back-to-top-widget\/iframe\/","title":{"rendered":"Back to Top &#8211; iFrame"},"content":{"rendered":"<div class=\"application-platform-content-item-description application-platform-content-item\" id=\"description\" data-nav-section=\"description\"> <h2>Insertar Volver arriba en iFrame con el widget Elfsight<\/h2> <p> Volver arriba es un widget sencillo para iFrame que permite a los visitantes del sitio regresar r\u00e1pida y f\u00e1cilmente a la parte superior de su sitio web despu\u00e9s de desplazarse por p\u00e1ginas largas. La audiencia de su p\u00e1gina web ya no necesitar\u00e1 buscar el bot\u00f3n Inicio y arrastrar la barra de desplazamiento por toda la p\u00e1gina. Nuestra herramienta Volver al principio de la p\u00e1gina se puede personalizar f\u00e1cilmente de la manera que necesite: h\u00e1gala cuadrada o redonda, modifique su color, tama\u00f1o y col\u00f3quela en cualquier lugar de su sitio web para mejorar la experiencia de usuario. El bot\u00f3n se puede mostrar en cualquier tipo de dispositivo, desde un tel\u00e9fono inteligente hasta una computadora de escritorio. <\/p> <p><b>Utilice una herramienta m\u00e1s conveniente para desplazarse hacia la parte superior del contenido para brindar una experiencia de usuario maravillosa<\/b><\/p> <\/div> <div class=\"application-platform-content-item-features application-platform-content-item\" id=\"features\" data-nav-section=\"features\"> <h2>Conozca la lista de las mejores caracter\u00edsticas: <\/h2> <ul><li>Cambiar el color del bot\u00f3n<\/li><li>Incrustar el bot\u00f3n en: cada p\u00e1gina, peculiar o los excluidos<\/li><li>Especifique la velocidad de desplazamiento<\/li><li>8 posiciones de botones disponibles<\/li><li>Dos tipos de botones: flotantes o incrustados<\/li><\/ul><p><a href=\"#demo\">Explore todas las configuraciones en una demostraci\u00f3n con todas las funciones<\/a><\/p> <\/div> <div class=\"application-platform-content-item-installation application-platform-content-item\" id=\"installation\" data-nav-section=\"installation\"> <h2>\u00bfC\u00f3mo agrego Volver al principio a mi sitio iFrame? <\/h2> <p>Simplemente siga varios pasos que se describen a continuaci\u00f3n para agregar la herramienta. <\/p> <ol><li><b>Al iniciar nuestro editor gratuito, comience a crear su instrumento personalizado. <\/b><br> Determine el dise\u00f1o y las caracter\u00edsticas preferidos de la herramienta y guarde las ediciones. <\/li> <li><b>Adquiera su c\u00f3digo personal que se muestra en el cuadro de Elfsight Apps. <\/b><br> Cuando se complete la configuraci\u00f3n de su herramienta personal, copie el c\u00f3digo individual de la ventana que aparece y gu\u00e1rdelo para futuras ocasiones. <\/li> <li><b>Empiece a utilizar la herramienta en su sitio web iFrame. <\/b><br>Incrusta el c\u00f3digo que has copiado recientemente en tu sitio web y guarda las correcciones. <\/li> <li><b>La instalaci\u00f3n ha finalizado por completo. <\/b><br> Vaya a su p\u00e1gina para ver en acci\u00f3n el rendimiento del widget. <\/li><\/ol> <p>Si encuentra alg\u00fan obst\u00e1culo, no dude en escribir a nuestro personal de soporte. Nuestra gente estar\u00e1 encantada de ayudarle con todas las dificultades que pueda tener con la herramienta. <\/p> <div class=\"faq\" data-component=\"FAQ\"><div class=\"faq-item\">\r\n\t\t\t\t\t<div class=\"faq-item-question\">\r\n\t\t\t\t\t\t<h3 class=\"faq-item-question-text\">\u00bfC\u00f3mo puedo agregar Volver arriba a mi sitio web iFrame sin conocimientos de codificaci\u00f3n?<\/h3>\r\n\r\n\t\t\t\t\t\t<div class=\"faq-item-question-icon\"><\/div>\r\n\t\t\t\t\t<\/div>\r\n\r\n\t\t\t\t\t<div class=\"faq-item-answer\">\r\n\t\t\t\t\t\t<div class=\"faq-item-answer-text\"> <p>Elfsight proporciona una soluci\u00f3n SaaS que le permite crear un widget Volver arriba usted mismo. Vea lo f\u00e1cil que es el proceso: trabaje directamente en el editor en l\u00ednea para crear un widget Volver arriba que le gustar\u00eda ver en su sitio web iFrame. Elija una de las plantillas predise\u00f1adas y ajuste la configuraci\u00f3n de Volver al principio, agregue su contenido, cambie el dise\u00f1o y los colores sin conocimientos de codificaci\u00f3n. Guarde Volver arriba y copie su c\u00f3digo de instalaci\u00f3n, que puede pegar en su sitio web iFrame sin comprar una suscripci\u00f3n paga. Con nuestro editor intuitivo, cualquier usuario de Internet puede crear un widget Volver al principio en l\u00ednea e incrustarlo f\u00e1cilmente en su sitio web iFrame. No es necesario pagar ni ingresar las credenciales de su tarjeta para acceder al servicio. Si tiene alg\u00fan problema en cualquier paso, no dude en ponerse en contacto con nuestro equipo de soporte t\u00e9cnico.<\/p> <\/div>\r\n\t\t\t\t\t<\/div>\r\n\t\t\t\t<\/div> <\/div><\/div>","protected":false},"excerpt":{"rendered":"","protected":false},"author":9,"featured_media":0,"parent":543,"menu_order":0,"comment_status":"closed","ping_status":"closed","template":"templates\/template-application-platform.php","meta":{"publish_to_discourse":"","publish_post_category":"","wpdc_auto_publish_overridden":"","wpdc_topic_tags":"","wpdc_pin_topic":"","wpdc_pin_until":"","discourse_post_id":"","discourse_permalink":"","wpdc_publishing_response":"","wpdc_publishing_error":"","footnotes":""},"class_list":["post-8588","page","type-page","status-publish","hentry"],"yoast_head":"<!-- This site is optimized with the Yoast SEO plugin v25.3.1 - https:\/\/yoast.com\/wordpress\/plugins\/seo\/ -->\n<title>Volver al principio: agregue el complemento Desplazarse al principio al iFrame (gratis y r\u00e1pido)<\/title>\n<meta name=\"description\" content=\"Agregue r\u00e1pidamente un bot\u00f3n responsivo Volver al principio en su sitio web iFrame. Utilice nuestra \u00fatil demostraci\u00f3n para crear su caracter\u00edstica \u00fanica en 1-2-3.\" \/>\n<meta name=\"robots\" content=\"index, follow, max-snippet:-1, max-image-preview:large, max-video-preview:-1\" \/>\n<link rel=\"canonical\" href=\"https:\/\/elfsight.com\/es\/back-to-top-widget\/iframe\/\" \/>\n<meta property=\"og:locale\" content=\"es_ES\" \/>\n<meta property=\"og:type\" content=\"article\" \/>\n<meta property=\"og:title\" content=\"Volver al principio: agregue el complemento Desplazarse al principio al iFrame (gratis y r\u00e1pido)\" \/>\n<meta property=\"og:description\" content=\"Agregue r\u00e1pidamente un bot\u00f3n responsivo Volver al principio en su sitio web iFrame. Utilice nuestra \u00fatil demostraci\u00f3n para crear su caracter\u00edstica \u00fanica en 1-2-3.\" \/>\n<meta property=\"og:url\" content=\"https:\/\/elfsight.com\/es\/back-to-top-widget\/iframe\/\" \/>\n<meta property=\"og:site_name\" content=\"Elfsight ES\" \/>\n<meta property=\"article:modified_time\" content=\"2025-02-06T15:35:20+00:00\" \/>\n<meta name=\"twitter:card\" content=\"summary_large_image\" \/>\n<meta name=\"twitter:label1\" content=\"Tiempo de lectura\" \/>\n\t<meta name=\"twitter:data1\" content=\"3 minutos\" \/>\n<!-- \/ Yoast SEO plugin. -->","yoast_head_json":{"title":"Volver al principio: agregue el complemento Desplazarse al principio al iFrame (gratis y r\u00e1pido)","description":"Agregue r\u00e1pidamente un bot\u00f3n responsivo Volver al principio en su sitio web iFrame. Utilice nuestra \u00fatil demostraci\u00f3n para crear su caracter\u00edstica \u00fanica en 1-2-3.","robots":{"index":"index","follow":"follow","max-snippet":"max-snippet:-1","max-image-preview":"max-image-preview:large","max-video-preview":"max-video-preview:-1"},"canonical":"https:\/\/elfsight.com\/es\/back-to-top-widget\/iframe\/","og_locale":"es_ES","og_type":"article","og_title":"Volver al principio: agregue el complemento Desplazarse al principio al iFrame (gratis y r\u00e1pido)","og_description":"Agregue r\u00e1pidamente un bot\u00f3n responsivo Volver al principio en su sitio web iFrame. Utilice nuestra \u00fatil demostraci\u00f3n para crear su caracter\u00edstica \u00fanica en 1-2-3.","og_url":"https:\/\/elfsight.com\/es\/back-to-top-widget\/iframe\/","og_site_name":"Elfsight ES","article_modified_time":"2025-02-06T15:35:20+00:00","twitter_card":"summary_large_image","twitter_misc":{"Tiempo de lectura":"3 minutos"},"schema":{"@context":"https:\/\/schema.org","@graph":[{"@type":"WebPage","@id":"https:\/\/elfsight.com\/es\/back-to-top-widget\/iframe\/","url":"https:\/\/elfsight.com\/es\/back-to-top-widget\/iframe\/","name":"Volver al principio: agregue el complemento Desplazarse al principio al iFrame (gratis y r\u00e1pido)","isPartOf":{"@id":"https:\/\/elfsight.com\/es\/#website"},"datePublished":"1970-01-01T00:00:00+00:00","dateModified":"2025-02-06T15:35:20+00:00","description":"Agregue r\u00e1pidamente un bot\u00f3n responsivo Volver al principio en su sitio web iFrame. Utilice nuestra \u00fatil demostraci\u00f3n para crear su caracter\u00edstica \u00fanica en 1-2-3.","breadcrumb":{"@id":"https:\/\/elfsight.com\/es\/back-to-top-widget\/iframe\/#breadcrumb"},"inLanguage":"es","potentialAction":[{"@type":"ReadAction","target":["https:\/\/elfsight.com\/es\/back-to-top-widget\/iframe\/"]}]},{"@type":"BreadcrumbList","@id":"https:\/\/elfsight.com\/es\/back-to-top-widget\/iframe\/#breadcrumb","itemListElement":[{"@type":"ListItem","position":1,"name":"Home","item":"https:\/\/elfsight.com\/es\/"},{"@type":"ListItem","position":2,"name":"Back to Top","item":"https:\/\/elfsight.com\/es\/back-to-top-widget\/"},{"@type":"ListItem","position":3,"name":"Back to Top &#8211; iFrame"}]},{"@type":"WebSite","@id":"https:\/\/elfsight.com\/es\/#website","url":"https:\/\/elfsight.com\/es\/","name":"Elfsight ES","description":"Just another Elfsight Sites site","potentialAction":[{"@type":"SearchAction","target":{"@type":"EntryPoint","urlTemplate":"https:\/\/elfsight.com\/es\/?s={search_term_string}"},"query-input":{"@type":"PropertyValueSpecification","valueRequired":true,"valueName":"search_term_string"}}],"inLanguage":"es"}]}},"meta_box":{"industry":"","seo_heading":"","heading":"","description":"","cta_heading":"","cta_description":"","application":"542","h1":"iFrame Volver al widget superior","h1_caption":"Ofrezca a su audiencia otra herramienta que complementar\u00e1 el rendimiento general de su sitio web.","application_category":[],"applications_title":"","applications_request_title":"","applications_request_button_text":"","hero_text":"","hero_video":"","hero_video_schema_markup":"","selling_points_title":"","selling_points_caption":"","selling_points":[],"selling_points_cta_text":"","features_title":"","features":"","ed_cta_examples_text":"","ed_cta_examples_hidden":"","ed_cta_demo_text":"","ed_cta_demo_hidden":"","why_caption":"","why_editor_title":"","why_editor_text":"","why_team_title":"","why_team_text":"","why_service_title":"","why_service_text":"","template_catalog_visible":"","template_catalog_title":"","template_catalog_text":"","template_catalog_categories_visible":"","demo_title":"Crea tu widget Volver al principio","demo_caption":"Configure su Volver al inicio y agr\u00e9guelo a su sitio web iFrame de forma gratuita.","default_faq_hidden":"","app_template_category":[],"platform":"2192","template_public_id":"","codecanyon_url":"","codecanyon_item_id":"","codecanyon_price":"","pricing_caption":"","pricing_elfsight_apps_hide_column":"","pricing_elfsight_apps_url":"","pricing_codecanyon_price_caption":"","integration_category":[],"integration_request_title":"","integration_request_cta":"","integration_platform":"","integrations":[],"platform_category":[],"video_schema_markup":"","price":"desde $0 \/ mes","trial":"","benefits":[{"text":"Asistencia de instalaci\u00f3n gratuita"},{"text":"Servicio al cliente competente"},{"text":"Garant\u00eda de devoluci\u00f3n de dinero de 14 d\u00edas"},{"text":"Desarrollo continuo"}],"button_url":"#demo","button_target_blank":"","button_nofollow":"","attributes":[{"name":"Instalaciones","content":"10,000 - 100,000"},{"name":"Sensible","content":"S\u00ed"},{"name":"Navegadores compatibles","content":"Firefox, Opera, Safari, Edge, Chrome"}],"tags":[],"tags_disable_links":"","hide_more_platforms":"","video_object":"","demo_hide_cta":"","demo_hide_cloud_options":"","pricing_title":"","pricing":[{"pricing_icon":"platform","pricing_title":"Elfsight Apps","pricing_title_caption":"Soluci\u00f3n digital independiente de plataforma que funciona en cualquier sitio web","pricing_price":"desde $0 \/ mes","pricing_price_caption":"comienza con el plan gratuito","pricing_benefits":[{"text":"N\u00famero ilimitado de dominios"},{"text":"Soporte dedicado y puntual"},{"text":"Ayuda de instalaci\u00f3n gratuita"},{"text":"Gran oferta para m\u00faltiples aplicaciones"}],"pricing_button_text":"A\u00f1adir al sitio web","pricing_button_url":"#demo"}],"related_apps_title":"","related_apps_hidden":"","author":"","image":[],"title":"","job":"","social_networks":[]},"_links":{"self":[{"href":"https:\/\/elfsight.com\/es\/wp-json\/wp\/v2\/pages\/8588","targetHints":{"allow":["GET"]}}],"collection":[{"href":"https:\/\/elfsight.com\/es\/wp-json\/wp\/v2\/pages"}],"about":[{"href":"https:\/\/elfsight.com\/es\/wp-json\/wp\/v2\/types\/page"}],"author":[{"embeddable":true,"href":"https:\/\/elfsight.com\/es\/wp-json\/wp\/v2\/users\/9"}],"replies":[{"embeddable":true,"href":"https:\/\/elfsight.com\/es\/wp-json\/wp\/v2\/comments?post=8588"}],"version-history":[{"count":2,"href":"https:\/\/elfsight.com\/es\/wp-json\/wp\/v2\/pages\/8588\/revisions"}],"predecessor-version":[{"id":18472,"href":"https:\/\/elfsight.com\/es\/wp-json\/wp\/v2\/pages\/8588\/revisions\/18472"}],"up":[{"embeddable":true,"href":"https:\/\/elfsight.com\/es\/wp-json\/wp\/v2\/pages\/543"}],"wp:attachment":[{"href":"https:\/\/elfsight.com\/es\/wp-json\/wp\/v2\/media?parent=8588"}],"curies":[{"name":"wp","href":"https:\/\/api.w.org\/{rel}","templated":true}]}}