{"id":8587,"date":"1970-01-01T00:00:00","date_gmt":"1970-01-01T00:00:00","guid":{"rendered":"https:\/\/elfsight.com\/es\/?page_id=8587"},"modified":"2025-02-06T15:35:20","modified_gmt":"2025-02-06T15:35:20","slug":"html","status":"publish","type":"page","link":"https:\/\/elfsight.com\/es\/back-to-top-widget\/html\/","title":{"rendered":"Back to Top &#8211; HTML"},"content":{"rendered":"<div class=\"application-platform-content-item-description application-platform-content-item\" id=\"description\" data-nav-section=\"description\"> <h2>Descripci\u00f3n<\/h2> <p> Volver al principio es un widget simple para HTML que permite a los usuarios regresar r\u00e1pida y f\u00e1cilmente a la parte superior de su sitio web despu\u00e9s de desplazarse por p\u00e1ginas largas. Los visitantes de su sitio web ya no necesitar\u00e1n buscar el bot\u00f3n Inicio y arrastrar la barra de desplazamiento por toda la p\u00e1gina. Nuestro complemento Volver al inicio se puede personalizar como mejor le convenga: h\u00e1galo cuadrado o redondo, modifique su color, tama\u00f1o y col\u00f3quelo en cualquier lugar de la p\u00e1gina para mejorar la experiencia del usuario. El bot\u00f3n se puede demostrar en cualquier dispositivo, desde un tel\u00e9fono inteligente hasta una computadora de escritorio. <\/p> <p><b>Utilice otra herramienta conveniente para ir al bot\u00f3n superior para mantener una experiencia de usuario perfecta<\/b><\/p> <\/div> <div class=\"application-platform-content-item-features application-platform-content-item\" id=\"features\" data-nav-section=\"features\"> <h2>Las caracter\u00edsticas esenciales del widget incluyen<\/h2> <ul><li>Cambiar el color del bot\u00f3n<\/li><li>Agregar el complemento en: cada p\u00e1gina, peculiar o excluida<\/li><li>Indicar el desplazamiento velocidad<\/li><li>Ocho posiciones de botones disponibles<\/li><li>Dos tipos de botones: flotantes o incrustados<\/li><\/ul><p><a href=\"#demo\">Puedes probar todas las capacidades del widget en la demostraci\u00f3n <\/a><\/p> <\/div> <div class=\"application-platform-content-item-installation application-platform-content-item\" id=\"installation\" data-nav-section=\"installation\"> <h2>\u00bfC\u00f3mo puedo incrustar el desplazamiento hacia arriba en mi p\u00e1gina web HTML? <\/h2> <p>Simplemente siga los pasos que se describen a continuaci\u00f3n para comenzar a trabajar con la herramienta. <\/p> <ol><li><b>Con nuestra demostraci\u00f3n gratuita, comience a crear su widget personalizado. <\/b><br> Encuentre el aspecto y las caracter\u00edsticas deseables del widget y aplique las correcciones. <\/li> <li><b>Reciba su c\u00f3digo \u00fanico que aparece en el cuadro de Elfsight Apps. <\/b><br> Una vez completada la configuraci\u00f3n de su complemento personal, copie el c\u00f3digo exclusivo en el cuadro que aparece y gu\u00e1rdelo para usarlo en el futuro. <\/li> <li><b>Comience a utilizar el widget en el sitio HTML. <\/b><br> Inserta el c\u00f3digo copiado recientemente en tu p\u00e1gina de inicio y guarda las correcciones. <\/li> <li><b>\u00a1Ya terminaste! La incrustaci\u00f3n se realiza con \u00e9xito. <\/b><br> Vaya a su sitio web para observar el rendimiento del complemento. <\/li><\/ol> <p>Suponiendo que tenga algunas dificultades, solicite nuestro personal de soporte. Nuestros asesores estar\u00e1n encantados de resolver todas las dudas que puedas tener con el widget. <\/p> <\/div><div class=\"faq\" data-component=\"FAQ\"><div class=\"faq-item\">\r\n\t\t\t\t\t<div class=\"faq-item-question\">\r\n\t\t\t\t\t\t<h3 class=\"faq-item-question-text\">\u00bfC\u00f3mo puedo agregar un Volver al principio al sitio web HTML?<\/h3>\r\n\r\n\t\t\t\t\t\t<div class=\"faq-item-question-icon\"><\/div>\r\n\t\t\t\t\t<\/div>\r\n\r\n\t\t\t\t\t<div class=\"faq-item-answer\">\r\n\t\t\t\t\t\t<div class=\"faq-item-answer-text\"><p>La creaci\u00f3n del widget ocurre en las p\u00e1ginas de Elfsight y no es necesario aprender a codificar. Abra la demostraci\u00f3n activa para crear su propia herramienta, obtenga el c\u00f3digo e ins\u00e9rtelo en su sitio web. <\/p><\/div>\r\n\t\t\t\t\t<\/div>\r\n\t\t\t\t<\/div><div class=\"faq-item\">\r\n\t\t\t\t\t<div class=\"faq-item-question\">\r\n\t\t\t\t\t\t<h3 class=\"faq-item-question-text\">Las mejores formas de utilizar la integraci\u00f3n de desplazamiento hacia arriba<\/h3>\r\n\r\n\t\t\t\t\t\t<div class=\"faq-item-question-icon\"><\/div>\r\n\t\t\t\t\t<\/div>\r\n\r\n\t\t\t\t\t<div class=\"faq-item-answer\">\r\n\t\t\t\t\t\t<div class=\"faq-item-answer-text\"><p>Ofrecemos muchas opciones de ajuste: widgets completos para implementar en el \u00e1rea de contenido, complementos flotantes con opciones de desplazamiento, miniaturas para el pie de p\u00e1gina de su sitio web, encabezado y todo tipo de opciones verticales para barras laterales y men\u00fas. <\/p><\/div>\r\n\t\t\t\t\t<\/div>\r\n\t\t\t\t<\/div><div class=\"faq-item\">\r\n\t\t\t\t\t<div class=\"faq-item-question\">\r\n\t\t\t\t\t\t<h3 class=\"faq-item-question-text\">\u00bfPuedo crear un bot\u00f3n discreto para volver al principio con la ayuda del editor?<\/h3>\r\n\r\n\t\t\t\t\t\t<div class=\"faq-item-question-icon\"><\/div>\r\n\t\t\t\t\t<\/div>\r\n\r\n\t\t\t\t\t<div class=\"faq-item-answer\">\r\n\t\t\t\t\t\t<div class=\"faq-item-answer-text\"><p>Eres libre de crear las modificaciones de cualquier widget. Hay una amplia gama de dise\u00f1os disponibles en el editor y todos ellos pueden personalizarse r\u00e1pidamente seg\u00fan sus necesidades. <\/p><\/div>\r\n\t\t\t\t\t<\/div>\r\n\t\t\t\t<\/div><\/div><p><\/p>","protected":false},"excerpt":{"rendered":"","protected":false},"author":9,"featured_media":0,"parent":543,"menu_order":0,"comment_status":"closed","ping_status":"closed","template":"templates\/template-application-platform.php","meta":{"publish_to_discourse":"","publish_post_category":"","wpdc_auto_publish_overridden":"","wpdc_topic_tags":"","wpdc_pin_topic":"","wpdc_pin_until":"","discourse_post_id":"","discourse_permalink":"","wpdc_publishing_response":"","wpdc_publishing_error":"","footnotes":""},"class_list":["post-8587","page","type-page","status-publish","hentry"],"yoast_head":"<!-- This site is optimized with the Yoast SEO plugin v25.3.1 - https:\/\/yoast.com\/wordpress\/plugins\/seo\/ -->\n<title>Volver al principio: agregar el bot\u00f3n Desplazarse al principio a HTML (gratis y r\u00e1pido)<\/title>\n<meta name=\"description\" content=\"Incruste un widget Ir al principio accesible en su sitio web HTML sin esfuerzo. Utilice nuestra \u00fatil demostraci\u00f3n para crear su complemento \u00fanico en 1-2-3.\" \/>\n<meta name=\"robots\" content=\"index, follow, max-snippet:-1, max-image-preview:large, max-video-preview:-1\" \/>\n<link rel=\"canonical\" href=\"https:\/\/elfsight.com\/es\/back-to-top-widget\/html\/\" \/>\n<meta property=\"og:locale\" content=\"es_ES\" \/>\n<meta property=\"og:type\" content=\"article\" \/>\n<meta property=\"og:title\" content=\"Volver al principio: agregar el bot\u00f3n Desplazarse al principio a HTML (gratis y r\u00e1pido)\" \/>\n<meta property=\"og:description\" content=\"Incruste un widget Ir al principio accesible en su sitio web HTML sin esfuerzo. Utilice nuestra \u00fatil demostraci\u00f3n para crear su complemento \u00fanico en 1-2-3.\" \/>\n<meta property=\"og:url\" content=\"https:\/\/elfsight.com\/es\/back-to-top-widget\/html\/\" \/>\n<meta property=\"og:site_name\" content=\"Elfsight ES\" \/>\n<meta property=\"article:modified_time\" content=\"2025-02-06T15:35:20+00:00\" \/>\n<meta name=\"twitter:card\" content=\"summary_large_image\" \/>\n<meta name=\"twitter:label1\" content=\"Tiempo de lectura\" \/>\n\t<meta name=\"twitter:data1\" content=\"3 minutos\" \/>\n<!-- \/ Yoast SEO plugin. -->","yoast_head_json":{"title":"Volver al principio: agregar el bot\u00f3n Desplazarse al principio a HTML (gratis y r\u00e1pido)","description":"Incruste un widget Ir al principio accesible en su sitio web HTML sin esfuerzo. Utilice nuestra \u00fatil demostraci\u00f3n para crear su complemento \u00fanico en 1-2-3.","robots":{"index":"index","follow":"follow","max-snippet":"max-snippet:-1","max-image-preview":"max-image-preview:large","max-video-preview":"max-video-preview:-1"},"canonical":"https:\/\/elfsight.com\/es\/back-to-top-widget\/html\/","og_locale":"es_ES","og_type":"article","og_title":"Volver al principio: agregar el bot\u00f3n Desplazarse al principio a HTML (gratis y r\u00e1pido)","og_description":"Incruste un widget Ir al principio accesible en su sitio web HTML sin esfuerzo. Utilice nuestra \u00fatil demostraci\u00f3n para crear su complemento \u00fanico en 1-2-3.","og_url":"https:\/\/elfsight.com\/es\/back-to-top-widget\/html\/","og_site_name":"Elfsight ES","article_modified_time":"2025-02-06T15:35:20+00:00","twitter_card":"summary_large_image","twitter_misc":{"Tiempo de lectura":"3 minutos"},"schema":{"@context":"https:\/\/schema.org","@graph":[{"@type":"WebPage","@id":"https:\/\/elfsight.com\/es\/back-to-top-widget\/html\/","url":"https:\/\/elfsight.com\/es\/back-to-top-widget\/html\/","name":"Volver al principio: agregar el bot\u00f3n Desplazarse al principio a HTML (gratis y r\u00e1pido)","isPartOf":{"@id":"https:\/\/elfsight.com\/es\/#website"},"datePublished":"1970-01-01T00:00:00+00:00","dateModified":"2025-02-06T15:35:20+00:00","description":"Incruste un widget Ir al principio accesible en su sitio web HTML sin esfuerzo. Utilice nuestra \u00fatil demostraci\u00f3n para crear su complemento \u00fanico en 1-2-3.","breadcrumb":{"@id":"https:\/\/elfsight.com\/es\/back-to-top-widget\/html\/#breadcrumb"},"inLanguage":"es","potentialAction":[{"@type":"ReadAction","target":["https:\/\/elfsight.com\/es\/back-to-top-widget\/html\/"]}]},{"@type":"BreadcrumbList","@id":"https:\/\/elfsight.com\/es\/back-to-top-widget\/html\/#breadcrumb","itemListElement":[{"@type":"ListItem","position":1,"name":"Home","item":"https:\/\/elfsight.com\/es\/"},{"@type":"ListItem","position":2,"name":"Back to Top","item":"https:\/\/elfsight.com\/es\/back-to-top-widget\/"},{"@type":"ListItem","position":3,"name":"Back to Top &#8211; HTML"}]},{"@type":"WebSite","@id":"https:\/\/elfsight.com\/es\/#website","url":"https:\/\/elfsight.com\/es\/","name":"Elfsight ES","description":"Just another Elfsight Sites site","potentialAction":[{"@type":"SearchAction","target":{"@type":"EntryPoint","urlTemplate":"https:\/\/elfsight.com\/es\/?s={search_term_string}"},"query-input":{"@type":"PropertyValueSpecification","valueRequired":true,"valueName":"search_term_string"}}],"inLanguage":"es"}]}},"meta_box":{"industry":"","seo_heading":"","heading":"","description":"","cta_heading":"","cta_description":"","application":"542","h1":"Widget HTML para volver al principio","h1_caption":"Equipe a su audiencia con otra opci\u00f3n que complementar\u00e1 el rendimiento de su sitio.","application_category":[],"applications_title":"","applications_request_title":"","applications_request_button_text":"","hero_text":"","hero_video":"","hero_video_schema_markup":"","selling_points_title":"","selling_points_caption":"","selling_points":[],"selling_points_cta_text":"","features_title":"","features":"","ed_cta_examples_text":"","ed_cta_examples_hidden":"","ed_cta_demo_text":"","ed_cta_demo_hidden":"","why_caption":"","why_editor_title":"","why_editor_text":"","why_team_title":"","why_team_text":"","why_service_title":"","why_service_text":"","template_catalog_visible":"","template_catalog_title":"","template_catalog_text":"","template_catalog_categories_visible":"","demo_title":"Crea tu widget Volver al principio","demo_caption":"\u00a1Configure su Volver al inicio y agr\u00e9guelo a su sitio web HTML de forma gratuita!","default_faq_hidden":"","app_template_category":[],"platform":"70","template_public_id":"","codecanyon_url":"","codecanyon_item_id":"","codecanyon_price":"","pricing_caption":"","pricing_elfsight_apps_hide_column":"","pricing_elfsight_apps_url":"","pricing_codecanyon_price_caption":"","integration_category":[],"integration_request_title":"","integration_request_cta":"","integration_platform":"","integrations":[],"platform_category":[],"video_schema_markup":"","price":"desde $0 \/ mes","trial":"","benefits":[{"text":"Servicio de instalaci\u00f3n gratuito"},{"text":"Soporte premium"},{"text":"Garant\u00eda de reembolso de 14 d\u00edas"},{"text":"Actualizaciones gratuitas peri\u00f3dicas"}],"button_url":"#demo","button_target_blank":"","button_nofollow":"","attributes":[{"name":"Instalaciones","content":"10,000 - 100,000"},{"name":"Sensible","content":"S\u00ed"},{"name":"Navegadores compatibles","content":"Firefox, Safari, Opera, Chrome, Edge"}],"tags":[],"tags_disable_links":"","hide_more_platforms":"","video_object":"","demo_hide_cta":"","demo_hide_cloud_options":"","pricing_title":"","pricing":[{"pricing_icon":"platform","pricing_title":"Elfsight Apps","pricing_title_caption":"Soluci\u00f3n multiplataforma","pricing_price":"desde $0 \/ mes","pricing_price_caption":"comienza con el plan gratuito","pricing_benefits":[{"text":"Sitios web ilimitados"},{"text":"Atenci\u00f3n al cliente r\u00e1pida"},{"text":"Ayuda de instalaci\u00f3n gratuita"},{"text":"Oferta especial para m\u00faltiples aplicaciones."}],"pricing_button_text":"A\u00f1adir al sitio web","pricing_button_url":"#demo"}],"related_apps_title":"","related_apps_hidden":"","author":"","image":[],"title":"","job":"","social_networks":[]},"_links":{"self":[{"href":"https:\/\/elfsight.com\/es\/wp-json\/wp\/v2\/pages\/8587","targetHints":{"allow":["GET"]}}],"collection":[{"href":"https:\/\/elfsight.com\/es\/wp-json\/wp\/v2\/pages"}],"about":[{"href":"https:\/\/elfsight.com\/es\/wp-json\/wp\/v2\/types\/page"}],"author":[{"embeddable":true,"href":"https:\/\/elfsight.com\/es\/wp-json\/wp\/v2\/users\/9"}],"replies":[{"embeddable":true,"href":"https:\/\/elfsight.com\/es\/wp-json\/wp\/v2\/comments?post=8587"}],"version-history":[{"count":2,"href":"https:\/\/elfsight.com\/es\/wp-json\/wp\/v2\/pages\/8587\/revisions"}],"predecessor-version":[{"id":18473,"href":"https:\/\/elfsight.com\/es\/wp-json\/wp\/v2\/pages\/8587\/revisions\/18473"}],"up":[{"embeddable":true,"href":"https:\/\/elfsight.com\/es\/wp-json\/wp\/v2\/pages\/543"}],"wp:attachment":[{"href":"https:\/\/elfsight.com\/es\/wp-json\/wp\/v2\/media?parent=8587"}],"curies":[{"name":"wp","href":"https:\/\/api.w.org\/{rel}","templated":true}]}}