{"id":8586,"date":"1970-01-01T00:00:00","date_gmt":"1970-01-01T00:00:00","guid":{"rendered":"https:\/\/elfsight.com\/es\/?page_id=8586"},"modified":"2025-02-06T15:35:29","modified_gmt":"2025-02-06T15:35:29","slug":"google-sites","status":"publish","type":"page","link":"https:\/\/elfsight.com\/es\/back-to-top-widget\/google-sites\/","title":{"rendered":"Back to Top &#8211; Google Sites"},"content":{"rendered":"<div class=\"application-platform-content-item-description application-platform-content-item\" id=\"description\" data-nav-section=\"description\"> <h2>Insertar volver al principio en Google Sites con el widget de Elfsight<\/h2> <p>El bot\u00f3n Desplazarse al principio es un complemento sencillo para Google Sites que permite a los visitantes del sitio regresar r\u00e1pida y f\u00e1cilmente a la parte superior de su sitio web despu\u00e9s de desplazarse por p\u00e1ginas largas. Los visitantes de su sitio web ya no necesitar\u00e1n buscar la tecla Inicio y arrastrar la barra de desplazamiento por la p\u00e1gina. Nuestro bot\u00f3n Volver al principio se puede adaptar f\u00e1cilmente a sus necesidades: h\u00e1galo cuadrado o redondo, cambie su color, tama\u00f1o y col\u00f3quelo en cualquier lugar de su sitio web para mejorar la experiencia del usuario. El bot\u00f3n se puede mostrar en cualquier dispositivo, desde dispositivos m\u00f3viles hasta computadoras de escritorio.<\/p> <p><b>Utilice un \u00fatil widget de desplazamiento m\u00e1s para brindar una experiencia de usuario fant\u00e1stica<\/b><\/p> <\/div> <div class=\"application-platform-content-item-features application-platform-content-item\" id=\"features\" data-nav-section=\"features\"> <h2>Estudie la lista de las funciones m\u00e1s importantes:<\/h2> <ul><li>Vuelva a pintar el bot\u00f3n<\/li><li>Coloque el complemento en: cada p\u00e1gina, espec\u00edfica o los excluidos<\/li><li>Indique la velocidad de desplazamiento<\/li><li>Ocho posiciones de botones para que usted elija<\/li><li>2 clases de botones: flotantes o incrustados<\/li><\/ul><p><a href=\"#demo\">Puede probar todas las capacidades del widget en la demostraci\u00f3n ahora mismo<\/a><\/p> <\/div> <div class=\"application-platform-content-item-installation application-platform-content-item\" id=\"installation\" data-nav-section=\"installation\"> <h2>C\u00f3mo \u00bfPuedo agregar el bot\u00f3n Volver al principio a mis sitios de Google? <\/h2> <p>Simplemente aplique las instrucciones a continuaci\u00f3n para comenzar a trabajar con el widget de desplazamiento. <\/p> <ol><li><b>Lanza nuestra demostraci\u00f3n gratuita y comienza a darle forma a tu widget personalizado. <\/b><br> Elija el dise\u00f1o seleccionado y las opciones del complemento y guarde las modificaciones.<\/li> <li><b>Adquiera el c\u00f3digo individual que se muestra en el formulario especial en Elfsight Apps.<\/b><br> Tan pronto como se complete la personalizaci\u00f3n de su complemento personal, copie el c\u00f3digo individual en la ventana emergente que aparece y gu\u00e1rdelo para futuras ocasiones. <\/li> <li><b>Comience a utilizar el bot\u00f3n de desplazamiento en el sitio web de Google.<\/b><br> Agregue el c\u00f3digo copiado anteriormente en su p\u00e1gina web y guarde las correcciones. <\/li> <li><b>\u00a1Listo! La integraci\u00f3n se ha realizado por completo.<\/b><br> Vaya a su sitio para inspeccionar el rendimiento de la herramienta.<\/li><\/ol> [consejo]<b>Debido a las peculiaridades del funcionamiento de Google Sites, el widget puede tener un aspecto diferente al de la demostraci\u00f3n en l\u00ednea. Nos disculpamos por cualquier inconveniente causado.<\/b>[\/tip]<p>En caso de que experimente alguna dificultad, no dude en apelar a nuestro personal de atenci\u00f3n al cliente. Nuestros especialistas est\u00e1n ansiosos por ayudarle con todas las dificultades que pueda tener con el widget.<\/p><div class=\"faq\" data-component=\"FAQ\"><div class=\"faq-item\">\r\n\t\t\t\t\t<div class=\"faq-item-question\">\r\n\t\t\t\t\t\t<h3 class=\"faq-item-question-text\">\u00bfC\u00f3mo agregar Volver arriba a mi sitio web de Google Sites sin conocimientos de codificaci\u00f3n?<\/h3>\r\n\r\n\t\t\t\t\t\t<div class=\"faq-item-question-icon\"><\/div>\r\n\t\t\t\t\t<\/div>\r\n\r\n\t\t\t\t\t<div class=\"faq-item-answer\">\r\n\t\t\t\t\t\t<div class=\"faq-item-answer-text\"> <p>Elfsight proporciona una soluci\u00f3n SaaS que le permite crear un widget Volver arriba usted mismo. Vea lo f\u00e1cil que es el proceso: trabaje directamente en el editor en l\u00ednea para crear un widget Volver arriba que le gustar\u00eda ver en su sitio web de Google Sites. Elija una de las plantillas predise\u00f1adas y ajuste la configuraci\u00f3n de Volver al principio, agregue su contenido, cambie el dise\u00f1o y los colores sin conocimientos de codificaci\u00f3n. Guarde Volver arriba y copie su c\u00f3digo de instalaci\u00f3n, que puede agregar f\u00e1cilmente en su sitio web de Google Sites sin necesidad de comprar una versi\u00f3n paga. Con nuestro editor intuitivo, cualquier usuario de Internet puede crear un widget Volver al principio en l\u00ednea e incrustarlo f\u00e1cilmente en su sitio web de Google Sites. No es necesario pagar ni ingresar las credenciales de su tarjeta para acceder al servicio. Si tiene alg\u00fan problema en cualquier paso, no dude en ponerse en contacto con nuestro equipo de soporte t\u00e9cnico.<\/p> <\/div>\r\n\t\t\t\t\t<\/div>\r\n\t\t\t\t<\/div> <\/div> <\/div><p><\/p>","protected":false},"excerpt":{"rendered":"","protected":false},"author":9,"featured_media":0,"parent":543,"menu_order":0,"comment_status":"closed","ping_status":"closed","template":"templates\/template-application-platform.php","meta":{"publish_to_discourse":"","publish_post_category":"","wpdc_auto_publish_overridden":"","wpdc_topic_tags":"","wpdc_pin_topic":"","wpdc_pin_until":"","discourse_post_id":"","discourse_permalink":"","wpdc_publishing_response":"","wpdc_publishing_error":"","footnotes":""},"class_list":["post-8586","page","type-page","status-publish","hentry"],"yoast_head":"<!-- This site is optimized with the Yoast SEO plugin v25.3.1 - https:\/\/yoast.com\/wordpress\/plugins\/seo\/ -->\n<title>Volver al principio: agregue el bot\u00f3n Desplazarse al principio en Google Sites (gratis y r\u00e1pido)<\/title>\n<meta name=\"description\" content=\"Agregue r\u00e1pidamente un widget Volver al principio accesible en sus sitios de Google. Aplique nuestra pr\u00e1ctica demostraci\u00f3n para crear su widget de desplazamiento exclusivo en 1-2-3.\" \/>\n<meta name=\"robots\" content=\"index, follow, max-snippet:-1, max-image-preview:large, max-video-preview:-1\" \/>\n<link rel=\"canonical\" href=\"https:\/\/elfsight.com\/es\/back-to-top-widget\/google-sites\/\" \/>\n<meta property=\"og:locale\" content=\"es_ES\" \/>\n<meta property=\"og:type\" content=\"article\" \/>\n<meta property=\"og:title\" content=\"Volver al principio: agregue el bot\u00f3n Desplazarse al principio en Google Sites (gratis y r\u00e1pido)\" \/>\n<meta property=\"og:description\" content=\"Agregue r\u00e1pidamente un widget Volver al principio accesible en sus sitios de Google. Aplique nuestra pr\u00e1ctica demostraci\u00f3n para crear su widget de desplazamiento exclusivo en 1-2-3.\" \/>\n<meta property=\"og:url\" content=\"https:\/\/elfsight.com\/es\/back-to-top-widget\/google-sites\/\" \/>\n<meta property=\"og:site_name\" content=\"Elfsight ES\" \/>\n<meta property=\"article:modified_time\" content=\"2025-02-06T15:35:29+00:00\" \/>\n<meta name=\"twitter:card\" content=\"summary_large_image\" \/>\n<meta name=\"twitter:label1\" content=\"Tiempo de lectura\" \/>\n\t<meta name=\"twitter:data1\" content=\"3 minutos\" \/>\n<!-- \/ Yoast SEO plugin. -->","yoast_head_json":{"title":"Volver al principio: agregue el bot\u00f3n Desplazarse al principio en Google Sites (gratis y r\u00e1pido)","description":"Agregue r\u00e1pidamente un widget Volver al principio accesible en sus sitios de Google. Aplique nuestra pr\u00e1ctica demostraci\u00f3n para crear su widget de desplazamiento exclusivo en 1-2-3.","robots":{"index":"index","follow":"follow","max-snippet":"max-snippet:-1","max-image-preview":"max-image-preview:large","max-video-preview":"max-video-preview:-1"},"canonical":"https:\/\/elfsight.com\/es\/back-to-top-widget\/google-sites\/","og_locale":"es_ES","og_type":"article","og_title":"Volver al principio: agregue el bot\u00f3n Desplazarse al principio en Google Sites (gratis y r\u00e1pido)","og_description":"Agregue r\u00e1pidamente un widget Volver al principio accesible en sus sitios de Google. Aplique nuestra pr\u00e1ctica demostraci\u00f3n para crear su widget de desplazamiento exclusivo en 1-2-3.","og_url":"https:\/\/elfsight.com\/es\/back-to-top-widget\/google-sites\/","og_site_name":"Elfsight ES","article_modified_time":"2025-02-06T15:35:29+00:00","twitter_card":"summary_large_image","twitter_misc":{"Tiempo de lectura":"3 minutos"},"schema":{"@context":"https:\/\/schema.org","@graph":[{"@type":"WebPage","@id":"https:\/\/elfsight.com\/es\/back-to-top-widget\/google-sites\/","url":"https:\/\/elfsight.com\/es\/back-to-top-widget\/google-sites\/","name":"Volver al principio: agregue el bot\u00f3n Desplazarse al principio en Google Sites (gratis y r\u00e1pido)","isPartOf":{"@id":"https:\/\/elfsight.com\/es\/#website"},"datePublished":"1970-01-01T00:00:00+00:00","dateModified":"2025-02-06T15:35:29+00:00","description":"Agregue r\u00e1pidamente un widget Volver al principio accesible en sus sitios de Google. Aplique nuestra pr\u00e1ctica demostraci\u00f3n para crear su widget de desplazamiento exclusivo en 1-2-3.","breadcrumb":{"@id":"https:\/\/elfsight.com\/es\/back-to-top-widget\/google-sites\/#breadcrumb"},"inLanguage":"es","potentialAction":[{"@type":"ReadAction","target":["https:\/\/elfsight.com\/es\/back-to-top-widget\/google-sites\/"]}]},{"@type":"BreadcrumbList","@id":"https:\/\/elfsight.com\/es\/back-to-top-widget\/google-sites\/#breadcrumb","itemListElement":[{"@type":"ListItem","position":1,"name":"Home","item":"https:\/\/elfsight.com\/es\/"},{"@type":"ListItem","position":2,"name":"Back to Top","item":"https:\/\/elfsight.com\/es\/back-to-top-widget\/"},{"@type":"ListItem","position":3,"name":"Back to Top &#8211; Google Sites"}]},{"@type":"WebSite","@id":"https:\/\/elfsight.com\/es\/#website","url":"https:\/\/elfsight.com\/es\/","name":"Elfsight ES","description":"Just another Elfsight Sites site","potentialAction":[{"@type":"SearchAction","target":{"@type":"EntryPoint","urlTemplate":"https:\/\/elfsight.com\/es\/?s={search_term_string}"},"query-input":{"@type":"PropertyValueSpecification","valueRequired":true,"valueName":"search_term_string"}}],"inLanguage":"es"}]}},"meta_box":{"industry":"","seo_heading":"","heading":"","description":"","cta_heading":"","cta_description":"","application":"542","h1":"Bot\u00f3n Volver al principio de Google Sites","h1_caption":"Equipe a sus visitantes con otra caracter\u00edstica que ser\u00e1 una adici\u00f3n al rendimiento de su sitio.","application_category":[],"applications_title":"","applications_request_title":"","applications_request_button_text":"","hero_text":"","hero_video":"","hero_video_schema_markup":"","selling_points_title":"","selling_points_caption":"","selling_points":[],"selling_points_cta_text":"","features_title":"","features":"","ed_cta_examples_text":"","ed_cta_examples_hidden":"","ed_cta_demo_text":"","ed_cta_demo_hidden":"","why_caption":"","why_editor_title":"","why_editor_text":"","why_team_title":"","why_team_text":"","why_service_title":"","why_service_text":"","template_catalog_visible":"","template_catalog_title":"","template_catalog_text":"","template_catalog_categories_visible":"","demo_title":"Crea tu widget Volver al principio","demo_caption":"Configure su Volver al inicio y agr\u00e9guelo a su sitio web de Google Sites de forma gratuita.","default_faq_hidden":"","app_template_category":[],"platform":"67","template_public_id":"","codecanyon_url":"","codecanyon_item_id":"","codecanyon_price":"","pricing_caption":"","pricing_elfsight_apps_hide_column":"","pricing_elfsight_apps_url":"","pricing_codecanyon_price_caption":"","integration_category":[],"integration_request_title":"","integration_request_cta":"","integration_platform":"","integrations":[],"platform_category":[],"video_schema_markup":"","price":"desde $0 \/ mes","trial":"","benefits":[{"text":"Servicio de instalaci\u00f3n gratuito"},{"text":"Servicio al cliente eficaz"},{"text":"Garant\u00eda de reembolso de 14 d\u00edas"},{"text":"Mejoras futuras"}],"button_url":"#demo","button_target_blank":"","button_nofollow":"","attributes":[{"name":"Instalaciones","content":"10,000 - 100,000"},{"name":"Sensible","content":"Listo para dispositivos m\u00f3viles primero"},{"name":"Navegadores compatibles","content":"Safari, Opera, Chrome, Firefox, Edge"}],"tags":[],"tags_disable_links":"","hide_more_platforms":"","video_object":"","demo_hide_cta":"","demo_hide_cloud_options":"","pricing_title":"","pricing":[{"pricing_icon":"platform","pricing_title":"Elfsight Apps","pricing_title_caption":"Software independiente de la plataforma","pricing_price":"desde $0 \/ mes","pricing_price_caption":"comienza con el plan gratuito","pricing_benefits":[{"text":"Dominios ilimitados"},{"text":"Soporte profesional y puntual"},{"text":"Ayuda de instalaci\u00f3n gratuita"},{"text":"Oferta especial para m\u00faltiples aplicaciones"}],"pricing_button_text":"A\u00f1adir al sitio web","pricing_button_url":"#demo"}],"related_apps_title":"","related_apps_hidden":"","author":"","image":[],"title":"","job":"","social_networks":[]},"_links":{"self":[{"href":"https:\/\/elfsight.com\/es\/wp-json\/wp\/v2\/pages\/8586","targetHints":{"allow":["GET"]}}],"collection":[{"href":"https:\/\/elfsight.com\/es\/wp-json\/wp\/v2\/pages"}],"about":[{"href":"https:\/\/elfsight.com\/es\/wp-json\/wp\/v2\/types\/page"}],"author":[{"embeddable":true,"href":"https:\/\/elfsight.com\/es\/wp-json\/wp\/v2\/users\/9"}],"replies":[{"embeddable":true,"href":"https:\/\/elfsight.com\/es\/wp-json\/wp\/v2\/comments?post=8586"}],"version-history":[{"count":2,"href":"https:\/\/elfsight.com\/es\/wp-json\/wp\/v2\/pages\/8586\/revisions"}],"predecessor-version":[{"id":18474,"href":"https:\/\/elfsight.com\/es\/wp-json\/wp\/v2\/pages\/8586\/revisions\/18474"}],"up":[{"embeddable":true,"href":"https:\/\/elfsight.com\/es\/wp-json\/wp\/v2\/pages\/543"}],"wp:attachment":[{"href":"https:\/\/elfsight.com\/es\/wp-json\/wp\/v2\/media?parent=8586"}],"curies":[{"name":"wp","href":"https:\/\/api.w.org\/{rel}","templated":true}]}}