{"id":8579,"date":"1970-01-01T00:00:00","date_gmt":"1970-01-01T00:00:00","guid":{"rendered":"https:\/\/elfsight.com\/es\/?page_id=8579"},"modified":"2025-02-06T15:35:29","modified_gmt":"2025-02-06T15:35:29","slug":"elementor","status":"publish","type":"page","link":"https:\/\/elfsight.com\/es\/back-to-top-widget\/elementor\/","title":{"rendered":"Back to Top &#8211; Elementor"},"content":{"rendered":"<div class=\"application-platform-content-item-description application-platform-content-item\" id=\"description\" data-nav-section=\"description\"> <h2>Insertar Volver arriba en Elementor con el widget Elfsight<\/h2> <p>Elfsight Volver arriba es un widget simple para Elementor que permite a los visitantes del sitio regresar inmediatamente y sin problemas a la parte superior de su p\u00e1gina web despu\u00e9s de desplazarse por p\u00e1ginas largas. Los usuarios de su sitio web ya no necesitar\u00e1n buscar el bot\u00f3n Inicio y arrastrar la barra de desplazamiento por la p\u00e1gina. El complemento Volver al inicio se puede personalizar f\u00e1cilmente como m\u00e1s le convenga: h\u00e1galo cuadrado o redondeado, modifique su color, tama\u00f1o y col\u00f3quelo en cualquier lugar de su sitio web para mejorar la experiencia de usuario. El bot\u00f3n se puede mostrar en cualquier dispositivo, desde el m\u00f3vil hasta el escritorio. <\/p> <p><b>Utilice otro pr\u00e1ctico complemento de desplazamiento hacia la parte superior para brindar una experiencia de usuario maravillosa<\/b><\/p> <\/div> <div class=\"application-platform-content-item-features application-platform-content-item\" id=\"features\" data-nav-section=\"features\"> <h2>Las funciones b\u00e1sicas del widget contienen<\/h2> <ul><li>Recolorear el bot\u00f3n<\/li><li>Implementar el widget en: cada p\u00e1gina, espec\u00edfica o excluida<\/li><li>Especificar el desplazamiento agilidad<\/li><li>8 posiciones de botones para que elijas<\/li><li>Dos clases de botones: flotantes o integrados<\/li><\/ul><p><a href=\"#demo\">Puedes descubrir la funcionalidad completa del widget en la demostraci\u00f3n aqu\u00ed<\/a><\/p> <\/div> <div class=\"application-platform-content-item-installation application-platform-content-item\" id=\"installation\" data-nav-section=\"installation\"> <h2>\u00bfC\u00f3mo agregar Volver al principio a mi p\u00e1gina web de Elementor? <\/h2> <p>Simplemente siga estos pasos que se presentan a continuaci\u00f3n para agregar la herramienta. <\/p> <ol><li><b>Utilice nuestro editor gratuito y comience a darle forma a su widget personalizado. <\/b><br> Especifique el dise\u00f1o seleccionado y las caracter\u00edsticas del widget y aplique las modificaciones. <\/li> <li><b>Obtenga el c\u00f3digo \u00fanico revelado en la viuda de Elfsight Apps. <\/b><br> Cuando finalice la creaci\u00f3n de su widget personal, copie el c\u00f3digo individual de la ventana emergente que aparece y gu\u00e1rdelo para usarlo en el futuro. <\/li> <li><b>Ingrese al uso del widget en el sitio de Elementor. <\/b><br>Integre el c\u00f3digo guardado recientemente en su p\u00e1gina de inicio y guarde las correcciones. <\/li> <li><b>\u00a1Listo! La incrustaci\u00f3n se realiza por completo. <\/b><br>Visita tu p\u00e1gina para inspeccionar el funcionamiento del widget. <\/li><\/ol> <p>En caso de tener consultas o tener alguna dificultad, no dude en ponerse en contacto con nuestro personal de atenci\u00f3n al cliente. Nuestros especialistas estar\u00e1n encantados de resolver todas las dudas que puedas tener con el producto. <\/p> <\/div><div class=\"faq\" data-component=\"FAQ\"><div class=\"faq-item\">\r\n\t\t\t\t\t<div class=\"faq-item-question\">\r\n\t\t\t\t\t\t<h3 class=\"faq-item-question-text\">\u00bfC\u00f3mo puedo incrustar un bot\u00f3n Volver al principio en Elementor?<\/h3>\r\n\r\n\t\t\t\t\t\t<div class=\"faq-item-question-icon\"><\/div>\r\n\t\t\t\t\t<\/div>\r\n\r\n\t\t\t\t\t<div class=\"faq-item-answer\">\r\n\t\t\t\t\t\t<div class=\"faq-item-answer-text\"><p>La construcci\u00f3n de la herramienta ocurre dentro del sitio de Elfsight y no hay necesidad de codificar. Utilice la demostraci\u00f3n activa para personalizar su widget personal, obtener el c\u00f3digo e implementarlo en su sitio web. <\/p><\/div>\r\n\t\t\t\t\t<\/div>\r\n\t\t\t\t<\/div><div class=\"faq-item\">\r\n\t\t\t\t\t<div class=\"faq-item-question\">\r\n\t\t\t\t\t\t<h3 class=\"faq-item-question-text\">Las mejores formas de utilizar la integraci\u00f3n Volver al principio<\/h3>\r\n\r\n\t\t\t\t\t\t<div class=\"faq-item-question-icon\"><\/div>\r\n\t\t\t\t\t<\/div>\r\n\r\n\t\t\t\t\t<div class=\"faq-item-answer\">\r\n\t\t\t\t\t\t<div class=\"faq-item-answer-text\"><p>Le ofrecemos una amplia gama de posibilidades de personalizaci\u00f3n: widgets a gran escala para incrustar en el \u00e1rea de contenido, complementos flotantes para opciones de desplazamiento, dise\u00f1os para el pie de p\u00e1gina de su sitio web, encabezado y todo tipo de opciones verticales para barras laterales y men\u00fas. <\/p><\/div>\r\n\t\t\t\t\t<\/div>\r\n\t\t\t\t<\/div><div class=\"faq-item\">\r\n\t\t\t\t\t<div class=\"faq-item-question\">\r\n\t\t\t\t\t\t<h3 class=\"faq-item-question-text\">\u00bfC\u00f3mo creo un peque\u00f1o bot\u00f3n para volver al principio a trav\u00e9s de la agencia de tu editor?<\/h3>\r\n\r\n\t\t\t\t\t\t<div class=\"faq-item-question-icon\"><\/div>\r\n\t\t\t\t\t<\/div>\r\n\r\n\t\t\t\t\t<div class=\"faq-item-answer\">\r\n\t\t\t\t\t\t<div class=\"faq-item-answer-text\"><p>Puedes realizar modificaciones en cualquier widget. Hay una gran cantidad de dise\u00f1os disponibles en el editor y todos ellos se pueden personalizar f\u00e1cilmente seg\u00fan sus necesidades. <\/p><\/div>\r\n\t\t\t\t\t<\/div>\r\n\t\t\t\t<\/div><\/div>","protected":false},"excerpt":{"rendered":"","protected":false},"author":9,"featured_media":0,"parent":543,"menu_order":0,"comment_status":"closed","ping_status":"closed","template":"templates\/template-application-platform.php","meta":{"publish_to_discourse":"","publish_post_category":"","wpdc_auto_publish_overridden":"","wpdc_topic_tags":"","wpdc_pin_topic":"","wpdc_pin_until":"","discourse_post_id":"","discourse_permalink":"","wpdc_publishing_response":"","wpdc_publishing_error":"","footnotes":""},"class_list":["post-8579","page","type-page","status-publish","hentry"],"yoast_head":"<!-- This site is optimized with the Yoast SEO plugin v25.3.1 - https:\/\/yoast.com\/wordpress\/plugins\/seo\/ -->\n<title>Volver al principio: agregue el complemento Desplazarse al principio a Elementor (gratis y r\u00e1pido)<\/title>\n<meta name=\"description\" content=\"Agregue un bot\u00f3n responsivo Volver al principio en su sitio web de Elementor sin esfuerzo. Utilice nuestra demostraci\u00f3n en vivo para crear su widget \u00fanico en 1-2-3.\" \/>\n<meta name=\"robots\" content=\"index, follow, max-snippet:-1, max-image-preview:large, max-video-preview:-1\" \/>\n<link rel=\"canonical\" href=\"https:\/\/elfsight.com\/es\/back-to-top-widget\/elementor\/\" \/>\n<meta property=\"og:locale\" content=\"es_ES\" \/>\n<meta property=\"og:type\" content=\"article\" \/>\n<meta property=\"og:title\" content=\"Volver al principio: agregue el complemento Desplazarse al principio a Elementor (gratis y r\u00e1pido)\" \/>\n<meta property=\"og:description\" content=\"Agregue un bot\u00f3n responsivo Volver al principio en su sitio web de Elementor sin esfuerzo. Utilice nuestra demostraci\u00f3n en vivo para crear su widget \u00fanico en 1-2-3.\" \/>\n<meta property=\"og:url\" content=\"https:\/\/elfsight.com\/es\/back-to-top-widget\/elementor\/\" \/>\n<meta property=\"og:site_name\" content=\"Elfsight ES\" \/>\n<meta property=\"article:modified_time\" content=\"2025-02-06T15:35:29+00:00\" \/>\n<meta name=\"twitter:card\" content=\"summary_large_image\" \/>\n<meta name=\"twitter:label1\" content=\"Tiempo de lectura\" \/>\n\t<meta name=\"twitter:data1\" content=\"3 minutos\" \/>\n<!-- \/ Yoast SEO plugin. -->","yoast_head_json":{"title":"Volver al principio: agregue el complemento Desplazarse al principio a Elementor (gratis y r\u00e1pido)","description":"Agregue un bot\u00f3n responsivo Volver al principio en su sitio web de Elementor sin esfuerzo. Utilice nuestra demostraci\u00f3n en vivo para crear su widget \u00fanico en 1-2-3.","robots":{"index":"index","follow":"follow","max-snippet":"max-snippet:-1","max-image-preview":"max-image-preview:large","max-video-preview":"max-video-preview:-1"},"canonical":"https:\/\/elfsight.com\/es\/back-to-top-widget\/elementor\/","og_locale":"es_ES","og_type":"article","og_title":"Volver al principio: agregue el complemento Desplazarse al principio a Elementor (gratis y r\u00e1pido)","og_description":"Agregue un bot\u00f3n responsivo Volver al principio en su sitio web de Elementor sin esfuerzo. Utilice nuestra demostraci\u00f3n en vivo para crear su widget \u00fanico en 1-2-3.","og_url":"https:\/\/elfsight.com\/es\/back-to-top-widget\/elementor\/","og_site_name":"Elfsight ES","article_modified_time":"2025-02-06T15:35:29+00:00","twitter_card":"summary_large_image","twitter_misc":{"Tiempo de lectura":"3 minutos"},"schema":{"@context":"https:\/\/schema.org","@graph":[{"@type":"WebPage","@id":"https:\/\/elfsight.com\/es\/back-to-top-widget\/elementor\/","url":"https:\/\/elfsight.com\/es\/back-to-top-widget\/elementor\/","name":"Volver al principio: agregue el complemento Desplazarse al principio a Elementor (gratis y r\u00e1pido)","isPartOf":{"@id":"https:\/\/elfsight.com\/es\/#website"},"datePublished":"1970-01-01T00:00:00+00:00","dateModified":"2025-02-06T15:35:29+00:00","description":"Agregue un bot\u00f3n responsivo Volver al principio en su sitio web de Elementor sin esfuerzo. Utilice nuestra demostraci\u00f3n en vivo para crear su widget \u00fanico en 1-2-3.","breadcrumb":{"@id":"https:\/\/elfsight.com\/es\/back-to-top-widget\/elementor\/#breadcrumb"},"inLanguage":"es","potentialAction":[{"@type":"ReadAction","target":["https:\/\/elfsight.com\/es\/back-to-top-widget\/elementor\/"]}]},{"@type":"BreadcrumbList","@id":"https:\/\/elfsight.com\/es\/back-to-top-widget\/elementor\/#breadcrumb","itemListElement":[{"@type":"ListItem","position":1,"name":"Home","item":"https:\/\/elfsight.com\/es\/"},{"@type":"ListItem","position":2,"name":"Back to Top","item":"https:\/\/elfsight.com\/es\/back-to-top-widget\/"},{"@type":"ListItem","position":3,"name":"Back to Top &#8211; Elementor"}]},{"@type":"WebSite","@id":"https:\/\/elfsight.com\/es\/#website","url":"https:\/\/elfsight.com\/es\/","name":"Elfsight ES","description":"Just another Elfsight Sites site","potentialAction":[{"@type":"SearchAction","target":{"@type":"EntryPoint","urlTemplate":"https:\/\/elfsight.com\/es\/?s={search_term_string}"},"query-input":{"@type":"PropertyValueSpecification","valueRequired":true,"valueName":"search_term_string"}}],"inLanguage":"es"}]}},"meta_box":{"industry":"","seo_heading":"","heading":"","description":"","cta_heading":"","cta_description":"","application":"542","h1":"Elementor Volver al widget superior","h1_caption":"Ofrezca a sus usuarios una caracter\u00edstica m\u00e1s que complementar\u00e1 el rendimiento general de su p\u00e1gina web.","application_category":[],"applications_title":"","applications_request_title":"","applications_request_button_text":"","hero_text":"","hero_video":"","hero_video_schema_markup":"","selling_points_title":"","selling_points_caption":"","selling_points":[],"selling_points_cta_text":"","features_title":"","features":"","ed_cta_examples_text":"","ed_cta_examples_hidden":"","ed_cta_demo_text":"","ed_cta_demo_hidden":"","why_caption":"","why_editor_title":"","why_editor_text":"","why_team_title":"","why_team_text":"","why_service_title":"","why_service_text":"","template_catalog_visible":"","template_catalog_title":"","template_catalog_text":"","template_catalog_categories_visible":"","demo_title":"Crea tu widget Volver al principio","demo_caption":"\u00a1Configure su Volver al inicio y agr\u00e9guelo a su sitio web de Elementor de forma gratuita!","default_faq_hidden":"","app_template_category":[],"platform":"58","template_public_id":"","codecanyon_url":"","codecanyon_item_id":"","codecanyon_price":"","pricing_caption":"","pricing_elfsight_apps_hide_column":"","pricing_elfsight_apps_url":"","pricing_codecanyon_price_caption":"","integration_category":[],"integration_request_title":"","integration_request_cta":"","integration_platform":"","integrations":[],"platform_category":[],"video_schema_markup":"","price":"desde $0 \/ mes","trial":"","benefits":[{"text":"Servicio de instalaci\u00f3n gratuito"},{"text":"Atenci\u00f3n al cliente eficaz"},{"text":"Garant\u00eda de reembolso de 14 d\u00edas"},{"text":"Futuras actualizaciones gratuitas"}],"button_url":"#demo","button_target_blank":"","button_nofollow":"","attributes":[{"name":"Instalaciones","content":"10,000 - 100,000"},{"name":"Sensible","content":"S\u00ed"},{"name":"Navegadores compatibles","content":"IE11, Firefox, Safari, Opera, Chrome, Edge"}],"tags":[],"tags_disable_links":"","hide_more_platforms":"","video_object":"","demo_hide_cta":"","demo_hide_cloud_options":"","pricing_title":"","pricing":[{"pricing_icon":"platform","pricing_title":"Elfsight Apps","pricing_title_caption":"Soluci\u00f3n multiplataforma","pricing_price":"desde $0 \/ mes","pricing_price_caption":"comienza con el plan gratuito","pricing_benefits":[{"text":"Dominios ilimitados"},{"text":"Soporte premium y puntual"},{"text":"Ayuda de instalaci\u00f3n gratuita"},{"text":"Oferta por tiempo limitado para m\u00faltiples aplicaciones"}],"pricing_button_text":"A\u00f1adir al sitio web","pricing_button_url":"#demo"}],"related_apps_title":"","related_apps_hidden":"","author":"","image":[],"title":"","job":"","social_networks":[]},"_links":{"self":[{"href":"https:\/\/elfsight.com\/es\/wp-json\/wp\/v2\/pages\/8579","targetHints":{"allow":["GET"]}}],"collection":[{"href":"https:\/\/elfsight.com\/es\/wp-json\/wp\/v2\/pages"}],"about":[{"href":"https:\/\/elfsight.com\/es\/wp-json\/wp\/v2\/types\/page"}],"author":[{"embeddable":true,"href":"https:\/\/elfsight.com\/es\/wp-json\/wp\/v2\/users\/9"}],"replies":[{"embeddable":true,"href":"https:\/\/elfsight.com\/es\/wp-json\/wp\/v2\/comments?post=8579"}],"version-history":[{"count":2,"href":"https:\/\/elfsight.com\/es\/wp-json\/wp\/v2\/pages\/8579\/revisions"}],"predecessor-version":[{"id":18477,"href":"https:\/\/elfsight.com\/es\/wp-json\/wp\/v2\/pages\/8579\/revisions\/18477"}],"up":[{"embeddable":true,"href":"https:\/\/elfsight.com\/es\/wp-json\/wp\/v2\/pages\/543"}],"wp:attachment":[{"href":"https:\/\/elfsight.com\/es\/wp-json\/wp\/v2\/media?parent=8579"}],"curies":[{"name":"wp","href":"https:\/\/api.w.org\/{rel}","templated":true}]}}