{"id":8573,"date":"1970-01-01T00:00:00","date_gmt":"1970-01-01T00:00:00","guid":{"rendered":"https:\/\/elfsight.com\/es\/?page_id=8573"},"modified":"2025-02-06T15:35:37","modified_gmt":"2025-02-06T15:35:37","slug":"blogger","status":"publish","type":"page","link":"https:\/\/elfsight.com\/es\/back-to-top-widget\/blogger\/","title":{"rendered":"Back to Top &#8211; Blogger"},"content":{"rendered":"<div class=\"application-platform-content-item-description application-platform-content-item\" id=\"description\" data-nav-section=\"description\"> <h2>Descripci\u00f3n<\/h2> <p>Elfsight Back to Top es una herramienta sencilla para Blogger que permite a los usuarios volver inmediatamente y sin problemas a la parte superior de su sitio web despu\u00e9s de desplazarse por p\u00e1ginas largas. La audiencia de su sitio ya no necesitar\u00e1 buscar la tecla Inicio y mover la barra de desplazamiento por toda la p\u00e1gina. La herramienta Volver al principio se puede personalizar f\u00e1cilmente seg\u00fan sus necesidades: h\u00e1gala cuadrada o redondeada, modifique su color y tama\u00f1o y col\u00f3quela en cualquier lugar de la p\u00e1gina para mejorar la experiencia de usuario. El bot\u00f3n se puede mostrar en cualquier tipo de dispositivo, desde un tel\u00e9fono inteligente hasta una computadora de escritorio. <\/p> <p><b>Utilice otro \u00fatil complemento para volver al principio para proporcionar una experiencia de usuario perfecta<\/b><\/p> <\/div> <div class=\"application-platform-content-item-features application-platform-content-item\" id=\"features\" data-nav-section=\"features\"> <h2>Estas son solo algunas de las m\u00faltiples funciones del widget: <\/h2> <ul><li>Repintar el bot\u00f3n<\/li><li>Implementar el widget en: cada p\u00e1gina, espec\u00edfica o excluida<\/li><li>Especificar la velocidad de desplazamiento<\/li><li>8 posiciones de botones para que elijas<\/li><li>Dos grupos de botones: flotantes o incrustados<\/li><\/ul><p><a href=\"#demo\">Puedes sentir el valor del widget con la ayuda de la demostraci\u00f3n<\/a><\/p> <\/div> <div class=\"application-platform-content-item-installation application-platform-content-item\" id=\"installation\" data-nav-section=\"installation\"> <h2>\u00bfC\u00f3mo incrusto Volver al principio en mi sitio web de Blogger? <\/h2> <p>Simplemente siga un par de pasos que se describen a continuaci\u00f3n para activar la herramienta. <\/p> <ol><li><b>Con nuestra demostraci\u00f3n gratuita, comience a crear su widget personalizado. <\/b><br> Determine el aspecto y los aspectos seleccionados del widget y aplique las ediciones. <\/li> <li><b>Obtenga su c\u00f3digo \u00fanico apareciendo en la ventana de Elfsight Apps. <\/b><br> Inmediatamente despu\u00e9s de completar la personalizaci\u00f3n de su complemento personal, copie el c\u00f3digo exclusivo en la ventana que aparece y gu\u00e1rdelo para usarlo m\u00e1s adelante. <\/li> <li><b>Comience a aplicar el complemento en la p\u00e1gina de inicio de Blogger. <\/b><br> Implemente el c\u00f3digo que copi\u00f3 recientemente en su sitio web y aplique las modificaciones. <\/li> <li><b>\u00a1Ya terminaste! La configuraci\u00f3n se realiz\u00f3 con \u00e9xito. <\/b><br> Acceda a su sitio web para comprobar el funcionamiento de la herramienta. <\/li><\/ol> <p>Si tienes alguna dificultad, no dudes en escribir a nuestro equipo de soporte. Nuestros asesores estar\u00e1n encantados de ayudarle con todas las dificultades que pueda tener con el producto. <\/p> <div class=\"faq\" data-component=\"FAQ\"><div class=\"faq-item\">\r\n\t\t\t\t\t<div class=\"faq-item-question\">\r\n\t\t\t\t\t\t<h3 class=\"faq-item-question-text\">\u00bfC\u00f3mo agregar Volver arriba a mi sitio web de Blogger sin conocimientos de codificaci\u00f3n?<\/h3>\r\n\r\n\t\t\t\t\t\t<div class=\"faq-item-question-icon\"><\/div>\r\n\t\t\t\t\t<\/div>\r\n\r\n\t\t\t\t\t<div class=\"faq-item-answer\">\r\n\t\t\t\t\t\t<div class=\"faq-item-answer-text\"> <p>Elfsight proporciona una soluci\u00f3n SaaS que le permite crear un widget Volver arriba usted mismo. Vea lo f\u00e1cil que es el proceso: trabaje directamente en el editor en l\u00ednea para crear un widget Volver arriba que le gustar\u00eda ver en su sitio web de Blogger. Elija una de las plantillas predise\u00f1adas y ajuste la configuraci\u00f3n de Volver al principio, agregue su contenido, cambie el dise\u00f1o y los colores sin conocimientos de codificaci\u00f3n. Guarde Volver arriba y copie su c\u00f3digo de instalaci\u00f3n, que puede simplemente agregar en su sitio web de Blogger sin necesidad de comprar una suscripci\u00f3n paga. Con nuestro editor intuitivo, cualquier usuario de Internet puede crear un widget Volver al principio en l\u00ednea e incrustarlo f\u00e1cilmente en su sitio web de Blogger. No es necesario pagar ni ingresar las credenciales de su tarjeta para acceder al servicio. Si tiene alg\u00fan problema en cualquier paso, no dude en ponerse en contacto con nuestro equipo de soporte t\u00e9cnico.<\/p> <\/div>\r\n\t\t\t\t\t<\/div>\r\n\t\t\t\t<\/div> <\/div><\/div>","protected":false},"excerpt":{"rendered":"","protected":false},"author":9,"featured_media":0,"parent":543,"menu_order":0,"comment_status":"closed","ping_status":"closed","template":"templates\/template-application-platform.php","meta":{"publish_to_discourse":"","publish_post_category":"","wpdc_auto_publish_overridden":"","wpdc_topic_tags":"","wpdc_pin_topic":"","wpdc_pin_until":"","discourse_post_id":"","discourse_permalink":"","wpdc_publishing_response":"","wpdc_publishing_error":"","footnotes":""},"class_list":["post-8573","page","type-page","status-publish","hentry"],"yoast_head":"<!-- This site is optimized with the Yoast SEO plugin v25.3.1 - https:\/\/yoast.com\/wordpress\/plugins\/seo\/ -->\n<title>Volver al principio: agregue el complemento Desplazarse al principio en Blogger (gratis y r\u00e1pido)<\/title>\n<meta name=\"description\" content=\"Implemente un widget Volver al principio accesible en su sitio web de Blogger sin mucho esfuerzo. Aplique nuestra \u00fatil demostraci\u00f3n para construir su herramienta \u00fanica.\" \/>\n<meta name=\"robots\" content=\"index, follow, max-snippet:-1, max-image-preview:large, max-video-preview:-1\" \/>\n<link rel=\"canonical\" href=\"https:\/\/elfsight.com\/es\/back-to-top-widget\/blogger\/\" \/>\n<meta property=\"og:locale\" content=\"es_ES\" \/>\n<meta property=\"og:type\" content=\"article\" \/>\n<meta property=\"og:title\" content=\"Volver al principio: agregue el complemento Desplazarse al principio en Blogger (gratis y r\u00e1pido)\" \/>\n<meta property=\"og:description\" content=\"Implemente un widget Volver al principio accesible en su sitio web de Blogger sin mucho esfuerzo. Aplique nuestra \u00fatil demostraci\u00f3n para construir su herramienta \u00fanica.\" \/>\n<meta property=\"og:url\" content=\"https:\/\/elfsight.com\/es\/back-to-top-widget\/blogger\/\" \/>\n<meta property=\"og:site_name\" content=\"Elfsight ES\" \/>\n<meta property=\"article:modified_time\" content=\"2025-02-06T15:35:37+00:00\" \/>\n<meta name=\"twitter:card\" content=\"summary_large_image\" \/>\n<meta name=\"twitter:label1\" content=\"Tiempo de lectura\" \/>\n\t<meta name=\"twitter:data1\" content=\"3 minutos\" \/>\n<!-- \/ Yoast SEO plugin. -->","yoast_head_json":{"title":"Volver al principio: agregue el complemento Desplazarse al principio en Blogger (gratis y r\u00e1pido)","description":"Implemente un widget Volver al principio accesible en su sitio web de Blogger sin mucho esfuerzo. Aplique nuestra \u00fatil demostraci\u00f3n para construir su herramienta \u00fanica.","robots":{"index":"index","follow":"follow","max-snippet":"max-snippet:-1","max-image-preview":"max-image-preview:large","max-video-preview":"max-video-preview:-1"},"canonical":"https:\/\/elfsight.com\/es\/back-to-top-widget\/blogger\/","og_locale":"es_ES","og_type":"article","og_title":"Volver al principio: agregue el complemento Desplazarse al principio en Blogger (gratis y r\u00e1pido)","og_description":"Implemente un widget Volver al principio accesible en su sitio web de Blogger sin mucho esfuerzo. Aplique nuestra \u00fatil demostraci\u00f3n para construir su herramienta \u00fanica.","og_url":"https:\/\/elfsight.com\/es\/back-to-top-widget\/blogger\/","og_site_name":"Elfsight ES","article_modified_time":"2025-02-06T15:35:37+00:00","twitter_card":"summary_large_image","twitter_misc":{"Tiempo de lectura":"3 minutos"},"schema":{"@context":"https:\/\/schema.org","@graph":[{"@type":"WebPage","@id":"https:\/\/elfsight.com\/es\/back-to-top-widget\/blogger\/","url":"https:\/\/elfsight.com\/es\/back-to-top-widget\/blogger\/","name":"Volver al principio: agregue el complemento Desplazarse al principio en Blogger (gratis y r\u00e1pido)","isPartOf":{"@id":"https:\/\/elfsight.com\/es\/#website"},"datePublished":"1970-01-01T00:00:00+00:00","dateModified":"2025-02-06T15:35:37+00:00","description":"Implemente un widget Volver al principio accesible en su sitio web de Blogger sin mucho esfuerzo. Aplique nuestra \u00fatil demostraci\u00f3n para construir su herramienta \u00fanica.","breadcrumb":{"@id":"https:\/\/elfsight.com\/es\/back-to-top-widget\/blogger\/#breadcrumb"},"inLanguage":"es","potentialAction":[{"@type":"ReadAction","target":["https:\/\/elfsight.com\/es\/back-to-top-widget\/blogger\/"]}]},{"@type":"BreadcrumbList","@id":"https:\/\/elfsight.com\/es\/back-to-top-widget\/blogger\/#breadcrumb","itemListElement":[{"@type":"ListItem","position":1,"name":"Home","item":"https:\/\/elfsight.com\/es\/"},{"@type":"ListItem","position":2,"name":"Back to Top","item":"https:\/\/elfsight.com\/es\/back-to-top-widget\/"},{"@type":"ListItem","position":3,"name":"Back to Top &#8211; Blogger"}]},{"@type":"WebSite","@id":"https:\/\/elfsight.com\/es\/#website","url":"https:\/\/elfsight.com\/es\/","name":"Elfsight ES","description":"Just another Elfsight Sites site","potentialAction":[{"@type":"SearchAction","target":{"@type":"EntryPoint","urlTemplate":"https:\/\/elfsight.com\/es\/?s={search_term_string}"},"query-input":{"@type":"PropertyValueSpecification","valueRequired":true,"valueName":"search_term_string"}}],"inLanguage":"es"}]}},"meta_box":{"industry":"","seo_heading":"","heading":"","description":"","cta_heading":"","cta_description":"","application":"542","h1":"Blogger Volver al widget superior","h1_caption":"Proporcione a sus usuarios una herramienta m\u00e1s que contribuir\u00e1 al rendimiento de su sitio web.","application_category":[],"applications_title":"","applications_request_title":"","applications_request_button_text":"","hero_text":"","hero_video":"","hero_video_schema_markup":"","selling_points_title":"","selling_points_caption":"","selling_points":[],"selling_points_cta_text":"","features_title":"","features":"","ed_cta_examples_text":"","ed_cta_examples_hidden":"","ed_cta_demo_text":"","ed_cta_demo_hidden":"","why_caption":"","why_editor_title":"","why_editor_text":"","why_team_title":"","why_team_text":"","why_service_title":"","why_service_text":"","template_catalog_visible":"","template_catalog_title":"","template_catalog_text":"","template_catalog_categories_visible":"","demo_title":"Crea tu widget Volver al principio","demo_caption":"\u00a1Configura tu Volver al inicio y agr\u00e9galo a tu sitio web de Blogger de forma gratuita!","default_faq_hidden":"","app_template_category":[],"platform":"39","template_public_id":"","codecanyon_url":"","codecanyon_item_id":"","codecanyon_price":"","pricing_caption":"","pricing_elfsight_apps_hide_column":"","pricing_elfsight_apps_url":"","pricing_codecanyon_price_caption":"","integration_category":[],"integration_request_title":"","integration_request_cta":"","integration_platform":"","integrations":[],"platform_category":[],"video_schema_markup":"","price":"desde $0 \/ mes","trial":"","benefits":[{"text":"Ayuda de instalaci\u00f3n gratuita"},{"text":"Servicio al cliente competente"},{"text":"Garant\u00eda de reembolso de 14 d\u00edas"},{"text":"Actualizando constantemente"}],"button_url":"#demo","button_target_blank":"","button_nofollow":"","attributes":[{"name":"Instalaciones","content":"10,000 - 100,000"},{"name":"Sensible","content":"S\u00ed"},{"name":"Navegadores compatibles","content":"Firefox, Safari, Opera, Chrome, Edge"}],"tags":[],"tags_disable_links":"","hide_more_platforms":"","video_object":"","demo_hide_cta":"","demo_hide_cloud_options":"","pricing_title":"","pricing":[{"pricing_icon":"platform","pricing_title":"Elfsight Apps","pricing_title_caption":"Software multiplataforma que se adapta a cualquier sitio","pricing_price":"desde $0 \/ mes","pricing_price_caption":"comienza con un plan gratuito","pricing_benefits":[{"text":"Dominios ilimitados"},{"text":"Soporte premium y puntual"},{"text":"Asistencia de instalaci\u00f3n gratuita"},{"text":"Totalmente personalizable"}],"pricing_button_text":"A\u00f1adir al sitio web","pricing_button_url":"#demo"}],"related_apps_title":"","related_apps_hidden":"","author":"","image":[],"title":"","job":"","social_networks":[]},"_links":{"self":[{"href":"https:\/\/elfsight.com\/es\/wp-json\/wp\/v2\/pages\/8573","targetHints":{"allow":["GET"]}}],"collection":[{"href":"https:\/\/elfsight.com\/es\/wp-json\/wp\/v2\/pages"}],"about":[{"href":"https:\/\/elfsight.com\/es\/wp-json\/wp\/v2\/types\/page"}],"author":[{"embeddable":true,"href":"https:\/\/elfsight.com\/es\/wp-json\/wp\/v2\/users\/9"}],"replies":[{"embeddable":true,"href":"https:\/\/elfsight.com\/es\/wp-json\/wp\/v2\/comments?post=8573"}],"version-history":[{"count":2,"href":"https:\/\/elfsight.com\/es\/wp-json\/wp\/v2\/pages\/8573\/revisions"}],"predecessor-version":[{"id":18479,"href":"https:\/\/elfsight.com\/es\/wp-json\/wp\/v2\/pages\/8573\/revisions\/18479"}],"up":[{"embeddable":true,"href":"https:\/\/elfsight.com\/es\/wp-json\/wp\/v2\/pages\/543"}],"wp:attachment":[{"href":"https:\/\/elfsight.com\/es\/wp-json\/wp\/v2\/media?parent=8573"}],"curies":[{"name":"wp","href":"https:\/\/api.w.org\/{rel}","templated":true}]}}