{"id":8565,"date":"1970-01-01T00:00:00","date_gmt":"1970-01-01T00:00:00","guid":{"rendered":"https:\/\/elfsight.com\/es\/?page_id=8565"},"modified":"2025-02-06T15:35:45","modified_gmt":"2025-02-06T15:35:45","slug":"woocommerce","status":"publish","type":"page","link":"https:\/\/elfsight.com\/es\/apple-app-store-reviews-widget\/woocommerce\/","title":{"rendered":"Apple App Store Reviews &#8211; WooCommerce"},"content":{"rendered":"<div class=\"application-platform-content-item-description application-platform-content-item\" id=\"description\" data-nav-section=\"description\"><h2>Descripci\u00f3n<\/h2><p>Elfsight Apple App Store Reviews es un widget \u00fatil que le permite mostrar las rese\u00f1as de sus productos directamente en su p\u00e1gina web. Usando nuestro widget, podr\u00e1 aplicar filtros para ocultar los comentarios negativos, revelar su calificaci\u00f3n de estrellas y n\u00famero de su cuenta en WooCommerce, revelar informaci\u00f3n sobre los autores de los comentarios y agregar una CTA que inspirar\u00e1 a los usuarios a dejar su rese\u00f1a en WooCommerce. Las rese\u00f1as de Elfsight Apple App Store lo ayudar\u00e1n a demostrar su alta prueba social en el sitio web y realizar nuevas compras. <\/p> <p><b>Las rese\u00f1as de la App Store de Elfsight lo ayudar\u00e1n a demostrar rese\u00f1as detalladas con el nombre de los usuarios, la imagen de perfil y una redirecci\u00f3n a su p\u00e1gina de WooCommerce para dirigir inmediatamente a los clientes.<\/b><\/p> <\/div> <div class=\"application-platform-content-item-features application-platform-content-item\" id=\"features\" data-nav-section=\"features\"><h2>Estas son solo algunas de las numerosas funciones del widget:<\/h2><ul> <li>Una opci\u00f3n para establecer la velocidad de las diapositivas y la reproducci\u00f3n autom\u00e1tica velocidad;<\/li> <li>Elegir el tipo de paginaci\u00f3n en el dise\u00f1o del control deslizante;<\/li> <li>Ancho y alto ajustables del widget;<\/li> <li>Encabezado intercambiable del widget.<\/li> <\/ul> <p><a href=\"#demo\">Puedes ver c\u00f3mo funciona el widget probando la demostraci\u00f3n<\/a><\/p><\/div><div class=\"application-platform-content-item-installation application-platform-content-item\" id=\"installation\" data-nav-section=\"installation\"><h2>\u00bfC\u00f3mo agregar rese\u00f1as de Apple App Store a mi p\u00e1gina web WooCommerce?<\/h2><p>Simplemente siga las pautas a continuaci\u00f3n para integrar la herramienta.<\/p><ol><li><b>Administre nuestro configurador gratuito y comience a crear su complemento \u00fanico.<\/b><br>Busque la interfaz personalizada y los aspectos del widget y guarde las ediciones.<\/li><li><b>Copia el c\u00f3digo \u00fanico que aparece en el formulario especial en Elfsight Apps.<\/b><br>Cuando se crea de su herramienta personal est\u00e9 terminada, copie el c\u00f3digo exclusivo en la ventana que aparece y gu\u00e1rdelo para futuras necesidades.<\/li><li><b>Empiece a usar la herramienta en su p\u00e1gina de inicio de WooCommerce.<\/b><br>Coloque el c\u00f3digo que copi\u00f3 antes en su p\u00e1gina y guarde las ediciones.<\/li><li><b>\u00a1Ya est\u00e1! La integraci\u00f3n se ha realizado por completo.<\/b><br>Visite su sitio web para observar c\u00f3mo funciona el complemento.<\/li><\/ol><p>Si tiene alguna dificultad, no dude en comunicarse con nuestro personal de servicio al cliente. Nuestro personal estar\u00e1 encantado de resolver todos los problemas que pueda tener con la herramienta.<\/p><\/div>","protected":false},"excerpt":{"rendered":"","protected":false},"author":9,"featured_media":0,"parent":565,"menu_order":0,"comment_status":"closed","ping_status":"closed","template":"templates\/template-application-platform.php","meta":{"publish_to_discourse":"","publish_post_category":"","wpdc_auto_publish_overridden":"","wpdc_topic_tags":"","wpdc_pin_topic":"","wpdc_pin_until":"","discourse_post_id":"","discourse_permalink":"","wpdc_publishing_response":"","wpdc_publishing_error":"","footnotes":""},"class_list":["post-8565","page","type-page","status-publish","hentry"],"yoast_head":"<!-- This site is optimized with the Yoast SEO plugin v25.3.1 - https:\/\/yoast.com\/wordpress\/plugins\/seo\/ -->\n<title>Complemento WooCommerce Apple App Store Reviews para su sitio web (2025)<\/title>\n<meta name=\"description\" content=\"Puede personalizar el complemento Rese\u00f1as de la App Store de Apple con un par de clics y agregarlo a su sitio web WooCommerce directamente a trav\u00e9s de la demostraci\u00f3n en vivo.\" \/>\n<meta name=\"robots\" content=\"index, follow, max-snippet:-1, max-image-preview:large, max-video-preview:-1\" \/>\n<link rel=\"canonical\" href=\"https:\/\/elfsight.com\/es\/apple-app-store-reviews-widget\/woocommerce\/\" \/>\n<meta property=\"og:locale\" content=\"es_ES\" \/>\n<meta property=\"og:type\" content=\"article\" \/>\n<meta property=\"og:title\" content=\"Complemento WooCommerce Apple App Store Reviews para su sitio web (2025)\" \/>\n<meta property=\"og:description\" content=\"Puede personalizar el complemento Rese\u00f1as de la App Store de Apple con un par de clics y agregarlo a su sitio web WooCommerce directamente a trav\u00e9s de la demostraci\u00f3n en vivo.\" \/>\n<meta property=\"og:url\" content=\"https:\/\/elfsight.com\/es\/apple-app-store-reviews-widget\/woocommerce\/\" \/>\n<meta property=\"og:site_name\" content=\"Elfsight ES\" \/>\n<meta property=\"article:modified_time\" content=\"2025-02-06T15:35:45+00:00\" \/>\n<meta name=\"twitter:card\" content=\"summary_large_image\" \/>\n<meta name=\"twitter:label1\" content=\"Tiempo de lectura\" \/>\n\t<meta name=\"twitter:data1\" content=\"2 minutos\" \/>\n<!-- \/ Yoast SEO plugin. -->","yoast_head_json":{"title":"Complemento WooCommerce Apple App Store Reviews para su sitio web (2025)","description":"Puede personalizar el complemento Rese\u00f1as de la App Store de Apple con un par de clics y agregarlo a su sitio web WooCommerce directamente a trav\u00e9s de la demostraci\u00f3n en vivo.","robots":{"index":"index","follow":"follow","max-snippet":"max-snippet:-1","max-image-preview":"max-image-preview:large","max-video-preview":"max-video-preview:-1"},"canonical":"https:\/\/elfsight.com\/es\/apple-app-store-reviews-widget\/woocommerce\/","og_locale":"es_ES","og_type":"article","og_title":"Complemento WooCommerce Apple App Store Reviews para su sitio web (2025)","og_description":"Puede personalizar el complemento Rese\u00f1as de la App Store de Apple con un par de clics y agregarlo a su sitio web WooCommerce directamente a trav\u00e9s de la demostraci\u00f3n en vivo.","og_url":"https:\/\/elfsight.com\/es\/apple-app-store-reviews-widget\/woocommerce\/","og_site_name":"Elfsight ES","article_modified_time":"2025-02-06T15:35:45+00:00","twitter_card":"summary_large_image","twitter_misc":{"Tiempo de lectura":"2 minutos"},"schema":{"@context":"https:\/\/schema.org","@graph":[{"@type":"WebPage","@id":"https:\/\/elfsight.com\/es\/apple-app-store-reviews-widget\/woocommerce\/","url":"https:\/\/elfsight.com\/es\/apple-app-store-reviews-widget\/woocommerce\/","name":"Complemento WooCommerce Apple App Store Reviews para su sitio web (2025)","isPartOf":{"@id":"https:\/\/elfsight.com\/es\/#website"},"datePublished":"1970-01-01T00:00:00+00:00","dateModified":"2025-02-06T15:35:45+00:00","description":"Puede personalizar el complemento Rese\u00f1as de la App Store de Apple con un par de clics y agregarlo a su sitio web WooCommerce directamente a trav\u00e9s de la demostraci\u00f3n en vivo.","breadcrumb":{"@id":"https:\/\/elfsight.com\/es\/apple-app-store-reviews-widget\/woocommerce\/#breadcrumb"},"inLanguage":"es","potentialAction":[{"@type":"ReadAction","target":["https:\/\/elfsight.com\/es\/apple-app-store-reviews-widget\/woocommerce\/"]}]},{"@type":"BreadcrumbList","@id":"https:\/\/elfsight.com\/es\/apple-app-store-reviews-widget\/woocommerce\/#breadcrumb","itemListElement":[{"@type":"ListItem","position":1,"name":"Home","item":"https:\/\/elfsight.com\/es\/"},{"@type":"ListItem","position":2,"name":"Apple App Store Reviews","item":"https:\/\/elfsight.com\/es\/apple-app-store-reviews-widget\/"},{"@type":"ListItem","position":3,"name":"Apple App Store Reviews &#8211; WooCommerce"}]},{"@type":"WebSite","@id":"https:\/\/elfsight.com\/es\/#website","url":"https:\/\/elfsight.com\/es\/","name":"Elfsight ES","description":"Just another Elfsight Sites site","potentialAction":[{"@type":"SearchAction","target":{"@type":"EntryPoint","urlTemplate":"https:\/\/elfsight.com\/es\/?s={search_term_string}"},"query-input":{"@type":"PropertyValueSpecification","valueRequired":true,"valueName":"search_term_string"}}],"inLanguage":"es"}]}},"meta_box":{"industry":"","seo_heading":"","heading":"","description":"","cta_heading":"","cta_description":"","application":"564","h1":"Rese\u00f1as de la tienda de aplicaciones de Apple WooCommerce","h1_caption":"Incruste rese\u00f1as de la aplicaci\u00f3n de su tienda de aplicaciones de Apple para generar credibilidad y fomentar m\u00e1s descargas en su sitio web WooCommerce sin esfuerzo.","application_category":[],"applications_title":"","applications_request_title":"","applications_request_button_text":"","hero_text":"","hero_video":"","hero_video_schema_markup":"","selling_points_title":"","selling_points_caption":"","selling_points":[],"selling_points_cta_text":"","features_title":"","features":"","ed_cta_examples_text":"","ed_cta_examples_hidden":"","ed_cta_demo_text":"","ed_cta_demo_hidden":"","why_caption":"","why_editor_title":"","why_editor_text":"","why_team_title":"","why_team_text":"","why_service_title":"","why_service_text":"","template_catalog_visible":"","template_catalog_title":"","template_catalog_text":"","template_catalog_categories_visible":"","demo_title":"Crea tu aplicaci\u00f3n de rese\u00f1as de Apple App Store","demo_caption":"Configure sus rese\u00f1as de la App Store de Apple y agr\u00e9guelas a su sitio web WooCommerce de forma gratuita.","default_faq_hidden":"","app_template_category":[],"platform":"2311","template_public_id":"","codecanyon_url":"","codecanyon_item_id":"","codecanyon_price":"","pricing_caption":"","pricing_elfsight_apps_hide_column":"","pricing_elfsight_apps_url":"","pricing_codecanyon_price_caption":"","integration_category":[],"integration_request_title":"","integration_request_cta":"","integration_platform":"","integrations":[],"platform_category":[],"video_schema_markup":"","price":"desde $0 \/ mes","trial":"","benefits":[{"text":"Ayuda de instalaci\u00f3n gratuita"},{"text":"Servicio al cliente profesional"},{"text":"Garant\u00eda de reembolso de 14 d\u00edas"},{"text":"Actualizaciones gratuitas continuas"}],"button_url":"#demo","button_target_blank":"","button_nofollow":"","attributes":[{"name":"Instalaciones","content":"10,000 - 100,000"},{"name":"Sensible","content":"S\u00ed"},{"name":"Navegadores compatibles","content":"Firefox, Safari, Opera, Chrome, Edge"}],"tags":[],"tags_disable_links":"","hide_more_platforms":"","video_object":"","demo_hide_cta":"","demo_hide_cloud_options":"","pricing_title":"","pricing":[{"pricing_icon":"platform","pricing_title":"Elfsight Apps","pricing_title_caption":"Soluci\u00f3n multiplataforma","pricing_price":"desde $0 \/ mes","pricing_price_caption":"comienza con un plan gratuito","pricing_benefits":[{"text":"Sitios web ilimitados"},{"text":"Atenci\u00f3n al cliente 24 horas al d\u00eda, 7 d\u00edas a la semana y bien documentada."},{"text":"Servicio de instalaci\u00f3n gratuito"},{"text":"100% personalizable"}],"pricing_button_text":"A\u00f1adir al sitio web","pricing_button_url":"#demo"}],"related_apps_title":"","related_apps_hidden":"","author":"","image":[],"title":"","job":"","social_networks":[]},"_links":{"self":[{"href":"https:\/\/elfsight.com\/es\/wp-json\/wp\/v2\/pages\/8565","targetHints":{"allow":["GET"]}}],"collection":[{"href":"https:\/\/elfsight.com\/es\/wp-json\/wp\/v2\/pages"}],"about":[{"href":"https:\/\/elfsight.com\/es\/wp-json\/wp\/v2\/types\/page"}],"author":[{"embeddable":true,"href":"https:\/\/elfsight.com\/es\/wp-json\/wp\/v2\/users\/9"}],"replies":[{"embeddable":true,"href":"https:\/\/elfsight.com\/es\/wp-json\/wp\/v2\/comments?post=8565"}],"version-history":[{"count":2,"href":"https:\/\/elfsight.com\/es\/wp-json\/wp\/v2\/pages\/8565\/revisions"}],"predecessor-version":[{"id":18482,"href":"https:\/\/elfsight.com\/es\/wp-json\/wp\/v2\/pages\/8565\/revisions\/18482"}],"up":[{"embeddable":true,"href":"https:\/\/elfsight.com\/es\/wp-json\/wp\/v2\/pages\/565"}],"wp:attachment":[{"href":"https:\/\/elfsight.com\/es\/wp-json\/wp\/v2\/media?parent=8565"}],"curies":[{"name":"wp","href":"https:\/\/api.w.org\/{rel}","templated":true}]}}