{"id":8540,"date":"1970-01-01T00:00:00","date_gmt":"1970-01-01T00:00:00","guid":{"rendered":"https:\/\/elfsight.com\/es\/?page_id=8540"},"modified":"2025-02-06T15:36:09","modified_gmt":"2025-02-06T15:36:09","slug":"joomla","status":"publish","type":"page","link":"https:\/\/elfsight.com\/es\/apple-app-store-reviews-widget\/joomla\/","title":{"rendered":"Apple App Store Reviews &#8211; Joomla"},"content":{"rendered":"<div class=\"application-platform-content-item-description application-platform-content-item\" id=\"description\" data-nav-section=\"description\"><h2>Descripci\u00f3n<\/h2> <p>Elfsight Apple Store Reviews es una herramienta \u00fatil que le permite mostrar las rese\u00f1as de sus productos directamente en su sitio web. Mediante la herramienta Elfsight, podr\u00e1 aplicar filtros para ocultar los comentarios negativos, revelar su calificaci\u00f3n de estrellas y n\u00fameros, demostrar informaci\u00f3n sobre los autores de los comentarios y agregar una llamada a la acci\u00f3n que est\u00e1 ah\u00ed para inspirar a los usuarios a publicar sus comentarios. El widget Elfsight Apple Reviews le ayudar\u00e1 a presumir de su alta prueba social en el sitio web y atraer nuevas compras. <\/p><p><b>Aumente las ventas mostrando una calificaci\u00f3n impresionante y el aprecio del cliente<\/b><\/p><\/div> <div class=\"application-platform-content-item-features application-platform-content-item\" id=\"features\" data-nav-section=\"features\"><h2>Caracter\u00edsticas<\/h2> <p>Aqu\u00ed puede ver todas las funciones del producto. Puedes ajustarlos directamente en el editor y te ayudar\u00e1n a crear el widget exactamente para tu caso. <\/p> <ul> <li>Elegir la velocidad de diapositiva y la velocidad de reproducci\u00f3n autom\u00e1tica; <\/li> <li>Seleccionar el tipo de paginaci\u00f3n en el dise\u00f1o del control deslizante; <\/li> <li>Ancho y alto flexibles; <\/li> <li>Encabezado conmutable de la herramienta; <\/li> <\/ul> <p><a href=\"#demo\">Puedes probar todas las funciones del widget directamente en la demostraci\u00f3n<\/a><\/p> <\/div> <div class=\"application-platform-content-item-installation application-platform-content-item\" id=\"installation\" data-nav-section=\"installation\"><h2>\u00bfC\u00f3mo agrego rese\u00f1as de Apple Store a Joomla? <\/h2> <p>Para insertar un widget, simplemente siga un par de pasos r\u00e1pidos. <\/p> <ol><li><b>Emplee nuestro configurador gratuito y comience a crear su extensi\u00f3n personalizada. <\/b><br> Especifique la forma y el rendimiento preferidos de la extensi\u00f3n y aplique todas las modificaciones. <\/li> <li><b>Obtenga su c\u00f3digo individual mostrado en la ventana de Elfsight Apps. <\/b><br> Una vez finalizada la personalizaci\u00f3n de su extensi\u00f3n personal, copie su c\u00f3digo en la ventana emergente que aparece y gu\u00e1rdelo para usarlo en el futuro. <\/li> <li><b>Comience a usar la extensi\u00f3n en el sitio web Joomla. <\/b><br> Agregue el c\u00f3digo guardado anteriormente en su p\u00e1gina y aplique las ediciones. <\/li> <li><b>La instalaci\u00f3n est\u00e1 completamente realizada. <\/b><br> Vaya a su p\u00e1gina web para ver el funcionamiento de la extensi\u00f3n. <\/li><\/ol><p>Le invitamos a ponerse en contacto con el servicio de atenci\u00f3n al cliente de Elfsight en caso de que necesite ayuda o tenga algo que preguntar. Estaremos encantados de ayudarle con cada solicitud. <\/p> <\/div>","protected":false},"excerpt":{"rendered":"","protected":false},"author":9,"featured_media":0,"parent":565,"menu_order":0,"comment_status":"closed","ping_status":"closed","template":"templates\/template-application-platform.php","meta":{"publish_to_discourse":"","publish_post_category":"","wpdc_auto_publish_overridden":"","wpdc_topic_tags":"","wpdc_pin_topic":"","wpdc_pin_until":"","discourse_post_id":"","discourse_permalink":"","wpdc_publishing_response":"","wpdc_publishing_error":"","footnotes":""},"class_list":["post-8540","page","type-page","status-publish","hentry"],"yoast_head":"<!-- This site is optimized with the Yoast SEO plugin v25.3.1 - https:\/\/yoast.com\/wordpress\/plugins\/seo\/ -->\n<title>Inserta Apple Reviews en tu sitio web Joomla (f\u00e1cil y r\u00e1pido)<\/title>\n<meta name=\"description\" content=\"Es un proceso sencillo crear su propio widget de Rese\u00f1as de Apple y publicarlo en su sitio web Joomla. El servicio al cliente de Elfsight es gratuito.\" \/>\n<meta name=\"robots\" content=\"index, follow, max-snippet:-1, max-image-preview:large, max-video-preview:-1\" \/>\n<link rel=\"canonical\" href=\"https:\/\/elfsight.com\/es\/apple-app-store-reviews-widget\/joomla\/\" \/>\n<meta property=\"og:locale\" content=\"es_ES\" \/>\n<meta property=\"og:type\" content=\"article\" \/>\n<meta property=\"og:title\" content=\"Inserta Apple Reviews en tu sitio web Joomla (f\u00e1cil y r\u00e1pido)\" \/>\n<meta property=\"og:description\" content=\"Es un proceso sencillo crear su propio widget de Rese\u00f1as de Apple y publicarlo en su sitio web Joomla. El servicio al cliente de Elfsight es gratuito.\" \/>\n<meta property=\"og:url\" content=\"https:\/\/elfsight.com\/es\/apple-app-store-reviews-widget\/joomla\/\" \/>\n<meta property=\"og:site_name\" content=\"Elfsight ES\" \/>\n<meta property=\"article:modified_time\" content=\"2025-02-06T15:36:09+00:00\" \/>\n<meta name=\"twitter:card\" content=\"summary_large_image\" \/>\n<meta name=\"twitter:label1\" content=\"Tiempo de lectura\" \/>\n\t<meta name=\"twitter:data1\" content=\"2 minutos\" \/>\n<!-- \/ Yoast SEO plugin. -->","yoast_head_json":{"title":"Inserta Apple Reviews en tu sitio web Joomla (f\u00e1cil y r\u00e1pido)","description":"Es un proceso sencillo crear su propio widget de Rese\u00f1as de Apple y publicarlo en su sitio web Joomla. El servicio al cliente de Elfsight es gratuito.","robots":{"index":"index","follow":"follow","max-snippet":"max-snippet:-1","max-image-preview":"max-image-preview:large","max-video-preview":"max-video-preview:-1"},"canonical":"https:\/\/elfsight.com\/es\/apple-app-store-reviews-widget\/joomla\/","og_locale":"es_ES","og_type":"article","og_title":"Inserta Apple Reviews en tu sitio web Joomla (f\u00e1cil y r\u00e1pido)","og_description":"Es un proceso sencillo crear su propio widget de Rese\u00f1as de Apple y publicarlo en su sitio web Joomla. El servicio al cliente de Elfsight es gratuito.","og_url":"https:\/\/elfsight.com\/es\/apple-app-store-reviews-widget\/joomla\/","og_site_name":"Elfsight ES","article_modified_time":"2025-02-06T15:36:09+00:00","twitter_card":"summary_large_image","twitter_misc":{"Tiempo de lectura":"2 minutos"},"schema":{"@context":"https:\/\/schema.org","@graph":[{"@type":"WebPage","@id":"https:\/\/elfsight.com\/es\/apple-app-store-reviews-widget\/joomla\/","url":"https:\/\/elfsight.com\/es\/apple-app-store-reviews-widget\/joomla\/","name":"Inserta Apple Reviews en tu sitio web Joomla (f\u00e1cil y r\u00e1pido)","isPartOf":{"@id":"https:\/\/elfsight.com\/es\/#website"},"datePublished":"1970-01-01T00:00:00+00:00","dateModified":"2025-02-06T15:36:09+00:00","description":"Es un proceso sencillo crear su propio widget de Rese\u00f1as de Apple y publicarlo en su sitio web Joomla. El servicio al cliente de Elfsight es gratuito.","breadcrumb":{"@id":"https:\/\/elfsight.com\/es\/apple-app-store-reviews-widget\/joomla\/#breadcrumb"},"inLanguage":"es","potentialAction":[{"@type":"ReadAction","target":["https:\/\/elfsight.com\/es\/apple-app-store-reviews-widget\/joomla\/"]}]},{"@type":"BreadcrumbList","@id":"https:\/\/elfsight.com\/es\/apple-app-store-reviews-widget\/joomla\/#breadcrumb","itemListElement":[{"@type":"ListItem","position":1,"name":"Home","item":"https:\/\/elfsight.com\/es\/"},{"@type":"ListItem","position":2,"name":"Apple App Store Reviews","item":"https:\/\/elfsight.com\/es\/apple-app-store-reviews-widget\/"},{"@type":"ListItem","position":3,"name":"Apple App Store Reviews &#8211; Joomla"}]},{"@type":"WebSite","@id":"https:\/\/elfsight.com\/es\/#website","url":"https:\/\/elfsight.com\/es\/","name":"Elfsight ES","description":"Just another Elfsight Sites site","potentialAction":[{"@type":"SearchAction","target":{"@type":"EntryPoint","urlTemplate":"https:\/\/elfsight.com\/es\/?s={search_term_string}"},"query-input":{"@type":"PropertyValueSpecification","valueRequired":true,"valueName":"search_term_string"}}],"inLanguage":"es"}]}},"meta_box":{"industry":"","seo_heading":"","heading":"","description":"","cta_heading":"","cta_description":"","application":"564","h1":"Extensi\u00f3n de rese\u00f1as de Joomla Apple App Store","h1_caption":"Incruste rese\u00f1as de la extensi\u00f3n de su tienda de extensiones de Apple para generar credibilidad y fomentar m\u00e1s descargas en su sitio web Joomla sin esfuerzo.","application_category":[],"applications_title":"","applications_request_title":"","applications_request_button_text":"","hero_text":"","hero_video":"","hero_video_schema_markup":"","selling_points_title":"","selling_points_caption":"","selling_points":[],"selling_points_cta_text":"","features_title":"","features":"","ed_cta_examples_text":"","ed_cta_examples_hidden":"","ed_cta_demo_text":"","ed_cta_demo_hidden":"","why_caption":"","why_editor_title":"","why_editor_text":"","why_team_title":"","why_team_text":"","why_service_title":"","why_service_text":"","template_catalog_visible":"","template_catalog_title":"","template_catalog_text":"","template_catalog_categories_visible":"","demo_title":"Crea tu complemento de rese\u00f1as de la App Store de Apple","demo_caption":"Configure sus rese\u00f1as de Apple App Store y agr\u00e9guelas a su sitio web Joomla de forma gratuita.","default_faq_hidden":"","app_template_category":[],"platform":"73","template_public_id":"","codecanyon_url":"","codecanyon_item_id":"","codecanyon_price":"","pricing_caption":"","pricing_elfsight_apps_hide_column":"","pricing_elfsight_apps_url":"","pricing_codecanyon_price_caption":"","integration_category":[],"integration_request_title":"","integration_request_cta":"","integration_platform":"","integrations":[],"platform_category":[],"video_schema_markup":"","price":"desde $0 \/ mes","trial":"","benefits":[{"text":"Asistencia de instalaci\u00f3n gratuita"},{"text":"Servicio al cliente eficaz"},{"text":"Garant\u00eda de reembolso de 14 d\u00edas"},{"text":"Desarrollo continuo"}],"button_url":"#demo","button_target_blank":"","button_nofollow":"","attributes":[{"name":"Instalaciones","content":"10,000 - 100,000"},{"name":"Sensible","content":"S\u00ed"},{"name":"Navegadores compatibles","content":"IE11, Firefox, Safari, Opera, Chrome, Edge"}],"tags":[],"tags_disable_links":"","hide_more_platforms":"","video_object":"","demo_hide_cta":"","demo_hide_cloud_options":"","pricing_title":"","pricing":[{"pricing_icon":"platform","pricing_title":"Elfsight Apps","pricing_title_caption":"Software multiplataforma que funciona en cualquier sitio web","pricing_price":"desde $0 \/ mes","pricing_price_caption":"comienza con el plan gratuito","pricing_benefits":[{"text":"Dominios ilimitados"},{"text":"Soporte gratuito, puntual y bien documentado."},{"text":"Ayuda de instalaci\u00f3n gratuita"},{"text":"Gran oferta para m\u00faltiples aplicaciones"}],"pricing_button_text":"A\u00f1adir al sitio web","pricing_button_url":"#demo"}],"related_apps_title":"","related_apps_hidden":"","author":"","image":[],"title":"","job":"","social_networks":[]},"_links":{"self":[{"href":"https:\/\/elfsight.com\/es\/wp-json\/wp\/v2\/pages\/8540","targetHints":{"allow":["GET"]}}],"collection":[{"href":"https:\/\/elfsight.com\/es\/wp-json\/wp\/v2\/pages"}],"about":[{"href":"https:\/\/elfsight.com\/es\/wp-json\/wp\/v2\/types\/page"}],"author":[{"embeddable":true,"href":"https:\/\/elfsight.com\/es\/wp-json\/wp\/v2\/users\/9"}],"replies":[{"embeddable":true,"href":"https:\/\/elfsight.com\/es\/wp-json\/wp\/v2\/comments?post=8540"}],"version-history":[{"count":2,"href":"https:\/\/elfsight.com\/es\/wp-json\/wp\/v2\/pages\/8540\/revisions"}],"predecessor-version":[{"id":18495,"href":"https:\/\/elfsight.com\/es\/wp-json\/wp\/v2\/pages\/8540\/revisions\/18495"}],"up":[{"embeddable":true,"href":"https:\/\/elfsight.com\/es\/wp-json\/wp\/v2\/pages\/565"}],"wp:attachment":[{"href":"https:\/\/elfsight.com\/es\/wp-json\/wp\/v2\/media?parent=8540"}],"curies":[{"name":"wp","href":"https:\/\/api.w.org\/{rel}","templated":true}]}}