{"id":8539,"date":"1970-01-01T00:00:00","date_gmt":"1970-01-01T00:00:00","guid":{"rendered":"https:\/\/elfsight.com\/es\/?page_id=8539"},"modified":"2025-02-06T15:36:09","modified_gmt":"2025-02-06T15:36:09","slug":"jimdo","status":"publish","type":"page","link":"https:\/\/elfsight.com\/es\/apple-app-store-reviews-widget\/jimdo\/","title":{"rendered":"Apple App Store Reviews &#8211; Jimdo"},"content":{"rendered":"<div class=\"application-platform-content-item-description application-platform-content-item\" id=\"description\" data-nav-section=\"description\"><h2>Descripci\u00f3n<\/h2> <p>Elfsight Apple App Store Reviews es un pr\u00e1ctico widget que le ofrece la posibilidad de mostrar los testimonios sobre su mercanc\u00eda directamente en su sitio web desde todos los sitios de rese\u00f1as acreditados. Con nuestro widget, tendr\u00e1 la oportunidad de aplicar filtros para ocultar los testimonios no deseados, demostrar su calificaci\u00f3n de estrellas y de n\u00fameros de su p\u00e1gina en cualquier p\u00e1gina web de rese\u00f1as, agregar datos sobre los autores de las rese\u00f1as y agregar un bot\u00f3n de CTA que motivar\u00e1 a los visitantes a publicar su rese\u00f1a. La aplicaci\u00f3n Elfsight Apple App Store Reviews lo ayudar\u00e1 a demostrar su notable prueba social en la p\u00e1gina web y comenzar a recibir m\u00e1s compras nuevas. <\/p><p><b>Avanzar en las ventas mostrando una calificaci\u00f3n impresionante y el reconocimiento de los usuarios<\/b><\/p><\/div> <div class=\"application-platform-content-item-features application-platform-content-item\" id=\"features\" data-nav-section=\"features\"> <h2>Ofrecemos funciones pr\u00e1cticas y r\u00e1pidas, vea algunas de ellas: <\/h2> <ul><li>Integre rese\u00f1as de clientes desde la p\u00e1gina de Apple App Store<\/li><li>Tres tipos de filtros: excluir por, por tipo y cantidad de rese\u00f1as<\/li><li>Cuatro tipos de dise\u00f1o: Masonry, Grid, Slider y List<\/li><li>Arrastra tipos de navegaci\u00f3n y flechas en el dise\u00f1o Slider<\/li><li>Establece la velocidad de diapositiva y la velocidad de reproducci\u00f3n autom\u00e1tica<\/li><li>Selecciona el tipo de paginaci\u00f3n en el dise\u00f1o Slider<\/li><li>Bot\u00f3n de llamada a la acci\u00f3n para obtener rese\u00f1as de nuevos usuarios en la p\u00e1gina de Apple App Store<\/li><li>Tres plantillas de rese\u00f1as: Spotlight, Bubble, Classic<\/li><li>6 elementos flexibles de las rese\u00f1as: recomendaci\u00f3n y estrella calificaci\u00f3n, fecha, nombre del autor, foto e \u00edcono de Apple App Store<\/li><li>Una opci\u00f3n para cambiar el tama\u00f1o de fuente del texto de rese\u00f1a<\/li><\/ul><p><a href=\"#demo\">Prueba todas las configuraciones en una demostraci\u00f3n 100 % funcional<\/a><\/p> <\/div> <div class=\"application-platform-content-item-installation application-platform-content-item\" id=\"installation\" data-nav-section=\"installation\"> <h2>\u00bfC\u00f3mo puedo insertar rese\u00f1as de Apple App Store en mi sitio Jimdo? <\/h2> <p>Simplemente siga las pautas a continuaci\u00f3n para insertar la herramienta. <\/p> <ol><li><b>Emplea nuestro editor gratuito y comienza a crear tu propio widget. <\/b><br> Elija el aspecto seleccionado y los rasgos funcionales del widget y aplique las modificaciones. <\/li> <li><b>Reciba su c\u00f3digo individual que aparece en la ventana de Elfsight Apps. <\/b><br> Tan pronto como finalice la generaci\u00f3n de su widget personal, copie el c\u00f3digo individual de la ventana que aparece y gu\u00e1rdelo para usarlo m\u00e1s adelante. <\/li> <li><b>Comienza a utilizar la herramienta en el sitio de Jimdo. <\/b><br>Incruste el c\u00f3digo guardado anteriormente en su sitio web y aplique las correcciones. <\/li> <li><b>La instalaci\u00f3n est\u00e1 completamente realizada. <\/b><br>Visite su p\u00e1gina web para ver c\u00f3mo funciona el widget. <\/li><\/ol> <p>En caso de que encuentre alg\u00fan obst\u00e1culo, no tema buscar ayuda de nuestro equipo de atenci\u00f3n al cliente. Nuestros asesores estar\u00e1n encantados de resolver todas las dificultades que puedas tener con el producto. <\/p> <\/div>","protected":false},"excerpt":{"rendered":"","protected":false},"author":9,"featured_media":0,"parent":565,"menu_order":0,"comment_status":"closed","ping_status":"closed","template":"templates\/template-application-platform.php","meta":{"publish_to_discourse":"","publish_post_category":"","wpdc_auto_publish_overridden":"","wpdc_topic_tags":"","wpdc_pin_topic":"","wpdc_pin_until":"","discourse_post_id":"","discourse_permalink":"","wpdc_publishing_response":"","wpdc_publishing_error":"","footnotes":""},"class_list":["post-8539","page","type-page","status-publish","hentry"],"yoast_head":"<!-- This site is optimized with the Yoast SEO plugin v25.3.1 - https:\/\/yoast.com\/wordpress\/plugins\/seo\/ -->\n<title>Inserta Apple Reviews en tu sitio web Jimdo (f\u00e1cil y r\u00e1pido)<\/title>\n<meta name=\"description\" content=\"Es un proceso sencillo crear tu propio widget de Rese\u00f1as de Apple y publicarlo en tu sitio web Jimdo. El servicio al cliente de Elfsight es gratuito.\" \/>\n<meta name=\"robots\" content=\"index, follow, max-snippet:-1, max-image-preview:large, max-video-preview:-1\" \/>\n<link rel=\"canonical\" href=\"https:\/\/elfsight.com\/es\/apple-app-store-reviews-widget\/jimdo\/\" \/>\n<meta property=\"og:locale\" content=\"es_ES\" \/>\n<meta property=\"og:type\" content=\"article\" \/>\n<meta property=\"og:title\" content=\"Inserta Apple Reviews en tu sitio web Jimdo (f\u00e1cil y r\u00e1pido)\" \/>\n<meta property=\"og:description\" content=\"Es un proceso sencillo crear tu propio widget de Rese\u00f1as de Apple y publicarlo en tu sitio web Jimdo. El servicio al cliente de Elfsight es gratuito.\" \/>\n<meta property=\"og:url\" content=\"https:\/\/elfsight.com\/es\/apple-app-store-reviews-widget\/jimdo\/\" \/>\n<meta property=\"og:site_name\" content=\"Elfsight ES\" \/>\n<meta property=\"article:modified_time\" content=\"2025-02-06T15:36:09+00:00\" \/>\n<meta name=\"twitter:card\" content=\"summary_large_image\" \/>\n<meta name=\"twitter:label1\" content=\"Tiempo de lectura\" \/>\n\t<meta name=\"twitter:data1\" content=\"2 minutos\" \/>\n<!-- \/ Yoast SEO plugin. -->","yoast_head_json":{"title":"Inserta Apple Reviews en tu sitio web Jimdo (f\u00e1cil y r\u00e1pido)","description":"Es un proceso sencillo crear tu propio widget de Rese\u00f1as de Apple y publicarlo en tu sitio web Jimdo. El servicio al cliente de Elfsight es gratuito.","robots":{"index":"index","follow":"follow","max-snippet":"max-snippet:-1","max-image-preview":"max-image-preview:large","max-video-preview":"max-video-preview:-1"},"canonical":"https:\/\/elfsight.com\/es\/apple-app-store-reviews-widget\/jimdo\/","og_locale":"es_ES","og_type":"article","og_title":"Inserta Apple Reviews en tu sitio web Jimdo (f\u00e1cil y r\u00e1pido)","og_description":"Es un proceso sencillo crear tu propio widget de Rese\u00f1as de Apple y publicarlo en tu sitio web Jimdo. El servicio al cliente de Elfsight es gratuito.","og_url":"https:\/\/elfsight.com\/es\/apple-app-store-reviews-widget\/jimdo\/","og_site_name":"Elfsight ES","article_modified_time":"2025-02-06T15:36:09+00:00","twitter_card":"summary_large_image","twitter_misc":{"Tiempo de lectura":"2 minutos"},"schema":{"@context":"https:\/\/schema.org","@graph":[{"@type":"WebPage","@id":"https:\/\/elfsight.com\/es\/apple-app-store-reviews-widget\/jimdo\/","url":"https:\/\/elfsight.com\/es\/apple-app-store-reviews-widget\/jimdo\/","name":"Inserta Apple Reviews en tu sitio web Jimdo (f\u00e1cil y r\u00e1pido)","isPartOf":{"@id":"https:\/\/elfsight.com\/es\/#website"},"datePublished":"1970-01-01T00:00:00+00:00","dateModified":"2025-02-06T15:36:09+00:00","description":"Es un proceso sencillo crear tu propio widget de Rese\u00f1as de Apple y publicarlo en tu sitio web Jimdo. El servicio al cliente de Elfsight es gratuito.","breadcrumb":{"@id":"https:\/\/elfsight.com\/es\/apple-app-store-reviews-widget\/jimdo\/#breadcrumb"},"inLanguage":"es","potentialAction":[{"@type":"ReadAction","target":["https:\/\/elfsight.com\/es\/apple-app-store-reviews-widget\/jimdo\/"]}]},{"@type":"BreadcrumbList","@id":"https:\/\/elfsight.com\/es\/apple-app-store-reviews-widget\/jimdo\/#breadcrumb","itemListElement":[{"@type":"ListItem","position":1,"name":"Home","item":"https:\/\/elfsight.com\/es\/"},{"@type":"ListItem","position":2,"name":"Apple App Store Reviews","item":"https:\/\/elfsight.com\/es\/apple-app-store-reviews-widget\/"},{"@type":"ListItem","position":3,"name":"Apple App Store Reviews &#8211; Jimdo"}]},{"@type":"WebSite","@id":"https:\/\/elfsight.com\/es\/#website","url":"https:\/\/elfsight.com\/es\/","name":"Elfsight ES","description":"Just another Elfsight Sites site","potentialAction":[{"@type":"SearchAction","target":{"@type":"EntryPoint","urlTemplate":"https:\/\/elfsight.com\/es\/?s={search_term_string}"},"query-input":{"@type":"PropertyValueSpecification","valueRequired":true,"valueName":"search_term_string"}}],"inLanguage":"es"}]}},"meta_box":{"industry":"","seo_heading":"","heading":"","description":"","cta_heading":"","cta_description":"","application":"564","h1":"Widget de rese\u00f1as de Jimdo Apple App Store","h1_caption":"Inserta rese\u00f1as desde el widget de tu tienda de widgets de Apple para generar credibilidad y fomentar m\u00e1s descargas en tu sitio web Jimdo sin esfuerzo.","application_category":[],"applications_title":"","applications_request_title":"","applications_request_button_text":"","hero_text":"","hero_video":"","hero_video_schema_markup":"","selling_points_title":"","selling_points_caption":"","selling_points":[],"selling_points_cta_text":"","features_title":"","features":"","ed_cta_examples_text":"","ed_cta_examples_hidden":"","ed_cta_demo_text":"","ed_cta_demo_hidden":"","why_caption":"","why_editor_title":"","why_editor_text":"","why_team_title":"","why_team_text":"","why_service_title":"","why_service_text":"","template_catalog_visible":"","template_catalog_title":"","template_catalog_text":"","template_catalog_categories_visible":"","demo_title":"Crea tu widget de rese\u00f1as de la App Store de Apple","demo_caption":"\u00a1Configura tus rese\u00f1as de Apple App Store y a\u00f1\u00e1delas a tu sitio web Jimdo gratis!","default_faq_hidden":"","app_template_category":[],"platform":"2198","template_public_id":"","codecanyon_url":"","codecanyon_item_id":"","codecanyon_price":"","pricing_caption":"","pricing_elfsight_apps_hide_column":"","pricing_elfsight_apps_url":"","pricing_codecanyon_price_caption":"","integration_category":[],"integration_request_title":"","integration_request_cta":"","integration_platform":"","integrations":[],"platform_category":[],"video_schema_markup":"","price":"desde $0 \/ mes","trial":"","benefits":[{"text":"Asistencia de instalaci\u00f3n gratuita"},{"text":"Atenci\u00f3n al cliente experimentada"},{"text":"Garant\u00eda de devoluci\u00f3n de dinero de 14 d\u00edas"},{"text":"Actualizaciones continuas"}],"button_url":"#demo","button_target_blank":"","button_nofollow":"","attributes":[{"name":"Instalaciones","content":"10,000 - 100,000"},{"name":"Sensible","content":"S\u00ed"},{"name":"Navegadores compatibles","content":"Firefox, Safari, Opera, Chrome, Edge"}],"tags":[],"tags_disable_links":"","hide_more_platforms":"","video_object":"","demo_hide_cta":"","demo_hide_cloud_options":"","pricing_title":"","pricing":[{"pricing_icon":"platform","pricing_title":"Elfsight Apps","pricing_title_caption":"Soluci\u00f3n digital multiplataforma","pricing_price":"desde $0 \/ mes","pricing_price_caption":"comienza con un plan gratuito","pricing_benefits":[{"text":"Sitios web ilimitados"},{"text":"Atenci\u00f3n al cliente gratuita"},{"text":"Soporte de instalaci\u00f3n gratuito"},{"text":"Dise\u00f1o flexible"}],"pricing_button_text":"A\u00f1adir al sitio web","pricing_button_url":"#demo"}],"related_apps_title":"","related_apps_hidden":"","author":"","image":[],"title":"","job":"","social_networks":[]},"_links":{"self":[{"href":"https:\/\/elfsight.com\/es\/wp-json\/wp\/v2\/pages\/8539","targetHints":{"allow":["GET"]}}],"collection":[{"href":"https:\/\/elfsight.com\/es\/wp-json\/wp\/v2\/pages"}],"about":[{"href":"https:\/\/elfsight.com\/es\/wp-json\/wp\/v2\/types\/page"}],"author":[{"embeddable":true,"href":"https:\/\/elfsight.com\/es\/wp-json\/wp\/v2\/users\/9"}],"replies":[{"embeddable":true,"href":"https:\/\/elfsight.com\/es\/wp-json\/wp\/v2\/comments?post=8539"}],"version-history":[{"count":2,"href":"https:\/\/elfsight.com\/es\/wp-json\/wp\/v2\/pages\/8539\/revisions"}],"predecessor-version":[{"id":18496,"href":"https:\/\/elfsight.com\/es\/wp-json\/wp\/v2\/pages\/8539\/revisions\/18496"}],"up":[{"embeddable":true,"href":"https:\/\/elfsight.com\/es\/wp-json\/wp\/v2\/pages\/565"}],"wp:attachment":[{"href":"https:\/\/elfsight.com\/es\/wp-json\/wp\/v2\/media?parent=8539"}],"curies":[{"name":"wp","href":"https:\/\/api.w.org\/{rel}","templated":true}]}}