{"id":8533,"date":"1970-01-01T00:00:00","date_gmt":"1970-01-01T00:00:00","guid":{"rendered":"https:\/\/elfsight.com\/es\/?page_id=8533"},"modified":"2025-02-06T15:36:17","modified_gmt":"2025-02-06T15:36:17","slug":"html","status":"publish","type":"page","link":"https:\/\/elfsight.com\/es\/apple-app-store-reviews-widget\/html\/","title":{"rendered":"Apple App Store Reviews &#8211; HTML"},"content":{"rendered":"<div class=\"application-platform-content-item-description application-platform-content-item\" id=\"description\" data-nav-section=\"description\"><h2>Descripci\u00f3n<\/h2> <p>Elfsight Apple Store Reviews es un widget \u00fatil que se utiliza para mostrar las rese\u00f1as de sus productos directamente en su sitio web. Mediante la herramienta Elfsight, podr\u00e1 utilizar filtros para ocultar los comentarios no deseados, demostrar su calificaci\u00f3n de estrellas y de n\u00fameros, mostrar datos sobre los creadores de los comentarios y agregar un llamado a la acci\u00f3n que puede impulsar a los usuarios a publicar sus comentarios. Elfsight Apple Reviews le ayudar\u00e1 a demostrar su gran prueba social en su sitio web y atraer nuevas ventas. <\/p><p><b>Ventas anticipadas que demuestran una excelente calificaci\u00f3n y reconocimiento del cliente<\/b><\/p><\/div> <div class=\"application-platform-content-item-features application-platform-content-item\" id=\"features\" data-nav-section=\"features\"><h2>Caracter\u00edsticas<\/h2> <p>Aqu\u00ed hay una lista de todas las caracter\u00edsticas del producto. Est\u00e1n disponibles directamente en el editor y le ayudar\u00e1n a crear el widget adecuado para su caso. <\/p> <ul> <li>Configuraci\u00f3n de la velocidad de diapositivas y la velocidad de reproducci\u00f3n autom\u00e1tica; <\/li> <li>Seleccionar el tipo de paginaci\u00f3n en el dise\u00f1o del control deslizante; <\/li> <li>Ancho y alto flexibles del widget; <\/li> <li>Encabezado intercambiable del widget; <\/li> <\/ul> <p><a href=\"#demo\">Compruebe todas las dem\u00e1s funciones en la demostraci\u00f3n<\/a><\/p> <\/div> <div class=\"application-platform-content-item-installation application-platform-content-item\" id=\"installation\" data-nav-section=\"installation\"><h2>\u00bfC\u00f3mo integro Apple Store Reviews con mi sitio HTML? <\/h2> <p>Para insertar un widget, siga las siguientes pautas. <\/p> <ul> <li><b>Cree su complemento exclusivo de Apple<\/b><br> Al administrar nuestra demostraci\u00f3n gratuita, cree un complemento con una composici\u00f3n y funcionalidad preferidas. <\/li> <li><b>Copia el c\u00f3digo personal para integrar el complemento<\/b><br> Despu\u00e9s de haber configurado tu widget, obtendr\u00e1s tu c\u00f3digo de instalaci\u00f3n de la notificaci\u00f3n que aparece en Elfsight Apps. Copia el c\u00f3digo. <\/li> <li><b> El complemento en su sitio web HTML<\/b><br> Busque el \u00e1rea donde necesita mostrar el complemento e inserte el c\u00f3digo copiado all\u00ed. Guarde los cambios. <\/li> <li><b>La instalaci\u00f3n ha finalizado<\/b><br> Visita la tienda para ver tu widget. <\/li> <\/ul> <p>No dude en comunicarse con el servicio de atenci\u00f3n al cliente de Elfsight en caso de que necesite ayuda o tenga problemas. Estaremos encantados de ayudarle con cada solicitud. <\/p> <\/div>","protected":false},"excerpt":{"rendered":"","protected":false},"author":9,"featured_media":0,"parent":565,"menu_order":0,"comment_status":"closed","ping_status":"closed","template":"templates\/template-application-platform.php","meta":{"publish_to_discourse":"","publish_post_category":"","wpdc_auto_publish_overridden":"","wpdc_topic_tags":"","wpdc_pin_topic":"","wpdc_pin_until":"","discourse_post_id":"","discourse_permalink":"","wpdc_publishing_response":"","wpdc_publishing_error":"","footnotes":""},"class_list":["post-8533","page","type-page","status-publish","hentry"],"yoast_head":"<!-- This site is optimized with the Yoast SEO plugin v25.3.1 - https:\/\/yoast.com\/wordpress\/plugins\/seo\/ -->\n<title>Incruste Apple Reviews en su sitio web HTML (f\u00e1cil y r\u00e1pido)<\/title>\n<meta name=\"description\" content=\"Es un proceso sencillo crear su propio widget de Rese\u00f1as de Apple y publicarlo en su sitio web HTML. El servicio al cliente de Elfsight es gratuito.\" \/>\n<meta name=\"robots\" content=\"index, follow, max-snippet:-1, max-image-preview:large, max-video-preview:-1\" \/>\n<link rel=\"canonical\" href=\"https:\/\/elfsight.com\/es\/apple-app-store-reviews-widget\/html\/\" \/>\n<meta property=\"og:locale\" content=\"es_ES\" \/>\n<meta property=\"og:type\" content=\"article\" \/>\n<meta property=\"og:title\" content=\"Incruste Apple Reviews en su sitio web HTML (f\u00e1cil y r\u00e1pido)\" \/>\n<meta property=\"og:description\" content=\"Es un proceso sencillo crear su propio widget de Rese\u00f1as de Apple y publicarlo en su sitio web HTML. El servicio al cliente de Elfsight es gratuito.\" \/>\n<meta property=\"og:url\" content=\"https:\/\/elfsight.com\/es\/apple-app-store-reviews-widget\/html\/\" \/>\n<meta property=\"og:site_name\" content=\"Elfsight ES\" \/>\n<meta property=\"article:modified_time\" content=\"2025-02-06T15:36:17+00:00\" \/>\n<meta name=\"twitter:card\" content=\"summary_large_image\" \/>\n<meta name=\"twitter:label1\" content=\"Tiempo de lectura\" \/>\n\t<meta name=\"twitter:data1\" content=\"2 minutos\" \/>\n<!-- \/ Yoast SEO plugin. -->","yoast_head_json":{"title":"Incruste Apple Reviews en su sitio web HTML (f\u00e1cil y r\u00e1pido)","description":"Es un proceso sencillo crear su propio widget de Rese\u00f1as de Apple y publicarlo en su sitio web HTML. El servicio al cliente de Elfsight es gratuito.","robots":{"index":"index","follow":"follow","max-snippet":"max-snippet:-1","max-image-preview":"max-image-preview:large","max-video-preview":"max-video-preview:-1"},"canonical":"https:\/\/elfsight.com\/es\/apple-app-store-reviews-widget\/html\/","og_locale":"es_ES","og_type":"article","og_title":"Incruste Apple Reviews en su sitio web HTML (f\u00e1cil y r\u00e1pido)","og_description":"Es un proceso sencillo crear su propio widget de Rese\u00f1as de Apple y publicarlo en su sitio web HTML. El servicio al cliente de Elfsight es gratuito.","og_url":"https:\/\/elfsight.com\/es\/apple-app-store-reviews-widget\/html\/","og_site_name":"Elfsight ES","article_modified_time":"2025-02-06T15:36:17+00:00","twitter_card":"summary_large_image","twitter_misc":{"Tiempo de lectura":"2 minutos"},"schema":{"@context":"https:\/\/schema.org","@graph":[{"@type":"WebPage","@id":"https:\/\/elfsight.com\/es\/apple-app-store-reviews-widget\/html\/","url":"https:\/\/elfsight.com\/es\/apple-app-store-reviews-widget\/html\/","name":"Incruste Apple Reviews en su sitio web HTML (f\u00e1cil y r\u00e1pido)","isPartOf":{"@id":"https:\/\/elfsight.com\/es\/#website"},"datePublished":"1970-01-01T00:00:00+00:00","dateModified":"2025-02-06T15:36:17+00:00","description":"Es un proceso sencillo crear su propio widget de Rese\u00f1as de Apple y publicarlo en su sitio web HTML. El servicio al cliente de Elfsight es gratuito.","breadcrumb":{"@id":"https:\/\/elfsight.com\/es\/apple-app-store-reviews-widget\/html\/#breadcrumb"},"inLanguage":"es","potentialAction":[{"@type":"ReadAction","target":["https:\/\/elfsight.com\/es\/apple-app-store-reviews-widget\/html\/"]}]},{"@type":"BreadcrumbList","@id":"https:\/\/elfsight.com\/es\/apple-app-store-reviews-widget\/html\/#breadcrumb","itemListElement":[{"@type":"ListItem","position":1,"name":"Home","item":"https:\/\/elfsight.com\/es\/"},{"@type":"ListItem","position":2,"name":"Apple App Store Reviews","item":"https:\/\/elfsight.com\/es\/apple-app-store-reviews-widget\/"},{"@type":"ListItem","position":3,"name":"Apple App Store Reviews &#8211; HTML"}]},{"@type":"WebSite","@id":"https:\/\/elfsight.com\/es\/#website","url":"https:\/\/elfsight.com\/es\/","name":"Elfsight ES","description":"Just another Elfsight Sites site","potentialAction":[{"@type":"SearchAction","target":{"@type":"EntryPoint","urlTemplate":"https:\/\/elfsight.com\/es\/?s={search_term_string}"},"query-input":{"@type":"PropertyValueSpecification","valueRequired":true,"valueName":"search_term_string"}}],"inLanguage":"es"}]}},"meta_box":{"industry":"","seo_heading":"","heading":"","description":"","cta_heading":"","cta_description":"","application":"564","h1":"Widget HTML de rese\u00f1as de la App Store de Apple","h1_caption":"Incruste rese\u00f1as desde el widget de su tienda de widgets de Apple para generar credibilidad y fomentar m\u00e1s descargas en su sitio web HTML sin esfuerzo.","application_category":[],"applications_title":"","applications_request_title":"","applications_request_button_text":"","hero_text":"","hero_video":"","hero_video_schema_markup":"","selling_points_title":"","selling_points_caption":"","selling_points":[],"selling_points_cta_text":"","features_title":"","features":"","ed_cta_examples_text":"","ed_cta_examples_hidden":"","ed_cta_demo_text":"","ed_cta_demo_hidden":"","why_caption":"","why_editor_title":"","why_editor_text":"","why_team_title":"","why_team_text":"","why_service_title":"","why_service_text":"","template_catalog_visible":"","template_catalog_title":"","template_catalog_text":"","template_catalog_categories_visible":"","demo_title":"Crea tu widget de rese\u00f1as de la App Store de Apple","demo_caption":"\u00a1Configure sus rese\u00f1as de Apple App Store y agr\u00e9guelas a su sitio web HTML de forma gratuita!","default_faq_hidden":"","app_template_category":[],"platform":"70","template_public_id":"","codecanyon_url":"","codecanyon_item_id":"","codecanyon_price":"","pricing_caption":"","pricing_elfsight_apps_hide_column":"","pricing_elfsight_apps_url":"","pricing_codecanyon_price_caption":"","integration_category":[],"integration_request_title":"","integration_request_cta":"","integration_platform":"","integrations":[],"platform_category":[],"video_schema_markup":"","price":"desde $0 \/ mes","trial":"","benefits":[{"text":"Asistencia de instalaci\u00f3n gratuita"},{"text":"Servicio al cliente competente"},{"text":"Garant\u00eda de reembolso de 14 d\u00edas"},{"text":"Actualizaciones gratuitas continuas"}],"button_url":"#demo","button_target_blank":"","button_nofollow":"","attributes":[{"name":"Instalaciones","content":"10,000 - 100,000"},{"name":"Sensible","content":"S\u00ed"},{"name":"Navegadores compatibles","content":"Firefox, Safari, Opera, Chrome, Edge"}],"tags":[],"tags_disable_links":"","hide_more_platforms":"","video_object":"","demo_hide_cta":"","demo_hide_cloud_options":"","pricing_title":"","pricing":[{"pricing_icon":"platform","pricing_title":"Elfsight Apps","pricing_title_caption":"Soluci\u00f3n independiente de plataforma que se adapta a cualquier sitio","pricing_price":"desde $0 \/ mes","pricing_price_caption":"comienza con el plan gratuito","pricing_benefits":[{"text":"Dominios ilimitados"},{"text":"Soporte 24 horas al d\u00eda, 7 d\u00edas a la semana, puntual y bien documentado."},{"text":"Asistencia de instalaci\u00f3n gratuita"},{"text":"Precio a alcanzar para m\u00faltiples aplicaciones"}],"pricing_button_text":"A\u00f1adir al sitio web","pricing_button_url":"#demo"}],"related_apps_title":"","related_apps_hidden":"","author":"","image":[],"title":"","job":"","social_networks":[]},"_links":{"self":[{"href":"https:\/\/elfsight.com\/es\/wp-json\/wp\/v2\/pages\/8533","targetHints":{"allow":["GET"]}}],"collection":[{"href":"https:\/\/elfsight.com\/es\/wp-json\/wp\/v2\/pages"}],"about":[{"href":"https:\/\/elfsight.com\/es\/wp-json\/wp\/v2\/types\/page"}],"author":[{"embeddable":true,"href":"https:\/\/elfsight.com\/es\/wp-json\/wp\/v2\/users\/9"}],"replies":[{"embeddable":true,"href":"https:\/\/elfsight.com\/es\/wp-json\/wp\/v2\/comments?post=8533"}],"version-history":[{"count":2,"href":"https:\/\/elfsight.com\/es\/wp-json\/wp\/v2\/pages\/8533\/revisions"}],"predecessor-version":[{"id":18498,"href":"https:\/\/elfsight.com\/es\/wp-json\/wp\/v2\/pages\/8533\/revisions\/18498"}],"up":[{"embeddable":true,"href":"https:\/\/elfsight.com\/es\/wp-json\/wp\/v2\/pages\/565"}],"wp:attachment":[{"href":"https:\/\/elfsight.com\/es\/wp-json\/wp\/v2\/media?parent=8533"}],"curies":[{"name":"wp","href":"https:\/\/api.w.org\/{rel}","templated":true}]}}