{"id":8532,"date":"1970-01-01T00:00:00","date_gmt":"1970-01-01T00:00:00","guid":{"rendered":"https:\/\/elfsight.com\/es\/?page_id=8532"},"modified":"2025-02-06T15:36:17","modified_gmt":"2025-02-06T15:36:17","slug":"google-sites","status":"publish","type":"page","link":"https:\/\/elfsight.com\/es\/apple-app-store-reviews-widget\/google-sites\/","title":{"rendered":"Apple App Store Reviews &#8211; Google Sites"},"content":{"rendered":"<div class=\"application-platform-content-item-description application-platform-content-item\" id=\"description\" data-nav-section=\"description\"> <h2>Incorpore rese\u00f1as de Apple App Store en Google Sites con el widget Elfsight<\/h2> <p>Elfsight Apple App Store Reviews es una herramienta \u00fatil para Google Sites que le permite mostrar rese\u00f1as sobre sus productos directamente en su sitio web. Con nuestro widget, podr\u00e1 utilizar filtros para ocultar los comentarios no deseados, mostrar su calificaci\u00f3n de estrellas y n\u00fameros de la App Store, demostrar informaci\u00f3n sobre los autores de las rese\u00f1as y agregar una llamada a la acci\u00f3n que inspirar\u00e1 a los usuarios a publicar sus comentarios. Las rese\u00f1as de la App Store le ayudar\u00e1n a presumir de su alta prueba social en el sitio y a atraer nuevas ventas. <\/p> <p><b>Ampl\u00ede el alcance de sus comentarios en la App Store de Apple y publ\u00edquelos en su sitio web.<\/b><\/p> <\/div> <div class=\"application-platform-content-item-features application-platform-content-item\" id=\"features\" data-nav-section=\"features\"> <h2>Caracter\u00edsticas principales del widget de rese\u00f1as de la App Store de Apple<\/h2> <p>Compruebe todas las caracter\u00edsticas del producto. Est\u00e1n disponibles directamente en el editor y le ayudar\u00e1n a construir el widget adecuado para su caso de uso. <\/p> <ul> <li>Elegir la velocidad de diapositiva y la velocidad de reproducci\u00f3n autom\u00e1tica; <\/li> <li>Seleccionar el tipo de paginaci\u00f3n en el dise\u00f1o del control deslizante; <\/li> <li>Ancho y alto responsivos; <\/li> <li>Encabezado intercambiable del widget; <\/li> <\/ul> <p><a href=\"#demo\">Compruebe c\u00f3mo funcionan todas las funciones en nuestra demostraci\u00f3n<\/a><\/p> <\/div> <div class=\"application-platform-content-item-installation application-platform-content-item\" id=\"installation\" data-nav-section=\"installation\"> <h2>\u00bfC\u00f3mo puedo integrar Apple App Store con Google Sites? <\/h2> <p>Para insertar un widget, simplemente siga las pautas a continuaci\u00f3n. <\/p> <ul> <li><b>Cree su complemento personalizado de rese\u00f1as de la App Store de Apple<\/b><br> Al administrar nuestra demostraci\u00f3n gratuita, genere un complemento con una composici\u00f3n y funciones seleccionadas. <\/li> <li><b>Adquiera el c\u00f3digo individual para mostrar el complemento<\/b><br> Despu\u00e9s de haber generado su widget, recibir\u00e1 el c\u00f3digo de instalaci\u00f3n en la notificaci\u00f3n emergente en Elfsight Apps. Copie este c\u00f3digo para su uso posterior. <\/li> <li><b>Agregue el complemento en su sitio de Google<\/b><br> Busque el \u00e1rea en la que desea insertar el complemento y agregue el c\u00f3digo guardado all\u00ed. Guarde los resultados. <\/li> <li><b>Has completado completamente la instalaci\u00f3n<\/b><br> Vaya al sitio web para ver su complemento. <\/li> <\/ul> <div class=\"tip-yellow tip\"><b>Debido a las peculiaridades del trabajo de Google Sites, el widget puede tener un aspecto diferente al de la demostraci\u00f3n en l\u00ednea. Nos disculpamos por cualquier inconveniente causado.<\/b><\/div><p>No dude en comunicarse con el servicio de atenci\u00f3n al cliente cuando necesite ayuda o tenga preguntas. Estaremos encantados de ayudarle con cada consulta. <\/p> <div class=\"faq\" data-component=\"FAQ\"><div class=\"faq-item\">\r\n\t\t\t\t\t<div class=\"faq-item-question\">\r\n\t\t\t\t\t\t<h3 class=\"faq-item-question-text\">\u00bfC\u00f3mo puedo insertar una galer\u00eda de videos de YouTube en mi sitio web de Squarespace sin conocimientos de codificaci\u00f3n?<\/h3>\r\n\r\n\t\t\t\t\t\t<div class=\"faq-item-question-icon\"><\/div>\r\n\t\t\t\t\t<\/div>\r\n\r\n\t\t\t\t\t<div class=\"faq-item-answer\">\r\n\t\t\t\t\t\t<div class=\"faq-item-answer-text\"><p>Elfsight proporciona una soluci\u00f3n basada en la nube que permite a los usuarios crear una galer\u00eda de videos de YouTube por su cuenta. Observe lo sencillo que es el proceso:<\/p><ul><li>Ingrese al Editor en l\u00ednea para crear una secci\u00f3n de la Galer\u00eda de videos de YouTube que desee incluir en su sitio de Squarespace.<\/li><li>Seleccione una de nuestras plantillas prefabricadas y personalice la configuraci\u00f3n de la Galer\u00eda de videos de YouTube, ajuste el dise\u00f1o y la combinaci\u00f3n de colores, incluya su contenido sin necesidad de codificaci\u00f3n.<\/li><li>Conserve las preferencias que ha definido para la Galer\u00eda de videos de YouTube y adquiera el c\u00f3digo para incrustar el widget, que se puede insertar f\u00e1cilmente en su sitio de Squarespace de forma gratuita.<\/li><\/ul><p>Al utilizar el editor intuitivo, cualquier usuario en l\u00ednea puede dise\u00f1ar una secci\u00f3n de la Galer\u00eda de videos de YouTube y agregarla a su sitio web de Squarespace. No es necesario realizar ning\u00fan pago ni revelar los datos de su tarjeta para acceder al Editor de Elfsight. Si encuentra alg\u00fan desaf\u00edo en cualquier fase, no dude en ponerse en contacto con nuestro servicio de atenci\u00f3n al cliente.<\/p><\/div>\r\n\t\t\t\t\t<\/div>\r\n\t\t\t\t<\/div><\/div><\/div>","protected":false},"excerpt":{"rendered":"","protected":false},"author":9,"featured_media":0,"parent":565,"menu_order":0,"comment_status":"closed","ping_status":"closed","template":"templates\/template-application-platform.php","meta":{"publish_to_discourse":"","publish_post_category":"","wpdc_auto_publish_overridden":"","wpdc_topic_tags":"","wpdc_pin_topic":"","wpdc_pin_until":"","discourse_post_id":"","discourse_permalink":"","wpdc_publishing_response":"","wpdc_publishing_error":"","footnotes":""},"class_list":["post-8532","page","type-page","status-publish","hentry"],"yoast_head":"<!-- This site is optimized with the Yoast SEO plugin v25.3.1 - https:\/\/yoast.com\/wordpress\/plugins\/seo\/ -->\n<title>Rese\u00f1as de Apple App Store: agregue el widget de rese\u00f1as de Apple a Google Sites (2025)<\/title>\n<meta name=\"description\" content=\"Implemente un complemento responsivo de rese\u00f1as de la App Store de Apple en su sitio de Google Sites y consiga plena confianza. Utilice la demostraci\u00f3n f\u00e1cil de usar de Elfsight para crear su herramienta.\" \/>\n<meta name=\"robots\" content=\"index, follow, max-snippet:-1, max-image-preview:large, max-video-preview:-1\" \/>\n<link rel=\"canonical\" href=\"https:\/\/elfsight.com\/es\/apple-app-store-reviews-widget\/google-sites\/\" \/>\n<meta property=\"og:locale\" content=\"es_ES\" \/>\n<meta property=\"og:type\" content=\"article\" \/>\n<meta property=\"og:title\" content=\"Rese\u00f1as de Apple App Store: agregue el widget de rese\u00f1as de Apple a Google Sites (2025)\" \/>\n<meta property=\"og:description\" content=\"Implemente un complemento responsivo de rese\u00f1as de la App Store de Apple en su sitio de Google Sites y consiga plena confianza. Utilice la demostraci\u00f3n f\u00e1cil de usar de Elfsight para crear su herramienta.\" \/>\n<meta property=\"og:url\" content=\"https:\/\/elfsight.com\/es\/apple-app-store-reviews-widget\/google-sites\/\" \/>\n<meta property=\"og:site_name\" content=\"Elfsight ES\" \/>\n<meta property=\"article:modified_time\" content=\"2025-02-06T15:36:17+00:00\" \/>\n<meta name=\"twitter:card\" content=\"summary_large_image\" \/>\n<meta name=\"twitter:label1\" content=\"Tiempo de lectura\" \/>\n\t<meta name=\"twitter:data1\" content=\"3 minutos\" \/>\n<!-- \/ Yoast SEO plugin. -->","yoast_head_json":{"title":"Rese\u00f1as de Apple App Store: agregue el widget de rese\u00f1as de Apple a Google Sites (2025)","description":"Implemente un complemento responsivo de rese\u00f1as de la App Store de Apple en su sitio de Google Sites y consiga plena confianza. Utilice la demostraci\u00f3n f\u00e1cil de usar de Elfsight para crear su herramienta.","robots":{"index":"index","follow":"follow","max-snippet":"max-snippet:-1","max-image-preview":"max-image-preview:large","max-video-preview":"max-video-preview:-1"},"canonical":"https:\/\/elfsight.com\/es\/apple-app-store-reviews-widget\/google-sites\/","og_locale":"es_ES","og_type":"article","og_title":"Rese\u00f1as de Apple App Store: agregue el widget de rese\u00f1as de Apple a Google Sites (2025)","og_description":"Implemente un complemento responsivo de rese\u00f1as de la App Store de Apple en su sitio de Google Sites y consiga plena confianza. Utilice la demostraci\u00f3n f\u00e1cil de usar de Elfsight para crear su herramienta.","og_url":"https:\/\/elfsight.com\/es\/apple-app-store-reviews-widget\/google-sites\/","og_site_name":"Elfsight ES","article_modified_time":"2025-02-06T15:36:17+00:00","twitter_card":"summary_large_image","twitter_misc":{"Tiempo de lectura":"3 minutos"},"schema":{"@context":"https:\/\/schema.org","@graph":[{"@type":"WebPage","@id":"https:\/\/elfsight.com\/es\/apple-app-store-reviews-widget\/google-sites\/","url":"https:\/\/elfsight.com\/es\/apple-app-store-reviews-widget\/google-sites\/","name":"Rese\u00f1as de Apple App Store: agregue el widget de rese\u00f1as de Apple a Google Sites (2025)","isPartOf":{"@id":"https:\/\/elfsight.com\/es\/#website"},"datePublished":"1970-01-01T00:00:00+00:00","dateModified":"2025-02-06T15:36:17+00:00","description":"Implemente un complemento responsivo de rese\u00f1as de la App Store de Apple en su sitio de Google Sites y consiga plena confianza. Utilice la demostraci\u00f3n f\u00e1cil de usar de Elfsight para crear su herramienta.","breadcrumb":{"@id":"https:\/\/elfsight.com\/es\/apple-app-store-reviews-widget\/google-sites\/#breadcrumb"},"inLanguage":"es","potentialAction":[{"@type":"ReadAction","target":["https:\/\/elfsight.com\/es\/apple-app-store-reviews-widget\/google-sites\/"]}]},{"@type":"BreadcrumbList","@id":"https:\/\/elfsight.com\/es\/apple-app-store-reviews-widget\/google-sites\/#breadcrumb","itemListElement":[{"@type":"ListItem","position":1,"name":"Home","item":"https:\/\/elfsight.com\/es\/"},{"@type":"ListItem","position":2,"name":"Apple App Store Reviews","item":"https:\/\/elfsight.com\/es\/apple-app-store-reviews-widget\/"},{"@type":"ListItem","position":3,"name":"Apple App Store Reviews &#8211; Google Sites"}]},{"@type":"WebSite","@id":"https:\/\/elfsight.com\/es\/#website","url":"https:\/\/elfsight.com\/es\/","name":"Elfsight ES","description":"Just another Elfsight Sites site","potentialAction":[{"@type":"SearchAction","target":{"@type":"EntryPoint","urlTemplate":"https:\/\/elfsight.com\/es\/?s={search_term_string}"},"query-input":{"@type":"PropertyValueSpecification","valueRequired":true,"valueName":"search_term_string"}}],"inLanguage":"es"}]}},"meta_box":{"industry":"","seo_heading":"","heading":"","description":"","cta_heading":"","cta_description":"","application":"564","h1":"Widget de rese\u00f1as de la tienda de aplicaciones de Google Sites","h1_caption":"Incruste rese\u00f1as desde el widget de su tienda de widgets de Apple para generar credibilidad y fomentar m\u00e1s descargas en sus sitios de Google sin esfuerzo.","application_category":[],"applications_title":"","applications_request_title":"","applications_request_button_text":"","hero_text":"","hero_video":"","hero_video_schema_markup":"","selling_points_title":"","selling_points_caption":"","selling_points":[],"selling_points_cta_text":"","features_title":"","features":"","ed_cta_examples_text":"","ed_cta_examples_hidden":"","ed_cta_demo_text":"","ed_cta_demo_hidden":"","why_caption":"","why_editor_title":"","why_editor_text":"","why_team_title":"","why_team_text":"","why_service_title":"","why_service_text":"","template_catalog_visible":"","template_catalog_title":"","template_catalog_text":"","template_catalog_categories_visible":"","demo_title":"Crea tu widget de rese\u00f1as de la App Store de Apple","demo_caption":"Configure sus rese\u00f1as de Apple App Store y agr\u00e9guelas a su sitio web de Google Sites de forma gratuita.","default_faq_hidden":"","app_template_category":[],"platform":"67","template_public_id":"","codecanyon_url":"","codecanyon_item_id":"","codecanyon_price":"","pricing_caption":"","pricing_elfsight_apps_hide_column":"","pricing_elfsight_apps_url":"","pricing_codecanyon_price_caption":"","integration_category":[],"integration_request_title":"","integration_request_cta":"","integration_platform":"","integrations":[],"platform_category":[],"video_schema_markup":"","price":"desde $0 \/ mes","trial":"","benefits":[{"text":"Asistencia de instalaci\u00f3n gratuita"},{"text":"Servicio al cliente eficaz"},{"text":"Garant\u00eda de reembolso de 14 d\u00edas"},{"text":"Mejoras gratuitas de por vida"}],"button_url":"#demo","button_target_blank":"","button_nofollow":"","attributes":[{"name":"Instalaciones","content":"10,000 - 100,000"},{"name":"Loading...","content":"Compatible con dispositivos m\u00f3viles"},{"name":"Navegadores compatibles","content":"Firefox, Safari, Opera, Chrome, Edge"}],"tags":[],"tags_disable_links":"","hide_more_platforms":"","video_object":"","demo_hide_cta":"","demo_hide_cloud_options":"","pricing_title":"","pricing":[{"pricing_icon":"platform","pricing_title":"Elfsight Apps","pricing_title_caption":"Soluci\u00f3n digital independiente de la plataforma","pricing_price":"desde $0 \/ mes","pricing_price_caption":"comienza con el plan gratuito","pricing_benefits":[{"text":"Dominios ilimitados"},{"text":"Atenci\u00f3n al cliente profesional"},{"text":"Soporte de instalaci\u00f3n gratuito"},{"text":"Precio especial para m\u00faltiples aplicaciones"}],"pricing_button_text":"A\u00f1adir al sitio web","pricing_button_url":"#demo"}],"related_apps_title":"","related_apps_hidden":"","author":"","image":[],"title":"","job":"","social_networks":[]},"_links":{"self":[{"href":"https:\/\/elfsight.com\/es\/wp-json\/wp\/v2\/pages\/8532","targetHints":{"allow":["GET"]}}],"collection":[{"href":"https:\/\/elfsight.com\/es\/wp-json\/wp\/v2\/pages"}],"about":[{"href":"https:\/\/elfsight.com\/es\/wp-json\/wp\/v2\/types\/page"}],"author":[{"embeddable":true,"href":"https:\/\/elfsight.com\/es\/wp-json\/wp\/v2\/users\/9"}],"replies":[{"embeddable":true,"href":"https:\/\/elfsight.com\/es\/wp-json\/wp\/v2\/comments?post=8532"}],"version-history":[{"count":2,"href":"https:\/\/elfsight.com\/es\/wp-json\/wp\/v2\/pages\/8532\/revisions"}],"predecessor-version":[{"id":18499,"href":"https:\/\/elfsight.com\/es\/wp-json\/wp\/v2\/pages\/8532\/revisions\/18499"}],"up":[{"embeddable":true,"href":"https:\/\/elfsight.com\/es\/wp-json\/wp\/v2\/pages\/565"}],"wp:attachment":[{"href":"https:\/\/elfsight.com\/es\/wp-json\/wp\/v2\/media?parent=8532"}],"curies":[{"name":"wp","href":"https:\/\/api.w.org\/{rel}","templated":true}]}}