{"id":8531,"date":"1970-01-01T00:00:00","date_gmt":"1970-01-01T00:00:00","guid":{"rendered":"https:\/\/elfsight.com\/es\/?page_id=8531"},"modified":"2025-02-06T15:36:17","modified_gmt":"2025-02-06T15:36:17","slug":"facebook","status":"publish","type":"page","link":"https:\/\/elfsight.com\/es\/apple-app-store-reviews-widget\/facebook\/","title":{"rendered":"Apple App Store Reviews &#8211; Facebook"},"content":{"rendered":"<div class=\"application-platform-content-item-description application-platform-content-item\" id=\"description\" data-nav-section=\"description\"><h2>Descripci\u00f3n<\/h2> <p>Elfsight Apple Store Reviews es un pr\u00e1ctico widget que le brinda la posibilidad de mostrar rese\u00f1as sobre sus ofertas directamente en su sitio. Con nuestro widget, podr\u00e1 utilizar filtros para ocultar las rese\u00f1as negativas, revelar su calificaci\u00f3n de estrellas y n\u00fameros, revelar informaci\u00f3n detallada sobre los creadores de las rese\u00f1as y agregar un bot\u00f3n de llamado a la acci\u00f3n que inspirar\u00e1 a los usuarios a publicar sus comentarios. El widget Elfsight Apple Reviews lo ayudar\u00e1 a presumir de su alta prueba social en su sitio y comenzar a realizar m\u00e1s compras nuevas. <\/p><p><b>Ventas anticipadas con gran calificaci\u00f3n y reconocimiento del cliente<\/b><\/p><\/div> <div class=\"application-platform-content-item-features application-platform-content-item\" id=\"features\" data-nav-section=\"features\"><h2>Caracter\u00edsticas<\/h2> <p>Consulte una lista de todas las caracter\u00edsticas funcionales del producto. Est\u00e1n disponibles directamente en el editor y te ayudar\u00e1n a crear el widget exactamente para tus necesidades. <\/p> <ul> <li>Una opci\u00f3n para configurar la velocidad de diapositiva y la velocidad de reproducci\u00f3n autom\u00e1tica; <\/li> <li>Elegir el tipo de paginaci\u00f3n en el dise\u00f1o del control deslizante; <\/li> <li>Ancho y alto ajustables del widget; <\/li> <li>Encabezado conmutable de la herramienta; <\/li> <\/ul> <p><a href=\"#demo\">Vea c\u00f3mo funcionan todas las funciones en nuestra demostraci\u00f3n<\/a><\/p> <\/div> <div class=\"application-platform-content-item-installation application-platform-content-item\" id=\"installation\" data-nav-section=\"installation\"><h2>\u00bfC\u00f3mo puedo agregar rese\u00f1as de Apple Store a Facebook? <\/h2> <p>Para integrar el widget, siga las pautas a continuaci\u00f3n. <\/p> <ul> <li><b>Cree su complemento Apple exclusivo<\/b><br> Usando nuestro editor gratuito, obtenga un complemento con un dise\u00f1o seleccionado y caracter\u00edsticas funcionales. <\/li> <li><b>Copia el c\u00f3digo individual para instalar el complemento<\/b><br> Inmediatamente despu\u00e9s de haber configurado tu widget, obtendr\u00e1s el c\u00f3digo de instalaci\u00f3n en la ventana emergente de Elfsight Apps. Copia el c\u00f3digo. <\/li> <li><b>Integre el complemento en su sitio web de Facebook<\/b><br> Elija el lugar donde desea mostrar el complemento y pegue el c\u00f3digo guardado all\u00ed. Guarde los resultados. <\/li> <li><b>La instalaci\u00f3n se realiz\u00f3 correctamente<\/b><br> Vaya al sitio para ver su complemento. <\/li> <\/ul> <p>No dudes en comunicarte con nuestro servicio de soporte en caso de que necesites asesoramiento o tengas consultas. Nuestros especialistas estar\u00e1n encantados de ayudarle con cada consulta. <\/p> <\/div>","protected":false},"excerpt":{"rendered":"","protected":false},"author":9,"featured_media":0,"parent":565,"menu_order":0,"comment_status":"closed","ping_status":"closed","template":"templates\/template-application-platform.php","meta":{"publish_to_discourse":"","publish_post_category":"","wpdc_auto_publish_overridden":"","wpdc_topic_tags":"","wpdc_pin_topic":"","wpdc_pin_until":"","discourse_post_id":"","discourse_permalink":"","wpdc_publishing_response":"","wpdc_publishing_error":"","footnotes":""},"class_list":["post-8531","page","type-page","status-publish","hentry"],"yoast_head":"<!-- This site is optimized with the Yoast SEO plugin v25.3.1 - https:\/\/yoast.com\/wordpress\/plugins\/seo\/ -->\n<title>Inserta Apple Reviews en tu p\u00e1gina de Facebook (f\u00e1cil y r\u00e1pido)<\/title>\n<meta name=\"description\" content=\"Es un proceso sencillo crear su propio widget Apple Revies y publicarlo en su p\u00e1gina de Facebook. El servicio al cliente de Elfsight es gratuito.\" \/>\n<meta name=\"robots\" content=\"index, follow, max-snippet:-1, max-image-preview:large, max-video-preview:-1\" \/>\n<link rel=\"canonical\" href=\"https:\/\/elfsight.com\/es\/apple-app-store-reviews-widget\/facebook\/\" \/>\n<meta property=\"og:locale\" content=\"es_ES\" \/>\n<meta property=\"og:type\" content=\"article\" \/>\n<meta property=\"og:title\" content=\"Inserta Apple Reviews en tu p\u00e1gina de Facebook (f\u00e1cil y r\u00e1pido)\" \/>\n<meta property=\"og:description\" content=\"Es un proceso sencillo crear su propio widget Apple Revies y publicarlo en su p\u00e1gina de Facebook. El servicio al cliente de Elfsight es gratuito.\" \/>\n<meta property=\"og:url\" content=\"https:\/\/elfsight.com\/es\/apple-app-store-reviews-widget\/facebook\/\" \/>\n<meta property=\"og:site_name\" content=\"Elfsight ES\" \/>\n<meta property=\"article:modified_time\" content=\"2025-02-06T15:36:17+00:00\" \/>\n<meta name=\"twitter:card\" content=\"summary_large_image\" \/>\n<meta name=\"twitter:label1\" content=\"Tiempo de lectura\" \/>\n\t<meta name=\"twitter:data1\" content=\"2 minutos\" \/>\n<!-- \/ Yoast SEO plugin. -->","yoast_head_json":{"title":"Inserta Apple Reviews en tu p\u00e1gina de Facebook (f\u00e1cil y r\u00e1pido)","description":"Es un proceso sencillo crear su propio widget Apple Revies y publicarlo en su p\u00e1gina de Facebook. El servicio al cliente de Elfsight es gratuito.","robots":{"index":"index","follow":"follow","max-snippet":"max-snippet:-1","max-image-preview":"max-image-preview:large","max-video-preview":"max-video-preview:-1"},"canonical":"https:\/\/elfsight.com\/es\/apple-app-store-reviews-widget\/facebook\/","og_locale":"es_ES","og_type":"article","og_title":"Inserta Apple Reviews en tu p\u00e1gina de Facebook (f\u00e1cil y r\u00e1pido)","og_description":"Es un proceso sencillo crear su propio widget Apple Revies y publicarlo en su p\u00e1gina de Facebook. El servicio al cliente de Elfsight es gratuito.","og_url":"https:\/\/elfsight.com\/es\/apple-app-store-reviews-widget\/facebook\/","og_site_name":"Elfsight ES","article_modified_time":"2025-02-06T15:36:17+00:00","twitter_card":"summary_large_image","twitter_misc":{"Tiempo de lectura":"2 minutos"},"schema":{"@context":"https:\/\/schema.org","@graph":[{"@type":"WebPage","@id":"https:\/\/elfsight.com\/es\/apple-app-store-reviews-widget\/facebook\/","url":"https:\/\/elfsight.com\/es\/apple-app-store-reviews-widget\/facebook\/","name":"Inserta Apple Reviews en tu p\u00e1gina de Facebook (f\u00e1cil y r\u00e1pido)","isPartOf":{"@id":"https:\/\/elfsight.com\/es\/#website"},"datePublished":"1970-01-01T00:00:00+00:00","dateModified":"2025-02-06T15:36:17+00:00","description":"Es un proceso sencillo crear su propio widget Apple Revies y publicarlo en su p\u00e1gina de Facebook. El servicio al cliente de Elfsight es gratuito.","breadcrumb":{"@id":"https:\/\/elfsight.com\/es\/apple-app-store-reviews-widget\/facebook\/#breadcrumb"},"inLanguage":"es","potentialAction":[{"@type":"ReadAction","target":["https:\/\/elfsight.com\/es\/apple-app-store-reviews-widget\/facebook\/"]}]},{"@type":"BreadcrumbList","@id":"https:\/\/elfsight.com\/es\/apple-app-store-reviews-widget\/facebook\/#breadcrumb","itemListElement":[{"@type":"ListItem","position":1,"name":"Home","item":"https:\/\/elfsight.com\/es\/"},{"@type":"ListItem","position":2,"name":"Apple App Store Reviews","item":"https:\/\/elfsight.com\/es\/apple-app-store-reviews-widget\/"},{"@type":"ListItem","position":3,"name":"Apple App Store Reviews &#8211; Facebook"}]},{"@type":"WebSite","@id":"https:\/\/elfsight.com\/es\/#website","url":"https:\/\/elfsight.com\/es\/","name":"Elfsight ES","description":"Just another Elfsight Sites site","potentialAction":[{"@type":"SearchAction","target":{"@type":"EntryPoint","urlTemplate":"https:\/\/elfsight.com\/es\/?s={search_term_string}"},"query-input":{"@type":"PropertyValueSpecification","valueRequired":true,"valueName":"search_term_string"}}],"inLanguage":"es"}]}},"meta_box":{"industry":"","seo_heading":"","heading":"","description":"","cta_heading":"","cta_description":"","application":"564","h1":"Widget de rese\u00f1as de Facebook Apple App Store","h1_caption":"Aumente la confianza mostrando rese\u00f1as de usuarios reales con informaci\u00f3n del autor","application_category":[],"applications_title":"","applications_request_title":"","applications_request_button_text":"","hero_text":"","hero_video":"","hero_video_schema_markup":"","selling_points_title":"","selling_points_caption":"","selling_points":[],"selling_points_cta_text":"","features_title":"","features":"","ed_cta_examples_text":"","ed_cta_examples_hidden":"","ed_cta_demo_text":"","ed_cta_demo_hidden":"","why_caption":"","why_editor_title":"","why_editor_text":"","why_team_title":"","why_team_text":"","why_service_title":"","why_service_text":"","template_catalog_visible":"","template_catalog_title":"","template_catalog_text":"","template_catalog_categories_visible":"","demo_title":"\u00a1Consigue un producto personalizado en tan solo unos minutos!","demo_caption":"Aproveche la oportunidad de personalizar el widget con un par de clics e introd\u00fazcalo en su sitio directamente desde la demostraci\u00f3n.","default_faq_hidden":"","app_template_category":[],"platform":"64","template_public_id":"","codecanyon_url":"","codecanyon_item_id":"","codecanyon_price":"","pricing_caption":"","pricing_elfsight_apps_hide_column":"","pricing_elfsight_apps_url":"","pricing_codecanyon_price_caption":"","integration_category":[],"integration_request_title":"","integration_request_cta":"","integration_platform":"","integrations":[],"platform_category":[],"video_schema_markup":"","price":"desde $0 \/ mes","trial":"","benefits":[{"text":"Asistencia de instalaci\u00f3n gratuita"},{"text":"Servicio al cliente eficaz"},{"text":"Garant\u00eda de devoluci\u00f3n de dinero de 14 d\u00edas"},{"text":"Actualizaciones gratuitas continuas"}],"button_url":"#demo","button_target_blank":"","button_nofollow":"","attributes":[{"name":"Instalaciones","content":"10,000 - 100,000"},{"name":"Sensible","content":"S\u00ed"},{"name":"Navegadores compatibles","content":"Firefox, Opera, Chrome, Safari, Edge"}],"tags":[],"tags_disable_links":"","hide_more_platforms":"","video_object":"","demo_hide_cta":"","demo_hide_cloud_options":"","pricing_title":"","pricing":[{"pricing_icon":"platform","pricing_title":"Elfsight Apps","pricing_title_caption":"Soluci\u00f3n multiplataforma que se adapta a cualquier sitio web","pricing_price":"desde $0 \/ mes","pricing_price_caption":"comienza con el plan gratuito","pricing_benefits":[{"text":"Dominios ilimitados"},{"text":"Soporte profesional de la empresa"},{"text":"Servicio de instalaci\u00f3n gratuito"},{"text":"100% personalizable"}],"pricing_button_text":"A\u00f1adir al sitio web","pricing_button_url":"#demo"}],"related_apps_title":"","related_apps_hidden":"","author":"","image":[],"title":"","job":"","social_networks":[]},"_links":{"self":[{"href":"https:\/\/elfsight.com\/es\/wp-json\/wp\/v2\/pages\/8531","targetHints":{"allow":["GET"]}}],"collection":[{"href":"https:\/\/elfsight.com\/es\/wp-json\/wp\/v2\/pages"}],"about":[{"href":"https:\/\/elfsight.com\/es\/wp-json\/wp\/v2\/types\/page"}],"author":[{"embeddable":true,"href":"https:\/\/elfsight.com\/es\/wp-json\/wp\/v2\/users\/9"}],"replies":[{"embeddable":true,"href":"https:\/\/elfsight.com\/es\/wp-json\/wp\/v2\/comments?post=8531"}],"version-history":[{"count":2,"href":"https:\/\/elfsight.com\/es\/wp-json\/wp\/v2\/pages\/8531\/revisions"}],"predecessor-version":[{"id":18500,"href":"https:\/\/elfsight.com\/es\/wp-json\/wp\/v2\/pages\/8531\/revisions\/18500"}],"up":[{"embeddable":true,"href":"https:\/\/elfsight.com\/es\/wp-json\/wp\/v2\/pages\/565"}],"wp:attachment":[{"href":"https:\/\/elfsight.com\/es\/wp-json\/wp\/v2\/media?parent=8531"}],"curies":[{"name":"wp","href":"https:\/\/api.w.org\/{rel}","templated":true}]}}