{"id":8525,"date":"1970-01-01T00:00:00","date_gmt":"1970-01-01T00:00:00","guid":{"rendered":"https:\/\/elfsight.com\/es\/?page_id=8525"},"modified":"2025-02-06T15:36:24","modified_gmt":"2025-02-06T15:36:24","slug":"drupal","status":"publish","type":"page","link":"https:\/\/elfsight.com\/es\/apple-app-store-reviews-widget\/drupal\/","title":{"rendered":"Apple App Store Reviews &#8211; Drupal"},"content":{"rendered":"<div class=\"application-platform-content-item-description application-platform-content-item\" id=\"description\" data-nav-section=\"description\"><h2>Descripci\u00f3n<\/h2> <p>Elfsight Apple Store Reviews es una herramienta \u00fatil que se utiliza para mostrar las rese\u00f1as sobre sus ofertas directamente en su p\u00e1gina web. Con nuestro widget, podr\u00e1 utilizar filtros para ocultar las rese\u00f1as no deseadas, presumir de su calificaci\u00f3n de estrellas y de n\u00fameros, agregar informaci\u00f3n sobre los autores de las rese\u00f1as y agregar un llamado a la acci\u00f3n que impulsar\u00e1 a los usuarios a dejar su rese\u00f1a. El widget Elfsight Apple Reviews le ayudar\u00e1 a demostrar su gran prueba social en el sitio web y a conseguir nuevas ventas. <\/p><p><b>Aumente las ventas revelando su alta calificaci\u00f3n y el aprecio de los usuarios<\/b><\/p><\/div> <div class=\"application-platform-content-item-features application-platform-content-item\" id=\"features\" data-nav-section=\"features\"><h2>Caracter\u00edsticas<\/h2> <p>Compruebe todas las caracter\u00edsticas del producto. Est\u00e1n disponibles directamente en el editor y le ayudar\u00e1n a darle forma al widget que se ajuste a su caso. <\/p> <ul> <li>Elegir la velocidad de diapositiva y la velocidad de reproducci\u00f3n autom\u00e1tica; <\/li> <li>Elegir el tipo de paginaci\u00f3n en el dise\u00f1o del control deslizante; <\/li> <li>Ancho y alto flexibles del widget; <\/li> <li>Una opci\u00f3n para activar\/desactivar el encabezado del widget; <\/li> <\/ul> <p><a href=\"#demo\">Compruebe c\u00f3mo funcionan todas las funciones en nuestra demostraci\u00f3n<\/a><\/p> <\/div> <div class=\"application-platform-content-item-installation application-platform-content-item\" id=\"installation\" data-nav-section=\"installation\"><h2>\u00bfC\u00f3mo agregar rese\u00f1as de Apple Store a mi sitio web Drupal? <\/h2> <p>Para activar el m\u00f3dulo, simplemente siga varios pasos r\u00e1pidos. <\/p> <ol><li><b>Utiliza nuestro configurador gratuito y empieza a darle forma a tu m\u00f3dulo personalizado. <\/b><br> Elija el dise\u00f1o y los aspectos preferibles del m\u00f3dulo y guarde todas las modificaciones. <\/li> <li><b>Adquiera su c\u00f3digo \u00fanico revelado en la ventana de Elfsight Apps. <\/b><br> Tan pronto como se complete la creaci\u00f3n de su m\u00f3dulo, copie el c\u00f3digo individual del cuadro que aparece y gu\u00e1rdelo para usarlo en el futuro. <\/li> <li><b>Comience a utilizar el m\u00f3dulo en el sitio Drupal. <\/b><br>Implemente el c\u00f3digo copiado recientemente en su sitio y guarde las ediciones. <\/li> <li><b>La instalaci\u00f3n est\u00e1 completamente realizada. <\/b><br> Abra su sitio web para inspeccionar el trabajo del m\u00f3dulo. <\/li><\/ol><p>T\u00f3mate un minuto para comunicarte con nuestro servicio de atenci\u00f3n al cliente en caso de que necesites ayuda o tengas problemas. Nuestros especialistas estar\u00e1n encantados de ayudarle con cada consulta. <\/p> <\/div><p><\/p>","protected":false},"excerpt":{"rendered":"","protected":false},"author":9,"featured_media":0,"parent":565,"menu_order":0,"comment_status":"closed","ping_status":"closed","template":"templates\/template-application-platform.php","meta":{"publish_to_discourse":"","publish_post_category":"","wpdc_auto_publish_overridden":"","wpdc_topic_tags":"","wpdc_pin_topic":"","wpdc_pin_until":"","discourse_post_id":"","discourse_permalink":"","wpdc_publishing_response":"","wpdc_publishing_error":"","footnotes":""},"class_list":["post-8525","page","type-page","status-publish","hentry"],"yoast_head":"<!-- This site is optimized with the Yoast SEO plugin v25.3.1 - https:\/\/yoast.com\/wordpress\/plugins\/seo\/ -->\n<title>Inserta Apple Reviews en tu sitio web Drupal (f\u00e1cil y r\u00e1pido)<\/title>\n<meta name=\"description\" content=\"Es un proceso sencillo crear su propio widget de Rese\u00f1as de Apple y publicarlo en su sitio web Drupal. El servicio al cliente de Elfsight es gratuito.\" \/>\n<meta name=\"robots\" content=\"index, follow, max-snippet:-1, max-image-preview:large, max-video-preview:-1\" \/>\n<link rel=\"canonical\" href=\"https:\/\/elfsight.com\/es\/apple-app-store-reviews-widget\/drupal\/\" \/>\n<meta property=\"og:locale\" content=\"es_ES\" \/>\n<meta property=\"og:type\" content=\"article\" \/>\n<meta property=\"og:title\" content=\"Inserta Apple Reviews en tu sitio web Drupal (f\u00e1cil y r\u00e1pido)\" \/>\n<meta property=\"og:description\" content=\"Es un proceso sencillo crear su propio widget de Rese\u00f1as de Apple y publicarlo en su sitio web Drupal. El servicio al cliente de Elfsight es gratuito.\" \/>\n<meta property=\"og:url\" content=\"https:\/\/elfsight.com\/es\/apple-app-store-reviews-widget\/drupal\/\" \/>\n<meta property=\"og:site_name\" content=\"Elfsight ES\" \/>\n<meta property=\"article:modified_time\" content=\"2025-02-06T15:36:24+00:00\" \/>\n<meta name=\"twitter:card\" content=\"summary_large_image\" \/>\n<meta name=\"twitter:label1\" content=\"Tiempo de lectura\" \/>\n\t<meta name=\"twitter:data1\" content=\"2 minutos\" \/>\n<!-- \/ Yoast SEO plugin. -->","yoast_head_json":{"title":"Inserta Apple Reviews en tu sitio web Drupal (f\u00e1cil y r\u00e1pido)","description":"Es un proceso sencillo crear su propio widget de Rese\u00f1as de Apple y publicarlo en su sitio web Drupal. El servicio al cliente de Elfsight es gratuito.","robots":{"index":"index","follow":"follow","max-snippet":"max-snippet:-1","max-image-preview":"max-image-preview:large","max-video-preview":"max-video-preview:-1"},"canonical":"https:\/\/elfsight.com\/es\/apple-app-store-reviews-widget\/drupal\/","og_locale":"es_ES","og_type":"article","og_title":"Inserta Apple Reviews en tu sitio web Drupal (f\u00e1cil y r\u00e1pido)","og_description":"Es un proceso sencillo crear su propio widget de Rese\u00f1as de Apple y publicarlo en su sitio web Drupal. El servicio al cliente de Elfsight es gratuito.","og_url":"https:\/\/elfsight.com\/es\/apple-app-store-reviews-widget\/drupal\/","og_site_name":"Elfsight ES","article_modified_time":"2025-02-06T15:36:24+00:00","twitter_card":"summary_large_image","twitter_misc":{"Tiempo de lectura":"2 minutos"},"schema":{"@context":"https:\/\/schema.org","@graph":[{"@type":"WebPage","@id":"https:\/\/elfsight.com\/es\/apple-app-store-reviews-widget\/drupal\/","url":"https:\/\/elfsight.com\/es\/apple-app-store-reviews-widget\/drupal\/","name":"Inserta Apple Reviews en tu sitio web Drupal (f\u00e1cil y r\u00e1pido)","isPartOf":{"@id":"https:\/\/elfsight.com\/es\/#website"},"datePublished":"1970-01-01T00:00:00+00:00","dateModified":"2025-02-06T15:36:24+00:00","description":"Es un proceso sencillo crear su propio widget de Rese\u00f1as de Apple y publicarlo en su sitio web Drupal. El servicio al cliente de Elfsight es gratuito.","breadcrumb":{"@id":"https:\/\/elfsight.com\/es\/apple-app-store-reviews-widget\/drupal\/#breadcrumb"},"inLanguage":"es","potentialAction":[{"@type":"ReadAction","target":["https:\/\/elfsight.com\/es\/apple-app-store-reviews-widget\/drupal\/"]}]},{"@type":"BreadcrumbList","@id":"https:\/\/elfsight.com\/es\/apple-app-store-reviews-widget\/drupal\/#breadcrumb","itemListElement":[{"@type":"ListItem","position":1,"name":"Home","item":"https:\/\/elfsight.com\/es\/"},{"@type":"ListItem","position":2,"name":"Apple App Store Reviews","item":"https:\/\/elfsight.com\/es\/apple-app-store-reviews-widget\/"},{"@type":"ListItem","position":3,"name":"Apple App Store Reviews &#8211; Drupal"}]},{"@type":"WebSite","@id":"https:\/\/elfsight.com\/es\/#website","url":"https:\/\/elfsight.com\/es\/","name":"Elfsight ES","description":"Just another Elfsight Sites site","potentialAction":[{"@type":"SearchAction","target":{"@type":"EntryPoint","urlTemplate":"https:\/\/elfsight.com\/es\/?s={search_term_string}"},"query-input":{"@type":"PropertyValueSpecification","valueRequired":true,"valueName":"search_term_string"}}],"inLanguage":"es"}]}},"meta_box":{"industry":"","seo_heading":"","heading":"","description":"","cta_heading":"","cta_description":"","application":"564","h1":"M\u00f3dulo de rese\u00f1as de Drupal Apple App Store","h1_caption":"Incruste rese\u00f1as de su m\u00f3dulo Apple Module Store para generar credibilidad y fomentar m\u00e1s descargas en su sitio web Drupal sin esfuerzo.","application_category":[],"applications_title":"","applications_request_title":"","applications_request_button_text":"","hero_text":"","hero_video":"","hero_video_schema_markup":"","selling_points_title":"","selling_points_caption":"","selling_points":[],"selling_points_cta_text":"","features_title":"","features":"","ed_cta_examples_text":"","ed_cta_examples_hidden":"","ed_cta_demo_text":"","ed_cta_demo_hidden":"","why_caption":"","why_editor_title":"","why_editor_text":"","why_team_title":"","why_team_text":"","why_service_title":"","why_service_text":"","template_catalog_visible":"","template_catalog_title":"","template_catalog_text":"","template_catalog_categories_visible":"","demo_title":"Crea tu m\u00f3dulo de Rese\u00f1as de la App Store de Apple","demo_caption":"\u00a1Configure sus rese\u00f1as de Apple App Store y agr\u00e9guelas a su sitio web Drupal de forma gratuita!","default_faq_hidden":"","app_template_category":[],"platform":"2161","template_public_id":"","codecanyon_url":"","codecanyon_item_id":"","codecanyon_price":"","pricing_caption":"","pricing_elfsight_apps_hide_column":"","pricing_elfsight_apps_url":"","pricing_codecanyon_price_caption":"","integration_category":[],"integration_request_title":"","integration_request_cta":"","integration_platform":"","integrations":[],"platform_category":[],"video_schema_markup":"","price":"desde $0 \/ mes","trial":"","benefits":[{"text":"Ayuda de instalaci\u00f3n gratuita"},{"text":"Soporte premium"},{"text":"Garant\u00eda de devoluci\u00f3n de dinero de 14 d\u00edas"},{"text":"Actualizando constantemente"}],"button_url":"#demo","button_target_blank":"","button_nofollow":"","attributes":[{"name":"Instalaciones","content":"10,000 - 100,000"},{"name":"Sensible","content":"S\u00ed"},{"name":"Navegadores compatibles","content":"Firefox, Safari, Opera, Chrome, Edge"}],"tags":[],"tags_disable_links":"","hide_more_platforms":"","video_object":"","demo_hide_cta":"","demo_hide_cloud_options":"","pricing_title":"","pricing":[{"pricing_icon":"platform","pricing_title":"Elfsight Apps","pricing_title_caption":"Soluci\u00f3n multiplataforma","pricing_price":"desde $0 \/ mes","pricing_price_caption":"comienza con el plan gratuito","pricing_benefits":[{"text":"Sitios web ilimitados"},{"text":"Soporte gratuito, puntual y bien documentado."},{"text":"Asistencia de instalaci\u00f3n gratuita"},{"text":"Oferta especial para m\u00faltiples aplicaciones"}],"pricing_button_text":"A\u00f1adir al sitio web","pricing_button_url":"#demo"}],"related_apps_title":"","related_apps_hidden":"","author":"","image":[],"title":"","job":"","social_networks":[]},"_links":{"self":[{"href":"https:\/\/elfsight.com\/es\/wp-json\/wp\/v2\/pages\/8525","targetHints":{"allow":["GET"]}}],"collection":[{"href":"https:\/\/elfsight.com\/es\/wp-json\/wp\/v2\/pages"}],"about":[{"href":"https:\/\/elfsight.com\/es\/wp-json\/wp\/v2\/types\/page"}],"author":[{"embeddable":true,"href":"https:\/\/elfsight.com\/es\/wp-json\/wp\/v2\/users\/9"}],"replies":[{"embeddable":true,"href":"https:\/\/elfsight.com\/es\/wp-json\/wp\/v2\/comments?post=8525"}],"version-history":[{"count":2,"href":"https:\/\/elfsight.com\/es\/wp-json\/wp\/v2\/pages\/8525\/revisions"}],"predecessor-version":[{"id":18502,"href":"https:\/\/elfsight.com\/es\/wp-json\/wp\/v2\/pages\/8525\/revisions\/18502"}],"up":[{"embeddable":true,"href":"https:\/\/elfsight.com\/es\/wp-json\/wp\/v2\/pages\/565"}],"wp:attachment":[{"href":"https:\/\/elfsight.com\/es\/wp-json\/wp\/v2\/media?parent=8525"}],"curies":[{"name":"wp","href":"https:\/\/api.w.org\/{rel}","templated":true}]}}