{"id":8517,"date":"1970-01-01T00:00:00","date_gmt":"1970-01-01T00:00:00","guid":{"rendered":"https:\/\/elfsight.com\/es\/?page_id=8517"},"modified":"2025-02-06T15:36:32","modified_gmt":"2025-02-06T15:36:32","slug":"godaddy","status":"publish","type":"page","link":"https:\/\/elfsight.com\/es\/apple-app-store-reviews-widget\/godaddy\/","title":{"rendered":"Apple App Store Reviews  &#8211; GoDaddy"},"content":{"rendered":"<div class=\"application-platform-content-item-description application-platform-content-item\" id=\"description\" data-nav-section=\"description\"> <h2>Incorpore rese\u00f1as de Apple App Store en GoDaddy con el widget de Elfsight<\/h2> <p>Elfsight Apple App Store Reviews es una herramienta \u00fatil que le permite demostrar las rese\u00f1as de sus productos directamente en su sitio web. Con nuestro complemento, podr\u00e1 utilizar filtros para ocultar los comentarios no deseados, mostrar su calificaci\u00f3n de estrellas y n\u00fameros de GoDaddy, demostrar informaci\u00f3n sobre los autores de las rese\u00f1as y agregar una llamada a la acci\u00f3n que inspirar\u00e1 a los usuarios a publicar sus comentarios en GoDaddy. Rese\u00f1as de Elfsight Apple App Store Las rese\u00f1as le ayudar\u00e1n a presumir de su alta prueba social en el sitio y atraer nuevas ventas. <\/p> <p><b>Ampl\u00eda el alcance de tus comentarios en la App Store de Apple y publ\u00edcalos en tu sitio web. <\/b><\/p> <\/div> <div class=\"application-platform-content-item-features application-platform-content-item\" id=\"features\" data-nav-section=\"features\"> <h2>Caracter\u00edsticas principales del widget de rese\u00f1as de la App Store de Apple<\/h2> <p>Comprueba todas las caracter\u00edsticas del producto. Est\u00e1n disponibles directamente en el editor y le ayudar\u00e1n a crear el complemento adecuado para su caso de uso. <\/p> <ul> <li>Elegir la velocidad de diapositiva y la velocidad de reproducci\u00f3n autom\u00e1tica; <\/li> <li>Seleccionar el tipo de paginaci\u00f3n en el dise\u00f1o del control deslizante; <\/li> <li>Ancho y alto responsivos; <\/li> <li>Encabezado intercambiable del complemento; <\/li> <\/ul> <p><a href=\"#demo\">Compruebe c\u00f3mo funcionan todas las funciones en nuestra demostraci\u00f3n<\/a><\/p> <\/div> <div class=\"application-platform-content-item-installation application-platform-content-item\" id=\"installation\" data-nav-section=\"installation\"> <h2>\u00bfC\u00f3mo puedo integrar las rese\u00f1as de Apple App Store con GoDaddy? <\/h2> <p>Para insertar un complemento, simplemente siga las pautas a continuaci\u00f3n. <\/p> <ul> <li><b>Cree su complemento de producto personalizado<\/b><br> Al administrar nuestra demostraci\u00f3n gratuita, genere un complemento con una composici\u00f3n y funciones seleccionadas. <\/li> <li><b>Adquiera el c\u00f3digo individual para mostrar el complemento<\/b><br> Despu\u00e9s de haber generado su complemento, recibir\u00e1 el c\u00f3digo de instalaci\u00f3n en la notificaci\u00f3n emergente en Elfsight Apps. Copie este c\u00f3digo para su uso posterior. <\/li> <li><b>Agregue el complemento en su sitio GoDaddy<\/b><br> Busque el \u00e1rea en la que desea insertar el complemento y agregue el c\u00f3digo guardado all\u00ed. Guarde los resultados. <\/li> <li><b>Has completado completamente la instalaci\u00f3n<\/b><br> Vaya al sitio web para ver su complemento. <\/li> <\/ul> <p>No dudes en comunicarte con el servicio de atenci\u00f3n al cliente cuando necesites ayuda o tengas preguntas. Estaremos encantados de ayudarle con cada consulta. <\/p> <div class=\"faq\" data-component=\"FAQ\"><div class=\"faq-item\">\r\n\t\t\t\t\t<div class=\"faq-item-question\">\r\n\t\t\t\t\t\t<h3 class=\"faq-item-question-text\">\u00bfC\u00f3mo puedo insertar el complemento GoDaddy App Store Reviews en mi sitio web sin conocimientos de codificaci\u00f3n?<\/h3>\r\n\r\n\t\t\t\t\t\t<div class=\"faq-item-question-icon\"><\/div>\r\n\t\t\t\t\t<\/div>\r\n\r\n\t\t\t\t\t<div class=\"faq-item-answer\">\r\n\t\t\t\t\t\t<div class=\"faq-item-answer-text\"><p>Elfsight ofrece una soluci\u00f3n basada en la nube que permite a los usuarios crear un complemento GoDaddy App Store Reviews por su cuenta. Observe lo sencillo que es el proceso:<\/p><ul><li>Acceda al editor en l\u00ednea para generar una secci\u00f3n del complemento Rese\u00f1as de la App Store de GoDaddy que le gustar\u00eda integrar en su sitio web.<\/li><li>Seleccione una de nuestras plantillas predise\u00f1adas y configure los ajustes del complemento Rese\u00f1as de la App Store de GoDaddy, modifique el dise\u00f1o y la combinaci\u00f3n de colores, incluya su contenido sin necesidad de codificaci\u00f3n.<\/li><li>Conserve la configuraci\u00f3n que ha personalizado para el complemento Rese\u00f1as de la App Store de GoDaddy y adquiera el c\u00f3digo para incrustarlo, que se puede insertar f\u00e1cilmente en su sitio web sin costo alguno.<\/li><\/ul><p>Al trabajar en el editor f\u00e1cil de usar, cualquier usuario de Internet puede crear una secci\u00f3n de complemento de Rese\u00f1as de la App Store de GoDaddy e incrustarla en su sitio web. No es necesario realizar ning\u00fan pago ni revelar la informaci\u00f3n de su tarjeta para acceder al Editor de Elfsight. Si encuentra alguna dificultad en cualquier etapa, no dude en comunicarse con nuestro servicio de atenci\u00f3n al cliente.<\/p><\/div>\r\n\t\t\t\t\t<\/div>\r\n\t\t\t\t<\/div><\/div><\/div>","protected":false},"excerpt":{"rendered":"","protected":false},"author":9,"featured_media":0,"parent":565,"menu_order":0,"comment_status":"closed","ping_status":"closed","template":"templates\/template-application-platform.php","meta":{"publish_to_discourse":"","publish_post_category":"","wpdc_auto_publish_overridden":"","wpdc_topic_tags":"","wpdc_pin_topic":"","wpdc_pin_until":"","discourse_post_id":"","discourse_permalink":"","wpdc_publishing_response":"","wpdc_publishing_error":"","footnotes":""},"class_list":["post-8517","page","type-page","status-publish","hentry"],"yoast_head":"<!-- This site is optimized with the Yoast SEO plugin v25.3.1 - https:\/\/yoast.com\/wordpress\/plugins\/seo\/ -->\n<title>Rese\u00f1as de App Store: \u00a1agregue el complemento Rese\u00f1as al sitio web de GoDaddy!<\/title>\n<meta name=\"description\" content=\"\u00a1Crea un atractivo complemento de rese\u00f1as de App Store para tu sitio web de GoDaddy! Utilice la pr\u00e1ctica demostraci\u00f3n de Elfsight y cree su herramienta con unos pocos clics.\" \/>\n<meta name=\"robots\" content=\"index, follow, max-snippet:-1, max-image-preview:large, max-video-preview:-1\" \/>\n<link rel=\"canonical\" href=\"https:\/\/elfsight.com\/es\/apple-app-store-reviews-widget\/godaddy\/\" \/>\n<meta property=\"og:locale\" content=\"es_ES\" \/>\n<meta property=\"og:type\" content=\"article\" \/>\n<meta property=\"og:title\" content=\"Rese\u00f1as de App Store: \u00a1agregue el complemento Rese\u00f1as al sitio web de GoDaddy!\" \/>\n<meta property=\"og:description\" content=\"\u00a1Crea un atractivo complemento de rese\u00f1as de App Store para tu sitio web de GoDaddy! Utilice la pr\u00e1ctica demostraci\u00f3n de Elfsight y cree su herramienta con unos pocos clics.\" \/>\n<meta property=\"og:url\" content=\"https:\/\/elfsight.com\/es\/apple-app-store-reviews-widget\/godaddy\/\" \/>\n<meta property=\"og:site_name\" content=\"Elfsight ES\" \/>\n<meta property=\"article:modified_time\" content=\"2025-02-06T15:36:32+00:00\" \/>\n<meta name=\"twitter:card\" content=\"summary_large_image\" \/>\n<meta name=\"twitter:label1\" content=\"Tiempo de lectura\" \/>\n\t<meta name=\"twitter:data1\" content=\"3 minutos\" \/>\n<!-- \/ Yoast SEO plugin. -->","yoast_head_json":{"title":"Rese\u00f1as de App Store: \u00a1agregue el complemento Rese\u00f1as al sitio web de GoDaddy!","description":"\u00a1Crea un atractivo complemento de rese\u00f1as de App Store para tu sitio web de GoDaddy! Utilice la pr\u00e1ctica demostraci\u00f3n de Elfsight y cree su herramienta con unos pocos clics.","robots":{"index":"index","follow":"follow","max-snippet":"max-snippet:-1","max-image-preview":"max-image-preview:large","max-video-preview":"max-video-preview:-1"},"canonical":"https:\/\/elfsight.com\/es\/apple-app-store-reviews-widget\/godaddy\/","og_locale":"es_ES","og_type":"article","og_title":"Rese\u00f1as de App Store: \u00a1agregue el complemento Rese\u00f1as al sitio web de GoDaddy!","og_description":"\u00a1Crea un atractivo complemento de rese\u00f1as de App Store para tu sitio web de GoDaddy! Utilice la pr\u00e1ctica demostraci\u00f3n de Elfsight y cree su herramienta con unos pocos clics.","og_url":"https:\/\/elfsight.com\/es\/apple-app-store-reviews-widget\/godaddy\/","og_site_name":"Elfsight ES","article_modified_time":"2025-02-06T15:36:32+00:00","twitter_card":"summary_large_image","twitter_misc":{"Tiempo de lectura":"3 minutos"},"schema":{"@context":"https:\/\/schema.org","@graph":[{"@type":"WebPage","@id":"https:\/\/elfsight.com\/es\/apple-app-store-reviews-widget\/godaddy\/","url":"https:\/\/elfsight.com\/es\/apple-app-store-reviews-widget\/godaddy\/","name":"Rese\u00f1as de App Store: \u00a1agregue el complemento Rese\u00f1as al sitio web de GoDaddy!","isPartOf":{"@id":"https:\/\/elfsight.com\/es\/#website"},"datePublished":"1970-01-01T00:00:00+00:00","dateModified":"2025-02-06T15:36:32+00:00","description":"\u00a1Crea un atractivo complemento de rese\u00f1as de App Store para tu sitio web de GoDaddy! Utilice la pr\u00e1ctica demostraci\u00f3n de Elfsight y cree su herramienta con unos pocos clics.","breadcrumb":{"@id":"https:\/\/elfsight.com\/es\/apple-app-store-reviews-widget\/godaddy\/#breadcrumb"},"inLanguage":"es","potentialAction":[{"@type":"ReadAction","target":["https:\/\/elfsight.com\/es\/apple-app-store-reviews-widget\/godaddy\/"]}]},{"@type":"BreadcrumbList","@id":"https:\/\/elfsight.com\/es\/apple-app-store-reviews-widget\/godaddy\/#breadcrumb","itemListElement":[{"@type":"ListItem","position":1,"name":"Home","item":"https:\/\/elfsight.com\/es\/"},{"@type":"ListItem","position":2,"name":"Apple App Store Reviews","item":"https:\/\/elfsight.com\/es\/apple-app-store-reviews-widget\/"},{"@type":"ListItem","position":3,"name":"Apple App Store Reviews &#8211; GoDaddy"}]},{"@type":"WebSite","@id":"https:\/\/elfsight.com\/es\/#website","url":"https:\/\/elfsight.com\/es\/","name":"Elfsight ES","description":"Just another Elfsight Sites site","potentialAction":[{"@type":"SearchAction","target":{"@type":"EntryPoint","urlTemplate":"https:\/\/elfsight.com\/es\/?s={search_term_string}"},"query-input":{"@type":"PropertyValueSpecification","valueRequired":true,"valueName":"search_term_string"}}],"inLanguage":"es"}]}},"meta_box":{"industry":"","seo_heading":"","heading":"","description":"","cta_heading":"","cta_description":"","application":"564","h1":"Complemento de rese\u00f1as de la tienda de aplicaciones de GoDaddy","h1_caption":"Mejore la confianza al revelar comentarios de visitantes reales con informaci\u00f3n del autor","application_category":[],"applications_title":"","applications_request_title":"","applications_request_button_text":"","hero_text":"","hero_video":"","hero_video_schema_markup":"","selling_points_title":"","selling_points_caption":"","selling_points":[],"selling_points_cta_text":"","features_title":"","features":"","ed_cta_examples_text":"","ed_cta_examples_hidden":"","ed_cta_demo_text":"","ed_cta_demo_hidden":"","why_caption":"","why_editor_title":"","why_editor_text":"","why_team_title":"","why_team_text":"","why_service_title":"","why_service_text":"","template_catalog_visible":"","template_catalog_title":"","template_catalog_text":"","template_catalog_categories_visible":"","demo_title":"\u00a1T\u00f3mese un minuto para crear un producto para su sitio web!","demo_caption":"Puede personalizar el complemento en el editor y agregarlo a su sitio web directamente a trav\u00e9s de la demostraci\u00f3n.","default_faq_hidden":"","app_template_category":[],"platform":"2183","template_public_id":"","codecanyon_url":"","codecanyon_item_id":"","codecanyon_price":"","pricing_caption":"","pricing_elfsight_apps_hide_column":"","pricing_elfsight_apps_url":"","pricing_codecanyon_price_caption":"","integration_category":[],"integration_request_title":"","integration_request_cta":"","integration_platform":"","integrations":[],"platform_category":[],"video_schema_markup":"","price":"desde $0 \/ mes","trial":"","benefits":[{"text":"Asistencia de instalaci\u00f3n gratuita"},{"text":"Servicio al cliente eficaz"},{"text":"Garant\u00eda de devoluci\u00f3n de dinero de 14 d\u00edas"},{"text":"Actualizaciones gratuitas de por vida"}],"button_url":"#demo","button_target_blank":"","button_nofollow":"","attributes":[{"name":"Instalaciones","content":"10,000 - 100,000"},{"name":"Sensible","content":"S\u00ed"},{"name":"Navegadores compatibles","content":"IE11, Firefox, Safari, Opera, Chrome, Edge"}],"tags":[],"tags_disable_links":"","hide_more_platforms":"","video_object":"","demo_hide_cta":"","demo_hide_cloud_options":"","pricing_title":"","pricing":[{"pricing_icon":"platform","pricing_title":"Elfsight Apps","pricing_title_caption":"Soluci\u00f3n multiplataforma que se adapta a cualquier sitio web","pricing_price":"desde $0 \/ mes","pricing_price_caption":"comienza con el plan gratuito","pricing_benefits":[{"text":"Dominios ilimitados"},{"text":"Atenci\u00f3n al cliente 24 horas al d\u00eda, 7 d\u00edas a la semana y bien documentada."},{"text":"Asistencia de instalaci\u00f3n gratuita"},{"text":"100% personalizable"}],"pricing_button_text":"A\u00f1adir al sitio web","pricing_button_url":"#demo"}],"related_apps_title":"","related_apps_hidden":"","author":"","image":[],"title":"","job":"","social_networks":[]},"_links":{"self":[{"href":"https:\/\/elfsight.com\/es\/wp-json\/wp\/v2\/pages\/8517","targetHints":{"allow":["GET"]}}],"collection":[{"href":"https:\/\/elfsight.com\/es\/wp-json\/wp\/v2\/pages"}],"about":[{"href":"https:\/\/elfsight.com\/es\/wp-json\/wp\/v2\/types\/page"}],"author":[{"embeddable":true,"href":"https:\/\/elfsight.com\/es\/wp-json\/wp\/v2\/users\/9"}],"replies":[{"embeddable":true,"href":"https:\/\/elfsight.com\/es\/wp-json\/wp\/v2\/comments?post=8517"}],"version-history":[{"count":2,"href":"https:\/\/elfsight.com\/es\/wp-json\/wp\/v2\/pages\/8517\/revisions"}],"predecessor-version":[{"id":18506,"href":"https:\/\/elfsight.com\/es\/wp-json\/wp\/v2\/pages\/8517\/revisions\/18506"}],"up":[{"embeddable":true,"href":"https:\/\/elfsight.com\/es\/wp-json\/wp\/v2\/pages\/565"}],"wp:attachment":[{"href":"https:\/\/elfsight.com\/es\/wp-json\/wp\/v2\/media?parent=8517"}],"curies":[{"name":"wp","href":"https:\/\/api.w.org\/{rel}","templated":true}]}}