{"id":8515,"date":"1970-01-01T00:00:00","date_gmt":"1970-01-01T00:00:00","guid":{"rendered":"https:\/\/elfsight.com\/es\/?page_id=8515"},"modified":"2025-02-06T15:36:32","modified_gmt":"2025-02-06T15:36:32","slug":"woocommerce","status":"publish","type":"page","link":"https:\/\/elfsight.com\/es\/restaurant-menu-widget\/woocommerce\/","title":{"rendered":"Restaurant Menu &#8211; WooCommerce"},"content":{"rendered":"<div class=\"application-platform-content-item-description application-platform-content-item\" id=\"description\" data-nav-section=\"description\"> <h2>Descripci\u00f3n<\/h2><p>El men\u00fa del restaurante Elfsight es un widget conveniente para mostrar su diversidad de art\u00edculos directamente en su sitio. Es una forma sencilla de informar a tus invitados sobre tu cocina, se\u00f1alar un concepto original y atraerlos con atractivas fotograf\u00edas de comida. El complemento est\u00e1 altamente adaptado al usuario. Puede crear cualquier cantidad de men\u00fas con una gran cantidad de elementos o simplemente realizar una lista concisa de las especialidades que sirve. Elija un esquema claro y oscuro o ajuste todo lo que desee, volviendo a pintar todos los colores de acento. Adem\u00e1s, el complemento permite mantener su informaci\u00f3n actualizada: corregir precios o lista de art\u00edculos, agregar nuevas comidas o incluso men\u00fas en un par de segundos. No m\u00e1s archivos PDF que tengas que configurar desde el principio. Simplemente comience a crear su apetitoso men\u00fa ahora mismo. <\/p> <p><b>Agregue el men\u00fa del restaurante para afrontar los desaf\u00edos de su negocio de manera m\u00e1s eficiente. \u00a1Con la ayuda del men\u00fa de tu sitio web puedes aumentar f\u00e1cilmente el n\u00famero de invitados! <\/b><\/p><\/div> <div class=\"application-platform-content-item-features application-platform-content-item\" id=\"features\" data-nav-section=\"features\"> <h2>Algunas de las mejores caracter\u00edsticas de nuestro complemento: <\/h2> <ul><li>Herramienta f\u00e1cil de administrar incluso para usuarios no profesionales<\/li><li>Cantidad infinita de men\u00fas, secciones o elementos simplemente organizados por diferentes dise\u00f1os<\/li><li>Mantenga la informaci\u00f3n actualizada y c\u00e1mbiela donde lo necesite<\/li><li> Escriba una descripci\u00f3n detallada de los art\u00edculos, por ejemplo \u00edconos, elementos nutricionales e insignias <\/li><li>Adjunte im\u00e1genes impresionantes para los art\u00edculos e incluso mu\u00e9strelas en una vista emergente <\/li><li>Adapte y cambie el color de cualquier elemento: texto, combinaci\u00f3n de colores e \u00edconos<\/li><\/ul><p><a href=\"#demo\">Puede descubrir la funcionalidad completa del widget en la demostraci\u00f3n de esta p\u00e1gina<\/a><\/p> <\/div> <div class=\"application-platform-content-item-installation application-platform-content-item\" id=\"installation\" data-nav-section=\"installation\"> <h2>\u00bfC\u00f3mo incorporo el men\u00fa del restaurante en mi sitio WooCommerce? <\/h2> <p>Simplemente siga las instrucciones a continuaci\u00f3n para insertar el complemento: <\/p> <ol><li><b>Inicie nuestro editor gratuito y comience a crear su instrumento \u00fanico. <\/b><br> Elija el aspecto y los par\u00e1metros deseados de la herramienta y guarde las ediciones. <\/li> <li><b>Obtenga el c\u00f3digo individual que se muestra en el cuadro de Elfsight Apps. <\/b><br> Tan pronto como finalice la creaci\u00f3n de su herramienta, copie el c\u00f3digo individual del cuadro que aparece y gu\u00e1rdelo para futuras necesidades. <\/li> <li><b>Inicie la utilizaci\u00f3n del complemento en su p\u00e1gina web WooCommerce. <\/b><br> Inserta el c\u00f3digo que has copiado antes en tu p\u00e1gina y aplica los ajustes. <\/li> <li><b>La instalaci\u00f3n finaliz\u00f3 exitosamente. <\/b><br>Visite su sitio web para observar el rendimiento del complemento. <\/li><\/ol> <p>Si tienes consultas o tienes alg\u00fan problema, no dudes en comunicarte con nuestro personal de soporte. El equipo de Elfsight desea ayudarle con todas las dificultades que pueda tener con el complemento. <\/p> <div class=\"faq\" data-component=\"FAQ\"><div class=\"faq-item\">\r\n\t\t\t\t\t<div class=\"faq-item-question\">\r\n\t\t\t\t\t\t<h3 class=\"faq-item-question-text\">\u00bfC\u00f3mo incrustar un men\u00fa de restaurante en mi sitio WooCommerce sin conocimientos de codificaci\u00f3n?<\/h3>\r\n\r\n\t\t\t\t\t\t<div class=\"faq-item-question-icon\"><\/div>\r\n\t\t\t\t\t<\/div>\r\n\r\n\t\t\t\t\t<div class=\"faq-item-answer\">\r\n\t\t\t\t\t\t<div class=\"faq-item-answer-text\"> <p>Elfsight proporciona una soluci\u00f3n en la nube que permite a los propietarios de sitios generar una aplicaci\u00f3n de men\u00fa de restaurante usted mismo. Descubra las sencillas instrucciones: vaya al editor en vivo para establecer una secci\u00f3n de men\u00fa de restaurante que le gustar\u00eda que aparezca en su p\u00e1gina web de WooCommerce. Elija una de las plantillas ya preparadas y modifique la configuraci\u00f3n del men\u00fa del restaurante, incluya su contenido, cambie el dise\u00f1o y el color de los elementos sin conocimientos de codificaci\u00f3n. Guarde el men\u00fa del restaurante y obtenga el c\u00f3digo del complemento para incrustarlo, que se puede pegar sin esfuerzo en el sitio WooCommerce dentro de un plan gratuito. Con la ayuda de nuestro editor f\u00e1cil de usar, cualquier usuario de Internet puede crear un widget de men\u00fa de restaurante en l\u00ednea e incluirlo f\u00e1cilmente en el sitio WooCommerce. No es necesario obtener un plan pago ni enviar los datos de su tarjeta para acceder a nuestro Editor. Si tiene alg\u00fan problema en alg\u00fan paso, no dude en ponerse en contacto con nuestro servicio t\u00e9cnico de atenci\u00f3n al cliente.<\/p> <\/div>\r\n\t\t\t\t\t<\/div>\r\n\t\t\t\t<\/div> <\/div><\/div>","protected":false},"excerpt":{"rendered":"","protected":false},"author":9,"featured_media":0,"parent":586,"menu_order":0,"comment_status":"closed","ping_status":"closed","template":"templates\/template-application-platform.php","meta":{"publish_to_discourse":"","publish_post_category":"","wpdc_auto_publish_overridden":"","wpdc_topic_tags":"","wpdc_pin_topic":"","wpdc_pin_until":"","discourse_post_id":"","discourse_permalink":"","wpdc_publishing_response":"","wpdc_publishing_error":"","footnotes":""},"class_list":["post-8515","page","type-page","status-publish","hentry"],"yoast_head":"<!-- This site is optimized with the Yoast SEO plugin v25.3.1 - https:\/\/yoast.com\/wordpress\/plugins\/seo\/ -->\n<title>Men\u00fa de restaurante para p\u00e1ginas de WooCommerce: f\u00e1cil y gratuito<\/title>\n<meta name=\"description\" content=\"Inserte un complemento de men\u00fa de restaurante responsivo en su sitio WooCommerce. Utilice la pr\u00e1ctica demostraci\u00f3n de Elfsight y genere su fascinante men\u00fa con solo unos pocos clics\" \/>\n<meta name=\"robots\" content=\"index, follow, max-snippet:-1, max-image-preview:large, max-video-preview:-1\" \/>\n<link rel=\"canonical\" href=\"https:\/\/elfsight.com\/es\/restaurant-menu-widget\/woocommerce\/\" \/>\n<meta property=\"og:locale\" content=\"es_ES\" \/>\n<meta property=\"og:type\" content=\"article\" \/>\n<meta property=\"og:title\" content=\"Men\u00fa de restaurante para p\u00e1ginas de WooCommerce: f\u00e1cil y gratuito\" \/>\n<meta property=\"og:description\" content=\"Inserte un complemento de men\u00fa de restaurante responsivo en su sitio WooCommerce. Utilice la pr\u00e1ctica demostraci\u00f3n de Elfsight y genere su fascinante men\u00fa con solo unos pocos clics\" \/>\n<meta property=\"og:url\" content=\"https:\/\/elfsight.com\/es\/restaurant-menu-widget\/woocommerce\/\" \/>\n<meta property=\"og:site_name\" content=\"Elfsight ES\" \/>\n<meta property=\"article:modified_time\" content=\"2025-02-06T15:36:32+00:00\" \/>\n<meta name=\"twitter:card\" content=\"summary_large_image\" \/>\n<meta name=\"twitter:label1\" content=\"Tiempo de lectura\" \/>\n\t<meta name=\"twitter:data1\" content=\"3 minutos\" \/>\n<!-- \/ Yoast SEO plugin. -->","yoast_head_json":{"title":"Men\u00fa de restaurante para p\u00e1ginas de WooCommerce: f\u00e1cil y gratuito","description":"Inserte un complemento de men\u00fa de restaurante responsivo en su sitio WooCommerce. Utilice la pr\u00e1ctica demostraci\u00f3n de Elfsight y genere su fascinante men\u00fa con solo unos pocos clics","robots":{"index":"index","follow":"follow","max-snippet":"max-snippet:-1","max-image-preview":"max-image-preview:large","max-video-preview":"max-video-preview:-1"},"canonical":"https:\/\/elfsight.com\/es\/restaurant-menu-widget\/woocommerce\/","og_locale":"es_ES","og_type":"article","og_title":"Men\u00fa de restaurante para p\u00e1ginas de WooCommerce: f\u00e1cil y gratuito","og_description":"Inserte un complemento de men\u00fa de restaurante responsivo en su sitio WooCommerce. Utilice la pr\u00e1ctica demostraci\u00f3n de Elfsight y genere su fascinante men\u00fa con solo unos pocos clics","og_url":"https:\/\/elfsight.com\/es\/restaurant-menu-widget\/woocommerce\/","og_site_name":"Elfsight ES","article_modified_time":"2025-02-06T15:36:32+00:00","twitter_card":"summary_large_image","twitter_misc":{"Tiempo de lectura":"3 minutos"},"schema":{"@context":"https:\/\/schema.org","@graph":[{"@type":"WebPage","@id":"https:\/\/elfsight.com\/es\/restaurant-menu-widget\/woocommerce\/","url":"https:\/\/elfsight.com\/es\/restaurant-menu-widget\/woocommerce\/","name":"Men\u00fa de restaurante para p\u00e1ginas de WooCommerce: f\u00e1cil y gratuito","isPartOf":{"@id":"https:\/\/elfsight.com\/es\/#website"},"datePublished":"1970-01-01T00:00:00+00:00","dateModified":"2025-02-06T15:36:32+00:00","description":"Inserte un complemento de men\u00fa de restaurante responsivo en su sitio WooCommerce. Utilice la pr\u00e1ctica demostraci\u00f3n de Elfsight y genere su fascinante men\u00fa con solo unos pocos clics","breadcrumb":{"@id":"https:\/\/elfsight.com\/es\/restaurant-menu-widget\/woocommerce\/#breadcrumb"},"inLanguage":"es","potentialAction":[{"@type":"ReadAction","target":["https:\/\/elfsight.com\/es\/restaurant-menu-widget\/woocommerce\/"]}]},{"@type":"BreadcrumbList","@id":"https:\/\/elfsight.com\/es\/restaurant-menu-widget\/woocommerce\/#breadcrumb","itemListElement":[{"@type":"ListItem","position":1,"name":"Home","item":"https:\/\/elfsight.com\/es\/"},{"@type":"ListItem","position":2,"name":"Restaurant Menu","item":"https:\/\/elfsight.com\/es\/restaurant-menu-widget\/"},{"@type":"ListItem","position":3,"name":"Restaurant Menu &#8211; WooCommerce"}]},{"@type":"WebSite","@id":"https:\/\/elfsight.com\/es\/#website","url":"https:\/\/elfsight.com\/es\/","name":"Elfsight ES","description":"Just another Elfsight Sites site","potentialAction":[{"@type":"SearchAction","target":{"@type":"EntryPoint","urlTemplate":"https:\/\/elfsight.com\/es\/?s={search_term_string}"},"query-input":{"@type":"PropertyValueSpecification","valueRequired":true,"valueName":"search_term_string"}}],"inLanguage":"es"}]}},"meta_box":{"industry":"","seo_heading":"","heading":"","description":"","cta_heading":"","cta_description":"","application":"585","h1":"Complemento de men\u00fa de restaurante WooCommerce","h1_caption":"Muestre el men\u00fa de su restaurante en un formato visualmente atractivo, f\u00e1cil de actualizar y f\u00e1cil de usar en su sitio web WooCommerce sin esfuerzo.","application_category":[],"applications_title":"","applications_request_title":"","applications_request_button_text":"","hero_text":"","hero_video":"","hero_video_schema_markup":"","selling_points_title":"","selling_points_caption":"","selling_points":[],"selling_points_cta_text":"","features_title":"","features":"","ed_cta_examples_text":"","ed_cta_examples_hidden":"","ed_cta_demo_text":"","ed_cta_demo_hidden":"","why_caption":"","why_editor_title":"","why_editor_text":"","why_team_title":"","why_team_text":"","why_service_title":"","why_service_text":"","template_catalog_visible":"","template_catalog_title":"","template_catalog_text":"","template_catalog_categories_visible":"","demo_title":"Crea tu aplicaci\u00f3n Men\u00fa de Restaurante","demo_caption":"\u00a1Configure el men\u00fa de su restaurante y agr\u00e9guelo a su sitio web WooCommerce gratis!","default_faq_hidden":"","app_template_category":[],"platform":"2311","template_public_id":"","codecanyon_url":"","codecanyon_item_id":"","codecanyon_price":"","pricing_caption":"","pricing_elfsight_apps_hide_column":"","pricing_elfsight_apps_url":"","pricing_codecanyon_price_caption":"","integration_category":[],"integration_request_title":"","integration_request_cta":"","integration_platform":"","integrations":[],"platform_category":[],"video_schema_markup":"","price":"desde $0 \/ mes","trial":"","benefits":[{"text":"Servicio de instalaci\u00f3n gratuito"},{"text":"Servicio al cliente competente"},{"text":"Garant\u00eda de devoluci\u00f3n de dinero de 14 d\u00edas"},{"text":"Mejoras gratuitas continuas"}],"button_url":"#demo","button_target_blank":"","button_nofollow":"","attributes":[{"name":"Instalaciones","content":"10,000 - 100,000"},{"name":"Sensible","content":"S\u00ed"},{"name":"Navegadores compatibles","content":"Firefox, Safari, Opera, Chrome, Edge"}],"tags":[],"tags_disable_links":"","hide_more_platforms":"","video_object":"","demo_hide_cta":"","demo_hide_cloud_options":"","pricing_title":"","pricing":[{"pricing_icon":"platform","pricing_title":"Elfsight Apps","pricing_title_caption":"Versi\u00f3n multiplataforma que funciona en cualquier sitio web","pricing_price":"desde $0 \/ mes","pricing_price_caption":"comienza con un plan gratuito","pricing_benefits":[{"text":"Dominios ilimitados"},{"text":"Soporte premium y puntual"},{"text":"Soporte de instalaci\u00f3n gratuito"},{"text":"Dise\u00f1o flexible"}],"pricing_button_text":"A\u00f1adir al sitio web","pricing_button_url":"#demo"}],"related_apps_title":"","related_apps_hidden":"","author":"","image":[],"title":"","job":"","social_networks":[]},"_links":{"self":[{"href":"https:\/\/elfsight.com\/es\/wp-json\/wp\/v2\/pages\/8515","targetHints":{"allow":["GET"]}}],"collection":[{"href":"https:\/\/elfsight.com\/es\/wp-json\/wp\/v2\/pages"}],"about":[{"href":"https:\/\/elfsight.com\/es\/wp-json\/wp\/v2\/types\/page"}],"author":[{"embeddable":true,"href":"https:\/\/elfsight.com\/es\/wp-json\/wp\/v2\/users\/9"}],"replies":[{"embeddable":true,"href":"https:\/\/elfsight.com\/es\/wp-json\/wp\/v2\/comments?post=8515"}],"version-history":[{"count":2,"href":"https:\/\/elfsight.com\/es\/wp-json\/wp\/v2\/pages\/8515\/revisions"}],"predecessor-version":[{"id":18507,"href":"https:\/\/elfsight.com\/es\/wp-json\/wp\/v2\/pages\/8515\/revisions\/18507"}],"up":[{"embeddable":true,"href":"https:\/\/elfsight.com\/es\/wp-json\/wp\/v2\/pages\/586"}],"wp:attachment":[{"href":"https:\/\/elfsight.com\/es\/wp-json\/wp\/v2\/media?parent=8515"}],"curies":[{"name":"wp","href":"https:\/\/api.w.org\/{rel}","templated":true}]}}