{"id":8514,"date":"1970-01-01T00:00:00","date_gmt":"1970-01-01T00:00:00","guid":{"rendered":"https:\/\/elfsight.com\/es\/?page_id=8514"},"modified":"2025-02-06T15:36:32","modified_gmt":"2025-02-06T15:36:32","slug":"wix","status":"publish","type":"page","link":"https:\/\/elfsight.com\/es\/restaurant-menu-widget\/wix\/","title":{"rendered":"Restaurant Menu &#8211; Wix"},"content":{"rendered":"<div class=\"application-platform-content-item-description application-platform-content-item\" id=\"description\" data-nav-section=\"description\"> <h2>Descripci\u00f3n<\/h2><p>El men\u00fa del restaurante es una manera f\u00e1cil de demostrar sus sabrosas comidas y bebidas a su audiencia, transmitir un concepto excepcional y captar su atenci\u00f3n con fotograf\u00edas magn\u00e9ticas de productos. El complemento es muy \u00fatil. Puede presentar una cantidad ilimitada de p\u00e1ginas de men\u00fa con numerosas secciones y elementos. Elija un esquema claro y oscuro o adapte los elementos que necesite, volviendo a colorear todos los elementos. Adem\u00e1s, tu men\u00fa siempre puede ser relevante: \u00a1puedes actualizar precios o una lista de art\u00edculos, agregar nuevos platos o incluso men\u00fas en un par de segundos! No m\u00e1s men\u00fas listos para imprimir que tienes que crear desde cero. Simplemente comience a crear su men\u00fa elegante ahora mismo. <\/p> <p><b>\u00a1Obt\u00e9n lo mejor del Men\u00fa del Restaurante para alcanzar tu popularidad con menos esfuerzo! Con la ayuda del men\u00fa de tu p\u00e1gina web, tu establecimiento puede invitar a m\u00e1s visitantes que nunca. Comience a usar Restaurant Menu de Elfsight<\/b><\/p> <\/div> <div class=\"application-platform-content-item-features application-platform-content-item\" id=\"features\" data-nav-section=\"features\"> <h2>Ofrecemos funciones \u00fatiles y sencillas, vea algunas de ellas: <\/h2> <ul><li>Editor f\u00e1cil de usar incluso para usuarios sin conocimientos de tecnolog\u00eda<\/li><li>Cantidad infinita de men\u00fas, secciones o elementos, organizados f\u00e1cilmente mediante dise\u00f1os elegantes<\/li><li>Siempre informaci\u00f3n actualizada. Corrige el men\u00fa y todas sus configuraciones cuando lo desees <\/li><li> Muestra una descripci\u00f3n detallada de los elementos: incluso \u00edconos, elementos nutricionales e insignias<\/li><li>Establece fotos impresionantes para los art\u00edculos e incluso pres\u00e9ntalas en una vista emergente <\/li><li> Personaliza los colores de todos los elementos: texto, combinaci\u00f3n de colores e \u00edconos <\/li><\/ul><p><a href=\"#demo\">Explora todas las opciones de personalizaci\u00f3n en una demostraci\u00f3n 100% funcional<\/a><\/p> <\/div> <div class=\"application-platform-content-item-installation application-platform-content-item\" id=\"installation\" data-nav-section=\"installation\"> <h2>\u00bfC\u00f3mo agrego el men\u00fa del restaurante a mi p\u00e1gina web de Wix? <\/h2><div class=\"video-container\"><iframe width=\"720\" height=\"405\" src=\"https:\/\/www.youtube.com\/embed\/ZR6hmujo2dg\"><\/iframe><\/div><p>Simplemente siga las siguientes pautas para agregar la herramienta: <\/p> <ol><li><b>Inicie nuestro editor gratuito y comience a darle forma a su aplicaci\u00f3n personalizada. <\/b><br> Especifique el dise\u00f1o y los par\u00e1metros preferibles de la aplicaci\u00f3n y guarde las correcciones. <\/li> <li><b>Copia tu c\u00f3digo \u00fanico que aparece en la ventana de Elfsight Apps. <\/b><br> Tan pronto como se complete la creaci\u00f3n de su aplicaci\u00f3n personal, copie el c\u00f3digo exclusivo en el cuadro que aparece y gu\u00e1rdelo para su uso posterior. <\/li> <li><b>Comienza a usar el widget en la p\u00e1gina web de Wix. <\/b><br>Integre el c\u00f3digo guardado anteriormente en su p\u00e1gina de inicio y guarde las modificaciones. <\/li> <li><b>La configuraci\u00f3n se realiz\u00f3 correctamente. <\/b><br>Vaya a su p\u00e1gina web para inspeccionar el funcionamiento de la aplicaci\u00f3n. <\/li><\/ol> <p>En caso de que tengas alguna dificultad, no dudes en ponerte en contacto con nuestro equipo de soporte. Nuestros especialistas estar\u00e1n encantados de resolver todos los problemas que puedas tener con la herramienta. <\/p> <div class=\"faq\" data-component=\"FAQ\"><div class=\"faq-item\">\r\n\t\t\t\t\t<div class=\"faq-item-question\">\r\n\t\t\t\t\t\t<h3 class=\"faq-item-question-text\">\u00bfC\u00f3mo puedo agregar un men\u00fa de restaurante a mi p\u00e1gina web de Wix sin conocimientos de codificaci\u00f3n?<\/h3>\r\n\r\n\t\t\t\t\t\t<div class=\"faq-item-question-icon\"><\/div>\r\n\t\t\t\t\t<\/div>\r\n\r\n\t\t\t\t\t<div class=\"faq-item-answer\">\r\n\t\t\t\t\t\t<div class=\"faq-item-answer-text\"> <p>Elfsight ofrece una soluci\u00f3n SaaS que permite a una amplia audiencia generar una secci\u00f3n de men\u00fa de restaurante usted mismo. Descubra las sencillas instrucciones: comience a trabajar en el editor en vivo para generar una aplicaci\u00f3n de men\u00fa de restaurante que le gustar\u00eda agregar a su p\u00e1gina web de Wix. Elija una de las plantillas predise\u00f1adas y modifique la configuraci\u00f3n del men\u00fa del restaurante, cambie el dise\u00f1o y los colores y actualice su contenido, sin conocimientos de codificaci\u00f3n. Haz clic para guardar la configuraci\u00f3n que has realizado en el men\u00fa del restaurante y obtener el c\u00f3digo de instalaci\u00f3n que puede integrarse en tu sitio web Wix sin necesidad de comprar una versi\u00f3n paga. Con el Configurador intuitivo, cada usuario de Internet puede generar un widget de men\u00fa de restaurante en l\u00ednea y simplemente incluirlo en cualquier sitio web de Wix. No es necesario obtener un plan pago ni ingresar las credenciales de su tarjeta para acceder a nuestro servicio. Si tiene alg\u00fan problema en cualquier paso, no dude en hablar con nuestro personal de soporte t\u00e9cnico.<\/p> <\/div>\r\n\t\t\t\t\t<\/div>\r\n\t\t\t\t<\/div> <\/div><\/div>","protected":false},"excerpt":{"rendered":"","protected":false},"author":9,"featured_media":0,"parent":586,"menu_order":0,"comment_status":"closed","ping_status":"closed","template":"templates\/template-application-platform.php","meta":{"publish_to_discourse":"","publish_post_category":"","wpdc_auto_publish_overridden":"","wpdc_topic_tags":"","wpdc_pin_topic":"","wpdc_pin_until":"","discourse_post_id":"","discourse_permalink":"","wpdc_publishing_response":"","wpdc_publishing_error":"","footnotes":""},"class_list":["post-8514","page","type-page","status-publish","hentry"],"yoast_head":"<!-- This site is optimized with the Yoast SEO plugin v25.3.1 - https:\/\/yoast.com\/wordpress\/plugins\/seo\/ -->\n<title>Men\u00fa de restaurante para sitios web de Wix: simple y gratis<\/title>\n<meta name=\"description\" content=\"Inserta una aplicaci\u00f3n de men\u00fa de restaurante f\u00e1cil de usar en tu sitio web Wix. Pruebe la pr\u00e1ctica demostraci\u00f3n de Elfsight y cree su incre\u00edble aplicaci\u00f3n en solo un par de minutos\" \/>\n<meta name=\"robots\" content=\"index, follow, max-snippet:-1, max-image-preview:large, max-video-preview:-1\" \/>\n<link rel=\"canonical\" href=\"https:\/\/elfsight.com\/es\/restaurant-menu-widget\/wix\/\" \/>\n<meta property=\"og:locale\" content=\"es_ES\" \/>\n<meta property=\"og:type\" content=\"article\" \/>\n<meta property=\"og:title\" content=\"Men\u00fa de restaurante para sitios web de Wix: simple y gratis\" \/>\n<meta property=\"og:description\" content=\"Inserta una aplicaci\u00f3n de men\u00fa de restaurante f\u00e1cil de usar en tu sitio web Wix. Pruebe la pr\u00e1ctica demostraci\u00f3n de Elfsight y cree su incre\u00edble aplicaci\u00f3n en solo un par de minutos\" \/>\n<meta property=\"og:url\" content=\"https:\/\/elfsight.com\/es\/restaurant-menu-widget\/wix\/\" \/>\n<meta property=\"og:site_name\" content=\"Elfsight ES\" \/>\n<meta property=\"article:modified_time\" content=\"2025-02-06T15:36:32+00:00\" \/>\n<meta name=\"twitter:card\" content=\"summary_large_image\" \/>\n<meta name=\"twitter:label1\" content=\"Tiempo de lectura\" \/>\n\t<meta name=\"twitter:data1\" content=\"3 minutos\" \/>\n<!-- \/ Yoast SEO plugin. -->","yoast_head_json":{"title":"Men\u00fa de restaurante para sitios web de Wix: simple y gratis","description":"Inserta una aplicaci\u00f3n de men\u00fa de restaurante f\u00e1cil de usar en tu sitio web Wix. Pruebe la pr\u00e1ctica demostraci\u00f3n de Elfsight y cree su incre\u00edble aplicaci\u00f3n en solo un par de minutos","robots":{"index":"index","follow":"follow","max-snippet":"max-snippet:-1","max-image-preview":"max-image-preview:large","max-video-preview":"max-video-preview:-1"},"canonical":"https:\/\/elfsight.com\/es\/restaurant-menu-widget\/wix\/","og_locale":"es_ES","og_type":"article","og_title":"Men\u00fa de restaurante para sitios web de Wix: simple y gratis","og_description":"Inserta una aplicaci\u00f3n de men\u00fa de restaurante f\u00e1cil de usar en tu sitio web Wix. Pruebe la pr\u00e1ctica demostraci\u00f3n de Elfsight y cree su incre\u00edble aplicaci\u00f3n en solo un par de minutos","og_url":"https:\/\/elfsight.com\/es\/restaurant-menu-widget\/wix\/","og_site_name":"Elfsight ES","article_modified_time":"2025-02-06T15:36:32+00:00","twitter_card":"summary_large_image","twitter_misc":{"Tiempo de lectura":"3 minutos"},"schema":{"@context":"https:\/\/schema.org","@graph":[{"@type":"WebPage","@id":"https:\/\/elfsight.com\/es\/restaurant-menu-widget\/wix\/","url":"https:\/\/elfsight.com\/es\/restaurant-menu-widget\/wix\/","name":"Men\u00fa de restaurante para sitios web de Wix: simple y gratis","isPartOf":{"@id":"https:\/\/elfsight.com\/es\/#website"},"datePublished":"1970-01-01T00:00:00+00:00","dateModified":"2025-02-06T15:36:32+00:00","description":"Inserta una aplicaci\u00f3n de men\u00fa de restaurante f\u00e1cil de usar en tu sitio web Wix. Pruebe la pr\u00e1ctica demostraci\u00f3n de Elfsight y cree su incre\u00edble aplicaci\u00f3n en solo un par de minutos","breadcrumb":{"@id":"https:\/\/elfsight.com\/es\/restaurant-menu-widget\/wix\/#breadcrumb"},"inLanguage":"es","potentialAction":[{"@type":"ReadAction","target":["https:\/\/elfsight.com\/es\/restaurant-menu-widget\/wix\/"]}]},{"@type":"BreadcrumbList","@id":"https:\/\/elfsight.com\/es\/restaurant-menu-widget\/wix\/#breadcrumb","itemListElement":[{"@type":"ListItem","position":1,"name":"Home","item":"https:\/\/elfsight.com\/es\/"},{"@type":"ListItem","position":2,"name":"Restaurant Menu","item":"https:\/\/elfsight.com\/es\/restaurant-menu-widget\/"},{"@type":"ListItem","position":3,"name":"Restaurant Menu &#8211; Wix"}]},{"@type":"WebSite","@id":"https:\/\/elfsight.com\/es\/#website","url":"https:\/\/elfsight.com\/es\/","name":"Elfsight ES","description":"Just another Elfsight Sites site","potentialAction":[{"@type":"SearchAction","target":{"@type":"EntryPoint","urlTemplate":"https:\/\/elfsight.com\/es\/?s={search_term_string}"},"query-input":{"@type":"PropertyValueSpecification","valueRequired":true,"valueName":"search_term_string"}}],"inLanguage":"es"}]}},"meta_box":{"industry":"","seo_heading":"","heading":"","description":"","cta_heading":"","cta_description":"","application":"585","h1":"Aplicaci\u00f3n Men\u00fa del Restaurante Wix","h1_caption":"Muestre el men\u00fa de su restaurante en un formato visualmente atractivo, f\u00e1cil de actualizar y f\u00e1cil de usar en su sitio web Wix sin esfuerzo.","application_category":[],"applications_title":"","applications_request_title":"","applications_request_button_text":"","hero_text":"","hero_video":"","hero_video_schema_markup":"","selling_points_title":"","selling_points_caption":"","selling_points":[],"selling_points_cta_text":"","features_title":"","features":"","ed_cta_examples_text":"","ed_cta_examples_hidden":"","ed_cta_demo_text":"","ed_cta_demo_hidden":"","why_caption":"","why_editor_title":"","why_editor_text":"","why_team_title":"","why_team_text":"","why_service_title":"","why_service_text":"","template_catalog_visible":"","template_catalog_title":"","template_catalog_text":"","template_catalog_categories_visible":"","demo_title":"Crea tu aplicaci\u00f3n Men\u00fa de Restaurante","demo_caption":"\u00a1Configura el men\u00fa de tu restaurante y agr\u00e9galo a tu sitio web Wix gratis!","default_faq_hidden":"","app_template_category":[],"platform":"112","template_public_id":"","codecanyon_url":"","codecanyon_item_id":"","codecanyon_price":"","pricing_caption":"","pricing_elfsight_apps_hide_column":"","pricing_elfsight_apps_url":"","pricing_codecanyon_price_caption":"","integration_category":[],"integration_request_title":"","integration_request_cta":"","integration_platform":"","integrations":[],"platform_category":[],"video_schema_markup":"","price":"desde $0 \/ mes","trial":"","benefits":[{"text":"Ayuda de instalaci\u00f3n gratuita"},{"text":"Servicio al cliente eficaz"},{"text":"Garant\u00eda de reembolso de 14 d\u00edas"},{"text":"Mejoras gratuitas de por vida"}],"button_url":"#demo","button_target_blank":"","button_nofollow":"","attributes":[{"name":"Instalaciones","content":"10,000 - 100,000"},{"name":"Sensible","content":"S\u00ed"},{"name":"Navegadores compatibles","content":"Chrome, Opera, Edge, Firefox, Safari"}],"tags":[],"tags_disable_links":"","hide_more_platforms":"","video_object":"","demo_hide_cta":"","demo_hide_cloud_options":"","pricing_title":"","pricing":[{"pricing_icon":"platform","pricing_title":"Elfsight Apps","pricing_title_caption":"Soluci\u00f3n independiente de plataforma que se adapta a cualquier sitio web","pricing_price":"desde $0 \/ mes","pricing_price_caption":"comienza con el plan gratuito","pricing_benefits":[{"text":"N\u00famero ilimitado de sitios web"},{"text":"Soporte r\u00e1pido y puntual"},{"text":"Soporte de instalaci\u00f3n gratuito"},{"text":"Precio especial para m\u00faltiples aplicaciones"}],"pricing_button_text":"A\u00f1adir al sitio web","pricing_button_url":"#demo"}],"related_apps_title":"","related_apps_hidden":"","author":"","image":[],"title":"","job":"","social_networks":[]},"_links":{"self":[{"href":"https:\/\/elfsight.com\/es\/wp-json\/wp\/v2\/pages\/8514","targetHints":{"allow":["GET"]}}],"collection":[{"href":"https:\/\/elfsight.com\/es\/wp-json\/wp\/v2\/pages"}],"about":[{"href":"https:\/\/elfsight.com\/es\/wp-json\/wp\/v2\/types\/page"}],"author":[{"embeddable":true,"href":"https:\/\/elfsight.com\/es\/wp-json\/wp\/v2\/users\/9"}],"replies":[{"embeddable":true,"href":"https:\/\/elfsight.com\/es\/wp-json\/wp\/v2\/comments?post=8514"}],"version-history":[{"count":2,"href":"https:\/\/elfsight.com\/es\/wp-json\/wp\/v2\/pages\/8514\/revisions"}],"predecessor-version":[{"id":18508,"href":"https:\/\/elfsight.com\/es\/wp-json\/wp\/v2\/pages\/8514\/revisions\/18508"}],"up":[{"embeddable":true,"href":"https:\/\/elfsight.com\/es\/wp-json\/wp\/v2\/pages\/586"}],"wp:attachment":[{"href":"https:\/\/elfsight.com\/es\/wp-json\/wp\/v2\/media?parent=8514"}],"curies":[{"name":"wp","href":"https:\/\/api.w.org\/{rel}","templated":true}]}}