{"id":8508,"date":"1970-01-01T00:00:00","date_gmt":"1970-01-01T00:00:00","guid":{"rendered":"https:\/\/elfsight.com\/es\/?page_id=8508"},"modified":"2025-02-06T15:36:40","modified_gmt":"2025-02-06T15:36:40","slug":"webnode","status":"publish","type":"page","link":"https:\/\/elfsight.com\/es\/restaurant-menu-widget\/webnode\/","title":{"rendered":"Restaurant Menu &#8211; Webnode"},"content":{"rendered":"<div class=\"application-platform-content-item-description application-platform-content-item\" id=\"description\" data-nav-section=\"description\"> <h2>Descripci\u00f3n<\/h2><p>El men\u00fa del restaurante es la forma m\u00e1s r\u00e1pida de representar la excelente calidad y el sabor de su cocina y atraer la atenci\u00f3n de los usuarios con im\u00e1genes de comida tentadoras. El widget est\u00e1 muy adaptado al usuario y puede crear tantas p\u00e1ginas de men\u00fa, secciones y elementos como desee. No dude en elegir combinaciones de luz y oscuridad o personalizar la configuraci\u00f3n y volver a pintar todos los colores de acento. Adem\u00e1s, su men\u00fa siempre puede seguir siendo relevante: puede actualizar precios, una lista de art\u00edculos, agregar nuevas comidas o incluso men\u00fas en un par de segundos. No m\u00e1s men\u00fas listos para imprimir que deber\u00eda crear desde cero. Simplemente comience a crear su men\u00fa apetitoso ahora mismo.<\/p> <p><b>\u00a1Integre el men\u00fa del restaurante para alcanzar su punto m\u00e1ximo en el comercio electr\u00f3nico! Usando el men\u00fa de tu p\u00e1gina web puedes invitar a m\u00e1s clientes potenciales y. Intente utilizar Restaurant Menu de Elfsight.<\/b><\/p><\/div><div class=\"application-platform-content-item-features application-platform-content-item\" id=\"features\" data-nav-section=\"features\"> <h2>Vea la lista de las funciones m\u00e1s \u00fatiles: <\/h2> <ul><li>Herramienta sencilla incluso para usuarios no profesionales<\/li><li>Cantidad infinita de men\u00fas, secciones o elementos, organizados mediante dise\u00f1os elegantes<\/li><li>Men\u00fa f\u00e1cil de administrar y todos sus elementos en cualquier momento que desee: precios correctos, agregue platos y bebidas de temporada, etc. <\/li><li> Escriba informaci\u00f3n adicional detallada para los art\u00edculos, incluso \u00edconos, informaci\u00f3n nutricional e insignias <\/li><li>Adjunte fotograf\u00edas apetitosas para los art\u00edculos e incluso mu\u00e9strelas en modo emergente <\/li><li>Cambie y cambie el color de cualquier elemento: texto, combinaci\u00f3n de colores e \u00edconos <\/li><\/ul><p><a href=\"#demo\">Pruebe todas las configuraciones con todas las funciones demo<\/a><\/p> <\/div> <div class=\"application-platform-content-item-installation application-platform-content-item\" id=\"installation\" data-nav-section=\"installation\"> <h2>\u00bfC\u00f3mo agregar un men\u00fa de restaurante en mi sitio Webnode? <\/h2> <p>Simplemente siga estos pasos que se describen a continuaci\u00f3n para integrar el widget: <\/p> <ol><li><b>Abra nuestra demostraci\u00f3n gratuita y comience a crear su instrumento personalizado. <\/b><br> Especifique el dise\u00f1o y las caracter\u00edsticas deseables de la herramienta y aplique las correcciones. <\/li> <li><b>Adquiere tu c\u00f3digo personal que aparece en el cuadro de Elfsight Apps. <\/b><br> Tan pronto como finalice la generaci\u00f3n de su herramienta, copie el c\u00f3digo personal en la ventana que aparece y gu\u00e1rdelo para ocasiones posteriores. <\/li> <li><b>Iniciar utilizaci\u00f3n de la herramienta en la p\u00e1gina web de Webnode. <\/b><br> A\u00f1ade el c\u00f3digo guardado anteriormente en tu p\u00e1gina y aplica las modificaciones. <\/li> <li><b>\u00a1Ya terminaste! La configuraci\u00f3n se realiz\u00f3 con \u00e9xito. <\/b><br>Visite su p\u00e1gina web para ver el rendimiento del widget. <\/li><\/ol> <p>En caso de tener dudas o tener algunas complicaciones, comun\u00edquese con nuestro personal de servicio al cliente. Los especialistas de Elfsight est\u00e1n ansiosos por ayudarle con todas las preguntas que pueda tener sobre el widget. <\/p> <div class=\"faq\" data-component=\"FAQ\"><div class=\"faq-item\">\r\n\t\t\t\t\t<div class=\"faq-item-question\">\r\n\t\t\t\t\t\t<h3 class=\"faq-item-question-text\">\u00bfDe qu\u00e9 manera es posible agregar un men\u00fa de restaurante a mi sitio web Webnode sin necesidad de codificaci\u00f3n?<\/h3>\r\n\r\n\t\t\t\t\t\t<div class=\"faq-item-question-icon\"><\/div>\r\n\t\t\t\t\t<\/div>\r\n\r\n\t\t\t\t\t<div class=\"faq-item-answer\">\r\n\t\t\t\t\t\t<div class=\"faq-item-answer-text\"> <p>La compa\u00f1\u00eda Elfsight presenta una soluci\u00f3n SaaS que permite a los usuarios establecer un complemento de men\u00fa de restaurante usted mismo. Consulte los sencillos pasos: Trabaje directamente en la demostraci\u00f3n en vivo para generar una aplicaci\u00f3n de men\u00fa de restaurante que le gustar\u00eda insertar en su p\u00e1gina web de Webnode. Elija una de nuestras plantillas predise\u00f1adas y modifique la configuraci\u00f3n del men\u00fa del restaurante, incluya su contenido, modifique el dise\u00f1o y la combinaci\u00f3n de colores sin conocimientos de codificaci\u00f3n. Guarde la configuraci\u00f3n que ha realizado en el Men\u00fa del restaurante y obtenga el c\u00f3digo del complemento para su instalaci\u00f3n, que puede agregar f\u00e1cilmente a la p\u00e1gina web de Webnode sin comprar una suscripci\u00f3n paga. Con el Configurador f\u00e1cil de usar, cada usuario de Internet puede crear un complemento de Men\u00fa de Restaurante e incrustarlo f\u00e1cilmente en cualquier sitio web de Webnode. No es necesario pagar ni introducir los datos de tu tarjeta para acceder al servicio. Si encuentra alg\u00fan problema en cualquier paso, no dude en comunicarse con nuestro personal de soporte t\u00e9cnico.<\/p> <\/div>\r\n\t\t\t\t\t<\/div>\r\n\t\t\t\t<\/div> <\/div><\/div>","protected":false},"excerpt":{"rendered":"","protected":false},"author":9,"featured_media":0,"parent":586,"menu_order":0,"comment_status":"closed","ping_status":"closed","template":"templates\/template-application-platform.php","meta":{"publish_to_discourse":"","publish_post_category":"","wpdc_auto_publish_overridden":"","wpdc_topic_tags":"","wpdc_pin_topic":"","wpdc_pin_until":"","discourse_post_id":"","discourse_permalink":"","wpdc_publishing_response":"","wpdc_publishing_error":"","footnotes":""},"class_list":["post-8508","page","type-page","status-publish","hentry"],"yoast_head":"<!-- This site is optimized with the Yoast SEO plugin v25.3.1 - https:\/\/yoast.com\/wordpress\/plugins\/seo\/ -->\n<title>Widget de men\u00fa de restaurante para sitios web de Webnode: r\u00e1pido y gratuito<\/title>\n<meta name=\"description\" content=\"Implementa un widget de Men\u00fa de Restaurante f\u00e1cil de gestionar en tu p\u00e1gina web de Webnode. Utilice la pr\u00e1ctica demostraci\u00f3n de Elfsight y cree su incre\u00edble men\u00fa con solo unos pocos clics\" \/>\n<meta name=\"robots\" content=\"index, follow, max-snippet:-1, max-image-preview:large, max-video-preview:-1\" \/>\n<link rel=\"canonical\" href=\"https:\/\/elfsight.com\/es\/restaurant-menu-widget\/webnode\/\" \/>\n<meta property=\"og:locale\" content=\"es_ES\" \/>\n<meta property=\"og:type\" content=\"article\" \/>\n<meta property=\"og:title\" content=\"Widget de men\u00fa de restaurante para sitios web de Webnode: r\u00e1pido y gratuito\" \/>\n<meta property=\"og:description\" content=\"Implementa un widget de Men\u00fa de Restaurante f\u00e1cil de gestionar en tu p\u00e1gina web de Webnode. Utilice la pr\u00e1ctica demostraci\u00f3n de Elfsight y cree su incre\u00edble men\u00fa con solo unos pocos clics\" \/>\n<meta property=\"og:url\" content=\"https:\/\/elfsight.com\/es\/restaurant-menu-widget\/webnode\/\" \/>\n<meta property=\"og:site_name\" content=\"Elfsight ES\" \/>\n<meta property=\"article:modified_time\" content=\"2025-02-06T15:36:40+00:00\" \/>\n<meta name=\"twitter:card\" content=\"summary_large_image\" \/>\n<meta name=\"twitter:label1\" content=\"Tiempo de lectura\" \/>\n\t<meta name=\"twitter:data1\" content=\"4 minutos\" \/>\n<!-- \/ Yoast SEO plugin. -->","yoast_head_json":{"title":"Widget de men\u00fa de restaurante para sitios web de Webnode: r\u00e1pido y gratuito","description":"Implementa un widget de Men\u00fa de Restaurante f\u00e1cil de gestionar en tu p\u00e1gina web de Webnode. Utilice la pr\u00e1ctica demostraci\u00f3n de Elfsight y cree su incre\u00edble men\u00fa con solo unos pocos clics","robots":{"index":"index","follow":"follow","max-snippet":"max-snippet:-1","max-image-preview":"max-image-preview:large","max-video-preview":"max-video-preview:-1"},"canonical":"https:\/\/elfsight.com\/es\/restaurant-menu-widget\/webnode\/","og_locale":"es_ES","og_type":"article","og_title":"Widget de men\u00fa de restaurante para sitios web de Webnode: r\u00e1pido y gratuito","og_description":"Implementa un widget de Men\u00fa de Restaurante f\u00e1cil de gestionar en tu p\u00e1gina web de Webnode. Utilice la pr\u00e1ctica demostraci\u00f3n de Elfsight y cree su incre\u00edble men\u00fa con solo unos pocos clics","og_url":"https:\/\/elfsight.com\/es\/restaurant-menu-widget\/webnode\/","og_site_name":"Elfsight ES","article_modified_time":"2025-02-06T15:36:40+00:00","twitter_card":"summary_large_image","twitter_misc":{"Tiempo de lectura":"4 minutos"},"schema":{"@context":"https:\/\/schema.org","@graph":[{"@type":"WebPage","@id":"https:\/\/elfsight.com\/es\/restaurant-menu-widget\/webnode\/","url":"https:\/\/elfsight.com\/es\/restaurant-menu-widget\/webnode\/","name":"Widget de men\u00fa de restaurante para sitios web de Webnode: r\u00e1pido y gratuito","isPartOf":{"@id":"https:\/\/elfsight.com\/es\/#website"},"datePublished":"1970-01-01T00:00:00+00:00","dateModified":"2025-02-06T15:36:40+00:00","description":"Implementa un widget de Men\u00fa de Restaurante f\u00e1cil de gestionar en tu p\u00e1gina web de Webnode. Utilice la pr\u00e1ctica demostraci\u00f3n de Elfsight y cree su incre\u00edble men\u00fa con solo unos pocos clics","breadcrumb":{"@id":"https:\/\/elfsight.com\/es\/restaurant-menu-widget\/webnode\/#breadcrumb"},"inLanguage":"es","potentialAction":[{"@type":"ReadAction","target":["https:\/\/elfsight.com\/es\/restaurant-menu-widget\/webnode\/"]}]},{"@type":"BreadcrumbList","@id":"https:\/\/elfsight.com\/es\/restaurant-menu-widget\/webnode\/#breadcrumb","itemListElement":[{"@type":"ListItem","position":1,"name":"Home","item":"https:\/\/elfsight.com\/es\/"},{"@type":"ListItem","position":2,"name":"Restaurant Menu","item":"https:\/\/elfsight.com\/es\/restaurant-menu-widget\/"},{"@type":"ListItem","position":3,"name":"Restaurant Menu &#8211; Webnode"}]},{"@type":"WebSite","@id":"https:\/\/elfsight.com\/es\/#website","url":"https:\/\/elfsight.com\/es\/","name":"Elfsight ES","description":"Just another Elfsight Sites site","potentialAction":[{"@type":"SearchAction","target":{"@type":"EntryPoint","urlTemplate":"https:\/\/elfsight.com\/es\/?s={search_term_string}"},"query-input":{"@type":"PropertyValueSpecification","valueRequired":true,"valueName":"search_term_string"}}],"inLanguage":"es"}]}},"meta_box":{"industry":"","seo_heading":"","heading":"","description":"","cta_heading":"","cta_description":"","application":"585","h1":"Widget de men\u00fa de restaurante Webnode","h1_caption":"Muestre el men\u00fa de su restaurante en un formato visualmente atractivo, f\u00e1cil de actualizar e intuitivo en su sitio web Webnode sin esfuerzo.","application_category":[],"applications_title":"","applications_request_title":"","applications_request_button_text":"","hero_text":"","hero_video":"","hero_video_schema_markup":"","selling_points_title":"","selling_points_caption":"","selling_points":[],"selling_points_cta_text":"","features_title":"","features":"","ed_cta_examples_text":"","ed_cta_examples_hidden":"","ed_cta_demo_text":"","ed_cta_demo_hidden":"","why_caption":"","why_editor_title":"","why_editor_text":"","why_team_title":"","why_team_text":"","why_service_title":"","why_service_text":"","template_catalog_visible":"","template_catalog_title":"","template_catalog_text":"","template_catalog_categories_visible":"","demo_title":"Crea el widget de men\u00fa de tu restaurante","demo_caption":"\u00a1Configura la Carta de tu Restaurante y a\u00f1\u00e1dela a tu web Webnode gratis!","default_faq_hidden":"","app_template_category":[],"platform":"2302","template_public_id":"","codecanyon_url":"","codecanyon_item_id":"","codecanyon_price":"","pricing_caption":"","pricing_elfsight_apps_hide_column":"","pricing_elfsight_apps_url":"","pricing_codecanyon_price_caption":"","integration_category":[],"integration_request_title":"","integration_request_cta":"","integration_platform":"","integrations":[],"platform_category":[],"video_schema_markup":"","price":"desde $0 \/ mes","trial":"","benefits":[{"text":"Servicio al cliente profesional"},{"text":"Soporte premium"},{"text":"Garant\u00eda de reembolso de 14 d\u00edas"},{"text":"Futuras actualizaciones gratuitas"}],"button_url":"#demo","button_target_blank":"","button_nofollow":"","attributes":[{"name":"Instalaciones","content":"10,000 - 100,000"},{"name":"Sensible","content":"S\u00ed"},{"name":"Navegadores compatibles","content":"Firefox, Safari, Opera, Chrome, Edge"}],"tags":[],"tags_disable_links":"","hide_more_platforms":"","video_object":"","demo_hide_cta":"","demo_hide_cloud_options":"","pricing_title":"","pricing":[{"pricing_icon":"platform","pricing_title":"Elfsight Apps","pricing_title_caption":"Software independiente de la plataforma que se adapta a cualquier sitio","pricing_price":"desde $0 \/ mes","pricing_price_caption":"comienza con el plan gratuito","pricing_benefits":[{"text":"Dominios ilimitados"},{"text":"Soporte 24 horas al d\u00eda, 7 d\u00edas a la semana y a tiempo"},{"text":"Servicio de instalaci\u00f3n gratuito"},{"text":"Precio especial para m\u00faltiples aplicaciones"}],"pricing_button_text":"A\u00f1adir al sitio web","pricing_button_url":"#demo"}],"related_apps_title":"","related_apps_hidden":"","author":"","image":[],"title":"","job":"","social_networks":[]},"_links":{"self":[{"href":"https:\/\/elfsight.com\/es\/wp-json\/wp\/v2\/pages\/8508","targetHints":{"allow":["GET"]}}],"collection":[{"href":"https:\/\/elfsight.com\/es\/wp-json\/wp\/v2\/pages"}],"about":[{"href":"https:\/\/elfsight.com\/es\/wp-json\/wp\/v2\/types\/page"}],"author":[{"embeddable":true,"href":"https:\/\/elfsight.com\/es\/wp-json\/wp\/v2\/users\/9"}],"replies":[{"embeddable":true,"href":"https:\/\/elfsight.com\/es\/wp-json\/wp\/v2\/comments?post=8508"}],"version-history":[{"count":2,"href":"https:\/\/elfsight.com\/es\/wp-json\/wp\/v2\/pages\/8508\/revisions"}],"predecessor-version":[{"id":18510,"href":"https:\/\/elfsight.com\/es\/wp-json\/wp\/v2\/pages\/8508\/revisions\/18510"}],"up":[{"embeddable":true,"href":"https:\/\/elfsight.com\/es\/wp-json\/wp\/v2\/pages\/586"}],"wp:attachment":[{"href":"https:\/\/elfsight.com\/es\/wp-json\/wp\/v2\/media?parent=8508"}],"curies":[{"name":"wp","href":"https:\/\/api.w.org\/{rel}","templated":true}]}}