{"id":8507,"date":"1970-01-01T00:00:00","date_gmt":"1970-01-01T00:00:00","guid":{"rendered":"https:\/\/elfsight.com\/es\/?page_id=8507"},"modified":"2025-02-06T15:36:40","modified_gmt":"2025-02-06T15:36:40","slug":"webflow","status":"publish","type":"page","link":"https:\/\/elfsight.com\/es\/restaurant-menu-widget\/webflow\/","title":{"rendered":"Restaurant Menu &#8211; Webflow"},"content":{"rendered":"<div class=\"application-platform-content-item-description application-platform-content-item\" id=\"description\" data-nav-section=\"description\"> <h2>Incrustar el men\u00fa del restaurante en Webflow con el widget de Elfsight<\/h2><p>El men\u00fa del restaurante Elfsight es una excelente manera de demostrar su deliciosa cocina al p\u00fablico, representar un concepto y atraerlos para que visiten el restaurante. El instrumento est\u00e1 extremadamente adaptado al usuario y puede crear muchos men\u00fas con una incre\u00edble variedad de secciones y elementos. Seleccione un esquema claro y oscuro o cambie cualquier elemento que desee, cambiando todos los colores de acento. Adem\u00e1s, su men\u00fa siempre puede seguir siendo relevante: corrija el precio, la lista de platos, agregue nuevas bebidas o incluso men\u00fas de temporada en cuesti\u00f3n de segundos. No m\u00e1s men\u00fas listos para imprimir que tienes que reescribir desde el principio. Simplemente comience a crear su men\u00fa elegante en este momento. <\/p> <p><b>\u00a1Pruebe aplicar Men\u00fa del restaurante para alcanzar sus objetivos comerciales de manera m\u00e1s eficiente! Al tener el men\u00fa en su p\u00e1gina web, su establecimiento puede tener m\u00e1s invitados y ver un crecimiento activo del negocio y mayores ventas<\/b><\/p> <\/div> <div class=\"application-platform-content-item-features application-platform-content-item\" id=\"features\" data-nav-section=\"features\"> <h2>Encuentre a continuaci\u00f3n las caracter\u00edsticas fundamentales del widget: <\/h2> <ul><li>F\u00e1cil de administrar incluso para usuarios sin conocimientos de tecnolog\u00eda<\/li><li>Cantidad ilimitada de men\u00fas, secciones o elementos, organizados con la ayuda de diferentes elementos fascinantes. dise\u00f1os<\/li><li>Informaci\u00f3n siempre relevante. Corrija los precios, agregue ofertas especiales de temporada o bebidas cuando lo desee<\/li><li>Muestre caracter\u00edsticas adicionales para los art\u00edculos, por ejemplo \u00edconos, elementos nutricionales e insignias<\/li><li>Suba fotos impresionantes de los art\u00edculos e incluso mu\u00e9strelas en una ventana emergente<\/li><li>Modifique y cambie el color de cualquier elemento: texto, combinaci\u00f3n de colores e \u00edconos<\/li><\/ul><p><a href=\"#demo\">Pruebe todas las funciones de personalizaci\u00f3n en una demostraci\u00f3n completamente funcional<\/a><\/p> <\/div> <div class=\"application-platform-content-item-installation application-platform-content-item\" id=\"installation\" data-nav-section=\"installation\"> <h2>\u00bfC\u00f3mo puedo insertar el men\u00fa del restaurante en mi sitio web Webflow? <\/h2><div class=\"video-container\"><iframe width=\"720\" height=\"405\" src=\"https:\/\/www.youtube.com\/embed\/xLXaB0tc_WU\" frameborder=\"0\"><\/iframe><\/div><p>Simplemente siga estos pasos que se describen a continuaci\u00f3n para comenzar a trabajar con el widget: <\/p> <ol><li><b>Abra nuestra demostraci\u00f3n gratuita y comience a formar su widget personalizado. <\/b><br> Especifique el aspecto y las especificaciones preferibles del widget y guarde las modificaciones. <\/li> <li><b>Reciba el c\u00f3digo \u00fanico que se muestra en la ventana de Elfsight Apps. <\/b><br> Una vez finalizada la configuraci\u00f3n de su herramienta personal, copie el c\u00f3digo personal en la ventana que aparece y gu\u00e1rdelo para su uso posterior. <\/li> <li><b>Comience a usar el widget en su sitio Webflow. <\/b><br>Integra el c\u00f3digo que has guardado recientemente en tu p\u00e1gina web y guarda las modificaciones. <\/li> <li><b>\u00a1Listo! La incrustaci\u00f3n se realiza con \u00e9xito. <\/b><br>Visite su sitio para comprobar el funcionamiento de la herramienta. <\/li><\/ol> <p>Si se enfrenta a alg\u00fan obst\u00e1culo, busque ayuda de nuestro personal de atenci\u00f3n al cliente. Nuestros asesores est\u00e1n deseando ayudarte con todas las dudas que puedas tener con el widget. <\/p> <div class=\"faq\" data-component=\"FAQ\"><div class=\"faq-item\">\r\n\t\t\t\t\t<div class=\"faq-item-question\">\r\n\t\t\t\t\t\t<h3 class=\"faq-item-question-text\">\u00bfExiste alguna forma de agregar Men\u00fa de restaurante a mi p\u00e1gina web de Webflow sin conocimientos de codificaci\u00f3n?<\/h3>\r\n\r\n\t\t\t\t\t\t<div class=\"faq-item-question-icon\"><\/div>\r\n\t\t\t\t\t<\/div>\r\n\r\n\t\t\t\t\t<div class=\"faq-item-answer\">\r\n\t\t\t\t\t\t<div class=\"faq-item-answer-text\"> <p>La empresa Elfsight presenta una soluci\u00f3n en la nube que permite a los usuarios crear una aplicaci\u00f3n de Men\u00fa de restaurante usted mismo. Vea lo sencillo que es el proceso: trabaje directamente en la demostraci\u00f3n en l\u00ednea para crear una secci\u00f3n de Men\u00fa de restaurante que le gustar\u00eda integrar en el sitio de Webflow. Haga clic en una de las plantillas predise\u00f1adas y modifique la configuraci\u00f3n del men\u00fa del restaurante, actualice su contenido, cambie el dise\u00f1o y la combinaci\u00f3n de colores sin ninguna experiencia en codificaci\u00f3n. Guarde el men\u00fa del restaurante y copie el c\u00f3digo del widget para incrustarlo, que se puede incluir f\u00e1cilmente en cualquier p\u00e1gina web de Webflow sin necesidad de comprar una suscripci\u00f3n paga. Con nuestro editor f\u00e1cil de usar, cada usuario web puede crear un complemento de men\u00fa de restaurante y agregarlo sin esfuerzo al sitio web de Webflow. No debe obtener un plan pago ni revelar los datos de su tarjeta para acceder a nuestro servicio. Si encuentra alg\u00fan obst\u00e1culo en alg\u00fan paso, contin\u00fae y comun\u00edquese con nuestro personal de soporte t\u00e9cnico.<\/p> <\/div>\r\n\t\t\t\t\t<\/div>\r\n\t\t\t\t<\/div> <\/div><\/div>","protected":false},"excerpt":{"rendered":"","protected":false},"author":9,"featured_media":0,"parent":586,"menu_order":0,"comment_status":"closed","ping_status":"closed","template":"templates\/template-application-platform.php","meta":{"publish_to_discourse":"","publish_post_category":"","wpdc_auto_publish_overridden":"","wpdc_topic_tags":"","wpdc_pin_topic":"","wpdc_pin_until":"","discourse_post_id":"","discourse_permalink":"","wpdc_publishing_response":"","wpdc_publishing_error":"","footnotes":""},"class_list":["post-8507","page","type-page","status-publish","hentry"],"yoast_head":"<!-- This site is optimized with the Yoast SEO plugin v25.3.1 - https:\/\/yoast.com\/wordpress\/plugins\/seo\/ -->\n<title>Widget de men\u00fa de restaurante para sitios web de Webflow: gratuito e impresionante<\/title>\n<meta name=\"description\" content=\"Inserte un widget de men\u00fa de restaurante f\u00e1cil de usar en su p\u00e1gina web de Webflow. Pruebe la pr\u00e1ctica demostraci\u00f3n de Elfsight y cree su widget exclusivo en tan solo unos minutos\" \/>\n<meta name=\"robots\" content=\"index, follow, max-snippet:-1, max-image-preview:large, max-video-preview:-1\" \/>\n<link rel=\"canonical\" href=\"https:\/\/elfsight.com\/es\/restaurant-menu-widget\/webflow\/\" \/>\n<meta property=\"og:locale\" content=\"es_ES\" \/>\n<meta property=\"og:type\" content=\"article\" \/>\n<meta property=\"og:title\" content=\"Widget de men\u00fa de restaurante para sitios web de Webflow: gratuito e impresionante\" \/>\n<meta property=\"og:description\" content=\"Inserte un widget de men\u00fa de restaurante f\u00e1cil de usar en su p\u00e1gina web de Webflow. Pruebe la pr\u00e1ctica demostraci\u00f3n de Elfsight y cree su widget exclusivo en tan solo unos minutos\" \/>\n<meta property=\"og:url\" content=\"https:\/\/elfsight.com\/es\/restaurant-menu-widget\/webflow\/\" \/>\n<meta property=\"og:site_name\" content=\"Elfsight ES\" \/>\n<meta property=\"article:modified_time\" content=\"2025-02-06T15:36:40+00:00\" \/>\n<meta name=\"twitter:card\" content=\"summary_large_image\" \/>\n<meta name=\"twitter:label1\" content=\"Tiempo de lectura\" \/>\n\t<meta name=\"twitter:data1\" content=\"4 minutos\" \/>\n<!-- \/ Yoast SEO plugin. -->","yoast_head_json":{"title":"Widget de men\u00fa de restaurante para sitios web de Webflow: gratuito e impresionante","description":"Inserte un widget de men\u00fa de restaurante f\u00e1cil de usar en su p\u00e1gina web de Webflow. Pruebe la pr\u00e1ctica demostraci\u00f3n de Elfsight y cree su widget exclusivo en tan solo unos minutos","robots":{"index":"index","follow":"follow","max-snippet":"max-snippet:-1","max-image-preview":"max-image-preview:large","max-video-preview":"max-video-preview:-1"},"canonical":"https:\/\/elfsight.com\/es\/restaurant-menu-widget\/webflow\/","og_locale":"es_ES","og_type":"article","og_title":"Widget de men\u00fa de restaurante para sitios web de Webflow: gratuito e impresionante","og_description":"Inserte un widget de men\u00fa de restaurante f\u00e1cil de usar en su p\u00e1gina web de Webflow. Pruebe la pr\u00e1ctica demostraci\u00f3n de Elfsight y cree su widget exclusivo en tan solo unos minutos","og_url":"https:\/\/elfsight.com\/es\/restaurant-menu-widget\/webflow\/","og_site_name":"Elfsight ES","article_modified_time":"2025-02-06T15:36:40+00:00","twitter_card":"summary_large_image","twitter_misc":{"Tiempo de lectura":"4 minutos"},"schema":{"@context":"https:\/\/schema.org","@graph":[{"@type":"WebPage","@id":"https:\/\/elfsight.com\/es\/restaurant-menu-widget\/webflow\/","url":"https:\/\/elfsight.com\/es\/restaurant-menu-widget\/webflow\/","name":"Widget de men\u00fa de restaurante para sitios web de Webflow: gratuito e impresionante","isPartOf":{"@id":"https:\/\/elfsight.com\/es\/#website"},"datePublished":"1970-01-01T00:00:00+00:00","dateModified":"2025-02-06T15:36:40+00:00","description":"Inserte un widget de men\u00fa de restaurante f\u00e1cil de usar en su p\u00e1gina web de Webflow. Pruebe la pr\u00e1ctica demostraci\u00f3n de Elfsight y cree su widget exclusivo en tan solo unos minutos","breadcrumb":{"@id":"https:\/\/elfsight.com\/es\/restaurant-menu-widget\/webflow\/#breadcrumb"},"inLanguage":"es","potentialAction":[{"@type":"ReadAction","target":["https:\/\/elfsight.com\/es\/restaurant-menu-widget\/webflow\/"]}]},{"@type":"BreadcrumbList","@id":"https:\/\/elfsight.com\/es\/restaurant-menu-widget\/webflow\/#breadcrumb","itemListElement":[{"@type":"ListItem","position":1,"name":"Home","item":"https:\/\/elfsight.com\/es\/"},{"@type":"ListItem","position":2,"name":"Restaurant Menu","item":"https:\/\/elfsight.com\/es\/restaurant-menu-widget\/"},{"@type":"ListItem","position":3,"name":"Restaurant Menu &#8211; Webflow"}]},{"@type":"WebSite","@id":"https:\/\/elfsight.com\/es\/#website","url":"https:\/\/elfsight.com\/es\/","name":"Elfsight ES","description":"Just another Elfsight Sites site","potentialAction":[{"@type":"SearchAction","target":{"@type":"EntryPoint","urlTemplate":"https:\/\/elfsight.com\/es\/?s={search_term_string}"},"query-input":{"@type":"PropertyValueSpecification","valueRequired":true,"valueName":"search_term_string"}}],"inLanguage":"es"}]}},"meta_box":{"industry":"","seo_heading":"","heading":"","description":"","cta_heading":"","cta_description":"","application":"585","h1":"Widget de men\u00fa de restaurante de flujo web","h1_caption":"Muestre el men\u00fa de su restaurante en un formato visualmente atractivo, f\u00e1cil de actualizar y f\u00e1cil de usar en su sitio web Webflow sin esfuerzo.","application_category":[],"applications_title":"","applications_request_title":"","applications_request_button_text":"","hero_text":"","hero_video":"","hero_video_schema_markup":"","selling_points_title":"","selling_points_caption":"","selling_points":[],"selling_points_cta_text":"","features_title":"","features":"","ed_cta_examples_text":"","ed_cta_examples_hidden":"","ed_cta_demo_text":"","ed_cta_demo_hidden":"","why_caption":"","why_editor_title":"","why_editor_text":"","why_team_title":"","why_team_text":"","why_service_title":"","why_service_text":"","template_catalog_visible":"","template_catalog_title":"","template_catalog_text":"","template_catalog_categories_visible":"","demo_title":"Crea el widget de men\u00fa de tu restaurante","demo_caption":"\u00a1Configura el men\u00fa de tu restaurante y agr\u00e9galo a tu sitio web Webflow gratis!","default_faq_hidden":"","app_template_category":[],"platform":"106","template_public_id":"","codecanyon_url":"","codecanyon_item_id":"","codecanyon_price":"","pricing_caption":"","pricing_elfsight_apps_hide_column":"","pricing_elfsight_apps_url":"","pricing_codecanyon_price_caption":"","integration_category":[],"integration_request_title":"","integration_request_cta":"","integration_platform":"","integrations":[],"platform_category":[],"video_schema_markup":"","price":"desde $0 \/ mes","trial":"","benefits":[{"text":"Asistencia de instalaci\u00f3n gratuita"},{"text":"Soporte excepcional"},{"text":"Garant\u00eda de reembolso de 14 d\u00edas"},{"text":"Desarrollo continuo"}],"button_url":"#demo","button_target_blank":"","button_nofollow":"","attributes":[{"name":"Instalaciones","content":"10,000 - 100,000"},{"name":"Sensible","content":"S\u00ed"},{"name":"Navegadores compatibles","content":"Firefox, Safari, Opera, Edge, Chrome"}],"tags":[],"tags_disable_links":"","hide_more_platforms":"","video_object":"","demo_hide_cta":"","demo_hide_cloud_options":"","pricing_title":"","pricing":[{"pricing_icon":"platform","pricing_title":"Elfsight Apps","pricing_title_caption":"Versi\u00f3n independiente de la plataforma","pricing_price":"desde $0 \/ mes","pricing_price_caption":"comienza con el plan gratuito","pricing_benefits":[{"text":"Sitios web ilimitados"},{"text":"Soporte dedicado y puntual"},{"text":"Asistencia de instalaci\u00f3n gratuita"},{"text":"Oferta especial para m\u00faltiples aplicaciones."}],"pricing_button_text":"A\u00f1adir al sitio web","pricing_button_url":"#demo"}],"related_apps_title":"","related_apps_hidden":"","author":"","image":[],"title":"","job":"","social_networks":[]},"_links":{"self":[{"href":"https:\/\/elfsight.com\/es\/wp-json\/wp\/v2\/pages\/8507","targetHints":{"allow":["GET"]}}],"collection":[{"href":"https:\/\/elfsight.com\/es\/wp-json\/wp\/v2\/pages"}],"about":[{"href":"https:\/\/elfsight.com\/es\/wp-json\/wp\/v2\/types\/page"}],"author":[{"embeddable":true,"href":"https:\/\/elfsight.com\/es\/wp-json\/wp\/v2\/users\/9"}],"replies":[{"embeddable":true,"href":"https:\/\/elfsight.com\/es\/wp-json\/wp\/v2\/comments?post=8507"}],"version-history":[{"count":2,"href":"https:\/\/elfsight.com\/es\/wp-json\/wp\/v2\/pages\/8507\/revisions"}],"predecessor-version":[{"id":18511,"href":"https:\/\/elfsight.com\/es\/wp-json\/wp\/v2\/pages\/8507\/revisions\/18511"}],"up":[{"embeddable":true,"href":"https:\/\/elfsight.com\/es\/wp-json\/wp\/v2\/pages\/586"}],"wp:attachment":[{"href":"https:\/\/elfsight.com\/es\/wp-json\/wp\/v2\/media?parent=8507"}],"curies":[{"name":"wp","href":"https:\/\/api.w.org\/{rel}","templated":true}]}}