{"id":8506,"date":"1970-01-01T00:00:00","date_gmt":"1970-01-01T00:00:00","guid":{"rendered":"https:\/\/elfsight.com\/es\/?page_id=8506"},"modified":"2025-02-06T15:36:40","modified_gmt":"2025-02-06T15:36:40","slug":"squarespace","status":"publish","type":"page","link":"https:\/\/elfsight.com\/es\/restaurant-menu-widget\/squarespace\/","title":{"rendered":"Restaurant Menu &#8211; Squarespace"},"content":{"rendered":"<div class=\"application-platform-content-item-description application-platform-content-item\" id=\"description\" data-nav-section=\"description\"> <h2>Incrustar producto en la plataforma con el widget de Elfsight<\/h2><p>Elfsight Restaurant Menu es un complemento f\u00e1cil de usar para mostrar su variedad de platos y bebidas directamente en su sitio web para atraer a la mayor cantidad de invitados posible. El complemento es extremadamente f\u00e1cil de usar. A trav\u00e9s de \u00e9l puedes crear un n\u00famero ilimitado de p\u00e1ginas de men\u00fa con una gran cantidad de art\u00edculos o simplemente presentar una breve lista de las especialidades que sirves. No dude en elegir un esquema claro, oscuro o cambiar la configuraci\u00f3n que necesite, volviendo a colorear todos los elementos. La mayor oportunidad del complemento es mantenerse siempre relevante: \u00a1puedes actualizar los precios, la lista de art\u00edculos, agregar nuevas comidas o incluso men\u00fas en unos segundos! No m\u00e1s archivos PDF que tengas que reescribir desde el principio. Simplemente comience a crear su impresionante men\u00fa ahora mismo. <\/p> <p><b>\u00a1Lanza el men\u00fa del restaurante para alcanzar tus objetivos comerciales de manera m\u00e1s eficiente! Con la ayuda del men\u00fa de su p\u00e1gina web, su empresa puede conseguir m\u00e1s clientes potenciales y experimentar un s\u00f3lido crecimiento empresarial. \u00a1Intenta usar Restaurant Menu de Elfsight!<\/b><\/p><\/div> <div class=\"application-platform-content-item-features application-platform-content-item\" id=\"features\" data-nav-section=\"features\"> <h2>Estas son solo algunas de las valiosas caracter\u00edsticas del complemento: <\/h2> <ul><li>F\u00e1cil de usar incluso para usuarios sin conocimientos de tecnolog\u00eda <\/li><li>Cantidad ilimitada de men\u00fas, secciones o elementos, organizados con dise\u00f1os impresionantes <\/li><li>Men\u00fa f\u00e1cil de actualizar y todos sus elementos donde quieras: precios, alimentos de temporada, bebidas, etc. <\/li><li>Escribe una descripci\u00f3n detallada de los art\u00edculos, incluidos \u00edconos, informaci\u00f3n nutricional e insignias <\/li><li>Establece im\u00e1genes deliciosas para los art\u00edculos e incluso mu\u00e9stralas en modo emergente. <\/li><li>Cambie y cambie el color de todos los elementos: texto, combinaci\u00f3n de colores e \u00edconos. <\/li><\/ul><p><a href=\"#demo\">Pruebe esta demostraci\u00f3n para comprender la funcionalidad del widget<\/a><\/p> <\/div> <div class=\"application-platform-content-item-installation application-platform-content-item\" id=\"installation\" data-nav-section=\"installation\"> <h2>\u00bfC\u00f3mo insertar el men\u00fa del restaurante en mi sitio de Squarespace? <\/h2><div class=\"video-container\"><iframe width=\"720\" height=\"405\" src=\"https:\/\/www.youtube.com\/embed\/NN_NHhewpvI\" frameborder=\"0\"><\/iframe><\/div><p>Simplemente aplique las instrucciones a continuaci\u00f3n para comenzar a trabajar con el complemento: <\/p><ol><li><b>Inicie nuestra demostraci\u00f3n gratuita y comience a darle forma a su propio complemento. <\/b><br> Encuentre el dise\u00f1o y las especificaciones preferibles de la herramienta y aplique las ediciones. <\/li> <li><b>Obtenga su c\u00f3digo individual mostrado en la ventana de Elfsight Apps. <\/b><br> Tan pronto como finalice la configuraci\u00f3n de su widget, copie el c\u00f3digo personal en la ventana que aparece y gu\u00e1rdelo para usarlo en el futuro. <\/li> <li><b>Comience a utilizar el complemento en su p\u00e1gina de inicio de Squarespace. <\/b><br> Inserta el c\u00f3digo que has guardado recientemente en tu p\u00e1gina y aplica los ajustes. <\/li> <li><b>\u00a1Ya terminaste! La configuraci\u00f3n se realiz\u00f3 con \u00e9xito. <\/b><br>Visite su p\u00e1gina para ver el trabajo del complemento. <\/li><\/ol> <p>Si experimenta alg\u00fan obst\u00e1culo, no tema comunicarse con nuestro equipo de soporte. Nuestra gente estar\u00e1 encantada de ayudarle con todas las preguntas que pueda tener sobre el complemento. <\/p> <div class=\"faq\" data-component=\"FAQ\"><div class=\"faq-item\">\r\n\t\t\t\t\t<div class=\"faq-item-question\">\r\n\t\t\t\t\t\t<h3 class=\"faq-item-question-text\">\u00bfExiste alguna forma de agregar un men\u00fa de restaurante a mi p\u00e1gina de inicio de Squarespace sin necesidad de codificaci\u00f3n?<\/h3>\r\n\r\n\t\t\t\t\t\t<div class=\"faq-item-question-icon\"><\/div>\r\n\t\t\t\t\t<\/div>\r\n\r\n\t\t\t\t\t<div class=\"faq-item-answer\">\r\n\t\t\t\t\t\t<div class=\"faq-item-answer-text\"> <p>Elfsight presenta una soluci\u00f3n que permite a los propietarios de sitios crear una aplicaci\u00f3n de men\u00fa de restaurante usted mismo. Consulte las sencillas instrucciones: Vaya a la demostraci\u00f3n en vivo para crear una aplicaci\u00f3n de men\u00fa de restaurante que le gustar\u00eda insertar en su Squarespace. Haga clic en una de las muchas plantillas predise\u00f1adas y modifique la configuraci\u00f3n del men\u00fa del restaurante, incluya su contenido, cambie el dise\u00f1o y los colores sin conocimientos de codificaci\u00f3n. Guarde la configuraci\u00f3n que realiz\u00f3 en el Men\u00fa del restaurante y copie su c\u00f3digo para la instalaci\u00f3n, que se puede pegar f\u00e1cilmente en la p\u00e1gina web de Squarespace de forma gratuita. Con la ayuda de nuestro Configurador f\u00e1cil de usar, cualquier usuario de Internet puede crear una aplicaci\u00f3n de men\u00fa de restaurante en l\u00ednea e incrustarla f\u00e1cilmente en su sitio web de Squarespace. No es necesario obtener un plan pago ni revelar los datos de su tarjeta para ingresar a nuestro Editor. Si tiene alg\u00fan problema de cualquier tipo, contin\u00fae y comun\u00edquese con nuestro personal de soporte.<\/p> <\/div>\r\n\t\t\t\t\t<\/div>\r\n\t\t\t\t<\/div> <\/div><\/div>","protected":false},"excerpt":{"rendered":"","protected":false},"author":9,"featured_media":0,"parent":586,"menu_order":0,"comment_status":"closed","ping_status":"closed","template":"templates\/template-application-platform.php","meta":{"publish_to_discourse":"","publish_post_category":"","wpdc_auto_publish_overridden":"","wpdc_topic_tags":"","wpdc_pin_topic":"","wpdc_pin_until":"","discourse_post_id":"","discourse_permalink":"","wpdc_publishing_response":"","wpdc_publishing_error":"","footnotes":""},"class_list":["post-8506","page","type-page","status-publish","hentry"],"yoast_head":"<!-- This site is optimized with the Yoast SEO plugin v25.3.1 - https:\/\/yoast.com\/wordpress\/plugins\/seo\/ -->\n<title>Men\u00fa de restaurante para sitios web de Squarespace: r\u00e1pido y gratuito<\/title>\n<meta name=\"description\" content=\"Inserta una aplicaci\u00f3n de men\u00fa de restaurante compatible con dispositivos m\u00f3viles en tu p\u00e1gina web de Squarespace. Pruebe la pr\u00e1ctica demostraci\u00f3n de Elfsight y modifique su impresionante complemento en solo unos segundos\" \/>\n<meta name=\"robots\" content=\"index, follow, max-snippet:-1, max-image-preview:large, max-video-preview:-1\" \/>\n<link rel=\"canonical\" href=\"https:\/\/elfsight.com\/es\/restaurant-menu-widget\/squarespace\/\" \/>\n<meta property=\"og:locale\" content=\"es_ES\" \/>\n<meta property=\"og:type\" content=\"article\" \/>\n<meta property=\"og:title\" content=\"Men\u00fa de restaurante para sitios web de Squarespace: r\u00e1pido y gratuito\" \/>\n<meta property=\"og:description\" content=\"Inserta una aplicaci\u00f3n de men\u00fa de restaurante compatible con dispositivos m\u00f3viles en tu p\u00e1gina web de Squarespace. Pruebe la pr\u00e1ctica demostraci\u00f3n de Elfsight y modifique su impresionante complemento en solo unos segundos\" \/>\n<meta property=\"og:url\" content=\"https:\/\/elfsight.com\/es\/restaurant-menu-widget\/squarespace\/\" \/>\n<meta property=\"og:site_name\" content=\"Elfsight ES\" \/>\n<meta property=\"article:modified_time\" content=\"2025-02-06T15:36:40+00:00\" \/>\n<meta name=\"twitter:card\" content=\"summary_large_image\" \/>\n<meta name=\"twitter:label1\" content=\"Tiempo de lectura\" \/>\n\t<meta name=\"twitter:data1\" content=\"4 minutos\" \/>\n<!-- \/ Yoast SEO plugin. -->","yoast_head_json":{"title":"Men\u00fa de restaurante para sitios web de Squarespace: r\u00e1pido y gratuito","description":"Inserta una aplicaci\u00f3n de men\u00fa de restaurante compatible con dispositivos m\u00f3viles en tu p\u00e1gina web de Squarespace. Pruebe la pr\u00e1ctica demostraci\u00f3n de Elfsight y modifique su impresionante complemento en solo unos segundos","robots":{"index":"index","follow":"follow","max-snippet":"max-snippet:-1","max-image-preview":"max-image-preview:large","max-video-preview":"max-video-preview:-1"},"canonical":"https:\/\/elfsight.com\/es\/restaurant-menu-widget\/squarespace\/","og_locale":"es_ES","og_type":"article","og_title":"Men\u00fa de restaurante para sitios web de Squarespace: r\u00e1pido y gratuito","og_description":"Inserta una aplicaci\u00f3n de men\u00fa de restaurante compatible con dispositivos m\u00f3viles en tu p\u00e1gina web de Squarespace. Pruebe la pr\u00e1ctica demostraci\u00f3n de Elfsight y modifique su impresionante complemento en solo unos segundos","og_url":"https:\/\/elfsight.com\/es\/restaurant-menu-widget\/squarespace\/","og_site_name":"Elfsight ES","article_modified_time":"2025-02-06T15:36:40+00:00","twitter_card":"summary_large_image","twitter_misc":{"Tiempo de lectura":"4 minutos"},"schema":{"@context":"https:\/\/schema.org","@graph":[{"@type":"WebPage","@id":"https:\/\/elfsight.com\/es\/restaurant-menu-widget\/squarespace\/","url":"https:\/\/elfsight.com\/es\/restaurant-menu-widget\/squarespace\/","name":"Men\u00fa de restaurante para sitios web de Squarespace: r\u00e1pido y gratuito","isPartOf":{"@id":"https:\/\/elfsight.com\/es\/#website"},"datePublished":"1970-01-01T00:00:00+00:00","dateModified":"2025-02-06T15:36:40+00:00","description":"Inserta una aplicaci\u00f3n de men\u00fa de restaurante compatible con dispositivos m\u00f3viles en tu p\u00e1gina web de Squarespace. Pruebe la pr\u00e1ctica demostraci\u00f3n de Elfsight y modifique su impresionante complemento en solo unos segundos","breadcrumb":{"@id":"https:\/\/elfsight.com\/es\/restaurant-menu-widget\/squarespace\/#breadcrumb"},"inLanguage":"es","potentialAction":[{"@type":"ReadAction","target":["https:\/\/elfsight.com\/es\/restaurant-menu-widget\/squarespace\/"]}]},{"@type":"BreadcrumbList","@id":"https:\/\/elfsight.com\/es\/restaurant-menu-widget\/squarespace\/#breadcrumb","itemListElement":[{"@type":"ListItem","position":1,"name":"Home","item":"https:\/\/elfsight.com\/es\/"},{"@type":"ListItem","position":2,"name":"Restaurant Menu","item":"https:\/\/elfsight.com\/es\/restaurant-menu-widget\/"},{"@type":"ListItem","position":3,"name":"Restaurant Menu &#8211; Squarespace"}]},{"@type":"WebSite","@id":"https:\/\/elfsight.com\/es\/#website","url":"https:\/\/elfsight.com\/es\/","name":"Elfsight ES","description":"Just another Elfsight Sites site","potentialAction":[{"@type":"SearchAction","target":{"@type":"EntryPoint","urlTemplate":"https:\/\/elfsight.com\/es\/?s={search_term_string}"},"query-input":{"@type":"PropertyValueSpecification","valueRequired":true,"valueName":"search_term_string"}}],"inLanguage":"es"}]}},"meta_box":{"industry":"","seo_heading":"","heading":"","description":"","cta_heading":"","cta_description":"","application":"585","h1":"Complemento de men\u00fa de restaurante de Squarespace","h1_caption":"Muestre el men\u00fa de su restaurante en un formato visualmente atractivo, f\u00e1cil de actualizar y f\u00e1cil de usar en su sitio web de Squarespace sin esfuerzo.","application_category":[],"applications_title":"","applications_request_title":"","applications_request_button_text":"","hero_text":"","hero_video":"","hero_video_schema_markup":"","selling_points_title":"","selling_points_caption":"","selling_points":[],"selling_points_cta_text":"","features_title":"","features":"","ed_cta_examples_text":"","ed_cta_examples_hidden":"","ed_cta_demo_text":"","ed_cta_demo_hidden":"","why_caption":"","why_editor_title":"","why_editor_text":"","why_team_title":"","why_team_text":"","why_service_title":"","why_service_text":"","template_catalog_visible":"","template_catalog_title":"","template_catalog_text":"","template_catalog_categories_visible":"","demo_title":"Crea el complemento de men\u00fa de tu restaurante","demo_caption":"\u00a1Configura el men\u00fa de tu restaurante y agr\u00e9galo a tu sitio web de Squarespace gratis!","default_faq_hidden":"","app_template_category":[],"platform":"100","template_public_id":"","codecanyon_url":"","codecanyon_item_id":"","codecanyon_price":"","pricing_caption":"","pricing_elfsight_apps_hide_column":"","pricing_elfsight_apps_url":"","pricing_codecanyon_price_caption":"","integration_category":[],"integration_request_title":"","integration_request_cta":"","integration_platform":"","integrations":[],"platform_category":[],"video_schema_markup":"","price":"desde $0 \/ mes","trial":"","benefits":[{"text":"Asistencia de instalaci\u00f3n gratuita"},{"text":"Servicio al cliente eficaz"},{"text":"Garant\u00eda de devoluci\u00f3n de dinero de 14 d\u00edas"},{"text":"Mejoras gratuitas de por vida"}],"button_url":"#demo","button_target_blank":"","button_nofollow":"","attributes":[{"name":"Instalaciones","content":"10,000 - 100,000"},{"name":"Sensible","content":"S\u00ed"},{"name":"Navegadores compatibles","content":"Firefox, Safari, Opera, Chrome, Edge"}],"tags":[],"tags_disable_links":"","hide_more_platforms":"","video_object":"","demo_hide_cta":"","demo_hide_cloud_options":"","pricing_title":"","pricing":[{"pricing_icon":"platform","pricing_title":"Elfsight Apps","pricing_title_caption":"Soluci\u00f3n digital independiente de la plataforma","pricing_price":"desde $0 \/ mes","pricing_price_caption":"comienza con un plan gratuito","pricing_benefits":[{"text":"Sitios web ilimitados"},{"text":"Soporte r\u00e1pido y puntual"},{"text":"Servicio de instalaci\u00f3n gratuito"},{"text":"Dise\u00f1o flexible"}],"pricing_button_text":"A\u00f1adir al sitio web","pricing_button_url":"#demo"}],"related_apps_title":"","related_apps_hidden":"","author":"","image":[],"title":"","job":"","social_networks":[]},"_links":{"self":[{"href":"https:\/\/elfsight.com\/es\/wp-json\/wp\/v2\/pages\/8506","targetHints":{"allow":["GET"]}}],"collection":[{"href":"https:\/\/elfsight.com\/es\/wp-json\/wp\/v2\/pages"}],"about":[{"href":"https:\/\/elfsight.com\/es\/wp-json\/wp\/v2\/types\/page"}],"author":[{"embeddable":true,"href":"https:\/\/elfsight.com\/es\/wp-json\/wp\/v2\/users\/9"}],"replies":[{"embeddable":true,"href":"https:\/\/elfsight.com\/es\/wp-json\/wp\/v2\/comments?post=8506"}],"version-history":[{"count":2,"href":"https:\/\/elfsight.com\/es\/wp-json\/wp\/v2\/pages\/8506\/revisions"}],"predecessor-version":[{"id":18512,"href":"https:\/\/elfsight.com\/es\/wp-json\/wp\/v2\/pages\/8506\/revisions\/18512"}],"up":[{"embeddable":true,"href":"https:\/\/elfsight.com\/es\/wp-json\/wp\/v2\/pages\/586"}],"wp:attachment":[{"href":"https:\/\/elfsight.com\/es\/wp-json\/wp\/v2\/media?parent=8506"}],"curies":[{"name":"wp","href":"https:\/\/api.w.org\/{rel}","templated":true}]}}