{"id":8501,"date":"1970-01-01T00:00:00","date_gmt":"1970-01-01T00:00:00","guid":{"rendered":"https:\/\/elfsight.com\/es\/?page_id=8501"},"modified":"2025-02-06T15:36:40","modified_gmt":"2025-02-06T15:36:40","slug":"shopify","status":"publish","type":"page","link":"https:\/\/elfsight.com\/es\/restaurant-menu-widget\/shopify\/","title":{"rendered":"Restaurant Menu &#8211; Shopify"},"content":{"rendered":"<div class=\"application-platform-content-item-description application-platform-content-item\" id=\"description\" data-nav-section=\"description\"> <h2>Incrustar el men\u00fa del restaurante en Shopify con el widget de Elfsight<\/h2><p>El men\u00fa del restaurante es un instrumento f\u00e1cil de usar para mostrar su variedad de art\u00edculos directamente en su sitio web. Es una excelente manera de informar a sus visitantes sobre su diversidad, transmitirles una idea original y tentarlos con atractivas fotograf\u00edas de comidas. El widget es bastante personalizable. Puede configurar una cantidad ilimitada de men\u00fas con una gran cantidad de elementos o simplemente mostrar una lista concisa de las comidas que sirve. Establezca un esquema claro y oscuro o ajuste cualquier elemento que desee, cambiando todos los colores de acento. Adem\u00e1s, tu men\u00fa siempre puede estar actualizado: puedes corregir los precios, la lista de art\u00edculos y las secciones, agregar nuevas comidas o incluso men\u00fas con un solo clic. No m\u00e1s archivos PDF que deber\u00edas reconfigurar desde el principio. Simplemente comience a crear su men\u00fa elegante ahora mismo. <\/p> <p><b>\u00a1Pruebe Restaurant Menu para alcanzar los desaf\u00edos de su negocio de manera m\u00e1s eficiente! Con la ayuda del men\u00fa de tu sitio web tu establecimiento puede tener m\u00e1s visitantes y convertirse en el m\u00e1s popular de tu ciudad. \u00a1Intenta utilizar el men\u00fa del restaurante de Elfsight! <\/b><\/p><\/div> <div class=\"application-platform-content-item-features application-platform-content-item\" id=\"features\" data-nav-section=\"features\"> <h2>Las caracter\u00edsticas m\u00e1s valiosas de la aplicaci\u00f3n:<\/h2> <ul><li>Herramienta f\u00e1cil de administrar incluso para usuarios sin conocimientos t\u00e9cnicos <\/li><li>Cantidad ilimitada de men\u00fas, secciones o elementos, organizados con la ayuda de los dise\u00f1os <\/li><li> Mantenga toda la informaci\u00f3n actualizada: precios correctos seg\u00fan la temporada ofertas especiales, etc. <\/li><li>Muestre caracter\u00edsticas detalladas de los art\u00edculos, incluso \u00edconos, informaci\u00f3n nutricional e insignias <\/li><li>Agregue im\u00e1genes apetitosas para los art\u00edculos e incluso mu\u00e9strelas en la vista emergente <\/li><li>Adapte y vuelva a pintar todos los elementos: texto, combinaci\u00f3n de colores e \u00edconos <\/li><\/ul><p><a href=\"#demo\">Puede ver c\u00f3mo funciona la extensi\u00f3n usando la demostraci\u00f3n<\/a><\/p> <\/div> <div class=\"application-platform-content-item-installation application-platform-content-item\" id=\"installation\" data-nav-section=\"installation\"> <h2>\u00bfC\u00f3mo puedo insertar el men\u00fa del restaurante en mi sitio Shopify? <\/h2><div class=\"video-container\"><iframe width=\"720\" height=\"405\" src=\"https:\/\/www.youtube.com\/embed\/sK9edOpvTrw\" frameborder=\"0\"><\/iframe><\/div><p>Simplemente siga los siguientes pasos que se presentan a continuaci\u00f3n para comenzar a utilizar la herramienta: <\/p> <ol><li><b>Realice nuestra demostraci\u00f3n gratuita y comience a trabajar con su aplicaci\u00f3n personalizada. <\/b><br> Encuentre el aspecto y la funcionalidad seleccionados de la aplicaci\u00f3n y aplique todas las modificaciones. <\/li> <li><b>Reciba su c\u00f3digo \u00fanico revelado en el cuadro de Elfsight Apps. <\/b><br> Tan pronto como se complete el establecimiento de su aplicaci\u00f3n personal, copie su c\u00f3digo en la ventana que aparece y gu\u00e1rdelo para futuras ocasiones. <\/li> <li><b>Iniciar el uso de la aplicaci\u00f3n en el sitio web de Shopify. <\/b><br>A\u00f1ade el c\u00f3digo que has copiado anteriormente en tu sitio web y guarda las modificaciones. <\/li> <li><b>\u00a1Ya terminaste! La incrustaci\u00f3n ha finalizado por completo. <\/b><br>Abre tu sitio web para ver el funcionamiento de la aplicaci\u00f3n. <\/li><\/ol><p>En caso de afrontar consultas o afrontar cualquier obst\u00e1culo, no dude en ponerse en contacto con nuestro personal de soporte. Nuestros especialistas estar\u00e1n encantados de ayudarte con todas las preguntas que puedas tener con la aplicaci\u00f3n. <\/p> <div class=\"faq\" data-component=\"FAQ\"><div class=\"faq-item\">\r\n\t\t\t\t\t<div class=\"faq-item-question\">\r\n\t\t\t\t\t\t<h3 class=\"faq-item-question-text\">\u00bfExiste alg\u00fan m\u00e9todo para incrustar el men\u00fa del restaurante en mi sitio Shopify sin conocimientos de codificaci\u00f3n?<\/h3>\r\n\r\n\t\t\t\t\t\t<div class=\"faq-item-question-icon\"><\/div>\r\n\t\t\t\t\t<\/div>\r\n\r\n\t\t\t\t\t<div class=\"faq-item-answer\">\r\n\t\t\t\t\t\t<div class=\"faq-item-answer-text\"> <p>Elfsight ofrece una soluci\u00f3n que permite a los usuarios crear un widget de men\u00fa del restaurante usted mismo. Descubra lo simple que es el proceso: comience a trabajar en la demostraci\u00f3n en l\u00ednea para crear una secci\u00f3n de men\u00fa del restaurante que le gustar\u00eda incluir en el sitio de Shopify. Elija una de las plantillas ya preparadas y ajuste la configuraci\u00f3n del men\u00fa del restaurante, incluya su contenido, transforme el dise\u00f1o y la combinaci\u00f3n de colores sin experiencia en codificaci\u00f3n. Guarde el men\u00fa del restaurante y obtenga un c\u00f3digo de instalaci\u00f3n que se puede insertar f\u00e1cilmente en cualquier p\u00e1gina de inicio de Shopify sin comprar un plan pago. Con el editor f\u00e1cil de usar, cualquier usuario de Internet puede establecer una secci\u00f3n de men\u00fa de restaurante en l\u00ednea y pegarla sin esfuerzo en cualquier p\u00e1gina web de Shopify. No es necesario obtener una suscripci\u00f3n paga ni enviar los datos de su tarjeta para acceder a Elfsight Editor. Si encuentra alg\u00fan obst\u00e1culo en alg\u00fan paso, no dude en ponerse en contacto con nuestro equipo de soporte.<\/p> <\/div>\r\n\t\t\t\t\t<\/div>\r\n\t\t\t\t<\/div> <\/div><\/div>","protected":false},"excerpt":{"rendered":"","protected":false},"author":9,"featured_media":0,"parent":586,"menu_order":0,"comment_status":"closed","ping_status":"closed","template":"templates\/template-application-platform.php","meta":{"publish_to_discourse":"","publish_post_category":"","wpdc_auto_publish_overridden":"","wpdc_topic_tags":"","wpdc_pin_topic":"","wpdc_pin_until":"","discourse_post_id":"","discourse_permalink":"","wpdc_publishing_response":"","wpdc_publishing_error":"","footnotes":""},"class_list":["post-8501","page","type-page","status-publish","hentry"],"yoast_head":"<!-- This site is optimized with the Yoast SEO plugin v25.3.1 - https:\/\/yoast.com\/wordpress\/plugins\/seo\/ -->\n<title>Men\u00fa de restaurante para sitios web de Shopify: impresionante y gratuito<\/title>\n<meta name=\"description\" content=\"Incorpore una aplicaci\u00f3n de men\u00fa de restaurante f\u00e1cil de usar en la p\u00e1gina de su restaurante. Pruebe la pr\u00e1ctica demostraci\u00f3n de Elfsight y genere su incre\u00edble men\u00fa con solo unos pocos clics\" \/>\n<meta name=\"robots\" content=\"index, follow, max-snippet:-1, max-image-preview:large, max-video-preview:-1\" \/>\n<link rel=\"canonical\" href=\"https:\/\/elfsight.com\/es\/restaurant-menu-widget\/shopify\/\" \/>\n<meta property=\"og:locale\" content=\"es_ES\" \/>\n<meta property=\"og:type\" content=\"article\" \/>\n<meta property=\"og:title\" content=\"Men\u00fa de restaurante para sitios web de Shopify: impresionante y gratuito\" \/>\n<meta property=\"og:description\" content=\"Incorpore una aplicaci\u00f3n de men\u00fa de restaurante f\u00e1cil de usar en la p\u00e1gina de su restaurante. Pruebe la pr\u00e1ctica demostraci\u00f3n de Elfsight y genere su incre\u00edble men\u00fa con solo unos pocos clics\" \/>\n<meta property=\"og:url\" content=\"https:\/\/elfsight.com\/es\/restaurant-menu-widget\/shopify\/\" \/>\n<meta property=\"og:site_name\" content=\"Elfsight ES\" \/>\n<meta property=\"article:modified_time\" content=\"2025-02-06T15:36:40+00:00\" \/>\n<meta name=\"twitter:card\" content=\"summary_large_image\" \/>\n<meta name=\"twitter:label1\" content=\"Tiempo de lectura\" \/>\n\t<meta name=\"twitter:data1\" content=\"4 minutos\" \/>\n<!-- \/ Yoast SEO plugin. -->","yoast_head_json":{"title":"Men\u00fa de restaurante para sitios web de Shopify: impresionante y gratuito","description":"Incorpore una aplicaci\u00f3n de men\u00fa de restaurante f\u00e1cil de usar en la p\u00e1gina de su restaurante. Pruebe la pr\u00e1ctica demostraci\u00f3n de Elfsight y genere su incre\u00edble men\u00fa con solo unos pocos clics","robots":{"index":"index","follow":"follow","max-snippet":"max-snippet:-1","max-image-preview":"max-image-preview:large","max-video-preview":"max-video-preview:-1"},"canonical":"https:\/\/elfsight.com\/es\/restaurant-menu-widget\/shopify\/","og_locale":"es_ES","og_type":"article","og_title":"Men\u00fa de restaurante para sitios web de Shopify: impresionante y gratuito","og_description":"Incorpore una aplicaci\u00f3n de men\u00fa de restaurante f\u00e1cil de usar en la p\u00e1gina de su restaurante. Pruebe la pr\u00e1ctica demostraci\u00f3n de Elfsight y genere su incre\u00edble men\u00fa con solo unos pocos clics","og_url":"https:\/\/elfsight.com\/es\/restaurant-menu-widget\/shopify\/","og_site_name":"Elfsight ES","article_modified_time":"2025-02-06T15:36:40+00:00","twitter_card":"summary_large_image","twitter_misc":{"Tiempo de lectura":"4 minutos"},"schema":{"@context":"https:\/\/schema.org","@graph":[{"@type":"WebPage","@id":"https:\/\/elfsight.com\/es\/restaurant-menu-widget\/shopify\/","url":"https:\/\/elfsight.com\/es\/restaurant-menu-widget\/shopify\/","name":"Men\u00fa de restaurante para sitios web de Shopify: impresionante y gratuito","isPartOf":{"@id":"https:\/\/elfsight.com\/es\/#website"},"datePublished":"1970-01-01T00:00:00+00:00","dateModified":"2025-02-06T15:36:40+00:00","description":"Incorpore una aplicaci\u00f3n de men\u00fa de restaurante f\u00e1cil de usar en la p\u00e1gina de su restaurante. Pruebe la pr\u00e1ctica demostraci\u00f3n de Elfsight y genere su incre\u00edble men\u00fa con solo unos pocos clics","breadcrumb":{"@id":"https:\/\/elfsight.com\/es\/restaurant-menu-widget\/shopify\/#breadcrumb"},"inLanguage":"es","potentialAction":[{"@type":"ReadAction","target":["https:\/\/elfsight.com\/es\/restaurant-menu-widget\/shopify\/"]}]},{"@type":"BreadcrumbList","@id":"https:\/\/elfsight.com\/es\/restaurant-menu-widget\/shopify\/#breadcrumb","itemListElement":[{"@type":"ListItem","position":1,"name":"Home","item":"https:\/\/elfsight.com\/es\/"},{"@type":"ListItem","position":2,"name":"Restaurant Menu","item":"https:\/\/elfsight.com\/es\/restaurant-menu-widget\/"},{"@type":"ListItem","position":3,"name":"Restaurant Menu &#8211; Shopify"}]},{"@type":"WebSite","@id":"https:\/\/elfsight.com\/es\/#website","url":"https:\/\/elfsight.com\/es\/","name":"Elfsight ES","description":"Just another Elfsight Sites site","potentialAction":[{"@type":"SearchAction","target":{"@type":"EntryPoint","urlTemplate":"https:\/\/elfsight.com\/es\/?s={search_term_string}"},"query-input":{"@type":"PropertyValueSpecification","valueRequired":true,"valueName":"search_term_string"}}],"inLanguage":"es"}]}},"meta_box":{"industry":"","seo_heading":"","heading":"","description":"","cta_heading":"","cta_description":"","application":"585","h1":"Aplicaci\u00f3n Shopify Men\u00fa del Restaurante","h1_caption":"Muestre el men\u00fa de su restaurante en un formato visualmente atractivo, f\u00e1cil de actualizar y f\u00e1cil de usar en su sitio web de Shopify sin esfuerzo.","application_category":[],"applications_title":"","applications_request_title":"","applications_request_button_text":"","hero_text":"","hero_video":"","hero_video_schema_markup":"","selling_points_title":"","selling_points_caption":"","selling_points":[],"selling_points_cta_text":"","features_title":"","features":"","ed_cta_examples_text":"","ed_cta_examples_hidden":"","ed_cta_demo_text":"","ed_cta_demo_hidden":"","why_caption":"","why_editor_title":"","why_editor_text":"","why_team_title":"","why_team_text":"","why_service_title":"","why_service_text":"","template_catalog_visible":"","template_catalog_title":"","template_catalog_text":"","template_catalog_categories_visible":"","demo_title":"Crea tu aplicaci\u00f3n Men\u00fa de Restaurante","demo_caption":"\u00a1Configura el men\u00fa de tu restaurante y agr\u00e9galo a tu sitio web de Shopify gratis!","default_faq_hidden":"","app_template_category":[],"platform":"91","template_public_id":"","codecanyon_url":"","codecanyon_item_id":"","codecanyon_price":"","pricing_caption":"","pricing_elfsight_apps_hide_column":"","pricing_elfsight_apps_url":"","pricing_codecanyon_price_caption":"","integration_category":[],"integration_request_title":"","integration_request_cta":"","integration_platform":"","integrations":[],"platform_category":[],"video_schema_markup":"","price":"desde $0 \/ mes","trial":"","benefits":[{"text":"Servicio de instalaci\u00f3n gratuito"},{"text":"Soporte premium"},{"text":"Garant\u00eda de devoluci\u00f3n de dinero de 14 d\u00edas"},{"text":"Actualizaciones gratuitas continuas"}],"button_url":"#demo","button_target_blank":"","button_nofollow":"","attributes":[{"name":"Instalaciones","content":"10,000 - 100,000"},{"name":"Sensible","content":"S\u00ed"},{"name":"Navegadores compatibles","content":"Firefox, Safari, Opera, Chrome, Edge"}],"tags":[],"tags_disable_links":"","hide_more_platforms":"","video_object":"","demo_hide_cta":"","demo_hide_cloud_options":"","pricing_title":"","pricing":[{"pricing_icon":"cloud","pricing_title":"Elfsight Apps","pricing_title_caption":"Versi\u00f3n multiplataforma que funciona en cualquier sitio web.","pricing_price":"desde $0 \/ mes","pricing_price_caption":"comienza con el plan gratuito","pricing_benefits":[{"text":"Sitios web ilimitados"},{"text":"Soporte premium"},{"text":"Servicio de instalaci\u00f3n gratuito"},{"text":"Oferta especial para m\u00faltiples aplicaciones."}],"pricing_button_text":"A\u00f1adir al sitio web","pricing_button_url":"#demo"}],"related_apps_title":"","related_apps_hidden":"","author":"","image":[],"title":"","job":"","social_networks":[]},"_links":{"self":[{"href":"https:\/\/elfsight.com\/es\/wp-json\/wp\/v2\/pages\/8501","targetHints":{"allow":["GET"]}}],"collection":[{"href":"https:\/\/elfsight.com\/es\/wp-json\/wp\/v2\/pages"}],"about":[{"href":"https:\/\/elfsight.com\/es\/wp-json\/wp\/v2\/types\/page"}],"author":[{"embeddable":true,"href":"https:\/\/elfsight.com\/es\/wp-json\/wp\/v2\/users\/9"}],"replies":[{"embeddable":true,"href":"https:\/\/elfsight.com\/es\/wp-json\/wp\/v2\/comments?post=8501"}],"version-history":[{"count":2,"href":"https:\/\/elfsight.com\/es\/wp-json\/wp\/v2\/pages\/8501\/revisions"}],"predecessor-version":[{"id":18513,"href":"https:\/\/elfsight.com\/es\/wp-json\/wp\/v2\/pages\/8501\/revisions\/18513"}],"up":[{"embeddable":true,"href":"https:\/\/elfsight.com\/es\/wp-json\/wp\/v2\/pages\/586"}],"wp:attachment":[{"href":"https:\/\/elfsight.com\/es\/wp-json\/wp\/v2\/media?parent=8501"}],"curies":[{"name":"wp","href":"https:\/\/api.w.org\/{rel}","templated":true}]}}