{"id":8500,"date":"1970-01-01T00:00:00","date_gmt":"1970-01-01T00:00:00","guid":{"rendered":"https:\/\/elfsight.com\/es\/?page_id=8500"},"modified":"2025-02-06T15:36:48","modified_gmt":"2025-02-06T15:36:48","slug":"prestashop","status":"publish","type":"page","link":"https:\/\/elfsight.com\/es\/restaurant-menu-widget\/prestashop\/","title":{"rendered":"Restaurant Menu &#8211; PrestaShop"},"content":{"rendered":"<div class=\"application-platform-content-item-description application-platform-content-item\" id=\"description\" data-nav-section=\"description\"> <h2>Descripci\u00f3n<\/h2> <p>Elfsight Restaurant Menu es un widget f\u00e1cil de usar para mostrar su variedad de art\u00edculos directamente en su sitio web. Es una excelente manera de informar a su audiencia sobre sus alimentos y bebidas, contarle una idea \u00fanica y llamar su atenci\u00f3n con im\u00e1genes de comida apetitosas. El widget es bastante \u00fatil. Podr\u00e1s presentar una cantidad ilimitada de men\u00fas con una gran cantidad de elementos. O simplemente cree una breve lista de las especialidades que sirve. Seleccione un esquema claro y oscuro o adapte los elementos que necesite, volviendo a colorear todos los elementos. Adem\u00e1s, el widget te permite estar siempre actualizado: \u00a1puedes corregir precios, una lista de art\u00edculos, agregar nuevas bebidas o incluso men\u00fas en cuesti\u00f3n de segundos! No m\u00e1s men\u00fas listos para imprimir que necesitas crear desde cero. Simplemente comienza a crear tu apetitoso men\u00fa ahora mismo. <\/p> <p><b>\u00a1Pruebe aplicar Men\u00fa del restaurante para alcanzar sus objetivos de comercio electr\u00f3nico m\u00e1s r\u00e1pido! <\/b><br>A trav\u00e9s del men\u00fa de su sitio web su empresa puede tener m\u00e1s visitantes e iniciar un crecimiento empresarial sostenible y mejorar las ventas. Comience a utilizar el men\u00fa del restaurante de Elfsight. <\/p> <\/div> <div class=\"application-platform-content-item-features application-platform-content-item\" id=\"features\" data-nav-section=\"features\"> <h2>Las caracter\u00edsticas fundamentales del widget incluyen<\/h2> <ul><li>N\u00famero ilimitado de elementos, men\u00fas o secciones<\/li><li>Men\u00fa siempre f\u00e1cil de cambiar y actualizado<\/li><li>Agregar texto de pie de p\u00e1gina, t\u00edtulos y leyendas<\/li><li>Mostrar descripci\u00f3n detallada de los elementos, incluidas insignias y informaci\u00f3n nutricional informaci\u00f3n<\/li><li>Sube tus propias im\u00e1genes para los art\u00edculos<\/li><li>Actualiza toda la informaci\u00f3n cuando lo necesites: ofertas especiales de temporada, precios, etc. <\/li><li>Ajusta el modo emergente y elige las funciones a mostrar<\/li><\/ul><p><a href=\"#demo\">Simplemente prueba esta demostraci\u00f3n para ver cu\u00e1nto vale el widget<\/a><\/p> <\/div> <div class=\"application-platform-content-item-installation application-platform-content-item\" id=\"installation\" data-nav-section=\"installation\"> <h2>\u00bfC\u00f3mo puedo agregar el men\u00fa del restaurante a mi sitio web PrestaShop? <\/h2> <p>Simplemente aplique las instrucciones a continuaci\u00f3n para insertar la herramienta. <\/p> <ol><li><b>Administra nuestro editor gratuito y comienza a crear tu widget personalizado. <\/b><br> Especifique el dise\u00f1o personalizado y las caracter\u00edsticas del widget y guarde las ediciones. <\/li> <li><b>Obtenga su c\u00f3digo personal que aparece en el formulario especial en Elfsight Apps. <\/b><br> Tan pronto como finalice la configuraci\u00f3n de su herramienta personal, copie el c\u00f3digo personal en la ventana que aparece y gu\u00e1rdelo para su uso posterior. <\/li> <li><b>Empiece a utilizar el widget en el sitio PrestaShop. <\/b><br> Ingrese el c\u00f3digo guardado recientemente en su p\u00e1gina y aplique las mejoras. <\/li> <li><b>\u00a1Listo! La instalaci\u00f3n est\u00e1 completamente terminada. <\/b><br> Visite su sitio para inspeccionar c\u00f3mo se est\u00e1 ejecutando el widget. <\/li><\/ol> <p>Si encuentra algunos obst\u00e1culos, no dude en ponerse en contacto con nuestro equipo de soporte. Nuestra gente estar\u00e1 encantada de resolver todas las dificultades que puedas tener con el widget. <\/p> <div class=\"faq\" data-component=\"FAQ\"><div class=\"faq-item\">\r\n\t\t\t\t\t<div class=\"faq-item-question\">\r\n\t\t\t\t\t\t<h3 class=\"faq-item-question-text\">\u00bfC\u00f3mo agregar un men\u00fa de restaurante a mi sitio web PrestaShop sin codificaci\u00f3n?<\/h3>\r\n\r\n\t\t\t\t\t\t<div class=\"faq-item-question-icon\"><\/div>\r\n\t\t\t\t\t<\/div>\r\n\r\n\t\t\t\t\t<div class=\"faq-item-answer\">\r\n\t\t\t\t\t\t<div class=\"faq-item-answer-text\"> <p>La empresa Elfsight ofrece una soluci\u00f3n en la nube que permite a los usuarios de un complemento de men\u00fa de restaurante consultar la sencilla gu\u00eda: Trabaje en el editor en vivo para crear una secci\u00f3n de men\u00fa de restaurante que le gustar\u00eda integrar en su p\u00e1gina de inicio de PrestaShop. Selecciona una de nuestras plantillas predise\u00f1adas y adapta la configuraci\u00f3n del men\u00fa del restaurante, cambia el dise\u00f1o y el color de los elementos y actualiza tu contenido, sin conocimientos de codificaci\u00f3n. Haga clic para guardar el men\u00fa del restaurante y copie el c\u00f3digo de instalaci\u00f3n del complemento, que se puede agregar f\u00e1cilmente en la p\u00e1gina de inicio de PrestaShop sin comprar una versi\u00f3n paga. Con nuestro Configurador f\u00e1cil de usar, cada usuario web puede crear un men\u00fa de restaurante e incrustarlo sin esfuerzo en cualquier sitio web de PrestaShop. No debe obtener una suscripci\u00f3n paga ni enviar los datos de su tarjeta para ingresar a nuestro servicio. Si encuentra alg\u00fan obst\u00e1culo en alg\u00fan paso, no dude en hablar con nuestro servicio t\u00e9cnico de atenci\u00f3n al cliente.<\/p> <\/div>\r\n\t\t\t\t\t<\/div>\r\n\t\t\t\t<\/div> <\/div><\/div>","protected":false},"excerpt":{"rendered":"","protected":false},"author":9,"featured_media":0,"parent":586,"menu_order":0,"comment_status":"closed","ping_status":"closed","template":"templates\/template-application-platform.php","meta":{"publish_to_discourse":"","publish_post_category":"","wpdc_auto_publish_overridden":"","wpdc_topic_tags":"","wpdc_pin_topic":"","wpdc_pin_until":"","discourse_post_id":"","discourse_permalink":"","wpdc_publishing_response":"","wpdc_publishing_error":"","footnotes":""},"class_list":["post-8500","page","type-page","status-publish","hentry"],"yoast_head":"<!-- This site is optimized with the Yoast SEO plugin v25.3.1 - https:\/\/yoast.com\/wordpress\/plugins\/seo\/ -->\n<title>Men\u00fa de restaurante para sitios web PrestaShop: r\u00e1pido y gratuito<\/title>\n<meta name=\"description\" content=\"Incruste un complemento de men\u00fa de restaurante compatible con dispositivos m\u00f3viles en su p\u00e1gina web PrestaShop. Pruebe la demostraci\u00f3n de Elfsight y modifique su complemento en unos segundos\" \/>\n<meta name=\"robots\" content=\"index, follow, max-snippet:-1, max-image-preview:large, max-video-preview:-1\" \/>\n<link rel=\"canonical\" href=\"https:\/\/elfsight.com\/es\/restaurant-menu-widget\/prestashop\/\" \/>\n<meta property=\"og:locale\" content=\"es_ES\" \/>\n<meta property=\"og:type\" content=\"article\" \/>\n<meta property=\"og:title\" content=\"Men\u00fa de restaurante para sitios web PrestaShop: r\u00e1pido y gratuito\" \/>\n<meta property=\"og:description\" content=\"Incruste un complemento de men\u00fa de restaurante compatible con dispositivos m\u00f3viles en su p\u00e1gina web PrestaShop. Pruebe la demostraci\u00f3n de Elfsight y modifique su complemento en unos segundos\" \/>\n<meta property=\"og:url\" content=\"https:\/\/elfsight.com\/es\/restaurant-menu-widget\/prestashop\/\" \/>\n<meta property=\"og:site_name\" content=\"Elfsight ES\" \/>\n<meta property=\"article:modified_time\" content=\"2025-02-06T15:36:48+00:00\" \/>\n<meta name=\"twitter:card\" content=\"summary_large_image\" \/>\n<meta name=\"twitter:label1\" content=\"Tiempo de lectura\" \/>\n\t<meta name=\"twitter:data1\" content=\"4 minutos\" \/>\n<!-- \/ Yoast SEO plugin. -->","yoast_head_json":{"title":"Men\u00fa de restaurante para sitios web PrestaShop: r\u00e1pido y gratuito","description":"Incruste un complemento de men\u00fa de restaurante compatible con dispositivos m\u00f3viles en su p\u00e1gina web PrestaShop. Pruebe la demostraci\u00f3n de Elfsight y modifique su complemento en unos segundos","robots":{"index":"index","follow":"follow","max-snippet":"max-snippet:-1","max-image-preview":"max-image-preview:large","max-video-preview":"max-video-preview:-1"},"canonical":"https:\/\/elfsight.com\/es\/restaurant-menu-widget\/prestashop\/","og_locale":"es_ES","og_type":"article","og_title":"Men\u00fa de restaurante para sitios web PrestaShop: r\u00e1pido y gratuito","og_description":"Incruste un complemento de men\u00fa de restaurante compatible con dispositivos m\u00f3viles en su p\u00e1gina web PrestaShop. Pruebe la demostraci\u00f3n de Elfsight y modifique su complemento en unos segundos","og_url":"https:\/\/elfsight.com\/es\/restaurant-menu-widget\/prestashop\/","og_site_name":"Elfsight ES","article_modified_time":"2025-02-06T15:36:48+00:00","twitter_card":"summary_large_image","twitter_misc":{"Tiempo de lectura":"4 minutos"},"schema":{"@context":"https:\/\/schema.org","@graph":[{"@type":"WebPage","@id":"https:\/\/elfsight.com\/es\/restaurant-menu-widget\/prestashop\/","url":"https:\/\/elfsight.com\/es\/restaurant-menu-widget\/prestashop\/","name":"Men\u00fa de restaurante para sitios web PrestaShop: r\u00e1pido y gratuito","isPartOf":{"@id":"https:\/\/elfsight.com\/es\/#website"},"datePublished":"1970-01-01T00:00:00+00:00","dateModified":"2025-02-06T15:36:48+00:00","description":"Incruste un complemento de men\u00fa de restaurante compatible con dispositivos m\u00f3viles en su p\u00e1gina web PrestaShop. Pruebe la demostraci\u00f3n de Elfsight y modifique su complemento en unos segundos","breadcrumb":{"@id":"https:\/\/elfsight.com\/es\/restaurant-menu-widget\/prestashop\/#breadcrumb"},"inLanguage":"es","potentialAction":[{"@type":"ReadAction","target":["https:\/\/elfsight.com\/es\/restaurant-menu-widget\/prestashop\/"]}]},{"@type":"BreadcrumbList","@id":"https:\/\/elfsight.com\/es\/restaurant-menu-widget\/prestashop\/#breadcrumb","itemListElement":[{"@type":"ListItem","position":1,"name":"Home","item":"https:\/\/elfsight.com\/es\/"},{"@type":"ListItem","position":2,"name":"Restaurant Menu","item":"https:\/\/elfsight.com\/es\/restaurant-menu-widget\/"},{"@type":"ListItem","position":3,"name":"Restaurant Menu &#8211; PrestaShop"}]},{"@type":"WebSite","@id":"https:\/\/elfsight.com\/es\/#website","url":"https:\/\/elfsight.com\/es\/","name":"Elfsight ES","description":"Just another Elfsight Sites site","potentialAction":[{"@type":"SearchAction","target":{"@type":"EntryPoint","urlTemplate":"https:\/\/elfsight.com\/es\/?s={search_term_string}"},"query-input":{"@type":"PropertyValueSpecification","valueRequired":true,"valueName":"search_term_string"}}],"inLanguage":"es"}]}},"meta_box":{"industry":"","seo_heading":"","heading":"","description":"","cta_heading":"","cta_description":"","application":"585","h1":"Complemento de men\u00fa de restaurante PrestaShop","h1_caption":"Muestre el men\u00fa de su restaurante en un formato visualmente atractivo, f\u00e1cil de actualizar y f\u00e1cil de usar en su sitio web Prestashop sin esfuerzo.","application_category":[],"applications_title":"","applications_request_title":"","applications_request_button_text":"","hero_text":"","hero_video":"","hero_video_schema_markup":"","selling_points_title":"","selling_points_caption":"","selling_points":[],"selling_points_cta_text":"","features_title":"","features":"","ed_cta_examples_text":"","ed_cta_examples_hidden":"","ed_cta_demo_text":"","ed_cta_demo_hidden":"","why_caption":"","why_editor_title":"","why_editor_text":"","why_team_title":"","why_team_text":"","why_service_title":"","why_service_text":"","template_catalog_visible":"","template_catalog_title":"","template_catalog_text":"","template_catalog_categories_visible":"","demo_title":"Crea tu complemento de men\u00fa de restaurante","demo_caption":"\u00a1Configura el Men\u00fa de tu Restaurante y a\u00f1\u00e1delo a tu sitio web PrestaShop gratis!","default_faq_hidden":"","app_template_category":[],"platform":"2250","template_public_id":"","codecanyon_url":"","codecanyon_item_id":"","codecanyon_price":"","pricing_caption":"","pricing_elfsight_apps_hide_column":"","pricing_elfsight_apps_url":"","pricing_codecanyon_price_caption":"","integration_category":[],"integration_request_title":"","integration_request_cta":"","integration_platform":"","integrations":[],"platform_category":[],"video_schema_markup":"","price":"desde $0 \/ mes","trial":"","benefits":[{"text":"Ayuda de instalaci\u00f3n gratuita"},{"text":"Atenci\u00f3n al cliente experimentada"},{"text":"Garant\u00eda de devoluci\u00f3n de dinero de 14 d\u00edas"},{"text":"Desarrollo continuo"}],"button_url":"#demo","button_target_blank":"","button_nofollow":"","attributes":[{"name":"Instalaciones","content":"10,000 - 100,000"},{"name":"Sensible","content":"S\u00ed"},{"name":"Navegadores compatibles","content":"Firefox, Safari, Opera, Chrome, Edge"}],"tags":[],"tags_disable_links":"","hide_more_platforms":"","video_object":"","demo_hide_cta":"","demo_hide_cloud_options":"","pricing_title":"","pricing":[{"pricing_icon":"platform","pricing_title":"Elfsight Apps","pricing_title_caption":"Soluci\u00f3n digital independiente de la plataforma","pricing_price":"desde $0 \/ mes","pricing_price_caption":"comienza con un plan gratuito","pricing_benefits":[{"text":"Dominios ilimitados"},{"text":"Atenci\u00f3n al cliente premium"},{"text":"Soporte de instalaci\u00f3n gratuito"},{"text":"Dise\u00f1o flexible"}],"pricing_button_text":"A\u00f1adir al sitio web","pricing_button_url":"#demo"}],"related_apps_title":"","related_apps_hidden":"","author":"","image":[],"title":"","job":"","social_networks":[]},"_links":{"self":[{"href":"https:\/\/elfsight.com\/es\/wp-json\/wp\/v2\/pages\/8500","targetHints":{"allow":["GET"]}}],"collection":[{"href":"https:\/\/elfsight.com\/es\/wp-json\/wp\/v2\/pages"}],"about":[{"href":"https:\/\/elfsight.com\/es\/wp-json\/wp\/v2\/types\/page"}],"author":[{"embeddable":true,"href":"https:\/\/elfsight.com\/es\/wp-json\/wp\/v2\/users\/9"}],"replies":[{"embeddable":true,"href":"https:\/\/elfsight.com\/es\/wp-json\/wp\/v2\/comments?post=8500"}],"version-history":[{"count":2,"href":"https:\/\/elfsight.com\/es\/wp-json\/wp\/v2\/pages\/8500\/revisions"}],"predecessor-version":[{"id":18514,"href":"https:\/\/elfsight.com\/es\/wp-json\/wp\/v2\/pages\/8500\/revisions\/18514"}],"up":[{"embeddable":true,"href":"https:\/\/elfsight.com\/es\/wp-json\/wp\/v2\/pages\/586"}],"wp:attachment":[{"href":"https:\/\/elfsight.com\/es\/wp-json\/wp\/v2\/media?parent=8500"}],"curies":[{"name":"wp","href":"https:\/\/api.w.org\/{rel}","templated":true}]}}