{"id":8499,"date":"1970-01-01T00:00:00","date_gmt":"1970-01-01T00:00:00","guid":{"rendered":"https:\/\/elfsight.com\/es\/?page_id=8499"},"modified":"2025-02-06T15:36:48","modified_gmt":"2025-02-06T15:36:48","slug":"opencart","status":"publish","type":"page","link":"https:\/\/elfsight.com\/es\/restaurant-menu-widget\/opencart\/","title":{"rendered":"Restaurant Menu &#8211; OpenCart"},"content":{"rendered":"<div class=\"application-platform-content-item-description application-platform-content-item\" id=\"description\" data-nav-section=\"description\"> <h2>Descripci\u00f3n<\/h2><p>El men\u00fa del restaurante es una herramienta f\u00e1cil de administrar para mostrar su variedad de art\u00edculos directamente en su p\u00e1gina, transmitir un concepto original y atraer a m\u00e1s invitados. La extensi\u00f3n es altamente personalizable. Gracias a \u00e9l puedes crear cualquier cantidad de p\u00e1ginas de men\u00fa con numerosas secciones y elementos. Establezca un esquema claro y oscuro o cambie cualquier configuraci\u00f3n que necesite, volviendo a colorear todos los elementos. La mayor oportunidad del widget es mantenerse siempre relevante: \u00a1puedes corregir los precios, la lista de art\u00edculos, agregar nuevas bebidas o incluso men\u00fas en un par de segundos! No m\u00e1s men\u00fas listos para imprimir que necesitas reescribir desde el principio. \u00a1Empiece a crear su maravilloso men\u00fa ahora! <\/p> <p><b>\u00a1Pruebe aplicar Men\u00fa del Restaurante para alcanzar sus objetivos comerciales con menos esfuerzo! A trav\u00e9s del men\u00fa de su p\u00e1gina web podr\u00e1 invitar a m\u00e1s clientes potenciales y lograr un s\u00f3lido desarrollo empresarial. \u00a1Intenta utilizar el men\u00fa del restaurante de Elfsight! <\/b><\/p> <\/div> <div class=\"application-platform-content-item-features application-platform-content-item\" id=\"features\" data-nav-section=\"features\"> <h2>Las funciones b\u00e1sicas del widget ofrecen:<\/h2> <ul><li>Herramienta f\u00e1cil de administrar incluso para usuarios no profesionales <\/li><li>N\u00famero ilimitado de men\u00fas, secciones o elementos, clasificados por diferentes dise\u00f1os <\/li><li>Men\u00fa f\u00e1cil de cambiar y todos sus elementos dondequiera que lo necesite. Agregue descuentos, art\u00edculos de alimentos y bebidas de temporada, etc. <\/li><li> Adjunte amplia informaci\u00f3n adicional para los art\u00edculos, incluidos \u00edconos, elementos nutricionales e insignias <\/li><li>Establezca fotos deliciosas para los art\u00edculos e incluso mu\u00e9strelas en modo emergente <\/li><li>Personalice y cambie el color de cualquier elemento: texto, combinaci\u00f3n de colores e \u00edconos <\/li><\/ul><p><a href=\"#demo\">Puede ver c\u00f3mo funciona la extensi\u00f3n usando la demostraci\u00f3n<\/a><\/p> <\/div> <div class=\"application-platform-content-item-installation application-platform-content-item\" id=\"installation\" data-nav-section=\"installation\"> <h2>\u00bfC\u00f3mo puedo insertar el men\u00fa del restaurante en mi p\u00e1gina web OpenCart? <\/h2> <p>Simplemente siga las instrucciones a continuaci\u00f3n para activar la extensi\u00f3n: <\/p> <ol><li><b>Utilice nuestro editor gratuito y comience a crear su propia extensi\u00f3n. <\/b><br>Elija el dise\u00f1o y los par\u00e1metros preferidos de la extensi\u00f3n y aplique todas las correcciones. <\/li> <li><b>Obtenga su c\u00f3digo individual en el formulario especial de Elfsight Apps. <\/b><br> Cuando finalice la generaci\u00f3n de su extensi\u00f3n, copie el c\u00f3digo exclusivo en la ventana que aparece y gu\u00e1rdelo para su uso posterior. <\/li> <li><b>Comience a usar la extensi\u00f3n en su sitio web OpenCart. <\/b><br>Implemente el c\u00f3digo guardado recientemente en su p\u00e1gina web y guarde las correcciones. <\/li> <li><b>La instalaci\u00f3n est\u00e1 completamente realizada. <\/b><br> Abra su sitio para observar el rendimiento de la extensi\u00f3n. <\/li><\/ol><p>En caso de tener dudas o encontrar alg\u00fan obst\u00e1culo, no dudes en contactar con nuestro personal de atenci\u00f3n al cliente. Nuestros asesores estar\u00e1n encantados de ayudarle con todas las dificultades que pueda tener con el producto. <\/p> <div class=\"faq\" data-component=\"FAQ\"><div class=\"faq-item\">\r\n\t\t\t\t\t<div class=\"faq-item-question\">\r\n\t\t\t\t\t\t<h3 class=\"faq-item-question-text\">\u00bfExiste alg\u00fan m\u00e9todo para insertar un men\u00fa de restaurante en mi p\u00e1gina de inicio de OpenCart sin conocimientos de codificaci\u00f3n?<\/h3>\r\n\r\n\t\t\t\t\t\t<div class=\"faq-item-question-icon\"><\/div>\r\n\t\t\t\t\t<\/div>\r\n\r\n\t\t\t\t\t<div class=\"faq-item-answer\">\r\n\t\t\t\t\t\t<div class=\"faq-item-answer-text\"> <p>Elfsight ofrece una soluci\u00f3n SaaS que le permite establecer una secci\u00f3n de men\u00fa de restaurante usted mismo. Descubra la gu\u00eda sencilla: trabaje en la demostraci\u00f3n en l\u00ednea para generar un complemento de men\u00fa de restaurante que le gustar\u00eda integrar en su OpenCart. Seleccione una de las muchas plantillas predise\u00f1adas y ajuste la configuraci\u00f3n del men\u00fa del restaurante, cambie el dise\u00f1o y el color de los elementos y actualice su contenido, sin codificaci\u00f3n. Haga clic para guardar la configuraci\u00f3n que realiz\u00f3 en el Men\u00fa del restaurante y obtenga el c\u00f3digo de instalaci\u00f3n que puede agregar f\u00e1cilmente en la p\u00e1gina de inicio de OpenCart de forma gratuita. Con nuestro sencillo Configurador, cada usuario web puede crear un widget de men\u00fa de restaurante e incrustarlo f\u00e1cilmente en el sitio OpenCart. No es necesario obtener un plan pago ni revelar los datos de su tarjeta para ingresar a nuestro Editor. Si tiene alg\u00fan problema de cualquier tipo, p\u00f3ngase en contacto con nuestro servicio de atenci\u00f3n al cliente.<\/p> <\/div>\r\n\t\t\t\t\t<\/div>\r\n\t\t\t\t<\/div> <\/div><\/div>","protected":false},"excerpt":{"rendered":"","protected":false},"author":9,"featured_media":0,"parent":586,"menu_order":0,"comment_status":"closed","ping_status":"closed","template":"templates\/template-application-platform.php","meta":{"publish_to_discourse":"","publish_post_category":"","wpdc_auto_publish_overridden":"","wpdc_topic_tags":"","wpdc_pin_topic":"","wpdc_pin_until":"","discourse_post_id":"","discourse_permalink":"","wpdc_publishing_response":"","wpdc_publishing_error":"","footnotes":""},"class_list":["post-8499","page","type-page","status-publish","hentry"],"yoast_head":"<!-- This site is optimized with the Yoast SEO plugin v25.3.1 - https:\/\/yoast.com\/wordpress\/plugins\/seo\/ -->\n<title>Men\u00fa de restaurante para sitios web OpenCart: elegante y gratuito<\/title>\n<meta name=\"description\" content=\"Incorpore un men\u00fa de restaurante responsivo en su sitio web OpenCart. Pruebe la pr\u00e1ctica demostraci\u00f3n de Elfsight y cree su men\u00fa elegante en un par de minutos\" \/>\n<meta name=\"robots\" content=\"index, follow, max-snippet:-1, max-image-preview:large, max-video-preview:-1\" \/>\n<link rel=\"canonical\" href=\"https:\/\/elfsight.com\/es\/restaurant-menu-widget\/opencart\/\" \/>\n<meta property=\"og:locale\" content=\"es_ES\" \/>\n<meta property=\"og:type\" content=\"article\" \/>\n<meta property=\"og:title\" content=\"Men\u00fa de restaurante para sitios web OpenCart: elegante y gratuito\" \/>\n<meta property=\"og:description\" content=\"Incorpore un men\u00fa de restaurante responsivo en su sitio web OpenCart. Pruebe la pr\u00e1ctica demostraci\u00f3n de Elfsight y cree su men\u00fa elegante en un par de minutos\" \/>\n<meta property=\"og:url\" content=\"https:\/\/elfsight.com\/es\/restaurant-menu-widget\/opencart\/\" \/>\n<meta property=\"og:site_name\" content=\"Elfsight ES\" \/>\n<meta property=\"article:modified_time\" content=\"2025-02-06T15:36:48+00:00\" \/>\n<meta name=\"twitter:card\" content=\"summary_large_image\" \/>\n<meta name=\"twitter:label1\" content=\"Tiempo de lectura\" \/>\n\t<meta name=\"twitter:data1\" content=\"4 minutos\" \/>\n<!-- \/ Yoast SEO plugin. -->","yoast_head_json":{"title":"Men\u00fa de restaurante para sitios web OpenCart: elegante y gratuito","description":"Incorpore un men\u00fa de restaurante responsivo en su sitio web OpenCart. Pruebe la pr\u00e1ctica demostraci\u00f3n de Elfsight y cree su men\u00fa elegante en un par de minutos","robots":{"index":"index","follow":"follow","max-snippet":"max-snippet:-1","max-image-preview":"max-image-preview:large","max-video-preview":"max-video-preview:-1"},"canonical":"https:\/\/elfsight.com\/es\/restaurant-menu-widget\/opencart\/","og_locale":"es_ES","og_type":"article","og_title":"Men\u00fa de restaurante para sitios web OpenCart: elegante y gratuito","og_description":"Incorpore un men\u00fa de restaurante responsivo en su sitio web OpenCart. Pruebe la pr\u00e1ctica demostraci\u00f3n de Elfsight y cree su men\u00fa elegante en un par de minutos","og_url":"https:\/\/elfsight.com\/es\/restaurant-menu-widget\/opencart\/","og_site_name":"Elfsight ES","article_modified_time":"2025-02-06T15:36:48+00:00","twitter_card":"summary_large_image","twitter_misc":{"Tiempo de lectura":"4 minutos"},"schema":{"@context":"https:\/\/schema.org","@graph":[{"@type":"WebPage","@id":"https:\/\/elfsight.com\/es\/restaurant-menu-widget\/opencart\/","url":"https:\/\/elfsight.com\/es\/restaurant-menu-widget\/opencart\/","name":"Men\u00fa de restaurante para sitios web OpenCart: elegante y gratuito","isPartOf":{"@id":"https:\/\/elfsight.com\/es\/#website"},"datePublished":"1970-01-01T00:00:00+00:00","dateModified":"2025-02-06T15:36:48+00:00","description":"Incorpore un men\u00fa de restaurante responsivo en su sitio web OpenCart. Pruebe la pr\u00e1ctica demostraci\u00f3n de Elfsight y cree su men\u00fa elegante en un par de minutos","breadcrumb":{"@id":"https:\/\/elfsight.com\/es\/restaurant-menu-widget\/opencart\/#breadcrumb"},"inLanguage":"es","potentialAction":[{"@type":"ReadAction","target":["https:\/\/elfsight.com\/es\/restaurant-menu-widget\/opencart\/"]}]},{"@type":"BreadcrumbList","@id":"https:\/\/elfsight.com\/es\/restaurant-menu-widget\/opencart\/#breadcrumb","itemListElement":[{"@type":"ListItem","position":1,"name":"Home","item":"https:\/\/elfsight.com\/es\/"},{"@type":"ListItem","position":2,"name":"Restaurant Menu","item":"https:\/\/elfsight.com\/es\/restaurant-menu-widget\/"},{"@type":"ListItem","position":3,"name":"Restaurant Menu &#8211; OpenCart"}]},{"@type":"WebSite","@id":"https:\/\/elfsight.com\/es\/#website","url":"https:\/\/elfsight.com\/es\/","name":"Elfsight ES","description":"Just another Elfsight Sites site","potentialAction":[{"@type":"SearchAction","target":{"@type":"EntryPoint","urlTemplate":"https:\/\/elfsight.com\/es\/?s={search_term_string}"},"query-input":{"@type":"PropertyValueSpecification","valueRequired":true,"valueName":"search_term_string"}}],"inLanguage":"es"}]}},"meta_box":{"industry":"","seo_heading":"","heading":"","description":"","cta_heading":"","cta_description":"","application":"585","h1":"Extensi\u00f3n del men\u00fa del restaurante OpenCart","h1_caption":"Muestre el men\u00fa de su restaurante en un formato visualmente atractivo, f\u00e1cil de actualizar y f\u00e1cil de usar en su sitio web Opencart sin esfuerzo.","application_category":[],"applications_title":"","applications_request_title":"","applications_request_button_text":"","hero_text":"","hero_video":"","hero_video_schema_markup":"","selling_points_title":"","selling_points_caption":"","selling_points":[],"selling_points_cta_text":"","features_title":"","features":"","ed_cta_examples_text":"","ed_cta_examples_hidden":"","ed_cta_demo_text":"","ed_cta_demo_hidden":"","why_caption":"","why_editor_title":"","why_editor_text":"","why_team_title":"","why_team_text":"","why_service_title":"","why_service_text":"","template_catalog_visible":"","template_catalog_title":"","template_catalog_text":"","template_catalog_categories_visible":"","demo_title":"Crea tu extensi\u00f3n de Men\u00fa de Restaurante","demo_caption":"\u00a1Configure el men\u00fa de su restaurante y agr\u00e9guelo a su sitio web OpenCart gratis!","default_faq_hidden":"","app_template_category":[],"platform":"88","template_public_id":"","codecanyon_url":"","codecanyon_item_id":"","codecanyon_price":"","pricing_caption":"","pricing_elfsight_apps_hide_column":"","pricing_elfsight_apps_url":"","pricing_codecanyon_price_caption":"","integration_category":[],"integration_request_title":"","integration_request_cta":"","integration_platform":"","integrations":[],"platform_category":[],"video_schema_markup":"","price":"desde $0 \/ mes","trial":"","benefits":[{"text":"Servicio de instalaci\u00f3n gratuito"},{"text":"Soporte premium"},{"text":"Garant\u00eda de devoluci\u00f3n de dinero de 14 d\u00edas"},{"text":"Mejoras gratuitas continuas"}],"button_url":"#demo","button_target_blank":"","button_nofollow":"","attributes":[{"name":"Instalaciones","content":"10,000 - 100,000"},{"name":"Sensible","content":"S\u00ed"},{"name":"Navegadores compatibles","content":"Safari, Opera, Firefox, Chrome, Edge"}],"tags":[],"tags_disable_links":"","hide_more_platforms":"","video_object":"","demo_hide_cta":"","demo_hide_cloud_options":"","pricing_title":"","pricing":[{"pricing_icon":"platform","pricing_title":"Elfsight Apps","pricing_title_caption":"Versi\u00f3n multiplataforma que funciona en cualquier sitio web","pricing_price":"desde $0 \/ mes","pricing_price_caption":"comienza con el plan gratuito","pricing_benefits":[{"text":"Sitios web ilimitados"},{"text":"Soporte gratuito de la empresa"},{"text":"Asistencia de instalaci\u00f3n gratuita"},{"text":"Totalmente personalizable"}],"pricing_button_text":"A\u00f1adir al sitio web","pricing_button_url":"#demo"}],"related_apps_title":"","related_apps_hidden":"","author":"","image":[],"title":"","job":"","social_networks":[]},"_links":{"self":[{"href":"https:\/\/elfsight.com\/es\/wp-json\/wp\/v2\/pages\/8499","targetHints":{"allow":["GET"]}}],"collection":[{"href":"https:\/\/elfsight.com\/es\/wp-json\/wp\/v2\/pages"}],"about":[{"href":"https:\/\/elfsight.com\/es\/wp-json\/wp\/v2\/types\/page"}],"author":[{"embeddable":true,"href":"https:\/\/elfsight.com\/es\/wp-json\/wp\/v2\/users\/9"}],"replies":[{"embeddable":true,"href":"https:\/\/elfsight.com\/es\/wp-json\/wp\/v2\/comments?post=8499"}],"version-history":[{"count":2,"href":"https:\/\/elfsight.com\/es\/wp-json\/wp\/v2\/pages\/8499\/revisions"}],"predecessor-version":[{"id":18515,"href":"https:\/\/elfsight.com\/es\/wp-json\/wp\/v2\/pages\/8499\/revisions\/18515"}],"up":[{"embeddable":true,"href":"https:\/\/elfsight.com\/es\/wp-json\/wp\/v2\/pages\/586"}],"wp:attachment":[{"href":"https:\/\/elfsight.com\/es\/wp-json\/wp\/v2\/media?parent=8499"}],"curies":[{"name":"wp","href":"https:\/\/api.w.org\/{rel}","templated":true}]}}