{"id":8493,"date":"1970-01-01T00:00:00","date_gmt":"1970-01-01T00:00:00","guid":{"rendered":"https:\/\/elfsight.com\/es\/?page_id=8493"},"modified":"2025-02-06T15:36:48","modified_gmt":"2025-02-06T15:36:48","slug":"magento","status":"publish","type":"page","link":"https:\/\/elfsight.com\/es\/restaurant-menu-widget\/magento\/","title":{"rendered":"Restaurant Menu &#8211; Magento"},"content":{"rendered":"<div class=\"application-platform-content-item-description application-platform-content-item\" id=\"description\" data-nav-section=\"description\"> <h2>Descripci\u00f3n<\/h2><p>El men\u00fa del restaurante es una forma conveniente de representar su cocina, transmitir una idea original y captar la atenci\u00f3n de los usuarios con atractivas im\u00e1genes de platos. El instrumento es muy pr\u00e1ctico. A trav\u00e9s de \u00e9l podr\u00e1s crear una gran cantidad de men\u00fas con numerosas secciones de elementos o simplemente mostrar una breve lista de los alimentos que sirves. Elija un esquema claro u oscuro o personalice los elementos que desee, volvi\u00e9ndolos a colorear todos. Adem\u00e1s, tu men\u00fa puede ser siempre relevante: corregir precios, actualizar la lista de art\u00edculos, agregar nuevas comidas o incluso men\u00fas con un solo clic. Simplemente comienza a crear tu apetitoso men\u00fa ahora mismo. <\/p> <p><b>\u00a1Agregue el men\u00fa del restaurante para alcanzar sus picos de ganancias con menos esfuerzo! \u00a1A trav\u00e9s del men\u00fa de tu p\u00e1gina web podr\u00e1s atraer m\u00e1s clientes y tener un crecimiento empresarial m\u00e1s r\u00e1pido! <\/b><\/p> <\/div> <div class=\"application-platform-content-item-features application-platform-content-item\" id=\"features\" data-nav-section=\"features\"> <h2>Estas son las caracter\u00edsticas b\u00e1sicas de la extensi\u00f3n: <\/h2> <ul><li>F\u00e1cil de usar incluso para usuarios no profesionales<\/li><li>N\u00famero ilimitado de men\u00fas, secciones o elementos, organizados con dise\u00f1os de estilo <\/li><li>Men\u00fa f\u00e1cil de actualizar y todos sus componentes en cualquier momento que lo necesite: precios, especiales de temporada, etc. <\/li><li>Muestre informaci\u00f3n adicional detallada sobre los art\u00edculos, por ejemplo \u00edconos, elementos nutricionales e insignias <\/li><li>Suba im\u00e1genes impresionantes para los art\u00edculos e incluso mu\u00e9strelas en modo emergente <\/li><li>Personalice y cambie el color de todos los elementos: texto, combinaci\u00f3n de colores e \u00edconos <\/li><\/ul><p><a href=\"#demo\">Pruebe todas las opciones de personalizaci\u00f3n en una demostraci\u00f3n 100% funcional<\/a><\/p> <\/div> <div class=\"application-platform-content-item-installation application-platform-content-item\" id=\"installation\" data-nav-section=\"installation\"> <h2>\u00bfC\u00f3mo agrego el men\u00fa del restaurante en mi sitio web Magento? <\/h2> <p>Simplemente siga las instrucciones a continuaci\u00f3n para integrar la herramienta: <\/p> <ol><li><b>Emplee nuestra demostraci\u00f3n gratuita y comience a darle forma a su extensi\u00f3n \u00fanica. <\/b><br> Determine el dise\u00f1o y las opciones adecuados de la extensi\u00f3n y guarde todas las modificaciones. <\/li> <li><b>Copia tu c\u00f3digo individual que aparece en el cuadro de Elfsight Apps. <\/b><br> Inmediatamente despu\u00e9s de finalizar la configuraci\u00f3n de su extensi\u00f3n personal, copie el c\u00f3digo individual de la ventana que aparece y gu\u00e1rdelo para su uso posterior. <\/li> <li><b>Comience a aplicar la extensi\u00f3n en su sitio web Magento. <\/b><br>Integre el c\u00f3digo guardado anteriormente en su sitio web y guarde las correcciones. <\/li> <li><b>\u00a1Listo! La integraci\u00f3n se realiza por completo. <\/b><br> Vaya a su p\u00e1gina web para ver en acci\u00f3n el trabajo de la extensi\u00f3n. <\/li><\/ol><p>En caso de que encuentre alguna dificultad, no dude en comunicarse con nuestro equipo de atenci\u00f3n al cliente. Nuestros especialistas estar\u00e1n encantados de resolver todos los problemas que puedas tener con tu extensi\u00f3n. <\/p> <div class=\"faq\" data-component=\"FAQ\"><div class=\"faq-item\">\r\n\t\t\t\t\t<div class=\"faq-item-question\">\r\n\t\t\t\t\t\t<h3 class=\"faq-item-question-text\">\u00bfC\u00f3mo incrustar el men\u00fa del restaurante en mi sitio Magento sin conocimientos de codificaci\u00f3n?<\/h3>\r\n\r\n\t\t\t\t\t\t<div class=\"faq-item-question-icon\"><\/div>\r\n\t\t\t\t\t<\/div>\r\n\r\n\t\t\t\t\t<div class=\"faq-item-answer\">\r\n\t\t\t\t\t\t<div class=\"faq-item-answer-text\"> <p>La empresa Elfsight ofrece una soluci\u00f3n en la nube que permite a los propietarios de sitios crear un widget de men\u00fa del restaurante usted mismo. Vea lo f\u00e1cil que es el proceso: comience a trabajar directamente en la demostraci\u00f3n en l\u00ednea para crear una secci\u00f3n de men\u00fa del restaurante que le gustar\u00eda que aparezca en el sitio web de Magento. Seleccione una de las muchas plantillas predise\u00f1adas y adapte la configuraci\u00f3n del men\u00fa del restaurante, actualice su contenido, modifique el dise\u00f1o y los colores sin codificaci\u00f3n. Haga clic para guardar el men\u00fa del restaurante y obtener el c\u00f3digo para incrustarlo, que puede pegar en el sitio de Magento de forma gratuita. Con la ayuda del editor f\u00e1cil de usar, cada usuario web puede establecer un men\u00fa de restaurante e incrustarlo f\u00e1cilmente en cualquier p\u00e1gina web de Magento. No es necesario pagar ni ingresar los datos de tu tarjeta para poder ingresar a nuestro servicio. Si encuentra alg\u00fan obst\u00e1culo de cualquier tipo, no dude en ponerse en contacto con nuestro servicio t\u00e9cnico de atenci\u00f3n al cliente.<\/p> <\/div>\r\n\t\t\t\t\t<\/div>\r\n\t\t\t\t<\/div> <\/div><\/div>","protected":false},"excerpt":{"rendered":"","protected":false},"author":9,"featured_media":0,"parent":586,"menu_order":0,"comment_status":"closed","ping_status":"closed","template":"templates\/template-application-platform.php","meta":{"publish_to_discourse":"","publish_post_category":"","wpdc_auto_publish_overridden":"","wpdc_topic_tags":"","wpdc_pin_topic":"","wpdc_pin_until":"","discourse_post_id":"","discourse_permalink":"","wpdc_publishing_response":"","wpdc_publishing_error":"","footnotes":""},"class_list":["post-8493","page","type-page","status-publish","hentry"],"yoast_head":"<!-- This site is optimized with the Yoast SEO plugin v25.3.1 - https:\/\/yoast.com\/wordpress\/plugins\/seo\/ -->\n<title>Men\u00fa de restaurante para sitios web de Magento: r\u00e1pido y gratuito<\/title>\n<meta name=\"description\" content=\"Inserte un men\u00fa de restaurante f\u00e1cil de administrar en su sitio Magento. Utilice la pr\u00e1ctica demostraci\u00f3n de Elfsight y cree su extensi\u00f3n \u00fanica con solo unos pocos clics\" \/>\n<meta name=\"robots\" content=\"index, follow, max-snippet:-1, max-image-preview:large, max-video-preview:-1\" \/>\n<link rel=\"canonical\" href=\"https:\/\/elfsight.com\/es\/restaurant-menu-widget\/magento\/\" \/>\n<meta property=\"og:locale\" content=\"es_ES\" \/>\n<meta property=\"og:type\" content=\"article\" \/>\n<meta property=\"og:title\" content=\"Men\u00fa de restaurante para sitios web de Magento: r\u00e1pido y gratuito\" \/>\n<meta property=\"og:description\" content=\"Inserte un men\u00fa de restaurante f\u00e1cil de administrar en su sitio Magento. Utilice la pr\u00e1ctica demostraci\u00f3n de Elfsight y cree su extensi\u00f3n \u00fanica con solo unos pocos clics\" \/>\n<meta property=\"og:url\" content=\"https:\/\/elfsight.com\/es\/restaurant-menu-widget\/magento\/\" \/>\n<meta property=\"og:site_name\" content=\"Elfsight ES\" \/>\n<meta property=\"article:modified_time\" content=\"2025-02-06T15:36:48+00:00\" \/>\n<meta name=\"twitter:card\" content=\"summary_large_image\" \/>\n<meta name=\"twitter:label1\" content=\"Tiempo de lectura\" \/>\n\t<meta name=\"twitter:data1\" content=\"4 minutos\" \/>\n<!-- \/ Yoast SEO plugin. -->","yoast_head_json":{"title":"Men\u00fa de restaurante para sitios web de Magento: r\u00e1pido y gratuito","description":"Inserte un men\u00fa de restaurante f\u00e1cil de administrar en su sitio Magento. Utilice la pr\u00e1ctica demostraci\u00f3n de Elfsight y cree su extensi\u00f3n \u00fanica con solo unos pocos clics","robots":{"index":"index","follow":"follow","max-snippet":"max-snippet:-1","max-image-preview":"max-image-preview:large","max-video-preview":"max-video-preview:-1"},"canonical":"https:\/\/elfsight.com\/es\/restaurant-menu-widget\/magento\/","og_locale":"es_ES","og_type":"article","og_title":"Men\u00fa de restaurante para sitios web de Magento: r\u00e1pido y gratuito","og_description":"Inserte un men\u00fa de restaurante f\u00e1cil de administrar en su sitio Magento. Utilice la pr\u00e1ctica demostraci\u00f3n de Elfsight y cree su extensi\u00f3n \u00fanica con solo unos pocos clics","og_url":"https:\/\/elfsight.com\/es\/restaurant-menu-widget\/magento\/","og_site_name":"Elfsight ES","article_modified_time":"2025-02-06T15:36:48+00:00","twitter_card":"summary_large_image","twitter_misc":{"Tiempo de lectura":"4 minutos"},"schema":{"@context":"https:\/\/schema.org","@graph":[{"@type":"WebPage","@id":"https:\/\/elfsight.com\/es\/restaurant-menu-widget\/magento\/","url":"https:\/\/elfsight.com\/es\/restaurant-menu-widget\/magento\/","name":"Men\u00fa de restaurante para sitios web de Magento: r\u00e1pido y gratuito","isPartOf":{"@id":"https:\/\/elfsight.com\/es\/#website"},"datePublished":"1970-01-01T00:00:00+00:00","dateModified":"2025-02-06T15:36:48+00:00","description":"Inserte un men\u00fa de restaurante f\u00e1cil de administrar en su sitio Magento. Utilice la pr\u00e1ctica demostraci\u00f3n de Elfsight y cree su extensi\u00f3n \u00fanica con solo unos pocos clics","breadcrumb":{"@id":"https:\/\/elfsight.com\/es\/restaurant-menu-widget\/magento\/#breadcrumb"},"inLanguage":"es","potentialAction":[{"@type":"ReadAction","target":["https:\/\/elfsight.com\/es\/restaurant-menu-widget\/magento\/"]}]},{"@type":"BreadcrumbList","@id":"https:\/\/elfsight.com\/es\/restaurant-menu-widget\/magento\/#breadcrumb","itemListElement":[{"@type":"ListItem","position":1,"name":"Home","item":"https:\/\/elfsight.com\/es\/"},{"@type":"ListItem","position":2,"name":"Restaurant Menu","item":"https:\/\/elfsight.com\/es\/restaurant-menu-widget\/"},{"@type":"ListItem","position":3,"name":"Restaurant Menu &#8211; Magento"}]},{"@type":"WebSite","@id":"https:\/\/elfsight.com\/es\/#website","url":"https:\/\/elfsight.com\/es\/","name":"Elfsight ES","description":"Just another Elfsight Sites site","potentialAction":[{"@type":"SearchAction","target":{"@type":"EntryPoint","urlTemplate":"https:\/\/elfsight.com\/es\/?s={search_term_string}"},"query-input":{"@type":"PropertyValueSpecification","valueRequired":true,"valueName":"search_term_string"}}],"inLanguage":"es"}]}},"meta_box":{"industry":"","seo_heading":"","heading":"","description":"","cta_heading":"","cta_description":"","application":"585","h1":"Extensi\u00f3n del men\u00fa del restaurante Magento","h1_caption":"Muestre el men\u00fa de su restaurante en un formato visualmente atractivo, f\u00e1cil de actualizar y f\u00e1cil de usar en su sitio web Magento sin esfuerzo.","application_category":[],"applications_title":"","applications_request_title":"","applications_request_button_text":"","hero_text":"","hero_video":"","hero_video_schema_markup":"","selling_points_title":"","selling_points_caption":"","selling_points":[],"selling_points_cta_text":"","features_title":"","features":"","ed_cta_examples_text":"","ed_cta_examples_hidden":"","ed_cta_demo_text":"","ed_cta_demo_hidden":"","why_caption":"","why_editor_title":"","why_editor_text":"","why_team_title":"","why_team_text":"","why_service_title":"","why_service_text":"","template_catalog_visible":"","template_catalog_title":"","template_catalog_text":"","template_catalog_categories_visible":"","demo_title":"Crea tu extensi\u00f3n de Men\u00fa de Restaurante","demo_caption":"\u00a1Configura el men\u00fa de tu restaurante y agr\u00e9galo a tu sitio web Magento gratis!","default_faq_hidden":"","app_template_category":[],"platform":"82","template_public_id":"","codecanyon_url":"","codecanyon_item_id":"","codecanyon_price":"","pricing_caption":"","pricing_elfsight_apps_hide_column":"","pricing_elfsight_apps_url":"","pricing_codecanyon_price_caption":"","integration_category":[],"integration_request_title":"","integration_request_cta":"","integration_platform":"","integrations":[],"platform_category":[],"video_schema_markup":"","price":"desde $0 \/ mes","trial":"","benefits":[{"text":"Servicio de instalaci\u00f3n gratuito"},{"text":"Servicio al cliente profesional"},{"text":"Garant\u00eda de reembolso de 14 d\u00edas"},{"text":"Mejoras gratuitas continuas"}],"button_url":"#demo","button_target_blank":"","button_nofollow":"","attributes":[{"name":"Instalaciones","content":"10,000 - 100,000"},{"name":"Sensible","content":"S\u00ed"},{"name":"Navegadores compatibles","content":"Firefox, Safari, Opera, Chrome, Edge"}],"tags":[],"tags_disable_links":"","hide_more_platforms":"","video_object":"","demo_hide_cta":"","demo_hide_cloud_options":"","pricing_title":"","pricing":[{"pricing_icon":"platform","pricing_title":"Elfsight Apps","pricing_title_caption":"Soluci\u00f3n digital multiplataforma","pricing_price":"desde $0 \/ mes","pricing_price_caption":"comienza con un plan gratuito","pricing_benefits":[{"text":"Sitios web ilimitados"},{"text":"Soporte premium de la empresa y bien documentado."},{"text":"Soporte de instalaci\u00f3n gratuito"},{"text":"100% personalizable"}],"pricing_button_text":"A\u00f1adir al sitio web","pricing_button_url":"#demo"}],"related_apps_title":"","related_apps_hidden":"","author":"","image":[],"title":"","job":"","social_networks":[]},"_links":{"self":[{"href":"https:\/\/elfsight.com\/es\/wp-json\/wp\/v2\/pages\/8493","targetHints":{"allow":["GET"]}}],"collection":[{"href":"https:\/\/elfsight.com\/es\/wp-json\/wp\/v2\/pages"}],"about":[{"href":"https:\/\/elfsight.com\/es\/wp-json\/wp\/v2\/types\/page"}],"author":[{"embeddable":true,"href":"https:\/\/elfsight.com\/es\/wp-json\/wp\/v2\/users\/9"}],"replies":[{"embeddable":true,"href":"https:\/\/elfsight.com\/es\/wp-json\/wp\/v2\/comments?post=8493"}],"version-history":[{"count":2,"href":"https:\/\/elfsight.com\/es\/wp-json\/wp\/v2\/pages\/8493\/revisions"}],"predecessor-version":[{"id":18517,"href":"https:\/\/elfsight.com\/es\/wp-json\/wp\/v2\/pages\/8493\/revisions\/18517"}],"up":[{"embeddable":true,"href":"https:\/\/elfsight.com\/es\/wp-json\/wp\/v2\/pages\/586"}],"wp:attachment":[{"href":"https:\/\/elfsight.com\/es\/wp-json\/wp\/v2\/media?parent=8493"}],"curies":[{"name":"wp","href":"https:\/\/api.w.org\/{rel}","templated":true}]}}