{"id":8491,"date":"1970-01-01T00:00:00","date_gmt":"1970-01-01T00:00:00","guid":{"rendered":"https:\/\/elfsight.com\/es\/?page_id=8491"},"modified":"2025-02-06T15:36:56","modified_gmt":"2025-02-06T15:36:56","slug":"jquery","status":"publish","type":"page","link":"https:\/\/elfsight.com\/es\/restaurant-menu-widget\/jquery\/","title":{"rendered":"Restaurant Menu &#8211; jQuery"},"content":{"rendered":"<div class=\"application-platform-content-item-description application-platform-content-item\" id=\"description\" data-nav-section=\"description\"> <h2>Descripci\u00f3n<\/h2><p>El men\u00fa del restaurante Elfsight es una forma sencilla de representar su diversidad, transmitir un concepto original y atraer invitados con atractivas im\u00e1genes de platos. La herramienta es absolutamente adaptada al usuario. Gracias a \u00e9l podr\u00e1s configurar un sinf\u00edn de men\u00fas con una gran cantidad de elementos o simplemente crear una breve lista de las especialidades que sirves. Si\u00e9ntete libre de elegir un esquema claro, oscuro o cambiar la configuraci\u00f3n como quieras, volviendo a colorear todos los elementos. Adem\u00e1s, el complemento puede estar siempre actualizado: precios correctos, una lista de art\u00edculos, agregar nuevos platos o incluso men\u00fas de temporada en un par de segundos. No m\u00e1s men\u00fas est\u00e1ticos que deber\u00edas formar desde el principio. \u00a1Empieza a crear tu fascinante men\u00fa ahora mismo! <\/p> <p><b>\u00a1Con el complemento Men\u00fa de restaurante en su sitio web, su empresa puede tener m\u00e1s invitados y tener un s\u00f3lido desarrollo comercial!<\/b><\/p> <\/div> <div class=\"application-platform-content-item-features application-platform-content-item\" id=\"features\" data-nav-section=\"features\"> <h2>Estas son solo algunas de la gran variedad de funciones del complemento: <\/h2> <ul><li>F\u00e1cil de administrar incluso para usuarios sin conocimientos de tecnolog\u00eda <\/li><li>Cantidad ilimitada de men\u00fas, secciones o art\u00edculos, organizados por dise\u00f1os elegantes <\/li><li>Men\u00fa f\u00e1cil de cambiar y todas sus configuraciones en cualquier momento que desee: descuentos, ofertas especiales de temporada, etc. <\/li><li> Escriba informaci\u00f3n adicional detallada para los art\u00edculos, incluso \u00edconos, elementos nutricionales e insignias <\/li><li>Suba fotos apetitosas de los art\u00edculos e incluso pres\u00e9ntelas en modo emergente <\/li><li>Adapte y vuelva a pintar cualquier elemento: texto, combinaci\u00f3n de colores e \u00edconos <\/li><\/ul><p><a href=\"#demo\">Pruebe todas las opciones de personalizaci\u00f3n en una demostraci\u00f3n con todas las funciones<\/a><\/p> <\/div> <div class=\"application-platform-content-item-installation application-platform-content-item\" id=\"installation\" data-nav-section=\"installation\"> <h2>\u00bfC\u00f3mo puedo agregar el men\u00fa del restaurante a mi p\u00e1gina web jQuery? <\/h2> <p>Simplemente siga estos pasos que se describen a continuaci\u00f3n para activar el complemento: <\/p> <ol><li><b>Abra nuestro editor gratuito y comience a crear su complemento personalizado. <\/b><br> Especifique el dise\u00f1o y las especificaciones deseables del Men\u00fa del Restaurante y guarde las modificaciones. <\/li> <li><b>Copia tu c\u00f3digo individual expuesto en el formulario especial en Elfsight Apps. <\/b><br> Tan pronto como finalice el establecimiento de su herramienta personal, copie el c\u00f3digo exclusivo de la ventana que aparece y gu\u00e1rdelo para usarlo en el futuro. <\/li> <li><b>Comience a usar el widget en el sitio jQuery. <\/b><br> A\u00f1ade el c\u00f3digo que has guardado anteriormente en tu p\u00e1gina web y aplica las mejoras. <\/li> <li><b>\u00a1Listo! La integraci\u00f3n se logra con \u00e9xito. <\/b><br>Visite su sitio web para ver el rendimiento del complemento. <\/li><\/ol> <p>A condici\u00f3n de atender consultas o solucionar cualquier complicaci\u00f3n, no dudes en ponerte en contacto con nuestro equipo de atenci\u00f3n al cliente. El equipo de Elfsight est\u00e1 dispuesto a ayudarle con todas las preguntas que pueda tener sobre el complemento. <\/p> <div class=\"faq\" data-component=\"FAQ\"><div class=\"faq-item\">\r\n\t\t\t\t\t<div class=\"faq-item-question\">\r\n\t\t\t\t\t\t<h3 class=\"faq-item-question-text\">\u00bfExiste alg\u00fan m\u00e9todo para agregar un men\u00fa de restaurante a mi p\u00e1gina de inicio de jQuery sin experiencia en codificaci\u00f3n?<\/h3>\r\n\r\n\t\t\t\t\t\t<div class=\"faq-item-question-icon\"><\/div>\r\n\t\t\t\t\t<\/div>\r\n\r\n\t\t\t\t\t<div class=\"faq-item-answer\">\r\n\t\t\t\t\t\t<div class=\"faq-item-answer-text\"> <p>Elfsight presenta una soluci\u00f3n SaaS que permite a los propietarios de sitios generar un widget de men\u00fa de restaurante usted mismo. Descubra las sencillas instrucciones: Vaya al editor en vivo para crear un widget de men\u00fa de restaurante que le gustar\u00eda incrustar en su sitio web jQuery. Elija una de nuestras plantillas listas para usar y modifique la configuraci\u00f3n del men\u00fa del restaurante, modifique el dise\u00f1o y los colores, agregue su contenido, sin conocimientos de codificaci\u00f3n. Haga clic para guardar el men\u00fa del restaurante y copie el c\u00f3digo de instalaci\u00f3n, que puede agregar f\u00e1cilmente en cualquier sitio jQuery sin necesidad de comprar una versi\u00f3n paga. Con la ayuda de nuestro sencillo editor, cualquier usuario de Internet puede generar un widget de men\u00fa de restaurante en l\u00ednea y simplemente incrustarlo en el sitio web jQuery. No es necesario pagar ni enviar los datos de su tarjeta para ingresar al servicio de Elfsight. Si encuentra alg\u00fan problema en cualquier paso, no dude en comunicarse con nuestro soporte t\u00e9cnico al cliente.<\/p> <\/div>\r\n\t\t\t\t\t<\/div>\r\n\t\t\t\t<\/div> <\/div><\/div>","protected":false},"excerpt":{"rendered":"","protected":false},"author":9,"featured_media":0,"parent":586,"menu_order":0,"comment_status":"closed","ping_status":"closed","template":"templates\/template-application-platform.php","meta":{"publish_to_discourse":"","publish_post_category":"","wpdc_auto_publish_overridden":"","wpdc_topic_tags":"","wpdc_pin_topic":"","wpdc_pin_until":"","discourse_post_id":"","discourse_permalink":"","wpdc_publishing_response":"","wpdc_publishing_error":"","footnotes":""},"class_list":["post-8491","page","type-page","status-publish","hentry"],"yoast_head":"<!-- This site is optimized with the Yoast SEO plugin v25.3.1 - https:\/\/yoast.com\/wordpress\/plugins\/seo\/ -->\n<title>Men\u00fa de Restaurante para tu sitio web jQuery - r\u00e1pido y gratis<\/title>\n<meta name=\"description\" content=\"Incruste un complemento de men\u00fa de restaurante compatible con dispositivos m\u00f3viles en su p\u00e1gina jQuery. Pruebe la pr\u00e1ctica demostraci\u00f3n de Elfsight y modifique su magn\u00edfico complemento con solo unos pocos clics\" \/>\n<meta name=\"robots\" content=\"index, follow, max-snippet:-1, max-image-preview:large, max-video-preview:-1\" \/>\n<link rel=\"canonical\" href=\"https:\/\/elfsight.com\/es\/restaurant-menu-widget\/jquery\/\" \/>\n<meta property=\"og:locale\" content=\"es_ES\" \/>\n<meta property=\"og:type\" content=\"article\" \/>\n<meta property=\"og:title\" content=\"Men\u00fa de Restaurante para tu sitio web jQuery - r\u00e1pido y gratis\" \/>\n<meta property=\"og:description\" content=\"Incruste un complemento de men\u00fa de restaurante compatible con dispositivos m\u00f3viles en su p\u00e1gina jQuery. Pruebe la pr\u00e1ctica demostraci\u00f3n de Elfsight y modifique su magn\u00edfico complemento con solo unos pocos clics\" \/>\n<meta property=\"og:url\" content=\"https:\/\/elfsight.com\/es\/restaurant-menu-widget\/jquery\/\" \/>\n<meta property=\"og:site_name\" content=\"Elfsight ES\" \/>\n<meta property=\"article:modified_time\" content=\"2025-02-06T15:36:56+00:00\" \/>\n<meta name=\"twitter:card\" content=\"summary_large_image\" \/>\n<meta name=\"twitter:label1\" content=\"Tiempo de lectura\" \/>\n\t<meta name=\"twitter:data1\" content=\"4 minutos\" \/>\n<!-- \/ Yoast SEO plugin. -->","yoast_head_json":{"title":"Men\u00fa de Restaurante para tu sitio web jQuery - r\u00e1pido y gratis","description":"Incruste un complemento de men\u00fa de restaurante compatible con dispositivos m\u00f3viles en su p\u00e1gina jQuery. Pruebe la pr\u00e1ctica demostraci\u00f3n de Elfsight y modifique su magn\u00edfico complemento con solo unos pocos clics","robots":{"index":"index","follow":"follow","max-snippet":"max-snippet:-1","max-image-preview":"max-image-preview:large","max-video-preview":"max-video-preview:-1"},"canonical":"https:\/\/elfsight.com\/es\/restaurant-menu-widget\/jquery\/","og_locale":"es_ES","og_type":"article","og_title":"Men\u00fa de Restaurante para tu sitio web jQuery - r\u00e1pido y gratis","og_description":"Incruste un complemento de men\u00fa de restaurante compatible con dispositivos m\u00f3viles en su p\u00e1gina jQuery. Pruebe la pr\u00e1ctica demostraci\u00f3n de Elfsight y modifique su magn\u00edfico complemento con solo unos pocos clics","og_url":"https:\/\/elfsight.com\/es\/restaurant-menu-widget\/jquery\/","og_site_name":"Elfsight ES","article_modified_time":"2025-02-06T15:36:56+00:00","twitter_card":"summary_large_image","twitter_misc":{"Tiempo de lectura":"4 minutos"},"schema":{"@context":"https:\/\/schema.org","@graph":[{"@type":"WebPage","@id":"https:\/\/elfsight.com\/es\/restaurant-menu-widget\/jquery\/","url":"https:\/\/elfsight.com\/es\/restaurant-menu-widget\/jquery\/","name":"Men\u00fa de Restaurante para tu sitio web jQuery - r\u00e1pido y gratis","isPartOf":{"@id":"https:\/\/elfsight.com\/es\/#website"},"datePublished":"1970-01-01T00:00:00+00:00","dateModified":"2025-02-06T15:36:56+00:00","description":"Incruste un complemento de men\u00fa de restaurante compatible con dispositivos m\u00f3viles en su p\u00e1gina jQuery. Pruebe la pr\u00e1ctica demostraci\u00f3n de Elfsight y modifique su magn\u00edfico complemento con solo unos pocos clics","breadcrumb":{"@id":"https:\/\/elfsight.com\/es\/restaurant-menu-widget\/jquery\/#breadcrumb"},"inLanguage":"es","potentialAction":[{"@type":"ReadAction","target":["https:\/\/elfsight.com\/es\/restaurant-menu-widget\/jquery\/"]}]},{"@type":"BreadcrumbList","@id":"https:\/\/elfsight.com\/es\/restaurant-menu-widget\/jquery\/#breadcrumb","itemListElement":[{"@type":"ListItem","position":1,"name":"Home","item":"https:\/\/elfsight.com\/es\/"},{"@type":"ListItem","position":2,"name":"Restaurant Menu","item":"https:\/\/elfsight.com\/es\/restaurant-menu-widget\/"},{"@type":"ListItem","position":3,"name":"Restaurant Menu &#8211; jQuery"}]},{"@type":"WebSite","@id":"https:\/\/elfsight.com\/es\/#website","url":"https:\/\/elfsight.com\/es\/","name":"Elfsight ES","description":"Just another Elfsight Sites site","potentialAction":[{"@type":"SearchAction","target":{"@type":"EntryPoint","urlTemplate":"https:\/\/elfsight.com\/es\/?s={search_term_string}"},"query-input":{"@type":"PropertyValueSpecification","valueRequired":true,"valueName":"search_term_string"}}],"inLanguage":"es"}]}},"meta_box":{"industry":"","seo_heading":"","heading":"","description":"","cta_heading":"","cta_description":"","application":"585","h1":"Complemento jQuery para el men\u00fa del restaurante","h1_caption":"Muestre el men\u00fa de su restaurante en un formato visualmente atractivo, f\u00e1cil de actualizar y f\u00e1cil de usar en su sitio web jQuery sin esfuerzo.","application_category":[],"applications_title":"","applications_request_title":"","applications_request_button_text":"","hero_text":"","hero_video":"","hero_video_schema_markup":"","selling_points_title":"","selling_points_caption":"","selling_points":[],"selling_points_cta_text":"","features_title":"","features":"","ed_cta_examples_text":"","ed_cta_examples_hidden":"","ed_cta_demo_text":"","ed_cta_demo_hidden":"","why_caption":"","why_editor_title":"","why_editor_text":"","why_team_title":"","why_team_text":"","why_service_title":"","why_service_text":"","template_catalog_visible":"","template_catalog_title":"","template_catalog_text":"","template_catalog_categories_visible":"","demo_title":"Crea el complemento de men\u00fa de tu restaurante","demo_caption":"\u00a1Configura el men\u00fa de tu restaurante y agr\u00e9galo a tu sitio web jQuery gratis!","default_faq_hidden":"","app_template_category":[],"platform":"76","template_public_id":"","codecanyon_url":"","codecanyon_item_id":"","codecanyon_price":"","pricing_caption":"","pricing_elfsight_apps_hide_column":"","pricing_elfsight_apps_url":"","pricing_codecanyon_price_caption":"","integration_category":[],"integration_request_title":"","integration_request_cta":"","integration_platform":"","integrations":[],"platform_category":[],"video_schema_markup":"","price":"desde $0 \/ mes","trial":"","benefits":[{"text":"Ayuda de instalaci\u00f3n gratuita"},{"text":"Servicio al cliente eficaz"},{"text":"Garant\u00eda de reembolso de 14 d\u00edas"},{"text":"Actualizaciones peri\u00f3dicas"}],"button_url":"#demo","button_target_blank":"","button_nofollow":"","attributes":[{"name":"Instalaciones","content":"10,000 - 100,000"},{"name":"Sensible","content":"S\u00ed"},{"name":"Navegadores compatibles","content":"Firefox, Safari, Opera, Chrome, Edge"}],"tags":[],"tags_disable_links":"","hide_more_platforms":"","video_object":"","demo_hide_cta":"","demo_hide_cloud_options":"","pricing_title":"","pricing":[{"pricing_icon":"platform","pricing_title":"Elfsight Apps","pricing_title_caption":"Soluci\u00f3n independiente de plataforma que funciona en cualquier sitio","pricing_price":"desde $0 \/ mes","pricing_price_caption":"comienza con un plan gratuito","pricing_benefits":[{"text":"Dominios ilimitados"},{"text":"Soporte 24 horas al d\u00eda, 7 d\u00edas a la semana, puntual y bien documentado."},{"text":"Soporte de instalaci\u00f3n gratuito"},{"text":"Dise\u00f1o flexible"}],"pricing_button_text":"A\u00f1adir al sitio web","pricing_button_url":"#demo"}],"related_apps_title":"","related_apps_hidden":"","author":"","image":[],"title":"","job":"","social_networks":[]},"_links":{"self":[{"href":"https:\/\/elfsight.com\/es\/wp-json\/wp\/v2\/pages\/8491","targetHints":{"allow":["GET"]}}],"collection":[{"href":"https:\/\/elfsight.com\/es\/wp-json\/wp\/v2\/pages"}],"about":[{"href":"https:\/\/elfsight.com\/es\/wp-json\/wp\/v2\/types\/page"}],"author":[{"embeddable":true,"href":"https:\/\/elfsight.com\/es\/wp-json\/wp\/v2\/users\/9"}],"replies":[{"embeddable":true,"href":"https:\/\/elfsight.com\/es\/wp-json\/wp\/v2\/comments?post=8491"}],"version-history":[{"count":2,"href":"https:\/\/elfsight.com\/es\/wp-json\/wp\/v2\/pages\/8491\/revisions"}],"predecessor-version":[{"id":18519,"href":"https:\/\/elfsight.com\/es\/wp-json\/wp\/v2\/pages\/8491\/revisions\/18519"}],"up":[{"embeddable":true,"href":"https:\/\/elfsight.com\/es\/wp-json\/wp\/v2\/pages\/586"}],"wp:attachment":[{"href":"https:\/\/elfsight.com\/es\/wp-json\/wp\/v2\/media?parent=8491"}],"curies":[{"name":"wp","href":"https:\/\/api.w.org\/{rel}","templated":true}]}}