{"id":8490,"date":"1970-01-01T00:00:00","date_gmt":"1970-01-01T00:00:00","guid":{"rendered":"https:\/\/elfsight.com\/es\/?page_id=8490"},"modified":"2025-02-06T15:36:56","modified_gmt":"2025-02-06T15:36:56","slug":"joomla","status":"publish","type":"page","link":"https:\/\/elfsight.com\/es\/restaurant-menu-widget\/joomla\/","title":{"rendered":"Restaurant Menu &#8211; Joomla"},"content":{"rendered":"<div class=\"application-platform-content-item-description application-platform-content-item\" id=\"description\" data-nav-section=\"description\"> <h2>Descripci\u00f3n<\/h2><p>Elfsight Restaurant Menu es una herramienta manejable para presentar su diversidad de comidas y bebidas directamente en su sitio web. La extensi\u00f3n es absolutamente adaptada al usuario. A trav\u00e9s de \u00e9l podr\u00e1s seleccionar toda una gama de men\u00fas con numerosas secciones y elementos o simplemente realizar una breve lista de los productos que sirves. Elige esquemas claros y oscuros o adapta todo lo que quieras, recoloreando todos los elementos. No m\u00e1s men\u00fas est\u00e1ticos que deber\u00edas crear desde el principio. La mayor oportunidad del Men\u00fa del Restaurante es estar siempre actualizado: \u00a1puedes cambiar precios, una lista de art\u00edculos, agregar nuevas bebidas o incluso men\u00fas en un par de segundos! \u00a1Empiece a crear su maravilloso men\u00fa ahora mismo! <\/p><p><b>\u00a1Inserta el Men\u00fa del Restaurante para llevar tu negocio a la cima con menos esfuerzo! Con la ayuda de la extensi\u00f3n puede tener m\u00e1s clientes potenciales y comenzar un desarrollo empresarial m\u00e1s r\u00e1pido. \u00a1Pruebe usar Restaurant Menu de Elfsight ahora!<\/b><\/p> <\/div> <div class=\"application-platform-content-item-features application-platform-content-item\" id=\"features\" data-nav-section=\"features\"> <h2>Encuentre las funciones b\u00e1sicas de la extensi\u00f3n a continuaci\u00f3n: <\/h2> <ul><li>F\u00e1cil de administrar incluso para usuarios sin conocimientos t\u00e9cnicos<\/li><li>N\u00famero personalizado de men\u00fas, secciones o elementos, organizados con dise\u00f1os de pesta\u00f1as, listas o mamposter\u00eda <\/li><li>Men\u00fa f\u00e1cil de actualizar y todos sus componentes donde desee: descuentos, platos y bebidas de temporada, etc. <\/li><li>Muestre una descripci\u00f3n detallada de los art\u00edculos, incluidos \u00edconos, informaci\u00f3n nutricional e insignias <\/li><li>Adjunte fotos tentadoras para los art\u00edculos e incluso mu\u00e9strelas en una vista emergente <\/li><li>Modifique y vuelva a pintar todos los elementos: texto, combinaci\u00f3n de colores e \u00edconos <\/li><\/ul><p><a href=\"#demo\">Explore todas las configuraciones con todas las funciones demostraci\u00f3n<\/a><\/p> <\/div> <div class=\"application-platform-content-item-installation application-platform-content-item\" id=\"installation\" data-nav-section=\"installation\"> <h2>\u00bfC\u00f3mo incrustar el men\u00fa del restaurante en mi sitio web Joomla? <\/h2> <div class=\"video-container\"><iframe width=\"720\" height=\"405\" src=\"https:\/\/www.youtube.com\/embed\/pLYU5eR9As8\" frameborder=\"0\"><\/iframe><\/div><p>Simplemente aplique las instrucciones a continuaci\u00f3n para insertar la herramienta: <\/p> <ol><li><b>Inicie nuestra demostraci\u00f3n gratuita y comience a crear su extensi\u00f3n personalizada. <\/b><br> Especifique la disposici\u00f3n y los aspectos preferibles de la extensi\u00f3n y aplique todas las ediciones. <\/li> <li><b>Adquiera su c\u00f3digo individual demostrado en el formulario especial en Elfsight Apps. <\/b><br> Una vez finalizada la configuraci\u00f3n de su extensi\u00f3n, copie el c\u00f3digo individual del cuadro que aparece y gu\u00e1rdelo para futuras ocasiones. <\/li> <li><b>Comience a usar la extensi\u00f3n en el sitio Joomla. <\/b><br> Implemente el c\u00f3digo que copi\u00f3 recientemente en su sitio y guarde las mejoras. <\/li> <li><b>La instalaci\u00f3n se realiz\u00f3 exitosamente. <\/b><br> Vaya a su p\u00e1gina web para examinar c\u00f3mo se est\u00e1 ejecutando la extensi\u00f3n. <\/li><\/ol><p>Si tiene alguna dificultad, no dude en ponerse en contacto con nuestro equipo de soporte. Nuestros asesores estar\u00e1n encantados de resolver todas las dudas que puedas tener con el producto. <\/p> <div class=\"faq\" data-component=\"FAQ\"><div class=\"faq-item\">\r\n\t\t\t\t\t<div class=\"faq-item-question\">\r\n\t\t\t\t\t\t<h3 class=\"faq-item-question-text\">\u00bfC\u00f3mo incrustar el men\u00fa del restaurante en mi sitio web Joomla sin conocimientos de codificaci\u00f3n?<\/h3>\r\n\r\n\t\t\t\t\t\t<div class=\"faq-item-question-icon\"><\/div>\r\n\t\t\t\t\t<\/div>\r\n\r\n\t\t\t\t\t<div class=\"faq-item-answer\">\r\n\t\t\t\t\t\t<div class=\"faq-item-answer-text\"> <p>La empresa Elfsight ofrece una soluci\u00f3n en la nube que le permite crear una secci\u00f3n del men\u00fa del restaurante usted mismo. Aprenda los sencillos pasos: Vaya a la demostraci\u00f3n en l\u00ednea para crear un widget de men\u00fa del restaurante que le gustar\u00eda integrar en la p\u00e1gina web de Joomla. Seleccione una de las plantillas predise\u00f1adas y ajuste la configuraci\u00f3n del men\u00fa del restaurante, incluya su contenido, modifique el dise\u00f1o y el color de los elementos sin ninguna experiencia en codificaci\u00f3n. Haga clic para guardar el men\u00fa del restaurante y copie el c\u00f3digo para incrustarlo, que se puede incluir f\u00e1cilmente en el sitio web de Joomla sin comprar una suscripci\u00f3n paga. Trabajando en nuestro Configurador intuitivo, cada usuario de Internet puede crear una secci\u00f3n de Men\u00fa de restaurante en l\u00ednea y pegarla en el sitio web de Joomla. No debes pagar ni introducir los datos de tu tarjeta para poder acceder al servicio de Elfsight. Si tiene alg\u00fan problema en alg\u00fan paso, contin\u00fae y comun\u00edquese con nuestro servicio de atenci\u00f3n al cliente.<\/p> <\/div>\r\n\t\t\t\t\t<\/div>\r\n\t\t\t\t<\/div> <\/div><\/div>","protected":false},"excerpt":{"rendered":"","protected":false},"author":9,"featured_media":0,"parent":586,"menu_order":0,"comment_status":"closed","ping_status":"closed","template":"templates\/template-application-platform.php","meta":{"publish_to_discourse":"","publish_post_category":"","wpdc_auto_publish_overridden":"","wpdc_topic_tags":"","wpdc_pin_topic":"","wpdc_pin_until":"","discourse_post_id":"","discourse_permalink":"","wpdc_publishing_response":"","wpdc_publishing_error":"","footnotes":""},"class_list":["post-8490","page","type-page","status-publish","hentry"],"yoast_head":"<!-- This site is optimized with the Yoast SEO plugin v25.3.1 - https:\/\/yoast.com\/wordpress\/plugins\/seo\/ -->\n<title>Men\u00fa de restaurante para el sitio web Joomla: elegante y gratuito<\/title>\n<meta name=\"description\" content=\"Agregue un men\u00fa de restaurante f\u00e1cil de administrar en su sitio Joomla. Utilice la pr\u00e1ctica demostraci\u00f3n de Elfsight y cree su magn\u00edfica extensi\u00f3n en solo un par de minutos\" \/>\n<meta name=\"robots\" content=\"index, follow, max-snippet:-1, max-image-preview:large, max-video-preview:-1\" \/>\n<link rel=\"canonical\" href=\"https:\/\/elfsight.com\/es\/restaurant-menu-widget\/joomla\/\" \/>\n<meta property=\"og:locale\" content=\"es_ES\" \/>\n<meta property=\"og:type\" content=\"article\" \/>\n<meta property=\"og:title\" content=\"Men\u00fa de restaurante para el sitio web Joomla: elegante y gratuito\" \/>\n<meta property=\"og:description\" content=\"Agregue un men\u00fa de restaurante f\u00e1cil de administrar en su sitio Joomla. Utilice la pr\u00e1ctica demostraci\u00f3n de Elfsight y cree su magn\u00edfica extensi\u00f3n en solo un par de minutos\" \/>\n<meta property=\"og:url\" content=\"https:\/\/elfsight.com\/es\/restaurant-menu-widget\/joomla\/\" \/>\n<meta property=\"og:site_name\" content=\"Elfsight ES\" \/>\n<meta property=\"article:modified_time\" content=\"2025-02-06T15:36:56+00:00\" \/>\n<meta name=\"twitter:card\" content=\"summary_large_image\" \/>\n<meta name=\"twitter:label1\" content=\"Tiempo de lectura\" \/>\n\t<meta name=\"twitter:data1\" content=\"4 minutos\" \/>\n<!-- \/ Yoast SEO plugin. -->","yoast_head_json":{"title":"Men\u00fa de restaurante para el sitio web Joomla: elegante y gratuito","description":"Agregue un men\u00fa de restaurante f\u00e1cil de administrar en su sitio Joomla. Utilice la pr\u00e1ctica demostraci\u00f3n de Elfsight y cree su magn\u00edfica extensi\u00f3n en solo un par de minutos","robots":{"index":"index","follow":"follow","max-snippet":"max-snippet:-1","max-image-preview":"max-image-preview:large","max-video-preview":"max-video-preview:-1"},"canonical":"https:\/\/elfsight.com\/es\/restaurant-menu-widget\/joomla\/","og_locale":"es_ES","og_type":"article","og_title":"Men\u00fa de restaurante para el sitio web Joomla: elegante y gratuito","og_description":"Agregue un men\u00fa de restaurante f\u00e1cil de administrar en su sitio Joomla. Utilice la pr\u00e1ctica demostraci\u00f3n de Elfsight y cree su magn\u00edfica extensi\u00f3n en solo un par de minutos","og_url":"https:\/\/elfsight.com\/es\/restaurant-menu-widget\/joomla\/","og_site_name":"Elfsight ES","article_modified_time":"2025-02-06T15:36:56+00:00","twitter_card":"summary_large_image","twitter_misc":{"Tiempo de lectura":"4 minutos"},"schema":{"@context":"https:\/\/schema.org","@graph":[{"@type":"WebPage","@id":"https:\/\/elfsight.com\/es\/restaurant-menu-widget\/joomla\/","url":"https:\/\/elfsight.com\/es\/restaurant-menu-widget\/joomla\/","name":"Men\u00fa de restaurante para el sitio web Joomla: elegante y gratuito","isPartOf":{"@id":"https:\/\/elfsight.com\/es\/#website"},"datePublished":"1970-01-01T00:00:00+00:00","dateModified":"2025-02-06T15:36:56+00:00","description":"Agregue un men\u00fa de restaurante f\u00e1cil de administrar en su sitio Joomla. Utilice la pr\u00e1ctica demostraci\u00f3n de Elfsight y cree su magn\u00edfica extensi\u00f3n en solo un par de minutos","breadcrumb":{"@id":"https:\/\/elfsight.com\/es\/restaurant-menu-widget\/joomla\/#breadcrumb"},"inLanguage":"es","potentialAction":[{"@type":"ReadAction","target":["https:\/\/elfsight.com\/es\/restaurant-menu-widget\/joomla\/"]}]},{"@type":"BreadcrumbList","@id":"https:\/\/elfsight.com\/es\/restaurant-menu-widget\/joomla\/#breadcrumb","itemListElement":[{"@type":"ListItem","position":1,"name":"Home","item":"https:\/\/elfsight.com\/es\/"},{"@type":"ListItem","position":2,"name":"Restaurant Menu","item":"https:\/\/elfsight.com\/es\/restaurant-menu-widget\/"},{"@type":"ListItem","position":3,"name":"Restaurant Menu &#8211; Joomla"}]},{"@type":"WebSite","@id":"https:\/\/elfsight.com\/es\/#website","url":"https:\/\/elfsight.com\/es\/","name":"Elfsight ES","description":"Just another Elfsight Sites site","potentialAction":[{"@type":"SearchAction","target":{"@type":"EntryPoint","urlTemplate":"https:\/\/elfsight.com\/es\/?s={search_term_string}"},"query-input":{"@type":"PropertyValueSpecification","valueRequired":true,"valueName":"search_term_string"}}],"inLanguage":"es"}]}},"meta_box":{"industry":"","seo_heading":"","heading":"","description":"","cta_heading":"","cta_description":"","application":"585","h1":"Extensi\u00f3n del men\u00fa del restaurante Joomla","h1_caption":"Muestre el men\u00fa de su restaurante en un formato visualmente atractivo, f\u00e1cil de actualizar y f\u00e1cil de usar en su sitio web Joomla sin esfuerzo.","application_category":[],"applications_title":"","applications_request_title":"","applications_request_button_text":"","hero_text":"","hero_video":"","hero_video_schema_markup":"","selling_points_title":"","selling_points_caption":"","selling_points":[],"selling_points_cta_text":"","features_title":"","features":"","ed_cta_examples_text":"","ed_cta_examples_hidden":"","ed_cta_demo_text":"","ed_cta_demo_hidden":"","why_caption":"","why_editor_title":"","why_editor_text":"","why_team_title":"","why_team_text":"","why_service_title":"","why_service_text":"","template_catalog_visible":"","template_catalog_title":"","template_catalog_text":"","template_catalog_categories_visible":"","demo_title":"Crea el complemento de men\u00fa de tu restaurante","demo_caption":"\u00a1Configura el men\u00fa de tu restaurante y agr\u00e9galo a tu sitio web Joomla gratis!","default_faq_hidden":"","app_template_category":[],"platform":"73","template_public_id":"","codecanyon_url":"","codecanyon_item_id":"","codecanyon_price":"","pricing_caption":"","pricing_elfsight_apps_hide_column":"","pricing_elfsight_apps_url":"","pricing_codecanyon_price_caption":"","integration_category":[],"integration_request_title":"","integration_request_cta":"","integration_platform":"","integrations":[],"platform_category":[],"video_schema_markup":"","price":"desde $0 \/ mes","trial":"","benefits":[{"text":"Asistencia de instalaci\u00f3n gratuita"},{"text":"Atenci\u00f3n al cliente experimentada"},{"text":"Garant\u00eda de reembolso de 14 d\u00edas"},{"text":"Mejoras continuas"}],"button_url":"#demo","button_target_blank":"","button_nofollow":"","attributes":[{"name":"Instalaciones","content":"10,000 - 100,000"},{"name":"Sensible","content":"S\u00ed"},{"name":"Navegadores compatibles","content":"Firefox, Safari, Opera, Chrome, Edge"}],"tags":[],"tags_disable_links":"","hide_more_platforms":"","video_object":"","demo_hide_cta":"","demo_hide_cloud_options":"","pricing_title":"","pricing":[{"pricing_icon":"platform","pricing_title":"Elfsight Apps","pricing_title_caption":"Soluci\u00f3n multiplataforma que funciona en cualquier sitio web","pricing_price":"desde $0 \/ mes","pricing_price_caption":"comienza con el plan gratuito","pricing_benefits":[{"text":"Dominios ilimitados"},{"text":"Atenci\u00f3n al cliente gratuita"},{"text":"Soporte de instalaci\u00f3n gratuito"},{"text":"Oferta especial para m\u00faltiples aplicaciones"}],"pricing_button_text":"A\u00f1adir al sitio web","pricing_button_url":"#demo"}],"related_apps_title":"","related_apps_hidden":"","author":"","image":[],"title":"","job":"","social_networks":[]},"_links":{"self":[{"href":"https:\/\/elfsight.com\/es\/wp-json\/wp\/v2\/pages\/8490","targetHints":{"allow":["GET"]}}],"collection":[{"href":"https:\/\/elfsight.com\/es\/wp-json\/wp\/v2\/pages"}],"about":[{"href":"https:\/\/elfsight.com\/es\/wp-json\/wp\/v2\/types\/page"}],"author":[{"embeddable":true,"href":"https:\/\/elfsight.com\/es\/wp-json\/wp\/v2\/users\/9"}],"replies":[{"embeddable":true,"href":"https:\/\/elfsight.com\/es\/wp-json\/wp\/v2\/comments?post=8490"}],"version-history":[{"count":2,"href":"https:\/\/elfsight.com\/es\/wp-json\/wp\/v2\/pages\/8490\/revisions"}],"predecessor-version":[{"id":18520,"href":"https:\/\/elfsight.com\/es\/wp-json\/wp\/v2\/pages\/8490\/revisions\/18520"}],"up":[{"embeddable":true,"href":"https:\/\/elfsight.com\/es\/wp-json\/wp\/v2\/pages\/586"}],"wp:attachment":[{"href":"https:\/\/elfsight.com\/es\/wp-json\/wp\/v2\/media?parent=8490"}],"curies":[{"name":"wp","href":"https:\/\/api.w.org\/{rel}","templated":true}]}}