{"id":8485,"date":"1970-01-01T00:00:00","date_gmt":"1970-01-01T00:00:00","guid":{"rendered":"https:\/\/elfsight.com\/es\/?page_id=8485"},"modified":"2025-02-06T15:36:56","modified_gmt":"2025-02-06T15:36:56","slug":"jimdo","status":"publish","type":"page","link":"https:\/\/elfsight.com\/es\/restaurant-menu-widget\/jimdo\/","title":{"rendered":"Restaurant Menu &#8211; Jimdo"},"content":{"rendered":"<div class=\"application-platform-content-item-description application-platform-content-item\" id=\"description\" data-nav-section=\"description\"><h2>Descripci\u00f3n<\/h2> <p>El men\u00fa del restaurante Elfsight es un instrumento conveniente para mostrar su variedad de art\u00edculos directamente en su p\u00e1gina. Es una excelente manera de informarles a sus clientes potenciales sobre sus ofertas especiales, representar caracter\u00edsticas \u00fanicas y modelarlas con atractivas fotograf\u00edas de comidas. El men\u00fa del restaurante es bastante personalizable. Con ella podr\u00e1s crear una cantidad ilimitada de men\u00fas con una gran cantidad de elementos. O simplemente presente una lista concisa de los platos que sirve. Seleccione un esquema claro y oscuro o ajuste los elementos que desee, volviendo a colorear todos los elementos. Adem\u00e1s, su men\u00fa siempre puede permanecer actualizado: puede corregir precios, una lista de art\u00edculos, agregar nuevos platos o incluso men\u00fas con un solo clic. No m\u00e1s men\u00fas est\u00e1ticos que deber\u00edas crear desde el principio. Simplemente comience a crear su fascinante men\u00fa ahora mismo. <\/p><p><b>\u00a1Prueba utilizar Restaurant Menu para afrontar los retos de tu negocio con menos esfuerzo! <\/b><br><\/div> <div class=\"application-platform-content-item-features application-platform-content-item\" id=\"features\" data-nav-section=\"features\"> <h2>Consulta la lista de las funciones m\u00e1s \u00fatiles: <\/h2> <ul><li>N\u00famero ilimitado de secciones, elementos o men\u00fas<\/li><li>Men\u00fa siempre actualizado y f\u00e1cil de cambiar<\/li><li>Agrega t\u00edtulos, subt\u00edtulos y texto de pie de p\u00e1gina<\/li><li>Mostrar descripci\u00f3n detallada de los elementos incluyendo insignias e informaci\u00f3n nutricional<\/li><li>Sube tus propias im\u00e1genes para los art\u00edculos<\/li><li>Actualiza toda la informaci\u00f3n en cualquier momento que necesites: precios, ofertas especiales de temporada, etc. <\/li><li>Ajusta el modo emergente y selecciona qu\u00e9 funciones mostrar<\/li><\/ul><p><a href=\"#demo\">Puedes explorar la funcionalidad completa del widget en la demostraci\u00f3n ahora mismo<\/a><\/p> <\/div> <div class=\"application-platform-content-item-installation application-platform-content-item\" id=\"installation\" data-nav-section=\"installation\"> <h2>\u00bfC\u00f3mo agrego el men\u00fa del restaurante a mi p\u00e1gina web de Jimdo? <\/h2> <p>Simplemente siga las instrucciones a continuaci\u00f3n para integrar la herramienta. <\/p> <ol><li><b>Inicie nuestro editor gratuito y comience a formar su instrumento \u00fanico. <\/b><br> Determine la interfaz y las opciones preferibles del widget y aplique las correcciones. <\/li> <li><b>Copia tu c\u00f3digo \u00fanico que aparece en el cuadro de Elfsight Apps. <\/b><br> Inmediatamente despu\u00e9s de finalizar la configuraci\u00f3n de su widget personal, copie el c\u00f3digo personal en el cuadro y gu\u00e1rdelo para usarlo m\u00e1s adelante. <\/li> <li><b>Empieza a utilizar la herramienta en tu sitio web Jimdo. <\/b><br> A\u00f1ade el c\u00f3digo que has guardado recientemente en tu sitio web y guarda las correcciones. <\/li> <li><b>\u00a1Listo! La incrustaci\u00f3n ha finalizado por completo. <\/b><br>Vaya a su sitio para ver el funcionamiento del widget. <\/li><\/ol> <p>Si encuentra alguna dificultad, no dude en apelar a nuestro personal de soporte. Nuestros especialistas estar\u00e1n encantados de ayudarle con todas las dificultades que pueda tener con el widget. <\/p> <div class=\"faq\" data-component=\"FAQ\"><div class=\"faq-item\">\r\n\t\t\t\t\t<div class=\"faq-item-question\">\r\n\t\t\t\t\t\t<h3 class=\"faq-item-question-text\">\u00bfDe qu\u00e9 manera es posible agregar un men\u00fa de restaurante a mi sitio web Jimdo sin conocimientos de codificaci\u00f3n?<\/h3>\r\n\r\n\t\t\t\t\t\t<div class=\"faq-item-question-icon\"><\/div>\r\n\t\t\t\t\t<\/div>\r\n\r\n\t\t\t\t\t<div class=\"faq-item-answer\">\r\n\t\t\t\t\t\t<div class=\"faq-item-answer-text\"> <p>Elfsight ofrece una soluci\u00f3n que permite a los usuarios crear una secci\u00f3n de men\u00fa de restaurante usted mismo. Mire la gu\u00eda sencilla: vaya a la demostraci\u00f3n en vivo para crear un complemento de men\u00fa de restaurante que le gustar\u00eda ver en su sitio web Jimdo. Elija una de las muchas plantillas ya preparadas y ajuste la configuraci\u00f3n del men\u00fa del restaurante, actualice su contenido, cambie el dise\u00f1o y la combinaci\u00f3n de colores sin ning\u00fan tipo de codificaci\u00f3n. Haz clic para guardar la configuraci\u00f3n que has realizado en el men\u00fa del restaurante y copia el c\u00f3digo del complemento para incrustarlo, que puedes simplemente incluir en el sitio web de Jimdo de forma gratuita. Trabajando en el sencillo Editor, cada usuario web puede crear una secci\u00f3n de Men\u00fa de restaurante en l\u00ednea e incluirla f\u00e1cilmente en el sitio web de Jimdo. No debe pagar ni revelar los datos de su tarjeta para poder acceder a nuestro servicio. Si tiene alg\u00fan problema en alg\u00fan paso, no dude en ponerse en contacto con nuestro equipo de soporte t\u00e9cnico.<\/p> <\/div>\r\n\t\t\t\t\t<\/div>\r\n\t\t\t\t<\/div> <\/div><\/div>","protected":false},"excerpt":{"rendered":"","protected":false},"author":9,"featured_media":0,"parent":586,"menu_order":0,"comment_status":"closed","ping_status":"closed","template":"templates\/template-application-platform.php","meta":{"publish_to_discourse":"","publish_post_category":"","wpdc_auto_publish_overridden":"","wpdc_topic_tags":"","wpdc_pin_topic":"","wpdc_pin_until":"","discourse_post_id":"","discourse_permalink":"","wpdc_publishing_response":"","wpdc_publishing_error":"","footnotes":""},"class_list":["post-8485","page","type-page","status-publish","hentry"],"yoast_head":"<!-- This site is optimized with the Yoast SEO plugin v25.3.1 - https:\/\/yoast.com\/wordpress\/plugins\/seo\/ -->\n<title>Men\u00fa de restaurante para sitios web Jimdo: r\u00e1pido y gratuito<\/title>\n<meta name=\"description\" content=\"Inserta un widget de men\u00fa de restaurante compatible con dispositivos m\u00f3viles en tu p\u00e1gina web de Jimdo. Pruebe la demostraci\u00f3n de Elfsight y modifique su widget en tan solo unos segundos\" \/>\n<meta name=\"robots\" content=\"index, follow, max-snippet:-1, max-image-preview:large, max-video-preview:-1\" \/>\n<link rel=\"canonical\" href=\"https:\/\/elfsight.com\/es\/restaurant-menu-widget\/jimdo\/\" \/>\n<meta property=\"og:locale\" content=\"es_ES\" \/>\n<meta property=\"og:type\" content=\"article\" \/>\n<meta property=\"og:title\" content=\"Men\u00fa de restaurante para sitios web Jimdo: r\u00e1pido y gratuito\" \/>\n<meta property=\"og:description\" content=\"Inserta un widget de men\u00fa de restaurante compatible con dispositivos m\u00f3viles en tu p\u00e1gina web de Jimdo. Pruebe la demostraci\u00f3n de Elfsight y modifique su widget en tan solo unos segundos\" \/>\n<meta property=\"og:url\" content=\"https:\/\/elfsight.com\/es\/restaurant-menu-widget\/jimdo\/\" \/>\n<meta property=\"og:site_name\" content=\"Elfsight ES\" \/>\n<meta property=\"article:modified_time\" content=\"2025-02-06T15:36:56+00:00\" \/>\n<meta name=\"twitter:card\" content=\"summary_large_image\" \/>\n<meta name=\"twitter:label1\" content=\"Tiempo de lectura\" \/>\n\t<meta name=\"twitter:data1\" content=\"3 minutos\" \/>\n<!-- \/ Yoast SEO plugin. -->","yoast_head_json":{"title":"Men\u00fa de restaurante para sitios web Jimdo: r\u00e1pido y gratuito","description":"Inserta un widget de men\u00fa de restaurante compatible con dispositivos m\u00f3viles en tu p\u00e1gina web de Jimdo. Pruebe la demostraci\u00f3n de Elfsight y modifique su widget en tan solo unos segundos","robots":{"index":"index","follow":"follow","max-snippet":"max-snippet:-1","max-image-preview":"max-image-preview:large","max-video-preview":"max-video-preview:-1"},"canonical":"https:\/\/elfsight.com\/es\/restaurant-menu-widget\/jimdo\/","og_locale":"es_ES","og_type":"article","og_title":"Men\u00fa de restaurante para sitios web Jimdo: r\u00e1pido y gratuito","og_description":"Inserta un widget de men\u00fa de restaurante compatible con dispositivos m\u00f3viles en tu p\u00e1gina web de Jimdo. Pruebe la demostraci\u00f3n de Elfsight y modifique su widget en tan solo unos segundos","og_url":"https:\/\/elfsight.com\/es\/restaurant-menu-widget\/jimdo\/","og_site_name":"Elfsight ES","article_modified_time":"2025-02-06T15:36:56+00:00","twitter_card":"summary_large_image","twitter_misc":{"Tiempo de lectura":"3 minutos"},"schema":{"@context":"https:\/\/schema.org","@graph":[{"@type":"WebPage","@id":"https:\/\/elfsight.com\/es\/restaurant-menu-widget\/jimdo\/","url":"https:\/\/elfsight.com\/es\/restaurant-menu-widget\/jimdo\/","name":"Men\u00fa de restaurante para sitios web Jimdo: r\u00e1pido y gratuito","isPartOf":{"@id":"https:\/\/elfsight.com\/es\/#website"},"datePublished":"1970-01-01T00:00:00+00:00","dateModified":"2025-02-06T15:36:56+00:00","description":"Inserta un widget de men\u00fa de restaurante compatible con dispositivos m\u00f3viles en tu p\u00e1gina web de Jimdo. Pruebe la demostraci\u00f3n de Elfsight y modifique su widget en tan solo unos segundos","breadcrumb":{"@id":"https:\/\/elfsight.com\/es\/restaurant-menu-widget\/jimdo\/#breadcrumb"},"inLanguage":"es","potentialAction":[{"@type":"ReadAction","target":["https:\/\/elfsight.com\/es\/restaurant-menu-widget\/jimdo\/"]}]},{"@type":"BreadcrumbList","@id":"https:\/\/elfsight.com\/es\/restaurant-menu-widget\/jimdo\/#breadcrumb","itemListElement":[{"@type":"ListItem","position":1,"name":"Home","item":"https:\/\/elfsight.com\/es\/"},{"@type":"ListItem","position":2,"name":"Restaurant Menu","item":"https:\/\/elfsight.com\/es\/restaurant-menu-widget\/"},{"@type":"ListItem","position":3,"name":"Restaurant Menu &#8211; Jimdo"}]},{"@type":"WebSite","@id":"https:\/\/elfsight.com\/es\/#website","url":"https:\/\/elfsight.com\/es\/","name":"Elfsight ES","description":"Just another Elfsight Sites site","potentialAction":[{"@type":"SearchAction","target":{"@type":"EntryPoint","urlTemplate":"https:\/\/elfsight.com\/es\/?s={search_term_string}"},"query-input":{"@type":"PropertyValueSpecification","valueRequired":true,"valueName":"search_term_string"}}],"inLanguage":"es"}]}},"meta_box":{"industry":"","seo_heading":"","heading":"","description":"","cta_heading":"","cta_description":"","application":"585","h1":"Widget de men\u00fa de restaurante Jimdo","h1_caption":"Muestra el men\u00fa de tu restaurante en un formato visualmente atractivo, f\u00e1cil de actualizar y f\u00e1cil de usar en tu sitio web Jimdo.","application_category":[],"applications_title":"","applications_request_title":"","applications_request_button_text":"","hero_text":"","hero_video":"","hero_video_schema_markup":"","selling_points_title":"","selling_points_caption":"","selling_points":[],"selling_points_cta_text":"","features_title":"","features":"","ed_cta_examples_text":"","ed_cta_examples_hidden":"","ed_cta_demo_text":"","ed_cta_demo_hidden":"","why_caption":"","why_editor_title":"","why_editor_text":"","why_team_title":"","why_team_text":"","why_service_title":"","why_service_text":"","template_catalog_visible":"","template_catalog_title":"","template_catalog_text":"","template_catalog_categories_visible":"","demo_title":"Crea el widget de men\u00fa de tu restaurante","demo_caption":"\u00a1Configura tu Men\u00fa de Restaurante y a\u00f1\u00e1delo a tu sitio web Jimdo gratis!","default_faq_hidden":"","app_template_category":[],"platform":"2198","template_public_id":"","codecanyon_url":"","codecanyon_item_id":"","codecanyon_price":"","pricing_caption":"","pricing_elfsight_apps_hide_column":"","pricing_elfsight_apps_url":"","pricing_codecanyon_price_caption":"","integration_category":[],"integration_request_title":"","integration_request_cta":"","integration_platform":"","integrations":[],"platform_category":[],"video_schema_markup":"","price":"desde $0 \/ mes","trial":"","benefits":[{"text":"Ayuda de instalaci\u00f3n gratuita"},{"text":"Servicio al cliente eficaz"},{"text":"Garant\u00eda de reembolso de 14 d\u00edas"},{"text":"Actualizando constantemente"}],"button_url":"#demo","button_target_blank":"","button_nofollow":"","attributes":[{"name":"Instalaciones","content":"10,000 - 100,000"},{"name":"Sensible","content":"S\u00ed"},{"name":"Navegadores compatibles","content":"Firefox, Safari, Opera, Chrome, Edge"}],"tags":[],"tags_disable_links":"","hide_more_platforms":"","video_object":"","demo_hide_cta":"","demo_hide_cloud_options":"","pricing_title":"","pricing":[{"pricing_icon":"platform","pricing_title":"Elfsight Apps","pricing_title_caption":"Software independiente de la plataforma","pricing_price":"desde $0 \/ mes","pricing_price_caption":"comienza con un plan gratuito","pricing_benefits":[{"text":"Dominios ilimitados"},{"text":"Soporte premium"},{"text":"Asistencia de instalaci\u00f3n gratuita"},{"text":"Totalmente personalizable"}],"pricing_button_text":"A\u00f1adir al sitio web","pricing_button_url":"#demo"}],"related_apps_title":"","related_apps_hidden":"","author":"","image":[],"title":"","job":"","social_networks":[]},"_links":{"self":[{"href":"https:\/\/elfsight.com\/es\/wp-json\/wp\/v2\/pages\/8485","targetHints":{"allow":["GET"]}}],"collection":[{"href":"https:\/\/elfsight.com\/es\/wp-json\/wp\/v2\/pages"}],"about":[{"href":"https:\/\/elfsight.com\/es\/wp-json\/wp\/v2\/types\/page"}],"author":[{"embeddable":true,"href":"https:\/\/elfsight.com\/es\/wp-json\/wp\/v2\/users\/9"}],"replies":[{"embeddable":true,"href":"https:\/\/elfsight.com\/es\/wp-json\/wp\/v2\/comments?post=8485"}],"version-history":[{"count":2,"href":"https:\/\/elfsight.com\/es\/wp-json\/wp\/v2\/pages\/8485\/revisions"}],"predecessor-version":[{"id":18521,"href":"https:\/\/elfsight.com\/es\/wp-json\/wp\/v2\/pages\/8485\/revisions\/18521"}],"up":[{"embeddable":true,"href":"https:\/\/elfsight.com\/es\/wp-json\/wp\/v2\/pages\/586"}],"wp:attachment":[{"href":"https:\/\/elfsight.com\/es\/wp-json\/wp\/v2\/media?parent=8485"}],"curies":[{"name":"wp","href":"https:\/\/api.w.org\/{rel}","templated":true}]}}