{"id":8484,"date":"1970-01-01T00:00:00","date_gmt":"1970-01-01T00:00:00","guid":{"rendered":"https:\/\/elfsight.com\/es\/?page_id=8484"},"modified":"2025-02-06T15:37:04","modified_gmt":"2025-02-06T15:37:04","slug":"iframe","status":"publish","type":"page","link":"https:\/\/elfsight.com\/es\/restaurant-menu-widget\/iframe\/","title":{"rendered":"Restaurant Menu &#8211; iFrame"},"content":{"rendered":"<div class=\"application-platform-content-item-description application-platform-content-item\" id=\"description\" data-nav-section=\"description\"> <h2>Incrustar el men\u00fa del restaurante en iFrame con el widget de Elfsight<\/h2><p>El men\u00fa del restaurante es una manera f\u00e1cil de familiarizar a sus clientes potenciales con su cocina, se\u00f1alar un concepto excepcional y captar su atenci\u00f3n con im\u00e1genes magn\u00e9ticas de comida. El widget es muy f\u00e1cil de usar. Puede crear una cantidad ilimitada de p\u00e1ginas de men\u00fa con una gran cantidad de elementos o simplemente realizar una lista concisa de las especialidades que sirve. Establezca un esquema claro y oscuro o ajuste cualquier elemento que desee, volviendo a pintar todos los colores de acento. No m\u00e1s archivos PDF que tengas que crear desde el principio. Corrija la informaci\u00f3n en su men\u00fa cuando lo desee: precios, art\u00edculos, agregue nuevos platos o incluso men\u00fas en cuesti\u00f3n de segundos. \u00a1Crea tu mejor men\u00fa ahora! <\/p><p><b>Inicie el Men\u00fa del Restaurante para alcanzar sus objetivos comerciales m\u00e1s f\u00e1cilmente. Al tener el men\u00fa en su sitio web, su restaurante puede invitar a m\u00e1s visitantes y lograr un fuerte desarrollo comercial. <\/b><\/p><\/div> <div class=\"application-platform-content-item-features application-platform-content-item\" id=\"features\" data-nav-section=\"features\"> <h2>Estas son solo algunas de las caracter\u00edsticas m\u00e1s sorprendentes del widget: <\/h2> <ul><li>F\u00e1cil de administrar incluso para usuarios sin conocimientos t\u00e9cnicos <\/li><li>Cantidad ilimitada de men\u00fas, secciones o elementos, clasificados con dise\u00f1os de pesta\u00f1as, listas o mamposter\u00eda <\/li><li>Men\u00fa y todos sus componentes f\u00e1ciles de actualizar en cualquier momento que desee: descuentos, ofertas especiales de temporada, etc. <\/li><li> Escriba caracter\u00edsticas detalladas de los art\u00edculos, incluso \u00edconos, informaci\u00f3n nutricional e insignias <\/li><li>Suba fotos deliciosas de los art\u00edculos e incluso pres\u00e9ntelas en modo emergente <\/li><li>Personalice y vuelva a pintar cualquier elemento: texto, combinaci\u00f3n de colores e \u00edconos <\/li><\/ul><p><a href=\"#demo\">Simplemente consulte esta demostraci\u00f3n para ver cu\u00e1nto vale el widget<\/a><\/p> <\/div> <div class=\"application-platform-content-item-installation application-platform-content-item\" id=\"installation\" data-nav-section=\"installation\"> <h2>\u00bfC\u00f3mo puedo insertar el men\u00fa del restaurante en mi sitio iFrame? <\/h2> <p>Simplemente siga los pasos que se describen a continuaci\u00f3n para insertar el widget: <\/p> <ol><li><b>Realice nuestro configurador gratuito y comience a crear su widget personalizado. <\/b><br> Determine la interfaz y las opciones preferibles de la herramienta y guarde las correcciones. <\/li> <li><b>Copie el c\u00f3digo individual expuesto en la ventana de Elfsight Apps. <\/b><br> Inmediatamente despu\u00e9s de completar la configuraci\u00f3n de su herramienta, copie el c\u00f3digo exclusivo en el cuadro que aparece y gu\u00e1rdelo para ocasiones posteriores. <\/li> <li><b>Comience a utilizar el widget en su sitio web iFrame. <\/b><br>Coloca el c\u00f3digo que has guardado recientemente en tu p\u00e1gina de inicio y guarda las modificaciones. <\/li> <li><b>\u00a1Ya terminaste! La integraci\u00f3n se realiza con \u00e9xito. <\/b><br>Visite su p\u00e1gina para observar c\u00f3mo funciona el complemento. <\/li><\/ol> <p>Si tiene alguna pregunta o tiene alguna dificultad, comun\u00edquese con nuestro personal de servicio al cliente. Nuestros asesores estar\u00e1n encantados de resolver todos los problemas que puedas tener con el widget. <\/p> <div class=\"faq\" data-component=\"FAQ\"><div class=\"faq-item\">\r\n\t\t\t\t\t<div class=\"faq-item-question\">\r\n\t\t\t\t\t\t<h3 class=\"faq-item-question-text\">\u00bfExiste alg\u00fan m\u00e9todo para incrustar el men\u00fa del restaurante en mi p\u00e1gina de inicio de iFrame sin conocimientos de codificaci\u00f3n?<\/h3>\r\n\r\n\t\t\t\t\t\t<div class=\"faq-item-question-icon\"><\/div>\r\n\t\t\t\t\t<\/div>\r\n\r\n\t\t\t\t\t<div class=\"faq-item-answer\">\r\n\t\t\t\t\t\t<div class=\"faq-item-answer-text\"> <p>La empresa Elfsight proporciona una soluci\u00f3n en la nube que le permite establecer un complemento del men\u00fa del restaurante usted mismo. Descubra lo sencillo que es el proceso: vaya a la demostraci\u00f3n en l\u00ednea para crear un widget de men\u00fa del restaurante que le gustar\u00eda integrar en su p\u00e1gina web iFrame. Elija una de las muchas plantillas predise\u00f1adas y modifique la configuraci\u00f3n del men\u00fa del restaurante, cambie el dise\u00f1o y los colores y actualice su contenido, sin ning\u00fan tipo de codificaci\u00f3n. Haga clic para guardar la configuraci\u00f3n que realiz\u00f3 en el Men\u00fa del restaurante y obtenga el c\u00f3digo para incrustar, que puede pegarse sin esfuerzo en su sitio iFrame de forma gratuita. Usando nuestro editor intuitivo, cada usuario web puede generar una aplicaci\u00f3n de men\u00fa de restaurante y simplemente incrustarla en su sitio web iFrame. No es necesario pagar ni revelar los datos de su tarjeta para acceder a nuestro Editor. Si tiene alg\u00fan problema de cualquier tipo, no dude en comunicarse con nuestro personal de soporte t\u00e9cnico.<\/p> <\/div>\r\n\t\t\t\t\t<\/div>\r\n\t\t\t\t<\/div> <\/div><\/div>","protected":false},"excerpt":{"rendered":"","protected":false},"author":9,"featured_media":0,"parent":586,"menu_order":0,"comment_status":"closed","ping_status":"closed","template":"templates\/template-application-platform.php","meta":{"publish_to_discourse":"","publish_post_category":"","wpdc_auto_publish_overridden":"","wpdc_topic_tags":"","wpdc_pin_topic":"","wpdc_pin_until":"","discourse_post_id":"","discourse_permalink":"","wpdc_publishing_response":"","wpdc_publishing_error":"","footnotes":""},"class_list":["post-8484","page","type-page","status-publish","hentry"],"yoast_head":"<!-- This site is optimized with the Yoast SEO plugin v25.3.1 - https:\/\/yoast.com\/wordpress\/plugins\/seo\/ -->\n<title>Men\u00fa de restaurante para sitios web iFrame: elegante y gratuito<\/title>\n<meta name=\"description\" content=\"Inserte un men\u00fa de restaurante f\u00e1cil de usar en su p\u00e1gina web iFrame. Utilice la pr\u00e1ctica demostraci\u00f3n de Elfsight y modifique su widget exclusivo con solo un par de clics\" \/>\n<meta name=\"robots\" content=\"index, follow, max-snippet:-1, max-image-preview:large, max-video-preview:-1\" \/>\n<link rel=\"canonical\" href=\"https:\/\/elfsight.com\/es\/restaurant-menu-widget\/iframe\/\" \/>\n<meta property=\"og:locale\" content=\"es_ES\" \/>\n<meta property=\"og:type\" content=\"article\" \/>\n<meta property=\"og:title\" content=\"Men\u00fa de restaurante para sitios web iFrame: elegante y gratuito\" \/>\n<meta property=\"og:description\" content=\"Inserte un men\u00fa de restaurante f\u00e1cil de usar en su p\u00e1gina web iFrame. Utilice la pr\u00e1ctica demostraci\u00f3n de Elfsight y modifique su widget exclusivo con solo un par de clics\" \/>\n<meta property=\"og:url\" content=\"https:\/\/elfsight.com\/es\/restaurant-menu-widget\/iframe\/\" \/>\n<meta property=\"og:site_name\" content=\"Elfsight ES\" \/>\n<meta property=\"article:modified_time\" content=\"2025-02-06T15:37:04+00:00\" \/>\n<meta name=\"twitter:card\" content=\"summary_large_image\" \/>\n<meta name=\"twitter:label1\" content=\"Tiempo de lectura\" \/>\n\t<meta name=\"twitter:data1\" content=\"4 minutos\" \/>\n<!-- \/ Yoast SEO plugin. -->","yoast_head_json":{"title":"Men\u00fa de restaurante para sitios web iFrame: elegante y gratuito","description":"Inserte un men\u00fa de restaurante f\u00e1cil de usar en su p\u00e1gina web iFrame. Utilice la pr\u00e1ctica demostraci\u00f3n de Elfsight y modifique su widget exclusivo con solo un par de clics","robots":{"index":"index","follow":"follow","max-snippet":"max-snippet:-1","max-image-preview":"max-image-preview:large","max-video-preview":"max-video-preview:-1"},"canonical":"https:\/\/elfsight.com\/es\/restaurant-menu-widget\/iframe\/","og_locale":"es_ES","og_type":"article","og_title":"Men\u00fa de restaurante para sitios web iFrame: elegante y gratuito","og_description":"Inserte un men\u00fa de restaurante f\u00e1cil de usar en su p\u00e1gina web iFrame. Utilice la pr\u00e1ctica demostraci\u00f3n de Elfsight y modifique su widget exclusivo con solo un par de clics","og_url":"https:\/\/elfsight.com\/es\/restaurant-menu-widget\/iframe\/","og_site_name":"Elfsight ES","article_modified_time":"2025-02-06T15:37:04+00:00","twitter_card":"summary_large_image","twitter_misc":{"Tiempo de lectura":"4 minutos"},"schema":{"@context":"https:\/\/schema.org","@graph":[{"@type":"WebPage","@id":"https:\/\/elfsight.com\/es\/restaurant-menu-widget\/iframe\/","url":"https:\/\/elfsight.com\/es\/restaurant-menu-widget\/iframe\/","name":"Men\u00fa de restaurante para sitios web iFrame: elegante y gratuito","isPartOf":{"@id":"https:\/\/elfsight.com\/es\/#website"},"datePublished":"1970-01-01T00:00:00+00:00","dateModified":"2025-02-06T15:37:04+00:00","description":"Inserte un men\u00fa de restaurante f\u00e1cil de usar en su p\u00e1gina web iFrame. Utilice la pr\u00e1ctica demostraci\u00f3n de Elfsight y modifique su widget exclusivo con solo un par de clics","breadcrumb":{"@id":"https:\/\/elfsight.com\/es\/restaurant-menu-widget\/iframe\/#breadcrumb"},"inLanguage":"es","potentialAction":[{"@type":"ReadAction","target":["https:\/\/elfsight.com\/es\/restaurant-menu-widget\/iframe\/"]}]},{"@type":"BreadcrumbList","@id":"https:\/\/elfsight.com\/es\/restaurant-menu-widget\/iframe\/#breadcrumb","itemListElement":[{"@type":"ListItem","position":1,"name":"Home","item":"https:\/\/elfsight.com\/es\/"},{"@type":"ListItem","position":2,"name":"Restaurant Menu","item":"https:\/\/elfsight.com\/es\/restaurant-menu-widget\/"},{"@type":"ListItem","position":3,"name":"Restaurant Menu &#8211; iFrame"}]},{"@type":"WebSite","@id":"https:\/\/elfsight.com\/es\/#website","url":"https:\/\/elfsight.com\/es\/","name":"Elfsight ES","description":"Just another Elfsight Sites site","potentialAction":[{"@type":"SearchAction","target":{"@type":"EntryPoint","urlTemplate":"https:\/\/elfsight.com\/es\/?s={search_term_string}"},"query-input":{"@type":"PropertyValueSpecification","valueRequired":true,"valueName":"search_term_string"}}],"inLanguage":"es"}]}},"meta_box":{"industry":"","seo_heading":"","heading":"","description":"","cta_heading":"","cta_description":"","application":"585","h1":"Widget de men\u00fa de restaurante iFrame","h1_caption":"Muestre el men\u00fa de su restaurante en un formato visualmente atractivo, f\u00e1cil de actualizar y f\u00e1cil de usar en su sitio web iFrame sin esfuerzo.","application_category":[],"applications_title":"","applications_request_title":"","applications_request_button_text":"","hero_text":"","hero_video":"","hero_video_schema_markup":"","selling_points_title":"","selling_points_caption":"","selling_points":[],"selling_points_cta_text":"","features_title":"","features":"","ed_cta_examples_text":"","ed_cta_examples_hidden":"","ed_cta_demo_text":"","ed_cta_demo_hidden":"","why_caption":"","why_editor_title":"","why_editor_text":"","why_team_title":"","why_team_text":"","why_service_title":"","why_service_text":"","template_catalog_visible":"","template_catalog_title":"","template_catalog_text":"","template_catalog_categories_visible":"","demo_title":"Crea el widget de men\u00fa de tu restaurante","demo_caption":"\u00a1Configura el men\u00fa de tu restaurante y agr\u00e9galo a tu sitio web iFrame gratis!","default_faq_hidden":"","app_template_category":[],"platform":"2192","template_public_id":"","codecanyon_url":"","codecanyon_item_id":"","codecanyon_price":"","pricing_caption":"","pricing_elfsight_apps_hide_column":"","pricing_elfsight_apps_url":"","pricing_codecanyon_price_caption":"","integration_category":[],"integration_request_title":"","integration_request_cta":"","integration_platform":"","integrations":[],"platform_category":[],"video_schema_markup":"","price":"desde $0 \/ mes","trial":"","benefits":[{"text":"Ayuda de instalaci\u00f3n gratuita"},{"text":"Soporte excepcional"},{"text":"Garant\u00eda de reembolso de 14 d\u00edas"},{"text":"Actualizaciones de por vida"}],"button_url":"#demo","button_target_blank":"","button_nofollow":"","attributes":[{"name":"Instalaciones","content":"10,000 - 100,000"},{"name":"Sensible","content":"S\u00ed"},{"name":"Navegadores compatibles","content":"Firefox, Chrome, Safari, Edge, Opera"}],"tags":[],"tags_disable_links":"","hide_more_platforms":"","video_object":"","demo_hide_cta":"","demo_hide_cloud_options":"","pricing_title":"","pricing":[{"pricing_icon":"platform","pricing_title":"Elfsight Apps","pricing_title_caption":"Software independiente de la plataforma que funciona en cualquier sitio web","pricing_price":"desde $0 \/ mes","pricing_price_caption":"comienza con el plan gratuito","pricing_benefits":[{"text":"N\u00famero ilimitado de sitios web"},{"text":"Soporte profesional y puntual"},{"text":"Servicio de instalaci\u00f3n gratuito"},{"text":"Precio especial para m\u00faltiples aplicaciones"}],"pricing_button_text":"A\u00f1adir al sitio web","pricing_button_url":"#demo"}],"related_apps_title":"","related_apps_hidden":"","author":"","image":[],"title":"","job":"","social_networks":[]},"_links":{"self":[{"href":"https:\/\/elfsight.com\/es\/wp-json\/wp\/v2\/pages\/8484","targetHints":{"allow":["GET"]}}],"collection":[{"href":"https:\/\/elfsight.com\/es\/wp-json\/wp\/v2\/pages"}],"about":[{"href":"https:\/\/elfsight.com\/es\/wp-json\/wp\/v2\/types\/page"}],"author":[{"embeddable":true,"href":"https:\/\/elfsight.com\/es\/wp-json\/wp\/v2\/users\/9"}],"replies":[{"embeddable":true,"href":"https:\/\/elfsight.com\/es\/wp-json\/wp\/v2\/comments?post=8484"}],"version-history":[{"count":2,"href":"https:\/\/elfsight.com\/es\/wp-json\/wp\/v2\/pages\/8484\/revisions"}],"predecessor-version":[{"id":18522,"href":"https:\/\/elfsight.com\/es\/wp-json\/wp\/v2\/pages\/8484\/revisions\/18522"}],"up":[{"embeddable":true,"href":"https:\/\/elfsight.com\/es\/wp-json\/wp\/v2\/pages\/586"}],"wp:attachment":[{"href":"https:\/\/elfsight.com\/es\/wp-json\/wp\/v2\/media?parent=8484"}],"curies":[{"name":"wp","href":"https:\/\/api.w.org\/{rel}","templated":true}]}}