{"id":8477,"date":"1970-01-01T00:00:00","date_gmt":"1970-01-01T00:00:00","guid":{"rendered":"https:\/\/elfsight.com\/es\/?page_id=8477"},"modified":"2025-02-06T15:37:04","modified_gmt":"2025-02-06T15:37:04","slug":"godaddy","status":"publish","type":"page","link":"https:\/\/elfsight.com\/es\/restaurant-menu-widget\/godaddy\/","title":{"rendered":"Restaurant Menu &#8211; GoDaddy"},"content":{"rendered":"<div class=\"application-platform-content-item-description application-platform-content-item\" id=\"description\" data-nav-section=\"description\"> <h2>Incrustar el men\u00fa del restaurante en GoDaddy con el widget de Elfsight<\/h2><p>Elfsight Restaurant Menu es un complemento f\u00e1cil de administrar para GoDaddy para mostrar su diversidad de art\u00edculos directamente en su sitio. Es una manera f\u00e1cil de informar a sus visitantes sobre su cocina, representar un concepto \u00fanico y captar su atenci\u00f3n con tentadoras fotograf\u00edas de comidas. La aplicaci\u00f3n es absolutamente \u00fatil. Puedes crear una cantidad ilimitada de men\u00fas con una cantidad asombrosa de elementos. O simplemente cree una lista concisa de las especialidades que sirve. Si\u00e9ntete libre de elegir esquemas claros y oscuros o adaptar la configuraci\u00f3n que desees, cambiando todos los colores de acento. Adem\u00e1s, tu men\u00fa siempre puede estar actualizado: \u00a1puedes actualizar precios, una lista de art\u00edculos, agregar nuevas comidas o incluso men\u00fas en unos segundos! Se acabaron los men\u00fas listos para imprimir que tienes que crear desde el principio. Simplemente comienza a crear tu apetitoso men\u00fa en este momento.<\/p> <p><b>\u00a1Prueba Restaurant Menu para alcanzar tus picos de comercio electr\u00f3nico m\u00e1s r\u00e1pido! Con el men\u00fa en tu web tu establecimiento podr\u00e1 atraer m\u00e1s clientes potenciales y conseguir un fuerte crecimiento empresarial y aumentar las ventas. Intente utilizar el men\u00fa del restaurante de Elfsight. <\/b><\/p><\/div> <div class=\"application-platform-content-item-features application-platform-content-item\" id=\"features\" data-nav-section=\"features\"> <h2>Las caracter\u00edsticas fundamentales del complemento incluyen<\/h2> <ul><li>f\u00e1cil de usar incluso para usuarios no profesionales. <\/li><li>Cantidad infinita de men\u00fas, secciones o elementos, organizados con dise\u00f1os de pesta\u00f1as, listas o mamposter\u00eda. <\/li><li>Simplemente corrija el men\u00fa y todas sus configuraciones en cualquier momento que necesite: descuentos, platos y bebidas de temporada, etc. <\/li><li>Muestre una descripci\u00f3n extensa de los art\u00edculos, por ejemplo, \u00edconos, elementos nutricionales e insignias. <\/li><li>Agregue fotograf\u00edas apetitosas para los art\u00edculos e incluso mu\u00e9strelas en modo emergente. <\/li><li>Ajusta y cambia el color de cualquier elemento: texto, combinaci\u00f3n de colores e \u00edconos. <\/li><\/ul><p><a href=\"#demo\">Prueba esta demostraci\u00f3n para tener una idea completa<\/a><\/p> <\/div> <div class=\"application-platform-content-item-installation application-platform-content-item\" id=\"installation\" data-nav-section=\"installation\"> <h2>\u00bfC\u00f3mo puedo agregar el men\u00fa del restaurante a mi sitio web de GoDaddy? <\/h2> <p>Simplemente siga las pautas a continuaci\u00f3n para agregar la herramienta. <\/p> <ol><li><b>Inicie nuestra demostraci\u00f3n gratuita y comience a crear su complemento personalizado. <\/b><br> Especifique la forma y las caracter\u00edsticas deseadas del complemento y guarde las ediciones. <\/li> <li><b>Obtenga su c\u00f3digo individual que se muestra en el formulario especial en Elfsight Apps. <\/b><br> Tan pronto como finalice la creaci\u00f3n de su complemento, copie el c\u00f3digo personal de la ventana emergente que aparece y gu\u00e1rdelo para futuras necesidades. <\/li> <li><b>Comience a usar el complemento en la p\u00e1gina web de GoDaddy. <\/b><br> A\u00f1ade el c\u00f3digo que has guardado anteriormente en tu p\u00e1gina web y aplica los ajustes. <\/li> <li><b>La instalaci\u00f3n ha finalizado por completo. <\/b><br> Vaya a su p\u00e1gina para observar c\u00f3mo funciona el complemento. <\/li><\/ol> <p>Si experimenta algunas dificultades, no dude en ponerse en contacto con nuestro personal de atenci\u00f3n al cliente. Nuestros consultores est\u00e1n ansiosos por ayudarle con todas las dificultades que pueda tener con el complemento. <\/p> <div class=\"faq\" data-component=\"FAQ\"><div class=\"faq-item\">\r\n\t\t\t\t\t<div class=\"faq-item-question\">\r\n\t\t\t\t\t\t<h3 class=\"faq-item-question-text\">\u00bfC\u00f3mo agregar un men\u00fa de restaurante a mi sitio GoDaddy sin experiencia en codificaci\u00f3n?<\/h3>\r\n\r\n\t\t\t\t\t\t<div class=\"faq-item-question-icon\"><\/div>\r\n\t\t\t\t\t<\/div>\r\n\r\n\t\t\t\t\t<div class=\"faq-item-answer\">\r\n\t\t\t\t\t\t<div class=\"faq-item-answer-text\"> <p>Elfsight proporciona una soluci\u00f3n SaaS que permite a una amplia audiencia crear una aplicaci\u00f3n de men\u00fa de restaurante usted mismo. Descubra lo sencillo que es: vaya a la demostraci\u00f3n en vivo para crear un complemento de men\u00fa de restaurante que le gustar\u00eda agregar a su GoDaddy. Elija una de nuestras plantillas predise\u00f1adas y ajuste la configuraci\u00f3n del men\u00fa del restaurante, modifique el dise\u00f1o y el color de los elementos, incluido su contenido, sin ning\u00fan tipo de codificaci\u00f3n. Guarde el men\u00fa del restaurante y copie el c\u00f3digo de instalaci\u00f3n que se puede incluir f\u00e1cilmente en el sitio de GoDaddy sin necesidad de comprar un plan pago. Al trabajar en el sencillo Editor, cualquier usuario de Internet puede generar un widget de men\u00fa de restaurante y pegarlo en el sitio web de GoDaddy. No es necesario pagar ni enviar las credenciales de su tarjeta para ingresar al servicio. Si encuentra alg\u00fan problema en cualquier paso, no dude en ponerse en contacto con nuestro soporte t\u00e9cnico al cliente.<\/p> <\/div>\r\n\t\t\t\t\t<\/div>\r\n\t\t\t\t<\/div> <\/div><\/div>","protected":false},"excerpt":{"rendered":"","protected":false},"author":9,"featured_media":0,"parent":586,"menu_order":0,"comment_status":"closed","ping_status":"closed","template":"templates\/template-application-platform.php","meta":{"publish_to_discourse":"","publish_post_category":"","wpdc_auto_publish_overridden":"","wpdc_topic_tags":"","wpdc_pin_topic":"","wpdc_pin_until":"","discourse_post_id":"","discourse_permalink":"","wpdc_publishing_response":"","wpdc_publishing_error":"","footnotes":""},"class_list":["post-8477","page","type-page","status-publish","hentry"],"yoast_head":"<!-- This site is optimized with the Yoast SEO plugin v25.3.1 - https:\/\/yoast.com\/wordpress\/plugins\/seo\/ -->\n<title>Men\u00fa del restaurante: agregue el complemento Men\u00fa del restaurante al sitio web de GoDaddy.<\/title>\n<meta name=\"description\" content=\"Inserta un complemento de men\u00fa de restaurante responsivo en tu p\u00e1gina de GoDaddy. Utilice la pr\u00e1ctica demostraci\u00f3n de Elfsight y genere su complemento exclusivo\" \/>\n<meta name=\"robots\" content=\"index, follow, max-snippet:-1, max-image-preview:large, max-video-preview:-1\" \/>\n<link rel=\"canonical\" href=\"https:\/\/elfsight.com\/es\/restaurant-menu-widget\/godaddy\/\" \/>\n<meta property=\"og:locale\" content=\"es_ES\" \/>\n<meta property=\"og:type\" content=\"article\" \/>\n<meta property=\"og:title\" content=\"Men\u00fa del restaurante: agregue el complemento Men\u00fa del restaurante al sitio web de GoDaddy.\" \/>\n<meta property=\"og:description\" content=\"Inserta un complemento de men\u00fa de restaurante responsivo en tu p\u00e1gina de GoDaddy. Utilice la pr\u00e1ctica demostraci\u00f3n de Elfsight y genere su complemento exclusivo\" \/>\n<meta property=\"og:url\" content=\"https:\/\/elfsight.com\/es\/restaurant-menu-widget\/godaddy\/\" \/>\n<meta property=\"og:site_name\" content=\"Elfsight ES\" \/>\n<meta property=\"article:modified_time\" content=\"2025-02-06T15:37:04+00:00\" \/>\n<meta name=\"twitter:card\" content=\"summary_large_image\" \/>\n<meta name=\"twitter:label1\" content=\"Tiempo de lectura\" \/>\n\t<meta name=\"twitter:data1\" content=\"4 minutos\" \/>\n<!-- \/ Yoast SEO plugin. -->","yoast_head_json":{"title":"Men\u00fa del restaurante: agregue el complemento Men\u00fa del restaurante al sitio web de GoDaddy.","description":"Inserta un complemento de men\u00fa de restaurante responsivo en tu p\u00e1gina de GoDaddy. Utilice la pr\u00e1ctica demostraci\u00f3n de Elfsight y genere su complemento exclusivo","robots":{"index":"index","follow":"follow","max-snippet":"max-snippet:-1","max-image-preview":"max-image-preview:large","max-video-preview":"max-video-preview:-1"},"canonical":"https:\/\/elfsight.com\/es\/restaurant-menu-widget\/godaddy\/","og_locale":"es_ES","og_type":"article","og_title":"Men\u00fa del restaurante: agregue el complemento Men\u00fa del restaurante al sitio web de GoDaddy.","og_description":"Inserta un complemento de men\u00fa de restaurante responsivo en tu p\u00e1gina de GoDaddy. Utilice la pr\u00e1ctica demostraci\u00f3n de Elfsight y genere su complemento exclusivo","og_url":"https:\/\/elfsight.com\/es\/restaurant-menu-widget\/godaddy\/","og_site_name":"Elfsight ES","article_modified_time":"2025-02-06T15:37:04+00:00","twitter_card":"summary_large_image","twitter_misc":{"Tiempo de lectura":"4 minutos"},"schema":{"@context":"https:\/\/schema.org","@graph":[{"@type":"WebPage","@id":"https:\/\/elfsight.com\/es\/restaurant-menu-widget\/godaddy\/","url":"https:\/\/elfsight.com\/es\/restaurant-menu-widget\/godaddy\/","name":"Men\u00fa del restaurante: agregue el complemento Men\u00fa del restaurante al sitio web de GoDaddy.","isPartOf":{"@id":"https:\/\/elfsight.com\/es\/#website"},"datePublished":"1970-01-01T00:00:00+00:00","dateModified":"2025-02-06T15:37:04+00:00","description":"Inserta un complemento de men\u00fa de restaurante responsivo en tu p\u00e1gina de GoDaddy. Utilice la pr\u00e1ctica demostraci\u00f3n de Elfsight y genere su complemento exclusivo","breadcrumb":{"@id":"https:\/\/elfsight.com\/es\/restaurant-menu-widget\/godaddy\/#breadcrumb"},"inLanguage":"es","potentialAction":[{"@type":"ReadAction","target":["https:\/\/elfsight.com\/es\/restaurant-menu-widget\/godaddy\/"]}]},{"@type":"BreadcrumbList","@id":"https:\/\/elfsight.com\/es\/restaurant-menu-widget\/godaddy\/#breadcrumb","itemListElement":[{"@type":"ListItem","position":1,"name":"Home","item":"https:\/\/elfsight.com\/es\/"},{"@type":"ListItem","position":2,"name":"Restaurant Menu","item":"https:\/\/elfsight.com\/es\/restaurant-menu-widget\/"},{"@type":"ListItem","position":3,"name":"Restaurant Menu &#8211; GoDaddy"}]},{"@type":"WebSite","@id":"https:\/\/elfsight.com\/es\/#website","url":"https:\/\/elfsight.com\/es\/","name":"Elfsight ES","description":"Just another Elfsight Sites site","potentialAction":[{"@type":"SearchAction","target":{"@type":"EntryPoint","urlTemplate":"https:\/\/elfsight.com\/es\/?s={search_term_string}"},"query-input":{"@type":"PropertyValueSpecification","valueRequired":true,"valueName":"search_term_string"}}],"inLanguage":"es"}]}},"meta_box":{"industry":"","seo_heading":"","heading":"","description":"","cta_heading":"","cta_description":"","application":"585","h1":"Complemento de men\u00fa de restaurante GoDaddy","h1_caption":"Muestre el men\u00fa de su restaurante en un formato visualmente atractivo, f\u00e1cil de actualizar y f\u00e1cil de usar en su sitio web de GoDaddy sin esfuerzo.","application_category":[],"applications_title":"","applications_request_title":"","applications_request_button_text":"","hero_text":"","hero_video":"","hero_video_schema_markup":"","selling_points_title":"","selling_points_caption":"","selling_points":[],"selling_points_cta_text":"","features_title":"","features":"","ed_cta_examples_text":"","ed_cta_examples_hidden":"","ed_cta_demo_text":"","ed_cta_demo_hidden":"","why_caption":"","why_editor_title":"","why_editor_text":"","why_team_title":"","why_team_text":"","why_service_title":"","why_service_text":"","template_catalog_visible":"","template_catalog_title":"","template_catalog_text":"","template_catalog_categories_visible":"","demo_title":"Crea el complemento de men\u00fa de tu restaurante","demo_caption":"\u00a1Configura el men\u00fa de tu restaurante y agr\u00e9galo a tu sitio web de GoDaddy gratis!","default_faq_hidden":"","app_template_category":[],"platform":"2183","template_public_id":"","codecanyon_url":"","codecanyon_item_id":"","codecanyon_price":"","pricing_caption":"","pricing_elfsight_apps_hide_column":"","pricing_elfsight_apps_url":"","pricing_codecanyon_price_caption":"","integration_category":[],"integration_request_title":"","integration_request_cta":"","integration_platform":"","integrations":[],"platform_category":[],"video_schema_markup":"","price":"desde $0 \/ mes","trial":"","benefits":[{"text":"Asistencia de instalaci\u00f3n gratuita"},{"text":"Servicio al cliente eficaz"},{"text":"Garant\u00eda de reembolso de 14 d\u00edas"},{"text":"Desarrollo continuo"}],"button_url":"#demo","button_target_blank":"","button_nofollow":"","attributes":[{"name":"Instalaciones","content":"10,000 - 100,000"},{"name":"Sensible","content":"S\u00ed"},{"name":"Navegadores compatibles","content":"IE11, Firefox, Safari, Opera, Chrome, Edge"}],"tags":[],"tags_disable_links":"","hide_more_platforms":"","video_object":"","demo_hide_cta":"","demo_hide_cloud_options":"","pricing_title":"","pricing":[{"pricing_icon":"platform","pricing_title":"Elfsight Apps","pricing_title_caption":"Soluci\u00f3n digital multiplataforma que se adapta a cualquier sitio.","pricing_price":"desde $0 \/ mes","pricing_price_caption":"comienza con el plan gratuito","pricing_benefits":[{"text":"Dominios ilimitados"},{"text":"Atenci\u00f3n al cliente dedicada"},{"text":"Ayuda de instalaci\u00f3n gratuita"},{"text":"100% personalizable"}],"pricing_button_text":"A\u00f1adir al sitio web","pricing_button_url":"#demo"}],"related_apps_title":"","related_apps_hidden":"","author":"","image":[],"title":"","job":"","social_networks":[]},"_links":{"self":[{"href":"https:\/\/elfsight.com\/es\/wp-json\/wp\/v2\/pages\/8477","targetHints":{"allow":["GET"]}}],"collection":[{"href":"https:\/\/elfsight.com\/es\/wp-json\/wp\/v2\/pages"}],"about":[{"href":"https:\/\/elfsight.com\/es\/wp-json\/wp\/v2\/types\/page"}],"author":[{"embeddable":true,"href":"https:\/\/elfsight.com\/es\/wp-json\/wp\/v2\/users\/9"}],"replies":[{"embeddable":true,"href":"https:\/\/elfsight.com\/es\/wp-json\/wp\/v2\/comments?post=8477"}],"version-history":[{"count":2,"href":"https:\/\/elfsight.com\/es\/wp-json\/wp\/v2\/pages\/8477\/revisions"}],"predecessor-version":[{"id":18525,"href":"https:\/\/elfsight.com\/es\/wp-json\/wp\/v2\/pages\/8477\/revisions\/18525"}],"up":[{"embeddable":true,"href":"https:\/\/elfsight.com\/es\/wp-json\/wp\/v2\/pages\/586"}],"wp:attachment":[{"href":"https:\/\/elfsight.com\/es\/wp-json\/wp\/v2\/media?parent=8477"}],"curies":[{"name":"wp","href":"https:\/\/api.w.org\/{rel}","templated":true}]}}